{"id":51275,"date":"2021-11-02T15:29:28","date_gmt":"2021-11-02T15:29:28","guid":{"rendered":"https:\/\/business.roovi.com\/joc-educativ-montessori-sa-invatam-formele-geometrice\/p\/"},"modified":"2022-07-13T10:11:23","modified_gmt":"2022-07-13T10:11:23","slug":"jeu-dapprentissage-des-formes-geometriques-jeu-educatif-montessori","status":"publish","type":"product","link":"https:\/\/business.roovi.com\/fr\/jeu-dapprentissage-des-formes-geometriques-jeu-educatif-montessori\/p\/","title":{"rendered":"Jeu d&rsquo;apprentissage des formes g\u00e9om\u00e9triques &#8211; Jeu \u00e9ducatif Montessori"},"content":{"rendered":"<p><span style=\"font-weight: 400;\">Tu veux donner \u00e0 ton petit une merveilleuse exp\u00e9rience d&rsquo;apprentissage par le jeu ? D\u00e9couvre la gamme de jeux \u00e9ducatifs Montessori qui rendent l&rsquo;\u00e9ducation accessible et conviviale. Ton enfant apprendra les lettres, les chiffres, les formes g\u00e9om\u00e9triques et de nombreux autres concepts de base de mani\u00e8re intuitive et sans effort <\/span><\/p>\n<p><span style=\"font-weight: 400;\">Le jeu \u00e9ducatif Montessori &#8211; Apprenons les formes g\u00e9om\u00e9triques contient de nombreuses formes g\u00e9om\u00e9triques aux couleurs vives et accrocheuses qui stimuleront l&rsquo;imagination de ton petit <\/span><span style=\"font-weight: 400;\">Le principe Montessori utilise les couleurs et les formes pour une \u00e9ducation intuitive qui aide ton enfant \u00e0 trouver les bonnes solutions. Ainsi, m\u00eame si ton petit ne conna\u00eet pas encore les formes g\u00e9om\u00e9triques, il les apprendra facilement en associant les pi\u00e8ces magn\u00e9tiques aux formes des cartes <\/span><\/p>\n<p><strong>Que contient le jeu \u00e9ducatif Montessori &#8211; Apprendre les formes g\u00e9om\u00e9triques ?<\/strong><\/p>\n<p><strong>1 tableau d&rsquo;\u00e9criture<\/strong><span style=\"font-weight: 400;\"> &#8211; sur laquelle l&rsquo;enfant placera les cartes \u00e0 jouer, soutenues par les formes g\u00e9om\u00e9triques du jeu.<\/span><\/p>\n<p><strong>1 marqueur<\/strong><span style=\"font-weight: 400;\"> pour dessiner des formes g\u00e9om\u00e9triques ou tout ce que l&rsquo;imagination de l&rsquo;enfant lui dicte.<\/span><\/p>\n<p><strong>1 set avec de nombreuses formes g\u00e9om\u00e9triques magn\u00e9tiques<\/strong><span style=\"font-weight: 400;\"> de diff\u00e9rentes formes et couleurs avec lesquelles tu peux construire d&rsquo;autres formes ou marquer celles qui sont sur les cartes.<\/span><\/p>\n<p><strong>32 cartes \u00e0 jouer <\/strong><span style=\"font-weight: 400;\">contenant des images compos\u00e9es des formes g\u00e9om\u00e9triques de l&rsquo;ensemble qu&rsquo;il peut reconstruire \u00e0 partir de celles-ci.<\/span><\/p>\n<p><span style=\"font-weight: 400;\">Certaines images sur les cartes \u00e0 jouer sont compos\u00e9es de plusieurs pi\u00e8ces. L&rsquo;enfant doit donc trouver les pi\u00e8ces du jeu de formes magn\u00e9tiques qui composent l&rsquo;image sur les cartes. Les images et les formes sur les cartes \u00e0 jouer ont la m\u00eame couleur et la m\u00eame forme que les pi\u00e8ces magn\u00e9tiques du set. L&rsquo;enfant doit juste les d\u00e9couvrir et les associer. Ce jeu \u00e9ducatif convient \u00e0 un seul enfant ou peut \u00eatre utilis\u00e9 comme un jeu de soci\u00e9t\u00e9 pour 2-4 joueurs.<\/span><\/p>\n<p><strong>Ce que tu ne savais peut-\u00eatre pas sur Maria Montessori&#8230;<\/strong><\/p>\n<p><span style=\"font-weight: 400;\">Elle a travaill\u00e9 avec des enfants de divers milieux sociaux et de nombreuses cultures et a conclu que les lois du d\u00e9veloppement humain s&rsquo;appliquent partout.<\/span><\/p>\n<p><span style=\"font-weight: 400;\">Elle a \u00e9t\u00e9 nomm\u00e9e trois fois pour le Prix Nobel et a re\u00e7u plusieurs prix et d\u00e9corations de son vivant pour son travail p\u00e9dagogique.<\/span><\/p>\n<p><span style=\"font-weight: 400;\">Le principe qui porte son nom peut \u00eatre appliqu\u00e9 jusqu&rsquo;\u00e0 l&rsquo;\u00e2ge de 24 ans et donne aux enfants la libert\u00e9 de s&rsquo;\u00e9duquer et de se d\u00e9velopper \u00e0 leur propre rythme.<\/span><\/p>\n<p><span style=\"font-weight: 400;\">Pendant la Seconde Guerre mondiale, les \u00e9coles Montessori ont \u00e9t\u00e9 interdites, Maria Montessori a \u00e9t\u00e9 plac\u00e9e en r\u00e9sidence surveill\u00e9e et son fils Mario a \u00e9t\u00e9 arr\u00eat\u00e9.<\/span><\/p>\n<p><span style=\"font-weight: 400;\">Quelques personnalit\u00e9s c\u00e9l\u00e8bres \u00e9duqu\u00e9es par Montessori : Bill Gates &#8211; fondateur de Microsoft, <\/span><span style=\"font-weight: 400;\">Jeff Bezos &#8211; fondateur d&rsquo;Amazon, les princes William et Harry, Steve Jobs &#8211; fondateur d&rsquo;Apple, les acteurs Michael Douglas et Hugh Grant, Jacqueline Bouvier Kennedy Onassis &#8211; ancienne premi\u00e8re dame des \u00c9tats-Unis, l&rsquo;\u00e9crivain Gabriel Garcia Marquez, et la liste est longue.<\/span><\/p>\n<p><strong>Les jeux \u00e9ducatifs apprennent aux enfants \u00e0 respecter les r\u00e8gles du jeu<\/strong><\/p>\n<p><span style=\"font-weight: 400;\">Gr\u00e2ce \u00e0 des jeux \u00e9ducatifs, les enfants apprennent \u00e0 contr\u00f4ler leurs impulsions et \u00e0 r\u00e9fl\u00e9chir aux d\u00e9cisions qu&rsquo;ils prennent. Cela se traduit par de meilleures performances dans les t\u00e2ches \u00e9ducatives qui n\u00e9cessitent de la concentration et de la ma\u00eetrise de soi <\/span><\/p>\n<p><strong>Les jeux \u00e9ducatifs aident les enfants \u00e0 comprendre la valeur du respect<\/strong><\/p>\n<p><span style=\"font-weight: 400;\">En particulier lorsqu&rsquo;ils jouent avec d&rsquo;autres enfants, les jeunes apprennent gr\u00e2ce aux jeux \u00e9ducatifs \u00e0 respecter les autres ainsi qu&rsquo;eux-m\u00eames. Pratiquer les bonnes mani\u00e8res en laissant les autres jouer, en jouant \u00e0 tour de r\u00f4le, en exprimant son opinion sans interrompre les autres lorsqu&rsquo;ils parlent sont de petites choses, mais elles apprennent aux enfants \u00e0 se comporter gentiment dans n&rsquo;importe quelle situation et \u00e0 avoir une attitude respectueuse en soci\u00e9t\u00e9.<\/span><\/p>\n<p><span style=\"font-weight: 400;\">Donne \u00e0 ton enfant l&rsquo;occasion d&rsquo;apprendre les formes g\u00e9om\u00e9triques de mani\u00e8re cr\u00e9ative et intuitive avec le jeu Montessori &#8211;<\/span> <span style=\"font-weight: 400;\">Apprenons les formes g\u00e9om\u00e9triques ! Ach\u00e8te maintenant pour ton petit ce merveilleux jeu \u00e9ducatif <\/span><\/p>\n<p><span style=\"font-weight: 400;\">Jeu Montessori &#8211;<\/span> <span style=\"font-weight: 400;\">Let&rsquo;s Learn Geometric Shapes est \u00e9galement id\u00e9al comme cadeau pour les petits cr\u00e9atifs lors de diverses occasions festives.<\/span><\/p><\/p>\n","protected":false},"excerpt":{"rendered":"<p>Tu veux donner \u00e0 ton petit une merveilleuse exp\u00e9rience d&rsquo;apprentissage par le jeu ? D\u00e9couvre la gamme de jeux \u00e9ducatifs<\/p>\n","protected":false},"featured_media":51276,"template":"","meta":[],"product_brand":[],"product_cat":[2328],"product_tag":[],"class_list":{"0":"post-51275","1":"product","2":"type-product","3":"status-publish","4":"has-post-thumbnail","6":"product_cat-jeux-educatifs-et-scientifiques","7":"pa_bax-10-fr","8":"pa_brand-d_toys-fr","9":"pa_country_of_manufacture-ro-fr","10":"pa_filter_age-5_7-fr","11":"pa_tip_ambalaj-boite","13":"first","14":"instock","15":"taxable","16":"shipping-taxable","17":"product-type-simple"},"yoast_head":"<!-- This site is optimized with the Yoast SEO plugin v20.1 - https:\/\/yoast.com\/wordpress\/plugins\/seo\/ -->\n<title>Jeu d&#039;apprentissage des formes g\u00e9om\u00e9triques - Jeu \u00e9ducatif Montessori<\/title>\n<meta name=\"description\" content=\"Jeu d&#039;apprentissage des formes g\u00e9om\u00e9triques - Jeu \u00e9ducatif Montessori\" \/>\n<meta name=\"robots\" content=\"index, follow, max-snippet:-1, max-image-preview:large, max-video-preview:-1\" \/>\n<link rel=\"canonical\" href=\"https:\/\/business.roovi.com\/fr\/jeu-dapprentissage-des-formes-geometriques-jeu-educatif-montessori\/p\/\" \/>\n<meta property=\"og:locale\" content=\"fr_FR\" \/>\n<meta property=\"og:type\" content=\"article\" \/>\n<meta property=\"og:title\" content=\"Jeu d&#039;apprentissage des formes g\u00e9om\u00e9triques - Jeu \u00e9ducatif Montessori\" \/>\n<meta property=\"og:description\" content=\"Jeu d&#039;apprentissage des formes g\u00e9om\u00e9triques - Jeu \u00e9ducatif Montessori\" \/>\n<meta property=\"og:url\" content=\"https:\/\/business.roovi.com\/fr\/jeu-dapprentissage-des-formes-geometriques-jeu-educatif-montessori\/p\/\" \/>\n<meta property=\"og:site_name\" content=\"Roovi B2B\" \/>\n<meta property=\"article:publisher\" content=\"https:\/\/www.facebook.com\/wwwjucariero\" \/>\n<meta property=\"article:modified_time\" content=\"2022-07-13T10:11:23+00:00\" \/>\n<meta property=\"og:image\" content=\"https:\/\/business.roovi.com\/wp-content\/uploads\/2021\/11\/montessori_magnetic_forme_geometrice.png\" \/>\n\t<meta property=\"og:image:width\" content=\"1200\" \/>\n\t<meta property=\"og:image:height\" content=\"1200\" \/>\n\t<meta property=\"og:image:type\" content=\"image\/png\" \/>\n<meta name=\"twitter:label1\" content=\"Dur\u00e9e de lecture estim\u00e9e\" \/>\n\t<meta name=\"twitter:data1\" content=\"4 minutes\" \/>\n<script type=\"application\/ld+json\" class=\"yoast-schema-graph\">{\"@context\":\"https:\/\/schema.org\",\"@graph\":[{\"@type\":\"WebPage\",\"@id\":\"https:\/\/business.roovi.com\/fr\/jeu-dapprentissage-des-formes-geometriques-jeu-educatif-montessori\/p\/\",\"url\":\"https:\/\/business.roovi.com\/fr\/jeu-dapprentissage-des-formes-geometriques-jeu-educatif-montessori\/p\/\",\"name\":\"Jeu d'apprentissage des formes g\u00e9om\u00e9triques - Jeu \u00e9ducatif Montessori\",\"isPartOf\":{\"@id\":\"https:\/\/business.roovi.com\/fr\/#website\"},\"datePublished\":\"2021-11-02T15:29:28+00:00\",\"dateModified\":\"2022-07-13T10:11:23+00:00\",\"description\":\"Jeu d'apprentissage des formes g\u00e9om\u00e9triques - Jeu \u00e9ducatif Montessori\",\"breadcrumb\":{\"@id\":\"https:\/\/business.roovi.com\/fr\/jeu-dapprentissage-des-formes-geometriques-jeu-educatif-montessori\/p\/#breadcrumb\"},\"inLanguage\":\"fr-FR\",\"potentialAction\":[{\"@type\":\"ReadAction\",\"target\":[\"https:\/\/business.roovi.com\/fr\/jeu-dapprentissage-des-formes-geometriques-jeu-educatif-montessori\/p\/\"]}]},{\"@type\":\"BreadcrumbList\",\"@id\":\"https:\/\/business.roovi.com\/fr\/jeu-dapprentissage-des-formes-geometriques-jeu-educatif-montessori\/p\/#breadcrumb\",\"itemListElement\":[{\"@type\":\"ListItem\",\"position\":1,\"name\":\"Home\",\"item\":\"https:\/\/business.roovi.com\/fr\/\"},{\"@type\":\"ListItem\",\"position\":2,\"name\":\"Boutique\",\"item\":\"https:\/\/business.roovi.com\/fr\/boutique\/\"},{\"@type\":\"ListItem\",\"position\":3,\"name\":\"Jeu d&#8217;apprentissage des formes g\u00e9om\u00e9triques &#8211; Jeu \u00e9ducatif Montessori\"}]},{\"@type\":\"WebSite\",\"@id\":\"https:\/\/business.roovi.com\/fr\/#website\",\"url\":\"https:\/\/business.roovi.com\/fr\/\",\"name\":\"Roovi B2B\",\"description\":\"Roovi Business Website\",\"potentialAction\":[{\"@type\":\"SearchAction\",\"target\":{\"@type\":\"EntryPoint\",\"urlTemplate\":\"https:\/\/business.roovi.com\/fr\/?s={search_term_string}\"},\"query-input\":\"required name=search_term_string\"}],\"inLanguage\":\"fr-FR\"}]}<\/script>\n<!-- \/ Yoast SEO plugin. -->","yoast_head_json":{"title":"Jeu d'apprentissage des formes g\u00e9om\u00e9triques - Jeu \u00e9ducatif Montessori","description":"Jeu d'apprentissage des formes g\u00e9om\u00e9triques - Jeu \u00e9ducatif Montessori","robots":{"index":"index","follow":"follow","max-snippet":"max-snippet:-1","max-image-preview":"max-image-preview:large","max-video-preview":"max-video-preview:-1"},"canonical":"https:\/\/business.roovi.com\/fr\/jeu-dapprentissage-des-formes-geometriques-jeu-educatif-montessori\/p\/","og_locale":"fr_FR","og_type":"article","og_title":"Jeu d'apprentissage des formes g\u00e9om\u00e9triques - Jeu \u00e9ducatif Montessori","og_description":"Jeu d'apprentissage des formes g\u00e9om\u00e9triques - Jeu \u00e9ducatif Montessori","og_url":"https:\/\/business.roovi.com\/fr\/jeu-dapprentissage-des-formes-geometriques-jeu-educatif-montessori\/p\/","og_site_name":"Roovi B2B","article_publisher":"https:\/\/www.facebook.com\/wwwjucariero","article_modified_time":"2022-07-13T10:11:23+00:00","og_image":[{"width":1200,"height":1200,"url":"https:\/\/business.roovi.com\/wp-content\/uploads\/2021\/11\/montessori_magnetic_forme_geometrice.png","type":"image\/png"}],"twitter_misc":{"Dur\u00e9e de lecture estim\u00e9e":"4 minutes"},"schema":{"@context":"https:\/\/schema.org","@graph":[{"@type":"WebPage","@id":"https:\/\/business.roovi.com\/fr\/jeu-dapprentissage-des-formes-geometriques-jeu-educatif-montessori\/p\/","url":"https:\/\/business.roovi.com\/fr\/jeu-dapprentissage-des-formes-geometriques-jeu-educatif-montessori\/p\/","name":"Jeu d'apprentissage des formes g\u00e9om\u00e9triques - Jeu \u00e9ducatif Montessori","isPartOf":{"@id":"https:\/\/business.roovi.com\/fr\/#website"},"datePublished":"2021-11-02T15:29:28+00:00","dateModified":"2022-07-13T10:11:23+00:00","description":"Jeu d'apprentissage des formes g\u00e9om\u00e9triques - Jeu \u00e9ducatif Montessori","breadcrumb":{"@id":"https:\/\/business.roovi.com\/fr\/jeu-dapprentissage-des-formes-geometriques-jeu-educatif-montessori\/p\/#breadcrumb"},"inLanguage":"fr-FR","potentialAction":[{"@type":"ReadAction","target":["https:\/\/business.roovi.com\/fr\/jeu-dapprentissage-des-formes-geometriques-jeu-educatif-montessori\/p\/"]}]},{"@type":"BreadcrumbList","@id":"https:\/\/business.roovi.com\/fr\/jeu-dapprentissage-des-formes-geometriques-jeu-educatif-montessori\/p\/#breadcrumb","itemListElement":[{"@type":"ListItem","position":1,"name":"Home","item":"https:\/\/business.roovi.com\/fr\/"},{"@type":"ListItem","position":2,"name":"Boutique","item":"https:\/\/business.roovi.com\/fr\/boutique\/"},{"@type":"ListItem","position":3,"name":"Jeu d&#8217;apprentissage des formes g\u00e9om\u00e9triques &#8211; Jeu \u00e9ducatif Montessori"}]},{"@type":"WebSite","@id":"https:\/\/business.roovi.com\/fr\/#website","url":"https:\/\/business.roovi.com\/fr\/","name":"Roovi B2B","description":"Roovi Business Website","potentialAction":[{"@type":"SearchAction","target":{"@type":"EntryPoint","urlTemplate":"https:\/\/business.roovi.com\/fr\/?s={search_term_string}"},"query-input":"required name=search_term_string"}],"inLanguage":"fr-FR"}]}},"_links":{"self":[{"href":"https:\/\/business.roovi.com\/fr\/wp-json\/wp\/v2\/product\/51275","targetHints":{"allow":["GET"]}}],"collection":[{"href":"https:\/\/business.roovi.com\/fr\/wp-json\/wp\/v2\/product"}],"about":[{"href":"https:\/\/business.roovi.com\/fr\/wp-json\/wp\/v2\/types\/product"}],"version-history":[{"count":0,"href":"https:\/\/business.roovi.com\/fr\/wp-json\/wp\/v2\/product\/51275\/revisions"}],"wp:featuredmedia":[{"embeddable":true,"href":"https:\/\/business.roovi.com\/fr\/wp-json\/wp\/v2\/media\/51276"}],"wp:attachment":[{"href":"https:\/\/business.roovi.com\/fr\/wp-json\/wp\/v2\/media?parent=51275"}],"wp:term":[{"taxonomy":"product_brand","embeddable":true,"href":"https:\/\/business.roovi.com\/fr\/wp-json\/wp\/v2\/product_brand?post=51275"},{"taxonomy":"product_cat","embeddable":true,"href":"https:\/\/business.roovi.com\/fr\/wp-json\/wp\/v2\/product_cat?post=51275"},{"taxonomy":"product_tag","embeddable":true,"href":"https:\/\/business.roovi.com\/fr\/wp-json\/wp\/v2\/product_tag?post=51275"}],"curies":[{"name":"wp","href":"https:\/\/api.w.org\/{rel}","templated":true}]}}