{"id":51280,"date":"2021-11-02T15:21:14","date_gmt":"2021-11-02T15:21:14","guid":{"rendered":"https:\/\/business.roovi.com\/joc-educativ-montessori-sa-invatam-numerele-si-operatiile-de-baza\/p\/"},"modified":"2022-07-13T10:11:27","modified_gmt":"2022-07-13T10:11:27","slug":"jeu-educatif-montessori-apprendre-les-chiffres-et-les-operations-de-base","status":"publish","type":"product","link":"https:\/\/business.roovi.com\/fr\/jeu-educatif-montessori-apprendre-les-chiffres-et-les-operations-de-base\/p\/","title":{"rendered":"Jeu \u00e9ducatif Montessori &#8211; Apprendre les chiffres et les op\u00e9rations de base"},"content":{"rendered":"<p><span style=\"font-weight: 400;\">Tu veux que ton petit soit capable de lire, de compter et de calculer sans ressentir la pression de l&rsquo;\u00e9ducation ? Notre gamme de jeux \u00e9ducatifs d&rsquo;inspiration Montessori aide ton enfant \u00e0 apprendre les bases par le jeu. Les jeux \u00e9ducatifs Montessori d\u00e9veloppent \u00e9galement la patience, l&rsquo;attention, la pens\u00e9e strat\u00e9gique et bien d&rsquo;autres comp\u00e9tences de ton petit <\/span><\/p>\n<p><span style=\"font-weight: 400;\">Le jeu \u00e9ducatif Montessori &#8211; Apprenons les nombres et les op\u00e9rations de base aide ton enfant \u00e0 apprendre les op\u00e9rations math\u00e9matiques les plus simples de mani\u00e8re logique et intuitive. Le principe Montessori utilise les formes et les couleurs pour aider les jeunes math\u00e9maticiens \u00e0 trouver les bonnes solutions, m\u00eame s&rsquo;ils ne savent pas comment faire des maths. Les enfants s&rsquo;orientent en fonction de la forme et de la couleur derri\u00e8re chaque op\u00e9ration sur la carte de jeu qui est identique \u00e0 la paire sur le tableau.<\/span><\/p>\n<p><strong>Qu&rsquo;y a-t-il dans le jeu \u00e9ducatif Montessori &#8211; Apprendre les chiffres et les op\u00e9rations de base ?<\/strong><\/p>\n<p><strong>32 cartes \u00e0 jouer<\/strong><span style=\"font-weight: 400;\">avec des op\u00e9rations math\u00e9matiques qui ont une forme color\u00e9e en arri\u00e8re-plan<\/span><\/p>\n<p><strong>1 plateau de jeu<\/strong><span style=\"font-weight: 400;\">avec des chiffres avec des formes color\u00e9es en arri\u00e8re-plan. Les chiffres qui y figurent sont les r\u00e9sultats des op\u00e9rations effectu\u00e9es sur les cartes \u00e0 jouer. D&rsquo;un c\u00f4t\u00e9 se trouvent les r\u00e9sultats de l&rsquo;addition et de la soustraction, et de l&rsquo;autre c\u00f4t\u00e9 les r\u00e9sultats de la multiplication et de la division. Les op\u00e9rations sont simples, les r\u00e9sultats ne d\u00e9passent pas 9 de chaque c\u00f4t\u00e9 du tableau.<\/span><\/p>\n<p><strong>1 r\u00e8gles du jeu<\/strong><span style=\"font-weight: 400;\"> o\u00f9 tu trouveras des instructions et d&rsquo;autres id\u00e9es de jeux.<\/span><\/p>\n<p><span style=\"font-weight: 400;\">Jeu \u00e9ducatif Montessori &#8211; Apprendre les chiffres et les op\u00e9rations de base fait des math\u00e9matiques un jeu simple et amusant ! Tu peux jouer avec ton petit enfant avec des op\u00e9rations math\u00e9matiques ou Qui est le plus rapide et le jeu \u00e9ducatif devient tr\u00e8s amusant ! Les possibilit\u00e9s sont infinies si tu laisses libre cours \u00e0 ton imagination et si tu te laisses guider par l&rsquo;inspiration du moment.<\/span><\/p>\n<p><strong>5 citations c\u00e9l\u00e8bres de Maria Montessori, toujours valables aujourd&rsquo;hui<\/strong><\/p>\n<p><span style=\"font-weight: 400;\">Maria Montessori est connue dans le monde entier pour les m\u00e9thodes \u00e9ducatives centr\u00e9es sur l&rsquo;enfant qu&rsquo;elle a d\u00e9velopp\u00e9es tout au long de sa vie et l\u00e9gu\u00e9es \u00e0 l&rsquo;humanit\u00e9. Voici quelques-unes de ses d\u00e9clarations qui semblent aujourd&rsquo;hui plus pertinentes que jamais :<\/span><\/p>\n<p><span style=\"font-weight: 400;\">\u00ab\u00a0<\/span><span style=\"font-weight: 400;\">Dans l&rsquo;enfant se trouve le destin de l&rsquo;avenir<\/span><span style=\"font-weight: 400;\">\u00ab\u00a0<\/span><span style=\"font-weight: 400;\"><\/span><\/p>\n<p><span style=\"font-weight: 400;\">\u00ab\u00a0<\/span><span style=\"font-weight: 400;\">Nous devons aider l&rsquo;enfant \u00e0 agir seul, \u00e0 vouloir seul, \u00e0 penser seul ; c&rsquo;est l&rsquo;art de ceux qui aspirent \u00e0 servir l&rsquo;esprit<\/span><span style=\"font-weight: 400;\">\u00ab\u00a0<\/span><span style=\"font-weight: 400;\">.<\/span><\/p>\n<p><span style=\"font-weight: 400;\">\u00ab\u00a0<\/span><span style=\"font-weight: 400;\">La seule langue que les gens parlent parfaitement est celle qu&rsquo;ils apprennent dans leur enfance, lorsque personne ne peut leur apprendre quoi que ce soit !<\/span><span style=\"font-weight: 400;\">\u00ab\u00a0<\/span><\/p>\n<p><span style=\"font-weight: 400;\">\u00ab\u00a0<\/span><span style=\"font-weight: 400;\">La premi\u00e8re id\u00e9e qu&rsquo;un enfant doit acqu\u00e9rir concerne la diff\u00e9rence entre le bien et le mal<\/span><span style=\"font-weight: 400;\">\u00ab\u00a0<\/span><span style=\"font-weight: 400;\">.<\/span><\/p>\n<h4><span style=\"font-weight: 400;\">\u00ab\u00a0<\/span><span style=\"font-weight: 400;\">N&rsquo;aide jamais un enfant \u00e0 faire quelque chose qu&rsquo;il pense pouvoir faire lui-m\u00eame<\/span><span style=\"font-weight: 400;\">\u00ab\u00a0<\/span><span style=\"font-weight: 400;\">.<\/span><\/h4>\n<p><strong>Le r\u00f4le des jeux \u00e9ducatifs dans le d\u00e9veloppement des enfants<\/strong><\/p>\n<p><span style=\"font-weight: 400;\">Les jeux \u00e9ducatifs apprennent \u00e0 ton enfant \u00e0 d\u00e9couvrir le monde d&rsquo;une mani\u00e8re engageante et constructive. Le jeu devient donc un facteur \u00e9ducatif et d&rsquo;apprentissage extr\u00eamement important. Voici quelques-uns des avantages des jeux \u00e9ducatifs pour le d\u00e9veloppement de ton enfant :<\/span><\/p>\n<p><span style=\"font-weight: 400;\">D\u00e9veloppe les comp\u00e9tences motrices et la dext\u00e9rit\u00e9.<\/span><\/p>\n<p><span style=\"font-weight: 400;\">Il les aide \u00e0 socialiser avec les autres, leur apprend le concept des r\u00e8gles et comment les suivre.<\/span><\/p>\n<p><span style=\"font-weight: 400;\">Apprends-leur \u00e0 trouver plus rapidement des solutions aux probl\u00e8mes.<\/span><\/p>\n<p><span style=\"font-weight: 400;\">Ils d\u00e9veloppent leurs comp\u00e9tences math\u00e9matiques, leur pens\u00e9e logique et leur esprit critique.<\/span><\/p>\n<p><span style=\"font-weight: 400;\">Il les aide \u00e0 s&rsquo;entra\u00eener et \u00e0 am\u00e9liorer leur m\u00e9moire.<\/span><\/p>\n<p><span style=\"font-weight: 400;\">Ils apprennent la valeur du respect pour eux-m\u00eames, leurs proches et le monde dans lequel ils vivent.<\/span><\/p>\n<p><span style=\"font-weight: 400;\">Acheter maintenant Le jeu \u00e9ducatif <\/span><span style=\"font-weight: 400;\">Montessori &#8211; Apprends les chiffres et les op\u00e9rations de base et aide ton petit \u00e0 profiter de tous les avantages que ce jeu \u00e9ducatif a \u00e0 offrir ! Joue avec lui ou utilise-le comme un jeu de soci\u00e9t\u00e9 pour 2 \u00e0 4 petits math\u00e9maticiens.<\/span><\/p>\n<p><span style=\"font-weight: 400;\">Tu ne sais pas quel cadeau offrir \u00e0 ton petit explorateur ch\u00e9ri ? Le jeu \u00e9ducatif Montessori &#8211; Apprenons les chiffres et les op\u00e9rations de base est le meilleur choix si tu veux qu&rsquo;il occupe son temps de mani\u00e8re \u00e9ducative et constructive.<\/span><\/p><\/p>\n","protected":false},"excerpt":{"rendered":"<p>Tu veux que ton petit soit capable de lire, de compter et de calculer sans ressentir la pression de l&rsquo;\u00e9ducation<\/p>\n","protected":false},"featured_media":51282,"template":"","meta":[],"product_brand":[],"product_cat":[2328],"product_tag":[],"class_list":{"0":"post-51280","1":"product","2":"type-product","3":"status-publish","4":"has-post-thumbnail","6":"product_cat-jeux-educatifs-et-scientifiques","7":"pa_bax-14-fr","8":"pa_brand-deico-fr","9":"pa_country_of_manufacture-ro-fr","10":"pa_filter_age-5_7-fr","11":"pa_tip_ambalaj-boite","13":"first","14":"instock","15":"taxable","16":"shipping-taxable","17":"product-type-simple"},"yoast_head":"<!-- This site is optimized with the Yoast SEO plugin v20.1 - https:\/\/yoast.com\/wordpress\/plugins\/seo\/ -->\n<title>Jeu \u00e9ducatif Montessori - Apprendre les chiffres et les op\u00e9rations de base<\/title>\n<meta name=\"description\" content=\"Jeu \u00e9ducatif Montessori - Apprendre les chiffres et les op\u00e9rations de base\" \/>\n<meta name=\"robots\" content=\"index, follow, max-snippet:-1, max-image-preview:large, max-video-preview:-1\" \/>\n<link rel=\"canonical\" href=\"https:\/\/business.roovi.com\/fr\/jeu-educatif-montessori-apprendre-les-chiffres-et-les-operations-de-base\/p\/\" \/>\n<meta property=\"og:locale\" content=\"fr_FR\" \/>\n<meta property=\"og:type\" content=\"article\" \/>\n<meta property=\"og:title\" content=\"Jeu \u00e9ducatif Montessori - Apprendre les chiffres et les op\u00e9rations de base\" \/>\n<meta property=\"og:description\" content=\"Jeu \u00e9ducatif Montessori - Apprendre les chiffres et les op\u00e9rations de base\" \/>\n<meta property=\"og:url\" content=\"https:\/\/business.roovi.com\/fr\/jeu-educatif-montessori-apprendre-les-chiffres-et-les-operations-de-base\/p\/\" \/>\n<meta property=\"og:site_name\" content=\"Roovi B2B\" \/>\n<meta property=\"article:publisher\" content=\"https:\/\/www.facebook.com\/wwwjucariero\" \/>\n<meta property=\"article:modified_time\" content=\"2022-07-13T10:11:27+00:00\" \/>\n<meta property=\"og:image\" content=\"https:\/\/business.roovi.com\/wp-content\/uploads\/2021\/11\/montessori_deico_games_numerele.png\" \/>\n\t<meta property=\"og:image:width\" content=\"1200\" \/>\n\t<meta property=\"og:image:height\" content=\"1200\" \/>\n\t<meta property=\"og:image:type\" content=\"image\/png\" \/>\n<meta name=\"twitter:label1\" content=\"Dur\u00e9e de lecture estim\u00e9e\" \/>\n\t<meta name=\"twitter:data1\" content=\"4 minutes\" \/>\n<script type=\"application\/ld+json\" class=\"yoast-schema-graph\">{\"@context\":\"https:\/\/schema.org\",\"@graph\":[{\"@type\":\"WebPage\",\"@id\":\"https:\/\/business.roovi.com\/fr\/jeu-educatif-montessori-apprendre-les-chiffres-et-les-operations-de-base\/p\/\",\"url\":\"https:\/\/business.roovi.com\/fr\/jeu-educatif-montessori-apprendre-les-chiffres-et-les-operations-de-base\/p\/\",\"name\":\"Jeu \u00e9ducatif Montessori - Apprendre les chiffres et les op\u00e9rations de base\",\"isPartOf\":{\"@id\":\"https:\/\/business.roovi.com\/fr\/#website\"},\"datePublished\":\"2021-11-02T15:21:14+00:00\",\"dateModified\":\"2022-07-13T10:11:27+00:00\",\"description\":\"Jeu \u00e9ducatif Montessori - Apprendre les chiffres et les op\u00e9rations de base\",\"breadcrumb\":{\"@id\":\"https:\/\/business.roovi.com\/fr\/jeu-educatif-montessori-apprendre-les-chiffres-et-les-operations-de-base\/p\/#breadcrumb\"},\"inLanguage\":\"fr-FR\",\"potentialAction\":[{\"@type\":\"ReadAction\",\"target\":[\"https:\/\/business.roovi.com\/fr\/jeu-educatif-montessori-apprendre-les-chiffres-et-les-operations-de-base\/p\/\"]}]},{\"@type\":\"BreadcrumbList\",\"@id\":\"https:\/\/business.roovi.com\/fr\/jeu-educatif-montessori-apprendre-les-chiffres-et-les-operations-de-base\/p\/#breadcrumb\",\"itemListElement\":[{\"@type\":\"ListItem\",\"position\":1,\"name\":\"Home\",\"item\":\"https:\/\/business.roovi.com\/fr\/\"},{\"@type\":\"ListItem\",\"position\":2,\"name\":\"Boutique\",\"item\":\"https:\/\/business.roovi.com\/fr\/boutique\/\"},{\"@type\":\"ListItem\",\"position\":3,\"name\":\"Jeu \u00e9ducatif Montessori &#8211; Apprendre les chiffres et les op\u00e9rations de base\"}]},{\"@type\":\"WebSite\",\"@id\":\"https:\/\/business.roovi.com\/fr\/#website\",\"url\":\"https:\/\/business.roovi.com\/fr\/\",\"name\":\"Roovi B2B\",\"description\":\"Roovi Business Website\",\"potentialAction\":[{\"@type\":\"SearchAction\",\"target\":{\"@type\":\"EntryPoint\",\"urlTemplate\":\"https:\/\/business.roovi.com\/fr\/?s={search_term_string}\"},\"query-input\":\"required name=search_term_string\"}],\"inLanguage\":\"fr-FR\"}]}<\/script>\n<!-- \/ Yoast SEO plugin. -->","yoast_head_json":{"title":"Jeu \u00e9ducatif Montessori - Apprendre les chiffres et les op\u00e9rations de base","description":"Jeu \u00e9ducatif Montessori - Apprendre les chiffres et les op\u00e9rations de base","robots":{"index":"index","follow":"follow","max-snippet":"max-snippet:-1","max-image-preview":"max-image-preview:large","max-video-preview":"max-video-preview:-1"},"canonical":"https:\/\/business.roovi.com\/fr\/jeu-educatif-montessori-apprendre-les-chiffres-et-les-operations-de-base\/p\/","og_locale":"fr_FR","og_type":"article","og_title":"Jeu \u00e9ducatif Montessori - Apprendre les chiffres et les op\u00e9rations de base","og_description":"Jeu \u00e9ducatif Montessori - Apprendre les chiffres et les op\u00e9rations de base","og_url":"https:\/\/business.roovi.com\/fr\/jeu-educatif-montessori-apprendre-les-chiffres-et-les-operations-de-base\/p\/","og_site_name":"Roovi B2B","article_publisher":"https:\/\/www.facebook.com\/wwwjucariero","article_modified_time":"2022-07-13T10:11:27+00:00","og_image":[{"width":1200,"height":1200,"url":"https:\/\/business.roovi.com\/wp-content\/uploads\/2021\/11\/montessori_deico_games_numerele.png","type":"image\/png"}],"twitter_misc":{"Dur\u00e9e de lecture estim\u00e9e":"4 minutes"},"schema":{"@context":"https:\/\/schema.org","@graph":[{"@type":"WebPage","@id":"https:\/\/business.roovi.com\/fr\/jeu-educatif-montessori-apprendre-les-chiffres-et-les-operations-de-base\/p\/","url":"https:\/\/business.roovi.com\/fr\/jeu-educatif-montessori-apprendre-les-chiffres-et-les-operations-de-base\/p\/","name":"Jeu \u00e9ducatif Montessori - Apprendre les chiffres et les op\u00e9rations de base","isPartOf":{"@id":"https:\/\/business.roovi.com\/fr\/#website"},"datePublished":"2021-11-02T15:21:14+00:00","dateModified":"2022-07-13T10:11:27+00:00","description":"Jeu \u00e9ducatif Montessori - Apprendre les chiffres et les op\u00e9rations de base","breadcrumb":{"@id":"https:\/\/business.roovi.com\/fr\/jeu-educatif-montessori-apprendre-les-chiffres-et-les-operations-de-base\/p\/#breadcrumb"},"inLanguage":"fr-FR","potentialAction":[{"@type":"ReadAction","target":["https:\/\/business.roovi.com\/fr\/jeu-educatif-montessori-apprendre-les-chiffres-et-les-operations-de-base\/p\/"]}]},{"@type":"BreadcrumbList","@id":"https:\/\/business.roovi.com\/fr\/jeu-educatif-montessori-apprendre-les-chiffres-et-les-operations-de-base\/p\/#breadcrumb","itemListElement":[{"@type":"ListItem","position":1,"name":"Home","item":"https:\/\/business.roovi.com\/fr\/"},{"@type":"ListItem","position":2,"name":"Boutique","item":"https:\/\/business.roovi.com\/fr\/boutique\/"},{"@type":"ListItem","position":3,"name":"Jeu \u00e9ducatif Montessori &#8211; Apprendre les chiffres et les op\u00e9rations de base"}]},{"@type":"WebSite","@id":"https:\/\/business.roovi.com\/fr\/#website","url":"https:\/\/business.roovi.com\/fr\/","name":"Roovi B2B","description":"Roovi Business Website","potentialAction":[{"@type":"SearchAction","target":{"@type":"EntryPoint","urlTemplate":"https:\/\/business.roovi.com\/fr\/?s={search_term_string}"},"query-input":"required name=search_term_string"}],"inLanguage":"fr-FR"}]}},"_links":{"self":[{"href":"https:\/\/business.roovi.com\/fr\/wp-json\/wp\/v2\/product\/51280","targetHints":{"allow":["GET"]}}],"collection":[{"href":"https:\/\/business.roovi.com\/fr\/wp-json\/wp\/v2\/product"}],"about":[{"href":"https:\/\/business.roovi.com\/fr\/wp-json\/wp\/v2\/types\/product"}],"version-history":[{"count":0,"href":"https:\/\/business.roovi.com\/fr\/wp-json\/wp\/v2\/product\/51280\/revisions"}],"wp:featuredmedia":[{"embeddable":true,"href":"https:\/\/business.roovi.com\/fr\/wp-json\/wp\/v2\/media\/51282"}],"wp:attachment":[{"href":"https:\/\/business.roovi.com\/fr\/wp-json\/wp\/v2\/media?parent=51280"}],"wp:term":[{"taxonomy":"product_brand","embeddable":true,"href":"https:\/\/business.roovi.com\/fr\/wp-json\/wp\/v2\/product_brand?post=51280"},{"taxonomy":"product_cat","embeddable":true,"href":"https:\/\/business.roovi.com\/fr\/wp-json\/wp\/v2\/product_cat?post=51280"},{"taxonomy":"product_tag","embeddable":true,"href":"https:\/\/business.roovi.com\/fr\/wp-json\/wp\/v2\/product_tag?post=51280"}],"curies":[{"name":"wp","href":"https:\/\/api.w.org\/{rel}","templated":true}]}}