{"id":51291,"date":"2021-11-02T14:56:41","date_gmt":"2021-11-02T14:56:41","guid":{"rendered":"https:\/\/business.roovi.com\/puzzle-copii-costume-populare-240-piese\/p\/"},"modified":"2023-03-01T10:59:22","modified_gmt":"2023-03-01T10:59:22","slug":"puzzle-roumanie-costumes-folkloriques-puzzle-pour-enfants-240-pieces","status":"publish","type":"product","link":"https:\/\/business.roovi.com\/fr\/puzzle-roumanie-costumes-folkloriques-puzzle-pour-enfants-240-pieces\/p\/","title":{"rendered":"Puzzle Roumanie Costumes folkloriques &#8211; Puzzle culturel 240 pi\u00e8ces"},"content":{"rendered":"<p><span style=\"font-weight: 400;\">Tu cherches une activit\u00e9 amusante et int\u00e9ressante pour faire d\u00e9crocher ton enfant de son smartphone ? Offre-lui le puzzle de 240 pi\u00e8ces Costumes folkloriques de Roumanie et aide-le \u00e0 recr\u00e9er plus qu&rsquo;une simple carte g\u00e9ographique : une carte interactive avec de dr\u00f4les de personnages folkloriques habill\u00e9s de costumes traditionnels sp\u00e9cifiques aux zones ethnographiques du pays.<\/span><\/p>\n<p><span style=\"font-weight: 400;\">Savais-tu que dans la r\u00e9gion d&rsquo;Oasis, la tradition selon laquelle les mari\u00e9s portent des costumes folkloriques le jour de leur mariage est encore pr\u00e9serv\u00e9e ? Et ce n&rsquo;est pas tout. Le costume de la mari\u00e9e p\u00e8se plus de 10 kg. C&rsquo;est une robe \u00e9labor\u00e9e, avec beaucoup de broderies et de perles, faite \u00e0 la main et plus ch\u00e8re qu&rsquo;une robe de mari\u00e9e classique : elle co\u00fbte entre 1000 et 10000 euros. Offre \u00e0 ton enfant un puzzle 240 Romania Popular Costume pour qu&rsquo;il reste connect\u00e9 \u00e0 un grand jeu de puzzle et aux histoires qu&rsquo;il raconte <\/span><\/p>\n<p><span style=\"font-weight: 400;\">Le puzzle de 240 pi\u00e8ces Romania Folk Costumes capture dans un graphisme exceptionnel les costumes folkloriques des zones ethnographiques les plus repr\u00e9sentatives du pays. L&rsquo;image finale de ce jeu de puzzle est donc pleine de fun et de couleurs, et l&rsquo;activit\u00e9 d&rsquo;assemblage sera super amusante <\/span><\/p>\n<p><span style=\"font-weight: 400;\">Le puzzle de 240 pi\u00e8ces Romania Folk Costumes est fabriqu\u00e9 avec des mat\u00e9riaux de tr\u00e8s haute qualit\u00e9 pour que le jeu de puzzle puisse r\u00e9sister \u00e0 de nombreuses r\u00e9utilisations. Tu trouveras plus de d\u00e9tails sur les caract\u00e9ristiques du produit ci-dessous :<\/span><\/p>\n<p><strong>Mat\u00e9riau du puzzle <\/strong><\/p>\n<p><strong>carton bleu de haute qualit\u00e9<\/strong><\/p>\n<p><strong>des mat\u00e9riaux durables et recyclables<\/strong><\/p>\n<p><strong>finition semi-brillante, couleurs vives<\/strong><\/p>\n<p><strong>Nombre de pi\u00e8ces de puzzle : 240<\/strong><\/p>\n<p><strong>\u00c2ge recommand\u00e9 : 7 &#8211; 10 ans<\/strong><\/p>\n<p><strong>5 avantages \u00e9tonnants des jeux de puzzle pour les enfants<\/strong><\/p>\n<p><strong>1. Am\u00e9liore la patience et la concentration<\/strong><\/p>\n<p><span style=\"font-weight: 400;\">Ton enfant a du mal \u00e0 faire ses devoirs, \u00e0 lire ou \u00e0 accomplir les t\u00e2ches m\u00e9nag\u00e8res ? Il n&rsquo;y a pas que les adultes qui vivent \u00e0 l&rsquo;\u00e8re de la vitesse et sont bombard\u00e9s par de nombreuses informations chaque jour, il en va de m\u00eame pour les enfants. Et puis il y a l&rsquo;\u00e9nergie que les enfants doivent utiliser de mani\u00e8re constructive. Compl\u00e9ter des puzzles est une activit\u00e9 qui les aide \u00e0 exercer leur concentration, leur attention et leur patience, qui sont utiles tous les jours. Si au d\u00e9but, elle peut vouloir renoncer \u00e0 terminer un puzzle de 240 pi\u00e8ces, une solution est de le faire ensemble et, \u00e0 mesure qu&rsquo;elle s&rsquo;entra\u00eene, le travail deviendra agr\u00e9able et vous passerez \u00e0 des jeux de puzzle plus complexes <\/span><\/p>\n<p><strong>2. Les jeux de puzzle lui apprennent \u00e0 se fixer des objectifs et \u00e0 les r\u00e9aliser<\/strong><\/p>\n<p><span style=\"font-weight: 400;\">Pour r\u00e9soudre le jeu de puzzle, ton enfant devra \u00e9tablir certaines strat\u00e9gies : il cherchera des bords, remarquera des couleurs et des formes sp\u00e9cifiques. En suivant son plan de mani\u00e8re organis\u00e9e, il pourra atteindre son objectif final, \u00e0 savoir compl\u00e9ter le puzzle de 240 pi\u00e8ces <\/span><\/p>\n<p><strong>3. Les jeux de puzzle aident les enfants \u00e0 apprendre de nouvelles choses<\/strong><\/p>\n<p><span style=\"font-weight: 400;\">Qu&rsquo;il s&rsquo;agisse d&rsquo;un puzzle en bois avec diff\u00e9rentes formes et couleurs ou du classique puzzle de 240 ou 500 pi\u00e8ces, le jeu de puzzle est un moyen pour les enfants d&rsquo;apprendre de nouvelles choses. En plus des informations, cela peut les aider \u00e0 d\u00e9couvrir de nouveaux passe-temps ou int\u00e9r\u00eats qu&rsquo;ils peuvent ensuite d\u00e9velopper.<\/span><\/p>\n<p><strong>4. Les jeux de puzzle augmentent l&rsquo;estime de soi des enfants<\/strong><\/p>\n<p><span style=\"font-weight: 400;\">Terminer un jeu de puzzle aide \u00e0 renforcer la confiance en soi de l&rsquo;enfant. Cela les encourage aussi \u00e0 accepter un d\u00e9fi et \u00e0 le relever jusqu&rsquo;au bout. Une fois le puzzle de 240 pi\u00e8ces termin\u00e9, l&rsquo;enfant aura un sentiment d&rsquo;accomplissement et d&rsquo;autosatisfaction qui renforcera son ind\u00e9pendance.<\/span><\/p>\n<p><strong>5. Les jeux de puzzle aident les enfants \u00e0 se socialiser<\/strong><\/p>\n<p><span style=\"font-weight: 400;\">Cr\u00e9e de merveilleux souvenirs pour ton enfant avec des amis tr\u00e8s chers ! Ach\u00e8te-leur un puzzle de 240 pi\u00e8ces de Roumanie Popular Costumes, appelle leurs meilleurs amis et que la f\u00eate commence ! Tu appr\u00e9cieras de passer du temps avec lui loin des \u00e9crans dans une atmosph\u00e8re agr\u00e9able, entour\u00e9e de merveilleux amis.<\/span><\/p>\n<p><strong>\u00c0 propos des costumes folkloriques roumains, savais-tu que&#8230;<\/strong><\/p>\n<p><span style=\"font-weight: 400;\">Les plus anciennes preuves du costume traditionnel roumain remontent au N\u00e9olithique et sont repr\u00e9sent\u00e9es par des figurines en c\u00e9ramique de la r\u00e9gion de Craiova.<\/span><\/p>\n<p><span style=\"font-weight: 400;\">La Roumanie est l&rsquo;un des rares pays au monde o\u00f9, dans certaines zones rurales, les gens portent encore des costumes folkloriques traditionnels tous les jours.<\/span><\/p>\n<p><span style=\"font-weight: 400;\">Nous avons entre 40 et 120 zones ethnographiques, chacune avec son costume sp\u00e9cifique. Dans le puzzle<\/span><span style=\"font-weight: 400;\"> les 240 pi\u00e8ces du puzzle Costumes folkloriques de Roumanie n&rsquo;en repr\u00e9sentent qu&rsquo;une petite partie.<\/span><\/p>\n<p><span style=\"font-weight: 400;\">L&rsquo;Ia roumaine est une source d&rsquo;inspiration pour les maisons de mode internationales et constitue un \u00e9l\u00e9ment de base de la garde-robe de nombreuses femmes.<\/span><\/p>\n<p><span style=\"font-weight: 400;\">Collection <\/span><span style=\"font-weight: 400;\">\u00ab\u00a0La blouse roumaine\u00a0\u00bb de 1981 du cr\u00e9ateur Yves Saint Laurent a fait des vestes roumaines une \u0153uvre d&rsquo;art, et depuis, elles sont une source d&rsquo;inspiration constante pour les grandes maisons de mode.<\/span><\/p>\n<p><strong>Offre \u00e0 ton enfant un puzzle de 240 pi\u00e8ces pour l&rsquo;aider \u00e0 r\u00e9soudre les probl\u00e8mes du quotidien<\/strong><\/p>\n<p><span style=\"font-weight: 400;\">Les jeux de puzzle sont compos\u00e9s de dizaines ou de centaines de pi\u00e8ces qui s&rsquo;assemblent en plusieurs \u00e9tapes. Les puzzles pour enfants sont comme des probl\u00e8mes qui doivent \u00eatre r\u00e9solus avec soin. L&rsquo;enfant qui essaie de trouver la solution vit une exp\u00e9rience merveilleuse \u00e0 la fin lorsque l&rsquo;image est compl\u00e8te. Cet exercice constant lui fait comprendre que chaque probl\u00e8me a une solution et qu&rsquo;il est assez fort et intelligent pour les r\u00e9soudre tous.<\/span><\/p>\n<p><span style=\"font-weight: 400;\">Ach\u00e8te \u00e0 ton enfant un puzzle de 240 pi\u00e8ces Romania &#8211; Popular Costumes pour une belle exp\u00e9rience interactive et \u00e9ducative ! Ce merveilleux jeu de puzzle est adapt\u00e9 aux journ\u00e9es d&rsquo;hiver maussades ou aux moments o\u00f9 tu veux le tenir \u00e9loign\u00e9 des \u00e9crans. Assemble les 240 pi\u00e8ces du puzzle photo Romania Folk Costumes et donne vie \u00e0 de dr\u00f4les de couples habill\u00e9s en costumes folkloriques !<\/span><\/p>\n<p><span style=\"font-weight: 400;\">Ce puzzle de 240 pi\u00e8ces pourrait \u00eatre un cadeau appropri\u00e9 si tu penses surprendre agr\u00e9ablement un \u00e9colier coquin avec un cadeau classique.<\/span><\/p>\n","protected":false},"excerpt":{"rendered":"<p>Tu cherches une activit\u00e9 amusante et int\u00e9ressante pour faire d\u00e9crocher ton enfant de son smartphone ? Offre-lui le puzzle de<\/p>\n","protected":false},"featured_media":51293,"template":"","meta":[],"product_brand":[],"product_cat":[2341,2333],"product_tag":[],"class_list":{"0":"post-51291","1":"product","2":"type-product","3":"status-publish","4":"has-post-thumbnail","6":"product_cat-plus-de-100-pieces-de-puzzle","7":"product_cat-jeux-roumains","8":"pa_bax-10-fr","9":"pa_brand-d_toys-fr","10":"pa_country_of_manufacture-ro-fr","11":"pa_filter_age-9_14-fr","12":"pa_painter-romania-fr","13":"pa_tip_ambalaj-boite","14":"pa_tip_puzzle-classique","16":"first","17":"instock","18":"taxable","19":"shipping-taxable","20":"product-type-simple"},"yoast_head":"<!-- This site is optimized with the Yoast SEO plugin v20.1 - https:\/\/yoast.com\/wordpress\/plugins\/seo\/ -->\n<title>Puzzle Roumanie Costumes folkloriques - Puzzle pour enfants, 240 pi\u00e8ces<\/title>\n<meta name=\"description\" content=\"Puzzle Roumanie Costumes folkloriques - Puzzle pour enfants, 240 pi\u00e8ces\" \/>\n<meta name=\"robots\" content=\"index, follow, max-snippet:-1, max-image-preview:large, max-video-preview:-1\" \/>\n<link rel=\"canonical\" href=\"https:\/\/business.roovi.com\/fr\/puzzle-roumanie-costumes-folkloriques-puzzle-pour-enfants-240-pieces\/p\/\" \/>\n<meta property=\"og:locale\" content=\"fr_FR\" \/>\n<meta property=\"og:type\" content=\"article\" \/>\n<meta property=\"og:title\" content=\"Puzzle Roumanie Costumes folkloriques - Puzzle pour enfants, 240 pi\u00e8ces\" \/>\n<meta property=\"og:description\" content=\"Puzzle Roumanie Costumes folkloriques - Puzzle pour enfants, 240 pi\u00e8ces\" \/>\n<meta property=\"og:url\" content=\"https:\/\/business.roovi.com\/fr\/puzzle-roumanie-costumes-folkloriques-puzzle-pour-enfants-240-pieces\/p\/\" \/>\n<meta property=\"og:site_name\" content=\"Roovi B2B\" \/>\n<meta property=\"article:publisher\" content=\"https:\/\/www.facebook.com\/wwwjucariero\" \/>\n<meta property=\"article:modified_time\" content=\"2023-03-01T10:59:22+00:00\" \/>\n<meta property=\"og:image\" content=\"https:\/\/business.roovi.com\/wp-content\/uploads\/2021\/11\/79015-01_ansamblu_dimensiuni_cutie_cm-800x800.png\" \/>\n\t<meta property=\"og:image:width\" content=\"800\" \/>\n\t<meta property=\"og:image:height\" content=\"800\" \/>\n\t<meta property=\"og:image:type\" content=\"image\/png\" \/>\n<meta name=\"twitter:label1\" content=\"Dur\u00e9e de lecture estim\u00e9e\" \/>\n\t<meta name=\"twitter:data1\" content=\"6 minutes\" \/>\n<script type=\"application\/ld+json\" class=\"yoast-schema-graph\">{\"@context\":\"https:\/\/schema.org\",\"@graph\":[{\"@type\":\"WebPage\",\"@id\":\"https:\/\/business.roovi.com\/fr\/puzzle-roumanie-costumes-folkloriques-puzzle-pour-enfants-240-pieces\/p\/\",\"url\":\"https:\/\/business.roovi.com\/fr\/puzzle-roumanie-costumes-folkloriques-puzzle-pour-enfants-240-pieces\/p\/\",\"name\":\"Puzzle Roumanie Costumes folkloriques - Puzzle pour enfants, 240 pi\u00e8ces\",\"isPartOf\":{\"@id\":\"https:\/\/business.roovi.com\/fr\/#website\"},\"datePublished\":\"2021-11-02T14:56:41+00:00\",\"dateModified\":\"2023-03-01T10:59:22+00:00\",\"description\":\"Puzzle Roumanie Costumes folkloriques - Puzzle pour enfants, 240 pi\u00e8ces\",\"breadcrumb\":{\"@id\":\"https:\/\/business.roovi.com\/fr\/puzzle-roumanie-costumes-folkloriques-puzzle-pour-enfants-240-pieces\/p\/#breadcrumb\"},\"inLanguage\":\"fr-FR\",\"potentialAction\":[{\"@type\":\"ReadAction\",\"target\":[\"https:\/\/business.roovi.com\/fr\/puzzle-roumanie-costumes-folkloriques-puzzle-pour-enfants-240-pieces\/p\/\"]}]},{\"@type\":\"BreadcrumbList\",\"@id\":\"https:\/\/business.roovi.com\/fr\/puzzle-roumanie-costumes-folkloriques-puzzle-pour-enfants-240-pieces\/p\/#breadcrumb\",\"itemListElement\":[{\"@type\":\"ListItem\",\"position\":1,\"name\":\"Home\",\"item\":\"https:\/\/business.roovi.com\/fr\/\"},{\"@type\":\"ListItem\",\"position\":2,\"name\":\"Boutique\",\"item\":\"https:\/\/business.roovi.com\/fr\/boutique\/\"},{\"@type\":\"ListItem\",\"position\":3,\"name\":\"Puzzle Roumanie Costumes folkloriques &#8211; Puzzle culturel 240 pi\u00e8ces\"}]},{\"@type\":\"WebSite\",\"@id\":\"https:\/\/business.roovi.com\/fr\/#website\",\"url\":\"https:\/\/business.roovi.com\/fr\/\",\"name\":\"Roovi B2B\",\"description\":\"Roovi Business Website\",\"potentialAction\":[{\"@type\":\"SearchAction\",\"target\":{\"@type\":\"EntryPoint\",\"urlTemplate\":\"https:\/\/business.roovi.com\/fr\/?s={search_term_string}\"},\"query-input\":\"required name=search_term_string\"}],\"inLanguage\":\"fr-FR\"}]}<\/script>\n<!-- \/ Yoast SEO plugin. -->","yoast_head_json":{"title":"Puzzle Roumanie Costumes folkloriques - Puzzle pour enfants, 240 pi\u00e8ces","description":"Puzzle Roumanie Costumes folkloriques - Puzzle pour enfants, 240 pi\u00e8ces","robots":{"index":"index","follow":"follow","max-snippet":"max-snippet:-1","max-image-preview":"max-image-preview:large","max-video-preview":"max-video-preview:-1"},"canonical":"https:\/\/business.roovi.com\/fr\/puzzle-roumanie-costumes-folkloriques-puzzle-pour-enfants-240-pieces\/p\/","og_locale":"fr_FR","og_type":"article","og_title":"Puzzle Roumanie Costumes folkloriques - Puzzle pour enfants, 240 pi\u00e8ces","og_description":"Puzzle Roumanie Costumes folkloriques - Puzzle pour enfants, 240 pi\u00e8ces","og_url":"https:\/\/business.roovi.com\/fr\/puzzle-roumanie-costumes-folkloriques-puzzle-pour-enfants-240-pieces\/p\/","og_site_name":"Roovi B2B","article_publisher":"https:\/\/www.facebook.com\/wwwjucariero","article_modified_time":"2023-03-01T10:59:22+00:00","og_image":[{"width":800,"height":800,"url":"https:\/\/business.roovi.com\/wp-content\/uploads\/2021\/11\/79015-01_ansamblu_dimensiuni_cutie_cm-800x800.png","type":"image\/png"}],"twitter_misc":{"Dur\u00e9e de lecture estim\u00e9e":"6 minutes"},"schema":{"@context":"https:\/\/schema.org","@graph":[{"@type":"WebPage","@id":"https:\/\/business.roovi.com\/fr\/puzzle-roumanie-costumes-folkloriques-puzzle-pour-enfants-240-pieces\/p\/","url":"https:\/\/business.roovi.com\/fr\/puzzle-roumanie-costumes-folkloriques-puzzle-pour-enfants-240-pieces\/p\/","name":"Puzzle Roumanie Costumes folkloriques - Puzzle pour enfants, 240 pi\u00e8ces","isPartOf":{"@id":"https:\/\/business.roovi.com\/fr\/#website"},"datePublished":"2021-11-02T14:56:41+00:00","dateModified":"2023-03-01T10:59:22+00:00","description":"Puzzle Roumanie Costumes folkloriques - Puzzle pour enfants, 240 pi\u00e8ces","breadcrumb":{"@id":"https:\/\/business.roovi.com\/fr\/puzzle-roumanie-costumes-folkloriques-puzzle-pour-enfants-240-pieces\/p\/#breadcrumb"},"inLanguage":"fr-FR","potentialAction":[{"@type":"ReadAction","target":["https:\/\/business.roovi.com\/fr\/puzzle-roumanie-costumes-folkloriques-puzzle-pour-enfants-240-pieces\/p\/"]}]},{"@type":"BreadcrumbList","@id":"https:\/\/business.roovi.com\/fr\/puzzle-roumanie-costumes-folkloriques-puzzle-pour-enfants-240-pieces\/p\/#breadcrumb","itemListElement":[{"@type":"ListItem","position":1,"name":"Home","item":"https:\/\/business.roovi.com\/fr\/"},{"@type":"ListItem","position":2,"name":"Boutique","item":"https:\/\/business.roovi.com\/fr\/boutique\/"},{"@type":"ListItem","position":3,"name":"Puzzle Roumanie Costumes folkloriques &#8211; Puzzle culturel 240 pi\u00e8ces"}]},{"@type":"WebSite","@id":"https:\/\/business.roovi.com\/fr\/#website","url":"https:\/\/business.roovi.com\/fr\/","name":"Roovi B2B","description":"Roovi Business Website","potentialAction":[{"@type":"SearchAction","target":{"@type":"EntryPoint","urlTemplate":"https:\/\/business.roovi.com\/fr\/?s={search_term_string}"},"query-input":"required name=search_term_string"}],"inLanguage":"fr-FR"}]}},"_links":{"self":[{"href":"https:\/\/business.roovi.com\/fr\/wp-json\/wp\/v2\/product\/51291","targetHints":{"allow":["GET"]}}],"collection":[{"href":"https:\/\/business.roovi.com\/fr\/wp-json\/wp\/v2\/product"}],"about":[{"href":"https:\/\/business.roovi.com\/fr\/wp-json\/wp\/v2\/types\/product"}],"version-history":[{"count":0,"href":"https:\/\/business.roovi.com\/fr\/wp-json\/wp\/v2\/product\/51291\/revisions"}],"wp:featuredmedia":[{"embeddable":true,"href":"https:\/\/business.roovi.com\/fr\/wp-json\/wp\/v2\/media\/51293"}],"wp:attachment":[{"href":"https:\/\/business.roovi.com\/fr\/wp-json\/wp\/v2\/media?parent=51291"}],"wp:term":[{"taxonomy":"product_brand","embeddable":true,"href":"https:\/\/business.roovi.com\/fr\/wp-json\/wp\/v2\/product_brand?post=51291"},{"taxonomy":"product_cat","embeddable":true,"href":"https:\/\/business.roovi.com\/fr\/wp-json\/wp\/v2\/product_cat?post=51291"},{"taxonomy":"product_tag","embeddable":true,"href":"https:\/\/business.roovi.com\/fr\/wp-json\/wp\/v2\/product_tag?post=51291"}],"curies":[{"name":"wp","href":"https:\/\/api.w.org\/{rel}","templated":true}]}}