{"id":51403,"date":"2021-03-09T10:55:16","date_gmt":"2021-03-09T10:55:16","guid":{"rendered":"https:\/\/business.roovi.com\/puzzle-adulti-1000-piese-peisaje-de-zi-savior-on-the-spilled-blood-sankt-petersburg\/p\/"},"modified":"2022-07-13T10:12:27","modified_gmt":"2022-07-13T10:12:27","slug":"puzzle-adulte-de-1000-pieces-paysages-de-jour-sauveur-sur-le-sang-verse-st-petersburg","status":"publish","type":"product","link":"https:\/\/business.roovi.com\/fr\/puzzle-adulte-de-1000-pieces-paysages-de-jour-sauveur-sur-le-sang-verse-st-petersburg\/p\/","title":{"rendered":"Puzzle adulte de 1000 pi\u00e8ces Paysages de jour &#8211; Sauveur sur le sang vers\u00e9, St. Petersburg"},"content":{"rendered":"<p><strong><em>Tu cherches le cadeau id\u00e9al ? Ou peut-\u00eatre une activit\u00e9 relaxante pour les jours maussades ? Les puzzles de 1000 pi\u00e8ces de la collection Paysages de jour pour adultes sont exactement ce qu&rsquo;il te faut <\/em><\/strong><\/p>\n<p><span style=\"font-weight: 400;\">Savior on the Spilled Blood, St. Petersburg puzzle 1000-piece peint une image exquise de la c\u00e9l\u00e8bre \u00e9glise de Russie, un monument architectural imposant avec une histoire fascinante.<\/span><\/p>\n<p><span style=\"font-weight: 400;\">Son nom est li\u00e9 \u00e0 la mort du tsar Alexandre II, qui a \u00e9t\u00e9 assassin\u00e9 sur le site o\u00f9 se trouve maintenant l&rsquo;\u00e9glise. En hommage \u00e0 la mort de son p\u00e8re, le tsar Alexandre III devait \u00e9riger le grand \u00e9difice connu aujourd&rsquo;hui sous le nom de cath\u00e9drale de la R\u00e9surrection du Christ entre 1883 et 1907.<\/span><\/p>\n<p><span style=\"font-weight: 400;\">D\u00e9cor\u00e9e de d\u00f4mes color\u00e9s et de diverses mosa\u00efques, l&rsquo;\u00e9glise situ\u00e9e le long du canal Griboedov offre une vue spectaculaire. Avec le puzzle de 1000 pi\u00e8ces Church on the Spilled Blood, tu d\u00e9couvres non seulement une image splendide, mais aussi l&rsquo;histoire fascinante d&rsquo;un monument c\u00e9l\u00e8bre dans le monde entier <\/span><\/p>\n<p><span style=\"font-weight: 400;\">Tu peux utiliser une table basse standard pour assembler le puzzle. La peinture obtenue mesure 68 x 47 cm et fera une belle pi\u00e8ce de d\u00e9coration lorsqu&rsquo;elle sera plac\u00e9e dans un cadre.<\/span><\/p>\n<p><strong>Pourquoi choisir le puzzle de 1000 pi\u00e8ces Church of the Resurrection of Christ, St. Petersburg ? <\/strong><\/p>\n<p><span style=\"font-weight: 400;\">Il maintient ton cerveau actif et am\u00e9liore ta m\u00e9moire.<\/span><\/p>\n<p><span style=\"font-weight: 400;\">C&rsquo;est l&rsquo;occasion de se relaxer et de se d\u00e9tendre du rythme rapide de la vie.<\/span><\/p>\n<p><span style=\"font-weight: 400;\">Il t&rsquo;aide \u00e0 te concentrer profond\u00e9ment et \u00e0 atteindre un objectif pr\u00e9cis.<\/span><\/p>\n<p><span style=\"font-weight: 400;\">Il est fabriqu\u00e9 en carton bleu de haute qualit\u00e9, les pi\u00e8ces sont d\u00e9coup\u00e9es avec pr\u00e9cision et s&#8217;embo\u00eetent parfaitement, m\u00eame lorsqu&rsquo;elles sont assembl\u00e9es \u00e0 plusieurs.<\/span><\/p>\n<p><span style=\"font-weight: 400;\">La finition est semi-brillante, dans des couleurs vives qui font ressortir la nettet\u00e9 de l&rsquo;image.<\/span><\/p>\n<p><span style=\"font-weight: 400;\">Il est respectueux de l&rsquo;environnement, car il est fabriqu\u00e9 \u00e0 partir de mat\u00e9riaux durables et recyclables.<\/span><\/p>\n<p><span style=\"font-weight: 400;\">Adapt\u00e9 \u00e0 la tranche d&rsquo;\u00e2ge 14+, c&rsquo;est un excellent moyen d&rsquo;initier les adolescents aux jeux de r\u00e9flexion.<\/span><\/p>\n<p><strong>Savais-tu que..<\/strong><\/p>\n<p><span style=\"font-weight: 400;\">Le Sauveur sur le Sang Vers\u00e9 ou l&rsquo;\u00c9glise du Sang Vers\u00e9 conserve \u00e0 l&rsquo;int\u00e9rieur, \u00e0 l&rsquo;endroit m\u00eame o\u00f9 le tsar Alexandre II a \u00e9t\u00e9 assassin\u00e9, un monument fun\u00e9raire d\u00e9cor\u00e9 de pierres pr\u00e9cieuses et semi-pr\u00e9cieuses.<\/span><\/p>\n<p><span style=\"font-weight: 400;\">\u00c0 l&rsquo;origine, l&rsquo;\u00e9glise ne fonctionnait pas comme un lieu de culte car elle a \u00e9t\u00e9 \u00e9rig\u00e9e comme un m\u00e9morial au tsar Alexandre II.<\/span><\/p>\n<p><span style=\"font-weight: 400;\">Contrairement \u00e0 la plupart des monuments de la ville, qui ont une architecture baroque ou n\u00e9oclassique, l&rsquo;\u00e9glise de la R\u00e9surrection du Christ se distingue par son architecture russe m\u00e9di\u00e9vale.<\/span><\/p>\n<p><span style=\"font-weight: 400;\">L&rsquo;int\u00e9rieur de la cath\u00e9drale est recouvert de plus de 7000 m\u00e8tres carr\u00e9s de mosa\u00efques repr\u00e9sentant des sc\u00e8nes bibliques.<\/span><\/p>\n<p><span style=\"font-weight: 400;\">Pendant la Seconde Guerre mondiale, elle a servi d&rsquo;entrep\u00f4t de l\u00e9gumes et a \u00e9t\u00e9 ironiquement appel\u00e9e \u00ab\u00a0l&rsquo;\u00e9glise du Sauveur sur les pommes de terre\u00a0\u00bb.<\/span><\/p>\n<p><strong>Puzzle de 1000 pi\u00e8ces Savior on the Spilled Blood, St. Petersburg pour de nombreuses heures loin des \u00e9crans<\/strong><\/p>\n<p><span style=\"font-weight: 400;\">Rassemble toute la famille autour de cet \u00e9tonnant jeu de puzzle et commence la grande assembl\u00e9e ! Les enfants adoreront passer du temps ensemble et seront certainement captiv\u00e9s par l&rsquo;histoire impressionnante de la c\u00e9l\u00e8bre cath\u00e9drale de Saint-P\u00e9tersbourg.<\/span><\/p>\n<p><span style=\"font-weight: 400;\">Passez de nombreuses heures ensemble loin des \u00e9crans et construisez des souvenirs inoubliables avec le puzzle de 1000 pi\u00e8ces Church on Spilled Blood de la collection de puzzles Paysages du jour pour adultes. De plus, cette activit\u00e9 relaxante du week-end te rapproche de tes proches et te donne de l&rsquo;\u00e9nergie pour la semaine \u00e0 venir.<\/span><\/p>\n<p><span style=\"font-weight: 400;\">Savior on the Spilled Blood, St. Petersburg Puzzle 1000 Piece peut \u00eatre une excellente id\u00e9e de cadeau \u00e0 offrir \u00e0 des amis qui aiment les jeux de puzzle pour les f\u00eates ou les anniversaires <\/span><\/p><\/p>\n","protected":false},"excerpt":{"rendered":"<p>Tu cherches le cadeau id\u00e9al ? Ou peut-\u00eatre une activit\u00e9 relaxante pour les jours maussades ? Les puzzles de 1000<\/p>\n","protected":false},"featured_media":51405,"template":"","meta":[],"product_brand":[],"product_cat":[2314,2316,2315],"product_tag":[],"class_list":{"0":"post-51403","1":"product","2":"type-product","3":"status-publish","4":"has-post-thumbnail","6":"product_cat-puzzles-fr","7":"product_cat-puzzles-de-1000-pieces","8":"product_cat-puzzles-pour-adultes","9":"pa_bax-10-fr","10":"pa_brand-d_toys-fr","11":"pa_country_of_manufacture-ro-fr","12":"pa_filter_age-14-fr","13":"pa_painter-landscapes-fr","14":"pa_tip_ambalaj-boite","15":"pa_tip_puzzle-classique","17":"first","18":"instock","19":"taxable","20":"shipping-taxable","21":"product-type-simple"},"yoast_head":"<!-- This site is optimized with the Yoast SEO plugin v20.1 - https:\/\/yoast.com\/wordpress\/plugins\/seo\/ -->\n<title>Puzzle adulte de 1000 pi\u00e8ces Paysages de jour - Sauveur sur le sang vers\u00e9, St. Petersburg<\/title>\n<meta name=\"description\" content=\"Puzzle adulte de 1000 pi\u00e8ces Paysages de jour - Sauveur sur le sang vers\u00e9, St. Petersburg\" \/>\n<meta name=\"robots\" content=\"index, follow, max-snippet:-1, max-image-preview:large, max-video-preview:-1\" \/>\n<link rel=\"canonical\" href=\"https:\/\/business.roovi.com\/fr\/puzzle-adulte-de-1000-pieces-paysages-de-jour-sauveur-sur-le-sang-verse-st-petersburg\/p\/\" \/>\n<meta property=\"og:locale\" content=\"fr_FR\" \/>\n<meta property=\"og:type\" content=\"article\" \/>\n<meta property=\"og:title\" content=\"Puzzle adulte de 1000 pi\u00e8ces Paysages de jour - Sauveur sur le sang vers\u00e9, St. Petersburg\" \/>\n<meta property=\"og:description\" content=\"Puzzle adulte de 1000 pi\u00e8ces Paysages de jour - Sauveur sur le sang vers\u00e9, St. Petersburg\" \/>\n<meta property=\"og:url\" content=\"https:\/\/business.roovi.com\/fr\/puzzle-adulte-de-1000-pieces-paysages-de-jour-sauveur-sur-le-sang-verse-st-petersburg\/p\/\" \/>\n<meta property=\"og:site_name\" content=\"Roovi B2B\" \/>\n<meta property=\"article:publisher\" content=\"https:\/\/www.facebook.com\/wwwjucariero\" \/>\n<meta property=\"article:modified_time\" content=\"2022-07-13T10:12:27+00:00\" \/>\n<meta property=\"og:image\" content=\"https:\/\/business.roovi.com\/wp-content\/uploads\/2021\/03\/62154-21_ansamblu_dimensiuni_cutie_cm_orizontal.png\" \/>\n\t<meta property=\"og:image:width\" content=\"1200\" \/>\n\t<meta property=\"og:image:height\" content=\"1200\" \/>\n\t<meta property=\"og:image:type\" content=\"image\/png\" \/>\n<meta name=\"twitter:label1\" content=\"Dur\u00e9e de lecture estim\u00e9e\" \/>\n\t<meta name=\"twitter:data1\" content=\"3 minutes\" \/>\n<script type=\"application\/ld+json\" class=\"yoast-schema-graph\">{\"@context\":\"https:\/\/schema.org\",\"@graph\":[{\"@type\":\"WebPage\",\"@id\":\"https:\/\/business.roovi.com\/fr\/puzzle-adulte-de-1000-pieces-paysages-de-jour-sauveur-sur-le-sang-verse-st-petersburg\/p\/\",\"url\":\"https:\/\/business.roovi.com\/fr\/puzzle-adulte-de-1000-pieces-paysages-de-jour-sauveur-sur-le-sang-verse-st-petersburg\/p\/\",\"name\":\"Puzzle adulte de 1000 pi\u00e8ces Paysages de jour - Sauveur sur le sang vers\u00e9, St. Petersburg\",\"isPartOf\":{\"@id\":\"https:\/\/business.roovi.com\/fr\/#website\"},\"datePublished\":\"2021-03-09T10:55:16+00:00\",\"dateModified\":\"2022-07-13T10:12:27+00:00\",\"description\":\"Puzzle adulte de 1000 pi\u00e8ces Paysages de jour - Sauveur sur le sang vers\u00e9, St. Petersburg\",\"breadcrumb\":{\"@id\":\"https:\/\/business.roovi.com\/fr\/puzzle-adulte-de-1000-pieces-paysages-de-jour-sauveur-sur-le-sang-verse-st-petersburg\/p\/#breadcrumb\"},\"inLanguage\":\"fr-FR\",\"potentialAction\":[{\"@type\":\"ReadAction\",\"target\":[\"https:\/\/business.roovi.com\/fr\/puzzle-adulte-de-1000-pieces-paysages-de-jour-sauveur-sur-le-sang-verse-st-petersburg\/p\/\"]}]},{\"@type\":\"BreadcrumbList\",\"@id\":\"https:\/\/business.roovi.com\/fr\/puzzle-adulte-de-1000-pieces-paysages-de-jour-sauveur-sur-le-sang-verse-st-petersburg\/p\/#breadcrumb\",\"itemListElement\":[{\"@type\":\"ListItem\",\"position\":1,\"name\":\"Home\",\"item\":\"https:\/\/business.roovi.com\/fr\/\"},{\"@type\":\"ListItem\",\"position\":2,\"name\":\"Boutique\",\"item\":\"https:\/\/business.roovi.com\/fr\/boutique\/\"},{\"@type\":\"ListItem\",\"position\":3,\"name\":\"Puzzle adulte de 1000 pi\u00e8ces Paysages de jour &#8211; Sauveur sur le sang vers\u00e9, St. Petersburg\"}]},{\"@type\":\"WebSite\",\"@id\":\"https:\/\/business.roovi.com\/fr\/#website\",\"url\":\"https:\/\/business.roovi.com\/fr\/\",\"name\":\"Roovi B2B\",\"description\":\"Roovi Business Website\",\"potentialAction\":[{\"@type\":\"SearchAction\",\"target\":{\"@type\":\"EntryPoint\",\"urlTemplate\":\"https:\/\/business.roovi.com\/fr\/?s={search_term_string}\"},\"query-input\":\"required name=search_term_string\"}],\"inLanguage\":\"fr-FR\"}]}<\/script>\n<!-- \/ Yoast SEO plugin. -->","yoast_head_json":{"title":"Puzzle adulte de 1000 pi\u00e8ces Paysages de jour - Sauveur sur le sang vers\u00e9, St. Petersburg","description":"Puzzle adulte de 1000 pi\u00e8ces Paysages de jour - Sauveur sur le sang vers\u00e9, St. Petersburg","robots":{"index":"index","follow":"follow","max-snippet":"max-snippet:-1","max-image-preview":"max-image-preview:large","max-video-preview":"max-video-preview:-1"},"canonical":"https:\/\/business.roovi.com\/fr\/puzzle-adulte-de-1000-pieces-paysages-de-jour-sauveur-sur-le-sang-verse-st-petersburg\/p\/","og_locale":"fr_FR","og_type":"article","og_title":"Puzzle adulte de 1000 pi\u00e8ces Paysages de jour - Sauveur sur le sang vers\u00e9, St. Petersburg","og_description":"Puzzle adulte de 1000 pi\u00e8ces Paysages de jour - Sauveur sur le sang vers\u00e9, St. Petersburg","og_url":"https:\/\/business.roovi.com\/fr\/puzzle-adulte-de-1000-pieces-paysages-de-jour-sauveur-sur-le-sang-verse-st-petersburg\/p\/","og_site_name":"Roovi B2B","article_publisher":"https:\/\/www.facebook.com\/wwwjucariero","article_modified_time":"2022-07-13T10:12:27+00:00","og_image":[{"width":1200,"height":1200,"url":"https:\/\/business.roovi.com\/wp-content\/uploads\/2021\/03\/62154-21_ansamblu_dimensiuni_cutie_cm_orizontal.png","type":"image\/png"}],"twitter_misc":{"Dur\u00e9e de lecture estim\u00e9e":"3 minutes"},"schema":{"@context":"https:\/\/schema.org","@graph":[{"@type":"WebPage","@id":"https:\/\/business.roovi.com\/fr\/puzzle-adulte-de-1000-pieces-paysages-de-jour-sauveur-sur-le-sang-verse-st-petersburg\/p\/","url":"https:\/\/business.roovi.com\/fr\/puzzle-adulte-de-1000-pieces-paysages-de-jour-sauveur-sur-le-sang-verse-st-petersburg\/p\/","name":"Puzzle adulte de 1000 pi\u00e8ces Paysages de jour - Sauveur sur le sang vers\u00e9, St. Petersburg","isPartOf":{"@id":"https:\/\/business.roovi.com\/fr\/#website"},"datePublished":"2021-03-09T10:55:16+00:00","dateModified":"2022-07-13T10:12:27+00:00","description":"Puzzle adulte de 1000 pi\u00e8ces Paysages de jour - Sauveur sur le sang vers\u00e9, St. Petersburg","breadcrumb":{"@id":"https:\/\/business.roovi.com\/fr\/puzzle-adulte-de-1000-pieces-paysages-de-jour-sauveur-sur-le-sang-verse-st-petersburg\/p\/#breadcrumb"},"inLanguage":"fr-FR","potentialAction":[{"@type":"ReadAction","target":["https:\/\/business.roovi.com\/fr\/puzzle-adulte-de-1000-pieces-paysages-de-jour-sauveur-sur-le-sang-verse-st-petersburg\/p\/"]}]},{"@type":"BreadcrumbList","@id":"https:\/\/business.roovi.com\/fr\/puzzle-adulte-de-1000-pieces-paysages-de-jour-sauveur-sur-le-sang-verse-st-petersburg\/p\/#breadcrumb","itemListElement":[{"@type":"ListItem","position":1,"name":"Home","item":"https:\/\/business.roovi.com\/fr\/"},{"@type":"ListItem","position":2,"name":"Boutique","item":"https:\/\/business.roovi.com\/fr\/boutique\/"},{"@type":"ListItem","position":3,"name":"Puzzle adulte de 1000 pi\u00e8ces Paysages de jour &#8211; Sauveur sur le sang vers\u00e9, St. Petersburg"}]},{"@type":"WebSite","@id":"https:\/\/business.roovi.com\/fr\/#website","url":"https:\/\/business.roovi.com\/fr\/","name":"Roovi B2B","description":"Roovi Business Website","potentialAction":[{"@type":"SearchAction","target":{"@type":"EntryPoint","urlTemplate":"https:\/\/business.roovi.com\/fr\/?s={search_term_string}"},"query-input":"required name=search_term_string"}],"inLanguage":"fr-FR"}]}},"_links":{"self":[{"href":"https:\/\/business.roovi.com\/fr\/wp-json\/wp\/v2\/product\/51403","targetHints":{"allow":["GET"]}}],"collection":[{"href":"https:\/\/business.roovi.com\/fr\/wp-json\/wp\/v2\/product"}],"about":[{"href":"https:\/\/business.roovi.com\/fr\/wp-json\/wp\/v2\/types\/product"}],"version-history":[{"count":0,"href":"https:\/\/business.roovi.com\/fr\/wp-json\/wp\/v2\/product\/51403\/revisions"}],"wp:featuredmedia":[{"embeddable":true,"href":"https:\/\/business.roovi.com\/fr\/wp-json\/wp\/v2\/media\/51405"}],"wp:attachment":[{"href":"https:\/\/business.roovi.com\/fr\/wp-json\/wp\/v2\/media?parent=51403"}],"wp:term":[{"taxonomy":"product_brand","embeddable":true,"href":"https:\/\/business.roovi.com\/fr\/wp-json\/wp\/v2\/product_brand?post=51403"},{"taxonomy":"product_cat","embeddable":true,"href":"https:\/\/business.roovi.com\/fr\/wp-json\/wp\/v2\/product_cat?post=51403"},{"taxonomy":"product_tag","embeddable":true,"href":"https:\/\/business.roovi.com\/fr\/wp-json\/wp\/v2\/product_tag?post=51403"}],"curies":[{"name":"wp","href":"https:\/\/api.w.org\/{rel}","templated":true}]}}