{"id":51414,"date":"2021-03-09T09:31:38","date_gmt":"2021-03-09T09:31:38","guid":{"rendered":"https:\/\/business.roovi.com\/puzzle-adulti-paul-ranson-apple-tree-with-red-fruit-1000-piese\/p\/"},"modified":"2022-07-13T10:12:29","modified_gmt":"2022-07-13T10:12:29","slug":"puzzle-adulte-paul-ranson-pommier-avec-fruits-rouges-1000-pieces","status":"publish","type":"product","link":"https:\/\/business.roovi.com\/fr\/puzzle-adulte-paul-ranson-pommier-avec-fruits-rouges-1000-pieces\/p\/","title":{"rendered":"Puzzle adulte Paul Ranson &#8211; Pommier avec fruits rouges -1000 pi\u00e8ces"},"content":{"rendered":"<p><span style=\"font-weight: 400;\">Reconstruis les images d&rsquo;\u0153uvres d&rsquo;art c\u00e9l\u00e8bres et d\u00e9couvre les histoires in\u00e9dites derri\u00e8re leur cr\u00e9ation. Choisis tes favoris parmi des centaines de mod\u00e8les repr\u00e9sentatifs de toutes les p\u00e9riodes historiques, de la Renaissance \u00e0 l&rsquo;\u00e8re moderne <\/span><\/p>\n<p><span style=\"font-weight: 400;\">Le puzzle de 1000 pi\u00e8ces de Paul Ranson &#8211; Pommier avec fruits rouges est un puzzle pour adultes aux couleurs vives qui ravira tes yeux. L&rsquo;\u0153uvre incarne les principes nabis \u00e9nonc\u00e9s par le groupe Les Nabis fond\u00e9 par Paul Ranson, qui a d\u00e9velopp\u00e9 sa propre esth\u00e9tique en utilisant l&rsquo;effet stylisant des couleurs plates et audacieuses et du design simplifi\u00e9. Tu obtiens une \u0153uvre unique, la marque d&rsquo;un style avant-gardiste, pleine de m\u00e9taphores et de symboles.<\/span><\/p>\n<p><span style=\"font-weight: 400;\">Caract\u00e9ristiques du puzzle artistique Paul Ranson &#8211; Pommier avec fruits rouges :<\/span><\/p>\n<p><strong>Dimensions de l&rsquo;image reconstruite : 50 x 70 cm.<\/strong><span style=\"font-weight: 400;\"> Tu peux utiliser une table basse ordinaire pour l&rsquo;assemblage.<\/span><\/p>\n<p><strong>Mat\u00e9riau du puzzle <\/strong><\/p>\n<p><strong>carton bleu de haute qualit\u00e9<\/strong><\/p>\n<p><strong>des mat\u00e9riaux durables et recyclables<\/strong><\/p>\n<p><strong>finition semi-brillante, couleurs vives<\/strong><\/p>\n<p><strong>Nombre de pi\u00e8ces de puzzle : 1000<\/strong><\/p>\n<p><strong>\u00c2ge recommand\u00e9 : 14+<\/strong><\/p>\n<p><strong>Assemble des puzzles pour adultes et am\u00e9liore ton humeur !<\/strong><\/p>\n<p><span style=\"font-weight: 400;\">Lorsque tu assembles les pi\u00e8ces d&rsquo;un puzzle de 1000, ton cerveau s\u00e9cr\u00e8te plus de dopamine, un neurotransmetteur qui r\u00e9gule les \u00e9motions. M\u00eame le fait de coller correctement une seule pi\u00e8ce de puzzle cr\u00e9e un sentiment de satisfaction qui contribue \u00e0 am\u00e9liorer consid\u00e9rablement ton humeur. L&rsquo;augmentation des niveaux de dopamine, qui t&rsquo;aide \u00e0 te sentir plus heureux, stimule l&rsquo;envie de jouer \u00e0 des jeux de r\u00e9flexion. Pas \u00e9tonnant qu&rsquo;il soit si difficile de s&rsquo;arr\u00eater quand on commence \u00e0 assembler des puzzles de 1000 pi\u00e8ces !<\/span><\/p>\n<p><strong>Les jeux de puzzle t&rsquo;aident \u00e0 rester concentr\u00e9 et \u00e0 am\u00e9liorer ta productivit\u00e9<\/strong><\/p>\n<p><span style=\"font-weight: 400;\">Un puzzle de 1000 pi\u00e8ces te d\u00e9tend et r\u00e9duit le stress que tu ressens chaque jour. Lorsque tu es d\u00e9tendu, tu as plus de facilit\u00e9 \u00e0 te concentrer, ce qui entra\u00eene une meilleure productivit\u00e9. Chaque fois que tu te sens tendue, fais une pause et assemble un jeu de puzzle. Ton esprit se r\u00e9initialisera, et lorsque tu reprendras le travail, tu te concentreras mieux et seras bien plus performant <\/span><\/p>\n<p><strong>Tu connaissais Paul Ranson ?&#8230;<\/strong><\/p>\n<p><span style=\"font-weight: 400;\">Il est l&rsquo;un des cinq membres fondateurs des Nabis, un groupe qui a jou\u00e9 un r\u00f4le important dans la transition de l&rsquo;impressionnisme aux diff\u00e9rents styles d&rsquo;art moderne <\/span><\/p>\n<p><span style=\"font-weight: 400;\">\u00ab\u00a0Les Nabis\u00a0\u00bb vient de l&rsquo;h\u00e9breu et signifie \u00ab\u00a0Proph\u00e8te\u00a0\u00bb. Les initiateurs du groupe se consid\u00e9raient comme des initiateurs et des pionniers.<\/span><\/p>\n<p><span style=\"font-weight: 400;\">Il \u00e9tait passionn\u00e9 par les marionnettes et a ouvert un th\u00e9\u00e2tre de marionnettes en 1894.<\/span><\/p>\n<p><span style=\"font-weight: 400;\">Il s&rsquo;int\u00e9ressait \u00e0 la magie, \u00e0 la th\u00e9osophie et \u00e0 l&rsquo;occultisme, une passion qui le distinguait des autres membres du groupe Le Nabis.<\/span><\/p>\n<p><span style=\"font-weight: 400;\">Ses derni\u00e8res \u0153uvres se concentrent sur des th\u00e8mes mythologiques, la sorcellerie et des sujets anticl\u00e9ricaux.<\/span><\/p>\n<p><strong>Jeux de puzzle : exercices c\u00e9r\u00e9braux complets<\/strong><\/p>\n<p><span style=\"font-weight: 400;\">Les jeux de puzzle font travailler les deux h\u00e9misph\u00e8res du cerveau. Le c\u00f4t\u00e9 gauche, le c\u00f4t\u00e9 logique et m\u00e9thodique qui fonctionne de mani\u00e8re lin\u00e9aire, se coordonne parfaitement pendant l&rsquo;activit\u00e9 d&rsquo;assemblage du puzzle de 1000 pi\u00e8ces avec l&rsquo;h\u00e9misph\u00e8re droit du cerveau qui est intuitif et cr\u00e9atif. Ainsi, en travaillant de mani\u00e8re synchronis\u00e9e, l&rsquo;entra\u00eenement du cerveau est complet, ce qui pr\u00e9vient le d\u00e9clin cognitif.<\/span><\/p>\n<p><span style=\"font-weight: 400;\">Tu veux un objet d\u00e9coratif vraiment remarquable ? Ach\u00e8te maintenant Paul Ranson puzzle 1000 pi\u00e8ces &#8211; Pommier avec fruits rouges de la collection de puzzles d&rsquo;art, recr\u00e9e l&rsquo;image et apporte l&rsquo;esprit innovant et original de l&rsquo;avant-garde dans ta maison. Ce merveilleux ensemble de puzzles peut \u00eatre un excellent cadeau pour un ami adulte amateur de puzzles et d&rsquo;\u0153uvres d&rsquo;art.<\/span><\/p>\n<p><\/p>\n","protected":false},"excerpt":{"rendered":"<p>Reconstruis les images d&rsquo;\u0153uvres d&rsquo;art c\u00e9l\u00e8bres et d\u00e9couvre les histoires in\u00e9dites derri\u00e8re leur cr\u00e9ation. Choisis tes favoris parmi des centaines<\/p>\n","protected":false},"featured_media":64285,"template":"","meta":[],"product_brand":[],"product_cat":[2314,2316,2315],"product_tag":[],"class_list":{"0":"post-51414","1":"product","2":"type-product","3":"status-publish","4":"has-post-thumbnail","6":"product_cat-puzzles-fr","7":"product_cat-puzzles-de-1000-pieces","8":"product_cat-puzzles-pour-adultes","9":"pa_bax-10-fr","10":"pa_brand-d_toys-fr","11":"pa_country_of_manufacture-ro-fr","12":"pa_filter_age-14-fr","13":"pa_painter-johnwilliamwaterhouse-fr","14":"pa_tip_ambalaj-boite","15":"pa_tip_puzzle-classique","17":"first","18":"instock","19":"taxable","20":"shipping-taxable","21":"product-type-simple"},"yoast_head":"<!-- This site is optimized with the Yoast SEO plugin v20.1 - https:\/\/yoast.com\/wordpress\/plugins\/seo\/ -->\n<title>Puzzle adulte Paul Ranson - Pommier avec fruits rouges -1000 pi\u00e8ces<\/title>\n<meta name=\"description\" content=\"Puzzle adulte Paul Ranson - Pommier avec fruits rouges -1000 pi\u00e8ces\" \/>\n<meta name=\"robots\" content=\"index, follow, max-snippet:-1, max-image-preview:large, max-video-preview:-1\" \/>\n<link rel=\"canonical\" href=\"https:\/\/business.roovi.com\/fr\/puzzle-adulte-paul-ranson-pommier-avec-fruits-rouges-1000-pieces\/p\/\" \/>\n<meta property=\"og:locale\" content=\"fr_FR\" \/>\n<meta property=\"og:type\" content=\"article\" \/>\n<meta property=\"og:title\" content=\"Puzzle adulte Paul Ranson - Pommier avec fruits rouges -1000 pi\u00e8ces\" \/>\n<meta property=\"og:description\" content=\"Puzzle adulte Paul Ranson - Pommier avec fruits rouges -1000 pi\u00e8ces\" \/>\n<meta property=\"og:url\" content=\"https:\/\/business.roovi.com\/fr\/puzzle-adulte-paul-ranson-pommier-avec-fruits-rouges-1000-pieces\/p\/\" \/>\n<meta property=\"og:site_name\" content=\"Roovi B2B\" \/>\n<meta property=\"article:publisher\" content=\"https:\/\/www.facebook.com\/wwwjucariero\" \/>\n<meta property=\"article:modified_time\" content=\"2022-07-13T10:12:29+00:00\" \/>\n<meta property=\"og:image\" content=\"https:\/\/business.roovi.com\/wp-content\/uploads\/2021\/03\/77431-01_ansamblu_dimensiuni_cutie_cm-800x800.png\" \/>\n\t<meta property=\"og:image:width\" content=\"800\" \/>\n\t<meta property=\"og:image:height\" content=\"800\" \/>\n\t<meta property=\"og:image:type\" content=\"image\/png\" \/>\n<meta name=\"twitter:label1\" content=\"Dur\u00e9e de lecture estim\u00e9e\" \/>\n\t<meta name=\"twitter:data1\" content=\"3 minutes\" \/>\n<script type=\"application\/ld+json\" class=\"yoast-schema-graph\">{\"@context\":\"https:\/\/schema.org\",\"@graph\":[{\"@type\":\"WebPage\",\"@id\":\"https:\/\/business.roovi.com\/fr\/puzzle-adulte-paul-ranson-pommier-avec-fruits-rouges-1000-pieces\/p\/\",\"url\":\"https:\/\/business.roovi.com\/fr\/puzzle-adulte-paul-ranson-pommier-avec-fruits-rouges-1000-pieces\/p\/\",\"name\":\"Puzzle adulte Paul Ranson - Pommier avec fruits rouges -1000 pi\u00e8ces\",\"isPartOf\":{\"@id\":\"https:\/\/business.roovi.com\/fr\/#website\"},\"datePublished\":\"2021-03-09T09:31:38+00:00\",\"dateModified\":\"2022-07-13T10:12:29+00:00\",\"description\":\"Puzzle adulte Paul Ranson - Pommier avec fruits rouges -1000 pi\u00e8ces\",\"breadcrumb\":{\"@id\":\"https:\/\/business.roovi.com\/fr\/puzzle-adulte-paul-ranson-pommier-avec-fruits-rouges-1000-pieces\/p\/#breadcrumb\"},\"inLanguage\":\"fr-FR\",\"potentialAction\":[{\"@type\":\"ReadAction\",\"target\":[\"https:\/\/business.roovi.com\/fr\/puzzle-adulte-paul-ranson-pommier-avec-fruits-rouges-1000-pieces\/p\/\"]}]},{\"@type\":\"BreadcrumbList\",\"@id\":\"https:\/\/business.roovi.com\/fr\/puzzle-adulte-paul-ranson-pommier-avec-fruits-rouges-1000-pieces\/p\/#breadcrumb\",\"itemListElement\":[{\"@type\":\"ListItem\",\"position\":1,\"name\":\"Home\",\"item\":\"https:\/\/business.roovi.com\/fr\/\"},{\"@type\":\"ListItem\",\"position\":2,\"name\":\"Boutique\",\"item\":\"https:\/\/business.roovi.com\/fr\/boutique\/\"},{\"@type\":\"ListItem\",\"position\":3,\"name\":\"Puzzle adulte Paul Ranson &#8211; Pommier avec fruits rouges -1000 pi\u00e8ces\"}]},{\"@type\":\"WebSite\",\"@id\":\"https:\/\/business.roovi.com\/fr\/#website\",\"url\":\"https:\/\/business.roovi.com\/fr\/\",\"name\":\"Roovi B2B\",\"description\":\"Roovi Business Website\",\"potentialAction\":[{\"@type\":\"SearchAction\",\"target\":{\"@type\":\"EntryPoint\",\"urlTemplate\":\"https:\/\/business.roovi.com\/fr\/?s={search_term_string}\"},\"query-input\":\"required name=search_term_string\"}],\"inLanguage\":\"fr-FR\"}]}<\/script>\n<!-- \/ Yoast SEO plugin. -->","yoast_head_json":{"title":"Puzzle adulte Paul Ranson - Pommier avec fruits rouges -1000 pi\u00e8ces","description":"Puzzle adulte Paul Ranson - Pommier avec fruits rouges -1000 pi\u00e8ces","robots":{"index":"index","follow":"follow","max-snippet":"max-snippet:-1","max-image-preview":"max-image-preview:large","max-video-preview":"max-video-preview:-1"},"canonical":"https:\/\/business.roovi.com\/fr\/puzzle-adulte-paul-ranson-pommier-avec-fruits-rouges-1000-pieces\/p\/","og_locale":"fr_FR","og_type":"article","og_title":"Puzzle adulte Paul Ranson - Pommier avec fruits rouges -1000 pi\u00e8ces","og_description":"Puzzle adulte Paul Ranson - Pommier avec fruits rouges -1000 pi\u00e8ces","og_url":"https:\/\/business.roovi.com\/fr\/puzzle-adulte-paul-ranson-pommier-avec-fruits-rouges-1000-pieces\/p\/","og_site_name":"Roovi B2B","article_publisher":"https:\/\/www.facebook.com\/wwwjucariero","article_modified_time":"2022-07-13T10:12:29+00:00","og_image":[{"width":800,"height":800,"url":"https:\/\/business.roovi.com\/wp-content\/uploads\/2021\/03\/77431-01_ansamblu_dimensiuni_cutie_cm-800x800.png","type":"image\/png"}],"twitter_misc":{"Dur\u00e9e de lecture estim\u00e9e":"3 minutes"},"schema":{"@context":"https:\/\/schema.org","@graph":[{"@type":"WebPage","@id":"https:\/\/business.roovi.com\/fr\/puzzle-adulte-paul-ranson-pommier-avec-fruits-rouges-1000-pieces\/p\/","url":"https:\/\/business.roovi.com\/fr\/puzzle-adulte-paul-ranson-pommier-avec-fruits-rouges-1000-pieces\/p\/","name":"Puzzle adulte Paul Ranson - Pommier avec fruits rouges -1000 pi\u00e8ces","isPartOf":{"@id":"https:\/\/business.roovi.com\/fr\/#website"},"datePublished":"2021-03-09T09:31:38+00:00","dateModified":"2022-07-13T10:12:29+00:00","description":"Puzzle adulte Paul Ranson - Pommier avec fruits rouges -1000 pi\u00e8ces","breadcrumb":{"@id":"https:\/\/business.roovi.com\/fr\/puzzle-adulte-paul-ranson-pommier-avec-fruits-rouges-1000-pieces\/p\/#breadcrumb"},"inLanguage":"fr-FR","potentialAction":[{"@type":"ReadAction","target":["https:\/\/business.roovi.com\/fr\/puzzle-adulte-paul-ranson-pommier-avec-fruits-rouges-1000-pieces\/p\/"]}]},{"@type":"BreadcrumbList","@id":"https:\/\/business.roovi.com\/fr\/puzzle-adulte-paul-ranson-pommier-avec-fruits-rouges-1000-pieces\/p\/#breadcrumb","itemListElement":[{"@type":"ListItem","position":1,"name":"Home","item":"https:\/\/business.roovi.com\/fr\/"},{"@type":"ListItem","position":2,"name":"Boutique","item":"https:\/\/business.roovi.com\/fr\/boutique\/"},{"@type":"ListItem","position":3,"name":"Puzzle adulte Paul Ranson &#8211; Pommier avec fruits rouges -1000 pi\u00e8ces"}]},{"@type":"WebSite","@id":"https:\/\/business.roovi.com\/fr\/#website","url":"https:\/\/business.roovi.com\/fr\/","name":"Roovi B2B","description":"Roovi Business Website","potentialAction":[{"@type":"SearchAction","target":{"@type":"EntryPoint","urlTemplate":"https:\/\/business.roovi.com\/fr\/?s={search_term_string}"},"query-input":"required name=search_term_string"}],"inLanguage":"fr-FR"}]}},"_links":{"self":[{"href":"https:\/\/business.roovi.com\/fr\/wp-json\/wp\/v2\/product\/51414","targetHints":{"allow":["GET"]}}],"collection":[{"href":"https:\/\/business.roovi.com\/fr\/wp-json\/wp\/v2\/product"}],"about":[{"href":"https:\/\/business.roovi.com\/fr\/wp-json\/wp\/v2\/types\/product"}],"version-history":[{"count":0,"href":"https:\/\/business.roovi.com\/fr\/wp-json\/wp\/v2\/product\/51414\/revisions"}],"wp:featuredmedia":[{"embeddable":true,"href":"https:\/\/business.roovi.com\/fr\/wp-json\/wp\/v2\/media\/64285"}],"wp:attachment":[{"href":"https:\/\/business.roovi.com\/fr\/wp-json\/wp\/v2\/media?parent=51414"}],"wp:term":[{"taxonomy":"product_brand","embeddable":true,"href":"https:\/\/business.roovi.com\/fr\/wp-json\/wp\/v2\/product_brand?post=51414"},{"taxonomy":"product_cat","embeddable":true,"href":"https:\/\/business.roovi.com\/fr\/wp-json\/wp\/v2\/product_cat?post=51414"},{"taxonomy":"product_tag","embeddable":true,"href":"https:\/\/business.roovi.com\/fr\/wp-json\/wp\/v2\/product_tag?post=51414"}],"curies":[{"name":"wp","href":"https:\/\/api.w.org\/{rel}","templated":true}]}}