{"id":51422,"date":"2021-03-09T09:29:20","date_gmt":"2021-03-09T09:29:20","guid":{"rendered":"https:\/\/business.roovi.com\/puzzle-adulti-1000-piese-paul-klee-fish-magic-magia-pestilor\/p\/"},"modified":"2023-02-24T12:18:03","modified_gmt":"2023-02-24T12:18:03","slug":"puzzle-adulte-1000-pieces-paul-klee-fish-magic","status":"publish","type":"product","link":"https:\/\/business.roovi.com\/fr\/puzzle-adulte-1000-pieces-paul-klee-fish-magic\/p\/","title":{"rendered":"Puzzle adulte 1000 pi\u00e8ces Paul Klee &#8211; Fish Magic"},"content":{"rendered":"<p><span style=\"font-weight: 400; line-height: 14px; font-size: 14px;\">La gamme de puzzles d&rsquo;art de D-Toys apporte couleur et sophistication \u00e0 ta maison. Ach\u00e8te maintenant les puzzles de 1000 pi\u00e8ces les plus fascinants avec des images de tableaux c\u00e9l\u00e8bres et cr\u00e9e tes propres chefs-d&rsquo;\u0153uvre artistiques \u00e0 partir de jeux de puzzle uniques et originaux <\/span><\/p>\n<p><span style=\"font-weight: 400; line-height: 14px; font-size: 14px;\">Le puzzle de 1000 pi\u00e8ces de Paul Klee &#8211; Fish Magic t&rsquo;introduit dans l&rsquo;atmosph\u00e8re surr\u00e9aliste de tableaux c\u00e9l\u00e8bres. La magie du poisson est, en fait, une combinaison d&rsquo;entit\u00e9s aquatiques, c\u00e9lestes et terrestres. Les figures color\u00e9es semblent ray\u00e9es sur le fond sombre et myst\u00e9rieux. D\u00e9couvre la magie de la force imaginative de cette \u0153uvre d&rsquo;art et recr\u00e9e le chef-d&rsquo;\u0153uvre \u00e0 partir de 1000 pi\u00e8ces de puzzle.<\/span><\/p>\n<p><span style=\"font-weight: 400; line-height: 14px; font-size: 14px;\">Lis plus sur le puzzle artistique Paul Klee &#8211; Fish Magic ci-dessous :<\/span><\/p>\n<p><span style=\"line-height: 14px; font-size: 14px;\"><strong>Dimensions de l&rsquo;image reconstruite : 50 x 70 cm<\/strong><\/span><\/p>\n<p><span style=\"line-height: 14px; font-size: 14px;\"><strong>Mat\u00e9riau du puzzle <\/strong><\/span><\/p>\n<p><span style=\"line-height: 14px; font-size: 14px;\"><strong>carton bleu de haute qualit\u00e9<\/strong><\/span><\/p>\n<p><span style=\"line-height: 14px; font-size: 14px;\"><strong>des mat\u00e9riaux durables et recyclables<\/strong><\/span><\/p>\n<p><span style=\"line-height: 14px; font-size: 14px;\"><strong>finition semi-brillante, couleurs vives<\/strong><\/span><\/p>\n<p><span style=\"line-height: 14px; font-size: 14px;\"><strong>Nombre de pi\u00e8ces de puzzle : 1000<\/strong><\/span><\/p>\n<p><span style=\"line-height: 14px; font-size: 14px;\"><strong>\u00c2ge recommand\u00e9 : 14+<\/strong><\/span><\/p>\n<p><span style=\"line-height: 14px; font-size: 14px;\"><strong>Tu veux devenir bon en logique ? Assemble 1000 pi\u00e8ces de puzzle chaque jour !<\/strong><\/span><\/p>\n<p><span style=\"font-weight: 400; line-height: 14px; font-size: 14px;\">Les jeux de puzzle stimulent l&rsquo;activit\u00e9 c\u00e9r\u00e9brale et encouragent la pens\u00e9e syst\u00e9matique et logique. M\u00eame si les centaines de pi\u00e8ces du puzzle 1000 semblent \u00eatre un chaos au d\u00e9but, \u00e0 mesure que tu \u00e9labores des strat\u00e9gies, que tu analyses et que tu trouves les bonnes pi\u00e8ces, le jeu devient un m\u00e9canisme logique. Plus tu fais de puzzles de 1000 pi\u00e8ces, plus tu t&rsquo;am\u00e9liores et, bien s\u00fbr, plus ta logique fonctionne <\/span><\/p>\n<p><span style=\"line-height: 14px; font-size: 14px;\"><strong>Savais-tu que pendant l&rsquo;assemblage de jeux de puzzle, le cerveau s\u00e9cr\u00e8te plus de dopamine ?<\/strong><\/span><\/p>\n<p><span style=\"font-weight: 400; line-height: 14px; font-size: 14px;\">La dopamine est un neurotransmetteur responsable de la sensation de bien-\u00eatre, de bonheur et de satisfaction. Avec chaque puzzle de 1000 pi\u00e8ces retravaill\u00e9, la satisfaction d&rsquo;un travail r\u00e9ussi augmente et tu veux faire autant de puzzles pour adultes que possible. Il est normal d&rsquo;avoir ce d\u00e9sir et maintenant expliqu\u00e9 scientifiquement. Alors ne rate pas l&rsquo;occasion de te sentir combl\u00e9 et d&rsquo;assembler des puzzles de 1000 pi\u00e8ces jour apr\u00e8s jour !<\/span><\/p>\n<p><span style=\"line-height: 14px; font-size: 14px;\"><strong>Tu connaissais Paul Klee ?&#8230;<\/strong><\/span><\/p>\n<ul>\n<li><span style=\"font-weight: 400; line-height: 14px; font-size: 14px;\">C&rsquo;\u00e9tait un peintre suisse de nationalit\u00e9 allemande, repr\u00e9sentant du mouvement d&rsquo;avant-garde allemand.<\/span><\/li>\n<li><span style=\"font-weight: 400; line-height: 14px; font-size: 14px;\">Il a altern\u00e9 entre une carri\u00e8re de violoniste et de peintre.<\/span><\/li>\n<li><span style=\"font-weight: 400; line-height: 14px; font-size: 14px;\">Ses \u0153uvres sont complexes et cachent souvent des symboles subtils. Les titres de ses tableaux sont parfois des jeux de mots qui font r\u00e9fl\u00e9chir.<\/span><\/li>\n<li><span style=\"line-height: 14px; font-size: 14px;\"><span style=\"font-weight: 400;\">Lorsque le r\u00e9gime hitl\u00e9rien est arriv\u00e9 au pouvoir en 1933, l&rsquo;artiste a \u00e9t\u00e9 renvoy\u00e9 de son poste d&rsquo;enseignant \u00e0 l&rsquo;\u00e9cole <\/span><span style=\"font-weight: 400;\">L&rsquo;Acad\u00e9mie des Beaux-Arts de D\u00fcsseldorf et ses \u0153uvres ont \u00e9t\u00e9 confisqu\u00e9es.<\/span><\/span><\/li>\n<li><span style=\"font-weight: 400; line-height: 14px; font-size: 14px;\">Il admirait le travail de Picasso et a adopt\u00e9 le style cubiste de Picasso dans certaines de ses \u0153uvres.<\/span><\/li>\n<\/ul>\n<p><span style=\"line-height: 14px; font-size: 14px;\"><strong> Autres avantages des puzzles d&rsquo;art<\/strong><\/span><\/p>\n<ul>\n<li><span style=\"font-weight: 400; line-height: 14px; font-size: 14px;\">Tu vas cultiver ton sens de l&rsquo;esth\u00e9tique.<\/span><\/li>\n<li><span style=\"font-weight: 400; line-height: 14px; font-size: 14px;\">Cr\u00e9e ta propre \u0153uvre d&rsquo;art \u00e0 partir d&rsquo;un puzzle de 1000 pi\u00e8ces.<\/span><\/li>\n<li><span style=\"font-weight: 400; line-height: 14px; font-size: 14px;\">Tu approfondiras tes connaissances des \u0153uvres d&rsquo;art.<\/span><\/li>\n<li><span style=\"font-weight: 400; line-height: 14px; font-size: 14px;\">Jusqu&rsquo;\u00e0 30 heures d&rsquo;amusement sont garanties.<\/span><\/li>\n<li><span style=\"font-weight: 400; line-height: 14px; font-size: 14px;\">Tu pourras cr\u00e9er une galerie d&rsquo;art enti\u00e8re \u00e0 partir de puzzles de 1000 pi\u00e8ces.<\/span><\/li>\n<li><span style=\"font-weight: 400; line-height: 14px; font-size: 14px;\">Tu vas am\u00e9liorer tes comp\u00e9tences en mati\u00e8re d&rsquo;assemblage de puzzle.<\/span><\/li>\n<\/ul>\n<p><span style=\"font-weight: 400; line-height: 14px; font-size: 14px;\">Ach\u00e8te maintenant le puzzle de 1000 pi\u00e8ces Paul Klee &#8211; Fish Magic et ose entrer dans le monde \u00e9tonnant des \u0153uvres d&rsquo;art. Tu peux reconstituer l&rsquo;image dans ce jeu de puzzle avec tes amis ou ta famille. Tu vas appr\u00e9cier ensemble une peinture d&rsquo;art \u00e9tonnante. Fais plaisir \u00e0 un ami amateur de jeux de puzzle en lui offrant ce merveilleux puzzle de 1000 pi\u00e8ces de notre collection de puzzles d&rsquo;art.<\/span><\/p>\n","protected":false},"excerpt":{"rendered":"<p>La gamme de puzzles d&rsquo;art de D-Toys apporte couleur et sophistication \u00e0 ta maison. Ach\u00e8te maintenant les puzzles de 1000<\/p>\n","protected":false},"featured_media":64213,"template":"","meta":[],"product_brand":[],"product_cat":[2314,2316,2315],"product_tag":[],"class_list":{"0":"post-51422","1":"product","2":"type-product","3":"status-publish","4":"has-post-thumbnail","6":"product_cat-puzzles-fr","7":"product_cat-puzzles-de-1000-pieces","8":"product_cat-puzzles-pour-adultes","9":"pa_bax-10-fr","10":"pa_brand-d_toys-fr","11":"pa_country_of_manufacture-ro-fr","12":"pa_filter_age-14-fr","13":"pa_painter-johnwilliamwaterhouse-fr","14":"pa_tip_ambalaj-boite","15":"pa_tip_puzzle-classique","17":"first","18":"instock","19":"taxable","20":"shipping-taxable","21":"product-type-simple"},"yoast_head":"<!-- This site is optimized with the Yoast SEO plugin v20.1 - https:\/\/yoast.com\/wordpress\/plugins\/seo\/ -->\n<title>Puzzle adulte 1000 pi\u00e8ces Paul Klee - Fish Magic<\/title>\n<meta name=\"description\" content=\"Puzzle adulte 1000 pi\u00e8ces Paul Klee - Fish Magic\" \/>\n<meta name=\"robots\" content=\"index, follow, max-snippet:-1, max-image-preview:large, max-video-preview:-1\" \/>\n<link rel=\"canonical\" href=\"https:\/\/business.roovi.com\/fr\/puzzle-adulte-1000-pieces-paul-klee-fish-magic\/p\/\" \/>\n<meta property=\"og:locale\" content=\"fr_FR\" \/>\n<meta property=\"og:type\" content=\"article\" \/>\n<meta property=\"og:title\" content=\"Puzzle adulte 1000 pi\u00e8ces Paul Klee - Fish Magic\" \/>\n<meta property=\"og:description\" content=\"Puzzle adulte 1000 pi\u00e8ces Paul Klee - Fish Magic\" \/>\n<meta property=\"og:url\" content=\"https:\/\/business.roovi.com\/fr\/puzzle-adulte-1000-pieces-paul-klee-fish-magic\/p\/\" \/>\n<meta property=\"og:site_name\" content=\"Roovi B2B\" \/>\n<meta property=\"article:publisher\" content=\"https:\/\/www.facebook.com\/wwwjucariero\" \/>\n<meta property=\"article:modified_time\" content=\"2023-02-24T12:18:03+00:00\" \/>\n<meta property=\"og:image\" content=\"https:\/\/business.roovi.com\/wp-content\/uploads\/2021\/03\/77424-KL-01-WEB.jpg\" \/>\n\t<meta property=\"og:image:width\" content=\"1200\" \/>\n\t<meta property=\"og:image:height\" content=\"1200\" \/>\n\t<meta property=\"og:image:type\" content=\"image\/jpeg\" \/>\n<meta name=\"twitter:label1\" content=\"Dur\u00e9e de lecture estim\u00e9e\" \/>\n\t<meta name=\"twitter:data1\" content=\"4 minutes\" \/>\n<script type=\"application\/ld+json\" class=\"yoast-schema-graph\">{\"@context\":\"https:\/\/schema.org\",\"@graph\":[{\"@type\":\"WebPage\",\"@id\":\"https:\/\/business.roovi.com\/fr\/puzzle-adulte-1000-pieces-paul-klee-fish-magic\/p\/\",\"url\":\"https:\/\/business.roovi.com\/fr\/puzzle-adulte-1000-pieces-paul-klee-fish-magic\/p\/\",\"name\":\"Puzzle adulte 1000 pi\u00e8ces Paul Klee - Fish Magic\",\"isPartOf\":{\"@id\":\"https:\/\/business.roovi.com\/fr\/#website\"},\"datePublished\":\"2021-03-09T09:29:20+00:00\",\"dateModified\":\"2023-02-24T12:18:03+00:00\",\"description\":\"Puzzle adulte 1000 pi\u00e8ces Paul Klee - Fish Magic\",\"breadcrumb\":{\"@id\":\"https:\/\/business.roovi.com\/fr\/puzzle-adulte-1000-pieces-paul-klee-fish-magic\/p\/#breadcrumb\"},\"inLanguage\":\"fr-FR\",\"potentialAction\":[{\"@type\":\"ReadAction\",\"target\":[\"https:\/\/business.roovi.com\/fr\/puzzle-adulte-1000-pieces-paul-klee-fish-magic\/p\/\"]}]},{\"@type\":\"BreadcrumbList\",\"@id\":\"https:\/\/business.roovi.com\/fr\/puzzle-adulte-1000-pieces-paul-klee-fish-magic\/p\/#breadcrumb\",\"itemListElement\":[{\"@type\":\"ListItem\",\"position\":1,\"name\":\"Home\",\"item\":\"https:\/\/business.roovi.com\/fr\/\"},{\"@type\":\"ListItem\",\"position\":2,\"name\":\"Boutique\",\"item\":\"https:\/\/business.roovi.com\/fr\/boutique\/\"},{\"@type\":\"ListItem\",\"position\":3,\"name\":\"Puzzle adulte 1000 pi\u00e8ces Paul Klee &#8211; Fish Magic\"}]},{\"@type\":\"WebSite\",\"@id\":\"https:\/\/business.roovi.com\/fr\/#website\",\"url\":\"https:\/\/business.roovi.com\/fr\/\",\"name\":\"Roovi B2B\",\"description\":\"Roovi Business Website\",\"potentialAction\":[{\"@type\":\"SearchAction\",\"target\":{\"@type\":\"EntryPoint\",\"urlTemplate\":\"https:\/\/business.roovi.com\/fr\/?s={search_term_string}\"},\"query-input\":\"required name=search_term_string\"}],\"inLanguage\":\"fr-FR\"}]}<\/script>\n<!-- \/ Yoast SEO plugin. -->","yoast_head_json":{"title":"Puzzle adulte 1000 pi\u00e8ces Paul Klee - Fish Magic","description":"Puzzle adulte 1000 pi\u00e8ces Paul Klee - Fish Magic","robots":{"index":"index","follow":"follow","max-snippet":"max-snippet:-1","max-image-preview":"max-image-preview:large","max-video-preview":"max-video-preview:-1"},"canonical":"https:\/\/business.roovi.com\/fr\/puzzle-adulte-1000-pieces-paul-klee-fish-magic\/p\/","og_locale":"fr_FR","og_type":"article","og_title":"Puzzle adulte 1000 pi\u00e8ces Paul Klee - Fish Magic","og_description":"Puzzle adulte 1000 pi\u00e8ces Paul Klee - Fish Magic","og_url":"https:\/\/business.roovi.com\/fr\/puzzle-adulte-1000-pieces-paul-klee-fish-magic\/p\/","og_site_name":"Roovi B2B","article_publisher":"https:\/\/www.facebook.com\/wwwjucariero","article_modified_time":"2023-02-24T12:18:03+00:00","og_image":[{"width":1200,"height":1200,"url":"https:\/\/business.roovi.com\/wp-content\/uploads\/2021\/03\/77424-KL-01-WEB.jpg","type":"image\/jpeg"}],"twitter_misc":{"Dur\u00e9e de lecture estim\u00e9e":"4 minutes"},"schema":{"@context":"https:\/\/schema.org","@graph":[{"@type":"WebPage","@id":"https:\/\/business.roovi.com\/fr\/puzzle-adulte-1000-pieces-paul-klee-fish-magic\/p\/","url":"https:\/\/business.roovi.com\/fr\/puzzle-adulte-1000-pieces-paul-klee-fish-magic\/p\/","name":"Puzzle adulte 1000 pi\u00e8ces Paul Klee - Fish Magic","isPartOf":{"@id":"https:\/\/business.roovi.com\/fr\/#website"},"datePublished":"2021-03-09T09:29:20+00:00","dateModified":"2023-02-24T12:18:03+00:00","description":"Puzzle adulte 1000 pi\u00e8ces Paul Klee - Fish Magic","breadcrumb":{"@id":"https:\/\/business.roovi.com\/fr\/puzzle-adulte-1000-pieces-paul-klee-fish-magic\/p\/#breadcrumb"},"inLanguage":"fr-FR","potentialAction":[{"@type":"ReadAction","target":["https:\/\/business.roovi.com\/fr\/puzzle-adulte-1000-pieces-paul-klee-fish-magic\/p\/"]}]},{"@type":"BreadcrumbList","@id":"https:\/\/business.roovi.com\/fr\/puzzle-adulte-1000-pieces-paul-klee-fish-magic\/p\/#breadcrumb","itemListElement":[{"@type":"ListItem","position":1,"name":"Home","item":"https:\/\/business.roovi.com\/fr\/"},{"@type":"ListItem","position":2,"name":"Boutique","item":"https:\/\/business.roovi.com\/fr\/boutique\/"},{"@type":"ListItem","position":3,"name":"Puzzle adulte 1000 pi\u00e8ces Paul Klee &#8211; Fish Magic"}]},{"@type":"WebSite","@id":"https:\/\/business.roovi.com\/fr\/#website","url":"https:\/\/business.roovi.com\/fr\/","name":"Roovi B2B","description":"Roovi Business Website","potentialAction":[{"@type":"SearchAction","target":{"@type":"EntryPoint","urlTemplate":"https:\/\/business.roovi.com\/fr\/?s={search_term_string}"},"query-input":"required name=search_term_string"}],"inLanguage":"fr-FR"}]}},"_links":{"self":[{"href":"https:\/\/business.roovi.com\/fr\/wp-json\/wp\/v2\/product\/51422","targetHints":{"allow":["GET"]}}],"collection":[{"href":"https:\/\/business.roovi.com\/fr\/wp-json\/wp\/v2\/product"}],"about":[{"href":"https:\/\/business.roovi.com\/fr\/wp-json\/wp\/v2\/types\/product"}],"version-history":[{"count":0,"href":"https:\/\/business.roovi.com\/fr\/wp-json\/wp\/v2\/product\/51422\/revisions"}],"wp:featuredmedia":[{"embeddable":true,"href":"https:\/\/business.roovi.com\/fr\/wp-json\/wp\/v2\/media\/64213"}],"wp:attachment":[{"href":"https:\/\/business.roovi.com\/fr\/wp-json\/wp\/v2\/media?parent=51422"}],"wp:term":[{"taxonomy":"product_brand","embeddable":true,"href":"https:\/\/business.roovi.com\/fr\/wp-json\/wp\/v2\/product_brand?post=51422"},{"taxonomy":"product_cat","embeddable":true,"href":"https:\/\/business.roovi.com\/fr\/wp-json\/wp\/v2\/product_cat?post=51422"},{"taxonomy":"product_tag","embeddable":true,"href":"https:\/\/business.roovi.com\/fr\/wp-json\/wp\/v2\/product_tag?post=51422"}],"curies":[{"name":"wp","href":"https:\/\/api.w.org\/{rel}","templated":true}]}}