{"id":51428,"date":"2021-03-09T09:26:09","date_gmt":"2021-03-09T09:26:09","guid":{"rendered":"https:\/\/business.roovi.com\/puzzle-adulti-mary-cassatt-little-girl-in-a-blue-armchair-1000-piese\/p\/"},"modified":"2022-07-13T10:12:31","modified_gmt":"2022-07-13T10:12:31","slug":"puzzle-adulte-mary-cassatt-petite-fille-dans-un-fauteuil-bleu-1000-pieces","status":"publish","type":"product","link":"https:\/\/business.roovi.com\/fr\/puzzle-adulte-mary-cassatt-petite-fille-dans-un-fauteuil-bleu-1000-pieces\/p\/","title":{"rendered":"Puzzle adulte Mary Cassatt &#8211; Petite fille dans un fauteuil bleu &#8211; 1000 pi\u00e8ces"},"content":{"rendered":"<p><span style=\"font-weight: 400; font-size: 14px; line-height: 14px;\">Trouve des peintures c\u00e9l\u00e8bres qui rendent des couleurs vives, de l&rsquo;expressivit\u00e9 et de l&rsquo;harmonie dans la plus grande gamme de puzzles d&rsquo;art en Roumanie. Tu peux admirer les peintures de L\u00e9onard de Vinci, Rembrandt, Van Gogh et d&rsquo;autres artistes c\u00e9l\u00e8bres dans des puzzles de 1000 pi\u00e8ces <\/span><\/p>\n<p><span style=\"font-size: 14px; line-height: 14px;\"><strong>Mary Cassatt &#8211; Petite fille dans un fauteuil bleu Puzzle de 1000 pi\u00e8ces<\/strong><span style=\"font-weight: 400;\"> rend le chef-d&rsquo;\u0153uvre \u00e9ponyme de turquoise profond d&rsquo;une artiste qui a inspir\u00e9 les femmes du monde entier et dont l&rsquo;\u0153uvre a eu un impact \u00e9norme sur le monde de l&rsquo;art. Cassatt a cr\u00e9\u00e9 un portrait repr\u00e9sentant de fa\u00e7on r\u00e9aliste l&rsquo;ennui d&rsquo;un enfant pendant une s\u00e9ance de peinture. Bien que certains aient trouv\u00e9 la position en fauteuil r\u00e9pr\u00e9hensible, l&rsquo;artiste a magistralement captur\u00e9 l&rsquo;\u00e9tat naturel de l&rsquo;enfant <\/span><\/span><\/p>\n<p><span style=\"font-size: 14px; line-height: 14px;\"><span style=\"font-weight: 400;\">Ce puzzle d&rsquo;art est fabriqu\u00e9 avec des mat\u00e9riaux de haute qualit\u00e9 pour que les pi\u00e8ces s&#8217;embo\u00eetent parfaitement chaque fois que tu veux recr\u00e9er l&rsquo;image. Autres caract\u00e9ristiques du puzzle de 1000 pi\u00e8ces <\/span><span style=\"font-weight: 400;\">Mary Cassatt &#8211; Petite fille dans un fauteuil bleu :<\/span><\/span><\/p>\n<p><span style=\"font-size: 14px; line-height: 14px;\"><strong>Dimensions de l&rsquo;image reconstruite : 50 x 70 cm.<\/strong><span style=\"font-weight: 400;\"> Tu peux utiliser une table basse ordinaire pour l&rsquo;assemblage.<\/span><\/span><\/p>\n<p><span style=\"font-size: 14px; line-height: 14px;\"><strong>Mat\u00e9riau du puzzle <\/strong><\/span><\/p>\n<p><span style=\"font-size: 14px; line-height: 14px;\"><strong>carton bleu de haute qualit\u00e9<\/strong><\/span><\/p>\n<p><span style=\"font-size: 14px; line-height: 14px;\"><strong>des mat\u00e9riaux durables et recyclables<\/strong><\/span><\/p>\n<p><span style=\"font-size: 14px; line-height: 14px;\"><strong>finition semi-brillante, couleurs vives<\/strong><\/span><\/p>\n<p><span style=\"font-size: 14px; line-height: 14px;\"><strong>Nombre de pi\u00e8ces de puzzle : 1000<\/strong><\/span><\/p>\n<p><span style=\"font-size: 14px; line-height: 14px;\"><strong>\u00c2ge recommand\u00e9 : 14+<\/strong><\/span><\/p>\n<p><span style=\"font-size: 14px; line-height: 14px;\"><strong>Jeux de puzzle et avantages pour la sant\u00e9<\/strong><\/span><\/p>\n<p><span style=\"font-weight: 400; font-size: 14px; line-height: 14px;\">Les puzzles pour adultes entra\u00eenent ton cerveau et l&rsquo;aident \u00e0 rester en bonne sant\u00e9. De plus, tu trouveras d&rsquo;autres <strong>avantages<\/strong>, comme par exemple :<\/span><\/p>\n<p><span style=\"font-size: 14px; line-height: 14px;\"><strong>Maintenir la pression sanguine et la fr\u00e9quence cardiaque dans des limites normales<\/strong><span style=\"font-weight: 400;\"> &#8211; C&rsquo;est parce que ton esprit et ton corps se d\u00e9tendent pendant l&rsquo;activit\u00e9 d&rsquo;assemblage du jeu de puzzle. Ainsi, le corps atteint un niveau d&rsquo;\u00e9quilibre et tous les organes fonctionnent correctement.<\/span><\/span><\/p>\n<p><span style=\"font-size: 14px; line-height: 14px;\"><strong>Am\u00e9lioration de la m\u00e9moire <\/strong><span style=\"font-weight: 400;\">Un puzzle de 1000 pi\u00e8ces entra\u00eene ta m\u00e9moire \u00e0 court terme. Il te met au d\u00e9fi de te souvenir des formes, des couleurs, mais aussi de remarquer de nouvelles fa\u00e7ons de les assembler. Cet exercice t&rsquo;aidera aussi dans d&rsquo;autres activit\u00e9s impliquant la m\u00e9moire et la concentration.<\/span><\/span><\/p>\n<p><span style=\"font-size: 14px; line-height: 14px;\"><strong>D\u00e9connecte-toi des probl\u00e8mes quotidiens <\/strong><span style=\"font-weight: 400;\">Assemble des puzzles artistiques tous les jours et tu t&rsquo;\u00e9vaderas dans un monde de paix et de couleurs, loin des soucis quotidiens et des pens\u00e9es qui ne te donnent aucune paix.  <\/span><\/span><\/p>\n<h4><span style=\"font-size: 14px; line-height: 14px;\"><strong>5 choses que tu ne savais pas sur l&rsquo;artiste <\/strong><strong>Mary Cassatt<\/strong><\/span><\/h4>\n<p><span style=\"font-weight: 400; font-size: 14px; line-height: 14px;\">1. Elle a \u00e9t\u00e9 la seule artiste am\u00e9ricaine \u00e0 exposer aux c\u00f4t\u00e9s des impressionnistes \u00e0 Paris.<\/span><\/p>\n<p><span style=\"font-size: 14px; line-height: 14px;\"><span style=\"font-weight: 400;\">2. Elle l&rsquo;a soutenu moralement et financi\u00e8rement, <\/span><span style=\"font-weight: 400;\">le mouvement pour le suffrage des femmes<\/span><\/span><\/p>\n<p><span style=\"font-weight: 400; font-size: 14px; line-height: 14px;\">3. Bien qu&rsquo;elle vienne d&rsquo;une famille de banquiers, son p\u00e8re a refus\u00e9 de payer son mat\u00e9riel de peinture. Le manque de soutien de sa famille l&rsquo;a rendue ambitieuse pour atteindre l&rsquo;ind\u00e9pendance financi\u00e8re de la peinture.<\/span><\/p>\n<p><span style=\"font-weight: 400; font-size: 14px; line-height: 14px;\">4. En tant que femme, il lui \u00e9tait interdit d&rsquo;utiliser des mod\u00e8les vivants et elle n&rsquo;\u00e9tait autoris\u00e9e \u00e0 dessiner qu&rsquo;\u00e0 partir d&rsquo;objets inanim\u00e9s.<\/span><\/p>\n<p><span style=\"font-weight: 400; font-size: 14px; line-height: 14px;\">5. Elle a \u00e9tudi\u00e9 \u00e0 Paris et \u00e9tait la meilleure amie du peintre Edgar Degas. Elle a pos\u00e9 pour lui et l&rsquo;artiste a produit deux gravures de Cassatt au Louvre. Ni l&rsquo;un ni l&rsquo;autre ne s&rsquo;est jamais mari\u00e9 et il a \u00e9t\u00e9 sp\u00e9cul\u00e9 qu&rsquo;ils \u00e9taient li\u00e9s par plus qu&rsquo;une belle amiti\u00e9, mais aucune preuve n&rsquo;a jamais \u00e9t\u00e9 trouv\u00e9e pour prouver cette sp\u00e9culation.<\/span><\/p>\n<p><span style=\"font-size: 14px; line-height: 14px;\"><strong>Les jeux de puzzle te mettent au d\u00e9fi d&rsquo;apprendre de nouvelles choses !<\/strong><\/span><\/p>\n<p><span style=\"font-weight: 400; font-size: 14px; line-height: 14px;\">Pour d\u00e9velopper des strat\u00e9gies d&rsquo;assemblage, pour examiner les probl\u00e8mes sous plusieurs angles, pour vouloir en savoir plus sur l&rsquo;histoire derri\u00e8re l&rsquo;\u0153uvre d&rsquo;art. C&rsquo;est le nombre de d\u00e9fis de connaissances qu&rsquo;un jeu de puzzle te propose ! <\/span><\/p>\n<p><span style=\"font-size: 14px; line-height: 14px;\"><span style=\"font-weight: 400;\">Les puzzles de 1000 pi\u00e8ces de la collection de puzzles d&rsquo;art t&rsquo;ouvrent l&rsquo;app\u00e9tit pour l&rsquo;art et un monde fascinant. Acheter des puzzles de 1000 pi\u00e8ces <\/span><span style=\"font-weight: 400;\">Mary Cassatt &#8211; Petite fille dans un fauteuil bleu et lance-toi dans un nouveau voyage de connaissances ! Fais le cadeau de ce merveilleux jeu de puzzle et apporte du bonheur sur le visage d&rsquo;un ami cher qui aime les puzzles de 1000 pi\u00e8ces.<\/span><\/span><\/p><\/p>\n","protected":false},"excerpt":{"rendered":"<p>Trouve des peintures c\u00e9l\u00e8bres qui rendent des couleurs vives, de l&rsquo;expressivit\u00e9 et de l&rsquo;harmonie dans la plus grande gamme de<\/p>\n","protected":false},"featured_media":64266,"template":"","meta":[],"product_brand":[],"product_cat":[2314,2316,2315],"product_tag":[],"class_list":{"0":"post-51428","1":"product","2":"type-product","3":"status-publish","4":"has-post-thumbnail","6":"product_cat-puzzles-fr","7":"product_cat-puzzles-de-1000-pieces","8":"product_cat-puzzles-pour-adultes","9":"pa_bax-10-fr","10":"pa_brand-d_toys-fr","11":"pa_country_of_manufacture-ro-fr","12":"pa_filter_age-14-fr","13":"pa_painter-johnwilliamwaterhouse-fr","14":"pa_tip_ambalaj-boite","15":"pa_tip_puzzle-classique","17":"first","18":"instock","19":"taxable","20":"shipping-taxable","21":"product-type-simple"},"yoast_head":"<!-- This site is optimized with the Yoast SEO plugin v20.1 - https:\/\/yoast.com\/wordpress\/plugins\/seo\/ -->\n<title>Puzzle adulte Mary Cassatt - Petite fille dans un fauteuil bleu - 1000 pi\u00e8ces<\/title>\n<meta name=\"description\" content=\"Puzzle adulte Mary Cassatt - Petite fille dans un fauteuil bleu - 1000 pi\u00e8ces\" \/>\n<meta name=\"robots\" content=\"index, follow, max-snippet:-1, max-image-preview:large, max-video-preview:-1\" \/>\n<link rel=\"canonical\" href=\"https:\/\/business.roovi.com\/fr\/puzzle-adulte-mary-cassatt-petite-fille-dans-un-fauteuil-bleu-1000-pieces\/p\/\" \/>\n<meta property=\"og:locale\" content=\"fr_FR\" \/>\n<meta property=\"og:type\" content=\"article\" \/>\n<meta property=\"og:title\" content=\"Puzzle adulte Mary Cassatt - Petite fille dans un fauteuil bleu - 1000 pi\u00e8ces\" \/>\n<meta property=\"og:description\" content=\"Puzzle adulte Mary Cassatt - Petite fille dans un fauteuil bleu - 1000 pi\u00e8ces\" \/>\n<meta property=\"og:url\" content=\"https:\/\/business.roovi.com\/fr\/puzzle-adulte-mary-cassatt-petite-fille-dans-un-fauteuil-bleu-1000-pieces\/p\/\" \/>\n<meta property=\"og:site_name\" content=\"Roovi B2B\" \/>\n<meta property=\"article:publisher\" content=\"https:\/\/www.facebook.com\/wwwjucariero\" \/>\n<meta property=\"article:modified_time\" content=\"2022-07-13T10:12:31+00:00\" \/>\n<meta property=\"og:image\" content=\"https:\/\/business.roovi.com\/wp-content\/uploads\/2021\/03\/77387-01_ansamblu_dimensiuni_cutie_cmg-800x800.png\" \/>\n\t<meta property=\"og:image:width\" content=\"800\" \/>\n\t<meta property=\"og:image:height\" content=\"800\" \/>\n\t<meta property=\"og:image:type\" content=\"image\/png\" \/>\n<meta name=\"twitter:label1\" content=\"Dur\u00e9e de lecture estim\u00e9e\" \/>\n\t<meta name=\"twitter:data1\" content=\"3 minutes\" \/>\n<script type=\"application\/ld+json\" class=\"yoast-schema-graph\">{\"@context\":\"https:\/\/schema.org\",\"@graph\":[{\"@type\":\"WebPage\",\"@id\":\"https:\/\/business.roovi.com\/fr\/puzzle-adulte-mary-cassatt-petite-fille-dans-un-fauteuil-bleu-1000-pieces\/p\/\",\"url\":\"https:\/\/business.roovi.com\/fr\/puzzle-adulte-mary-cassatt-petite-fille-dans-un-fauteuil-bleu-1000-pieces\/p\/\",\"name\":\"Puzzle adulte Mary Cassatt - Petite fille dans un fauteuil bleu - 1000 pi\u00e8ces\",\"isPartOf\":{\"@id\":\"https:\/\/business.roovi.com\/fr\/#website\"},\"datePublished\":\"2021-03-09T09:26:09+00:00\",\"dateModified\":\"2022-07-13T10:12:31+00:00\",\"description\":\"Puzzle adulte Mary Cassatt - Petite fille dans un fauteuil bleu - 1000 pi\u00e8ces\",\"breadcrumb\":{\"@id\":\"https:\/\/business.roovi.com\/fr\/puzzle-adulte-mary-cassatt-petite-fille-dans-un-fauteuil-bleu-1000-pieces\/p\/#breadcrumb\"},\"inLanguage\":\"fr-FR\",\"potentialAction\":[{\"@type\":\"ReadAction\",\"target\":[\"https:\/\/business.roovi.com\/fr\/puzzle-adulte-mary-cassatt-petite-fille-dans-un-fauteuil-bleu-1000-pieces\/p\/\"]}]},{\"@type\":\"BreadcrumbList\",\"@id\":\"https:\/\/business.roovi.com\/fr\/puzzle-adulte-mary-cassatt-petite-fille-dans-un-fauteuil-bleu-1000-pieces\/p\/#breadcrumb\",\"itemListElement\":[{\"@type\":\"ListItem\",\"position\":1,\"name\":\"Home\",\"item\":\"https:\/\/business.roovi.com\/fr\/\"},{\"@type\":\"ListItem\",\"position\":2,\"name\":\"Boutique\",\"item\":\"https:\/\/business.roovi.com\/fr\/boutique\/\"},{\"@type\":\"ListItem\",\"position\":3,\"name\":\"Puzzle adulte Mary Cassatt &#8211; Petite fille dans un fauteuil bleu &#8211; 1000 pi\u00e8ces\"}]},{\"@type\":\"WebSite\",\"@id\":\"https:\/\/business.roovi.com\/fr\/#website\",\"url\":\"https:\/\/business.roovi.com\/fr\/\",\"name\":\"Roovi B2B\",\"description\":\"Roovi Business Website\",\"potentialAction\":[{\"@type\":\"SearchAction\",\"target\":{\"@type\":\"EntryPoint\",\"urlTemplate\":\"https:\/\/business.roovi.com\/fr\/?s={search_term_string}\"},\"query-input\":\"required name=search_term_string\"}],\"inLanguage\":\"fr-FR\"}]}<\/script>\n<!-- \/ Yoast SEO plugin. -->","yoast_head_json":{"title":"Puzzle adulte Mary Cassatt - Petite fille dans un fauteuil bleu - 1000 pi\u00e8ces","description":"Puzzle adulte Mary Cassatt - Petite fille dans un fauteuil bleu - 1000 pi\u00e8ces","robots":{"index":"index","follow":"follow","max-snippet":"max-snippet:-1","max-image-preview":"max-image-preview:large","max-video-preview":"max-video-preview:-1"},"canonical":"https:\/\/business.roovi.com\/fr\/puzzle-adulte-mary-cassatt-petite-fille-dans-un-fauteuil-bleu-1000-pieces\/p\/","og_locale":"fr_FR","og_type":"article","og_title":"Puzzle adulte Mary Cassatt - Petite fille dans un fauteuil bleu - 1000 pi\u00e8ces","og_description":"Puzzle adulte Mary Cassatt - Petite fille dans un fauteuil bleu - 1000 pi\u00e8ces","og_url":"https:\/\/business.roovi.com\/fr\/puzzle-adulte-mary-cassatt-petite-fille-dans-un-fauteuil-bleu-1000-pieces\/p\/","og_site_name":"Roovi B2B","article_publisher":"https:\/\/www.facebook.com\/wwwjucariero","article_modified_time":"2022-07-13T10:12:31+00:00","og_image":[{"width":800,"height":800,"url":"https:\/\/business.roovi.com\/wp-content\/uploads\/2021\/03\/77387-01_ansamblu_dimensiuni_cutie_cmg-800x800.png","type":"image\/png"}],"twitter_misc":{"Dur\u00e9e de lecture estim\u00e9e":"3 minutes"},"schema":{"@context":"https:\/\/schema.org","@graph":[{"@type":"WebPage","@id":"https:\/\/business.roovi.com\/fr\/puzzle-adulte-mary-cassatt-petite-fille-dans-un-fauteuil-bleu-1000-pieces\/p\/","url":"https:\/\/business.roovi.com\/fr\/puzzle-adulte-mary-cassatt-petite-fille-dans-un-fauteuil-bleu-1000-pieces\/p\/","name":"Puzzle adulte Mary Cassatt - Petite fille dans un fauteuil bleu - 1000 pi\u00e8ces","isPartOf":{"@id":"https:\/\/business.roovi.com\/fr\/#website"},"datePublished":"2021-03-09T09:26:09+00:00","dateModified":"2022-07-13T10:12:31+00:00","description":"Puzzle adulte Mary Cassatt - Petite fille dans un fauteuil bleu - 1000 pi\u00e8ces","breadcrumb":{"@id":"https:\/\/business.roovi.com\/fr\/puzzle-adulte-mary-cassatt-petite-fille-dans-un-fauteuil-bleu-1000-pieces\/p\/#breadcrumb"},"inLanguage":"fr-FR","potentialAction":[{"@type":"ReadAction","target":["https:\/\/business.roovi.com\/fr\/puzzle-adulte-mary-cassatt-petite-fille-dans-un-fauteuil-bleu-1000-pieces\/p\/"]}]},{"@type":"BreadcrumbList","@id":"https:\/\/business.roovi.com\/fr\/puzzle-adulte-mary-cassatt-petite-fille-dans-un-fauteuil-bleu-1000-pieces\/p\/#breadcrumb","itemListElement":[{"@type":"ListItem","position":1,"name":"Home","item":"https:\/\/business.roovi.com\/fr\/"},{"@type":"ListItem","position":2,"name":"Boutique","item":"https:\/\/business.roovi.com\/fr\/boutique\/"},{"@type":"ListItem","position":3,"name":"Puzzle adulte Mary Cassatt &#8211; Petite fille dans un fauteuil bleu &#8211; 1000 pi\u00e8ces"}]},{"@type":"WebSite","@id":"https:\/\/business.roovi.com\/fr\/#website","url":"https:\/\/business.roovi.com\/fr\/","name":"Roovi B2B","description":"Roovi Business Website","potentialAction":[{"@type":"SearchAction","target":{"@type":"EntryPoint","urlTemplate":"https:\/\/business.roovi.com\/fr\/?s={search_term_string}"},"query-input":"required name=search_term_string"}],"inLanguage":"fr-FR"}]}},"_links":{"self":[{"href":"https:\/\/business.roovi.com\/fr\/wp-json\/wp\/v2\/product\/51428","targetHints":{"allow":["GET"]}}],"collection":[{"href":"https:\/\/business.roovi.com\/fr\/wp-json\/wp\/v2\/product"}],"about":[{"href":"https:\/\/business.roovi.com\/fr\/wp-json\/wp\/v2\/types\/product"}],"version-history":[{"count":0,"href":"https:\/\/business.roovi.com\/fr\/wp-json\/wp\/v2\/product\/51428\/revisions"}],"wp:featuredmedia":[{"embeddable":true,"href":"https:\/\/business.roovi.com\/fr\/wp-json\/wp\/v2\/media\/64266"}],"wp:attachment":[{"href":"https:\/\/business.roovi.com\/fr\/wp-json\/wp\/v2\/media?parent=51428"}],"wp:term":[{"taxonomy":"product_brand","embeddable":true,"href":"https:\/\/business.roovi.com\/fr\/wp-json\/wp\/v2\/product_brand?post=51428"},{"taxonomy":"product_cat","embeddable":true,"href":"https:\/\/business.roovi.com\/fr\/wp-json\/wp\/v2\/product_cat?post=51428"},{"taxonomy":"product_tag","embeddable":true,"href":"https:\/\/business.roovi.com\/fr\/wp-json\/wp\/v2\/product_tag?post=51428"}],"curies":[{"name":"wp","href":"https:\/\/api.w.org\/{rel}","templated":true}]}}