{"id":51452,"date":"2021-03-09T09:05:55","date_gmt":"2021-03-09T09:05:55","guid":{"rendered":"https:\/\/business.roovi.com\/puzzle-adulti-pierre-auguste-renoir-in-brittany-1000-piese\/p\/"},"modified":"2022-07-13T10:12:35","modified_gmt":"2022-07-13T10:12:35","slug":"puzzle-adulte-pierre-auguste-renoir-en-bretagne-1000-pieces","status":"publish","type":"product","link":"https:\/\/business.roovi.com\/fr\/puzzle-adulte-pierre-auguste-renoir-en-bretagne-1000-pieces\/p\/","title":{"rendered":"Puzzle adulte Pierre-Auguste Renoir &#8211; En Bretagne &#8211; 1000 pi\u00e8ces"},"content":{"rendered":"<p><span style=\"font-weight: 400; font-size: 14px; line-height: 14px;\">Les puzzles de 1000 pi\u00e8ces de la collection de puzzles d&rsquo;art sont color\u00e9s, fascinants, vibrants. De plus, elles sont fabriqu\u00e9es \u00e0 partir de mat\u00e9riaux de la plus haute qualit\u00e9, de sorte que lorsque la peinture est termin\u00e9e, tu vois les plus fins d\u00e9tails de l&rsquo;\u0153uvre qu&rsquo;elles repr\u00e9sentent. D\u00e9couvre l&rsquo;offre compl\u00e8te maintenant !<\/span><\/p>\n<p><span style=\"font-weight: 400; font-size: 14px; line-height: 14px;\">Le puzzle de 1000 pi\u00e8ces Pierre-Auguste Renoir &#8211; En Bretagne reproduit l&rsquo;image du tableau \u00e9ponyme peint dans le style impressionniste. L&rsquo;artiste a captur\u00e9 dans une sc\u00e8ne vibrante un moment pass\u00e9 en vacances en Bretagne avec Aline Charigot et leur fils Pierre, alors \u00e2g\u00e9 de 18 mois. Tu peux recr\u00e9er cette image vive et color\u00e9e dans le confort de ton propre salon, en utilisant une table basse ordinaire comme toile de fond. La peinture finale mesure 50 x 70 cm <\/span><\/p>\n<p><span style=\"font-weight: 400; font-size: 14px; line-height: 14px;\">Autres caract\u00e9ristiques du puzzle d&rsquo;art Pierre-Auguste Renoir &#8211; En Bretagne :<\/span><\/p>\n<p><span style=\"font-size: 14px; line-height: 14px;\"><strong>Mat\u00e9riau du puzzle <\/strong><\/span><\/p>\n<p><span style=\"font-size: 14px; line-height: 14px;\"><strong>carton bleu de haute qualit\u00e9<\/strong><\/span><\/p>\n<p><span style=\"font-size: 14px; line-height: 14px;\"><strong>des mat\u00e9riaux durables et recyclables<\/strong><\/span><\/p>\n<p><span style=\"font-size: 14px; line-height: 14px;\"><strong>finition semi-brillante, couleurs vives<\/strong><\/span><\/p>\n<p><span style=\"font-size: 14px; line-height: 14px;\"><strong>Nombre de pi\u00e8ces de puzzle : 1000<\/strong><\/span><\/p>\n<p><span style=\"font-size: 14px; line-height: 14px;\"><strong>\u00c2ge recommand\u00e9 : 14+<\/strong><\/span><\/p>\n<p><span style=\"font-size: 14px; line-height: 14px;\"><strong>Jeux de puzzle &#8211; un plaisir relaxant pour les journ\u00e9es ennuyeuses<\/strong><\/span><\/p>\n<p><span style=\"font-weight: 400; font-size: 14px; line-height: 14px;\">Tu cherches un moyen de te d\u00e9tendre pour passer ton temps ? Que tu sois seule ou en compagnie de tes proches, les jeux de puzzle \u00e0 assembler sont un excellent moyen de rompre la monotonie des journ\u00e9es pluvieuses ou froides.<\/span><\/p>\n<p><span style=\"font-size: 14px; line-height: 14px;\"><strong>Les jeux de puzzle &#8211; t&rsquo;aident \u00e0 augmenter ta productivit\u00e9<\/strong><\/span><\/p>\n<p><span style=\"font-weight: 400; font-size: 14px; line-height: 14px;\">Assembler des puzzles de 1000 pi\u00e8ces te d\u00e9tend et te donne un sentiment d&rsquo;optimisme. Lorsque tu es d\u00e9tendu et heureux, tu peux te concentrer plus facilement et garder ton attention sur une t\u00e2che particuli\u00e8re. Cela t&rsquo;aide \u00e0 accomplir tes t\u00e2ches quotidiennes plus rapidement et mieux et augmente ta productivit\u00e9.<\/span><\/p>\n<p><span style=\"font-size: 14px; line-height: 14px;\"><strong>Tu connaissais Renoir ?<\/strong><\/span><\/p>\n<p><span style=\"font-weight: 400; font-size: 14px; line-height: 14px;\">Il \u00e9tait l&rsquo;un des principaux fondateurs de l&rsquo;impressionnisme, avec Claude Monet.<\/span><\/p>\n<p><span style=\"font-weight: 400; font-size: 14px; line-height: 14px;\">Il a montr\u00e9 une tendance h\u00e9doniste dans son art, estimant que ses \u0153uvres devaient faire appel \u00e0 une humeur agr\u00e9able.<\/span><\/p>\n<p><span style=\"font-weight: 400; font-size: 14px; line-height: 14px;\">L&rsquo;artiste aimait peindre les gens, surtout les belles femmes fran\u00e7aises, et les natures mortes, bien qu&rsquo;elles ne soient pas le th\u00e8me principal de son travail, \u00e9taient peintes de mani\u00e8re aussi belle et \u00e9l\u00e9gante que les figures f\u00e9minines.<\/span><\/p>\n<h3><span style=\"font-weight: 400; font-size: 14px; line-height: 14px;\">Renoir a voyag\u00e9 dans de nombreuses r\u00e9gions du monde pour d\u00e9couvrir les \u0153uvres d&rsquo;autres artistes c\u00e9l\u00e8bres. Il est all\u00e9 \u00e0 Madrid pour voir les \u0153uvres de Velazquez et \u00e0 Florence pour admirer Titien.<\/span><\/h3>\n<p><span style=\"font-size: 14px; line-height: 14px;\"><span style=\"font-weight: 400;\">Il est le p\u00e8re du c\u00e9l\u00e8bre r\u00e9alisateur de films <\/span><span style=\"font-weight: 400;\">Jean Renoir.<\/span><\/span><\/p>\n<p><span style=\"font-size: 14px; line-height: 14px;\"><strong>Avec le puzzle de 1000 pi\u00e8ces, ton cerveau part \u00e0 la chasse au tr\u00e9sor !<\/strong><\/span><\/p>\n<p><span style=\"font-weight: 400; font-size: 14px; line-height: 14px;\">&#8230; ce qui est bon pour lui et l&rsquo;entra\u00eene ! Gr\u00e2ce aux jeux de puzzle, tu utilises ta logique et tu d\u00e9couvres les formes, les couleurs et les endroits o\u00f9 les pi\u00e8ces s&rsquo;assemblent. Tu es \u00e0 la chasse aux indices, comme un vrai d\u00e9tective. Bien que la fin soit pr\u00e9visible, cette activit\u00e9 est particuli\u00e8rement stimulante pour le cerveau et te donne un merveilleux sentiment de satisfaction <\/span><\/p>\n<p><span style=\"font-size: 14px; line-height: 14px;\"><span style=\"font-weight: 400;\">Laisse-toi entra\u00eener dans cette aventure de la connaissance avec le puzzle artistique <\/span><span style=\"font-weight: 400;\">Pierre-Auguste Renoir &#8211; En Bretagne et profite d&rsquo;une exp\u00e9rience unique ! Ach\u00e8te ce puzzle de 1000 pi\u00e8ces et recr\u00e9e l&rsquo;image avec tes proches. Tu auras jusqu&rsquo;\u00e0 30 heures de plaisir garanti avec un jeu de puzzle exceptionnel.<\/span><\/span><\/p>\n<p><span style=\"font-size: 14px; line-height: 14px;\"><span style=\"font-weight: 400;\">Puzzle de 1000 pi\u00e8ces <\/span><span style=\"font-weight: 400;\">Pierre-Auguste Renoir &#8211; En Bretagne est un excellent cadeau pour les amis qui aiment les puzzles d&rsquo;art ou les jeux de puzzle en g\u00e9n\u00e9ral.<\/span><span style=\"font-weight: 400;\"> <\/span><\/span><\/p><\/p>\n","protected":false},"excerpt":{"rendered":"<p>Les puzzles de 1000 pi\u00e8ces de la collection de puzzles d&rsquo;art sont color\u00e9s, fascinants, vibrants. De plus, elles sont fabriqu\u00e9es<\/p>\n","protected":false},"featured_media":62922,"template":"","meta":[],"product_brand":[],"product_cat":[2314,2316,2315],"product_tag":[],"class_list":{"0":"post-51452","1":"product","2":"type-product","3":"status-publish","4":"has-post-thumbnail","6":"product_cat-puzzles-fr","7":"product_cat-puzzles-de-1000-pieces","8":"product_cat-puzzles-pour-adultes","9":"pa_bax-10-fr","10":"pa_brand-d_toys-fr","11":"pa_country_of_manufacture-ro-fr","12":"pa_filter_age-14-fr","13":"pa_painter-pierreaugusterenoir-fr","14":"pa_tip_ambalaj-boite","15":"pa_tip_puzzle-classique","17":"first","18":"instock","19":"taxable","20":"shipping-taxable","21":"product-type-simple"},"yoast_head":"<!-- This site is optimized with the Yoast SEO plugin v20.1 - https:\/\/yoast.com\/wordpress\/plugins\/seo\/ -->\n<title>Puzzle adulte Pierre-Auguste Renoir - En Bretagne - 1000 pi\u00e8ces<\/title>\n<meta name=\"description\" content=\"Puzzle adulte Pierre-Auguste Renoir - En Bretagne - 1000 pi\u00e8ces\" \/>\n<meta name=\"robots\" content=\"index, follow, max-snippet:-1, max-image-preview:large, max-video-preview:-1\" \/>\n<link rel=\"canonical\" href=\"https:\/\/business.roovi.com\/fr\/puzzle-adulte-pierre-auguste-renoir-en-bretagne-1000-pieces\/p\/\" \/>\n<meta property=\"og:locale\" content=\"fr_FR\" \/>\n<meta property=\"og:type\" content=\"article\" \/>\n<meta property=\"og:title\" content=\"Puzzle adulte Pierre-Auguste Renoir - En Bretagne - 1000 pi\u00e8ces\" \/>\n<meta property=\"og:description\" content=\"Puzzle adulte Pierre-Auguste Renoir - En Bretagne - 1000 pi\u00e8ces\" \/>\n<meta property=\"og:url\" content=\"https:\/\/business.roovi.com\/fr\/puzzle-adulte-pierre-auguste-renoir-en-bretagne-1000-pieces\/p\/\" \/>\n<meta property=\"og:site_name\" content=\"Roovi B2B\" \/>\n<meta property=\"article:publisher\" content=\"https:\/\/www.facebook.com\/wwwjucariero\" \/>\n<meta property=\"article:modified_time\" content=\"2022-07-13T10:12:35+00:00\" \/>\n<meta property=\"og:image\" content=\"https:\/\/business.roovi.com\/wp-content\/uploads\/2021\/03\/66909-12_ansamblu_dimensiuni_cutie_cm-800x800.png\" \/>\n\t<meta property=\"og:image:width\" content=\"800\" \/>\n\t<meta property=\"og:image:height\" content=\"800\" \/>\n\t<meta property=\"og:image:type\" content=\"image\/png\" \/>\n<meta name=\"twitter:label1\" content=\"Dur\u00e9e de lecture estim\u00e9e\" \/>\n\t<meta name=\"twitter:data1\" content=\"3 minutes\" \/>\n<script type=\"application\/ld+json\" class=\"yoast-schema-graph\">{\"@context\":\"https:\/\/schema.org\",\"@graph\":[{\"@type\":\"WebPage\",\"@id\":\"https:\/\/business.roovi.com\/fr\/puzzle-adulte-pierre-auguste-renoir-en-bretagne-1000-pieces\/p\/\",\"url\":\"https:\/\/business.roovi.com\/fr\/puzzle-adulte-pierre-auguste-renoir-en-bretagne-1000-pieces\/p\/\",\"name\":\"Puzzle adulte Pierre-Auguste Renoir - En Bretagne - 1000 pi\u00e8ces\",\"isPartOf\":{\"@id\":\"https:\/\/business.roovi.com\/fr\/#website\"},\"datePublished\":\"2021-03-09T09:05:55+00:00\",\"dateModified\":\"2022-07-13T10:12:35+00:00\",\"description\":\"Puzzle adulte Pierre-Auguste Renoir - En Bretagne - 1000 pi\u00e8ces\",\"breadcrumb\":{\"@id\":\"https:\/\/business.roovi.com\/fr\/puzzle-adulte-pierre-auguste-renoir-en-bretagne-1000-pieces\/p\/#breadcrumb\"},\"inLanguage\":\"fr-FR\",\"potentialAction\":[{\"@type\":\"ReadAction\",\"target\":[\"https:\/\/business.roovi.com\/fr\/puzzle-adulte-pierre-auguste-renoir-en-bretagne-1000-pieces\/p\/\"]}]},{\"@type\":\"BreadcrumbList\",\"@id\":\"https:\/\/business.roovi.com\/fr\/puzzle-adulte-pierre-auguste-renoir-en-bretagne-1000-pieces\/p\/#breadcrumb\",\"itemListElement\":[{\"@type\":\"ListItem\",\"position\":1,\"name\":\"Home\",\"item\":\"https:\/\/business.roovi.com\/fr\/\"},{\"@type\":\"ListItem\",\"position\":2,\"name\":\"Boutique\",\"item\":\"https:\/\/business.roovi.com\/fr\/boutique\/\"},{\"@type\":\"ListItem\",\"position\":3,\"name\":\"Puzzle adulte Pierre-Auguste Renoir &#8211; En Bretagne &#8211; 1000 pi\u00e8ces\"}]},{\"@type\":\"WebSite\",\"@id\":\"https:\/\/business.roovi.com\/fr\/#website\",\"url\":\"https:\/\/business.roovi.com\/fr\/\",\"name\":\"Roovi B2B\",\"description\":\"Roovi Business Website\",\"potentialAction\":[{\"@type\":\"SearchAction\",\"target\":{\"@type\":\"EntryPoint\",\"urlTemplate\":\"https:\/\/business.roovi.com\/fr\/?s={search_term_string}\"},\"query-input\":\"required name=search_term_string\"}],\"inLanguage\":\"fr-FR\"}]}<\/script>\n<!-- \/ Yoast SEO plugin. -->","yoast_head_json":{"title":"Puzzle adulte Pierre-Auguste Renoir - En Bretagne - 1000 pi\u00e8ces","description":"Puzzle adulte Pierre-Auguste Renoir - En Bretagne - 1000 pi\u00e8ces","robots":{"index":"index","follow":"follow","max-snippet":"max-snippet:-1","max-image-preview":"max-image-preview:large","max-video-preview":"max-video-preview:-1"},"canonical":"https:\/\/business.roovi.com\/fr\/puzzle-adulte-pierre-auguste-renoir-en-bretagne-1000-pieces\/p\/","og_locale":"fr_FR","og_type":"article","og_title":"Puzzle adulte Pierre-Auguste Renoir - En Bretagne - 1000 pi\u00e8ces","og_description":"Puzzle adulte Pierre-Auguste Renoir - En Bretagne - 1000 pi\u00e8ces","og_url":"https:\/\/business.roovi.com\/fr\/puzzle-adulte-pierre-auguste-renoir-en-bretagne-1000-pieces\/p\/","og_site_name":"Roovi B2B","article_publisher":"https:\/\/www.facebook.com\/wwwjucariero","article_modified_time":"2022-07-13T10:12:35+00:00","og_image":[{"width":800,"height":800,"url":"https:\/\/business.roovi.com\/wp-content\/uploads\/2021\/03\/66909-12_ansamblu_dimensiuni_cutie_cm-800x800.png","type":"image\/png"}],"twitter_misc":{"Dur\u00e9e de lecture estim\u00e9e":"3 minutes"},"schema":{"@context":"https:\/\/schema.org","@graph":[{"@type":"WebPage","@id":"https:\/\/business.roovi.com\/fr\/puzzle-adulte-pierre-auguste-renoir-en-bretagne-1000-pieces\/p\/","url":"https:\/\/business.roovi.com\/fr\/puzzle-adulte-pierre-auguste-renoir-en-bretagne-1000-pieces\/p\/","name":"Puzzle adulte Pierre-Auguste Renoir - En Bretagne - 1000 pi\u00e8ces","isPartOf":{"@id":"https:\/\/business.roovi.com\/fr\/#website"},"datePublished":"2021-03-09T09:05:55+00:00","dateModified":"2022-07-13T10:12:35+00:00","description":"Puzzle adulte Pierre-Auguste Renoir - En Bretagne - 1000 pi\u00e8ces","breadcrumb":{"@id":"https:\/\/business.roovi.com\/fr\/puzzle-adulte-pierre-auguste-renoir-en-bretagne-1000-pieces\/p\/#breadcrumb"},"inLanguage":"fr-FR","potentialAction":[{"@type":"ReadAction","target":["https:\/\/business.roovi.com\/fr\/puzzle-adulte-pierre-auguste-renoir-en-bretagne-1000-pieces\/p\/"]}]},{"@type":"BreadcrumbList","@id":"https:\/\/business.roovi.com\/fr\/puzzle-adulte-pierre-auguste-renoir-en-bretagne-1000-pieces\/p\/#breadcrumb","itemListElement":[{"@type":"ListItem","position":1,"name":"Home","item":"https:\/\/business.roovi.com\/fr\/"},{"@type":"ListItem","position":2,"name":"Boutique","item":"https:\/\/business.roovi.com\/fr\/boutique\/"},{"@type":"ListItem","position":3,"name":"Puzzle adulte Pierre-Auguste Renoir &#8211; En Bretagne &#8211; 1000 pi\u00e8ces"}]},{"@type":"WebSite","@id":"https:\/\/business.roovi.com\/fr\/#website","url":"https:\/\/business.roovi.com\/fr\/","name":"Roovi B2B","description":"Roovi Business Website","potentialAction":[{"@type":"SearchAction","target":{"@type":"EntryPoint","urlTemplate":"https:\/\/business.roovi.com\/fr\/?s={search_term_string}"},"query-input":"required name=search_term_string"}],"inLanguage":"fr-FR"}]}},"_links":{"self":[{"href":"https:\/\/business.roovi.com\/fr\/wp-json\/wp\/v2\/product\/51452","targetHints":{"allow":["GET"]}}],"collection":[{"href":"https:\/\/business.roovi.com\/fr\/wp-json\/wp\/v2\/product"}],"about":[{"href":"https:\/\/business.roovi.com\/fr\/wp-json\/wp\/v2\/types\/product"}],"version-history":[{"count":0,"href":"https:\/\/business.roovi.com\/fr\/wp-json\/wp\/v2\/product\/51452\/revisions"}],"wp:featuredmedia":[{"embeddable":true,"href":"https:\/\/business.roovi.com\/fr\/wp-json\/wp\/v2\/media\/62922"}],"wp:attachment":[{"href":"https:\/\/business.roovi.com\/fr\/wp-json\/wp\/v2\/media?parent=51452"}],"wp:term":[{"taxonomy":"product_brand","embeddable":true,"href":"https:\/\/business.roovi.com\/fr\/wp-json\/wp\/v2\/product_brand?post=51452"},{"taxonomy":"product_cat","embeddable":true,"href":"https:\/\/business.roovi.com\/fr\/wp-json\/wp\/v2\/product_cat?post=51452"},{"taxonomy":"product_tag","embeddable":true,"href":"https:\/\/business.roovi.com\/fr\/wp-json\/wp\/v2\/product_tag?post=51452"}],"curies":[{"name":"wp","href":"https:\/\/api.w.org\/{rel}","templated":true}]}}