{"id":51461,"date":"2021-03-09T09:04:15","date_gmt":"2021-03-09T09:04:15","guid":{"rendered":"https:\/\/business.roovi.com\/puzzle-adulti-pierre-auguste-renoir-bouquet-of-roses-1000-piese\/p\/"},"modified":"2022-07-13T10:12:38","modified_gmt":"2022-07-13T10:12:38","slug":"puzzle-adulte-pierre-auguste-renoir-bouquet-de-roses-1000-pieces","status":"publish","type":"product","link":"https:\/\/business.roovi.com\/fr\/puzzle-adulte-pierre-auguste-renoir-bouquet-de-roses-1000-pieces\/p\/","title":{"rendered":"Puzzle adulte Pierre-Auguste Renoir &#8211; Bouquet de roses &#8211; 1000 pi\u00e8ces"},"content":{"rendered":"<p><span style=\"font-weight: 400; font-size: 14px; line-height: 14px;\">Que dirais-tu d&rsquo;encadrer et d&rsquo;admirer ton \u0153uvre d&rsquo;art pr\u00e9f\u00e9r\u00e9e chaque fois que tu ressens le besoin de t&rsquo;\u00e9chapper de l&rsquo;agitation de la vie quotidienne ? Avec la plus grande collection de puzzles d&rsquo;art, tu as maintenant cette possibilit\u00e9. Ach\u00e8te des puzzles de 1000 pi\u00e8ces, assemble-les et profite des images de tes \u0153uvres d&rsquo;art les plus ch\u00e8res.<\/span><\/p>\n<p><span style=\"font-size: 14px; line-height: 14px;\"><span style=\"font-weight: 400;\">Pierre-Auguste Renoir &#8211; Bouquet of Roses\/Bouquet of Roses Puzzle 1000 Piece apporte dans ta maison une magnifique peinture parfaitement r\u00e9alis\u00e9e par <\/span><span style=\"font-weight: 400;\">\u00ab\u00a0Le peintre des joies de la vie\u00a0\u00bb. On a dit que Renoir ne peignait des natures mortes que dans des moments de d\u00e9tente entre de grandes \u0153uvres c\u00e9l\u00e9brant la beaut\u00e9 et la sensualit\u00e9 f\u00e9minines. Fais l&rsquo;exp\u00e9rience d&rsquo;une relaxation compl\u00e8te en assemblant cet \u00e9tonnant puzzle artistique !<\/span><\/span><\/p>\n<p><span style=\"font-weight: 400; font-size: 14px; line-height: 14px;\">Pour en savoir plus sur les caract\u00e9ristiques du puzzle Renoir &#8211; Bouquet de roses de 1000 pi\u00e8ces, clique ici :<\/span><\/p>\n<p><span style=\"font-size: 14px; line-height: 14px;\"><strong>Dimensions de l&rsquo;image reconstruite : 50 x 70 cm.<\/strong><span style=\"font-weight: 400;\"> Tu peux utiliser une table basse ordinaire pour recr\u00e9er l&rsquo;image.<\/span><\/span><\/p>\n<p><span style=\"font-size: 14px; line-height: 14px;\"><strong>Mat\u00e9riau du puzzle <\/strong><\/span><\/p>\n<p><span style=\"font-size: 14px; line-height: 14px;\"><strong>carton bleu de haute qualit\u00e9<\/strong><\/span><\/p>\n<p><span style=\"font-size: 14px; line-height: 14px;\"><strong>des mat\u00e9riaux durables et recyclables<\/strong><\/span><\/p>\n<p><span style=\"font-size: 14px; line-height: 14px;\"><strong>finition semi-brillante, couleurs vives<\/strong><\/span><\/p>\n<p><span style=\"font-size: 14px; line-height: 14px;\"><strong>Nombre de pi\u00e8ces de puzzle : 1000<\/strong><\/span><\/p>\n<p><span style=\"font-size: 14px; line-height: 14px;\"><strong>\u00c2ge recommand\u00e9 : 14+<\/strong><\/span><\/p>\n<p><span style=\"font-size: 14px; line-height: 14px;\"><strong>Le puzzle de 1000 pi\u00e8ces te fait sortir de ta zone de confort et fait travailler ton cerveau !<\/strong><\/span><\/p>\n<p><span style=\"font-weight: 400; font-size: 14px; line-height: 14px;\">Tu as l&rsquo;habitude de passer ton temps libre devant des \u00e9crans ou assis confortablement sur le canap\u00e9 de ton salon ? Il est temps d&rsquo;essayer une nouvelle exp\u00e9rience ! Assemble un puzzle de 1000 pi\u00e8ces et entra\u00eene ton cerveau. Voici quelques-uns des avantages que l&rsquo;activit\u00e9 consistant \u00e0 assembler des puzzles a pour ta sant\u00e9 intellectuelle :<\/span><\/p>\n<p><span style=\"font-size: 14px; line-height: 14px;\"><strong>Am\u00e9liore la m\u00e9moire<\/strong><span style=\"font-weight: 400;\">. L&rsquo;activit\u00e9 consistant \u00e0 reconstituer les images des puzzles pour adultes renforce les connexions au niveau du cerveau et est un excellent moyen d&rsquo;am\u00e9liorer la m\u00e9moire \u00e0 court terme.<\/span><\/span><\/p>\n<p><span style=\"font-size: 14px; line-height: 14px;\"><strong>Entra\u00eene la concentration et l&rsquo;attention.<\/strong><span style=\"font-weight: 400;\"> Est-ce qu&rsquo;il est difficile de se concentrer sur un sujet important parce que ton esprit est toujours rempli de toutes sortes de pens\u00e9es ? Assemble des jeux de puzzle et tu verras comment ta capacit\u00e9 \u00e0 te concentrer et \u00e0 maintenir ton attention sur les d\u00e9tails s&rsquo;am\u00e9liore.<\/span><\/span><\/p>\n<p><span style=\"font-size: 14px; line-height: 14px;\"><strong>Am\u00e9liorer<\/strong> <strong>raisonnement visuel et spatial <\/strong><span style=\"font-weight: 400;\">Pour compl\u00e9ter un puzzle de 1000 pi\u00e8ces, tu dois remarquer les caract\u00e9ristiques individuelles des pi\u00e8ces, mais aussi leur place dans le grand tableau. Cet exercice constant am\u00e9liorera ton raisonnement visuel et spatial, que tu utilises, par exemple, pour garer ta voiture <\/span><\/span><\/p>\n<p><span style=\"font-size: 14px; line-height: 14px;\"><strong>R\u00e9duit le stress <\/strong><span style=\"font-weight: 400;\">Si tu cherches une activit\u00e9 qui t&rsquo;apporte d\u00e9tente et d\u00e9tachement des probl\u00e8mes quotidiens, assembler un puzzle de 1 000 pi\u00e8ces est exactement ce qu&rsquo;il te faut.<\/span><\/span><\/p>\n<p><span style=\"font-size: 14px; line-height: 14px;\"><strong>6 choses que tu ne savais pas sur Renoir<\/strong><\/span><\/p>\n<p><span style=\"font-weight: 400; font-size: 14px; line-height: 14px;\">1. \u00c0 cause de la pauvret\u00e9, il a rat\u00e9 sa chance de devenir chanteur. Il s&rsquo;av\u00e8re qu&rsquo;il \u00e9tait aussi tr\u00e8s dou\u00e9 pour la musique.<\/span><\/p>\n<p><span style=\"font-weight: 400; font-size: 14px; line-height: 14px;\">2. Son premier emploi \u00e0 13 ans \u00e9tait un poste de d\u00e9corateur de porcelaine.<\/span><\/p>\n<p><span style=\"font-weight: 400; font-size: 14px; line-height: 14px;\">3. \u00c0 Paris, il a \u00e9galement travaill\u00e9 avec le peintre roumain Nicolae Grigorescu.<\/span><\/p>\n<p><span style=\"font-size: 14px; line-height: 14px;\"><span style=\"font-weight: 400;\">4. Il \u00e9tait un admirateur avou\u00e9 de Wagner. Il a peint le portrait du musicien en moins de 30 minutes. L&rsquo;\u0153uvre peut encore \u00eatre admir\u00e9e aujourd&rsquo;hui \u00e0 l&rsquo;adresse suivante <\/span><span style=\"font-weight: 400;\">d&rsquo;Orsay.<\/span><\/span><\/p>\n<p><span style=\"font-weight: 400; font-size: 14px; line-height: 14px;\">5. Il a apparemment eu un enfant avec Lise Trehot, un mannequin r\u00e9mun\u00e9r\u00e9. Il n&rsquo;a jamais reconnu ce fils et a refus\u00e9 de parler de lui de son vivant.<\/span><\/p>\n<p><span style=\"font-weight: 400; font-size: 14px; line-height: 14px;\">6. Il a peint avec un pinceau attach\u00e9 \u00e0 sa main pendant la derni\u00e8re ann\u00e9e de sa vie. \u00c0 cause de la polyarthrite rhumato\u00efde dont il souffrait, sa main ne pouvait plus contr\u00f4ler sa main.<\/span><\/p>\n<p><span style=\"font-size: 14px; line-height: 14px;\"><strong>Les puzzles artistiques te projettent dans un monde diff\u00e9rent<\/strong><\/span><\/p>\n<p><span style=\"font-weight: 400; font-size: 14px; line-height: 14px;\">Lorsque tu assembles un puzzle artistique, un tout nouveau monde s&rsquo;ouvre \u00e0 toi. Tu te mets dans la peau du peintre et tu entres dans un monde de couleurs et de beaut\u00e9. Et enfin, un merveilleux sentiment de satisfaction t&rsquo;envahit, car tu as \u00e9t\u00e9 toi-m\u00eame le cr\u00e9ateur parfait d&rsquo;une \u0153uvre d&rsquo;art remarquable.<\/span><\/p>\n<p><span style=\"font-weight: 400; font-size: 14px; line-height: 14px;\">Laisse-toi emporter par la magie des couleurs dans le puzzle de 1000 pi\u00e8ces de Pierre-Auguste Renoir &#8211; Bouquet de Roses\/Bouquet of Roses et offre-toi jusqu&rsquo;\u00e0 30 heures de d\u00e9tente et de plaisir en compl\u00e9tant cet \u00e9tonnant puzzle d&rsquo;art. Ach\u00e8te le jeu de puzzles pour toi ou offre-le en cadeau \u00e0 un ami qui aime les puzzles artistiques.<\/span><\/p><\/p>\n","protected":false},"excerpt":{"rendered":"<p>Que dirais-tu d&rsquo;encadrer et d&rsquo;admirer ton \u0153uvre d&rsquo;art pr\u00e9f\u00e9r\u00e9e chaque fois que tu ressens le besoin de t&rsquo;\u00e9chapper de l&rsquo;agitation<\/p>\n","protected":false},"featured_media":62929,"template":"","meta":[],"product_brand":[],"product_cat":[2314,2316,2315],"product_tag":[],"class_list":{"0":"post-51461","1":"product","2":"type-product","3":"status-publish","4":"has-post-thumbnail","6":"product_cat-puzzles-fr","7":"product_cat-puzzles-de-1000-pieces","8":"product_cat-puzzles-pour-adultes","9":"pa_bax-10-fr","10":"pa_brand-d_toys-fr","11":"pa_country_of_manufacture-ro-fr","12":"pa_filter_age-14-fr","13":"pa_painter-pierreaugusterenoir-fr","14":"pa_tip_ambalaj-boite","15":"pa_tip_puzzle-classique","17":"first","18":"instock","19":"taxable","20":"shipping-taxable","21":"product-type-simple"},"yoast_head":"<!-- This site is optimized with the Yoast SEO plugin v20.1 - https:\/\/yoast.com\/wordpress\/plugins\/seo\/ -->\n<title>Puzzle adulte Pierre-Auguste Renoir - Bouquet de roses - 1000 pi\u00e8ces<\/title>\n<meta name=\"description\" content=\"Puzzle adulte Pierre-Auguste Renoir - Bouquet de roses - 1000 pi\u00e8ces\" \/>\n<meta name=\"robots\" content=\"index, follow, max-snippet:-1, max-image-preview:large, max-video-preview:-1\" \/>\n<link rel=\"canonical\" href=\"https:\/\/business.roovi.com\/fr\/puzzle-adulte-pierre-auguste-renoir-bouquet-de-roses-1000-pieces\/p\/\" \/>\n<meta property=\"og:locale\" content=\"fr_FR\" \/>\n<meta property=\"og:type\" content=\"article\" \/>\n<meta property=\"og:title\" content=\"Puzzle adulte Pierre-Auguste Renoir - Bouquet de roses - 1000 pi\u00e8ces\" \/>\n<meta property=\"og:description\" content=\"Puzzle adulte Pierre-Auguste Renoir - Bouquet de roses - 1000 pi\u00e8ces\" \/>\n<meta property=\"og:url\" content=\"https:\/\/business.roovi.com\/fr\/puzzle-adulte-pierre-auguste-renoir-bouquet-de-roses-1000-pieces\/p\/\" \/>\n<meta property=\"og:site_name\" content=\"Roovi B2B\" \/>\n<meta property=\"article:publisher\" content=\"https:\/\/www.facebook.com\/wwwjucariero\" \/>\n<meta property=\"article:modified_time\" content=\"2022-07-13T10:12:38+00:00\" \/>\n<meta property=\"og:image\" content=\"https:\/\/business.roovi.com\/wp-content\/uploads\/2021\/03\/66909-11_ansamblu_dimensiuni_cutie_cm-800x800.png\" \/>\n\t<meta property=\"og:image:width\" content=\"800\" \/>\n\t<meta property=\"og:image:height\" content=\"800\" \/>\n\t<meta property=\"og:image:type\" content=\"image\/png\" \/>\n<meta name=\"twitter:label1\" content=\"Dur\u00e9e de lecture estim\u00e9e\" \/>\n\t<meta name=\"twitter:data1\" content=\"4 minutes\" \/>\n<script type=\"application\/ld+json\" class=\"yoast-schema-graph\">{\"@context\":\"https:\/\/schema.org\",\"@graph\":[{\"@type\":\"WebPage\",\"@id\":\"https:\/\/business.roovi.com\/fr\/puzzle-adulte-pierre-auguste-renoir-bouquet-de-roses-1000-pieces\/p\/\",\"url\":\"https:\/\/business.roovi.com\/fr\/puzzle-adulte-pierre-auguste-renoir-bouquet-de-roses-1000-pieces\/p\/\",\"name\":\"Puzzle adulte Pierre-Auguste Renoir - Bouquet de roses - 1000 pi\u00e8ces\",\"isPartOf\":{\"@id\":\"https:\/\/business.roovi.com\/fr\/#website\"},\"datePublished\":\"2021-03-09T09:04:15+00:00\",\"dateModified\":\"2022-07-13T10:12:38+00:00\",\"description\":\"Puzzle adulte Pierre-Auguste Renoir - Bouquet de roses - 1000 pi\u00e8ces\",\"breadcrumb\":{\"@id\":\"https:\/\/business.roovi.com\/fr\/puzzle-adulte-pierre-auguste-renoir-bouquet-de-roses-1000-pieces\/p\/#breadcrumb\"},\"inLanguage\":\"fr-FR\",\"potentialAction\":[{\"@type\":\"ReadAction\",\"target\":[\"https:\/\/business.roovi.com\/fr\/puzzle-adulte-pierre-auguste-renoir-bouquet-de-roses-1000-pieces\/p\/\"]}]},{\"@type\":\"BreadcrumbList\",\"@id\":\"https:\/\/business.roovi.com\/fr\/puzzle-adulte-pierre-auguste-renoir-bouquet-de-roses-1000-pieces\/p\/#breadcrumb\",\"itemListElement\":[{\"@type\":\"ListItem\",\"position\":1,\"name\":\"Home\",\"item\":\"https:\/\/business.roovi.com\/fr\/\"},{\"@type\":\"ListItem\",\"position\":2,\"name\":\"Boutique\",\"item\":\"https:\/\/business.roovi.com\/fr\/boutique\/\"},{\"@type\":\"ListItem\",\"position\":3,\"name\":\"Puzzle adulte Pierre-Auguste Renoir &#8211; Bouquet de roses &#8211; 1000 pi\u00e8ces\"}]},{\"@type\":\"WebSite\",\"@id\":\"https:\/\/business.roovi.com\/fr\/#website\",\"url\":\"https:\/\/business.roovi.com\/fr\/\",\"name\":\"Roovi B2B\",\"description\":\"Roovi Business Website\",\"potentialAction\":[{\"@type\":\"SearchAction\",\"target\":{\"@type\":\"EntryPoint\",\"urlTemplate\":\"https:\/\/business.roovi.com\/fr\/?s={search_term_string}\"},\"query-input\":\"required name=search_term_string\"}],\"inLanguage\":\"fr-FR\"}]}<\/script>\n<!-- \/ Yoast SEO plugin. -->","yoast_head_json":{"title":"Puzzle adulte Pierre-Auguste Renoir - Bouquet de roses - 1000 pi\u00e8ces","description":"Puzzle adulte Pierre-Auguste Renoir - Bouquet de roses - 1000 pi\u00e8ces","robots":{"index":"index","follow":"follow","max-snippet":"max-snippet:-1","max-image-preview":"max-image-preview:large","max-video-preview":"max-video-preview:-1"},"canonical":"https:\/\/business.roovi.com\/fr\/puzzle-adulte-pierre-auguste-renoir-bouquet-de-roses-1000-pieces\/p\/","og_locale":"fr_FR","og_type":"article","og_title":"Puzzle adulte Pierre-Auguste Renoir - Bouquet de roses - 1000 pi\u00e8ces","og_description":"Puzzle adulte Pierre-Auguste Renoir - Bouquet de roses - 1000 pi\u00e8ces","og_url":"https:\/\/business.roovi.com\/fr\/puzzle-adulte-pierre-auguste-renoir-bouquet-de-roses-1000-pieces\/p\/","og_site_name":"Roovi B2B","article_publisher":"https:\/\/www.facebook.com\/wwwjucariero","article_modified_time":"2022-07-13T10:12:38+00:00","og_image":[{"width":800,"height":800,"url":"https:\/\/business.roovi.com\/wp-content\/uploads\/2021\/03\/66909-11_ansamblu_dimensiuni_cutie_cm-800x800.png","type":"image\/png"}],"twitter_misc":{"Dur\u00e9e de lecture estim\u00e9e":"4 minutes"},"schema":{"@context":"https:\/\/schema.org","@graph":[{"@type":"WebPage","@id":"https:\/\/business.roovi.com\/fr\/puzzle-adulte-pierre-auguste-renoir-bouquet-de-roses-1000-pieces\/p\/","url":"https:\/\/business.roovi.com\/fr\/puzzle-adulte-pierre-auguste-renoir-bouquet-de-roses-1000-pieces\/p\/","name":"Puzzle adulte Pierre-Auguste Renoir - Bouquet de roses - 1000 pi\u00e8ces","isPartOf":{"@id":"https:\/\/business.roovi.com\/fr\/#website"},"datePublished":"2021-03-09T09:04:15+00:00","dateModified":"2022-07-13T10:12:38+00:00","description":"Puzzle adulte Pierre-Auguste Renoir - Bouquet de roses - 1000 pi\u00e8ces","breadcrumb":{"@id":"https:\/\/business.roovi.com\/fr\/puzzle-adulte-pierre-auguste-renoir-bouquet-de-roses-1000-pieces\/p\/#breadcrumb"},"inLanguage":"fr-FR","potentialAction":[{"@type":"ReadAction","target":["https:\/\/business.roovi.com\/fr\/puzzle-adulte-pierre-auguste-renoir-bouquet-de-roses-1000-pieces\/p\/"]}]},{"@type":"BreadcrumbList","@id":"https:\/\/business.roovi.com\/fr\/puzzle-adulte-pierre-auguste-renoir-bouquet-de-roses-1000-pieces\/p\/#breadcrumb","itemListElement":[{"@type":"ListItem","position":1,"name":"Home","item":"https:\/\/business.roovi.com\/fr\/"},{"@type":"ListItem","position":2,"name":"Boutique","item":"https:\/\/business.roovi.com\/fr\/boutique\/"},{"@type":"ListItem","position":3,"name":"Puzzle adulte Pierre-Auguste Renoir &#8211; Bouquet de roses &#8211; 1000 pi\u00e8ces"}]},{"@type":"WebSite","@id":"https:\/\/business.roovi.com\/fr\/#website","url":"https:\/\/business.roovi.com\/fr\/","name":"Roovi B2B","description":"Roovi Business Website","potentialAction":[{"@type":"SearchAction","target":{"@type":"EntryPoint","urlTemplate":"https:\/\/business.roovi.com\/fr\/?s={search_term_string}"},"query-input":"required name=search_term_string"}],"inLanguage":"fr-FR"}]}},"_links":{"self":[{"href":"https:\/\/business.roovi.com\/fr\/wp-json\/wp\/v2\/product\/51461","targetHints":{"allow":["GET"]}}],"collection":[{"href":"https:\/\/business.roovi.com\/fr\/wp-json\/wp\/v2\/product"}],"about":[{"href":"https:\/\/business.roovi.com\/fr\/wp-json\/wp\/v2\/types\/product"}],"version-history":[{"count":0,"href":"https:\/\/business.roovi.com\/fr\/wp-json\/wp\/v2\/product\/51461\/revisions"}],"wp:featuredmedia":[{"embeddable":true,"href":"https:\/\/business.roovi.com\/fr\/wp-json\/wp\/v2\/media\/62929"}],"wp:attachment":[{"href":"https:\/\/business.roovi.com\/fr\/wp-json\/wp\/v2\/media?parent=51461"}],"wp:term":[{"taxonomy":"product_brand","embeddable":true,"href":"https:\/\/business.roovi.com\/fr\/wp-json\/wp\/v2\/product_brand?post=51461"},{"taxonomy":"product_cat","embeddable":true,"href":"https:\/\/business.roovi.com\/fr\/wp-json\/wp\/v2\/product_cat?post=51461"},{"taxonomy":"product_tag","embeddable":true,"href":"https:\/\/business.roovi.com\/fr\/wp-json\/wp\/v2\/product_tag?post=51461"}],"curies":[{"name":"wp","href":"https:\/\/api.w.org\/{rel}","templated":true}]}}