{"id":51469,"date":"2021-03-09T09:00:36","date_gmt":"2021-03-09T09:00:36","guid":{"rendered":"https:\/\/business.roovi.com\/puzzle-adulti-1000-piese-wassily-kandinsky-the-whole\/p\/"},"modified":"2022-10-20T09:40:37","modified_gmt":"2022-10-20T09:40:37","slug":"adulte-1000-pieces-wassily-kandinsky-le-puzzle-complet","status":"publish","type":"product","link":"https:\/\/business.roovi.com\/fr\/adulte-1000-pieces-wassily-kandinsky-le-puzzle-complet\/p\/","title":{"rendered":"Adulte 1000 pi\u00e8ces Wassily Kandinsky &#8211; Le puzzle complet"},"content":{"rendered":"<p><span style=\"font-weight: 400;\">Tu crois que tu es dou\u00e9 pour les puzzles ? Nous te mettons au d\u00e9fi d&rsquo;assembler des puzzles artistiques ! Choisis maintenant parmi des centaines de mod\u00e8les disponibles sur le site &#8211; des puzzles de 1000 pi\u00e8ces repr\u00e9sentant des images de tableaux c\u00e9l\u00e8bres. Fais correspondre les images dans les \u00e9nigmes artistiques et obtiens des r\u00e9pliques \u00e9tonnamment similaires d&rsquo;\u0153uvres d&rsquo;art c\u00e9l\u00e8bres.<\/span><\/p>\n<p><span style=\"font-weight: 400;\">Le puzzle de 1000 pi\u00e8ces Wassily Kandinsky &#8211; The Whole rend l&rsquo;image de l&rsquo;une des peintures abstraites pour lesquelles le peintre d&rsquo;origine russe est c\u00e9l\u00e8bre. Kandinsky \u00e9tait un visionnaire et peut-\u00eatre parmi les premiers peintres \u00e0 r\u00e9fl\u00e9chir au r\u00f4le de l&rsquo;art dans le d\u00e9veloppement spirituel de l&rsquo;homme. Son travail est plus qu&rsquo;un tableau artistique, c&rsquo;est une invitation \u00e0 l&rsquo;introspection <\/span><\/p>\n<p><span style=\"font-weight: 400;\">La beaut\u00e9 de ce puzzle artistique est que tu peux interpr\u00e9ter l&rsquo;\u0153uvre qui se cache derri\u00e8re de la mani\u00e8re que tu veux. Aucune version n&rsquo;est mauvaise. Alors d\u00e9couvre les symboles cach\u00e9s et r\u00e9fl\u00e9chis \u00e0 la signification de l&rsquo;art dans ta vie gr\u00e2ce \u00e0 ce fabuleux puzzle de 1000 pi\u00e8ces. Tu peux utiliser une table basse ordinaire pour soutenir les pi\u00e8ces. L&rsquo;image reconstruite mesure 50 x 70 cm.<\/span><\/p>\n<p><span style=\"font-weight: 400;\">Caract\u00e9ristiques Puzzle d&rsquo;art Wassily Kandinsky &#8211; L&rsquo;ensemble :<\/span><\/p>\n<p><strong>Mat\u00e9riau du puzzle <\/strong><\/p>\n<p><strong>carton bleu de haute qualit\u00e9<\/strong><\/p>\n<p><strong>des mat\u00e9riaux durables et recyclables<\/strong><\/p>\n<p><strong>finition semi-brillante, couleurs vives<\/strong><\/p>\n<p><strong>Nombre de pi\u00e8ces de puzzle : 1000<\/strong><\/p>\n<p><strong>\u00c2ge recommand\u00e9 : 14+<\/strong><\/p>\n<p><strong>Les jeux de r\u00e9flexion t&rsquo;aident \u00e0 te connecter \u00e0 toi-m\u00eame<\/strong><\/p>\n<p><span style=\"font-weight: 400;\">Les jeux de r\u00e9flexion sont un d\u00e9fi pour l&rsquo;esprit, mais aussi un moyen de se connecter profond\u00e9ment \u00e0 son moi int\u00e9rieur. Lorsque tu rejoues l&rsquo;image du puzzle de 1000 pi\u00e8ces, ton cerveau est dans un \u00e9tat \u00ab\u00a0Alpha\u00a0\u00bb semblable \u00e0 celui dans lequel tu es quand tu dors. Rien de ce qui t&rsquo;entoure n&rsquo;a d&rsquo;importance lorsque tu t&rsquo;es connect\u00e9e si profond\u00e9ment \u00e0 ton monde int\u00e9rieur. C&rsquo;est pourquoi le sentiment qui suit est aussi celui d&rsquo;une profonde relaxation, d&rsquo;optimisme et de bien-\u00eatre. Cette relaxation profonde apporte d&rsquo;autres avantages, comme par exemple :<\/span><\/p>\n<ul>\n<li><span style=\"font-weight: 400;\">Soulagement de l&rsquo;anxi\u00e9t\u00e9.<\/span><\/li>\n<li><span style=\"font-weight: 400;\">R\u00e9duire le stress.<\/span><\/li>\n<li><span style=\"font-weight: 400;\">Am\u00e9lioration de l&rsquo;humeur.<\/span><\/li>\n<li><span style=\"font-weight: 400;\">Am\u00e9lioration du sommeil et r\u00e9duction des insomnies.<\/span><\/li>\n<\/ul>\n<p><strong>5 choses que tu ne savais pas sur Wassily Kandinsky<\/strong><\/p>\n<p><span style=\"font-weight: 400;\">1. Il \u00e9tait un peintre brillant et aurait pu \u00eatre un avocat prosp\u00e8re. Il a \u00e9tudi\u00e9 le droit mais a abandonn\u00e9 cette carri\u00e8re en faveur de la peinture.<\/span><\/p>\n<p><span style=\"font-weight: 400;\">2. Avant d&rsquo;adopter le style avant-gardiste, il a peint des sc\u00e8nes de campagne traditionnelles.<\/span><\/p>\n<p><span style=\"font-weight: 400;\">3. Il a cr\u00e9\u00e9 la premi\u00e8re peinture abstraite du monde <\/span><em><span style=\"font-weight: 400;\">\u00ab\u00a0Image avec un cercle\u00a0\u00bb.<\/span><\/em><\/p>\n<p><span style=\"font-weight: 400;\">4. Il a \u00e9t\u00e9 marginalis\u00e9 par les nazis et trait\u00e9 de \u00ab\u00a0peintre d\u00e9g\u00e9n\u00e9r\u00e9\u00a0\u00bb.<\/span><\/p>\n<p><span style=\"font-weight: 400;\">5. Les critiques contemporains ne comprenaient pas non plus son art. En analysant ses \u0153uvres abstraites, ils ont conclu qu&rsquo;elles \u00e9taient l&rsquo;\u0153uvre d&rsquo;un artiste fou ou drogu\u00e9.<\/span><\/p>\n<p><strong>Savais-tu que les puzzles pour adultes sont bons pour le cerveau ?<\/strong><\/p>\n<p><span style=\"font-weight: 400;\">Des \u00e9tudes montrent que les jeux de puzzle entra\u00eenent les h\u00e9misph\u00e8res c\u00e9r\u00e9braux droit et gauche, de sorte que le cerveau fonctionne comme un tout lorsque tu assembles le puzzle de 1000 pi\u00e8ces. De plus, les jeux de puzzle augmentent la concentration et stimulent la pens\u00e9e logique pour trouver les bonnes solutions pour assembler les images.<\/span><\/p>\n<p><span style=\"font-weight: 400;\">Acheter maintenant Puzzle de 1000 pi\u00e8ces <\/span><span style=\"font-weight: 400;\">Wassily Kandinsky &#8211; L&rsquo;ensemble et d\u00e9couvre quel r\u00f4le l&rsquo;art joue dans ton d\u00e9veloppement spirituel. Mets tes amis au d\u00e9fi de cette introspection et refais ensemble un v\u00e9ritable tableau d&rsquo;art. Le puzzle Wassily Kandinsky &#8211; L&rsquo;art complet est le cadeau id\u00e9al si tu veux faire une agr\u00e9able surprise \u00e0 un ami qui aime les jeux de puzzle.<\/span><\/p>\n","protected":false},"excerpt":{"rendered":"<p>Tu crois que tu es dou\u00e9 pour les puzzles ? Nous te mettons au d\u00e9fi d&rsquo;assembler des puzzles artistiques !<\/p>\n","protected":false},"featured_media":63509,"template":"","meta":[],"product_brand":[],"product_cat":[2314,2316,2315],"product_tag":[],"class_list":{"0":"post-51469","1":"product","2":"type-product","3":"status-publish","4":"has-post-thumbnail","6":"product_cat-puzzles-fr","7":"product_cat-puzzles-de-1000-pieces","8":"product_cat-puzzles-pour-adultes","9":"pa_bax-10-fr","10":"pa_brand-d_toys-fr","11":"pa_country_of_manufacture-ro-fr","12":"pa_filter_age-14-fr","13":"pa_painter-wassilykandinsky-fr","14":"pa_tip_ambalaj-boite","15":"pa_tip_puzzle-classique","17":"first","18":"instock","19":"taxable","20":"shipping-taxable","21":"product-type-simple"},"yoast_head":"<!-- This site is optimized with the Yoast SEO plugin v20.1 - https:\/\/yoast.com\/wordpress\/plugins\/seo\/ -->\n<title>Adulte 1000 pi\u00e8ces Wassily Kandinsky - Le puzzle complet<\/title>\n<meta name=\"description\" content=\"Adulte 1000 pi\u00e8ces Wassily Kandinsky - Le puzzle complet\" \/>\n<meta name=\"robots\" content=\"index, follow, max-snippet:-1, max-image-preview:large, max-video-preview:-1\" \/>\n<link rel=\"canonical\" href=\"https:\/\/business.roovi.com\/fr\/adulte-1000-pieces-wassily-kandinsky-le-puzzle-complet\/p\/\" \/>\n<meta property=\"og:locale\" content=\"fr_FR\" \/>\n<meta property=\"og:type\" content=\"article\" \/>\n<meta property=\"og:title\" content=\"Adulte 1000 pi\u00e8ces Wassily Kandinsky - Le puzzle complet\" \/>\n<meta property=\"og:description\" content=\"Adulte 1000 pi\u00e8ces Wassily Kandinsky - Le puzzle complet\" \/>\n<meta property=\"og:url\" content=\"https:\/\/business.roovi.com\/fr\/adulte-1000-pieces-wassily-kandinsky-le-puzzle-complet\/p\/\" \/>\n<meta property=\"og:site_name\" content=\"Roovi B2B\" \/>\n<meta property=\"article:publisher\" content=\"https:\/\/www.facebook.com\/wwwjucariero\" \/>\n<meta property=\"article:modified_time\" content=\"2022-10-20T09:40:37+00:00\" \/>\n<meta property=\"og:image\" content=\"https:\/\/business.roovi.com\/wp-content\/uploads\/2021\/03\/72849-08_ansamblu_dimensiuni_cutie_cm_orizontal.png\" \/>\n\t<meta property=\"og:image:width\" content=\"1200\" \/>\n\t<meta property=\"og:image:height\" content=\"1200\" \/>\n\t<meta property=\"og:image:type\" content=\"image\/png\" \/>\n<meta name=\"twitter:label1\" content=\"Dur\u00e9e de lecture estim\u00e9e\" \/>\n\t<meta name=\"twitter:data1\" content=\"4 minutes\" \/>\n<script type=\"application\/ld+json\" class=\"yoast-schema-graph\">{\"@context\":\"https:\/\/schema.org\",\"@graph\":[{\"@type\":\"WebPage\",\"@id\":\"https:\/\/business.roovi.com\/fr\/adulte-1000-pieces-wassily-kandinsky-le-puzzle-complet\/p\/\",\"url\":\"https:\/\/business.roovi.com\/fr\/adulte-1000-pieces-wassily-kandinsky-le-puzzle-complet\/p\/\",\"name\":\"Adulte 1000 pi\u00e8ces Wassily Kandinsky - Le puzzle complet\",\"isPartOf\":{\"@id\":\"https:\/\/business.roovi.com\/fr\/#website\"},\"datePublished\":\"2021-03-09T09:00:36+00:00\",\"dateModified\":\"2022-10-20T09:40:37+00:00\",\"description\":\"Adulte 1000 pi\u00e8ces Wassily Kandinsky - Le puzzle complet\",\"breadcrumb\":{\"@id\":\"https:\/\/business.roovi.com\/fr\/adulte-1000-pieces-wassily-kandinsky-le-puzzle-complet\/p\/#breadcrumb\"},\"inLanguage\":\"fr-FR\",\"potentialAction\":[{\"@type\":\"ReadAction\",\"target\":[\"https:\/\/business.roovi.com\/fr\/adulte-1000-pieces-wassily-kandinsky-le-puzzle-complet\/p\/\"]}]},{\"@type\":\"BreadcrumbList\",\"@id\":\"https:\/\/business.roovi.com\/fr\/adulte-1000-pieces-wassily-kandinsky-le-puzzle-complet\/p\/#breadcrumb\",\"itemListElement\":[{\"@type\":\"ListItem\",\"position\":1,\"name\":\"Home\",\"item\":\"https:\/\/business.roovi.com\/fr\/\"},{\"@type\":\"ListItem\",\"position\":2,\"name\":\"Boutique\",\"item\":\"https:\/\/business.roovi.com\/fr\/boutique\/\"},{\"@type\":\"ListItem\",\"position\":3,\"name\":\"Adulte 1000 pi\u00e8ces Wassily Kandinsky &#8211; Le puzzle complet\"}]},{\"@type\":\"WebSite\",\"@id\":\"https:\/\/business.roovi.com\/fr\/#website\",\"url\":\"https:\/\/business.roovi.com\/fr\/\",\"name\":\"Roovi B2B\",\"description\":\"Roovi Business Website\",\"potentialAction\":[{\"@type\":\"SearchAction\",\"target\":{\"@type\":\"EntryPoint\",\"urlTemplate\":\"https:\/\/business.roovi.com\/fr\/?s={search_term_string}\"},\"query-input\":\"required name=search_term_string\"}],\"inLanguage\":\"fr-FR\"}]}<\/script>\n<!-- \/ Yoast SEO plugin. -->","yoast_head_json":{"title":"Adulte 1000 pi\u00e8ces Wassily Kandinsky - Le puzzle complet","description":"Adulte 1000 pi\u00e8ces Wassily Kandinsky - Le puzzle complet","robots":{"index":"index","follow":"follow","max-snippet":"max-snippet:-1","max-image-preview":"max-image-preview:large","max-video-preview":"max-video-preview:-1"},"canonical":"https:\/\/business.roovi.com\/fr\/adulte-1000-pieces-wassily-kandinsky-le-puzzle-complet\/p\/","og_locale":"fr_FR","og_type":"article","og_title":"Adulte 1000 pi\u00e8ces Wassily Kandinsky - Le puzzle complet","og_description":"Adulte 1000 pi\u00e8ces Wassily Kandinsky - Le puzzle complet","og_url":"https:\/\/business.roovi.com\/fr\/adulte-1000-pieces-wassily-kandinsky-le-puzzle-complet\/p\/","og_site_name":"Roovi B2B","article_publisher":"https:\/\/www.facebook.com\/wwwjucariero","article_modified_time":"2022-10-20T09:40:37+00:00","og_image":[{"width":1200,"height":1200,"url":"https:\/\/business.roovi.com\/wp-content\/uploads\/2021\/03\/72849-08_ansamblu_dimensiuni_cutie_cm_orizontal.png","type":"image\/png"}],"twitter_misc":{"Dur\u00e9e de lecture estim\u00e9e":"4 minutes"},"schema":{"@context":"https:\/\/schema.org","@graph":[{"@type":"WebPage","@id":"https:\/\/business.roovi.com\/fr\/adulte-1000-pieces-wassily-kandinsky-le-puzzle-complet\/p\/","url":"https:\/\/business.roovi.com\/fr\/adulte-1000-pieces-wassily-kandinsky-le-puzzle-complet\/p\/","name":"Adulte 1000 pi\u00e8ces Wassily Kandinsky - Le puzzle complet","isPartOf":{"@id":"https:\/\/business.roovi.com\/fr\/#website"},"datePublished":"2021-03-09T09:00:36+00:00","dateModified":"2022-10-20T09:40:37+00:00","description":"Adulte 1000 pi\u00e8ces Wassily Kandinsky - Le puzzle complet","breadcrumb":{"@id":"https:\/\/business.roovi.com\/fr\/adulte-1000-pieces-wassily-kandinsky-le-puzzle-complet\/p\/#breadcrumb"},"inLanguage":"fr-FR","potentialAction":[{"@type":"ReadAction","target":["https:\/\/business.roovi.com\/fr\/adulte-1000-pieces-wassily-kandinsky-le-puzzle-complet\/p\/"]}]},{"@type":"BreadcrumbList","@id":"https:\/\/business.roovi.com\/fr\/adulte-1000-pieces-wassily-kandinsky-le-puzzle-complet\/p\/#breadcrumb","itemListElement":[{"@type":"ListItem","position":1,"name":"Home","item":"https:\/\/business.roovi.com\/fr\/"},{"@type":"ListItem","position":2,"name":"Boutique","item":"https:\/\/business.roovi.com\/fr\/boutique\/"},{"@type":"ListItem","position":3,"name":"Adulte 1000 pi\u00e8ces Wassily Kandinsky &#8211; Le puzzle complet"}]},{"@type":"WebSite","@id":"https:\/\/business.roovi.com\/fr\/#website","url":"https:\/\/business.roovi.com\/fr\/","name":"Roovi B2B","description":"Roovi Business Website","potentialAction":[{"@type":"SearchAction","target":{"@type":"EntryPoint","urlTemplate":"https:\/\/business.roovi.com\/fr\/?s={search_term_string}"},"query-input":"required name=search_term_string"}],"inLanguage":"fr-FR"}]}},"_links":{"self":[{"href":"https:\/\/business.roovi.com\/fr\/wp-json\/wp\/v2\/product\/51469","targetHints":{"allow":["GET"]}}],"collection":[{"href":"https:\/\/business.roovi.com\/fr\/wp-json\/wp\/v2\/product"}],"about":[{"href":"https:\/\/business.roovi.com\/fr\/wp-json\/wp\/v2\/types\/product"}],"version-history":[{"count":0,"href":"https:\/\/business.roovi.com\/fr\/wp-json\/wp\/v2\/product\/51469\/revisions"}],"wp:featuredmedia":[{"embeddable":true,"href":"https:\/\/business.roovi.com\/fr\/wp-json\/wp\/v2\/media\/63509"}],"wp:attachment":[{"href":"https:\/\/business.roovi.com\/fr\/wp-json\/wp\/v2\/media?parent=51469"}],"wp:term":[{"taxonomy":"product_brand","embeddable":true,"href":"https:\/\/business.roovi.com\/fr\/wp-json\/wp\/v2\/product_brand?post=51469"},{"taxonomy":"product_cat","embeddable":true,"href":"https:\/\/business.roovi.com\/fr\/wp-json\/wp\/v2\/product_cat?post=51469"},{"taxonomy":"product_tag","embeddable":true,"href":"https:\/\/business.roovi.com\/fr\/wp-json\/wp\/v2\/product_tag?post=51469"}],"curies":[{"name":"wp","href":"https:\/\/api.w.org\/{rel}","templated":true}]}}