{"id":51470,"date":"2021-03-09T08:59:29","date_gmt":"2021-03-09T08:59:29","guid":{"rendered":"https:\/\/business.roovi.com\/puzzle-adulti-1000-piese-wassily-kandinsky-the-waterfall-cascada\/p\/"},"modified":"2022-07-13T10:12:40","modified_gmt":"2022-07-13T10:12:40","slug":"puzzle-adulte-wassily-kandinsky-de-1000-pieces-la-cascade","status":"publish","type":"product","link":"https:\/\/business.roovi.com\/fr\/puzzle-adulte-wassily-kandinsky-de-1000-pieces-la-cascade\/p\/","title":{"rendered":"Puzzle adulte Wassily Kandinsky de 1000 pi\u00e8ces &#8211; La cascade"},"content":{"rendered":"<p><span style=\"font-weight: 400; font-size: 14px;\">Fais une pause des \u00e9crans ! D\u00e9couvre la plus grande gamme de puzzles d&rsquo;art et passe ton temps libre en compagnie des tableaux les plus c\u00e9l\u00e8bres du monde. Tu trouveras ici des puzzles de 1000 pi\u00e8ces avec des images de chefs-d&rsquo;\u0153uvre de l&rsquo;art des p\u00e9riodes artistiques les plus repr\u00e9sentatives. S\u00e9lectionne tes jeux de puzzle pr\u00e9f\u00e9r\u00e9s et connecte-toi au monde de l&rsquo;art !<\/span><\/p>\n<p><span style=\"font-size: 14px;\"><span style=\"font-weight: 400;\">Puzzle de 1000 pi\u00e8ces <\/span><span style=\"font-weight: 400;\">Wassily <\/span><span style=\"font-weight: 400;\">Kandinsky &#8211; Waterfall\/Cascade te donne un d\u00e9fi de couleur intense. Les peintures de l&rsquo;artiste d&rsquo;origine russe, comme toutes ses \u0153uvres abstraites, rendent une harmonie parfaite des couleurs. Tout ce dont tu as besoin, c&rsquo;est de patience et de pers\u00e9v\u00e9rance et tu pourras toi aussi recr\u00e9er la peinture qui l&rsquo;a rendu c\u00e9l\u00e8bre <\/span><\/span><\/p>\n<p><span style=\"font-weight: 400; font-size: 14px;\">Tu peux utiliser une table basse ordinaire pour supporter les pi\u00e8ces du puzzle de 1000 pi\u00e8ces. La peinture que tu obtiens est de 50 x 70 cm.<\/span><\/p>\n<p><span style=\"font-size: 14px;\"><span style=\"font-weight: 400;\">Lis plus sur le puzzle artistique de Wassily ci-dessous <\/span><span style=\"font-weight: 400;\">Kandinsky &#8211; Chute d&rsquo;eau\/Cascade :<\/span><\/span><\/p>\n<p><span style=\"font-size: 14px;\"><strong>Mat\u00e9riau du puzzle <\/strong><\/span><\/p>\n<p><span style=\"font-size: 14px;\"><strong>carton bleu de haute qualit\u00e9<\/strong><\/span><\/p>\n<p><span style=\"font-size: 14px;\"><strong>des mat\u00e9riaux durables et recyclables<\/strong><\/span><\/p>\n<p><span style=\"font-size: 14px;\"><strong>finition semi-brillante, couleurs vives<\/strong><\/span><\/p>\n<p><span style=\"font-size: 14px;\"><strong>Nombre de pi\u00e8ces de puzzle : 1000<\/strong><\/span><\/p>\n<p><span style=\"font-size: 14px;\"><strong>\u00c2ge recommand\u00e9 : 14+<\/strong><\/span><\/p>\n<p><span style=\"font-size: 14px;\"><strong>Avec le puzzle de 1000 pi\u00e8ces, tu as de multiples possibilit\u00e9s<\/strong><strong> pour la relaxation et le d\u00e9veloppement<\/strong><\/span><\/p>\n<p><span style=\"font-weight: 400; font-size: 14px;\">Tu cherches une activit\u00e9 pour te d\u00e9connecter du train-train quotidien ? Les jeux de puzzle peuvent t&rsquo;aider. Assemble des images \u00e0 partir de 1000 pi\u00e8ces de puzzle et lib\u00e8re ton esprit du stress. Tu veux t&rsquo;amuser avec tes amis pendant les mornes journ\u00e9es d&rsquo;hiver ? Les jeux de puzzle sont aussi id\u00e9aux pour ces moments-l\u00e0 ! De plus, les puzzles de 1000 pi\u00e8ces sont des jeux id\u00e9aux pour :<\/span><\/p>\n<ul>\n<li><span style=\"font-weight: 400; font-size: 14px;\">Entra\u00eenement de la m\u00e9moire.<\/span><\/li>\n<li><span style=\"font-weight: 400; font-size: 14px;\">D\u00e9velopper l&rsquo;imagination <\/span><\/li>\n<li><span style=\"font-weight: 400; font-size: 14px;\">Am\u00e9liorer les comp\u00e9tences en mati\u00e8re de r\u00e9solution de probl\u00e8mes.<\/span><\/li>\n<li><span style=\"font-weight: 400; font-size: 14px;\">D\u00e9velopper la pens\u00e9e logique.<\/span><\/li>\n<li><span style=\"font-weight: 400; font-size: 14px;\">Am\u00e9liorer l&rsquo;intelligence spatiale visuelle.<\/span><\/li>\n<\/ul>\n<p><span style=\"font-size: 14px;\"><strong>\u00c0 propos de Wassily <\/strong><strong>Kandinsky <\/strong><strong><\/strong><strong><em>Chute d&rsquo;eau<\/em><\/strong><strong> tu le savais ?<\/strong><\/span><\/p>\n<p><span style=\"font-size: 14px;\"><span style=\"font-weight: 400;\">Wassily <\/span><span style=\"font-weight: 400;\">Kandinsky est l&rsquo;un des artistes les plus importants qui ont contribu\u00e9 au mouvement d&rsquo;avant-garde du d\u00e9but du 20e si\u00e8cle.<\/span><\/span><\/p>\n<p><span style=\"font-weight: 400; font-size: 14px;\">Il a combin\u00e9 la musique et la couleur d&rsquo;une mani\u00e8re nouvelle et voulait que son art soit plus qu&rsquo;une expression de la r\u00e9alit\u00e9 et qu&rsquo;il cr\u00e9e une \u00e9motion.<\/span><\/p>\n<p><span style=\"font-size: 14px;\"><span style=\"font-weight: 400;\">L&rsquo;artiste a peint <\/span><em><span style=\"font-weight: 400;\">Chute d&rsquo;eau<\/span><\/em><span style=\"font-weight: 400;\"> \u00e0 un tournant, lorsqu&rsquo;il a transform\u00e9 ses paysages naturalistes en compositions abstraites <\/span><\/span><\/p>\n<p><span style=\"font-weight: 400; font-size: 14px;\">Pour cette \u0153uvre, le peintre s&rsquo;est inspir\u00e9 de la campagne allemande de Murnau, pr\u00e8s de Munich.<\/span><\/p>\n<p><span style=\"font-weight: 400; font-size: 14px;\">Comme son art n&rsquo;\u00e9tait pas compris, il a fini par mourir dans la pauvret\u00e9. Paradoxalement, apr\u00e8s sa mort, ses tableaux se sont vendus pour plusieurs millions d&rsquo;euros.<\/span><\/p>\n<p><span style=\"font-size: 14px;\"><strong><\/strong><\/span><\/p>\n<p><span style=\"font-weight: 400; font-size: 14px;\">Tu es curieux de savoir quels avantages les puzzles artistiques peuvent t&rsquo;apporter ? En voici 5 :<\/span><\/p>\n<p><span style=\"font-weight: 400; font-size: 14px;\">1. Ils te font d\u00e9couvrir le monde merveilleux des peintures c\u00e9l\u00e8bres et d\u00e9veloppent ton imagination.<\/span><\/p>\n<p><span style=\"font-weight: 400; font-size: 14px;\">2. Avec leur aide, tu reconstruis des chefs-d&rsquo;\u0153uvre artistiques que tu peux encadrer et dont tu peux d\u00e9corer ta maison.<\/span><\/p>\n<p><span style=\"font-weight: 400; font-size: 14px;\">3. Les \u00e9nigmes artistiques te rendent curieux et te donnent envie d&rsquo;en savoir plus sur les tableaux c\u00e9l\u00e8bres et leurs cr\u00e9ateurs.<\/span><\/p>\n<p><span style=\"font-weight: 400; font-size: 14px;\">4. Avec les puzzles d&rsquo;art, tu peux capturer les plus petits d\u00e9tails des chefs-d&rsquo;\u0153uvre qu&rsquo;ils repr\u00e9sentent et les admirer en paix une fois l&rsquo;image termin\u00e9e.<\/span><\/p>\n<p><span style=\"font-weight: 400; font-size: 14px;\">5. Tu am\u00e9liores tes comp\u00e9tences en r\u00e9solution d&rsquo;\u00e9nigmes et tu peux frimer devant tes amis.<\/span><\/p>\n<p><span style=\"font-size: 14px;\"><span style=\"font-weight: 400;\">Si tu veux b\u00e9n\u00e9ficier de tous ces avantages et, en plus, passer jusqu&rsquo;\u00e0 30 heures de relaxation profonde, ach\u00e8te le puzzle Wassily 1000 pi\u00e8ces <\/span><span style=\"font-weight: 400;\">Kandinsky &#8211; Chute d&rsquo;eau\/Cascade. La peinture avant-gardiste de ce merveilleux puzzle artistique donnera \u00e0 ta maison un look moderne et raffin\u00e9. Puzzle de 1000 pi\u00e8ces <\/span><span style=\"font-weight: 400;\">Wassily <\/span><span style=\"font-weight: 400;\">Kandinsky &#8211; Waterfall\/Cascade de la collection de puzzles d&rsquo;art est le cadeau parfait pour les membres de la famille ou les amis qui aiment les jeux de puzzle.<\/span><\/span><\/p><\/p>\n","protected":false},"excerpt":{"rendered":"<p>Fais une pause des \u00e9crans ! D\u00e9couvre la plus grande gamme de puzzles d&rsquo;art et passe ton temps libre en<\/p>\n","protected":false},"featured_media":63514,"template":"","meta":[],"product_brand":[],"product_cat":[2314,2316,2315],"product_tag":[],"class_list":{"0":"post-51470","1":"product","2":"type-product","3":"status-publish","4":"has-post-thumbnail","6":"product_cat-puzzles-fr","7":"product_cat-puzzles-de-1000-pieces","8":"product_cat-puzzles-pour-adultes","9":"pa_bax-10-fr","10":"pa_brand-d_toys-fr","11":"pa_country_of_manufacture-ro-fr","12":"pa_filter_age-14-fr","13":"pa_painter-wassilykandinsky-fr","14":"pa_tip_ambalaj-boite","15":"pa_tip_puzzle-classique","17":"first","18":"instock","19":"taxable","20":"shipping-taxable","21":"product-type-simple"},"yoast_head":"<!-- This site is optimized with the Yoast SEO plugin v20.1 - https:\/\/yoast.com\/wordpress\/plugins\/seo\/ -->\n<title>Puzzle adulte Wassily Kandinsky de 1000 pi\u00e8ces - La cascade<\/title>\n<meta name=\"description\" content=\"Puzzle adulte Wassily Kandinsky de 1000 pi\u00e8ces - La cascade\" \/>\n<meta name=\"robots\" content=\"index, follow, max-snippet:-1, max-image-preview:large, max-video-preview:-1\" \/>\n<link rel=\"canonical\" href=\"https:\/\/business.roovi.com\/fr\/puzzle-adulte-wassily-kandinsky-de-1000-pieces-la-cascade\/p\/\" \/>\n<meta property=\"og:locale\" content=\"fr_FR\" \/>\n<meta property=\"og:type\" content=\"article\" \/>\n<meta property=\"og:title\" content=\"Puzzle adulte Wassily Kandinsky de 1000 pi\u00e8ces - La cascade\" \/>\n<meta property=\"og:description\" content=\"Puzzle adulte Wassily Kandinsky de 1000 pi\u00e8ces - La cascade\" \/>\n<meta property=\"og:url\" content=\"https:\/\/business.roovi.com\/fr\/puzzle-adulte-wassily-kandinsky-de-1000-pieces-la-cascade\/p\/\" \/>\n<meta property=\"og:site_name\" content=\"Roovi B2B\" \/>\n<meta property=\"article:publisher\" content=\"https:\/\/www.facebook.com\/wwwjucariero\" \/>\n<meta property=\"article:modified_time\" content=\"2022-07-13T10:12:40+00:00\" \/>\n<meta property=\"og:image\" content=\"https:\/\/business.roovi.com\/wp-content\/uploads\/2021\/03\/72849-07_ansamblu_dimensiuni_cutie_cm_orizontal.png\" \/>\n\t<meta property=\"og:image:width\" content=\"1200\" \/>\n\t<meta property=\"og:image:height\" content=\"1200\" \/>\n\t<meta property=\"og:image:type\" content=\"image\/png\" \/>\n<meta name=\"twitter:label1\" content=\"Dur\u00e9e de lecture estim\u00e9e\" \/>\n\t<meta name=\"twitter:data1\" content=\"3 minutes\" \/>\n<script type=\"application\/ld+json\" class=\"yoast-schema-graph\">{\"@context\":\"https:\/\/schema.org\",\"@graph\":[{\"@type\":\"WebPage\",\"@id\":\"https:\/\/business.roovi.com\/fr\/puzzle-adulte-wassily-kandinsky-de-1000-pieces-la-cascade\/p\/\",\"url\":\"https:\/\/business.roovi.com\/fr\/puzzle-adulte-wassily-kandinsky-de-1000-pieces-la-cascade\/p\/\",\"name\":\"Puzzle adulte Wassily Kandinsky de 1000 pi\u00e8ces - La cascade\",\"isPartOf\":{\"@id\":\"https:\/\/business.roovi.com\/fr\/#website\"},\"datePublished\":\"2021-03-09T08:59:29+00:00\",\"dateModified\":\"2022-07-13T10:12:40+00:00\",\"description\":\"Puzzle adulte Wassily Kandinsky de 1000 pi\u00e8ces - La cascade\",\"breadcrumb\":{\"@id\":\"https:\/\/business.roovi.com\/fr\/puzzle-adulte-wassily-kandinsky-de-1000-pieces-la-cascade\/p\/#breadcrumb\"},\"inLanguage\":\"fr-FR\",\"potentialAction\":[{\"@type\":\"ReadAction\",\"target\":[\"https:\/\/business.roovi.com\/fr\/puzzle-adulte-wassily-kandinsky-de-1000-pieces-la-cascade\/p\/\"]}]},{\"@type\":\"BreadcrumbList\",\"@id\":\"https:\/\/business.roovi.com\/fr\/puzzle-adulte-wassily-kandinsky-de-1000-pieces-la-cascade\/p\/#breadcrumb\",\"itemListElement\":[{\"@type\":\"ListItem\",\"position\":1,\"name\":\"Home\",\"item\":\"https:\/\/business.roovi.com\/fr\/\"},{\"@type\":\"ListItem\",\"position\":2,\"name\":\"Boutique\",\"item\":\"https:\/\/business.roovi.com\/fr\/boutique\/\"},{\"@type\":\"ListItem\",\"position\":3,\"name\":\"Puzzle adulte Wassily Kandinsky de 1000 pi\u00e8ces &#8211; La cascade\"}]},{\"@type\":\"WebSite\",\"@id\":\"https:\/\/business.roovi.com\/fr\/#website\",\"url\":\"https:\/\/business.roovi.com\/fr\/\",\"name\":\"Roovi B2B\",\"description\":\"Roovi Business Website\",\"potentialAction\":[{\"@type\":\"SearchAction\",\"target\":{\"@type\":\"EntryPoint\",\"urlTemplate\":\"https:\/\/business.roovi.com\/fr\/?s={search_term_string}\"},\"query-input\":\"required name=search_term_string\"}],\"inLanguage\":\"fr-FR\"}]}<\/script>\n<!-- \/ Yoast SEO plugin. -->","yoast_head_json":{"title":"Puzzle adulte Wassily Kandinsky de 1000 pi\u00e8ces - La cascade","description":"Puzzle adulte Wassily Kandinsky de 1000 pi\u00e8ces - La cascade","robots":{"index":"index","follow":"follow","max-snippet":"max-snippet:-1","max-image-preview":"max-image-preview:large","max-video-preview":"max-video-preview:-1"},"canonical":"https:\/\/business.roovi.com\/fr\/puzzle-adulte-wassily-kandinsky-de-1000-pieces-la-cascade\/p\/","og_locale":"fr_FR","og_type":"article","og_title":"Puzzle adulte Wassily Kandinsky de 1000 pi\u00e8ces - La cascade","og_description":"Puzzle adulte Wassily Kandinsky de 1000 pi\u00e8ces - La cascade","og_url":"https:\/\/business.roovi.com\/fr\/puzzle-adulte-wassily-kandinsky-de-1000-pieces-la-cascade\/p\/","og_site_name":"Roovi B2B","article_publisher":"https:\/\/www.facebook.com\/wwwjucariero","article_modified_time":"2022-07-13T10:12:40+00:00","og_image":[{"width":1200,"height":1200,"url":"https:\/\/business.roovi.com\/wp-content\/uploads\/2021\/03\/72849-07_ansamblu_dimensiuni_cutie_cm_orizontal.png","type":"image\/png"}],"twitter_misc":{"Dur\u00e9e de lecture estim\u00e9e":"3 minutes"},"schema":{"@context":"https:\/\/schema.org","@graph":[{"@type":"WebPage","@id":"https:\/\/business.roovi.com\/fr\/puzzle-adulte-wassily-kandinsky-de-1000-pieces-la-cascade\/p\/","url":"https:\/\/business.roovi.com\/fr\/puzzle-adulte-wassily-kandinsky-de-1000-pieces-la-cascade\/p\/","name":"Puzzle adulte Wassily Kandinsky de 1000 pi\u00e8ces - La cascade","isPartOf":{"@id":"https:\/\/business.roovi.com\/fr\/#website"},"datePublished":"2021-03-09T08:59:29+00:00","dateModified":"2022-07-13T10:12:40+00:00","description":"Puzzle adulte Wassily Kandinsky de 1000 pi\u00e8ces - La cascade","breadcrumb":{"@id":"https:\/\/business.roovi.com\/fr\/puzzle-adulte-wassily-kandinsky-de-1000-pieces-la-cascade\/p\/#breadcrumb"},"inLanguage":"fr-FR","potentialAction":[{"@type":"ReadAction","target":["https:\/\/business.roovi.com\/fr\/puzzle-adulte-wassily-kandinsky-de-1000-pieces-la-cascade\/p\/"]}]},{"@type":"BreadcrumbList","@id":"https:\/\/business.roovi.com\/fr\/puzzle-adulte-wassily-kandinsky-de-1000-pieces-la-cascade\/p\/#breadcrumb","itemListElement":[{"@type":"ListItem","position":1,"name":"Home","item":"https:\/\/business.roovi.com\/fr\/"},{"@type":"ListItem","position":2,"name":"Boutique","item":"https:\/\/business.roovi.com\/fr\/boutique\/"},{"@type":"ListItem","position":3,"name":"Puzzle adulte Wassily Kandinsky de 1000 pi\u00e8ces &#8211; La cascade"}]},{"@type":"WebSite","@id":"https:\/\/business.roovi.com\/fr\/#website","url":"https:\/\/business.roovi.com\/fr\/","name":"Roovi B2B","description":"Roovi Business Website","potentialAction":[{"@type":"SearchAction","target":{"@type":"EntryPoint","urlTemplate":"https:\/\/business.roovi.com\/fr\/?s={search_term_string}"},"query-input":"required name=search_term_string"}],"inLanguage":"fr-FR"}]}},"_links":{"self":[{"href":"https:\/\/business.roovi.com\/fr\/wp-json\/wp\/v2\/product\/51470","targetHints":{"allow":["GET"]}}],"collection":[{"href":"https:\/\/business.roovi.com\/fr\/wp-json\/wp\/v2\/product"}],"about":[{"href":"https:\/\/business.roovi.com\/fr\/wp-json\/wp\/v2\/types\/product"}],"version-history":[{"count":0,"href":"https:\/\/business.roovi.com\/fr\/wp-json\/wp\/v2\/product\/51470\/revisions"}],"wp:featuredmedia":[{"embeddable":true,"href":"https:\/\/business.roovi.com\/fr\/wp-json\/wp\/v2\/media\/63514"}],"wp:attachment":[{"href":"https:\/\/business.roovi.com\/fr\/wp-json\/wp\/v2\/media?parent=51470"}],"wp:term":[{"taxonomy":"product_brand","embeddable":true,"href":"https:\/\/business.roovi.com\/fr\/wp-json\/wp\/v2\/product_brand?post=51470"},{"taxonomy":"product_cat","embeddable":true,"href":"https:\/\/business.roovi.com\/fr\/wp-json\/wp\/v2\/product_cat?post=51470"},{"taxonomy":"product_tag","embeddable":true,"href":"https:\/\/business.roovi.com\/fr\/wp-json\/wp\/v2\/product_tag?post=51470"}],"curies":[{"name":"wp","href":"https:\/\/api.w.org\/{rel}","templated":true}]}}