{"id":51518,"date":"2021-03-09T08:47:44","date_gmt":"2021-03-09T08:47:44","guid":{"rendered":"https:\/\/business.roovi.com\/puzzle-adulti-peder-mork-monsted-an-old-woman-watering-the-flowers-behind-the-thached-farmhouse-1000-piese\/p\/"},"modified":"2022-07-13T10:12:45","modified_gmt":"2022-07-13T10:12:45","slug":"puzzle-adulte-peder-mork-monsted-une-vieille-femme-arrosant-les-fleurs-derriere-la-ferme-de-thached-1000-pieces","status":"publish","type":"product","link":"https:\/\/business.roovi.com\/fr\/puzzle-adulte-peder-mork-monsted-une-vieille-femme-arrosant-les-fleurs-derriere-la-ferme-de-thached-1000-pieces\/p\/","title":{"rendered":"Puzzle adulte Peder M\u00f8rk M\u00f8nsted &#8211; Une vieille femme arrosant les fleurs derri\u00e8re la ferme de Thached &#8211; 1000 pi\u00e8ces"},"content":{"rendered":"<p><span style=\"font-weight: 400;\">Tu veux enrichir ton monde int\u00e9rieur avec une activit\u00e9 relaxante ? Assemble les puzzles de 1000 pi\u00e8ces de la collection Art Puzzles et d\u00e9couvre un nouveau monde plein de couleurs et de raffinement. \u00c0 la fin, tu seras r\u00e9compens\u00e9 par des peintures exceptionnelles, des objets d\u00e9coratifs \u00e9tonnants qui embelliront ta maison.<\/span><\/p>\n<p><span style=\"font-weight: 400;\"><strong>Peder M\u00f8rk M\u00f8nsted &#8211; Une vieille femme arrosant les fleurs derri\u00e8re la ferme au toit de chaume<\/strong> est un<strong>puzzle de 1000 pi\u00e8ces<\/strong> qui recr\u00e9e le tableau du m\u00eame nom du c\u00e9l\u00e8bre peintre danois. Lorsque tu recr\u00e9es l&rsquo;image, tu as l&rsquo;impression de regarder ta grand-m\u00e8re de campagne arroser les fleurs dans le jardin derri\u00e8re la maison. Tu ressentiras la paix, la nostalgie et un l\u00e9ger sentiment de m\u00e9lancolie. Alors laisse-toi transporter dans le temps et d\u00e9couvre la tranquillit\u00e9 et l&rsquo;harmonie des couleurs. Le puzzle de 1000 pi\u00e8ces de Peder M\u00f8rk M\u00f8nsted &#8211; Une vieille femme arrosant les fleurs derri\u00e8re la ferme au toit de chaume est un puzzle d&rsquo;art fabriqu\u00e9 avec des mat\u00e9riaux de premi\u00e8re qualit\u00e9 qui lui conf\u00e8rent r\u00e9sistance et durabilit\u00e9 dans le temps. Tu peux donc reconstruire le puzzle de 1000 pi\u00e8ces autant de fois que tu veux, et la qualit\u00e9 de la peinture sera impeccable \u00e0 chaque fois.<\/span><\/p>\n<p><span style=\"font-weight: 400;\">Plus de d\u00e9tails sur le puzzle artistique de Peder M\u00f8rk M\u00f8nsted &#8211; Une vieille femme arrosant les fleurs derri\u00e8re la ferme au toit de chaume :<\/span><\/p>\n<p><strong>Taille de la peinture reconstitu\u00e9e : 50 x 70 cm. Tu peux utiliser une table basse ordinaire pour l&rsquo;assemblage.<\/strong><\/p>\n<p><strong>Mat\u00e9riau du puzzle <\/strong><\/p>\n<p><strong>carton bleu de haute qualit\u00e9<\/strong><\/p>\n<p><strong>des mat\u00e9riaux durables et recyclables<\/strong><\/p>\n<p><strong>finition semi-brillante, couleurs vives<\/strong><\/p>\n<p><strong>Nombre de pi\u00e8ces de puzzle : 1000<\/strong><\/p>\n<p><strong>\u00c2ge recommand\u00e9 : 14+<\/strong><\/p>\n<p><strong>Assembler des jeux de puzzle apporte de multiples avantages<\/strong><\/p>\n<p><span style=\"font-weight: 400;\">R\u00e9soudre des puzzles pour adultes pr\u00e9sente plusieurs avantages pour la sant\u00e9. Il peut s&rsquo;agir simplement d&rsquo;un passe-temps qui te d\u00e9tend et te fait oublier ta routine quotidienne. Il peut s&rsquo;agir d&rsquo;une activit\u00e9 qui t&rsquo;aide \u00e0 am\u00e9liorer ta m\u00e9moire, ton attention, ta concentration ou ta pers\u00e9v\u00e9rance. Ou il peut t&rsquo;aider \u00e0 garder ton esprit sain et ton humeur optimiste et heureuse. Ou tu peux profiter de tout cela et plus encore en m\u00eame temps ! Rel\u00e8ve le d\u00e9fi de reconstituer le puzzle de 1000 pi\u00e8ces chaque jour et tu vivras des exp\u00e9riences incroyables !<\/span><\/p>\n<p><strong>5 choses \u00e0 dire sur Peder M\u00f8rk M\u00f8nsted <\/strong><\/p>\n<p><span style=\"font-weight: 400;\">Il est le plus grand paysagiste du Danemark.<\/span><\/p>\n<p><span style=\"font-weight: 400;\">Dans ses \u0153uvres, l&rsquo;artiste souligne l&rsquo;aspect monumental des paysages.<\/span><\/p>\n<p><span style=\"font-weight: 400;\">Il aimait particuli\u00e8rement les paysages d&rsquo;hiver avec beaucoup de neige, les eaux calmes et les for\u00eats.<\/span><\/p>\n<p><span style=\"font-weight: 400;\">Pendant presque un an (1893), il a produit des peintures repr\u00e9sentant la ville d&rsquo;Ath\u00e8nes et d&rsquo;autres paysages grecs.<\/span><\/p>\n<p><span style=\"font-weight: 400;\">Lors de ses voyages en Europe et en Afrique du Nord, il a captur\u00e9 de superbes paysages en peinture et a produit plusieurs portraits et peintures figuratives.<\/span><\/p>\n<p><span style=\"font-weight: 400;\">Tu cherches une activit\u00e9 classique pour te tenir \u00e9loign\u00e9e de ton t\u00e9l\u00e9phone ou de ton \u00e9cran de t\u00e9l\u00e9vision ?  Les puzzles pour adultes sont id\u00e9aux pour toi, et les puzzles artistiques sont un must have de ces temps agit\u00e9s. Lorsque tu es assis, d\u00e9tendu, devant des centaines de 1000 pi\u00e8ces de puzzle, tu te d\u00e9connectes de toutes les pens\u00e9es et inqui\u00e9tudes qui traversent ton esprit. Il n&rsquo;y a que toi et l&rsquo;\u0153uvre d&rsquo;art. Il y a tellement de silence et de couleurs et tu \u00e9prouves un sentiment tellement beau que tu ne te rends m\u00eame pas compte que les heures passent.<\/span><\/p>\n<p><span style=\"font-weight: 400;\"><strong>Le puzzle artistique Peder M\u00f8rk M\u00f8nsted &#8211; Une vieille femme arrosant les fleurs derri\u00e8re la ferme au toit de chaume<\/strong> peut \u00eatre \u00e0 toi en quelques clics seulement ! Commande-le maintenant et ajoute-le \u00e0 ta collection d&rsquo;\u0153uvres d&rsquo;art en puzzle de 1000 pi\u00e8ces.<\/span><\/p>\n<p><span style=\"font-weight: 400;\">Initie un ami au monde merveilleux des \u0153uvres d&rsquo;art en lui offrant en cadeau cet \u00e9tonnant puzzle artistique !<\/span><\/p><\/p>\n","protected":false},"excerpt":{"rendered":"<p>Tu veux enrichir ton monde int\u00e9rieur avec une activit\u00e9 relaxante ? Assemble les puzzles de 1000 pi\u00e8ces de la collection<\/p>\n","protected":false},"featured_media":64236,"template":"","meta":[],"product_brand":[],"product_cat":[2314,2316,2315],"product_tag":[],"class_list":{"0":"post-51518","1":"product","2":"type-product","3":"status-publish","4":"has-post-thumbnail","6":"product_cat-puzzles-fr","7":"product_cat-puzzles-de-1000-pieces","8":"product_cat-puzzles-pour-adultes","9":"pa_brand-d_toys-fr","10":"pa_country_of_manufacture-ro-fr","11":"pa_filter_age-14-fr","12":"pa_painter-gustavklimt-fr","13":"pa_tip_ambalaj-boite","14":"pa_tip_puzzle-classique","16":"first","17":"instock","18":"taxable","19":"shipping-taxable","20":"product-type-simple"},"yoast_head":"<!-- This site is optimized with the Yoast SEO plugin v20.1 - https:\/\/yoast.com\/wordpress\/plugins\/seo\/ -->\n<title>Puzzle adulte Peder M\u00f8rk M\u00f8nsted - Une vieille femme arrosant les fleurs derri\u00e8re la ferme de Thached - 1000 pi\u00e8ces<\/title>\n<meta name=\"description\" content=\"Puzzle adulte Peder M\u00f8rk M\u00f8nsted - Une vieille femme arrosant les fleurs derri\u00e8re la ferme de Thached - 1000 pi\u00e8ces\" \/>\n<meta name=\"robots\" content=\"index, follow, max-snippet:-1, max-image-preview:large, max-video-preview:-1\" \/>\n<link rel=\"canonical\" href=\"https:\/\/business.roovi.com\/fr\/puzzle-adulte-peder-mork-monsted-une-vieille-femme-arrosant-les-fleurs-derriere-la-ferme-de-thached-1000-pieces\/p\/\" \/>\n<meta property=\"og:locale\" content=\"fr_FR\" \/>\n<meta property=\"og:type\" content=\"article\" \/>\n<meta property=\"og:title\" content=\"Puzzle adulte Peder M\u00f8rk M\u00f8nsted - Une vieille femme arrosant les fleurs derri\u00e8re la ferme de Thached - 1000 pi\u00e8ces\" \/>\n<meta property=\"og:description\" content=\"Puzzle adulte Peder M\u00f8rk M\u00f8nsted - Une vieille femme arrosant les fleurs derri\u00e8re la ferme de Thached - 1000 pi\u00e8ces\" \/>\n<meta property=\"og:url\" content=\"https:\/\/business.roovi.com\/fr\/puzzle-adulte-peder-mork-monsted-une-vieille-femme-arrosant-les-fleurs-derriere-la-ferme-de-thached-1000-pieces\/p\/\" \/>\n<meta property=\"og:site_name\" content=\"Roovi B2B\" \/>\n<meta property=\"article:publisher\" content=\"https:\/\/www.facebook.com\/wwwjucariero\" \/>\n<meta property=\"article:modified_time\" content=\"2022-07-13T10:12:45+00:00\" \/>\n<meta property=\"og:image\" content=\"https:\/\/business.roovi.com\/wp-content\/uploads\/2021\/03\/77417-04_ansamblu_dimensiuni_cutie_cm-800x800.png\" \/>\n\t<meta property=\"og:image:width\" content=\"800\" \/>\n\t<meta property=\"og:image:height\" content=\"800\" \/>\n\t<meta property=\"og:image:type\" content=\"image\/png\" \/>\n<meta name=\"twitter:label1\" content=\"Dur\u00e9e de lecture estim\u00e9e\" \/>\n\t<meta name=\"twitter:data1\" content=\"3 minutes\" \/>\n<script type=\"application\/ld+json\" class=\"yoast-schema-graph\">{\"@context\":\"https:\/\/schema.org\",\"@graph\":[{\"@type\":\"WebPage\",\"@id\":\"https:\/\/business.roovi.com\/fr\/puzzle-adulte-peder-mork-monsted-une-vieille-femme-arrosant-les-fleurs-derriere-la-ferme-de-thached-1000-pieces\/p\/\",\"url\":\"https:\/\/business.roovi.com\/fr\/puzzle-adulte-peder-mork-monsted-une-vieille-femme-arrosant-les-fleurs-derriere-la-ferme-de-thached-1000-pieces\/p\/\",\"name\":\"Puzzle adulte Peder M\u00f8rk M\u00f8nsted - Une vieille femme arrosant les fleurs derri\u00e8re la ferme de Thached - 1000 pi\u00e8ces\",\"isPartOf\":{\"@id\":\"https:\/\/business.roovi.com\/fr\/#website\"},\"datePublished\":\"2021-03-09T08:47:44+00:00\",\"dateModified\":\"2022-07-13T10:12:45+00:00\",\"description\":\"Puzzle adulte Peder M\u00f8rk M\u00f8nsted - Une vieille femme arrosant les fleurs derri\u00e8re la ferme de Thached - 1000 pi\u00e8ces\",\"breadcrumb\":{\"@id\":\"https:\/\/business.roovi.com\/fr\/puzzle-adulte-peder-mork-monsted-une-vieille-femme-arrosant-les-fleurs-derriere-la-ferme-de-thached-1000-pieces\/p\/#breadcrumb\"},\"inLanguage\":\"fr-FR\",\"potentialAction\":[{\"@type\":\"ReadAction\",\"target\":[\"https:\/\/business.roovi.com\/fr\/puzzle-adulte-peder-mork-monsted-une-vieille-femme-arrosant-les-fleurs-derriere-la-ferme-de-thached-1000-pieces\/p\/\"]}]},{\"@type\":\"BreadcrumbList\",\"@id\":\"https:\/\/business.roovi.com\/fr\/puzzle-adulte-peder-mork-monsted-une-vieille-femme-arrosant-les-fleurs-derriere-la-ferme-de-thached-1000-pieces\/p\/#breadcrumb\",\"itemListElement\":[{\"@type\":\"ListItem\",\"position\":1,\"name\":\"Home\",\"item\":\"https:\/\/business.roovi.com\/fr\/\"},{\"@type\":\"ListItem\",\"position\":2,\"name\":\"Boutique\",\"item\":\"https:\/\/business.roovi.com\/fr\/boutique\/\"},{\"@type\":\"ListItem\",\"position\":3,\"name\":\"Puzzle adulte Peder M\u00f8rk M\u00f8nsted &#8211; Une vieille femme arrosant les fleurs derri\u00e8re la ferme de Thached &#8211; 1000 pi\u00e8ces\"}]},{\"@type\":\"WebSite\",\"@id\":\"https:\/\/business.roovi.com\/fr\/#website\",\"url\":\"https:\/\/business.roovi.com\/fr\/\",\"name\":\"Roovi B2B\",\"description\":\"Roovi Business Website\",\"potentialAction\":[{\"@type\":\"SearchAction\",\"target\":{\"@type\":\"EntryPoint\",\"urlTemplate\":\"https:\/\/business.roovi.com\/fr\/?s={search_term_string}\"},\"query-input\":\"required name=search_term_string\"}],\"inLanguage\":\"fr-FR\"}]}<\/script>\n<!-- \/ Yoast SEO plugin. -->","yoast_head_json":{"title":"Puzzle adulte Peder M\u00f8rk M\u00f8nsted - Une vieille femme arrosant les fleurs derri\u00e8re la ferme de Thached - 1000 pi\u00e8ces","description":"Puzzle adulte Peder M\u00f8rk M\u00f8nsted - Une vieille femme arrosant les fleurs derri\u00e8re la ferme de Thached - 1000 pi\u00e8ces","robots":{"index":"index","follow":"follow","max-snippet":"max-snippet:-1","max-image-preview":"max-image-preview:large","max-video-preview":"max-video-preview:-1"},"canonical":"https:\/\/business.roovi.com\/fr\/puzzle-adulte-peder-mork-monsted-une-vieille-femme-arrosant-les-fleurs-derriere-la-ferme-de-thached-1000-pieces\/p\/","og_locale":"fr_FR","og_type":"article","og_title":"Puzzle adulte Peder M\u00f8rk M\u00f8nsted - Une vieille femme arrosant les fleurs derri\u00e8re la ferme de Thached - 1000 pi\u00e8ces","og_description":"Puzzle adulte Peder M\u00f8rk M\u00f8nsted - Une vieille femme arrosant les fleurs derri\u00e8re la ferme de Thached - 1000 pi\u00e8ces","og_url":"https:\/\/business.roovi.com\/fr\/puzzle-adulte-peder-mork-monsted-une-vieille-femme-arrosant-les-fleurs-derriere-la-ferme-de-thached-1000-pieces\/p\/","og_site_name":"Roovi B2B","article_publisher":"https:\/\/www.facebook.com\/wwwjucariero","article_modified_time":"2022-07-13T10:12:45+00:00","og_image":[{"width":800,"height":800,"url":"https:\/\/business.roovi.com\/wp-content\/uploads\/2021\/03\/77417-04_ansamblu_dimensiuni_cutie_cm-800x800.png","type":"image\/png"}],"twitter_misc":{"Dur\u00e9e de lecture estim\u00e9e":"3 minutes"},"schema":{"@context":"https:\/\/schema.org","@graph":[{"@type":"WebPage","@id":"https:\/\/business.roovi.com\/fr\/puzzle-adulte-peder-mork-monsted-une-vieille-femme-arrosant-les-fleurs-derriere-la-ferme-de-thached-1000-pieces\/p\/","url":"https:\/\/business.roovi.com\/fr\/puzzle-adulte-peder-mork-monsted-une-vieille-femme-arrosant-les-fleurs-derriere-la-ferme-de-thached-1000-pieces\/p\/","name":"Puzzle adulte Peder M\u00f8rk M\u00f8nsted - Une vieille femme arrosant les fleurs derri\u00e8re la ferme de Thached - 1000 pi\u00e8ces","isPartOf":{"@id":"https:\/\/business.roovi.com\/fr\/#website"},"datePublished":"2021-03-09T08:47:44+00:00","dateModified":"2022-07-13T10:12:45+00:00","description":"Puzzle adulte Peder M\u00f8rk M\u00f8nsted - Une vieille femme arrosant les fleurs derri\u00e8re la ferme de Thached - 1000 pi\u00e8ces","breadcrumb":{"@id":"https:\/\/business.roovi.com\/fr\/puzzle-adulte-peder-mork-monsted-une-vieille-femme-arrosant-les-fleurs-derriere-la-ferme-de-thached-1000-pieces\/p\/#breadcrumb"},"inLanguage":"fr-FR","potentialAction":[{"@type":"ReadAction","target":["https:\/\/business.roovi.com\/fr\/puzzle-adulte-peder-mork-monsted-une-vieille-femme-arrosant-les-fleurs-derriere-la-ferme-de-thached-1000-pieces\/p\/"]}]},{"@type":"BreadcrumbList","@id":"https:\/\/business.roovi.com\/fr\/puzzle-adulte-peder-mork-monsted-une-vieille-femme-arrosant-les-fleurs-derriere-la-ferme-de-thached-1000-pieces\/p\/#breadcrumb","itemListElement":[{"@type":"ListItem","position":1,"name":"Home","item":"https:\/\/business.roovi.com\/fr\/"},{"@type":"ListItem","position":2,"name":"Boutique","item":"https:\/\/business.roovi.com\/fr\/boutique\/"},{"@type":"ListItem","position":3,"name":"Puzzle adulte Peder M\u00f8rk M\u00f8nsted &#8211; Une vieille femme arrosant les fleurs derri\u00e8re la ferme de Thached &#8211; 1000 pi\u00e8ces"}]},{"@type":"WebSite","@id":"https:\/\/business.roovi.com\/fr\/#website","url":"https:\/\/business.roovi.com\/fr\/","name":"Roovi B2B","description":"Roovi Business Website","potentialAction":[{"@type":"SearchAction","target":{"@type":"EntryPoint","urlTemplate":"https:\/\/business.roovi.com\/fr\/?s={search_term_string}"},"query-input":"required name=search_term_string"}],"inLanguage":"fr-FR"}]}},"_links":{"self":[{"href":"https:\/\/business.roovi.com\/fr\/wp-json\/wp\/v2\/product\/51518","targetHints":{"allow":["GET"]}}],"collection":[{"href":"https:\/\/business.roovi.com\/fr\/wp-json\/wp\/v2\/product"}],"about":[{"href":"https:\/\/business.roovi.com\/fr\/wp-json\/wp\/v2\/types\/product"}],"version-history":[{"count":0,"href":"https:\/\/business.roovi.com\/fr\/wp-json\/wp\/v2\/product\/51518\/revisions"}],"wp:featuredmedia":[{"embeddable":true,"href":"https:\/\/business.roovi.com\/fr\/wp-json\/wp\/v2\/media\/64236"}],"wp:attachment":[{"href":"https:\/\/business.roovi.com\/fr\/wp-json\/wp\/v2\/media?parent=51518"}],"wp:term":[{"taxonomy":"product_brand","embeddable":true,"href":"https:\/\/business.roovi.com\/fr\/wp-json\/wp\/v2\/product_brand?post=51518"},{"taxonomy":"product_cat","embeddable":true,"href":"https:\/\/business.roovi.com\/fr\/wp-json\/wp\/v2\/product_cat?post=51518"},{"taxonomy":"product_tag","embeddable":true,"href":"https:\/\/business.roovi.com\/fr\/wp-json\/wp\/v2\/product_tag?post=51518"}],"curies":[{"name":"wp","href":"https:\/\/api.w.org\/{rel}","templated":true}]}}