{"id":51543,"date":"2021-03-09T08:43:37","date_gmt":"2021-03-09T08:43:37","guid":{"rendered":"https:\/\/business.roovi.com\/puzzle-adulti-peder-mork-monsted-a-summer-day-in-the-forest-with-deer-in-the-background-1000-piese\/p\/"},"modified":"2022-07-13T10:12:48","modified_gmt":"2022-07-13T10:12:48","slug":"puzzle-adulte-peder-mork-monsted-une-journee-dete-dans-la-foret-avec-des-cerfs-en-arriere-plan-1000-pieces","status":"publish","type":"product","link":"https:\/\/business.roovi.com\/fr\/puzzle-adulte-peder-mork-monsted-une-journee-dete-dans-la-foret-avec-des-cerfs-en-arriere-plan-1000-pieces\/p\/","title":{"rendered":"Puzzle adulte Peder M\u00f8rk M\u00f8nsted &#8211; Une journ\u00e9e d&rsquo;\u00e9t\u00e9 dans la for\u00eat avec des cerfs en arri\u00e8re-plan &#8211; 1000 pi\u00e8ces"},"content":{"rendered":"<p><span style=\"font-weight: 400;\">Avec la gamme d&rsquo;\u00e9nigmes artistiques la plus vari\u00e9e de Roumanie, nous te proposons une incursion dans le monde des peintures de la Renaissance \u00e0 nos jours. Explore notre collection de puzzles de 1000 pi\u00e8ces et inspire-toi pour cr\u00e9er des \u0153uvres d&rsquo;art \u00e9tonnamment similaires aux c\u00e9l\u00e8bres originaux <\/span><\/p>\n<p><span style=\"font-weight: 400;\">Peder M\u00f8rk M\u00f8nsted &#8211; Une journ\u00e9e d&rsquo;\u00e9t\u00e9 dans la for\u00eat avec un cerf en arri\u00e8re-plan Le puzzle de 1000 pi\u00e8ces rend le tableau du m\u00eame nom du c\u00e9l\u00e8bre peintre paysagiste danois avec des d\u00e9tails \u00e9tonnants. Fascin\u00e9 par la nature et la vie rurale danoise, l&rsquo;artiste a rendu les paysages naturels dans ses \u0153uvres dans un style r\u00e9aliste exceptionnel. L&rsquo;\u0153uvre de M\u00f8nsted cr\u00e9e une vision romantique de la nature. Alors laisse-toi emporter dans un paysage romantique qui apaisera ton esprit et ravira tes yeux.<\/span><\/p>\n<p><span style=\"font-weight: 400;\">Le puzzle de 1000 pi\u00e8ces de Peder M\u00f8rk M\u00f8nsted &#8211; Une journ\u00e9e d&rsquo;\u00e9t\u00e9 dans les bois avec des cerfs en arri\u00e8re-plan est fabriqu\u00e9 avec des mat\u00e9riaux exceptionnels qui le rendent r\u00e9sistant \u00e0 de multiples utilisations. Tu peux donc refaire la photo plusieurs fois et la qualit\u00e9 de l&rsquo;image sera irr\u00e9prochable \u00e0 chaque fois.<\/span><\/p>\n<p><span style=\"font-weight: 400;\">Lis plus de d\u00e9tails sur les caract\u00e9ristiques du puzzle ci-dessous :<\/span><\/p>\n<p><strong>Taille de l&rsquo;image reconstruite : 50 x 70 cm. Tu peux utiliser une table basse ordinaire pour l&rsquo;assemblage.<\/strong><\/p>\n<p><strong>Mat\u00e9riau du puzzle <\/strong><\/p>\n<p><strong>carton bleu de haute qualit\u00e9<\/strong><\/p>\n<p><strong>des mat\u00e9riaux durables et recyclables<\/strong><\/p>\n<p><strong>finition semi-brillante, couleurs vives<\/strong><\/p>\n<p><strong>Nombre de pi\u00e8ces de puzzle : 1000<\/strong><\/p>\n<p><strong>\u00c2ge recommand\u00e9 : 14+<\/strong><\/p>\n<p><strong>Les jeux de r\u00e9flexion entra\u00eenent l&rsquo;ensemble du processus de r\u00e9flexion<\/strong><\/p>\n<p><span style=\"font-weight: 400;\">Savais-tu que les puzzles pour adultes sont bons pour le cerveau ? Des \u00e9tudes montrent que l&rsquo;assemblage de jeux de puzzle entra\u00eene les deux h\u00e9misph\u00e8res c\u00e9r\u00e9braux, de sorte que le cerveau travaille dans son ensemble pour accomplir la t\u00e2che \u00e0 accomplir. De plus, un puzzle de 1 000 pi\u00e8ces est un excellent exercice mental qui requiert la capacit\u00e9 de reconna\u00eetre les diff\u00e9rentes pi\u00e8ces du puzzle et leur place dans l&rsquo;image globale. Il faut \u00e0 la fois un esprit logique et beaucoup d&rsquo;ing\u00e9niosit\u00e9 pour trouver les bonnes solutions et reconstituer le tableau <\/span><\/p>\n<p><span style=\"font-weight: 400;\">Les avantages des jeux de puzzle incluent l&rsquo;am\u00e9lioration de comp\u00e9tences telles que :<\/span><\/p>\n<p><span style=\"font-weight: 400;\">Concentration<\/span><\/p>\n<p><span style=\"font-weight: 400;\">Pens\u00e9e critique<\/span><\/p>\n<p><span style=\"font-weight: 400;\">M\u00e9moire<\/span><\/p>\n<p><span style=\"font-weight: 400;\">Attention<\/span><\/p>\n<p><span style=\"font-weight: 400;\">Coordination<\/span><\/p>\n<p><strong>5 informations sur l&rsquo;auteur de la peinture<\/strong><\/p>\n<p><span style=\"font-weight: 400;\">1. Peder M\u00f8rk M\u00f8nsted est n\u00e9 au Danemark et est l&rsquo;un des peintres r\u00e9alistes les plus connus d&rsquo;Europe.<\/span><\/p>\n<p><span style=\"font-weight: 400;\">2. Ses th\u00e8mes pr\u00e9f\u00e9r\u00e9s en peinture \u00e9taient les paysages d&rsquo;hiver avec une neige abondante, les eaux dormantes et les for\u00eats.<\/span><\/p>\n<p><span style=\"font-weight: 400;\">3. Peder M\u00f8rk M\u00f8nsted est n\u00e9 dans une famille ais\u00e9e et a re\u00e7u une \u00e9ducation distingu\u00e9e. Il a voyag\u00e9 dans de nombreux pays d&rsquo;Europe et d&rsquo;Afrique, au cours desquels il a produit des \u0153uvres qui ont \u00e9t\u00e9 pr\u00e9sent\u00e9es dans de nombreuses expositions internationales.<\/span><\/p>\n<p><span style=\"font-weight: 400;\">4. Il \u00e9tait tr\u00e8s populaire en Allemagne et a expos\u00e9 plusieurs de ses \u0153uvres \u00e0 Munich.<\/span><\/p>\n<p><span style=\"font-weight: 400;\">5. Aujourd&rsquo;hui, beaucoup de ses \u0153uvres se trouvent dans des collections priv\u00e9es et sont inaccessibles au grand public <\/span><\/p>\n<p><strong>Puzzle 1000 pi\u00e8ces : une fa\u00e7on non seulement de divertir mais aussi d&rsquo;\u00e9duquer<\/strong><\/p>\n<p><span style=\"font-weight: 400;\">Assembler des puzzles est en effet une activit\u00e9 relaxante et amusante, surtout si elle est faite en famille ou avec des amis. Mais au-del\u00e0 du c\u00f4t\u00e9 divertissement, elle a aussi un aspect \u00e9ducatif important car elle implique un raisonnement logique et d\u00e9veloppe une multitude de comp\u00e9tences.<\/span><\/p>\n<p><span style=\"font-weight: 400;\">Si tu cherches plus qu&rsquo;un simple loisir, nous te recommandons vivement ce merveilleux <strong>puzzle de 1000 pi\u00e8ces<\/strong><\/span><strong> Peder M\u00f8rk M\u00f8nsted<\/strong><span style=\"font-weight: 400;\"> &#8211;<strong> Une journ\u00e9e d&rsquo;\u00e9t\u00e9 dans les bois avec des cerfs en arri\u00e8re-plan<\/strong> qui t&#8217;emm\u00e8nera dans le domaine fascinant de l&rsquo;art. Tu peux aussi acheter ce puzzle artistique et l&rsquo;offrir \u00e0 une personne sp\u00e9ciale dans ta vie.<\/span><\/p><\/p>\n","protected":false},"excerpt":{"rendered":"<p>Avec la gamme d&rsquo;\u00e9nigmes artistiques la plus vari\u00e9e de Roumanie, nous te proposons une incursion dans le monde des peintures<\/p>\n","protected":false},"featured_media":64248,"template":"","meta":[],"product_brand":[],"product_cat":[2314,2316,2315],"product_tag":[],"class_list":{"0":"post-51543","1":"product","2":"type-product","3":"status-publish","4":"has-post-thumbnail","6":"product_cat-puzzles-fr","7":"product_cat-puzzles-de-1000-pieces","8":"product_cat-puzzles-pour-adultes","9":"pa_brand-d_toys-fr","10":"pa_country_of_manufacture-ro-fr","11":"pa_filter_age-14-fr","12":"pa_painter-gustavklimt-fr","13":"pa_tip_ambalaj-boite","14":"pa_tip_puzzle-classique","16":"first","17":"instock","18":"taxable","19":"shipping-taxable","20":"product-type-simple"},"yoast_head":"<!-- This site is optimized with the Yoast SEO plugin v20.1 - https:\/\/yoast.com\/wordpress\/plugins\/seo\/ -->\n<title>Puzzle adulte Peder M\u00f8rk M\u00f8nsted - Une journ\u00e9e d&#039;\u00e9t\u00e9 dans la for\u00eat avec des cerfs en arri\u00e8re-plan - 1000 pi\u00e8ces<\/title>\n<meta name=\"description\" content=\"Puzzle adulte Peder M\u00f8rk M\u00f8nsted - Une journ\u00e9e d&#039;\u00e9t\u00e9 dans la for\u00eat avec des cerfs en arri\u00e8re-plan - 1000 pi\u00e8ces\" \/>\n<meta name=\"robots\" content=\"index, follow, max-snippet:-1, max-image-preview:large, max-video-preview:-1\" \/>\n<link rel=\"canonical\" href=\"https:\/\/business.roovi.com\/fr\/puzzle-adulte-peder-mork-monsted-une-journee-dete-dans-la-foret-avec-des-cerfs-en-arriere-plan-1000-pieces\/p\/\" \/>\n<meta property=\"og:locale\" content=\"fr_FR\" \/>\n<meta property=\"og:type\" content=\"article\" \/>\n<meta property=\"og:title\" content=\"Puzzle adulte Peder M\u00f8rk M\u00f8nsted - Une journ\u00e9e d&#039;\u00e9t\u00e9 dans la for\u00eat avec des cerfs en arri\u00e8re-plan - 1000 pi\u00e8ces\" \/>\n<meta property=\"og:description\" content=\"Puzzle adulte Peder M\u00f8rk M\u00f8nsted - Une journ\u00e9e d&#039;\u00e9t\u00e9 dans la for\u00eat avec des cerfs en arri\u00e8re-plan - 1000 pi\u00e8ces\" \/>\n<meta property=\"og:url\" content=\"https:\/\/business.roovi.com\/fr\/puzzle-adulte-peder-mork-monsted-une-journee-dete-dans-la-foret-avec-des-cerfs-en-arriere-plan-1000-pieces\/p\/\" \/>\n<meta property=\"og:site_name\" content=\"Roovi B2B\" \/>\n<meta property=\"article:publisher\" content=\"https:\/\/www.facebook.com\/wwwjucariero\" \/>\n<meta property=\"article:modified_time\" content=\"2022-07-13T10:12:48+00:00\" \/>\n<meta property=\"og:image\" content=\"https:\/\/business.roovi.com\/wp-content\/uploads\/2021\/03\/77417-02_ansamblu_dimensiuni_cutie_cm-800x800.png\" \/>\n\t<meta property=\"og:image:width\" content=\"800\" \/>\n\t<meta property=\"og:image:height\" content=\"800\" \/>\n\t<meta property=\"og:image:type\" content=\"image\/png\" \/>\n<meta name=\"twitter:label1\" content=\"Dur\u00e9e de lecture estim\u00e9e\" \/>\n\t<meta name=\"twitter:data1\" content=\"3 minutes\" \/>\n<script type=\"application\/ld+json\" class=\"yoast-schema-graph\">{\"@context\":\"https:\/\/schema.org\",\"@graph\":[{\"@type\":\"WebPage\",\"@id\":\"https:\/\/business.roovi.com\/fr\/puzzle-adulte-peder-mork-monsted-une-journee-dete-dans-la-foret-avec-des-cerfs-en-arriere-plan-1000-pieces\/p\/\",\"url\":\"https:\/\/business.roovi.com\/fr\/puzzle-adulte-peder-mork-monsted-une-journee-dete-dans-la-foret-avec-des-cerfs-en-arriere-plan-1000-pieces\/p\/\",\"name\":\"Puzzle adulte Peder M\u00f8rk M\u00f8nsted - Une journ\u00e9e d'\u00e9t\u00e9 dans la for\u00eat avec des cerfs en arri\u00e8re-plan - 1000 pi\u00e8ces\",\"isPartOf\":{\"@id\":\"https:\/\/business.roovi.com\/fr\/#website\"},\"datePublished\":\"2021-03-09T08:43:37+00:00\",\"dateModified\":\"2022-07-13T10:12:48+00:00\",\"description\":\"Puzzle adulte Peder M\u00f8rk M\u00f8nsted - Une journ\u00e9e d'\u00e9t\u00e9 dans la for\u00eat avec des cerfs en arri\u00e8re-plan - 1000 pi\u00e8ces\",\"breadcrumb\":{\"@id\":\"https:\/\/business.roovi.com\/fr\/puzzle-adulte-peder-mork-monsted-une-journee-dete-dans-la-foret-avec-des-cerfs-en-arriere-plan-1000-pieces\/p\/#breadcrumb\"},\"inLanguage\":\"fr-FR\",\"potentialAction\":[{\"@type\":\"ReadAction\",\"target\":[\"https:\/\/business.roovi.com\/fr\/puzzle-adulte-peder-mork-monsted-une-journee-dete-dans-la-foret-avec-des-cerfs-en-arriere-plan-1000-pieces\/p\/\"]}]},{\"@type\":\"BreadcrumbList\",\"@id\":\"https:\/\/business.roovi.com\/fr\/puzzle-adulte-peder-mork-monsted-une-journee-dete-dans-la-foret-avec-des-cerfs-en-arriere-plan-1000-pieces\/p\/#breadcrumb\",\"itemListElement\":[{\"@type\":\"ListItem\",\"position\":1,\"name\":\"Home\",\"item\":\"https:\/\/business.roovi.com\/fr\/\"},{\"@type\":\"ListItem\",\"position\":2,\"name\":\"Boutique\",\"item\":\"https:\/\/business.roovi.com\/fr\/boutique\/\"},{\"@type\":\"ListItem\",\"position\":3,\"name\":\"Puzzle adulte Peder M\u00f8rk M\u00f8nsted &#8211; Une journ\u00e9e d&#8217;\u00e9t\u00e9 dans la for\u00eat avec des cerfs en arri\u00e8re-plan &#8211; 1000 pi\u00e8ces\"}]},{\"@type\":\"WebSite\",\"@id\":\"https:\/\/business.roovi.com\/fr\/#website\",\"url\":\"https:\/\/business.roovi.com\/fr\/\",\"name\":\"Roovi B2B\",\"description\":\"Roovi Business Website\",\"potentialAction\":[{\"@type\":\"SearchAction\",\"target\":{\"@type\":\"EntryPoint\",\"urlTemplate\":\"https:\/\/business.roovi.com\/fr\/?s={search_term_string}\"},\"query-input\":\"required name=search_term_string\"}],\"inLanguage\":\"fr-FR\"}]}<\/script>\n<!-- \/ Yoast SEO plugin. -->","yoast_head_json":{"title":"Puzzle adulte Peder M\u00f8rk M\u00f8nsted - Une journ\u00e9e d'\u00e9t\u00e9 dans la for\u00eat avec des cerfs en arri\u00e8re-plan - 1000 pi\u00e8ces","description":"Puzzle adulte Peder M\u00f8rk M\u00f8nsted - Une journ\u00e9e d'\u00e9t\u00e9 dans la for\u00eat avec des cerfs en arri\u00e8re-plan - 1000 pi\u00e8ces","robots":{"index":"index","follow":"follow","max-snippet":"max-snippet:-1","max-image-preview":"max-image-preview:large","max-video-preview":"max-video-preview:-1"},"canonical":"https:\/\/business.roovi.com\/fr\/puzzle-adulte-peder-mork-monsted-une-journee-dete-dans-la-foret-avec-des-cerfs-en-arriere-plan-1000-pieces\/p\/","og_locale":"fr_FR","og_type":"article","og_title":"Puzzle adulte Peder M\u00f8rk M\u00f8nsted - Une journ\u00e9e d'\u00e9t\u00e9 dans la for\u00eat avec des cerfs en arri\u00e8re-plan - 1000 pi\u00e8ces","og_description":"Puzzle adulte Peder M\u00f8rk M\u00f8nsted - Une journ\u00e9e d'\u00e9t\u00e9 dans la for\u00eat avec des cerfs en arri\u00e8re-plan - 1000 pi\u00e8ces","og_url":"https:\/\/business.roovi.com\/fr\/puzzle-adulte-peder-mork-monsted-une-journee-dete-dans-la-foret-avec-des-cerfs-en-arriere-plan-1000-pieces\/p\/","og_site_name":"Roovi B2B","article_publisher":"https:\/\/www.facebook.com\/wwwjucariero","article_modified_time":"2022-07-13T10:12:48+00:00","og_image":[{"width":800,"height":800,"url":"https:\/\/business.roovi.com\/wp-content\/uploads\/2021\/03\/77417-02_ansamblu_dimensiuni_cutie_cm-800x800.png","type":"image\/png"}],"twitter_misc":{"Dur\u00e9e de lecture estim\u00e9e":"3 minutes"},"schema":{"@context":"https:\/\/schema.org","@graph":[{"@type":"WebPage","@id":"https:\/\/business.roovi.com\/fr\/puzzle-adulte-peder-mork-monsted-une-journee-dete-dans-la-foret-avec-des-cerfs-en-arriere-plan-1000-pieces\/p\/","url":"https:\/\/business.roovi.com\/fr\/puzzle-adulte-peder-mork-monsted-une-journee-dete-dans-la-foret-avec-des-cerfs-en-arriere-plan-1000-pieces\/p\/","name":"Puzzle adulte Peder M\u00f8rk M\u00f8nsted - Une journ\u00e9e d'\u00e9t\u00e9 dans la for\u00eat avec des cerfs en arri\u00e8re-plan - 1000 pi\u00e8ces","isPartOf":{"@id":"https:\/\/business.roovi.com\/fr\/#website"},"datePublished":"2021-03-09T08:43:37+00:00","dateModified":"2022-07-13T10:12:48+00:00","description":"Puzzle adulte Peder M\u00f8rk M\u00f8nsted - Une journ\u00e9e d'\u00e9t\u00e9 dans la for\u00eat avec des cerfs en arri\u00e8re-plan - 1000 pi\u00e8ces","breadcrumb":{"@id":"https:\/\/business.roovi.com\/fr\/puzzle-adulte-peder-mork-monsted-une-journee-dete-dans-la-foret-avec-des-cerfs-en-arriere-plan-1000-pieces\/p\/#breadcrumb"},"inLanguage":"fr-FR","potentialAction":[{"@type":"ReadAction","target":["https:\/\/business.roovi.com\/fr\/puzzle-adulte-peder-mork-monsted-une-journee-dete-dans-la-foret-avec-des-cerfs-en-arriere-plan-1000-pieces\/p\/"]}]},{"@type":"BreadcrumbList","@id":"https:\/\/business.roovi.com\/fr\/puzzle-adulte-peder-mork-monsted-une-journee-dete-dans-la-foret-avec-des-cerfs-en-arriere-plan-1000-pieces\/p\/#breadcrumb","itemListElement":[{"@type":"ListItem","position":1,"name":"Home","item":"https:\/\/business.roovi.com\/fr\/"},{"@type":"ListItem","position":2,"name":"Boutique","item":"https:\/\/business.roovi.com\/fr\/boutique\/"},{"@type":"ListItem","position":3,"name":"Puzzle adulte Peder M\u00f8rk M\u00f8nsted &#8211; Une journ\u00e9e d&#8217;\u00e9t\u00e9 dans la for\u00eat avec des cerfs en arri\u00e8re-plan &#8211; 1000 pi\u00e8ces"}]},{"@type":"WebSite","@id":"https:\/\/business.roovi.com\/fr\/#website","url":"https:\/\/business.roovi.com\/fr\/","name":"Roovi B2B","description":"Roovi Business Website","potentialAction":[{"@type":"SearchAction","target":{"@type":"EntryPoint","urlTemplate":"https:\/\/business.roovi.com\/fr\/?s={search_term_string}"},"query-input":"required name=search_term_string"}],"inLanguage":"fr-FR"}]}},"_links":{"self":[{"href":"https:\/\/business.roovi.com\/fr\/wp-json\/wp\/v2\/product\/51543","targetHints":{"allow":["GET"]}}],"collection":[{"href":"https:\/\/business.roovi.com\/fr\/wp-json\/wp\/v2\/product"}],"about":[{"href":"https:\/\/business.roovi.com\/fr\/wp-json\/wp\/v2\/types\/product"}],"version-history":[{"count":0,"href":"https:\/\/business.roovi.com\/fr\/wp-json\/wp\/v2\/product\/51543\/revisions"}],"wp:featuredmedia":[{"embeddable":true,"href":"https:\/\/business.roovi.com\/fr\/wp-json\/wp\/v2\/media\/64248"}],"wp:attachment":[{"href":"https:\/\/business.roovi.com\/fr\/wp-json\/wp\/v2\/media?parent=51543"}],"wp:term":[{"taxonomy":"product_brand","embeddable":true,"href":"https:\/\/business.roovi.com\/fr\/wp-json\/wp\/v2\/product_brand?post=51543"},{"taxonomy":"product_cat","embeddable":true,"href":"https:\/\/business.roovi.com\/fr\/wp-json\/wp\/v2\/product_cat?post=51543"},{"taxonomy":"product_tag","embeddable":true,"href":"https:\/\/business.roovi.com\/fr\/wp-json\/wp\/v2\/product_tag?post=51543"}],"curies":[{"name":"wp","href":"https:\/\/api.w.org\/{rel}","templated":true}]}}