{"id":51556,"date":"2021-03-09T08:41:35","date_gmt":"2021-03-09T08:41:35","guid":{"rendered":"https:\/\/business.roovi.com\/puzzle-adulti-peder-mork-monsted-birch-trees-at-a-coast-1000-piese\/p\/"},"modified":"2022-07-13T10:12:52","modified_gmt":"2022-07-13T10:12:52","slug":"puzzle-adulte-peder-mork-monsted-arbres-de-bouleaux-sur-une-cote-1000-pieces","status":"publish","type":"product","link":"https:\/\/business.roovi.com\/fr\/puzzle-adulte-peder-mork-monsted-arbres-de-bouleaux-sur-une-cote-1000-pieces\/p\/","title":{"rendered":"Puzzle adulte Peder M\u00f8rk M\u00f8nsted &#8211; Arbres de bouleaux sur une c\u00f4te &#8211; 1000 pi\u00e8ces"},"content":{"rendered":"<p><span style=\"font-weight: 400;\">Tu cherches une activit\u00e9 amusante pour les week-ends ennuyeux ? Passe ton temps libre \u00e0 assembler des puzzles d&rsquo;art et \u00e0 cr\u00e9er des collections uniques de tableaux \u00e0 partir de puzzles de 1000 pi\u00e8ces. Tu peux y rencontrer les peintres les plus c\u00e9l\u00e8bres de tous les temps, ainsi que des artistes contemporains qui cr\u00e9ent des \u0153uvres d&rsquo;art originales. D\u00e9couvre l&rsquo;offre compl\u00e8te maintenant !<\/span><\/p>\n<p><span style=\"font-weight: 400;\">Peder M\u00f8rk M\u00f8nsted &#8211; Bouleau sur une c\u00f4te puzzle de 1000 pi\u00e8ces pr\u00e9sente l&rsquo;un des paysages de l&rsquo;artiste, connu pour son style photor\u00e9aliste. Le tableau repr\u00e9sente deux de ses th\u00e8mes pr\u00e9f\u00e9r\u00e9s : l&rsquo;eau et la for\u00eat. L&rsquo;image d\u00e9peint l&rsquo;aspect monumental du paysage avec des couleurs et des d\u00e9tails pr\u00e9cis. Laisse ton imagination t&#8217;emmener dans le monde relaxant et paisible de cette image <\/span><\/p>\n<p><span style=\"font-weight: 400;\">Le tableau reconstitu\u00e9 mesure 50 x 70 cm et peut \u00eatre plac\u00e9 sur une table basse ordinaire pour un travail relaxant.<\/span><\/p>\n<p><span style=\"font-weight: 400;\">Autres caract\u00e9ristiques du puzzle de 1000 pi\u00e8ces Peder M\u00f8rk M\u00f8nsted &#8211; Un bouleau \u00e0 la c\u00f4te :<\/span><\/p>\n<p><strong>Mat\u00e9riau du puzzle <\/strong><\/p>\n<p><strong>carton bleu de haute qualit\u00e9<\/strong><\/p>\n<p><strong>des mat\u00e9riaux durables et recyclables<\/strong><\/p>\n<p><strong>finition semi-brillante, couleurs vives<\/strong><\/p>\n<p><strong>Nombre de pi\u00e8ces de puzzle : 1000<\/strong><\/p>\n<p><strong>\u00c2ge recommand\u00e9 : 14+<\/strong><\/p>\n<p><strong>Les jeux de puzzle ravivent ta cr\u00e9ativit\u00e9<\/strong><\/p>\n<p><span style=\"font-weight: 400;\">Tu as l&rsquo;impression que les choses ne vont pas comme tu veux, que tu ne peux pas trouver de solutions et que ton imagination semble stagner ? Trouve-toi un puzzle de 1000 pi\u00e8ces et entra\u00eene-toi ! Assembler un jeu de puzzle met ton esprit au d\u00e9fi de r\u00e9fl\u00e9chir  <\/span><em><span style=\"font-weight: 400;\">hors des sentiers battus  <\/span><\/em><span style=\"font-weight: 400;\">et r\u00e9soudre des probl\u00e8mes \u00e0 partir de diff\u00e9rents points de vue. Les puzzles de 1000 pi\u00e8ces n\u00e9cessitent plusieurs tentatives, ce qui signifie des \u00e9checs ainsi qu&rsquo;une approche syst\u00e9matique. Tous ces exercices et tests que tu fais pour reconstituer une image \u00e0 partir d&rsquo;un puzzle pour adultes vont stimuler ta cr\u00e9ativit\u00e9 et t&rsquo;aider \u00e0 d\u00e9velopper des comp\u00e9tences innovantes en mati\u00e8re de r\u00e9solution de probl\u00e8mes.<\/span><\/p>\n<p><strong>Les jeux de puzzle am\u00e9liorent ta m\u00e9moire \u00e0 court terme<\/strong><\/p>\n<p><span style=\"font-weight: 400;\">Tu ne te souviens pas de ce que tu as mang\u00e9 au petit-d\u00e9jeuner ? Tu oublies toujours o\u00f9 tu t&rsquo;es gar\u00e9e ? Entra\u00eene ton cerveau avec des puzzles de 1000 pi\u00e8ces et tu verras comment ta m\u00e9moire s&rsquo;am\u00e9liore. Les jeux de puzzle sont particuli\u00e8rement utiles pour la m\u00e9moire \u00e0 court terme, car pendant l&rsquo;activit\u00e9 consistant \u00e0 assembler le puzzle, ta m\u00e9moire est mise au d\u00e9fi de se souvenir des formes et des couleurs des pi\u00e8ces et des positions o\u00f9 elles s&#8217;embo\u00eetent <\/span><\/p>\n<p><strong>Qui \u00e9tait Peder M\u00f8rk M\u00f8nsted ?<\/strong><\/p>\n<p><span style=\"font-weight: 400;\">Peder M\u00f8rk M\u00f8nsted \u00e9tait un peintre r\u00e9aliste danois.<\/span><\/p>\n<p><span style=\"font-weight: 400;\">Ses peintures repr\u00e9sentent souvent des sc\u00e8nes de la campagne danoise ou des sc\u00e8nes de for\u00eat avec des d\u00e9tails tr\u00e8s pr\u00e9cis, ce qui cr\u00e9e une ressemblance frappante avec la photographie.<\/span><\/p>\n<p><span style=\"font-weight: 400;\">Il a \u00e9tudi\u00e9 \u00e0 <\/span><span style=\"font-weight: 400;\">Acad\u00e9mie de Copenhague, et sa formation \u00e0 diverses techniques artistiques lui a permis de combiner naturalisme et photor\u00e9alisme.<\/span><\/p>\n<p><span style=\"font-weight: 400;\">Il a beaucoup voyag\u00e9 et a eu une carri\u00e8re florissante. Ses \u0153uvres se trouvent maintenant dans des mus\u00e9es et des expositions \u00e0 Ta\u00efwan, aux \u00c9tats-Unis et au Danemark<\/span><\/p>\n<p><span style=\"font-weight: 400;\">Pendant ses voyages, il s&rsquo;est \u00e9galement rendu en Gr\u00e8ce o\u00f9 il a peint des portraits de la famille royale grecque.<\/span><\/p>\n<p><strong>Offre-toi jusqu&rsquo;\u00e0 30 heures de d\u00e9tente avec le puzzle d&rsquo;art de 1000 pi\u00e8ces !<\/strong><\/p>\n<p><span style=\"font-weight: 400;\">Assembler une image \u00e0 partir de 1000 pi\u00e8ces de puzzle est une activit\u00e9 amusante et relaxante. Tu t&rsquo;assieds confortablement et tu commences \u00e0 travailler, en mettant progressivement pi\u00e8ce par pi\u00e8ce et l&rsquo;heure (ou les heures, nous te le disons par exp\u00e9rience !) est pass\u00e9e. Au total, la relaxation peut ajouter jusqu&rsquo;\u00e0 30 heures. Toutes les activit\u00e9s ne te donnent pas autant d&rsquo;heures d&rsquo;indulgence !<\/span><\/p>\n<p><span style=\"font-weight: 400;\">Si tu es fascin\u00e9 par l&rsquo;art et que tu aimes froncer les sourcils en assemblant des puzzles pour adultes, alors le puzzle de 1000 pi\u00e8ces de Peder M\u00f8rk M\u00f8nsted &#8211; Bouleau sur une c\u00f4te\/Meshes sur une c\u00f4te est id\u00e9al pour toi.<\/span><\/p>\n<p><span style=\"font-weight: 400;\">De plus, cet ensemble de puzzles est un excellent cadeau pour les passionn\u00e9s de puzzles d&rsquo;art ou d&rsquo;assemblage de puzzles de 1000 pi\u00e8ces.<\/span><\/p>\n","protected":false},"excerpt":{"rendered":"<p>Tu cherches une activit\u00e9 amusante pour les week-ends ennuyeux ? Passe ton temps libre \u00e0 assembler des puzzles d&rsquo;art et<\/p>\n","protected":false},"featured_media":64254,"template":"","meta":[],"product_brand":[],"product_cat":[2314,2316,2315],"product_tag":[],"class_list":{"0":"post-51556","1":"product","2":"type-product","3":"status-publish","4":"has-post-thumbnail","6":"product_cat-puzzles-fr","7":"product_cat-puzzles-de-1000-pieces","8":"product_cat-puzzles-pour-adultes","9":"pa_brand-d_toys-fr","10":"pa_country_of_manufacture-ro-fr","11":"pa_filter_age-14-fr","12":"pa_painter-gustavklimt-fr","13":"pa_tip_ambalaj-boite","14":"pa_tip_puzzle-classique","16":"first","17":"instock","18":"taxable","19":"shipping-taxable","20":"product-type-simple"},"yoast_head":"<!-- This site is optimized with the Yoast SEO plugin v20.1 - https:\/\/yoast.com\/wordpress\/plugins\/seo\/ -->\n<title>Puzzle adulte Peder M\u00f8rk M\u00f8nsted - Arbres de bouleaux sur une c\u00f4te - 1000 pi\u00e8ces<\/title>\n<meta name=\"description\" content=\"Puzzle adulte Peder M\u00f8rk M\u00f8nsted - Arbres de bouleaux sur une c\u00f4te - 1000 pi\u00e8ces\" \/>\n<meta name=\"robots\" content=\"index, follow, max-snippet:-1, max-image-preview:large, max-video-preview:-1\" \/>\n<link rel=\"canonical\" href=\"https:\/\/business.roovi.com\/fr\/puzzle-adulte-peder-mork-monsted-arbres-de-bouleaux-sur-une-cote-1000-pieces\/p\/\" \/>\n<meta property=\"og:locale\" content=\"fr_FR\" \/>\n<meta property=\"og:type\" content=\"article\" \/>\n<meta property=\"og:title\" content=\"Puzzle adulte Peder M\u00f8rk M\u00f8nsted - Arbres de bouleaux sur une c\u00f4te - 1000 pi\u00e8ces\" \/>\n<meta property=\"og:description\" content=\"Puzzle adulte Peder M\u00f8rk M\u00f8nsted - Arbres de bouleaux sur une c\u00f4te - 1000 pi\u00e8ces\" \/>\n<meta property=\"og:url\" content=\"https:\/\/business.roovi.com\/fr\/puzzle-adulte-peder-mork-monsted-arbres-de-bouleaux-sur-une-cote-1000-pieces\/p\/\" \/>\n<meta property=\"og:site_name\" content=\"Roovi B2B\" \/>\n<meta property=\"article:publisher\" content=\"https:\/\/www.facebook.com\/wwwjucariero\" \/>\n<meta property=\"article:modified_time\" content=\"2022-07-13T10:12:52+00:00\" \/>\n<meta property=\"og:image\" content=\"https:\/\/business.roovi.com\/wp-content\/uploads\/2021\/03\/77417-01_ansamblu_dimensiuni_cutie_cm-800x800.png\" \/>\n\t<meta property=\"og:image:width\" content=\"800\" \/>\n\t<meta property=\"og:image:height\" content=\"800\" \/>\n\t<meta property=\"og:image:type\" content=\"image\/png\" \/>\n<meta name=\"twitter:label1\" content=\"Dur\u00e9e de lecture estim\u00e9e\" \/>\n\t<meta name=\"twitter:data1\" content=\"4 minutes\" \/>\n<script type=\"application\/ld+json\" class=\"yoast-schema-graph\">{\"@context\":\"https:\/\/schema.org\",\"@graph\":[{\"@type\":\"WebPage\",\"@id\":\"https:\/\/business.roovi.com\/fr\/puzzle-adulte-peder-mork-monsted-arbres-de-bouleaux-sur-une-cote-1000-pieces\/p\/\",\"url\":\"https:\/\/business.roovi.com\/fr\/puzzle-adulte-peder-mork-monsted-arbres-de-bouleaux-sur-une-cote-1000-pieces\/p\/\",\"name\":\"Puzzle adulte Peder M\u00f8rk M\u00f8nsted - Arbres de bouleaux sur une c\u00f4te - 1000 pi\u00e8ces\",\"isPartOf\":{\"@id\":\"https:\/\/business.roovi.com\/fr\/#website\"},\"datePublished\":\"2021-03-09T08:41:35+00:00\",\"dateModified\":\"2022-07-13T10:12:52+00:00\",\"description\":\"Puzzle adulte Peder M\u00f8rk M\u00f8nsted - Arbres de bouleaux sur une c\u00f4te - 1000 pi\u00e8ces\",\"breadcrumb\":{\"@id\":\"https:\/\/business.roovi.com\/fr\/puzzle-adulte-peder-mork-monsted-arbres-de-bouleaux-sur-une-cote-1000-pieces\/p\/#breadcrumb\"},\"inLanguage\":\"fr-FR\",\"potentialAction\":[{\"@type\":\"ReadAction\",\"target\":[\"https:\/\/business.roovi.com\/fr\/puzzle-adulte-peder-mork-monsted-arbres-de-bouleaux-sur-une-cote-1000-pieces\/p\/\"]}]},{\"@type\":\"BreadcrumbList\",\"@id\":\"https:\/\/business.roovi.com\/fr\/puzzle-adulte-peder-mork-monsted-arbres-de-bouleaux-sur-une-cote-1000-pieces\/p\/#breadcrumb\",\"itemListElement\":[{\"@type\":\"ListItem\",\"position\":1,\"name\":\"Home\",\"item\":\"https:\/\/business.roovi.com\/fr\/\"},{\"@type\":\"ListItem\",\"position\":2,\"name\":\"Boutique\",\"item\":\"https:\/\/business.roovi.com\/fr\/boutique\/\"},{\"@type\":\"ListItem\",\"position\":3,\"name\":\"Puzzle adulte Peder M\u00f8rk M\u00f8nsted &#8211; Arbres de bouleaux sur une c\u00f4te &#8211; 1000 pi\u00e8ces\"}]},{\"@type\":\"WebSite\",\"@id\":\"https:\/\/business.roovi.com\/fr\/#website\",\"url\":\"https:\/\/business.roovi.com\/fr\/\",\"name\":\"Roovi B2B\",\"description\":\"Roovi Business Website\",\"potentialAction\":[{\"@type\":\"SearchAction\",\"target\":{\"@type\":\"EntryPoint\",\"urlTemplate\":\"https:\/\/business.roovi.com\/fr\/?s={search_term_string}\"},\"query-input\":\"required name=search_term_string\"}],\"inLanguage\":\"fr-FR\"}]}<\/script>\n<!-- \/ Yoast SEO plugin. -->","yoast_head_json":{"title":"Puzzle adulte Peder M\u00f8rk M\u00f8nsted - Arbres de bouleaux sur une c\u00f4te - 1000 pi\u00e8ces","description":"Puzzle adulte Peder M\u00f8rk M\u00f8nsted - Arbres de bouleaux sur une c\u00f4te - 1000 pi\u00e8ces","robots":{"index":"index","follow":"follow","max-snippet":"max-snippet:-1","max-image-preview":"max-image-preview:large","max-video-preview":"max-video-preview:-1"},"canonical":"https:\/\/business.roovi.com\/fr\/puzzle-adulte-peder-mork-monsted-arbres-de-bouleaux-sur-une-cote-1000-pieces\/p\/","og_locale":"fr_FR","og_type":"article","og_title":"Puzzle adulte Peder M\u00f8rk M\u00f8nsted - Arbres de bouleaux sur une c\u00f4te - 1000 pi\u00e8ces","og_description":"Puzzle adulte Peder M\u00f8rk M\u00f8nsted - Arbres de bouleaux sur une c\u00f4te - 1000 pi\u00e8ces","og_url":"https:\/\/business.roovi.com\/fr\/puzzle-adulte-peder-mork-monsted-arbres-de-bouleaux-sur-une-cote-1000-pieces\/p\/","og_site_name":"Roovi B2B","article_publisher":"https:\/\/www.facebook.com\/wwwjucariero","article_modified_time":"2022-07-13T10:12:52+00:00","og_image":[{"width":800,"height":800,"url":"https:\/\/business.roovi.com\/wp-content\/uploads\/2021\/03\/77417-01_ansamblu_dimensiuni_cutie_cm-800x800.png","type":"image\/png"}],"twitter_misc":{"Dur\u00e9e de lecture estim\u00e9e":"4 minutes"},"schema":{"@context":"https:\/\/schema.org","@graph":[{"@type":"WebPage","@id":"https:\/\/business.roovi.com\/fr\/puzzle-adulte-peder-mork-monsted-arbres-de-bouleaux-sur-une-cote-1000-pieces\/p\/","url":"https:\/\/business.roovi.com\/fr\/puzzle-adulte-peder-mork-monsted-arbres-de-bouleaux-sur-une-cote-1000-pieces\/p\/","name":"Puzzle adulte Peder M\u00f8rk M\u00f8nsted - Arbres de bouleaux sur une c\u00f4te - 1000 pi\u00e8ces","isPartOf":{"@id":"https:\/\/business.roovi.com\/fr\/#website"},"datePublished":"2021-03-09T08:41:35+00:00","dateModified":"2022-07-13T10:12:52+00:00","description":"Puzzle adulte Peder M\u00f8rk M\u00f8nsted - Arbres de bouleaux sur une c\u00f4te - 1000 pi\u00e8ces","breadcrumb":{"@id":"https:\/\/business.roovi.com\/fr\/puzzle-adulte-peder-mork-monsted-arbres-de-bouleaux-sur-une-cote-1000-pieces\/p\/#breadcrumb"},"inLanguage":"fr-FR","potentialAction":[{"@type":"ReadAction","target":["https:\/\/business.roovi.com\/fr\/puzzle-adulte-peder-mork-monsted-arbres-de-bouleaux-sur-une-cote-1000-pieces\/p\/"]}]},{"@type":"BreadcrumbList","@id":"https:\/\/business.roovi.com\/fr\/puzzle-adulte-peder-mork-monsted-arbres-de-bouleaux-sur-une-cote-1000-pieces\/p\/#breadcrumb","itemListElement":[{"@type":"ListItem","position":1,"name":"Home","item":"https:\/\/business.roovi.com\/fr\/"},{"@type":"ListItem","position":2,"name":"Boutique","item":"https:\/\/business.roovi.com\/fr\/boutique\/"},{"@type":"ListItem","position":3,"name":"Puzzle adulte Peder M\u00f8rk M\u00f8nsted &#8211; Arbres de bouleaux sur une c\u00f4te &#8211; 1000 pi\u00e8ces"}]},{"@type":"WebSite","@id":"https:\/\/business.roovi.com\/fr\/#website","url":"https:\/\/business.roovi.com\/fr\/","name":"Roovi B2B","description":"Roovi Business Website","potentialAction":[{"@type":"SearchAction","target":{"@type":"EntryPoint","urlTemplate":"https:\/\/business.roovi.com\/fr\/?s={search_term_string}"},"query-input":"required name=search_term_string"}],"inLanguage":"fr-FR"}]}},"_links":{"self":[{"href":"https:\/\/business.roovi.com\/fr\/wp-json\/wp\/v2\/product\/51556","targetHints":{"allow":["GET"]}}],"collection":[{"href":"https:\/\/business.roovi.com\/fr\/wp-json\/wp\/v2\/product"}],"about":[{"href":"https:\/\/business.roovi.com\/fr\/wp-json\/wp\/v2\/types\/product"}],"version-history":[{"count":0,"href":"https:\/\/business.roovi.com\/fr\/wp-json\/wp\/v2\/product\/51556\/revisions"}],"wp:featuredmedia":[{"embeddable":true,"href":"https:\/\/business.roovi.com\/fr\/wp-json\/wp\/v2\/media\/64254"}],"wp:attachment":[{"href":"https:\/\/business.roovi.com\/fr\/wp-json\/wp\/v2\/media?parent=51556"}],"wp:term":[{"taxonomy":"product_brand","embeddable":true,"href":"https:\/\/business.roovi.com\/fr\/wp-json\/wp\/v2\/product_brand?post=51556"},{"taxonomy":"product_cat","embeddable":true,"href":"https:\/\/business.roovi.com\/fr\/wp-json\/wp\/v2\/product_cat?post=51556"},{"taxonomy":"product_tag","embeddable":true,"href":"https:\/\/business.roovi.com\/fr\/wp-json\/wp\/v2\/product_tag?post=51556"}],"curies":[{"name":"wp","href":"https:\/\/api.w.org\/{rel}","templated":true}]}}