{"id":51557,"date":"2021-03-09T08:38:09","date_gmt":"2021-03-09T08:38:09","guid":{"rendered":"https:\/\/business.roovi.com\/puzzle-adulti-1000-piese-egiptul-antic\/p\/"},"modified":"2022-07-13T10:12:52","modified_gmt":"2022-07-13T10:12:52","slug":"puzzle-adulte-1000-pieces-ancienne-egypte","status":"publish","type":"product","link":"https:\/\/business.roovi.com\/fr\/puzzle-adulte-1000-pieces-ancienne-egypte\/p\/","title":{"rendered":"Puzzle adulte 1000 pi\u00e8ces &#8211; Ancienne \u00c9gypte"},"content":{"rendered":"<p><span style=\"font-weight: 400; font-size: 14px;\">Tu es passionn\u00e9 par les anciennes civilisations \u00e9gyptiennes et les jeux de puzzle ? C&rsquo;est maintenant l&rsquo;occasion de combiner les deux. Assemble l&rsquo;image avec une sc\u00e8ne typique de l&rsquo;\u00c9gypte ancienne et cr\u00e9e une fabuleuse image artistique <\/span><\/p>\n<p><span style=\"font-weight: 400; font-size: 14px;\">Si tu aimes les puzzles complexes avec des d\u00e9tails \u00e9tonnants de la culture \u00e9gyptienne ancienne, nous avons le jeu de puzzle parfait pour toi. Le puzzle de 1000 pi\u00e8ces de l&rsquo;\u00c9gypte ancienne aff\u00fbte tes comp\u00e9tences d&rsquo;assemblage et te fait d\u00e9couvrir le monde fascinant de la civilisation \u00e9gyptienne.<\/span><\/p>\n<p><span style=\"font-weight: 400; font-size: 14px;\">L&rsquo;\u00c9gypte ancienne \u00e9tait l&rsquo;une des civilisations les plus \u00e9volu\u00e9es et les plus puissantes pendant 3000 ans. Aujourd&rsquo;hui encore, les gens cherchent des explications sur la technologie de construction des pyramides et tentent de percer les myst\u00e8res qu&rsquo;elles rec\u00e8lent.<\/span><\/p>\n<p><span style=\"font-size: 14px;\"><span style=\"font-weight: 400;\">Les \u00c9gyptiens ont invent\u00e9 de nombreux objets que nous utilisons encore au 21e si\u00e8cle : le papier, les stylos, les cosm\u00e9tiques, les peignes et les ciseaux <\/span><span style=\"font-weight: 400;\">La Grande Pyramide de Gizeh est l&rsquo;une des sept merveilles du monde antique et a \u00e9t\u00e9 le plus ancien b\u00e2timent sur terre pendant 3800 ans.<\/span><\/span><\/p>\n<p><span style=\"font-weight: 400; font-size: 14px;\">D\u00e9couvre un petit morceau de l&rsquo;histoire d&rsquo;une civilisation impressionnante dans le puzzle de 1000 pi\u00e8ces Ancient Egypt <\/span><\/p>\n<p><span style=\"font-weight: 400; font-size: 14px;\">Tu peux utiliser une table basse ordinaire pour assembler et soutenir les pi\u00e8ces. Tu obtiendras une peinture de 50 x 70 cm qui lib\u00e8rera ton imagination et te ram\u00e8nera plus de 3000 ans en arri\u00e8re.<\/span><\/p>\n<p><span style=\"font-weight: 400; font-size: 14px;\">Caract\u00e9ristiques Puzzle pour adultes de l&rsquo;\u00c9gypte ancienne :<\/span><\/p>\n<p><span style=\"font-size: 14px;\"><strong>Mat\u00e9riau du puzzle <\/strong><\/span><\/p>\n<p><span style=\"font-size: 14px;\"><strong>carton bleu de haute qualit\u00e9<\/strong><\/span><\/p>\n<p><span style=\"font-size: 14px;\"><strong>des mat\u00e9riaux durables et recyclables<\/strong><\/span><\/p>\n<p><span style=\"font-size: 14px;\"><strong>finition semi-brillante, couleurs vives<\/strong><\/span><\/p>\n<p><span style=\"font-size: 14px;\"><strong>Nombre de pi\u00e8ces de puzzle : 1000<\/strong><\/span><\/p>\n<p><span style=\"font-size: 14px;\"><strong>\u00c2ge recommand\u00e9 : 14+<\/strong><\/span><\/p>\n<p><span style=\"font-weight: 400; font-size: 14px;\">Les jeux de r\u00e9flexion te procurent des avantages incroyables qui se refl\u00e8tent dans de nombreux aspects de ta vie :<\/span><\/p>\n<p><span style=\"font-weight: 400; font-size: 14px;\">Cela cultive ton attention aux d\u00e9tails.<\/span><\/p>\n<p><span style=\"font-weight: 400; font-size: 14px;\">Il d\u00e9veloppe ta m\u00e9moire \u00e0 court terme.<\/span><\/p>\n<p><span style=\"font-weight: 400; font-size: 14px;\">Tu entra\u00eenes ta concentration et tes comp\u00e9tences.<\/span><\/p>\n<p><span style=\"font-weight: 400; font-size: 14px;\">Ils sont un excellent moyen de se d\u00e9tendre et de se d\u00e9connecter de la vie virtuelle.<\/span><\/p>\n<p><span style=\"font-weight: 400; font-size: 14px;\">Ils peuvent \u00eatre un excellent moyen de passer du temps libre avec ta famille.<\/span><\/p>\n<p><span style=\"font-size: 14px;\"><strong>Savais-tu que&#8230;<\/strong><\/span><\/p>\n<p><span style=\"font-weight: 400; font-size: 14px;\">Les anciens \u00c9gyptiens ont invent\u00e9 le dentifrice ?<\/span><\/p>\n<p><span style=\"font-weight: 400; font-size: 14px;\">Les \u00c9gyptiens \u00e9taient de grands amateurs de jeux de soci\u00e9t\u00e9. L&rsquo;un des plus anciens jeux de soci\u00e9t\u00e9 qui a surv\u00e9cu jusqu&rsquo;\u00e0 aujourd&rsquo;hui est le Mehen.<\/span><\/p>\n<p><span style=\"font-weight: 400; font-size: 14px;\">Le r\u00e9gime alimentaire \u00e9gyptien \u00e9tait principalement v\u00e9g\u00e9tarien. En \u00c9gypte ancienne, seule la classe sup\u00e9rieure pouvait chasser <\/span><\/p>\n<p><span style=\"font-weight: 400; font-size: 14px;\">La bi\u00e8re \u00e9tait la boisson la plus populaire, consomm\u00e9e \u00e0 chaque repas. Elle \u00e9tait plus propre que l&rsquo;eau du Nil.<\/span><\/p>\n<p><span style=\"font-weight: 400; font-size: 14px;\">Dans l&rsquo;\u00c9gypte ancienne, les chats \u00e9taient consid\u00e9r\u00e9s comme des animaux sacr\u00e9s et porteurs de chance et de prosp\u00e9rit\u00e9.<\/span><\/p>\n<p><span style=\"font-size: 14px;\"><strong>Puzzle de 1000 pi\u00e8ces : du temps de qualit\u00e9 en famille<\/strong><\/span><\/p>\n<p><span style=\"font-weight: 400; font-size: 14px;\">Pour les jours d&rsquo;automne pluvieux ou les apr\u00e8s-midi maussades o\u00f9 le soleil se couche t\u00f4t et o\u00f9 tu dois rester \u00e0 l&rsquo;int\u00e9rieur, le puzzle de 1000 pi\u00e8ces de l&rsquo;\u00c9gypte ancienne est l&rsquo;occasion parfaite pour un divertissement familial de qualit\u00e9.<\/span><\/p>\n<p><span style=\"font-weight: 400; font-size: 14px;\">De plus, ce jeu de puzzle est l&rsquo;occasion id\u00e9ale de faire d\u00e9couvrir \u00e0 tes adolescents le monde fascinant de la culture \u00e9gyptienne. Recr\u00e9ez ensemble le puzzle de 1000 pi\u00e8ces et profitez de la joie de peindre le tableau.<\/span><\/p>\n<p><span style=\"font-weight: 400; font-size: 14px;\">Choisis le puzzle de 1000 pi\u00e8ces Ancient Egypt et assemble-le avec tes proches quand tu veux un d\u00e9fi amusant. De plus, ce merveilleux puzzle pour adultes peut \u00eatre offert en cadeau \u00e0 diverses occasions \u00e0 des amis passionn\u00e9s de jeux de r\u00e9flexion ou de culture \u00e9gyptienne.<\/span><\/p><\/p>\n","protected":false},"excerpt":{"rendered":"<p>Tu es passionn\u00e9 par les anciennes civilisations \u00e9gyptiennes et les jeux de puzzle ? C&rsquo;est maintenant l&rsquo;occasion de combiner les<\/p>\n","protected":false},"featured_media":51564,"template":"","meta":[],"product_brand":[],"product_cat":[2314,2316,2315],"product_tag":[],"class_list":{"0":"post-51557","1":"product","2":"type-product","3":"status-publish","4":"has-post-thumbnail","6":"product_cat-puzzles-fr","7":"product_cat-puzzles-de-1000-pieces","8":"product_cat-puzzles-pour-adultes","9":"pa_bax-10-fr","10":"pa_brand-d_toys-fr","11":"pa_country_of_manufacture-ro-fr","12":"pa_filter_age-14-fr","13":"pa_painter-legypte-ancienne","14":"pa_tip_ambalaj-boite","15":"pa_tip_puzzle-classique","17":"first","18":"instock","19":"taxable","20":"shipping-taxable","21":"product-type-simple"},"yoast_head":"<!-- This site is optimized with the Yoast SEO plugin v20.1 - https:\/\/yoast.com\/wordpress\/plugins\/seo\/ -->\n<title>Puzzle adulte 1000 pi\u00e8ces - Ancienne \u00c9gypte<\/title>\n<meta name=\"description\" content=\"Puzzle adulte 1000 pi\u00e8ces - Ancienne \u00c9gypte\" \/>\n<meta name=\"robots\" content=\"index, follow, max-snippet:-1, max-image-preview:large, max-video-preview:-1\" \/>\n<link rel=\"canonical\" href=\"https:\/\/business.roovi.com\/fr\/puzzle-adulte-1000-pieces-ancienne-egypte\/p\/\" \/>\n<meta property=\"og:locale\" content=\"fr_FR\" \/>\n<meta property=\"og:type\" content=\"article\" \/>\n<meta property=\"og:title\" content=\"Puzzle adulte 1000 pi\u00e8ces - Ancienne \u00c9gypte\" \/>\n<meta property=\"og:description\" content=\"Puzzle adulte 1000 pi\u00e8ces - Ancienne \u00c9gypte\" \/>\n<meta property=\"og:url\" content=\"https:\/\/business.roovi.com\/fr\/puzzle-adulte-1000-pieces-ancienne-egypte\/p\/\" \/>\n<meta property=\"og:site_name\" content=\"Roovi B2B\" \/>\n<meta property=\"article:publisher\" content=\"https:\/\/www.facebook.com\/wwwjucariero\" \/>\n<meta property=\"article:modified_time\" content=\"2022-07-13T10:12:52+00:00\" \/>\n<meta property=\"og:image\" content=\"https:\/\/business.roovi.com\/wp-content\/uploads\/2021\/03\/65971-4_ansamblu_dimensiuni_cutie_cm_vertical_1200x1200.png\" \/>\n\t<meta property=\"og:image:width\" content=\"1200\" \/>\n\t<meta property=\"og:image:height\" content=\"1200\" \/>\n\t<meta property=\"og:image:type\" content=\"image\/png\" \/>\n<meta name=\"twitter:label1\" content=\"Dur\u00e9e de lecture estim\u00e9e\" \/>\n\t<meta name=\"twitter:data1\" content=\"3 minutes\" \/>\n<script type=\"application\/ld+json\" class=\"yoast-schema-graph\">{\"@context\":\"https:\/\/schema.org\",\"@graph\":[{\"@type\":\"WebPage\",\"@id\":\"https:\/\/business.roovi.com\/fr\/puzzle-adulte-1000-pieces-ancienne-egypte\/p\/\",\"url\":\"https:\/\/business.roovi.com\/fr\/puzzle-adulte-1000-pieces-ancienne-egypte\/p\/\",\"name\":\"Puzzle adulte 1000 pi\u00e8ces - Ancienne \u00c9gypte\",\"isPartOf\":{\"@id\":\"https:\/\/business.roovi.com\/fr\/#website\"},\"datePublished\":\"2021-03-09T08:38:09+00:00\",\"dateModified\":\"2022-07-13T10:12:52+00:00\",\"description\":\"Puzzle adulte 1000 pi\u00e8ces - Ancienne \u00c9gypte\",\"breadcrumb\":{\"@id\":\"https:\/\/business.roovi.com\/fr\/puzzle-adulte-1000-pieces-ancienne-egypte\/p\/#breadcrumb\"},\"inLanguage\":\"fr-FR\",\"potentialAction\":[{\"@type\":\"ReadAction\",\"target\":[\"https:\/\/business.roovi.com\/fr\/puzzle-adulte-1000-pieces-ancienne-egypte\/p\/\"]}]},{\"@type\":\"BreadcrumbList\",\"@id\":\"https:\/\/business.roovi.com\/fr\/puzzle-adulte-1000-pieces-ancienne-egypte\/p\/#breadcrumb\",\"itemListElement\":[{\"@type\":\"ListItem\",\"position\":1,\"name\":\"Home\",\"item\":\"https:\/\/business.roovi.com\/fr\/\"},{\"@type\":\"ListItem\",\"position\":2,\"name\":\"Boutique\",\"item\":\"https:\/\/business.roovi.com\/fr\/boutique\/\"},{\"@type\":\"ListItem\",\"position\":3,\"name\":\"Puzzle adulte 1000 pi\u00e8ces &#8211; Ancienne \u00c9gypte\"}]},{\"@type\":\"WebSite\",\"@id\":\"https:\/\/business.roovi.com\/fr\/#website\",\"url\":\"https:\/\/business.roovi.com\/fr\/\",\"name\":\"Roovi B2B\",\"description\":\"Roovi Business Website\",\"potentialAction\":[{\"@type\":\"SearchAction\",\"target\":{\"@type\":\"EntryPoint\",\"urlTemplate\":\"https:\/\/business.roovi.com\/fr\/?s={search_term_string}\"},\"query-input\":\"required name=search_term_string\"}],\"inLanguage\":\"fr-FR\"}]}<\/script>\n<!-- \/ Yoast SEO plugin. -->","yoast_head_json":{"title":"Puzzle adulte 1000 pi\u00e8ces - Ancienne \u00c9gypte","description":"Puzzle adulte 1000 pi\u00e8ces - Ancienne \u00c9gypte","robots":{"index":"index","follow":"follow","max-snippet":"max-snippet:-1","max-image-preview":"max-image-preview:large","max-video-preview":"max-video-preview:-1"},"canonical":"https:\/\/business.roovi.com\/fr\/puzzle-adulte-1000-pieces-ancienne-egypte\/p\/","og_locale":"fr_FR","og_type":"article","og_title":"Puzzle adulte 1000 pi\u00e8ces - Ancienne \u00c9gypte","og_description":"Puzzle adulte 1000 pi\u00e8ces - Ancienne \u00c9gypte","og_url":"https:\/\/business.roovi.com\/fr\/puzzle-adulte-1000-pieces-ancienne-egypte\/p\/","og_site_name":"Roovi B2B","article_publisher":"https:\/\/www.facebook.com\/wwwjucariero","article_modified_time":"2022-07-13T10:12:52+00:00","og_image":[{"width":1200,"height":1200,"url":"https:\/\/business.roovi.com\/wp-content\/uploads\/2021\/03\/65971-4_ansamblu_dimensiuni_cutie_cm_vertical_1200x1200.png","type":"image\/png"}],"twitter_misc":{"Dur\u00e9e de lecture estim\u00e9e":"3 minutes"},"schema":{"@context":"https:\/\/schema.org","@graph":[{"@type":"WebPage","@id":"https:\/\/business.roovi.com\/fr\/puzzle-adulte-1000-pieces-ancienne-egypte\/p\/","url":"https:\/\/business.roovi.com\/fr\/puzzle-adulte-1000-pieces-ancienne-egypte\/p\/","name":"Puzzle adulte 1000 pi\u00e8ces - Ancienne \u00c9gypte","isPartOf":{"@id":"https:\/\/business.roovi.com\/fr\/#website"},"datePublished":"2021-03-09T08:38:09+00:00","dateModified":"2022-07-13T10:12:52+00:00","description":"Puzzle adulte 1000 pi\u00e8ces - Ancienne \u00c9gypte","breadcrumb":{"@id":"https:\/\/business.roovi.com\/fr\/puzzle-adulte-1000-pieces-ancienne-egypte\/p\/#breadcrumb"},"inLanguage":"fr-FR","potentialAction":[{"@type":"ReadAction","target":["https:\/\/business.roovi.com\/fr\/puzzle-adulte-1000-pieces-ancienne-egypte\/p\/"]}]},{"@type":"BreadcrumbList","@id":"https:\/\/business.roovi.com\/fr\/puzzle-adulte-1000-pieces-ancienne-egypte\/p\/#breadcrumb","itemListElement":[{"@type":"ListItem","position":1,"name":"Home","item":"https:\/\/business.roovi.com\/fr\/"},{"@type":"ListItem","position":2,"name":"Boutique","item":"https:\/\/business.roovi.com\/fr\/boutique\/"},{"@type":"ListItem","position":3,"name":"Puzzle adulte 1000 pi\u00e8ces &#8211; Ancienne \u00c9gypte"}]},{"@type":"WebSite","@id":"https:\/\/business.roovi.com\/fr\/#website","url":"https:\/\/business.roovi.com\/fr\/","name":"Roovi B2B","description":"Roovi Business Website","potentialAction":[{"@type":"SearchAction","target":{"@type":"EntryPoint","urlTemplate":"https:\/\/business.roovi.com\/fr\/?s={search_term_string}"},"query-input":"required name=search_term_string"}],"inLanguage":"fr-FR"}]}},"_links":{"self":[{"href":"https:\/\/business.roovi.com\/fr\/wp-json\/wp\/v2\/product\/51557","targetHints":{"allow":["GET"]}}],"collection":[{"href":"https:\/\/business.roovi.com\/fr\/wp-json\/wp\/v2\/product"}],"about":[{"href":"https:\/\/business.roovi.com\/fr\/wp-json\/wp\/v2\/types\/product"}],"version-history":[{"count":0,"href":"https:\/\/business.roovi.com\/fr\/wp-json\/wp\/v2\/product\/51557\/revisions"}],"wp:featuredmedia":[{"embeddable":true,"href":"https:\/\/business.roovi.com\/fr\/wp-json\/wp\/v2\/media\/51564"}],"wp:attachment":[{"href":"https:\/\/business.roovi.com\/fr\/wp-json\/wp\/v2\/media?parent=51557"}],"wp:term":[{"taxonomy":"product_brand","embeddable":true,"href":"https:\/\/business.roovi.com\/fr\/wp-json\/wp\/v2\/product_brand?post=51557"},{"taxonomy":"product_cat","embeddable":true,"href":"https:\/\/business.roovi.com\/fr\/wp-json\/wp\/v2\/product_cat?post=51557"},{"taxonomy":"product_tag","embeddable":true,"href":"https:\/\/business.roovi.com\/fr\/wp-json\/wp\/v2\/product_tag?post=51557"}],"curies":[{"name":"wp","href":"https:\/\/api.w.org\/{rel}","templated":true}]}}