{"id":51570,"date":"2021-03-09T08:34:59","date_gmt":"2021-03-09T08:34:59","guid":{"rendered":"https:\/\/business.roovi.com\/puzzle-adulti-vincent-van-gogh-memory-of-the-garden-at-etten-1000-piese\/p\/"},"modified":"2022-07-13T10:12:54","modified_gmt":"2022-07-13T10:12:54","slug":"puzzle-adulte-vincent-van-gogh-memoire-du-jardin-detten-1000-pieces","status":"publish","type":"product","link":"https:\/\/business.roovi.com\/fr\/puzzle-adulte-vincent-van-gogh-memoire-du-jardin-detten-1000-pieces\/p\/","title":{"rendered":"Puzzle adulte Vincent van Gogh &#8211; M\u00e9moire du jardin d&rsquo;Etten &#8211; 1000 pi\u00e8ces"},"content":{"rendered":"<p><span style=\"font-weight: 400;\">Bienvenue dans la plus grande galerie d&rsquo;art virtuelle de puzzles de 1000 pi\u00e8ces ! Nous te mettons au d\u00e9fi de recr\u00e9er des images de peintures c\u00e9l\u00e8bres de L\u00e9onard de Vinci, Vincent van Gogh, Claude Monet et bien d&rsquo;autres.<\/span><\/p>\n<p><span style=\"font-weight: 400;\">Le puzzle de 1000 pi\u00e8ces Vincent van Gogh &#8211; M\u00e9moire du jardin d&rsquo;Etten recr\u00e9e l&rsquo;image de l&rsquo;\u0153uvre de Van Gogh contenant une combinaison unique de couleurs qui cr\u00e9ent une \u0153uvre \u00e9clectique. Ce merveilleux puzzle d&rsquo;art est fabriqu\u00e9 avec des mat\u00e9riaux de qualit\u00e9 qui garantissent qu&rsquo;il r\u00e9sistera \u00e0 de multiples utilisations <\/span><\/p>\n<p><span style=\"font-weight: 400;\">Autres caract\u00e9ristiques du puzzle 1000 pi\u00e8ces Vincent van Gogh &#8211; M\u00e9moire du jardin \u00e0 Etten<\/span><\/p>\n<p><strong>Dimensions de l&rsquo;image reconstruite : 50 x 70 cm.<\/strong><span style=\"font-weight: 400;\"> Tu peux utiliser une table basse ordinaire pour recr\u00e9er l&rsquo;image.<\/span><\/p>\n<p><strong>Mat\u00e9riau du puzzle <\/strong><\/p>\n<p><strong>carton bleu de haute qualit\u00e9<\/strong><\/p>\n<p><strong>des mat\u00e9riaux durables et recyclables<\/strong><\/p>\n<p><strong>finition semi-brillante, couleurs vives<\/strong><\/p>\n<p><strong>Nombre de pi\u00e8ces de puzzle : 1000<\/strong><\/p>\n<p><strong>\u00c2ge recommand\u00e9 : 14+<\/strong><\/p>\n<p><strong>Comment les puzzles pour adultes t&rsquo;aident-ils \u00e0 \u00eatre plus sain ?<\/strong><\/p>\n<p><span style=\"font-weight: 400;\">L&rsquo;activit\u00e9 consistant \u00e0 assembler des puzzles de 1000 pi\u00e8ces t&rsquo;apporte de nombreux avantages pour la sant\u00e9. Voici quelques-unes d&rsquo;entre elles :<\/span><\/p>\n<p><span style=\"font-weight: 400;\">Aide \u00e0 te d\u00e9t d\u00e9t d\u00e9t d\u00e9tendre<\/span><\/p>\n<p><span style=\"font-weight: 400;\">Ils gardent ton cerveau en bonne sant\u00e9 car ils lui font faire un entra\u00eenement intense<\/span><\/p>\n<p><span style=\"font-weight: 400;\">Cr\u00e9e un sentiment g\u00e9n\u00e9ral de bien-\u00eatre<\/span><\/p>\n<p><span style=\"font-weight: 400;\">Il te connecte avec tes proches lorsque tu fais des puzzles de 1000 pi\u00e8ces avec eux<\/span><\/p>\n<p><span style=\"font-weight: 400;\">Aide \u00e0 \u00eatre plus cr\u00e9atif <\/span><\/p>\n<p><span style=\"font-weight: 400;\">Am\u00e9liore ta m\u00e9moire.<\/span><\/p>\n<p><strong>5 faits sur les Souvenirs du jardin d&rsquo;Etten de Vincent van Gogh<\/strong><span style=\"font-weight: 400;\"> <\/span><\/p>\n<p><span style=\"font-weight: 400;\">1. L&rsquo;artiste a pass\u00e9 du temps \u00e0 Etten, p\u00e9riode pendant laquelle il a connu une d\u00e9ception amoureuse.<\/span><\/p>\n<p><span style=\"font-weight: 400;\">2. Son s\u00e9jour \u00e0 Etten repr\u00e9sente le v\u00e9ritable d\u00e9but de la carri\u00e8re de dix ans de Vincent van Gogh en tant qu&rsquo;artiste <\/span><span style=\"font-weight: 400;\"> <\/span><\/p>\n<p><span style=\"font-weight: 400;\">3. \u00c0 Etten, Vincent est tomb\u00e9 amoureux de sa cousine r\u00e9cemment veuve, Kee Vos-Stricker, mais elle a brutalement rejet\u00e9 sa demande en mariage.<\/span><\/p>\n<p><span style=\"font-weight: 400;\">4. Il semble que la jeune femme dans le tableau de Van Gogh soit en r\u00e9alit\u00e9 <\/span><span style=\"font-weight: 400;\">Kee Vos Stricker.<\/span><\/p>\n<p><span style=\"font-weight: 400;\">5. L&rsquo;\u0153uvre a \u00e9t\u00e9 influenc\u00e9e par la peinture  <\/span><em><span style=\"font-weight: 400;\">Arl\u00e9siennes (Mistral)<\/span><\/em><span style=\"font-weight: 400;\">  de Gauguin qui a \u00e9t\u00e9 peint \u00e0 la m\u00eame \u00e9poque.<\/span><\/p>\n<p><strong>Les puzzles de 1000 pi\u00e8ces te rendent fi\u00e8re de toi<\/strong><\/p>\n<p><span style=\"font-weight: 400;\">Lorsque tu cr\u00e9es \u00e0 partir du chaos de centaines de pi\u00e8ces de puzzle l&rsquo;ordre parfait d&rsquo;une vraie peinture, tu \u00e9prouves un incroyable sentiment de satisfaction int\u00e9rieure. Quoi de plus beau que ce sentiment de satisfaction que le travail acharn\u00e9 et la patience ont port\u00e9 leurs fruits !<\/span><\/p>\n<p><span style=\"font-weight: 400;\">Les \u0153uvres de Van Gogh dissimulent d&rsquo;innombrables symboles et expriment des \u00e9motions intenses. Ach\u00e8te le puzzle artistique Vincent van Gogh &#8211; M\u00e9moire du jardin \u00e0 Etten et fais l&rsquo;exp\u00e9rience de la connaissance. \u00c0 la fin, tu auras un magnifique tableau de puzzle de 1000 pi\u00e8ces \u00e0 exposer dans ta pi\u00e8ce pr\u00e9f\u00e9r\u00e9e. Offre ce jeu de puzzle \u00e0 un ami qui est passionn\u00e9 par les \u0153uvres d&rsquo;art et les puzzles pour adultes.<\/span><\/p><\/p>\n","protected":false},"excerpt":{"rendered":"<p>Bienvenue dans la plus grande galerie d&rsquo;art virtuelle de puzzles de 1000 pi\u00e8ces ! Nous te mettons au d\u00e9fi de<\/p>\n","protected":false},"featured_media":62864,"template":"","meta":[],"product_brand":[],"product_cat":[2314,2316,2315],"product_tag":[],"class_list":{"0":"post-51570","1":"product","2":"type-product","3":"status-publish","4":"has-post-thumbnail","6":"product_cat-puzzles-fr","7":"product_cat-puzzles-de-1000-pieces","8":"product_cat-puzzles-pour-adultes","9":"pa_bax-10-fr","10":"pa_brand-d_toys-fr","11":"pa_country_of_manufacture-ro-fr","12":"pa_filter_age-14-fr","13":"pa_painter-vincentvangogh-fr","14":"pa_tip_ambalaj-boite","15":"pa_tip_puzzle-classique","17":"first","18":"instock","19":"taxable","20":"shipping-taxable","21":"product-type-simple"},"yoast_head":"<!-- This site is optimized with the Yoast SEO plugin v20.1 - https:\/\/yoast.com\/wordpress\/plugins\/seo\/ -->\n<title>Puzzle adulte Vincent van Gogh - M\u00e9moire du jardin d&#039;Etten - 1000 pi\u00e8ces<\/title>\n<meta name=\"description\" content=\"Puzzle adulte Vincent van Gogh - M\u00e9moire du jardin d&#039;Etten - 1000 pi\u00e8ces\" \/>\n<meta name=\"robots\" content=\"index, follow, max-snippet:-1, max-image-preview:large, max-video-preview:-1\" \/>\n<link rel=\"canonical\" href=\"https:\/\/business.roovi.com\/fr\/puzzle-adulte-vincent-van-gogh-memoire-du-jardin-detten-1000-pieces\/p\/\" \/>\n<meta property=\"og:locale\" content=\"fr_FR\" \/>\n<meta property=\"og:type\" content=\"article\" \/>\n<meta property=\"og:title\" content=\"Puzzle adulte Vincent van Gogh - M\u00e9moire du jardin d&#039;Etten - 1000 pi\u00e8ces\" \/>\n<meta property=\"og:description\" content=\"Puzzle adulte Vincent van Gogh - M\u00e9moire du jardin d&#039;Etten - 1000 pi\u00e8ces\" \/>\n<meta property=\"og:url\" content=\"https:\/\/business.roovi.com\/fr\/puzzle-adulte-vincent-van-gogh-memoire-du-jardin-detten-1000-pieces\/p\/\" \/>\n<meta property=\"og:site_name\" content=\"Roovi B2B\" \/>\n<meta property=\"article:publisher\" content=\"https:\/\/www.facebook.com\/wwwjucariero\" \/>\n<meta property=\"article:modified_time\" content=\"2022-07-13T10:12:54+00:00\" \/>\n<meta property=\"og:image\" content=\"https:\/\/business.roovi.com\/wp-content\/uploads\/2021\/03\/66916-15_ansamblu_dimensiuni_cutie_cm-800x800.png\" \/>\n\t<meta property=\"og:image:width\" content=\"800\" \/>\n\t<meta property=\"og:image:height\" content=\"800\" \/>\n\t<meta property=\"og:image:type\" content=\"image\/png\" \/>\n<meta name=\"twitter:label1\" content=\"Dur\u00e9e de lecture estim\u00e9e\" \/>\n\t<meta name=\"twitter:data1\" content=\"2 minutes\" \/>\n<script type=\"application\/ld+json\" class=\"yoast-schema-graph\">{\"@context\":\"https:\/\/schema.org\",\"@graph\":[{\"@type\":\"WebPage\",\"@id\":\"https:\/\/business.roovi.com\/fr\/puzzle-adulte-vincent-van-gogh-memoire-du-jardin-detten-1000-pieces\/p\/\",\"url\":\"https:\/\/business.roovi.com\/fr\/puzzle-adulte-vincent-van-gogh-memoire-du-jardin-detten-1000-pieces\/p\/\",\"name\":\"Puzzle adulte Vincent van Gogh - M\u00e9moire du jardin d'Etten - 1000 pi\u00e8ces\",\"isPartOf\":{\"@id\":\"https:\/\/business.roovi.com\/fr\/#website\"},\"datePublished\":\"2021-03-09T08:34:59+00:00\",\"dateModified\":\"2022-07-13T10:12:54+00:00\",\"description\":\"Puzzle adulte Vincent van Gogh - M\u00e9moire du jardin d'Etten - 1000 pi\u00e8ces\",\"breadcrumb\":{\"@id\":\"https:\/\/business.roovi.com\/fr\/puzzle-adulte-vincent-van-gogh-memoire-du-jardin-detten-1000-pieces\/p\/#breadcrumb\"},\"inLanguage\":\"fr-FR\",\"potentialAction\":[{\"@type\":\"ReadAction\",\"target\":[\"https:\/\/business.roovi.com\/fr\/puzzle-adulte-vincent-van-gogh-memoire-du-jardin-detten-1000-pieces\/p\/\"]}]},{\"@type\":\"BreadcrumbList\",\"@id\":\"https:\/\/business.roovi.com\/fr\/puzzle-adulte-vincent-van-gogh-memoire-du-jardin-detten-1000-pieces\/p\/#breadcrumb\",\"itemListElement\":[{\"@type\":\"ListItem\",\"position\":1,\"name\":\"Home\",\"item\":\"https:\/\/business.roovi.com\/fr\/\"},{\"@type\":\"ListItem\",\"position\":2,\"name\":\"Boutique\",\"item\":\"https:\/\/business.roovi.com\/fr\/boutique\/\"},{\"@type\":\"ListItem\",\"position\":3,\"name\":\"Puzzle adulte Vincent van Gogh &#8211; M\u00e9moire du jardin d&#8217;Etten &#8211; 1000 pi\u00e8ces\"}]},{\"@type\":\"WebSite\",\"@id\":\"https:\/\/business.roovi.com\/fr\/#website\",\"url\":\"https:\/\/business.roovi.com\/fr\/\",\"name\":\"Roovi B2B\",\"description\":\"Roovi Business Website\",\"potentialAction\":[{\"@type\":\"SearchAction\",\"target\":{\"@type\":\"EntryPoint\",\"urlTemplate\":\"https:\/\/business.roovi.com\/fr\/?s={search_term_string}\"},\"query-input\":\"required name=search_term_string\"}],\"inLanguage\":\"fr-FR\"}]}<\/script>\n<!-- \/ Yoast SEO plugin. -->","yoast_head_json":{"title":"Puzzle adulte Vincent van Gogh - M\u00e9moire du jardin d'Etten - 1000 pi\u00e8ces","description":"Puzzle adulte Vincent van Gogh - M\u00e9moire du jardin d'Etten - 1000 pi\u00e8ces","robots":{"index":"index","follow":"follow","max-snippet":"max-snippet:-1","max-image-preview":"max-image-preview:large","max-video-preview":"max-video-preview:-1"},"canonical":"https:\/\/business.roovi.com\/fr\/puzzle-adulte-vincent-van-gogh-memoire-du-jardin-detten-1000-pieces\/p\/","og_locale":"fr_FR","og_type":"article","og_title":"Puzzle adulte Vincent van Gogh - M\u00e9moire du jardin d'Etten - 1000 pi\u00e8ces","og_description":"Puzzle adulte Vincent van Gogh - M\u00e9moire du jardin d'Etten - 1000 pi\u00e8ces","og_url":"https:\/\/business.roovi.com\/fr\/puzzle-adulte-vincent-van-gogh-memoire-du-jardin-detten-1000-pieces\/p\/","og_site_name":"Roovi B2B","article_publisher":"https:\/\/www.facebook.com\/wwwjucariero","article_modified_time":"2022-07-13T10:12:54+00:00","og_image":[{"width":800,"height":800,"url":"https:\/\/business.roovi.com\/wp-content\/uploads\/2021\/03\/66916-15_ansamblu_dimensiuni_cutie_cm-800x800.png","type":"image\/png"}],"twitter_misc":{"Dur\u00e9e de lecture estim\u00e9e":"2 minutes"},"schema":{"@context":"https:\/\/schema.org","@graph":[{"@type":"WebPage","@id":"https:\/\/business.roovi.com\/fr\/puzzle-adulte-vincent-van-gogh-memoire-du-jardin-detten-1000-pieces\/p\/","url":"https:\/\/business.roovi.com\/fr\/puzzle-adulte-vincent-van-gogh-memoire-du-jardin-detten-1000-pieces\/p\/","name":"Puzzle adulte Vincent van Gogh - M\u00e9moire du jardin d'Etten - 1000 pi\u00e8ces","isPartOf":{"@id":"https:\/\/business.roovi.com\/fr\/#website"},"datePublished":"2021-03-09T08:34:59+00:00","dateModified":"2022-07-13T10:12:54+00:00","description":"Puzzle adulte Vincent van Gogh - M\u00e9moire du jardin d'Etten - 1000 pi\u00e8ces","breadcrumb":{"@id":"https:\/\/business.roovi.com\/fr\/puzzle-adulte-vincent-van-gogh-memoire-du-jardin-detten-1000-pieces\/p\/#breadcrumb"},"inLanguage":"fr-FR","potentialAction":[{"@type":"ReadAction","target":["https:\/\/business.roovi.com\/fr\/puzzle-adulte-vincent-van-gogh-memoire-du-jardin-detten-1000-pieces\/p\/"]}]},{"@type":"BreadcrumbList","@id":"https:\/\/business.roovi.com\/fr\/puzzle-adulte-vincent-van-gogh-memoire-du-jardin-detten-1000-pieces\/p\/#breadcrumb","itemListElement":[{"@type":"ListItem","position":1,"name":"Home","item":"https:\/\/business.roovi.com\/fr\/"},{"@type":"ListItem","position":2,"name":"Boutique","item":"https:\/\/business.roovi.com\/fr\/boutique\/"},{"@type":"ListItem","position":3,"name":"Puzzle adulte Vincent van Gogh &#8211; M\u00e9moire du jardin d&#8217;Etten &#8211; 1000 pi\u00e8ces"}]},{"@type":"WebSite","@id":"https:\/\/business.roovi.com\/fr\/#website","url":"https:\/\/business.roovi.com\/fr\/","name":"Roovi B2B","description":"Roovi Business Website","potentialAction":[{"@type":"SearchAction","target":{"@type":"EntryPoint","urlTemplate":"https:\/\/business.roovi.com\/fr\/?s={search_term_string}"},"query-input":"required name=search_term_string"}],"inLanguage":"fr-FR"}]}},"_links":{"self":[{"href":"https:\/\/business.roovi.com\/fr\/wp-json\/wp\/v2\/product\/51570","targetHints":{"allow":["GET"]}}],"collection":[{"href":"https:\/\/business.roovi.com\/fr\/wp-json\/wp\/v2\/product"}],"about":[{"href":"https:\/\/business.roovi.com\/fr\/wp-json\/wp\/v2\/types\/product"}],"version-history":[{"count":0,"href":"https:\/\/business.roovi.com\/fr\/wp-json\/wp\/v2\/product\/51570\/revisions"}],"wp:featuredmedia":[{"embeddable":true,"href":"https:\/\/business.roovi.com\/fr\/wp-json\/wp\/v2\/media\/62864"}],"wp:attachment":[{"href":"https:\/\/business.roovi.com\/fr\/wp-json\/wp\/v2\/media?parent=51570"}],"wp:term":[{"taxonomy":"product_brand","embeddable":true,"href":"https:\/\/business.roovi.com\/fr\/wp-json\/wp\/v2\/product_brand?post=51570"},{"taxonomy":"product_cat","embeddable":true,"href":"https:\/\/business.roovi.com\/fr\/wp-json\/wp\/v2\/product_cat?post=51570"},{"taxonomy":"product_tag","embeddable":true,"href":"https:\/\/business.roovi.com\/fr\/wp-json\/wp\/v2\/product_tag?post=51570"}],"curies":[{"name":"wp","href":"https:\/\/api.w.org\/{rel}","templated":true}]}}