{"id":51596,"date":"2021-03-05T10:56:50","date_gmt":"2021-03-05T10:56:50","guid":{"rendered":"https:\/\/business.roovi.com\/puzzle-adulti-edgar-degas-four-dancers-1000-piese-2\/p\/"},"modified":"2022-07-13T10:13:01","modified_gmt":"2022-07-13T10:13:01","slug":"puzzle-adulte-edgar-degas-quatre-danseuses-1000-pieces","status":"publish","type":"product","link":"https:\/\/business.roovi.com\/fr\/puzzle-adulte-edgar-degas-quatre-danseuses-1000-pieces\/p\/","title":{"rendered":"Puzzle adulte Edgar Degas &#8211; Quatre danseuses &#8211; 1000 pi\u00e8ces"},"content":{"rendered":"<p><span style=\"font-weight: 400; line-height: 14px;\">En parcourant la plus grande gamme de puzzles d&rsquo;art, tu as l&rsquo;impression d&rsquo;\u00eatre dans une immense galerie d&rsquo;art. Les peintres les plus c\u00e9l\u00e8bres de tous les temps se retrouvent dans des puzzles de 1000 pi\u00e8ces. D\u00e9couvre-les tous et choisis les puzzles qui te conviennent le mieux ou que tu veux offrir en cadeau \u00e0 tes proches <\/span><\/p>\n<p><span style=\"line-height: 14px;\"><span style=\"font-weight: 400;\">Puzzle de 1000 pi\u00e8ces <\/span><span style=\"font-weight: 400;\">Edgar Degas &#8211; Quatre danseuses\/Patru dansatrices capture l&rsquo;image du tableau le plus ambitieux du peintre dans la s\u00e9rie pr\u00e9sentant des artistes de ballet <\/span><span style=\"font-weight: 400;\">Suis les gestes gracieux et les mouvements a\u00e9riens des danseurs, fais correspondre chaque pi\u00e8ce et \u00e9merveille-toi \u00e0 la fin d&rsquo;un tableau qui transmet l&rsquo;\u00e9motion d&rsquo;une performance artistique exceptionnelle.<\/span><\/span><\/p>\n<p><span style=\"line-height: 14px;\"><span style=\"font-weight: 400;\">Installe-toi confortablement devant la table basse de ton salon &#8211; c&rsquo;est l&rsquo;objet id\u00e9al sur lequel recr\u00e9er l&rsquo;image de 50 x 70 cm de ce merveilleux puzzle artistique &#8211; et commence ton \u0153uvre. Voici quelques informations suppl\u00e9mentaires sur les caract\u00e9ristiques du puzzle de 1000 pi\u00e8ces ci-dessous <\/span><span style=\"font-weight: 400;\">Edgar Degas &#8211; Quatre danseurs :<\/span><\/span><\/p>\n<p><span style=\"line-height: 14px;\"><strong>Mat\u00e9riau du puzzle <\/strong><\/span><\/p>\n<p><span style=\"line-height: 14px;\"><strong>carton bleu de haute qualit\u00e9<\/strong><\/span><\/p>\n<p><span style=\"line-height: 14px;\"><strong>des mat\u00e9riaux durables et recyclables<\/strong><\/span><\/p>\n<p><span style=\"line-height: 14px;\"><strong>finition semi-brillante, couleurs vives<\/strong><\/span><\/p>\n<p><span style=\"line-height: 14px;\"><strong>Nombre de pi\u00e8ces de puzzle : 1000<\/strong><\/span><\/p>\n<p><span style=\"line-height: 14px;\"><strong>\u00c2ge recommand\u00e9 : 14+<\/strong><\/span><\/p>\n<p><span style=\"line-height: 14px;\"><strong>7 avantages des puzzles de 1000 pi\u00e8ces<\/strong><\/span><\/p>\n<p> 1.Aide \u00e0 se d\u00e9connecter des soucis et probl\u00e8mes quotidiens<\/p>\n<p><span style=\"font-weight: 400; line-height: 14px;\">2. Garde ton cerveau en bonne sant\u00e9<\/span><\/p>\n<p><span style=\"font-weight: 400; line-height: 14px;\">3. Cr\u00e9e un \u00e9tat de bien-\u00eatre et d&rsquo;optimisme<\/span><\/p>\n<p><span style=\"font-weight: 400; line-height: 14px;\">4. Aide \u00e0 te rapprocher de tes proches lorsque tu assembles le puzzle de 1000 pi\u00e8ces ensemble<\/span><\/p>\n<p><span style=\"font-weight: 400; line-height: 14px;\">5. Garde ta m\u00e9moire vive<\/span><\/p>\n<p><span style=\"font-weight: 400; line-height: 14px;\">6. Aide \u00e0 se concentrer et \u00e0 faire attention aux d\u00e9tails<\/span><\/p>\n<p><span style=\"font-weight: 400; line-height: 14px;\">7. \u00c9largis tes horizons de connaissances<\/span><\/p>\n<p><span style=\"line-height: 14px;\"><strong>Edgar Degas et son obsession pour les ballerines<\/strong><\/span><\/p>\n<p><span style=\"line-height: 14px;\"><span style=\"font-weight: 400;\">Il est l&rsquo;un des fondateurs de l&rsquo;impressionnisme, aux c\u00f4t\u00e9s de <\/span><span style=\"font-weight: 400;\">Claude Monet<\/span><span style=\"font-weight: 400;\">auguste Renoir, Camille Pissarro <\/span><\/span><\/p>\n<p><span style=\"font-weight: 400; line-height: 14px;\">Au d\u00e9but de sa carri\u00e8re, il aimait faire des copies des \u0153uvres expos\u00e9es au Louvre.<\/span><\/p>\n<p><span style=\"font-weight: 400; line-height: 14px;\">Il \u00e9tait fascin\u00e9 par les danseuses de ballet, qu&rsquo;il analysait et peignait fr\u00e9quemment.<\/span><\/p>\n<p><span style=\"line-height: 14px;\"><span style=\"font-weight: 400;\">Gr\u00e2ce aux danseurs, il a connu la c\u00e9l\u00e9brit\u00e9 de son vivant. Une de ses peintures, <\/span><span style=\"font-weight: 400;\">\u00ab\u00a0<\/span><span style=\"font-weight: 400;\">Danseuses \u00e0 la barre\u00a0\u00bb, vendu pour la somme fabuleuse de 435 000 francs en 1877.<\/span><\/span><\/p>\n<p><span style=\"line-height: 14px;\"><strong>Quatre danseurs <\/strong><span style=\"font-weight: 400;\">\u00e9tait pour lui une \u0153uvre unique qu&rsquo;il consid\u00e9rait comme la plus r\u00e9ussie de celles consacr\u00e9es aux ballerines.<\/span><\/span><\/p>\n<p><span style=\"font-weight: 400; line-height: 14px;\">Degas a peint des ballerines pendant plus d&rsquo;un quart de si\u00e8cle, les croquant et les sculptant comme sujet principal de ses \u0153uvres.<\/span><\/p>\n<p><span style=\"line-height: 14px;\"><strong>Les puzzles de 1000 pi\u00e8ces mettent ta vie virtuelle en veilleuse<\/strong><\/span><\/p>\n<p><span style=\"font-weight: 400; line-height: 14px;\">L&rsquo;activit\u00e9 consistant \u00e0 assembler des puzzles te d\u00e9connecte de tes \u00e9crans et te rappelle que les choses simples t&rsquo;apportent beaucoup de joie et de d\u00e9tente. Construire une strat\u00e9gie pour recr\u00e9er une image, se souvenir des formes et des couleurs des centaines de pi\u00e8ces, se transformer en v\u00e9ritable d\u00e9tective \u00e0 la recherche d&rsquo;indices pour r\u00e9soudre un jeu de puzzle sont des petits bonheurs qui t&rsquo;aident \u00e0 passer ton temps libre de mani\u00e8re plus amusante et \u00e9ducative.<\/span><\/p>\n<p><span style=\"line-height: 14px;\"><span style=\"font-weight: 400;\">Ach\u00e8te maintenant le merveilleux puzzle d&rsquo;art <\/span><strong>Edgar Degas &#8211; <\/strong><strong>Quatre danseurs<\/strong><span style=\"font-weight: 400;\">assemble le tableau et admire la gr\u00e2ce parfaite des danseuses de Degas. Construis un tableau artistique exceptionnel \u00e0 partir de ce puzzle de 1000 pi\u00e8ces.<\/span><\/span><\/p>\n<p><span style=\"line-height: 14px;\"><span style=\"font-weight: 400;\">Compl\u00e8te ta collection d&rsquo;art avec le puzzle de 1000 pi\u00e8ces <\/span><span style=\"font-weight: 400;\">Edgar Degas &#8211; <\/span><span style=\"font-weight: 400;\">Quatre danseurs<\/span><span style=\"font-weight: 400;\"> ou <\/span><span style=\"font-weight: 400;\">surprends un ami en lui offrant ce merveilleux jeu de puzzle <\/span><\/span><\/p><\/p>\n","protected":false},"excerpt":{"rendered":"<p>En parcourant la plus grande gamme de puzzles d&rsquo;art, tu as l&rsquo;impression d&rsquo;\u00eatre dans une immense galerie d&rsquo;art. Les peintres<\/p>\n","protected":false},"featured_media":63459,"template":"","meta":[],"product_brand":[],"product_cat":[2314,2316,2315],"product_tag":[],"class_list":{"0":"post-51596","1":"product","2":"type-product","3":"status-publish","4":"has-post-thumbnail","6":"product_cat-puzzles-fr","7":"product_cat-puzzles-de-1000-pieces","8":"product_cat-puzzles-pour-adultes","9":"pa_bax-10-fr","10":"pa_brand-d_toys-fr","11":"pa_country_of_manufacture-ro-fr","12":"pa_filter_age-14-fr","13":"pa_painter-edgardegas-fr","14":"pa_tip_ambalaj-boite","15":"pa_tip_puzzle-classique","17":"first","18":"instock","19":"taxable","20":"shipping-taxable","21":"product-type-simple"},"yoast_head":"<!-- This site is optimized with the Yoast SEO plugin v20.1 - https:\/\/yoast.com\/wordpress\/plugins\/seo\/ -->\n<title>Puzzle adulte Edgar Degas - Quatre danseuses - 1000 pi\u00e8ces<\/title>\n<meta name=\"description\" content=\"Puzzle adulte Edgar Degas - Quatre danseuses - 1000 pi\u00e8ces\" \/>\n<meta name=\"robots\" content=\"index, follow, max-snippet:-1, max-image-preview:large, max-video-preview:-1\" \/>\n<link rel=\"canonical\" href=\"https:\/\/business.roovi.com\/fr\/puzzle-adulte-edgar-degas-quatre-danseuses-1000-pieces\/p\/\" \/>\n<meta property=\"og:locale\" content=\"fr_FR\" \/>\n<meta property=\"og:type\" content=\"article\" \/>\n<meta property=\"og:title\" content=\"Puzzle adulte Edgar Degas - Quatre danseuses - 1000 pi\u00e8ces\" \/>\n<meta property=\"og:description\" content=\"Puzzle adulte Edgar Degas - Quatre danseuses - 1000 pi\u00e8ces\" \/>\n<meta property=\"og:url\" content=\"https:\/\/business.roovi.com\/fr\/puzzle-adulte-edgar-degas-quatre-danseuses-1000-pieces\/p\/\" \/>\n<meta property=\"og:site_name\" content=\"Roovi B2B\" \/>\n<meta property=\"article:publisher\" content=\"https:\/\/www.facebook.com\/wwwjucariero\" \/>\n<meta property=\"article:modified_time\" content=\"2022-07-13T10:13:01+00:00\" \/>\n<meta property=\"og:image\" content=\"https:\/\/business.roovi.com\/wp-content\/uploads\/2021\/03\/72801-02_ansamblu_dimensiuni_cutie_cm-800x800.png\" \/>\n\t<meta property=\"og:image:width\" content=\"800\" \/>\n\t<meta property=\"og:image:height\" content=\"800\" \/>\n\t<meta property=\"og:image:type\" content=\"image\/png\" \/>\n<meta name=\"twitter:label1\" content=\"Dur\u00e9e de lecture estim\u00e9e\" \/>\n\t<meta name=\"twitter:data1\" content=\"3 minutes\" \/>\n<script type=\"application\/ld+json\" class=\"yoast-schema-graph\">{\"@context\":\"https:\/\/schema.org\",\"@graph\":[{\"@type\":\"WebPage\",\"@id\":\"https:\/\/business.roovi.com\/fr\/puzzle-adulte-edgar-degas-quatre-danseuses-1000-pieces\/p\/\",\"url\":\"https:\/\/business.roovi.com\/fr\/puzzle-adulte-edgar-degas-quatre-danseuses-1000-pieces\/p\/\",\"name\":\"Puzzle adulte Edgar Degas - Quatre danseuses - 1000 pi\u00e8ces\",\"isPartOf\":{\"@id\":\"https:\/\/business.roovi.com\/fr\/#website\"},\"datePublished\":\"2021-03-05T10:56:50+00:00\",\"dateModified\":\"2022-07-13T10:13:01+00:00\",\"description\":\"Puzzle adulte Edgar Degas - Quatre danseuses - 1000 pi\u00e8ces\",\"breadcrumb\":{\"@id\":\"https:\/\/business.roovi.com\/fr\/puzzle-adulte-edgar-degas-quatre-danseuses-1000-pieces\/p\/#breadcrumb\"},\"inLanguage\":\"fr-FR\",\"potentialAction\":[{\"@type\":\"ReadAction\",\"target\":[\"https:\/\/business.roovi.com\/fr\/puzzle-adulte-edgar-degas-quatre-danseuses-1000-pieces\/p\/\"]}]},{\"@type\":\"BreadcrumbList\",\"@id\":\"https:\/\/business.roovi.com\/fr\/puzzle-adulte-edgar-degas-quatre-danseuses-1000-pieces\/p\/#breadcrumb\",\"itemListElement\":[{\"@type\":\"ListItem\",\"position\":1,\"name\":\"Home\",\"item\":\"https:\/\/business.roovi.com\/fr\/\"},{\"@type\":\"ListItem\",\"position\":2,\"name\":\"Boutique\",\"item\":\"https:\/\/business.roovi.com\/fr\/boutique\/\"},{\"@type\":\"ListItem\",\"position\":3,\"name\":\"Puzzle adulte Edgar Degas &#8211; Quatre danseuses &#8211; 1000 pi\u00e8ces\"}]},{\"@type\":\"WebSite\",\"@id\":\"https:\/\/business.roovi.com\/fr\/#website\",\"url\":\"https:\/\/business.roovi.com\/fr\/\",\"name\":\"Roovi B2B\",\"description\":\"Roovi Business Website\",\"potentialAction\":[{\"@type\":\"SearchAction\",\"target\":{\"@type\":\"EntryPoint\",\"urlTemplate\":\"https:\/\/business.roovi.com\/fr\/?s={search_term_string}\"},\"query-input\":\"required name=search_term_string\"}],\"inLanguage\":\"fr-FR\"}]}<\/script>\n<!-- \/ Yoast SEO plugin. -->","yoast_head_json":{"title":"Puzzle adulte Edgar Degas - Quatre danseuses - 1000 pi\u00e8ces","description":"Puzzle adulte Edgar Degas - Quatre danseuses - 1000 pi\u00e8ces","robots":{"index":"index","follow":"follow","max-snippet":"max-snippet:-1","max-image-preview":"max-image-preview:large","max-video-preview":"max-video-preview:-1"},"canonical":"https:\/\/business.roovi.com\/fr\/puzzle-adulte-edgar-degas-quatre-danseuses-1000-pieces\/p\/","og_locale":"fr_FR","og_type":"article","og_title":"Puzzle adulte Edgar Degas - Quatre danseuses - 1000 pi\u00e8ces","og_description":"Puzzle adulte Edgar Degas - Quatre danseuses - 1000 pi\u00e8ces","og_url":"https:\/\/business.roovi.com\/fr\/puzzle-adulte-edgar-degas-quatre-danseuses-1000-pieces\/p\/","og_site_name":"Roovi B2B","article_publisher":"https:\/\/www.facebook.com\/wwwjucariero","article_modified_time":"2022-07-13T10:13:01+00:00","og_image":[{"width":800,"height":800,"url":"https:\/\/business.roovi.com\/wp-content\/uploads\/2021\/03\/72801-02_ansamblu_dimensiuni_cutie_cm-800x800.png","type":"image\/png"}],"twitter_misc":{"Dur\u00e9e de lecture estim\u00e9e":"3 minutes"},"schema":{"@context":"https:\/\/schema.org","@graph":[{"@type":"WebPage","@id":"https:\/\/business.roovi.com\/fr\/puzzle-adulte-edgar-degas-quatre-danseuses-1000-pieces\/p\/","url":"https:\/\/business.roovi.com\/fr\/puzzle-adulte-edgar-degas-quatre-danseuses-1000-pieces\/p\/","name":"Puzzle adulte Edgar Degas - Quatre danseuses - 1000 pi\u00e8ces","isPartOf":{"@id":"https:\/\/business.roovi.com\/fr\/#website"},"datePublished":"2021-03-05T10:56:50+00:00","dateModified":"2022-07-13T10:13:01+00:00","description":"Puzzle adulte Edgar Degas - Quatre danseuses - 1000 pi\u00e8ces","breadcrumb":{"@id":"https:\/\/business.roovi.com\/fr\/puzzle-adulte-edgar-degas-quatre-danseuses-1000-pieces\/p\/#breadcrumb"},"inLanguage":"fr-FR","potentialAction":[{"@type":"ReadAction","target":["https:\/\/business.roovi.com\/fr\/puzzle-adulte-edgar-degas-quatre-danseuses-1000-pieces\/p\/"]}]},{"@type":"BreadcrumbList","@id":"https:\/\/business.roovi.com\/fr\/puzzle-adulte-edgar-degas-quatre-danseuses-1000-pieces\/p\/#breadcrumb","itemListElement":[{"@type":"ListItem","position":1,"name":"Home","item":"https:\/\/business.roovi.com\/fr\/"},{"@type":"ListItem","position":2,"name":"Boutique","item":"https:\/\/business.roovi.com\/fr\/boutique\/"},{"@type":"ListItem","position":3,"name":"Puzzle adulte Edgar Degas &#8211; Quatre danseuses &#8211; 1000 pi\u00e8ces"}]},{"@type":"WebSite","@id":"https:\/\/business.roovi.com\/fr\/#website","url":"https:\/\/business.roovi.com\/fr\/","name":"Roovi B2B","description":"Roovi Business Website","potentialAction":[{"@type":"SearchAction","target":{"@type":"EntryPoint","urlTemplate":"https:\/\/business.roovi.com\/fr\/?s={search_term_string}"},"query-input":"required name=search_term_string"}],"inLanguage":"fr-FR"}]}},"_links":{"self":[{"href":"https:\/\/business.roovi.com\/fr\/wp-json\/wp\/v2\/product\/51596","targetHints":{"allow":["GET"]}}],"collection":[{"href":"https:\/\/business.roovi.com\/fr\/wp-json\/wp\/v2\/product"}],"about":[{"href":"https:\/\/business.roovi.com\/fr\/wp-json\/wp\/v2\/types\/product"}],"version-history":[{"count":0,"href":"https:\/\/business.roovi.com\/fr\/wp-json\/wp\/v2\/product\/51596\/revisions"}],"wp:featuredmedia":[{"embeddable":true,"href":"https:\/\/business.roovi.com\/fr\/wp-json\/wp\/v2\/media\/63459"}],"wp:attachment":[{"href":"https:\/\/business.roovi.com\/fr\/wp-json\/wp\/v2\/media?parent=51596"}],"wp:term":[{"taxonomy":"product_brand","embeddable":true,"href":"https:\/\/business.roovi.com\/fr\/wp-json\/wp\/v2\/product_brand?post=51596"},{"taxonomy":"product_cat","embeddable":true,"href":"https:\/\/business.roovi.com\/fr\/wp-json\/wp\/v2\/product_cat?post=51596"},{"taxonomy":"product_tag","embeddable":true,"href":"https:\/\/business.roovi.com\/fr\/wp-json\/wp\/v2\/product_tag?post=51596"}],"curies":[{"name":"wp","href":"https:\/\/api.w.org\/{rel}","templated":true}]}}