{"id":51619,"date":"2021-03-05T10:32:17","date_gmt":"2021-03-05T10:32:17","guid":{"rendered":"https:\/\/business.roovi.com\/puzzle-adulti-1000-piese-amedeo-modigliani-portrait-of-jeanne-hebuterne\/p\/"},"modified":"2022-07-13T10:13:05","modified_gmt":"2022-07-13T10:13:05","slug":"amedeo-modigliani-puzzle-adulte-1000-pieces-portrait-de-jeanne-hebuterne","status":"publish","type":"product","link":"https:\/\/business.roovi.com\/fr\/amedeo-modigliani-puzzle-adulte-1000-pieces-portrait-de-jeanne-hebuterne\/p\/","title":{"rendered":"Amedeo Modigliani Puzzle adulte 1000 pi\u00e8ces &#8211; Portrait de Jeanne H\u00e9buterne"},"content":{"rendered":"<p><span style=\"font-weight: 400; font-size: 14px;\">Tu aimes les jeux de r\u00e9flexion ? Que penses-tu des puzzles d&rsquo;art ? Nous te mettons au d\u00e9fi de recr\u00e9er les images des peintures les plus c\u00e9l\u00e8bres du monde \u00e0 partir d&rsquo;un puzzle de 1000 pi\u00e8ces. Nous garantissons jusqu&rsquo;\u00e0 30 heures d&rsquo;amusement relaxant, et \u00e0 la fin, des peintures d&rsquo;art \u00e9tonnantes !<\/span><\/p>\n<p><span style=\"font-weight: 400; font-size: 14px;\">Amedeo Modigliani \u00e9tait un peintre brillant, c\u00e9l\u00e8bre pour le raffinement de ses peintures. Il nourrissait un amour fou pour Jeanne H\u00e9buterne qui \u00e9tait sa muse et sa femme. Amedeo Modigliani &#8211; Portrait de Jeanne H\u00e9buterne est un puzzle de 1000 pi\u00e8ces, repr\u00e9sentant l&rsquo;un des portraits que l&rsquo;artiste a peint de sa femme bien-aim\u00e9e. Cr\u00e9e un portrait de la femme m\u00e9lancolique et amoureuse qui \u00e9tait aux c\u00f4t\u00e9s du grand artiste et profite de nombreuses heures de d\u00e9tente et de d\u00e9tachement devant une v\u00e9ritable \u0153uvre d&rsquo;art.<\/span><\/p>\n<p><span style=\"font-weight: 400; font-size: 14px;\">Tu peux utiliser une table basse ordinaire pour recr\u00e9er l&rsquo;image. La peinture finale mesure 50 x 70 cm. Lis plus sur le puzzle artistique Amedeo Modigliani &#8211; Portrait de Jeanne H\u00e9buterne ci-dessous :<\/span><\/p>\n<p><span style=\"font-size: 14px;\"><strong>Puzzle mat\u00e9riel <\/strong><\/span><\/p>\n<p><span style=\"font-size: 14px;\"><strong>carton bleu de haute qualit\u00e9<\/strong><\/span><\/p>\n<p><span style=\"font-size: 14px;\"><strong>des mat\u00e9riaux durables et recyclables<\/strong><\/span><\/p>\n<p><span style=\"font-size: 14px;\"><strong>finition semi-brillante, couleurs vives<\/strong><\/span><\/p>\n<p><span style=\"font-size: 14px;\"><strong>Nombre de pi\u00e8ces de puzzle : 1000<\/strong><\/span><\/p>\n<p><span style=\"font-size: 14px;\"><strong>\u00c2ge recommand\u00e9 : 14+<\/strong><\/span><\/p>\n<p><span style=\"font-size: 14px;\"><strong>Le lien entre les jeux de puzzle et l&rsquo;augmentation de la productivit\u00e9<\/strong><\/span><\/p>\n<p><span style=\"font-weight: 400; font-size: 14px;\">Savais-tu qu&rsquo;il existe un lien fort entre les jeux de r\u00e9flexion et la productivit\u00e9 au travail ? Quand tu es d\u00e9tendu, tu te concentres mieux et tu trouves des solutions rapides et innovantes aux probl\u00e8mes. Cela augmente ta productivit\u00e9. Alors si tu as du mal \u00e0 te concentrer ou si tu ne peux pas pers\u00e9v\u00e9rer, pense aux jeux de r\u00e9flexion pour am\u00e9liorer ces comp\u00e9tences. De plus, les jeux de r\u00e9flexion t&rsquo;aident :<\/span><\/p>\n<ul>\n<li>\n<p><span style=\"font-weight: 400; font-size: 14px;\">Entra\u00eene ta m\u00e9moire.<\/span><\/p>\n<\/li>\n<li>\n<p><span style=\"font-weight: 400; font-size: 14px;\">G\u00e8re mieux l&rsquo;anxi\u00e9t\u00e9.<\/span><\/p>\n<\/li>\n<li>\n<p><span style=\"font-weight: 400; font-size: 14px;\">D\u00e9connecte-toi des probl\u00e8mes quotidiens.<\/span><\/p>\n<\/li>\n<li>\n<p><span style=\"font-weight: 400; font-size: 14px;\">Travaille mieux en \u00e9quipe.<\/span><\/p>\n<\/li>\n<li>\n<p><span style=\"font-weight: 400; font-size: 14px;\">Fais plus attention aux d\u00e9tails.<\/span><\/p>\n<\/li>\n<\/ul>\n<p><span style=\"font-size: 14px;\"><strong>5 curiosit\u00e9s sur Amedeo Modigliani <\/strong><\/span><\/p>\n<p><span style=\"font-weight: 400; font-size: 14px;\">1. Sa naissance a sauv\u00e9 sa famille de la faillite. Ses parents \u00e9taient pauvres et endett\u00e9s. Quand il est n\u00e9, ils ont mis toutes leurs richesses dans le lit de sa m\u00e8re qui l&rsquo;accouchait. Les cr\u00e9anciers ne pouvaient pas toucher les biens d&rsquo;une nourrice.<\/span><\/p>\n<p><span style=\"font-weight: 400; font-size: 14px;\">2. Il \u00e9tait juif et n&rsquo;a jamais cach\u00e9 ses origines, m\u00eame s&rsquo;il a v\u00e9cu \u00e0 une \u00e9poque o\u00f9 l&rsquo;antis\u00e9mitisme laissait de profondes cicatrices sur le destin des gens. Il pr\u00e9f\u00e9rait parler ouvertement de lui-m\u00eame.<\/span><\/p>\n<p><span style=\"font-weight: 400; font-size: 14px;\">3. On dit que ses nus expos\u00e9s lors de sa premi\u00e8re et unique exposition solo ont attir\u00e9 l&rsquo;attention d&rsquo;un policier \u00e0 cause&#8230; des poils pubiens des femmes. L&rsquo;homme de loi a ordonn\u00e9 la fermeture de l&rsquo;exposition.<\/span><\/p>\n<p><span style=\"font-weight: 400; font-size: 14px;\">4. Il \u00e9tait \u00e9galement passionn\u00e9 par la sculpture, et \u00e0 Paris, il s&rsquo;est li\u00e9 d&rsquo;amiti\u00e9 avec Constantin Brancusi.<\/span><\/p>\n<p><span style=\"font-weight: 400; font-size: 14px;\">5. Il \u00e9tait alcoolique et toxicomane. Il semble qu&rsquo;\u00e0 travers ces addictions, il essayait de cacher sa maladie &#8211; la tuberculose &#8211; qui a mis fin \u00e0 ses jours \u00e0 l&rsquo;\u00e2ge de 35 ans.<\/span><\/p>\n<p><span style=\"font-size: 14px;\"><strong>Avec le puzzle de 1000 pi\u00e8ces, tu joues et m\u00e9dites en m\u00eame temps<\/strong><\/span><\/p>\n<p><span style=\"font-weight: 400; font-size: 14px;\">Les jeux de puzzle sont un excellent moyen de s&rsquo;amuser, surtout lorsque tu fais participer tes proches au jeu de l&rsquo;image. De plus, si tu choisis de reconstituer les images dans l&rsquo;intimit\u00e9, tu ressentiras un \u00e9tat de d\u00e9tachement \u00e9tonnant avec un effet semblable \u00e0 la m\u00e9ditation. Il n&rsquo;est pas \u00e9tonnant que lorsque tu as fini de reconstituer l&rsquo;image du puzzle de 1000 pi\u00e8ces, tu te sentes optimiste et en harmonie avec toi-m\u00eame.<\/span><\/p>\n<p><span style=\"font-weight: 400; font-size: 14px;\">Ach\u00e8te Amedeo Modigliani &#8211; Portrait de Jeanne H\u00e9buterne puzzle de 1000 pi\u00e8ces et profite de tous les avantages que les puzzles ont \u00e0 offrir. D\u00e9couvre maintenant toute la collection de puzzles d&rsquo;art et construis ta propre galerie \u00e9tonnante de tableaux de puzzles de 1000 pi\u00e8ces. Si tu cherches un cadeau pour un ami cher, le puzzle artistique Amedeo Modigliani &#8211; Portrait de Jeanne H\u00e9buterne est le bon choix.<\/span><\/p>\n","protected":false},"excerpt":{"rendered":"<p>Tu aimes les jeux de r\u00e9flexion ? Que penses-tu des puzzles d&rsquo;art ? Nous te mettons au d\u00e9fi de recr\u00e9er<\/p>\n","protected":false},"featured_media":64272,"template":"","meta":[],"product_brand":[],"product_cat":[2314,2316,2315],"product_tag":[],"class_list":{"0":"post-51619","1":"product","2":"type-product","3":"status-publish","4":"has-post-thumbnail","6":"product_cat-puzzles-fr","7":"product_cat-puzzles-de-1000-pieces","8":"product_cat-puzzles-pour-adultes","9":"pa_bax-10-fr","10":"pa_brand-d_toys-fr","11":"pa_country_of_manufacture-ro-fr","12":"pa_filter_age-14-fr","13":"pa_painter-sandrobotticelli-fr","14":"pa_tip_ambalaj-boite","15":"pa_tip_puzzle-classique","17":"first","18":"instock","19":"taxable","20":"shipping-taxable","21":"product-type-simple"},"yoast_head":"<!-- This site is optimized with the Yoast SEO plugin v20.1 - https:\/\/yoast.com\/wordpress\/plugins\/seo\/ -->\n<title>Amedeo Modigliani Puzzle adulte 1000 pi\u00e8ces - Portrait de Jeanne H\u00e9buterne<\/title>\n<meta name=\"description\" content=\"Amedeo Modigliani Puzzle adulte 1000 pi\u00e8ces - Portrait de Jeanne H\u00e9buterne\" \/>\n<meta name=\"robots\" content=\"index, follow, max-snippet:-1, max-image-preview:large, max-video-preview:-1\" \/>\n<link rel=\"canonical\" href=\"https:\/\/business.roovi.com\/fr\/amedeo-modigliani-puzzle-adulte-1000-pieces-portrait-de-jeanne-hebuterne\/p\/\" \/>\n<meta property=\"og:locale\" content=\"fr_FR\" \/>\n<meta property=\"og:type\" content=\"article\" \/>\n<meta property=\"og:title\" content=\"Amedeo Modigliani Puzzle adulte 1000 pi\u00e8ces - Portrait de Jeanne H\u00e9buterne\" \/>\n<meta property=\"og:description\" content=\"Amedeo Modigliani Puzzle adulte 1000 pi\u00e8ces - Portrait de Jeanne H\u00e9buterne\" \/>\n<meta property=\"og:url\" content=\"https:\/\/business.roovi.com\/fr\/amedeo-modigliani-puzzle-adulte-1000-pieces-portrait-de-jeanne-hebuterne\/p\/\" \/>\n<meta property=\"og:site_name\" content=\"Roovi B2B\" \/>\n<meta property=\"article:publisher\" content=\"https:\/\/www.facebook.com\/wwwjucariero\" \/>\n<meta property=\"article:modified_time\" content=\"2022-07-13T10:13:05+00:00\" \/>\n<meta property=\"og:image\" content=\"https:\/\/business.roovi.com\/wp-content\/uploads\/2021\/03\/77400-01_ansamblu_dimensiuni_cutie_cm_vertical.png\" \/>\n\t<meta property=\"og:image:width\" content=\"1200\" \/>\n\t<meta property=\"og:image:height\" content=\"1200\" \/>\n\t<meta property=\"og:image:type\" content=\"image\/png\" \/>\n<meta name=\"twitter:label1\" content=\"Dur\u00e9e de lecture estim\u00e9e\" \/>\n\t<meta name=\"twitter:data1\" content=\"3 minutes\" \/>\n<script type=\"application\/ld+json\" class=\"yoast-schema-graph\">{\"@context\":\"https:\/\/schema.org\",\"@graph\":[{\"@type\":\"WebPage\",\"@id\":\"https:\/\/business.roovi.com\/fr\/amedeo-modigliani-puzzle-adulte-1000-pieces-portrait-de-jeanne-hebuterne\/p\/\",\"url\":\"https:\/\/business.roovi.com\/fr\/amedeo-modigliani-puzzle-adulte-1000-pieces-portrait-de-jeanne-hebuterne\/p\/\",\"name\":\"Amedeo Modigliani Puzzle adulte 1000 pi\u00e8ces - Portrait de Jeanne H\u00e9buterne\",\"isPartOf\":{\"@id\":\"https:\/\/business.roovi.com\/fr\/#website\"},\"datePublished\":\"2021-03-05T10:32:17+00:00\",\"dateModified\":\"2022-07-13T10:13:05+00:00\",\"description\":\"Amedeo Modigliani Puzzle adulte 1000 pi\u00e8ces - Portrait de Jeanne H\u00e9buterne\",\"breadcrumb\":{\"@id\":\"https:\/\/business.roovi.com\/fr\/amedeo-modigliani-puzzle-adulte-1000-pieces-portrait-de-jeanne-hebuterne\/p\/#breadcrumb\"},\"inLanguage\":\"fr-FR\",\"potentialAction\":[{\"@type\":\"ReadAction\",\"target\":[\"https:\/\/business.roovi.com\/fr\/amedeo-modigliani-puzzle-adulte-1000-pieces-portrait-de-jeanne-hebuterne\/p\/\"]}]},{\"@type\":\"BreadcrumbList\",\"@id\":\"https:\/\/business.roovi.com\/fr\/amedeo-modigliani-puzzle-adulte-1000-pieces-portrait-de-jeanne-hebuterne\/p\/#breadcrumb\",\"itemListElement\":[{\"@type\":\"ListItem\",\"position\":1,\"name\":\"Home\",\"item\":\"https:\/\/business.roovi.com\/fr\/\"},{\"@type\":\"ListItem\",\"position\":2,\"name\":\"Boutique\",\"item\":\"https:\/\/business.roovi.com\/fr\/boutique\/\"},{\"@type\":\"ListItem\",\"position\":3,\"name\":\"Amedeo Modigliani Puzzle adulte 1000 pi\u00e8ces &#8211; Portrait de Jeanne H\u00e9buterne\"}]},{\"@type\":\"WebSite\",\"@id\":\"https:\/\/business.roovi.com\/fr\/#website\",\"url\":\"https:\/\/business.roovi.com\/fr\/\",\"name\":\"Roovi B2B\",\"description\":\"Roovi Business Website\",\"potentialAction\":[{\"@type\":\"SearchAction\",\"target\":{\"@type\":\"EntryPoint\",\"urlTemplate\":\"https:\/\/business.roovi.com\/fr\/?s={search_term_string}\"},\"query-input\":\"required name=search_term_string\"}],\"inLanguage\":\"fr-FR\"}]}<\/script>\n<!-- \/ Yoast SEO plugin. -->","yoast_head_json":{"title":"Amedeo Modigliani Puzzle adulte 1000 pi\u00e8ces - Portrait de Jeanne H\u00e9buterne","description":"Amedeo Modigliani Puzzle adulte 1000 pi\u00e8ces - Portrait de Jeanne H\u00e9buterne","robots":{"index":"index","follow":"follow","max-snippet":"max-snippet:-1","max-image-preview":"max-image-preview:large","max-video-preview":"max-video-preview:-1"},"canonical":"https:\/\/business.roovi.com\/fr\/amedeo-modigliani-puzzle-adulte-1000-pieces-portrait-de-jeanne-hebuterne\/p\/","og_locale":"fr_FR","og_type":"article","og_title":"Amedeo Modigliani Puzzle adulte 1000 pi\u00e8ces - Portrait de Jeanne H\u00e9buterne","og_description":"Amedeo Modigliani Puzzle adulte 1000 pi\u00e8ces - Portrait de Jeanne H\u00e9buterne","og_url":"https:\/\/business.roovi.com\/fr\/amedeo-modigliani-puzzle-adulte-1000-pieces-portrait-de-jeanne-hebuterne\/p\/","og_site_name":"Roovi B2B","article_publisher":"https:\/\/www.facebook.com\/wwwjucariero","article_modified_time":"2022-07-13T10:13:05+00:00","og_image":[{"width":1200,"height":1200,"url":"https:\/\/business.roovi.com\/wp-content\/uploads\/2021\/03\/77400-01_ansamblu_dimensiuni_cutie_cm_vertical.png","type":"image\/png"}],"twitter_misc":{"Dur\u00e9e de lecture estim\u00e9e":"3 minutes"},"schema":{"@context":"https:\/\/schema.org","@graph":[{"@type":"WebPage","@id":"https:\/\/business.roovi.com\/fr\/amedeo-modigliani-puzzle-adulte-1000-pieces-portrait-de-jeanne-hebuterne\/p\/","url":"https:\/\/business.roovi.com\/fr\/amedeo-modigliani-puzzle-adulte-1000-pieces-portrait-de-jeanne-hebuterne\/p\/","name":"Amedeo Modigliani Puzzle adulte 1000 pi\u00e8ces - Portrait de Jeanne H\u00e9buterne","isPartOf":{"@id":"https:\/\/business.roovi.com\/fr\/#website"},"datePublished":"2021-03-05T10:32:17+00:00","dateModified":"2022-07-13T10:13:05+00:00","description":"Amedeo Modigliani Puzzle adulte 1000 pi\u00e8ces - Portrait de Jeanne H\u00e9buterne","breadcrumb":{"@id":"https:\/\/business.roovi.com\/fr\/amedeo-modigliani-puzzle-adulte-1000-pieces-portrait-de-jeanne-hebuterne\/p\/#breadcrumb"},"inLanguage":"fr-FR","potentialAction":[{"@type":"ReadAction","target":["https:\/\/business.roovi.com\/fr\/amedeo-modigliani-puzzle-adulte-1000-pieces-portrait-de-jeanne-hebuterne\/p\/"]}]},{"@type":"BreadcrumbList","@id":"https:\/\/business.roovi.com\/fr\/amedeo-modigliani-puzzle-adulte-1000-pieces-portrait-de-jeanne-hebuterne\/p\/#breadcrumb","itemListElement":[{"@type":"ListItem","position":1,"name":"Home","item":"https:\/\/business.roovi.com\/fr\/"},{"@type":"ListItem","position":2,"name":"Boutique","item":"https:\/\/business.roovi.com\/fr\/boutique\/"},{"@type":"ListItem","position":3,"name":"Amedeo Modigliani Puzzle adulte 1000 pi\u00e8ces &#8211; Portrait de Jeanne H\u00e9buterne"}]},{"@type":"WebSite","@id":"https:\/\/business.roovi.com\/fr\/#website","url":"https:\/\/business.roovi.com\/fr\/","name":"Roovi B2B","description":"Roovi Business Website","potentialAction":[{"@type":"SearchAction","target":{"@type":"EntryPoint","urlTemplate":"https:\/\/business.roovi.com\/fr\/?s={search_term_string}"},"query-input":"required name=search_term_string"}],"inLanguage":"fr-FR"}]}},"_links":{"self":[{"href":"https:\/\/business.roovi.com\/fr\/wp-json\/wp\/v2\/product\/51619","targetHints":{"allow":["GET"]}}],"collection":[{"href":"https:\/\/business.roovi.com\/fr\/wp-json\/wp\/v2\/product"}],"about":[{"href":"https:\/\/business.roovi.com\/fr\/wp-json\/wp\/v2\/types\/product"}],"version-history":[{"count":0,"href":"https:\/\/business.roovi.com\/fr\/wp-json\/wp\/v2\/product\/51619\/revisions"}],"wp:featuredmedia":[{"embeddable":true,"href":"https:\/\/business.roovi.com\/fr\/wp-json\/wp\/v2\/media\/64272"}],"wp:attachment":[{"href":"https:\/\/business.roovi.com\/fr\/wp-json\/wp\/v2\/media?parent=51619"}],"wp:term":[{"taxonomy":"product_brand","embeddable":true,"href":"https:\/\/business.roovi.com\/fr\/wp-json\/wp\/v2\/product_brand?post=51619"},{"taxonomy":"product_cat","embeddable":true,"href":"https:\/\/business.roovi.com\/fr\/wp-json\/wp\/v2\/product_cat?post=51619"},{"taxonomy":"product_tag","embeddable":true,"href":"https:\/\/business.roovi.com\/fr\/wp-json\/wp\/v2\/product_tag?post=51619"}],"curies":[{"name":"wp","href":"https:\/\/api.w.org\/{rel}","templated":true}]}}