{"id":51638,"date":"2021-03-05T10:21:24","date_gmt":"2021-03-05T10:21:24","guid":{"rendered":"https:\/\/business.roovi.com\/puzzle-adulti-1000-piese-robert-delaunay-tour-eiffel\/p\/"},"modified":"2022-07-13T10:13:08","modified_gmt":"2022-07-13T10:13:08","slug":"puzzle-adulte-1000-pieces-robert-delaunay-tour-eiffel","status":"publish","type":"product","link":"https:\/\/business.roovi.com\/fr\/puzzle-adulte-1000-pieces-robert-delaunay-tour-eiffel\/p\/","title":{"rendered":"Puzzle adulte 1000 pi\u00e8ces Robert Delaunay Tour Eiffel"},"content":{"rendered":"<p><span style=\"font-weight: 400;\">Tu veux vivre une exp\u00e9rience inoubliable avec tes proches ? Ou tu cherches un cadeau unique pour un ami cher ? Choisis parmi des centaines de puzzles d&rsquo;art de 1000 pi\u00e8ces avec des images de tableaux c\u00e9l\u00e8bres et donne de la valeur aux moments monotones.<\/span><\/p>\n<p><span style=\"font-weight: 400;\">Tu es fascin\u00e9 par les couleurs vives et le dynamisme des \u0153uvres d&rsquo;art abstraites ? Puzzle de 1000 pi\u00e8ces <\/span><span style=\"font-weight: 400;\">Robert Delaunay &#8211; Tour Eiffel<\/span><span style=\"font-weight: 400;\"> satisfera ta passion pour les \u0153uvres d&rsquo;art vibrantes et lumineuses.<\/span><\/p>\n<p><span style=\"font-weight: 400;\">Une fascination pour la couleur et le dynamisme que tu d\u00e9couvriras \u00e0 travers ce puzzle artistique \u00e9tonnant. Cr\u00e9\u00e9e dans le style \u00e9mergent de l&rsquo;orphisme, l&rsquo;\u0153uvre ajoute des couleurs vives et une abstraction accrue au cubisme <\/span><\/p>\n<p><span style=\"font-weight: 400;\">L&rsquo;\u0153uvre dans l&rsquo;image du puzzle d&rsquo;art <\/span><span style=\"font-weight: 400;\">Robert Delaunay &#8211; Tour Eiffel fait partie d&rsquo;une grande s\u00e9rie de peintures et de dessins repr\u00e9sentant <\/span><span style=\"font-weight: 400;\">Tour Eiffel. Cette gamme d&rsquo;\u0153uvres d&rsquo;art est consid\u00e9r\u00e9e comme la plus repr\u00e9sentative de la carri\u00e8re de Robert Delaunay.<\/span><\/p>\n<p><span style=\"font-weight: 400;\">Si tu souhaites avoir un tableau avec un th\u00e8me \u00e9tabli interpr\u00e9t\u00e9 dans un style innovant, choisis le puzzle de 1000 pi\u00e8ces <\/span><span style=\"font-weight: 400;\">Robert Delaunay &#8211; Tour Eiffel<\/span><span style=\"font-weight: 400;\">. Tu passeras jusqu&rsquo;\u00e0 30 heures de d\u00e9tente en compagnie d&rsquo;une \u0153uvre d&rsquo;art accomplie. Tu peux utiliser une table basse ordinaire pour soutenir les pi\u00e8ces. L&rsquo;image reconstruite mesure 50 x 70 cm et sera magnifique dans le cadre.<\/span><\/p>\n<p><span style=\"font-weight: 400;\">Lis plus sur le puzzle de 1000 pi\u00e8ces ci-dessous <\/span><span style=\"font-weight: 400;\">Robert Delaunay &#8211; Tour Eiffel<\/span><span style=\"font-weight: 400;\">:<\/span><\/p>\n<p><strong>Mat\u00e9riau du puzzle <\/strong><\/p>\n<p><strong>carton bleu de haute qualit\u00e9<\/strong><\/p>\n<p><strong>des mat\u00e9riaux durables et recyclables<\/strong><\/p>\n<p><strong>finition semi-brillante, couleurs vives<\/strong><\/p>\n<p><strong>Nombre de pi\u00e8ces de puzzle : 1000<\/strong><\/p>\n<p><strong>\u00c2ge recommand\u00e9 : 14+<\/strong><\/p>\n<p><strong>Les puzzles d&rsquo;art t&rsquo;apportent des avantages indicibles<\/strong><\/p>\n<p><span style=\"font-weight: 400;\">Assembler des puzzles est plus qu&rsquo;un simple passe-temps qui ajoute de la valeur \u00e0 ton temps libre. C&rsquo;est un passe-temps qui te profite dans de nombreux aspects de ta vie :<\/span><\/p>\n<ul>\n<li><span style=\"font-weight: 400;\">Cela t&rsquo;aide \u00e0 rester concentr\u00e9 sur les objectifs que tu as fix\u00e9s.<\/span><\/li>\n<li><span style=\"font-weight: 400;\">Il d\u00e9veloppe ta m\u00e9moire.<\/span><\/li>\n<li><span style=\"font-weight: 400;\">Cela te rend plus attentif aux d\u00e9tails.<\/span><\/li>\n<li><span style=\"font-weight: 400;\">Cela t&rsquo;aide \u00e0 devenir plus cr\u00e9atif.<\/span><\/li>\n<li><span style=\"font-weight: 400;\">Il te relie \u00e0 tes proches car les jeux de puzzle peuvent \u00eatre assembl\u00e9s en groupe.<\/span><\/li>\n<li><span style=\"font-weight: 400;\">Il d\u00e9veloppe ton sens de l&rsquo;esth\u00e9tique.<\/span><\/li>\n<\/ul>\n<p><strong>Savais-tu que&#8230;<\/strong><\/p>\n<p><span style=\"font-weight: 400;\">Robert Delaunay est \u00e0 l&rsquo;origine de l&rsquo;orphisme, un mouvement artistique d\u00e9riv\u00e9 du cubisme.<\/span><\/p>\n<p><span style=\"font-weight: 400;\">Sa s\u00e9rie <\/span><em><span style=\"font-weight: 400;\">Tour Eiffel <\/span><\/em><span style=\"font-weight: 400;\">est l&rsquo;\u0153uvre artistique la plus marquante de la c\u00e9l\u00e8bre tour de Paris.<\/span><\/p>\n<p><span style=\"font-weight: 400;\"> Il \u00e9tait mari\u00e9 \u00e0 une peintre d&rsquo;origine russe, Sonia Uhde-Terk.<\/span><\/p>\n<p><span style=\"font-weight: 400;\">Il a peint des portraits de ses amis, po\u00e8tes et musiciens, dans un style avant-gardiste.<\/span><\/p>\n<p><span style=\"font-weight: 400;\">Son travail a eu une influence importante sur le d\u00e9veloppement de l&rsquo;art abstrait au 20\u00e8me si\u00e8cle, bien qu&rsquo;en tant que peintre il ne soit pas l&rsquo;un des artistes repr\u00e9sentatifs de ce genre.<\/span><\/p>\n<p><span style=\"font-weight: 400;\">Son style a eu une influence majeure sur le <\/span><em><span style=\"font-weight: 400;\">Der Blaue Reiter<\/span><\/em><span style=\"font-weight: 400;\"> (Le Cavalier bleu), un groupe d&rsquo;expressionnistes \u00e0 Munich.<\/span><\/p>\n<p><strong>Assemble des puzzles artistiques et vis une v\u00e9ritable s\u00e9ance de m\u00e9ditation !<\/strong><\/p>\n<p><span style=\"font-weight: 400;\">Lorsque tu es devant une image d&rsquo;art d&rsquo;un puzzle de 1000 pi\u00e8ces, tu te calmes progressivement et ton esprit entre dans un profond \u00e9tat de concentration. Le sentiment que tu ressens dans ces moments-l\u00e0 est similaire \u00e0 une s\u00e9ance de m\u00e9ditation. Ton esprit se vide de toutes tes pens\u00e9es fatigu\u00e9es et tu te connectes au moment pr\u00e9sent, o\u00f9 tu t&rsquo;amuses parce que tu es en train d&rsquo;assembler une \u0153uvre d&rsquo;art incroyable.<\/span><\/p>\n<p><span style=\"font-weight: 400;\">En plus de cet \u00e9tat incroyable, tu pourras aussi.. :<\/span><\/p>\n<ul>\n<li><span style=\"font-weight: 400;\">Lib\u00e8re-toi du stress.<\/span><\/li>\n<li><span style=\"font-weight: 400;\">G\u00e8re l&rsquo;anxi\u00e9t\u00e9.<\/span><\/li>\n<li><span style=\"font-weight: 400;\">Connecte-toi avec toi-m\u00eame.<\/span><\/li>\n<li><span style=\"font-weight: 400;\">Am\u00e9liore ton sommeil et d\u00e9barrasse-toi de l&rsquo;insomnie.<\/span><\/li>\n<\/ul>\n<p><span style=\"font-weight: 400;\">Choisis le puzzle de 1000 pi\u00e8ces Robert Delaunay &#8211; Tour Eiffel et obtiens ton propre exemplaire de la peinture qui combine les \u00e9l\u00e9ments fins du cubisme avec le ton vibrant de la couleur. C\u00e9l\u00e9bre ton dur labeur et encadre ta pi\u00e8ce de puzzle de 1000 pi\u00e8ces. Affiche la peinture puzzle d&rsquo;art et d\u00e9core ta maison avec un tableau fascinant.<\/span><\/p>\n<p><span style=\"font-weight: 400;\">Offre le cadeau du puzzle artistique Robert Delaunay &#8211; Tour Eiffel et donne le sourire \u00e0 tes amis amateurs de puzzle.<\/span><\/p><\/p>\n","protected":false},"excerpt":{"rendered":"<p>Tu veux vivre une exp\u00e9rience inoubliable avec tes proches ? Ou tu cherches un cadeau unique pour un ami cher<\/p>\n","protected":false},"featured_media":64296,"template":"","meta":[],"product_brand":[],"product_cat":[2314,2316,2315],"product_tag":[],"class_list":{"0":"post-51638","1":"product","2":"type-product","3":"status-publish","4":"has-post-thumbnail","6":"product_cat-puzzles-fr","7":"product_cat-puzzles-de-1000-pieces","8":"product_cat-puzzles-pour-adultes","9":"pa_brand-deico-fr","10":"pa_country_of_manufacture-ro-fr","11":"pa_filter_age-14-fr","12":"pa_tip_ambalaj-boite","13":"pa_tip_puzzle-classique","15":"first","16":"instock","17":"taxable","18":"shipping-taxable","19":"product-type-simple"},"yoast_head":"<!-- This site is optimized with the Yoast SEO plugin v20.1 - https:\/\/yoast.com\/wordpress\/plugins\/seo\/ -->\n<title>Puzzle adulte 1000 pi\u00e8ces Robert Delaunay Tour Eiffel<\/title>\n<meta name=\"description\" content=\"Puzzle adulte 1000 pi\u00e8ces Robert Delaunay Tour Eiffel\" \/>\n<meta name=\"robots\" content=\"index, follow, max-snippet:-1, max-image-preview:large, max-video-preview:-1\" \/>\n<link rel=\"canonical\" href=\"https:\/\/business.roovi.com\/fr\/puzzle-adulte-1000-pieces-robert-delaunay-tour-eiffel\/p\/\" \/>\n<meta property=\"og:locale\" content=\"fr_FR\" \/>\n<meta property=\"og:type\" content=\"article\" \/>\n<meta property=\"og:title\" content=\"Puzzle adulte 1000 pi\u00e8ces Robert Delaunay Tour Eiffel\" \/>\n<meta property=\"og:description\" content=\"Puzzle adulte 1000 pi\u00e8ces Robert Delaunay Tour Eiffel\" \/>\n<meta property=\"og:url\" content=\"https:\/\/business.roovi.com\/fr\/puzzle-adulte-1000-pieces-robert-delaunay-tour-eiffel\/p\/\" \/>\n<meta property=\"og:site_name\" content=\"Roovi B2B\" \/>\n<meta property=\"article:publisher\" content=\"https:\/\/www.facebook.com\/wwwjucariero\" \/>\n<meta property=\"article:modified_time\" content=\"2022-07-13T10:13:08+00:00\" \/>\n<meta property=\"og:image\" content=\"https:\/\/business.roovi.com\/wp-content\/uploads\/2021\/03\/puzzle_1000_deico_games_robert_delaunay_tour_eiffel-77554.jpg\" \/>\n\t<meta property=\"og:image:width\" content=\"1000\" \/>\n\t<meta property=\"og:image:height\" content=\"1000\" \/>\n\t<meta property=\"og:image:type\" content=\"image\/jpeg\" \/>\n<meta name=\"twitter:label1\" content=\"Dur\u00e9e de lecture estim\u00e9e\" \/>\n\t<meta name=\"twitter:data1\" content=\"3 minutes\" \/>\n<script type=\"application\/ld+json\" class=\"yoast-schema-graph\">{\"@context\":\"https:\/\/schema.org\",\"@graph\":[{\"@type\":\"WebPage\",\"@id\":\"https:\/\/business.roovi.com\/fr\/puzzle-adulte-1000-pieces-robert-delaunay-tour-eiffel\/p\/\",\"url\":\"https:\/\/business.roovi.com\/fr\/puzzle-adulte-1000-pieces-robert-delaunay-tour-eiffel\/p\/\",\"name\":\"Puzzle adulte 1000 pi\u00e8ces Robert Delaunay Tour Eiffel\",\"isPartOf\":{\"@id\":\"https:\/\/business.roovi.com\/fr\/#website\"},\"datePublished\":\"2021-03-05T10:21:24+00:00\",\"dateModified\":\"2022-07-13T10:13:08+00:00\",\"description\":\"Puzzle adulte 1000 pi\u00e8ces Robert Delaunay Tour Eiffel\",\"breadcrumb\":{\"@id\":\"https:\/\/business.roovi.com\/fr\/puzzle-adulte-1000-pieces-robert-delaunay-tour-eiffel\/p\/#breadcrumb\"},\"inLanguage\":\"fr-FR\",\"potentialAction\":[{\"@type\":\"ReadAction\",\"target\":[\"https:\/\/business.roovi.com\/fr\/puzzle-adulte-1000-pieces-robert-delaunay-tour-eiffel\/p\/\"]}]},{\"@type\":\"BreadcrumbList\",\"@id\":\"https:\/\/business.roovi.com\/fr\/puzzle-adulte-1000-pieces-robert-delaunay-tour-eiffel\/p\/#breadcrumb\",\"itemListElement\":[{\"@type\":\"ListItem\",\"position\":1,\"name\":\"Home\",\"item\":\"https:\/\/business.roovi.com\/fr\/\"},{\"@type\":\"ListItem\",\"position\":2,\"name\":\"Boutique\",\"item\":\"https:\/\/business.roovi.com\/fr\/boutique\/\"},{\"@type\":\"ListItem\",\"position\":3,\"name\":\"Puzzle adulte 1000 pi\u00e8ces Robert Delaunay Tour Eiffel\"}]},{\"@type\":\"WebSite\",\"@id\":\"https:\/\/business.roovi.com\/fr\/#website\",\"url\":\"https:\/\/business.roovi.com\/fr\/\",\"name\":\"Roovi B2B\",\"description\":\"Roovi Business Website\",\"potentialAction\":[{\"@type\":\"SearchAction\",\"target\":{\"@type\":\"EntryPoint\",\"urlTemplate\":\"https:\/\/business.roovi.com\/fr\/?s={search_term_string}\"},\"query-input\":\"required name=search_term_string\"}],\"inLanguage\":\"fr-FR\"}]}<\/script>\n<!-- \/ Yoast SEO plugin. -->","yoast_head_json":{"title":"Puzzle adulte 1000 pi\u00e8ces Robert Delaunay Tour Eiffel","description":"Puzzle adulte 1000 pi\u00e8ces Robert Delaunay Tour Eiffel","robots":{"index":"index","follow":"follow","max-snippet":"max-snippet:-1","max-image-preview":"max-image-preview:large","max-video-preview":"max-video-preview:-1"},"canonical":"https:\/\/business.roovi.com\/fr\/puzzle-adulte-1000-pieces-robert-delaunay-tour-eiffel\/p\/","og_locale":"fr_FR","og_type":"article","og_title":"Puzzle adulte 1000 pi\u00e8ces Robert Delaunay Tour Eiffel","og_description":"Puzzle adulte 1000 pi\u00e8ces Robert Delaunay Tour Eiffel","og_url":"https:\/\/business.roovi.com\/fr\/puzzle-adulte-1000-pieces-robert-delaunay-tour-eiffel\/p\/","og_site_name":"Roovi B2B","article_publisher":"https:\/\/www.facebook.com\/wwwjucariero","article_modified_time":"2022-07-13T10:13:08+00:00","og_image":[{"width":1000,"height":1000,"url":"https:\/\/business.roovi.com\/wp-content\/uploads\/2021\/03\/puzzle_1000_deico_games_robert_delaunay_tour_eiffel-77554.jpg","type":"image\/jpeg"}],"twitter_misc":{"Dur\u00e9e de lecture estim\u00e9e":"3 minutes"},"schema":{"@context":"https:\/\/schema.org","@graph":[{"@type":"WebPage","@id":"https:\/\/business.roovi.com\/fr\/puzzle-adulte-1000-pieces-robert-delaunay-tour-eiffel\/p\/","url":"https:\/\/business.roovi.com\/fr\/puzzle-adulte-1000-pieces-robert-delaunay-tour-eiffel\/p\/","name":"Puzzle adulte 1000 pi\u00e8ces Robert Delaunay Tour Eiffel","isPartOf":{"@id":"https:\/\/business.roovi.com\/fr\/#website"},"datePublished":"2021-03-05T10:21:24+00:00","dateModified":"2022-07-13T10:13:08+00:00","description":"Puzzle adulte 1000 pi\u00e8ces Robert Delaunay Tour Eiffel","breadcrumb":{"@id":"https:\/\/business.roovi.com\/fr\/puzzle-adulte-1000-pieces-robert-delaunay-tour-eiffel\/p\/#breadcrumb"},"inLanguage":"fr-FR","potentialAction":[{"@type":"ReadAction","target":["https:\/\/business.roovi.com\/fr\/puzzle-adulte-1000-pieces-robert-delaunay-tour-eiffel\/p\/"]}]},{"@type":"BreadcrumbList","@id":"https:\/\/business.roovi.com\/fr\/puzzle-adulte-1000-pieces-robert-delaunay-tour-eiffel\/p\/#breadcrumb","itemListElement":[{"@type":"ListItem","position":1,"name":"Home","item":"https:\/\/business.roovi.com\/fr\/"},{"@type":"ListItem","position":2,"name":"Boutique","item":"https:\/\/business.roovi.com\/fr\/boutique\/"},{"@type":"ListItem","position":3,"name":"Puzzle adulte 1000 pi\u00e8ces Robert Delaunay Tour Eiffel"}]},{"@type":"WebSite","@id":"https:\/\/business.roovi.com\/fr\/#website","url":"https:\/\/business.roovi.com\/fr\/","name":"Roovi B2B","description":"Roovi Business Website","potentialAction":[{"@type":"SearchAction","target":{"@type":"EntryPoint","urlTemplate":"https:\/\/business.roovi.com\/fr\/?s={search_term_string}"},"query-input":"required name=search_term_string"}],"inLanguage":"fr-FR"}]}},"_links":{"self":[{"href":"https:\/\/business.roovi.com\/fr\/wp-json\/wp\/v2\/product\/51638","targetHints":{"allow":["GET"]}}],"collection":[{"href":"https:\/\/business.roovi.com\/fr\/wp-json\/wp\/v2\/product"}],"about":[{"href":"https:\/\/business.roovi.com\/fr\/wp-json\/wp\/v2\/types\/product"}],"version-history":[{"count":0,"href":"https:\/\/business.roovi.com\/fr\/wp-json\/wp\/v2\/product\/51638\/revisions"}],"wp:featuredmedia":[{"embeddable":true,"href":"https:\/\/business.roovi.com\/fr\/wp-json\/wp\/v2\/media\/64296"}],"wp:attachment":[{"href":"https:\/\/business.roovi.com\/fr\/wp-json\/wp\/v2\/media?parent=51638"}],"wp:term":[{"taxonomy":"product_brand","embeddable":true,"href":"https:\/\/business.roovi.com\/fr\/wp-json\/wp\/v2\/product_brand?post=51638"},{"taxonomy":"product_cat","embeddable":true,"href":"https:\/\/business.roovi.com\/fr\/wp-json\/wp\/v2\/product_cat?post=51638"},{"taxonomy":"product_tag","embeddable":true,"href":"https:\/\/business.roovi.com\/fr\/wp-json\/wp\/v2\/product_tag?post=51638"}],"curies":[{"name":"wp","href":"https:\/\/api.w.org\/{rel}","templated":true}]}}