{"id":51641,"date":"2021-03-05T10:18:51","date_gmt":"2021-03-05T10:18:51","guid":{"rendered":"https:\/\/business.roovi.com\/puzzle-adulti-1000-piese-robert-delaunay-rythme\/p\/"},"modified":"2023-02-28T07:31:53","modified_gmt":"2023-02-28T07:31:53","slug":"puzzle-robert-delaunay-adulte-1000-pieces-rythme","status":"publish","type":"product","link":"https:\/\/business.roovi.com\/fr\/puzzle-robert-delaunay-adulte-1000-pieces-rythme\/p\/","title":{"rendered":"Puzzle Robert Delaunay adulte 1000 pi\u00e8ces &#8211; Rythme"},"content":{"rendered":"<p><span style=\"font-weight: 400;\">Tu veux \u00eatre un vrai d\u00e9tective \u00e0 la recherche d&rsquo;indices qui m\u00e8nent \u00e0 la r\u00e9solution d&rsquo;un jeu d&rsquo;\u00e9nigmes ? Avec la plus grande gamme de puzzles d&rsquo;art produite en Roumanie, tu as maintenant la possibilit\u00e9 d&rsquo;explorer les myst\u00e8res des puzzles de 1000 pi\u00e8ces.<\/span><\/p>\n<p><span style=\"font-weight: 400;\">Le puzzle de 1000 pi\u00e8ces de Robert Delaunay &#8211; Rythme est l&rsquo;une des images qui mettront \u00e0 l&rsquo;\u00e9preuve tes comp\u00e9tences de recherche d&rsquo;indices et d&rsquo;assemblage dans les jeux de puzzle pour adultes. Le tableau s&rsquo;inspire des formes rondes qui ont marqu\u00e9 l&rsquo;\u00e9tude de l&rsquo;harmonie en peinture de Robert Delaunay.<\/span><\/p>\n<p><span style=\"font-weight: 400;\">La peinture r\u00e9it\u00e8re l&rsquo;int\u00e9r\u00eat profond de l&rsquo;artiste pour les formes g\u00e9om\u00e9triques compl\u00e8tement abstraites. Ils ont leur propre architecture et une structure interne solide. Pour Delay, la couleur est \u00e0 la fois forme et sujet <\/span><\/p>\n<p><span style=\"font-weight: 400;\">D\u00e9couvre par toi-m\u00eame le pouvoir constructif de la couleur avec ce superbe puzzle de 1000 pi\u00e8ces. Une image vibrante qui mettra au d\u00e9fi ton attention aux d\u00e9tails et ta pers\u00e9v\u00e9rance. Utilise une table basse standard pour assembler et soutenir les pi\u00e8ces. L&rsquo;image reconstruite mesure 50 x 70 cm.<\/span><\/p>\n<p><span style=\"font-weight: 400;\">Pour en savoir plus sur Robert Delaunay &#8211; Rythme puzzle 1000 pi\u00e8ces, clique ici :<\/span><\/p>\n<p><strong>Mat\u00e9riau du puzzle <\/strong><\/p>\n<p><strong>carton bleu de haute qualit\u00e9<\/strong><\/p>\n<p><strong>des mat\u00e9riaux durables et recyclables<\/strong><\/p>\n<p><strong>finition semi-brillante, couleurs vives<\/strong><\/p>\n<p><strong>Nombre de pi\u00e8ces de puzzle : 1000<\/strong><\/p>\n<p><strong>\u00c2ge recommand\u00e9 : 14+<\/strong><\/p>\n<p><strong>Pourquoi le puzzle artistique Robert Delaunay &#8211; Rythme est-il si sp\u00e9cial ?<\/strong><\/p>\n<p><span style=\"font-weight: 400;\">Tu as l&rsquo;occasion unique de cr\u00e9er de tes propres mains une peinture sp\u00e9ciale pour embellir ta maison.<\/span><\/p>\n<p><span style=\"font-weight: 400;\">Tu d\u00e9veloppes ton sens de la couleur.<\/span><\/p>\n<p><span style=\"font-weight: 400;\">C&rsquo;est un excellent moyen de se d\u00e9tendre et de s&rsquo;\u00e9loigner de l&rsquo;agitation de la vie quotidienne.<\/span><\/p>\n<p><span style=\"font-weight: 400;\">Tu d\u00e9veloppes ta pers\u00e9v\u00e9rance et deviens plus patient.<\/span><\/p>\n<p><span style=\"font-weight: 400;\">Tu apprends \u00e0 ne pas abandonner, m\u00eame lorsqu&rsquo;il semble n&rsquo;y avoir aucune solution au probl\u00e8me.<\/span><\/p>\n<p><span style=\"font-weight: 400;\">Tu d\u00e9veloppes une pens\u00e9e logique en associant des pi\u00e8ces similaires.<\/span><\/p>\n<p><strong>Ce que tu ne savais pas sur Robert Delaunay<\/strong><\/p>\n<p><span style=\"font-weight: 400;\">Il est issu d&rsquo;une riche famille d&rsquo;aristocrates fran\u00e7ais. Sa m\u00e8re \u00e9tait une comtesse.<\/span><\/p>\n<p><span style=\"font-weight: 400;\">Il n&rsquo;a pas eu d&rsquo;\u00e9ducation artistique formelle.<\/span><\/p>\n<p><span style=\"font-weight: 400;\">Il \u00e9tait mari\u00e9 \u00e0 une peintre d&rsquo;origine russe.<\/span><\/p>\n<p><span style=\"font-weight: 400;\">Il \u00e9tait un contemporain de Picasso et de Matisse.<\/span><\/p>\n<p><span style=\"font-weight: 400;\">Son art tourne autour de la couleur pure.<\/span><\/p>\n<p><span style=\"font-weight: 400;\">Ses peintures expriment le dynamisme du 20e si\u00e8cle et la conviction que la couleur transcende l&rsquo;art plus que l&rsquo;objet central de la peinture.<\/span><\/p>\n<p><strong>Puzzle d&rsquo;art Robert Delaunay &#8211; Rythme<\/strong> <strong>te fait d\u00e9couvrir un monde exquis<\/strong><\/p>\n<p><span style=\"font-weight: 400;\">Recr\u00e9er un tableau c\u00e9l\u00e8bre \u00e0 partir d&rsquo;un puzzle de 1000 pi\u00e8ces est une exp\u00e9rience unique qui t&#8217;emm\u00e8ne dans une autre dimension. Un monde plein de charme et de couleurs vives qui cr\u00e9ent une humeur positive s&rsquo;ouvre devant toi. Fais l&rsquo;exp\u00e9rience de cette activit\u00e9 relaxante qui peut \u00eatre ta bouch\u00e9e d&rsquo;oxyg\u00e8ne quotidienne.<\/span><\/p>\n<p><span style=\"font-weight: 400;\">Entra\u00eene tes enfants dans ce merveilleux jeu et cr\u00e9e un lien plus \u00e9troit de connaissance et d&rsquo;amiti\u00e9. Passez des moments amusants et relaxants ensemble et cr\u00e9ez des souvenirs inoubliables <\/span><\/p>\n<p><span style=\"font-weight: 400;\">Ach\u00e8te le puzzle de 1000 pi\u00e8ces Robert Delaunay &#8211; Rythme, recr\u00e9e l&rsquo;image color\u00e9e et affiche le tableau sur l&rsquo;un des murs de ta maison. Tu donneras un air raffin\u00e9 et \u00e9l\u00e9gant \u00e0 ta maison et tu profiteras chaque jour d&rsquo;un tableau puzzle unique de 1000 pi\u00e8ces.<\/span><\/p>\n","protected":false},"excerpt":{"rendered":"<p>Tu veux \u00eatre un vrai d\u00e9tective \u00e0 la recherche d&rsquo;indices qui m\u00e8nent \u00e0 la r\u00e9solution d&rsquo;un jeu d&rsquo;\u00e9nigmes ? Avec<\/p>\n","protected":false},"featured_media":64291,"template":"","meta":[],"product_brand":[],"product_cat":[2314,2316,2315],"product_tag":[],"class_list":{"0":"post-51641","1":"product","2":"type-product","3":"status-publish","4":"has-post-thumbnail","6":"product_cat-puzzles-fr","7":"product_cat-puzzles-de-1000-pieces","8":"product_cat-puzzles-pour-adultes","9":"pa_brand-deico-fr","10":"pa_country_of_manufacture-ro-fr","11":"pa_filter_age-14-fr","12":"pa_tip_ambalaj-boite","13":"pa_tip_puzzle-classique","15":"first","16":"instock","17":"taxable","18":"shipping-taxable","19":"product-type-simple"},"yoast_head":"<!-- This site is optimized with the Yoast SEO plugin v20.1 - https:\/\/yoast.com\/wordpress\/plugins\/seo\/ -->\n<title>Puzzle Robert Delaunay adulte 1000 pi\u00e8ces - Rythme<\/title>\n<meta name=\"description\" content=\"Puzzle Robert Delaunay adulte 1000 pi\u00e8ces - Rythme\" \/>\n<meta name=\"robots\" content=\"index, follow, max-snippet:-1, max-image-preview:large, max-video-preview:-1\" \/>\n<link rel=\"canonical\" href=\"https:\/\/business.roovi.com\/fr\/puzzle-robert-delaunay-adulte-1000-pieces-rythme\/p\/\" \/>\n<meta property=\"og:locale\" content=\"fr_FR\" \/>\n<meta property=\"og:type\" content=\"article\" \/>\n<meta property=\"og:title\" content=\"Puzzle Robert Delaunay adulte 1000 pi\u00e8ces - Rythme\" \/>\n<meta property=\"og:description\" content=\"Puzzle Robert Delaunay adulte 1000 pi\u00e8ces - Rythme\" \/>\n<meta property=\"og:url\" content=\"https:\/\/business.roovi.com\/fr\/puzzle-robert-delaunay-adulte-1000-pieces-rythme\/p\/\" \/>\n<meta property=\"og:site_name\" content=\"Roovi B2B\" \/>\n<meta property=\"article:publisher\" content=\"https:\/\/www.facebook.com\/wwwjucariero\" \/>\n<meta property=\"article:modified_time\" content=\"2023-02-28T07:31:53+00:00\" \/>\n<meta property=\"og:image\" content=\"https:\/\/business.roovi.com\/wp-content\/uploads\/2021\/03\/77547-WEB.jpg\" \/>\n\t<meta property=\"og:image:width\" content=\"1200\" \/>\n\t<meta property=\"og:image:height\" content=\"1200\" \/>\n\t<meta property=\"og:image:type\" content=\"image\/jpeg\" \/>\n<meta name=\"twitter:label1\" content=\"Dur\u00e9e de lecture estim\u00e9e\" \/>\n\t<meta name=\"twitter:data1\" content=\"3 minutes\" \/>\n<script type=\"application\/ld+json\" class=\"yoast-schema-graph\">{\"@context\":\"https:\/\/schema.org\",\"@graph\":[{\"@type\":\"WebPage\",\"@id\":\"https:\/\/business.roovi.com\/fr\/puzzle-robert-delaunay-adulte-1000-pieces-rythme\/p\/\",\"url\":\"https:\/\/business.roovi.com\/fr\/puzzle-robert-delaunay-adulte-1000-pieces-rythme\/p\/\",\"name\":\"Puzzle Robert Delaunay adulte 1000 pi\u00e8ces - Rythme\",\"isPartOf\":{\"@id\":\"https:\/\/business.roovi.com\/fr\/#website\"},\"datePublished\":\"2021-03-05T10:18:51+00:00\",\"dateModified\":\"2023-02-28T07:31:53+00:00\",\"description\":\"Puzzle Robert Delaunay adulte 1000 pi\u00e8ces - Rythme\",\"breadcrumb\":{\"@id\":\"https:\/\/business.roovi.com\/fr\/puzzle-robert-delaunay-adulte-1000-pieces-rythme\/p\/#breadcrumb\"},\"inLanguage\":\"fr-FR\",\"potentialAction\":[{\"@type\":\"ReadAction\",\"target\":[\"https:\/\/business.roovi.com\/fr\/puzzle-robert-delaunay-adulte-1000-pieces-rythme\/p\/\"]}]},{\"@type\":\"BreadcrumbList\",\"@id\":\"https:\/\/business.roovi.com\/fr\/puzzle-robert-delaunay-adulte-1000-pieces-rythme\/p\/#breadcrumb\",\"itemListElement\":[{\"@type\":\"ListItem\",\"position\":1,\"name\":\"Home\",\"item\":\"https:\/\/business.roovi.com\/fr\/\"},{\"@type\":\"ListItem\",\"position\":2,\"name\":\"Boutique\",\"item\":\"https:\/\/business.roovi.com\/fr\/boutique\/\"},{\"@type\":\"ListItem\",\"position\":3,\"name\":\"Puzzle Robert Delaunay adulte 1000 pi\u00e8ces &#8211; Rythme\"}]},{\"@type\":\"WebSite\",\"@id\":\"https:\/\/business.roovi.com\/fr\/#website\",\"url\":\"https:\/\/business.roovi.com\/fr\/\",\"name\":\"Roovi B2B\",\"description\":\"Roovi Business Website\",\"potentialAction\":[{\"@type\":\"SearchAction\",\"target\":{\"@type\":\"EntryPoint\",\"urlTemplate\":\"https:\/\/business.roovi.com\/fr\/?s={search_term_string}\"},\"query-input\":\"required name=search_term_string\"}],\"inLanguage\":\"fr-FR\"}]}<\/script>\n<!-- \/ Yoast SEO plugin. -->","yoast_head_json":{"title":"Puzzle Robert Delaunay adulte 1000 pi\u00e8ces - Rythme","description":"Puzzle Robert Delaunay adulte 1000 pi\u00e8ces - Rythme","robots":{"index":"index","follow":"follow","max-snippet":"max-snippet:-1","max-image-preview":"max-image-preview:large","max-video-preview":"max-video-preview:-1"},"canonical":"https:\/\/business.roovi.com\/fr\/puzzle-robert-delaunay-adulte-1000-pieces-rythme\/p\/","og_locale":"fr_FR","og_type":"article","og_title":"Puzzle Robert Delaunay adulte 1000 pi\u00e8ces - Rythme","og_description":"Puzzle Robert Delaunay adulte 1000 pi\u00e8ces - Rythme","og_url":"https:\/\/business.roovi.com\/fr\/puzzle-robert-delaunay-adulte-1000-pieces-rythme\/p\/","og_site_name":"Roovi B2B","article_publisher":"https:\/\/www.facebook.com\/wwwjucariero","article_modified_time":"2023-02-28T07:31:53+00:00","og_image":[{"width":1200,"height":1200,"url":"https:\/\/business.roovi.com\/wp-content\/uploads\/2021\/03\/77547-WEB.jpg","type":"image\/jpeg"}],"twitter_misc":{"Dur\u00e9e de lecture estim\u00e9e":"3 minutes"},"schema":{"@context":"https:\/\/schema.org","@graph":[{"@type":"WebPage","@id":"https:\/\/business.roovi.com\/fr\/puzzle-robert-delaunay-adulte-1000-pieces-rythme\/p\/","url":"https:\/\/business.roovi.com\/fr\/puzzle-robert-delaunay-adulte-1000-pieces-rythme\/p\/","name":"Puzzle Robert Delaunay adulte 1000 pi\u00e8ces - Rythme","isPartOf":{"@id":"https:\/\/business.roovi.com\/fr\/#website"},"datePublished":"2021-03-05T10:18:51+00:00","dateModified":"2023-02-28T07:31:53+00:00","description":"Puzzle Robert Delaunay adulte 1000 pi\u00e8ces - Rythme","breadcrumb":{"@id":"https:\/\/business.roovi.com\/fr\/puzzle-robert-delaunay-adulte-1000-pieces-rythme\/p\/#breadcrumb"},"inLanguage":"fr-FR","potentialAction":[{"@type":"ReadAction","target":["https:\/\/business.roovi.com\/fr\/puzzle-robert-delaunay-adulte-1000-pieces-rythme\/p\/"]}]},{"@type":"BreadcrumbList","@id":"https:\/\/business.roovi.com\/fr\/puzzle-robert-delaunay-adulte-1000-pieces-rythme\/p\/#breadcrumb","itemListElement":[{"@type":"ListItem","position":1,"name":"Home","item":"https:\/\/business.roovi.com\/fr\/"},{"@type":"ListItem","position":2,"name":"Boutique","item":"https:\/\/business.roovi.com\/fr\/boutique\/"},{"@type":"ListItem","position":3,"name":"Puzzle Robert Delaunay adulte 1000 pi\u00e8ces &#8211; Rythme"}]},{"@type":"WebSite","@id":"https:\/\/business.roovi.com\/fr\/#website","url":"https:\/\/business.roovi.com\/fr\/","name":"Roovi B2B","description":"Roovi Business Website","potentialAction":[{"@type":"SearchAction","target":{"@type":"EntryPoint","urlTemplate":"https:\/\/business.roovi.com\/fr\/?s={search_term_string}"},"query-input":"required name=search_term_string"}],"inLanguage":"fr-FR"}]}},"_links":{"self":[{"href":"https:\/\/business.roovi.com\/fr\/wp-json\/wp\/v2\/product\/51641","targetHints":{"allow":["GET"]}}],"collection":[{"href":"https:\/\/business.roovi.com\/fr\/wp-json\/wp\/v2\/product"}],"about":[{"href":"https:\/\/business.roovi.com\/fr\/wp-json\/wp\/v2\/types\/product"}],"version-history":[{"count":0,"href":"https:\/\/business.roovi.com\/fr\/wp-json\/wp\/v2\/product\/51641\/revisions"}],"wp:featuredmedia":[{"embeddable":true,"href":"https:\/\/business.roovi.com\/fr\/wp-json\/wp\/v2\/media\/64291"}],"wp:attachment":[{"href":"https:\/\/business.roovi.com\/fr\/wp-json\/wp\/v2\/media?parent=51641"}],"wp:term":[{"taxonomy":"product_brand","embeddable":true,"href":"https:\/\/business.roovi.com\/fr\/wp-json\/wp\/v2\/product_brand?post=51641"},{"taxonomy":"product_cat","embeddable":true,"href":"https:\/\/business.roovi.com\/fr\/wp-json\/wp\/v2\/product_cat?post=51641"},{"taxonomy":"product_tag","embeddable":true,"href":"https:\/\/business.roovi.com\/fr\/wp-json\/wp\/v2\/product_tag?post=51641"}],"curies":[{"name":"wp","href":"https:\/\/api.w.org\/{rel}","templated":true}]}}