{"id":51646,"date":"2021-03-05T10:15:27","date_gmt":"2021-03-05T10:15:27","guid":{"rendered":"https:\/\/business.roovi.com\/puzzle-adulti-1000-piese-vintage-map-british-empire-2\/p\/"},"modified":"2022-07-13T10:13:13","modified_gmt":"2022-07-13T10:13:13","slug":"carte-vintage-puzzle-adulte-1000-pieces-empire-britannique-2","status":"publish","type":"product","link":"https:\/\/business.roovi.com\/fr\/carte-vintage-puzzle-adulte-1000-pieces-empire-britannique-2\/p\/","title":{"rendered":"Carte vintage Puzzle adulte 1000 pi\u00e8ces &#8211; Empire britannique"},"content":{"rendered":"<p><span style=\"font-weight: 400;\">Tu es \u00e0 la fois un passionn\u00e9 de puzzles et un amateur d&rsquo;art vintage ? Le puzzle 1000 pi\u00e8ces de Vintage Map &#8211; British Empire est un d\u00e9fi auquel tu dois vraiment dire OUI ! <\/span><\/p>\n<p><span style=\"font-weight: 400;\">Au d\u00e9but du XIXe si\u00e8cle, l&rsquo;Empire britannique d\u00e9tenait 20 % de la surface du globe. Le Puzzle Carte Vintage de 1000 pi\u00e8ces repr\u00e9sente la carte du magnifique empire. La carte montre des informations sur la zone g\u00e9ographique, la population et le commerce des zones domin\u00e9es.<\/span><\/p>\n<p><span style=\"font-weight: 400;\">Le puzzle Carte d&rsquo;\u00e9poque &#8211; Empire britannique de 1000 pi\u00e8ces est une reproduction \u00e9tonnante de la carte qui a \u00e9t\u00e9 minutieusement cr\u00e9\u00e9e, avec des d\u00e9tails impressionnants et un design qui met en valeur les r\u00e9alisations extraordinaires de l&rsquo;Empire britannique au XIXe si\u00e8cle.<\/span><\/p>\n<p><span style=\"font-weight: 400;\">Recr\u00e9er cette image vintage est un exercice de patience et d&rsquo;imagination. Le puzzle 1000 pi\u00e8ces de Vintage Map &#8211; British Empire te fait remonter le temps et te r\u00e9v\u00e8le l&rsquo;histoire de l&rsquo;un des plus grands empires du monde.<\/span><\/p>\n<p><span style=\"font-weight: 400;\">Nous t&rsquo;invitons donc \u00e0 montrer tes comp\u00e9tences en mati\u00e8re de puzzle et \u00e0 partir \u00e0 l&rsquo;aventure imaginaire en explorant le monde avec cet incroyable jeu de puzzle.<\/span><\/p>\n<p><span style=\"font-weight: 400;\">Comprend une carte vintage de 1000 pi\u00e8ces &#8211; puzzle de l&rsquo;Empire britannique :<\/span><\/p>\n<p><strong>Taille de l&rsquo;image reconstitu\u00e9e : 50 x 70 cm.<\/strong><\/p>\n<p><strong>Mat\u00e9riau du puzzle <\/strong><\/p>\n<p><strong>carton bleu de haute qualit\u00e9<\/strong><\/p>\n<p><strong>des mat\u00e9riaux durables et recyclables<\/strong><\/p>\n<p><strong>finition semi-brillante, couleurs vives<\/strong><\/p>\n<p><strong>Nombre de pi\u00e8ces de puzzle : 1000<\/strong><\/p>\n<p><strong>\u00c2ge recommand\u00e9 : 14+<\/strong><\/p>\n<p><span style=\"font-weight: 400;\">Les jeux de puzzle sont un excellent stimulus pour la m\u00e9moire \u00e0 court terme, la capacit\u00e9 d&rsquo;attention et le sens du d\u00e9tail. De plus, ils t&rsquo;aident \u00e0 d\u00e9velopper des comp\u00e9tences telles que :<\/span><\/p>\n<ul>\n<li><span style=\"font-weight: 400;\">Motricit\u00e9 fine<\/span><\/li>\n<li><span style=\"font-weight: 400;\">Coordination main-\u0153il<\/span><\/li>\n<li><span style=\"font-weight: 400;\">Pens\u00e9e logique<\/span><\/li>\n<li><span style=\"font-weight: 400;\">Comp\u00e9tences en mati\u00e8re de r\u00e9solution de probl\u00e8mes.<\/span><\/li>\n<\/ul>\n<p><strong>Pourquoi le puzzle de 1000 pi\u00e8ces est si sp\u00e9cial : Vintage Map &#8211; British Empire ?<\/strong><\/p>\n<p><span style=\"font-weight: 400;\">C&rsquo;est une bonne occasion de se d\u00e9tendre et de se relaxer.<\/span><\/p>\n<p><span style=\"font-weight: 400;\">Elle te fait sortir de ta routine quotidienne et de ta zone de confort, te donnant plut\u00f4t un sentiment de bien-\u00eatre <\/span><\/p>\n<p><span style=\"font-weight: 400;\">Tu as l&rsquo;occasion de cr\u00e9er un superbe tableau que tu peux exposer dans ton bureau ou \u00e0 tout autre endroit que tu veux personnaliser de mani\u00e8re unique.<\/span><\/p>\n<p><span style=\"font-weight: 400;\">Cela te donne le sentiment d&rsquo;\u00eatre un v\u00e9ritable explorateur qui, avec chaque bonne pi\u00e8ce, se rapproche un peu plus de la d\u00e9couverte d&rsquo;un nouveau royaume.<\/span><\/p>\n<p><span style=\"font-weight: 400;\">Cela peut \u00eatre l&rsquo;occasion de faire d\u00e9couvrir le monde de l&rsquo;art aux adolescents.<\/span><\/p>\n<p><span style=\"font-weight: 400;\">C&rsquo;est une belle excuse pour socialiser et profiter de tes amis.<\/span><\/p>\n<p><strong>Tu savais que&#8230; ?<\/strong><\/p>\n<p><span style=\"font-weight: 400;\">Au 19\u00e8me si\u00e8cle, l&rsquo;Empire britannique est devenu le plus grand de l&rsquo;histoire.<\/span><\/p>\n<p><span style=\"font-weight: 400;\">La carte de 1886 a marqu\u00e9 le jubil\u00e9 de la reine Victoria et l&rsquo;expansion de l&#8217;empire.<\/span><\/p>\n<p><span style=\"font-weight: 400;\">Les bordures des cartes repr\u00e9sentent des personnages v\u00eatus de la tenue traditionnelle des r\u00e9gions colonis\u00e9es.<\/span><\/p>\n<p><span style=\"font-weight: 400;\">De nombreux pays peuvent \u00eatre identifi\u00e9s dans la vari\u00e9t\u00e9 d&rsquo;animaux et de personnages costum\u00e9s. Par exemple, l&rsquo;Inde est repr\u00e9sent\u00e9e par un \u00e9l\u00e9phant et un tigre, et l&rsquo;Australie par un kangourou et un mouton.<\/span><\/p>\n<p><span style=\"font-weight: 400;\">Les mots en haut, \u00ab\u00a0Libert\u00e9, Fraternit\u00e9, F\u00e9d\u00e9ration\u00a0\u00bb ont \u00e9t\u00e9 interpr\u00e9t\u00e9s comme une coexistence pacifique au sein de l&#8217;empire.<\/span><\/p>\n<p><strong>Puzzle 1000 pi\u00e8ces avec carte vintage &#8211; Empire britannique &#8211; une pause dans la vie num\u00e9rique<\/strong><\/p>\n<p><span style=\"font-weight: 400;\">Rester assis devant des \u00e9crans pendant de nombreuses heures fatigue les yeux et l&rsquo;esprit. Fais une pause dans ta vie num\u00e9rique avec le puzzle de 1000 pi\u00e8ces &#8211; Carte de l&rsquo;Empire britannique. Tes yeux te remercieront d&rsquo;\u00eatre rest\u00e9s loin de la lumi\u00e8re bleue pendant des heures, et ton esprit se d\u00e9tendra et se d\u00e9tachera des milliers d&rsquo;informations qui l&rsquo;encombrent constamment.<\/span><\/p>\n<p><span style=\"font-weight: 400;\">Pour rendre le plaisir plus excitant, fais aussi participer les enfants au jeu de puzzle. Combien de temps a dur\u00e9 l&rsquo;Empire britannique ? Quelle a \u00e9t\u00e9 la derni\u00e8re grande r\u00e9gion colonis\u00e9e ? Et il y a beaucoup plus d&rsquo;informations que tu peux pr\u00e9senter pendant le jeu de puzzle pour le rendre plus interactif, pour que le puzzle de 1000 pi\u00e8ces devienne une activit\u00e9 amusante et \u00e9ducative.<\/span><\/p>\n<p><span style=\"font-weight: 400;\">La carte vintage &#8211; Empire britannique puzzle de 1000 pi\u00e8ces t&rsquo;offre un plaisir cr\u00e9atif et un amusement relaxant. Choisis ce jeu de puzzle magnifiquement con\u00e7u et profite de tous ses avantages. De plus, la carte vintage &#8211; puzzle adulte de l&rsquo;Empire britannique peut \u00eatre un excellent cadeau \u00e0 offrir \u00e0 l&rsquo;occasion d&rsquo;un anniversaire ou de vacances.<\/span><\/p><\/p>\n","protected":false},"excerpt":{"rendered":"<p>Tu es \u00e0 la fois un passionn\u00e9 de puzzles et un amateur d&rsquo;art vintage ? Le puzzle 1000 pi\u00e8ces de<\/p>\n","protected":false},"featured_media":51647,"template":"","meta":[],"product_brand":[],"product_cat":[2314,2316,2315],"product_tag":[],"class_list":{"0":"post-51646","1":"product","2":"type-product","3":"status-publish","4":"has-post-thumbnail","6":"product_cat-puzzles-fr","7":"product_cat-puzzles-de-1000-pieces","8":"product_cat-puzzles-pour-adultes","9":"pa_brand-deico-fr","10":"pa_country_of_manufacture-ro-fr","11":"pa_filter_age-14-fr","12":"pa_painter-cartooncollection-fr","13":"pa_tip_ambalaj-boite","14":"pa_tip_puzzle-classique","16":"first","17":"instock","18":"taxable","19":"shipping-taxable","20":"product-type-simple"},"yoast_head":"<!-- This site is optimized with the Yoast SEO plugin v20.1 - https:\/\/yoast.com\/wordpress\/plugins\/seo\/ -->\n<title>Carte vintage Puzzle adulte 1000 pi\u00e8ces - Empire britannique<\/title>\n<meta name=\"description\" content=\"Carte vintage Puzzle adulte 1000 pi\u00e8ces - Empire britannique\" \/>\n<meta name=\"robots\" content=\"index, follow, max-snippet:-1, max-image-preview:large, max-video-preview:-1\" \/>\n<link rel=\"canonical\" href=\"https:\/\/business.roovi.com\/fr\/carte-vintage-puzzle-adulte-1000-pieces-empire-britannique-2\/p\/\" \/>\n<meta property=\"og:locale\" content=\"fr_FR\" \/>\n<meta property=\"og:type\" content=\"article\" \/>\n<meta property=\"og:title\" content=\"Carte vintage Puzzle adulte 1000 pi\u00e8ces - Empire britannique\" \/>\n<meta property=\"og:description\" content=\"Carte vintage Puzzle adulte 1000 pi\u00e8ces - Empire britannique\" \/>\n<meta property=\"og:url\" content=\"https:\/\/business.roovi.com\/fr\/carte-vintage-puzzle-adulte-1000-pieces-empire-britannique-2\/p\/\" \/>\n<meta property=\"og:site_name\" content=\"Roovi B2B\" \/>\n<meta property=\"article:publisher\" content=\"https:\/\/www.facebook.com\/wwwjucariero\" \/>\n<meta property=\"article:modified_time\" content=\"2022-07-13T10:13:13+00:00\" \/>\n<meta property=\"og:image\" content=\"https:\/\/business.roovi.com\/wp-content\/uploads\/2021\/03\/puzzle_1000_deico_games_vintage_map-77561.jpg\" \/>\n\t<meta property=\"og:image:width\" content=\"1000\" \/>\n\t<meta property=\"og:image:height\" content=\"1000\" \/>\n\t<meta property=\"og:image:type\" content=\"image\/jpeg\" \/>\n<meta name=\"twitter:label1\" content=\"Dur\u00e9e de lecture estim\u00e9e\" \/>\n\t<meta name=\"twitter:data1\" content=\"4 minutes\" \/>\n<script type=\"application\/ld+json\" class=\"yoast-schema-graph\">{\"@context\":\"https:\/\/schema.org\",\"@graph\":[{\"@type\":\"WebPage\",\"@id\":\"https:\/\/business.roovi.com\/fr\/carte-vintage-puzzle-adulte-1000-pieces-empire-britannique-2\/p\/\",\"url\":\"https:\/\/business.roovi.com\/fr\/carte-vintage-puzzle-adulte-1000-pieces-empire-britannique-2\/p\/\",\"name\":\"Carte vintage Puzzle adulte 1000 pi\u00e8ces - Empire britannique\",\"isPartOf\":{\"@id\":\"https:\/\/business.roovi.com\/fr\/#website\"},\"datePublished\":\"2021-03-05T10:15:27+00:00\",\"dateModified\":\"2022-07-13T10:13:13+00:00\",\"description\":\"Carte vintage Puzzle adulte 1000 pi\u00e8ces - Empire britannique\",\"breadcrumb\":{\"@id\":\"https:\/\/business.roovi.com\/fr\/carte-vintage-puzzle-adulte-1000-pieces-empire-britannique-2\/p\/#breadcrumb\"},\"inLanguage\":\"fr-FR\",\"potentialAction\":[{\"@type\":\"ReadAction\",\"target\":[\"https:\/\/business.roovi.com\/fr\/carte-vintage-puzzle-adulte-1000-pieces-empire-britannique-2\/p\/\"]}]},{\"@type\":\"BreadcrumbList\",\"@id\":\"https:\/\/business.roovi.com\/fr\/carte-vintage-puzzle-adulte-1000-pieces-empire-britannique-2\/p\/#breadcrumb\",\"itemListElement\":[{\"@type\":\"ListItem\",\"position\":1,\"name\":\"Home\",\"item\":\"https:\/\/business.roovi.com\/fr\/\"},{\"@type\":\"ListItem\",\"position\":2,\"name\":\"Boutique\",\"item\":\"https:\/\/business.roovi.com\/fr\/boutique\/\"},{\"@type\":\"ListItem\",\"position\":3,\"name\":\"Carte vintage Puzzle adulte 1000 pi\u00e8ces &#8211; Empire britannique\"}]},{\"@type\":\"WebSite\",\"@id\":\"https:\/\/business.roovi.com\/fr\/#website\",\"url\":\"https:\/\/business.roovi.com\/fr\/\",\"name\":\"Roovi B2B\",\"description\":\"Roovi Business Website\",\"potentialAction\":[{\"@type\":\"SearchAction\",\"target\":{\"@type\":\"EntryPoint\",\"urlTemplate\":\"https:\/\/business.roovi.com\/fr\/?s={search_term_string}\"},\"query-input\":\"required name=search_term_string\"}],\"inLanguage\":\"fr-FR\"}]}<\/script>\n<!-- \/ Yoast SEO plugin. -->","yoast_head_json":{"title":"Carte vintage Puzzle adulte 1000 pi\u00e8ces - Empire britannique","description":"Carte vintage Puzzle adulte 1000 pi\u00e8ces - Empire britannique","robots":{"index":"index","follow":"follow","max-snippet":"max-snippet:-1","max-image-preview":"max-image-preview:large","max-video-preview":"max-video-preview:-1"},"canonical":"https:\/\/business.roovi.com\/fr\/carte-vintage-puzzle-adulte-1000-pieces-empire-britannique-2\/p\/","og_locale":"fr_FR","og_type":"article","og_title":"Carte vintage Puzzle adulte 1000 pi\u00e8ces - Empire britannique","og_description":"Carte vintage Puzzle adulte 1000 pi\u00e8ces - Empire britannique","og_url":"https:\/\/business.roovi.com\/fr\/carte-vintage-puzzle-adulte-1000-pieces-empire-britannique-2\/p\/","og_site_name":"Roovi B2B","article_publisher":"https:\/\/www.facebook.com\/wwwjucariero","article_modified_time":"2022-07-13T10:13:13+00:00","og_image":[{"width":1000,"height":1000,"url":"https:\/\/business.roovi.com\/wp-content\/uploads\/2021\/03\/puzzle_1000_deico_games_vintage_map-77561.jpg","type":"image\/jpeg"}],"twitter_misc":{"Dur\u00e9e de lecture estim\u00e9e":"4 minutes"},"schema":{"@context":"https:\/\/schema.org","@graph":[{"@type":"WebPage","@id":"https:\/\/business.roovi.com\/fr\/carte-vintage-puzzle-adulte-1000-pieces-empire-britannique-2\/p\/","url":"https:\/\/business.roovi.com\/fr\/carte-vintage-puzzle-adulte-1000-pieces-empire-britannique-2\/p\/","name":"Carte vintage Puzzle adulte 1000 pi\u00e8ces - Empire britannique","isPartOf":{"@id":"https:\/\/business.roovi.com\/fr\/#website"},"datePublished":"2021-03-05T10:15:27+00:00","dateModified":"2022-07-13T10:13:13+00:00","description":"Carte vintage Puzzle adulte 1000 pi\u00e8ces - Empire britannique","breadcrumb":{"@id":"https:\/\/business.roovi.com\/fr\/carte-vintage-puzzle-adulte-1000-pieces-empire-britannique-2\/p\/#breadcrumb"},"inLanguage":"fr-FR","potentialAction":[{"@type":"ReadAction","target":["https:\/\/business.roovi.com\/fr\/carte-vintage-puzzle-adulte-1000-pieces-empire-britannique-2\/p\/"]}]},{"@type":"BreadcrumbList","@id":"https:\/\/business.roovi.com\/fr\/carte-vintage-puzzle-adulte-1000-pieces-empire-britannique-2\/p\/#breadcrumb","itemListElement":[{"@type":"ListItem","position":1,"name":"Home","item":"https:\/\/business.roovi.com\/fr\/"},{"@type":"ListItem","position":2,"name":"Boutique","item":"https:\/\/business.roovi.com\/fr\/boutique\/"},{"@type":"ListItem","position":3,"name":"Carte vintage Puzzle adulte 1000 pi\u00e8ces &#8211; Empire britannique"}]},{"@type":"WebSite","@id":"https:\/\/business.roovi.com\/fr\/#website","url":"https:\/\/business.roovi.com\/fr\/","name":"Roovi B2B","description":"Roovi Business Website","potentialAction":[{"@type":"SearchAction","target":{"@type":"EntryPoint","urlTemplate":"https:\/\/business.roovi.com\/fr\/?s={search_term_string}"},"query-input":"required name=search_term_string"}],"inLanguage":"fr-FR"}]}},"_links":{"self":[{"href":"https:\/\/business.roovi.com\/fr\/wp-json\/wp\/v2\/product\/51646","targetHints":{"allow":["GET"]}}],"collection":[{"href":"https:\/\/business.roovi.com\/fr\/wp-json\/wp\/v2\/product"}],"about":[{"href":"https:\/\/business.roovi.com\/fr\/wp-json\/wp\/v2\/types\/product"}],"version-history":[{"count":0,"href":"https:\/\/business.roovi.com\/fr\/wp-json\/wp\/v2\/product\/51646\/revisions"}],"wp:featuredmedia":[{"embeddable":true,"href":"https:\/\/business.roovi.com\/fr\/wp-json\/wp\/v2\/media\/51647"}],"wp:attachment":[{"href":"https:\/\/business.roovi.com\/fr\/wp-json\/wp\/v2\/media?parent=51646"}],"wp:term":[{"taxonomy":"product_brand","embeddable":true,"href":"https:\/\/business.roovi.com\/fr\/wp-json\/wp\/v2\/product_brand?post=51646"},{"taxonomy":"product_cat","embeddable":true,"href":"https:\/\/business.roovi.com\/fr\/wp-json\/wp\/v2\/product_cat?post=51646"},{"taxonomy":"product_tag","embeddable":true,"href":"https:\/\/business.roovi.com\/fr\/wp-json\/wp\/v2\/product_tag?post=51646"}],"curies":[{"name":"wp","href":"https:\/\/api.w.org\/{rel}","templated":true}]}}