{"id":51650,"date":"2021-03-05T10:04:53","date_gmt":"2021-03-05T10:04:53","guid":{"rendered":"https:\/\/business.roovi.com\/puzzle-adulti-1000-piese-groos-zselyke-frida-kahlo\/p\/"},"modified":"2022-10-18T08:46:08","modified_gmt":"2022-10-18T08:46:08","slug":"groos-zselyke-puzzle-adulte-1000-pieces-frida-kahlo","status":"publish","type":"product","link":"https:\/\/business.roovi.com\/fr\/groos-zselyke-puzzle-adulte-1000-pieces-frida-kahlo\/p\/","title":{"rendered":"Groos Zselyke puzzle adulte 1000 pi\u00e8ces &#8211; Frida Kahlo"},"content":{"rendered":"<p><span style=\"font-weight: 400;\">As-tu d\u00e9j\u00e0 imagin\u00e9 ce qui a inspir\u00e9 les grands artistes du monde \u00e0 cr\u00e9er des chefs-d&rsquo;\u0153uvre immortels ? Si tu aimes l&rsquo;art ou si tu veux simplement un d\u00e9fi pour montrer tes talents d&rsquo;assembleur de puzzles, nous avons une superbe recommandation pour toi : le puzzle de 1000 pi\u00e8ces Groos Zselyke &#8211; Frida Kahlo.<\/span><\/p>\n<p><span style=\"font-weight: 400;\">D\u00e9couvre le portrait du c\u00e9l\u00e8bre artiste \u00e0 l&rsquo;image de cet \u00e9tonnant puzzle pour adultes dans une interpr\u00e9tation originale d&rsquo;un artiste contemporain <\/span><\/p>\n<p><span style=\"font-weight: 400;\">Ce puzzle d&rsquo;art rend dans des couleurs vibrantes l&rsquo;image de l&rsquo;une des figures f\u00e9minines les plus embl\u00e9matiques du 20e si\u00e8cle. Avec une histoire de vie aussi fascinante que son propre art, Frida Kahlo a peint ses blessures et ses handicaps tout au long de sa vie <\/span><\/p>\n<p><span style=\"font-weight: 400;\">\u00c0 18 ans, elle a subi un terrible accident qui allait marquer sa vie. Pour r\u00e9parer son corps mutil\u00e9, elle a subi 35 op\u00e9rations et a v\u00e9cu avec des douleurs chroniques toute sa vie.<\/span><\/p>\n<p><span style=\"font-weight: 400;\">Son style combine le surr\u00e9alisme avec les traditions indig\u00e8nes et son travail est consid\u00e9r\u00e9 comme repr\u00e9sentatif de la culture nationale mexicaine. Elle a peint de nombreux autoportraits car, selon elle, c&rsquo;est le sujet qu&rsquo;elle connaissait le mieux <\/span><\/p>\n<p><span style=\"font-weight: 400;\">Le puzzle de 1000 pi\u00e8ces Groos Zselyke &#8211; Frida Kahlo te donne l&rsquo;occasion de cr\u00e9er ton propre portrait de la c\u00e9l\u00e8bre artiste. Les couleurs vives de l&rsquo;image donneront une touche raffin\u00e9e \u00e0 ton puzzle de 1000 pi\u00e8ces.<\/span><\/p>\n<p><span style=\"font-weight: 400;\">Comprend le puzzle artistique Groos Zselyke &#8211; Frida Kahlo :<\/span><\/p>\n<p><strong>Mat\u00e9riau du puzzle <\/strong><\/p>\n<p><strong>carton bleu de haute qualit\u00e9<\/strong><\/p>\n<p><strong>des mat\u00e9riaux durables et recyclables<\/strong><\/p>\n<p><strong>finition semi-brillante, couleurs vives<\/strong><\/p>\n<p><strong>Nombre de pi\u00e8ces de puzzle : 1000<\/strong><\/p>\n<p><strong>\u00c2ge recommand\u00e9 : 14+<\/strong><\/p>\n<p><span style=\"font-weight: 400;\">Pourquoi choisir un puzzle artistique pour les moments ennuyeux ?<\/span><\/p>\n<ul>\n<li><span style=\"font-weight: 400;\">Il te donne le d\u00e9fi de fabriquer un objet d\u00e9coratif sp\u00e9cial.<\/span><\/li>\n<li><span style=\"font-weight: 400;\">Cela d\u00e9veloppe ton sens artistique.<\/span><\/li>\n<li><span style=\"font-weight: 400;\">Il ouvre tes connaissances sur les grandes \u0153uvres d&rsquo;art et les peintres c\u00e9l\u00e8bres.<\/span><\/li>\n<li><span style=\"font-weight: 400;\">Il t&rsquo;aide \u00e0 te concentrer sur les objectifs que tu as fix\u00e9s et \u00e0 les atteindre.<\/span><\/li>\n<li><span style=\"font-weight: 400;\">Cela d\u00e9veloppe ta pers\u00e9v\u00e9rance.<\/span><\/li>\n<li><span style=\"font-weight: 400;\">Il exerce ta capacit\u00e9 \u00e0 te concentrer.<\/span><\/li>\n<\/ul>\n<p><strong>Tu savais que&#8230; ?<\/strong><\/p>\n<p><span style=\"font-weight: 400;\">Frida Kahlo r\u00eavait de devenir m\u00e9decin <\/span><\/p>\n<p><span style=\"font-weight: 400;\">Elle a d\u00e9velopp\u00e9 sa passion pour l&rsquo;art en aidant son p\u00e8re dans son studio de photographie.<\/span><\/p>\n<p><span style=\"font-weight: 400;\">\u00c0 6 ans, elle est tomb\u00e9e malade de la polio, une maladie qui la laissait boiter et l&rsquo;isolait des autres enfants \u00e0 l&rsquo;\u00e9cole.<\/span><\/p>\n<p><span style=\"font-weight: 400;\">Elle a eu un mariage turbulent avec le c\u00e9l\u00e8bre peintre mexicain Diego Rivera. Le couple s&rsquo;appelait \u00ab\u00a0L&rsquo;\u00e9l\u00e9phant et la colombe\u00a0\u00bb.<\/span><\/p>\n<p><span style=\"font-weight: 400;\">Lors de sa premi\u00e8re et unique exposition solo, elle est arriv\u00e9e en ambulance. Elle \u00e9tait gravement malade, mais profitait de sa propre ouverture allong\u00e9e sur un lit install\u00e9 sp\u00e9cialement pour elle.<\/span><\/p>\n<p><span style=\"font-weight: 400;\">Elle est morte \u00e0 seulement 47 ans <\/span><\/p>\n<p><strong>Les puzzles artistiques t&rsquo;aident \u00e0 \u00eatre en paix avec toi-m\u00eame<\/strong><\/p>\n<p><span style=\"font-weight: 400;\">Toute activit\u00e9 qui te procure du plaisir a les effets d&rsquo;une s\u00e9ance de m\u00e9ditation. Les jeux de puzzle d&rsquo;assemblage ne font pas exception \u00e0 cette r\u00e8gle. Si tu veux atteindre l&rsquo;\u00e9quilibre int\u00e9rieur qui est si n\u00e9cessaire pour une vie \u00e9panouie, c\u00e8de \u00e0 ta passion pour assembler d&rsquo;incroyables images de puzzle artistique.<\/span><\/p>\n<p><span style=\"font-weight: 400;\">Frida Kahlo est un symbole de pers\u00e9v\u00e9rance et de courage de la femme forte qui a os\u00e9 suivre son r\u00eave. Si tu veux que son regard per\u00e7ant t&rsquo;inspire dans les moments difficiles, choisis ce puzzle Groos Zselyke &#8211; Frida Kahlo de 1000 pi\u00e8ces de notre collection de puzzles d&rsquo;art.<\/span><\/p>\n<p><span style=\"font-weight: 400;\">Tu cherches de l&rsquo;inspiration pour des cadeaux pour tes proches ? Ach\u00e8te le puzzle d&rsquo;art Frida Kahlo et apporte de la joie \u00e0 tes amis amateurs de puzzle.<\/span><\/p>\n","protected":false},"excerpt":{"rendered":"<p>As-tu d\u00e9j\u00e0 imagin\u00e9 ce qui a inspir\u00e9 les grands artistes du monde \u00e0 cr\u00e9er des chefs-d&rsquo;\u0153uvre immortels ? Si tu<\/p>\n","protected":false},"featured_media":51651,"template":"","meta":[],"product_brand":[],"product_cat":[2314,2316,2315],"product_tag":[],"class_list":{"0":"post-51650","1":"product","2":"type-product","3":"status-publish","4":"has-post-thumbnail","6":"product_cat-puzzles-fr","7":"product_cat-puzzles-de-1000-pieces","8":"product_cat-puzzles-pour-adultes","9":"pa_brand-d_toys-fr","10":"pa_country_of_manufacture-ro-fr","11":"pa_filter_age-14-fr","12":"pa_tip_ambalaj-boite","13":"pa_tip_puzzle-classique","15":"first","16":"instock","17":"taxable","18":"shipping-taxable","19":"product-type-simple"},"yoast_head":"<!-- This site is optimized with the Yoast SEO plugin v20.1 - https:\/\/yoast.com\/wordpress\/plugins\/seo\/ -->\n<title>Groos Zselyke puzzle adulte 1000 pi\u00e8ces - Frida Kahlo<\/title>\n<meta name=\"description\" content=\"Groos Zselyke puzzle adulte 1000 pi\u00e8ces - Frida Kahlo\" \/>\n<meta name=\"robots\" content=\"index, follow, max-snippet:-1, max-image-preview:large, max-video-preview:-1\" \/>\n<link rel=\"canonical\" href=\"https:\/\/business.roovi.com\/fr\/groos-zselyke-puzzle-adulte-1000-pieces-frida-kahlo\/p\/\" \/>\n<meta property=\"og:locale\" content=\"fr_FR\" \/>\n<meta property=\"og:type\" content=\"article\" \/>\n<meta property=\"og:title\" content=\"Groos Zselyke puzzle adulte 1000 pi\u00e8ces - Frida Kahlo\" \/>\n<meta property=\"og:description\" content=\"Groos Zselyke puzzle adulte 1000 pi\u00e8ces - Frida Kahlo\" \/>\n<meta property=\"og:url\" content=\"https:\/\/business.roovi.com\/fr\/groos-zselyke-puzzle-adulte-1000-pieces-frida-kahlo\/p\/\" \/>\n<meta property=\"og:site_name\" content=\"Roovi B2B\" \/>\n<meta property=\"article:publisher\" content=\"https:\/\/www.facebook.com\/wwwjucariero\" \/>\n<meta property=\"article:modified_time\" content=\"2022-10-18T08:46:08+00:00\" \/>\n<meta property=\"og:image\" content=\"https:\/\/business.roovi.com\/wp-content\/uploads\/2021\/03\/puzzle_1000_d-toys_frida_khalo-77592.jpg\" \/>\n\t<meta property=\"og:image:width\" content=\"1000\" \/>\n\t<meta property=\"og:image:height\" content=\"1000\" \/>\n\t<meta property=\"og:image:type\" content=\"image\/jpeg\" \/>\n<meta name=\"twitter:label1\" content=\"Dur\u00e9e de lecture estim\u00e9e\" \/>\n\t<meta name=\"twitter:data1\" content=\"3 minutes\" \/>\n<script type=\"application\/ld+json\" class=\"yoast-schema-graph\">{\"@context\":\"https:\/\/schema.org\",\"@graph\":[{\"@type\":\"WebPage\",\"@id\":\"https:\/\/business.roovi.com\/fr\/groos-zselyke-puzzle-adulte-1000-pieces-frida-kahlo\/p\/\",\"url\":\"https:\/\/business.roovi.com\/fr\/groos-zselyke-puzzle-adulte-1000-pieces-frida-kahlo\/p\/\",\"name\":\"Groos Zselyke puzzle adulte 1000 pi\u00e8ces - Frida Kahlo\",\"isPartOf\":{\"@id\":\"https:\/\/business.roovi.com\/fr\/#website\"},\"datePublished\":\"2021-03-05T10:04:53+00:00\",\"dateModified\":\"2022-10-18T08:46:08+00:00\",\"description\":\"Groos Zselyke puzzle adulte 1000 pi\u00e8ces - Frida Kahlo\",\"breadcrumb\":{\"@id\":\"https:\/\/business.roovi.com\/fr\/groos-zselyke-puzzle-adulte-1000-pieces-frida-kahlo\/p\/#breadcrumb\"},\"inLanguage\":\"fr-FR\",\"potentialAction\":[{\"@type\":\"ReadAction\",\"target\":[\"https:\/\/business.roovi.com\/fr\/groos-zselyke-puzzle-adulte-1000-pieces-frida-kahlo\/p\/\"]}]},{\"@type\":\"BreadcrumbList\",\"@id\":\"https:\/\/business.roovi.com\/fr\/groos-zselyke-puzzle-adulte-1000-pieces-frida-kahlo\/p\/#breadcrumb\",\"itemListElement\":[{\"@type\":\"ListItem\",\"position\":1,\"name\":\"Home\",\"item\":\"https:\/\/business.roovi.com\/fr\/\"},{\"@type\":\"ListItem\",\"position\":2,\"name\":\"Boutique\",\"item\":\"https:\/\/business.roovi.com\/fr\/boutique\/\"},{\"@type\":\"ListItem\",\"position\":3,\"name\":\"Groos Zselyke puzzle adulte 1000 pi\u00e8ces &#8211; Frida Kahlo\"}]},{\"@type\":\"WebSite\",\"@id\":\"https:\/\/business.roovi.com\/fr\/#website\",\"url\":\"https:\/\/business.roovi.com\/fr\/\",\"name\":\"Roovi B2B\",\"description\":\"Roovi Business Website\",\"potentialAction\":[{\"@type\":\"SearchAction\",\"target\":{\"@type\":\"EntryPoint\",\"urlTemplate\":\"https:\/\/business.roovi.com\/fr\/?s={search_term_string}\"},\"query-input\":\"required name=search_term_string\"}],\"inLanguage\":\"fr-FR\"}]}<\/script>\n<!-- \/ Yoast SEO plugin. -->","yoast_head_json":{"title":"Groos Zselyke puzzle adulte 1000 pi\u00e8ces - Frida Kahlo","description":"Groos Zselyke puzzle adulte 1000 pi\u00e8ces - Frida Kahlo","robots":{"index":"index","follow":"follow","max-snippet":"max-snippet:-1","max-image-preview":"max-image-preview:large","max-video-preview":"max-video-preview:-1"},"canonical":"https:\/\/business.roovi.com\/fr\/groos-zselyke-puzzle-adulte-1000-pieces-frida-kahlo\/p\/","og_locale":"fr_FR","og_type":"article","og_title":"Groos Zselyke puzzle adulte 1000 pi\u00e8ces - Frida Kahlo","og_description":"Groos Zselyke puzzle adulte 1000 pi\u00e8ces - Frida Kahlo","og_url":"https:\/\/business.roovi.com\/fr\/groos-zselyke-puzzle-adulte-1000-pieces-frida-kahlo\/p\/","og_site_name":"Roovi B2B","article_publisher":"https:\/\/www.facebook.com\/wwwjucariero","article_modified_time":"2022-10-18T08:46:08+00:00","og_image":[{"width":1000,"height":1000,"url":"https:\/\/business.roovi.com\/wp-content\/uploads\/2021\/03\/puzzle_1000_d-toys_frida_khalo-77592.jpg","type":"image\/jpeg"}],"twitter_misc":{"Dur\u00e9e de lecture estim\u00e9e":"3 minutes"},"schema":{"@context":"https:\/\/schema.org","@graph":[{"@type":"WebPage","@id":"https:\/\/business.roovi.com\/fr\/groos-zselyke-puzzle-adulte-1000-pieces-frida-kahlo\/p\/","url":"https:\/\/business.roovi.com\/fr\/groos-zselyke-puzzle-adulte-1000-pieces-frida-kahlo\/p\/","name":"Groos Zselyke puzzle adulte 1000 pi\u00e8ces - Frida Kahlo","isPartOf":{"@id":"https:\/\/business.roovi.com\/fr\/#website"},"datePublished":"2021-03-05T10:04:53+00:00","dateModified":"2022-10-18T08:46:08+00:00","description":"Groos Zselyke puzzle adulte 1000 pi\u00e8ces - Frida Kahlo","breadcrumb":{"@id":"https:\/\/business.roovi.com\/fr\/groos-zselyke-puzzle-adulte-1000-pieces-frida-kahlo\/p\/#breadcrumb"},"inLanguage":"fr-FR","potentialAction":[{"@type":"ReadAction","target":["https:\/\/business.roovi.com\/fr\/groos-zselyke-puzzle-adulte-1000-pieces-frida-kahlo\/p\/"]}]},{"@type":"BreadcrumbList","@id":"https:\/\/business.roovi.com\/fr\/groos-zselyke-puzzle-adulte-1000-pieces-frida-kahlo\/p\/#breadcrumb","itemListElement":[{"@type":"ListItem","position":1,"name":"Home","item":"https:\/\/business.roovi.com\/fr\/"},{"@type":"ListItem","position":2,"name":"Boutique","item":"https:\/\/business.roovi.com\/fr\/boutique\/"},{"@type":"ListItem","position":3,"name":"Groos Zselyke puzzle adulte 1000 pi\u00e8ces &#8211; Frida Kahlo"}]},{"@type":"WebSite","@id":"https:\/\/business.roovi.com\/fr\/#website","url":"https:\/\/business.roovi.com\/fr\/","name":"Roovi B2B","description":"Roovi Business Website","potentialAction":[{"@type":"SearchAction","target":{"@type":"EntryPoint","urlTemplate":"https:\/\/business.roovi.com\/fr\/?s={search_term_string}"},"query-input":"required name=search_term_string"}],"inLanguage":"fr-FR"}]}},"_links":{"self":[{"href":"https:\/\/business.roovi.com\/fr\/wp-json\/wp\/v2\/product\/51650","targetHints":{"allow":["GET"]}}],"collection":[{"href":"https:\/\/business.roovi.com\/fr\/wp-json\/wp\/v2\/product"}],"about":[{"href":"https:\/\/business.roovi.com\/fr\/wp-json\/wp\/v2\/types\/product"}],"version-history":[{"count":0,"href":"https:\/\/business.roovi.com\/fr\/wp-json\/wp\/v2\/product\/51650\/revisions"}],"wp:featuredmedia":[{"embeddable":true,"href":"https:\/\/business.roovi.com\/fr\/wp-json\/wp\/v2\/media\/51651"}],"wp:attachment":[{"href":"https:\/\/business.roovi.com\/fr\/wp-json\/wp\/v2\/media?parent=51650"}],"wp:term":[{"taxonomy":"product_brand","embeddable":true,"href":"https:\/\/business.roovi.com\/fr\/wp-json\/wp\/v2\/product_brand?post=51650"},{"taxonomy":"product_cat","embeddable":true,"href":"https:\/\/business.roovi.com\/fr\/wp-json\/wp\/v2\/product_cat?post=51650"},{"taxonomy":"product_tag","embeddable":true,"href":"https:\/\/business.roovi.com\/fr\/wp-json\/wp\/v2\/product_tag?post=51650"}],"curies":[{"name":"wp","href":"https:\/\/api.w.org\/{rel}","templated":true}]}}