{"id":51652,"date":"2021-03-05T09:50:34","date_gmt":"2021-03-05T09:50:34","guid":{"rendered":"https:\/\/business.roovi.com\/puzzle-adulti-1000-piese-groos-zelyke-snow-fairy\/p\/"},"modified":"2022-07-13T10:13:16","modified_gmt":"2022-07-13T10:13:16","slug":"groos-zelyke-snow-fairy-puzzle-1000-pieces-pour-adultes","status":"publish","type":"product","link":"https:\/\/business.roovi.com\/fr\/groos-zelyke-snow-fairy-puzzle-1000-pieces-pour-adultes\/p\/","title":{"rendered":"Groos Zelyke Snow Fairy Puzzle 1000 pi\u00e8ces pour adultes"},"content":{"rendered":"<p><span style=\"font-weight: 400;\">Tu aimes les contes de f\u00e9es m\u00eame maintenant en tant qu&rsquo;adulte et tu aimerais pouvoir inclure ton conte de f\u00e9es pr\u00e9f\u00e9r\u00e9 dans une peinture ? D\u00e9couvre la plus grande gamme de puzzles d&rsquo;art et cr\u00e9e des images inoubliables \u00e0 partir du puzzle de 1000 pi\u00e8ces.<\/span><\/p>\n<p><span style=\"font-weight: 400;\">Le puzzle de 1000 pi\u00e8ces de Groos Zelyke &#8211; F\u00e9e des neiges est une incursion dans le monde du conte de f\u00e9es F\u00e9e des neiges. Un tableau color\u00e9 qui mettra tes comp\u00e9tences en mati\u00e8re d&rsquo;assemblage de puzzles \u00e0 l&rsquo;\u00e9preuve. Il te mettra au d\u00e9fi et te ravira dans la m\u00eame mesure.<\/span><\/p>\n<p><span style=\"font-weight: 400;\">D\u00e9couvre dans le puzzle 1000 Snow Fairy un puzzle d&rsquo;art exquis qui te donnera des ondes positives et te transportera dans le monde des contes de f\u00e9es <\/span><\/p>\n<p><span style=\"font-weight: 400;\">Ce merveilleux puzzle de 1000 pi\u00e8ces te ram\u00e8ne \u00e0 ton enfance et te rappelle combien il est beau de r\u00eaver et d&rsquo;appr\u00e9cier les choses simples. Tu vas recr\u00e9er un personnage fabuleux \u00e0 partir d&rsquo;un puzzle de 1000 pi\u00e8ces et entrer dans le monde fantastique des contes de f\u00e9es de Hans <\/span><span style=\"font-weight: 400;\">Christian Andersen.<\/span><\/p>\n<p><strong>Pourquoi choisir le puzzle 1000 pi\u00e8ces <\/strong><strong>Groos Zelyke &#8211; F\u00e9e des neiges ?<\/strong><\/p>\n<p><span style=\"font-weight: 400;\">C&rsquo;est un puzzle en carton bleu de haute qualit\u00e9 et de premi\u00e8re qualit\u00e9.<\/span><\/p>\n<p><span style=\"font-weight: 400;\">Elle a une finition semi-brillante et des couleurs vives.<\/span><\/p>\n<p><span style=\"font-weight: 400;\">Tu aimes d\u00e9finitivement la nature et tu seras heureuse d&rsquo;apprendre qu&rsquo;il est fabriqu\u00e9 \u00e0 partir de mat\u00e9riaux durables et recyclables.<\/span><\/p>\n<p><span style=\"font-weight: 400;\">Il peut \u00eatre assembl\u00e9 par des personnes de plus de 14 ans et c&rsquo;est une excellente occasion de faire participer tes adolescents \u00e0 une activit\u00e9 cr\u00e9ative qui leur rappellera le conte de f\u00e9es pr\u00e9f\u00e9r\u00e9 de leur enfance.<\/span><\/p>\n<p><span style=\"font-weight: 400;\">Il compte 1000 pi\u00e8ces qui peuvent \u00eatre facilement assembl\u00e9es autant de fois que tu le souhaites car c&rsquo;est un produit de qualit\u00e9 qui r\u00e9siste \u00e0 de multiples utilisations.<\/span><\/p>\n<p><strong>Savais-tu que&#8230;<\/strong><\/p>\n<p><span style=\"font-weight: 400;\">\u00ab\u00a0La jeune fille des neiges\u00a0\u00bb est l&rsquo;un des contes de f\u00e9es les plus c\u00e9l\u00e8bres d&rsquo;Andersen. Il a \u00e9t\u00e9 publi\u00e9 pour la premi\u00e8re fois en 1845 au Danemark, \u00e0 l&rsquo;\u00e9poque de No\u00ebl.<\/span><\/p>\n<p><span style=\"font-weight: 400;\">L&rsquo;histoire est profond\u00e9ment li\u00e9e \u00e0 la vision d&rsquo;Andersen sur la mort, l&rsquo;innocence, la puret\u00e9 et l&rsquo;amour, mais aussi \u00e0 ses propres exp\u00e9riences de vie et d&rsquo;enfance.<\/span><\/p>\n<p><span style=\"font-weight: 400;\">Dans son autobiographie, l&rsquo;\u00e9crivain se souvient d&rsquo;une figure glaciale li\u00e9e \u00e0 la mort de son p\u00e8re. Sur son lit de mort, son p\u00e8re gravement malade lui a fait signe de se rendre \u00e0 la fen\u00eatre gel\u00e9e o\u00f9 l&rsquo;on pouvait voir une femme aux bras tendus tir\u00e9e de la glace <\/span><em><span style=\"font-weight: 400;\">\u00ab\u00a0Elle est venue pour m&#8217;emmener.\u00a0\u00bb <\/span><\/em><span style=\"font-weight: 400;\">son p\u00e8re lui a dit en plaisantant.<\/span><\/p>\n<p><span style=\"font-weight: 400;\">Pour le jeune Andersen, l&rsquo;image de la figure de glace devait rester immortelle dans ses c\u00e9l\u00e8bres histoires.<\/span><\/p>\n<p><span style=\"font-weight: 400;\">D&rsquo;autres voix associent le personnage embl\u00e9matique \u00e0 l&rsquo;artiste <\/span><span style=\"font-weight: 400;\">Jenny Lind, pour qui l&rsquo;\u00e9crivain a \u00e9prouv\u00e9 des sentiments d&rsquo;amour non partag\u00e9. Ainsi, la Reine des Neiges a un c\u0153ur de glace tout comme l&rsquo;inaccessible Jenny.<\/span><\/p>\n<p><strong>Les jeux de puzzle apportent de nombreux moments de d\u00e9tente et de joie<\/strong><\/p>\n<p><span style=\"font-weight: 400;\">Les jeux de r\u00e9flexion sont le choix id\u00e9al pour une meilleure humeur et plus optimiste. On a d\u00e9couvert que pendant cette activit\u00e9 relaxante, le cerveau s\u00e9cr\u00e8te plus de dopamine, un neurotransmetteur responsable du bonheur et de l&rsquo;optimisme. Donc, si tu avais des doutes sur les bienfaits de cette activit\u00e9, ils sont maintenant prouv\u00e9s scientifiquement.<\/span><\/p>\n<p><span style=\"font-weight: 400;\">En plus de cet avantage incroyable, les puzzles pour adultes apportent d&rsquo;autres avantages qui se refl\u00e8tent dans de nombreux domaines de ta vie, \u00e0 savoir :<\/span><\/p>\n<p><span style=\"font-weight: 400;\">Cela t&rsquo;aide \u00e0 garder ta m\u00e9moire entra\u00een\u00e9e.<\/span><\/p>\n<p><span style=\"font-weight: 400;\">Cela am\u00e9liore ton attention aux d\u00e9tails.<\/span><\/p>\n<p><span style=\"font-weight: 400;\">Ils d\u00e9veloppent ta pers\u00e9v\u00e9rance et ton esprit critique.<\/span><\/p>\n<p><span style=\"font-weight: 400;\">Cela d\u00e9veloppe ton imagination.<\/span><\/p>\n<p><span style=\"font-weight: 400;\">Ils te donnent la satisfaction de cr\u00e9er un bel objet d\u00e9coratif pour d\u00e9corer ta maison.<\/span><\/p>\n<p><span style=\"font-weight: 400;\">Fascin\u00e9 par les contes de f\u00e9es et les symboles \u00e9tonnants des histoires c\u00e9l\u00e8bres ? Puzzle de 1000 pi\u00e8ces <\/span><span style=\"font-weight: 400;\">Groos Zelyke &#8211; Snow Fairy est exactement ce qu&rsquo;il te faut. Ach\u00e8te maintenant ce merveilleux puzzle d&rsquo;art et recr\u00e9e la peinture d&rsquo;un c\u00e9l\u00e8bre conte de f\u00e9es. Ce puzzle pour adultes peut \u00eatre un merveilleux cadeau \u00e0 offrir aux proches \u00e0 l&rsquo;occasion de diverses f\u00eates.<\/span><\/p><\/p>\n","protected":false},"excerpt":{"rendered":"<p>Tu aimes les contes de f\u00e9es m\u00eame maintenant en tant qu&rsquo;adulte et tu aimerais pouvoir inclure ton conte de f\u00e9es<\/p>\n","protected":false},"featured_media":51653,"template":"","meta":[],"product_brand":[],"product_cat":[2314,2316,2315],"product_tag":[],"class_list":{"0":"post-51652","1":"product","2":"type-product","3":"status-publish","4":"has-post-thumbnail","6":"product_cat-puzzles-fr","7":"product_cat-puzzles-de-1000-pieces","8":"product_cat-puzzles-pour-adultes","9":"pa_brand-deico-fr","10":"pa_country_of_manufacture-ro-fr","11":"pa_filter_age-14-fr","12":"pa_tip_ambalaj-boite","13":"pa_tip_puzzle-classique","15":"first","16":"instock","17":"taxable","18":"shipping-taxable","19":"product-type-simple"},"yoast_head":"<!-- This site is optimized with the Yoast SEO plugin v20.1 - https:\/\/yoast.com\/wordpress\/plugins\/seo\/ -->\n<title>Groos Zelyke Snow Fairy Puzzle 1000 pi\u00e8ces pour adultes<\/title>\n<meta name=\"description\" content=\"Groos Zelyke Snow Fairy Puzzle 1000 pi\u00e8ces pour adultes\" \/>\n<meta name=\"robots\" content=\"index, follow, max-snippet:-1, max-image-preview:large, max-video-preview:-1\" \/>\n<link rel=\"canonical\" href=\"https:\/\/business.roovi.com\/fr\/groos-zelyke-snow-fairy-puzzle-1000-pieces-pour-adultes\/p\/\" \/>\n<meta property=\"og:locale\" content=\"fr_FR\" \/>\n<meta property=\"og:type\" content=\"article\" \/>\n<meta property=\"og:title\" content=\"Groos Zelyke Snow Fairy Puzzle 1000 pi\u00e8ces pour adultes\" \/>\n<meta property=\"og:description\" content=\"Groos Zelyke Snow Fairy Puzzle 1000 pi\u00e8ces pour adultes\" \/>\n<meta property=\"og:url\" content=\"https:\/\/business.roovi.com\/fr\/groos-zelyke-snow-fairy-puzzle-1000-pieces-pour-adultes\/p\/\" \/>\n<meta property=\"og:site_name\" content=\"Roovi B2B\" \/>\n<meta property=\"article:publisher\" content=\"https:\/\/www.facebook.com\/wwwjucariero\" \/>\n<meta property=\"article:modified_time\" content=\"2022-07-13T10:13:16+00:00\" \/>\n<meta property=\"og:image\" content=\"https:\/\/business.roovi.com\/wp-content\/uploads\/2021\/03\/puzzle_1000_deico_games_zelyke_snow_fairy-77448.jpg\" \/>\n\t<meta property=\"og:image:width\" content=\"1000\" \/>\n\t<meta property=\"og:image:height\" content=\"1000\" \/>\n\t<meta property=\"og:image:type\" content=\"image\/jpeg\" \/>\n<meta name=\"twitter:label1\" content=\"Dur\u00e9e de lecture estim\u00e9e\" \/>\n\t<meta name=\"twitter:data1\" content=\"4 minutes\" \/>\n<script type=\"application\/ld+json\" class=\"yoast-schema-graph\">{\"@context\":\"https:\/\/schema.org\",\"@graph\":[{\"@type\":\"WebPage\",\"@id\":\"https:\/\/business.roovi.com\/fr\/groos-zelyke-snow-fairy-puzzle-1000-pieces-pour-adultes\/p\/\",\"url\":\"https:\/\/business.roovi.com\/fr\/groos-zelyke-snow-fairy-puzzle-1000-pieces-pour-adultes\/p\/\",\"name\":\"Groos Zelyke Snow Fairy Puzzle 1000 pi\u00e8ces pour adultes\",\"isPartOf\":{\"@id\":\"https:\/\/business.roovi.com\/fr\/#website\"},\"datePublished\":\"2021-03-05T09:50:34+00:00\",\"dateModified\":\"2022-07-13T10:13:16+00:00\",\"description\":\"Groos Zelyke Snow Fairy Puzzle 1000 pi\u00e8ces pour adultes\",\"breadcrumb\":{\"@id\":\"https:\/\/business.roovi.com\/fr\/groos-zelyke-snow-fairy-puzzle-1000-pieces-pour-adultes\/p\/#breadcrumb\"},\"inLanguage\":\"fr-FR\",\"potentialAction\":[{\"@type\":\"ReadAction\",\"target\":[\"https:\/\/business.roovi.com\/fr\/groos-zelyke-snow-fairy-puzzle-1000-pieces-pour-adultes\/p\/\"]}]},{\"@type\":\"BreadcrumbList\",\"@id\":\"https:\/\/business.roovi.com\/fr\/groos-zelyke-snow-fairy-puzzle-1000-pieces-pour-adultes\/p\/#breadcrumb\",\"itemListElement\":[{\"@type\":\"ListItem\",\"position\":1,\"name\":\"Home\",\"item\":\"https:\/\/business.roovi.com\/fr\/\"},{\"@type\":\"ListItem\",\"position\":2,\"name\":\"Boutique\",\"item\":\"https:\/\/business.roovi.com\/fr\/boutique\/\"},{\"@type\":\"ListItem\",\"position\":3,\"name\":\"Groos Zelyke Snow Fairy Puzzle 1000 pi\u00e8ces pour adultes\"}]},{\"@type\":\"WebSite\",\"@id\":\"https:\/\/business.roovi.com\/fr\/#website\",\"url\":\"https:\/\/business.roovi.com\/fr\/\",\"name\":\"Roovi B2B\",\"description\":\"Roovi Business Website\",\"potentialAction\":[{\"@type\":\"SearchAction\",\"target\":{\"@type\":\"EntryPoint\",\"urlTemplate\":\"https:\/\/business.roovi.com\/fr\/?s={search_term_string}\"},\"query-input\":\"required name=search_term_string\"}],\"inLanguage\":\"fr-FR\"}]}<\/script>\n<!-- \/ Yoast SEO plugin. -->","yoast_head_json":{"title":"Groos Zelyke Snow Fairy Puzzle 1000 pi\u00e8ces pour adultes","description":"Groos Zelyke Snow Fairy Puzzle 1000 pi\u00e8ces pour adultes","robots":{"index":"index","follow":"follow","max-snippet":"max-snippet:-1","max-image-preview":"max-image-preview:large","max-video-preview":"max-video-preview:-1"},"canonical":"https:\/\/business.roovi.com\/fr\/groos-zelyke-snow-fairy-puzzle-1000-pieces-pour-adultes\/p\/","og_locale":"fr_FR","og_type":"article","og_title":"Groos Zelyke Snow Fairy Puzzle 1000 pi\u00e8ces pour adultes","og_description":"Groos Zelyke Snow Fairy Puzzle 1000 pi\u00e8ces pour adultes","og_url":"https:\/\/business.roovi.com\/fr\/groos-zelyke-snow-fairy-puzzle-1000-pieces-pour-adultes\/p\/","og_site_name":"Roovi B2B","article_publisher":"https:\/\/www.facebook.com\/wwwjucariero","article_modified_time":"2022-07-13T10:13:16+00:00","og_image":[{"width":1000,"height":1000,"url":"https:\/\/business.roovi.com\/wp-content\/uploads\/2021\/03\/puzzle_1000_deico_games_zelyke_snow_fairy-77448.jpg","type":"image\/jpeg"}],"twitter_misc":{"Dur\u00e9e de lecture estim\u00e9e":"4 minutes"},"schema":{"@context":"https:\/\/schema.org","@graph":[{"@type":"WebPage","@id":"https:\/\/business.roovi.com\/fr\/groos-zelyke-snow-fairy-puzzle-1000-pieces-pour-adultes\/p\/","url":"https:\/\/business.roovi.com\/fr\/groos-zelyke-snow-fairy-puzzle-1000-pieces-pour-adultes\/p\/","name":"Groos Zelyke Snow Fairy Puzzle 1000 pi\u00e8ces pour adultes","isPartOf":{"@id":"https:\/\/business.roovi.com\/fr\/#website"},"datePublished":"2021-03-05T09:50:34+00:00","dateModified":"2022-07-13T10:13:16+00:00","description":"Groos Zelyke Snow Fairy Puzzle 1000 pi\u00e8ces pour adultes","breadcrumb":{"@id":"https:\/\/business.roovi.com\/fr\/groos-zelyke-snow-fairy-puzzle-1000-pieces-pour-adultes\/p\/#breadcrumb"},"inLanguage":"fr-FR","potentialAction":[{"@type":"ReadAction","target":["https:\/\/business.roovi.com\/fr\/groos-zelyke-snow-fairy-puzzle-1000-pieces-pour-adultes\/p\/"]}]},{"@type":"BreadcrumbList","@id":"https:\/\/business.roovi.com\/fr\/groos-zelyke-snow-fairy-puzzle-1000-pieces-pour-adultes\/p\/#breadcrumb","itemListElement":[{"@type":"ListItem","position":1,"name":"Home","item":"https:\/\/business.roovi.com\/fr\/"},{"@type":"ListItem","position":2,"name":"Boutique","item":"https:\/\/business.roovi.com\/fr\/boutique\/"},{"@type":"ListItem","position":3,"name":"Groos Zelyke Snow Fairy Puzzle 1000 pi\u00e8ces pour adultes"}]},{"@type":"WebSite","@id":"https:\/\/business.roovi.com\/fr\/#website","url":"https:\/\/business.roovi.com\/fr\/","name":"Roovi B2B","description":"Roovi Business Website","potentialAction":[{"@type":"SearchAction","target":{"@type":"EntryPoint","urlTemplate":"https:\/\/business.roovi.com\/fr\/?s={search_term_string}"},"query-input":"required name=search_term_string"}],"inLanguage":"fr-FR"}]}},"_links":{"self":[{"href":"https:\/\/business.roovi.com\/fr\/wp-json\/wp\/v2\/product\/51652","targetHints":{"allow":["GET"]}}],"collection":[{"href":"https:\/\/business.roovi.com\/fr\/wp-json\/wp\/v2\/product"}],"about":[{"href":"https:\/\/business.roovi.com\/fr\/wp-json\/wp\/v2\/types\/product"}],"version-history":[{"count":0,"href":"https:\/\/business.roovi.com\/fr\/wp-json\/wp\/v2\/product\/51652\/revisions"}],"wp:featuredmedia":[{"embeddable":true,"href":"https:\/\/business.roovi.com\/fr\/wp-json\/wp\/v2\/media\/51653"}],"wp:attachment":[{"href":"https:\/\/business.roovi.com\/fr\/wp-json\/wp\/v2\/media?parent=51652"}],"wp:term":[{"taxonomy":"product_brand","embeddable":true,"href":"https:\/\/business.roovi.com\/fr\/wp-json\/wp\/v2\/product_brand?post=51652"},{"taxonomy":"product_cat","embeddable":true,"href":"https:\/\/business.roovi.com\/fr\/wp-json\/wp\/v2\/product_cat?post=51652"},{"taxonomy":"product_tag","embeddable":true,"href":"https:\/\/business.roovi.com\/fr\/wp-json\/wp\/v2\/product_tag?post=51652"}],"curies":[{"name":"wp","href":"https:\/\/api.w.org\/{rel}","templated":true}]}}