{"id":51654,"date":"2021-03-05T09:37:21","date_gmt":"2021-03-05T09:37:21","guid":{"rendered":"https:\/\/business.roovi.com\/puzzle-adulti-1000-piese-pattern-owls-bufnite\/p\/"},"modified":"2022-07-13T10:13:18","modified_gmt":"2022-07-13T10:13:18","slug":"puzzle-adulte-de-1000-pieces-motif-hiboux","status":"publish","type":"product","link":"https:\/\/business.roovi.com\/fr\/puzzle-adulte-de-1000-pieces-motif-hiboux\/p\/","title":{"rendered":"Puzzle adulte de 1000 pi\u00e8ces &#8211; Motif Hiboux"},"content":{"rendered":"<p><span style=\"font-weight: 400;\">Tu es passionn\u00e9(e) par les puzzles pour adultes et tu veux un d\u00e9fi incroyable pour passer ton temps de mani\u00e8re constructive ? Choisis des jeux de puzzle de haute difficult\u00e9 et amuse-toi pendant des heures \u00e0 assembler de fascinantes images de puzzle de 1000 pi\u00e8ces.<\/span><\/p>\n<p><span style=\"font-weight: 400;\">Si tu n&rsquo;as jamais essay\u00e9 l&rsquo;un de nos casse-t\u00eate stimulants, il est temps que tu le fasses ! Dans notre gamme de puzzles pour adultes, tu trouveras des images \u00e9tonnantes qui mettront tes comp\u00e9tences d&rsquo;assemblage \u00e0 l&rsquo;\u00e9preuve.<\/span><\/p>\n<p><span style=\"font-weight: 400;\">Le puzzle 1000 pi\u00e8ces &#8211; hiboux est un jeu de puzzle fascinant, parfait pour les amoureux de la nature et ceux qui aiment ces animaux incroyables. L&rsquo;artiste David Katai Eszter a con\u00e7u une multitude de variations de chouettes color\u00e9es qu&rsquo;il a rassembl\u00e9es dans ce merveilleux puzzle pour adultes <\/span><\/p>\n<p><span style=\"font-weight: 400;\">Les couleurs similaires de certains motifs te donneront bien des maux de t\u00eate. Mais chaque pi\u00e8ce de puzzle 1000 correctement assortie te donnera un incroyable sentiment de satisfaction. Et quand la peinture est termin\u00e9e et que tu mets la derni\u00e8re pi\u00e8ce, la joie d&rsquo;avoir cr\u00e9\u00e9 le puzzle de 1000 pi\u00e8ces le plus difficile qui soit est fantastique.<\/span><\/p>\n<p><strong>Pourquoi choisir le puzzle 1000 pi\u00e8ces &#8211; Hiboux ?<\/strong><\/p>\n<p><span style=\"font-weight: 400;\">Tu obtiendras un \u00e9tonnant tableau de 50 x 70 cm. Tu peux utiliser une table basse standard pour l&rsquo;assemblage.<\/span><\/p>\n<p><span style=\"font-weight: 400;\">C&rsquo;est un puzzle pour adultes fabriqu\u00e9 \u00e0 partir de carton bleu de qualit\u00e9 sup\u00e9rieure, ce qui en fait le cadeau id\u00e9al pour les amateurs de puzzles de 1000 pi\u00e8ces.<\/span><\/p>\n<p><span style=\"font-weight: 400;\">Il est respectueux de la nature et durable, fabriqu\u00e9 \u00e0 partir de mat\u00e9riaux durables et recyclables.<\/span><\/p>\n<p><span style=\"font-weight: 400;\">Elle a une finition semi-brillante et des couleurs vives et tr\u00e8s agr\u00e9ables.<\/span><\/p>\n<p><span style=\"font-weight: 400;\">Il convient aux 14 ans et plus et est id\u00e9al pour faire participer les adolescents \u00e0 une activit\u00e9 cr\u00e9ative \u00e9galement.<\/span><\/p>\n<p><strong>5 avantages de ce puzzle de 1000 hiboux color\u00e9s<\/strong><\/p>\n<p><span style=\"font-weight: 400;\">1. Aide \u00e0 se concentrer intens\u00e9ment sur une seule t\u00e2che.<\/span><\/p>\n<p><span style=\"font-weight: 400;\">2. Cela te donne l&rsquo;occasion de passer du temps de qualit\u00e9 avec tes adolescents.<\/span><\/p>\n<p><span style=\"font-weight: 400;\">3. C&rsquo;est un excellent exercice de patience.<\/span><\/p>\n<p><span style=\"font-weight: 400;\">4. Il am\u00e9liore ton attention aux d\u00e9tails et ta pers\u00e9v\u00e9rance.<\/span><\/p>\n<p><span style=\"font-weight: 400;\">5. C&rsquo;est l&rsquo;occasion id\u00e9ale de cr\u00e9er de tes propres mains une superbe peinture que tu pourras encadrer et exposer dans ta maison.<\/span><\/p>\n<p><strong>Tu savais que&#8230; ?<\/strong><\/p>\n<p><span style=\"font-weight: 400;\">Il existe plus de 200 esp\u00e8ces de chouettes dans le monde. Nous avons 10 de ces esp\u00e8ces qui vivent dans notre pays.<\/span><\/p>\n<p><span style=\"font-weight: 400;\">Les hiboux n&rsquo;ont pas de globes oculaires. Au lieu de cela, ils ont des tubes oculaires qui p\u00e9n\u00e8trent \u00e0 l&rsquo;arri\u00e8re du cr\u00e2ne. Cela fait d&rsquo;eux de parfaits pr\u00e9dateurs.<\/span><\/p>\n<p><span style=\"font-weight: 400;\">Les sons que font les hiboux, que nous associons aux mauvaises nouvelles, sont en fait des sons d&rsquo;avertissement qu&rsquo;ils \u00e9mettent pour marquer leur territoire.<\/span><\/p>\n<p><span style=\"font-weight: 400;\">Dans certaines cultures, elles symbolisent la prosp\u00e9rit\u00e9 et les objets en forme de chouette sont cens\u00e9s porter chance.<\/span><\/p>\n<p><span style=\"font-weight: 400;\">Dans la Gr\u00e8ce antique, si un soldat apercevait une chouette pendant une bataille, on croyait qu&rsquo;il serait victorieux.<\/span><\/p>\n<p><strong>Puzzle de 1000 pi\u00e8ces &#8211; Les hiboux cr\u00e9ent des souvenirs inoubliables avec les personnes aim\u00e9es<\/strong><\/p>\n<p><span style=\"font-weight: 400;\">Tu veux passer des heures inoubliables avec les personnes que tu aimes dans ta vie ? Mets-les au d\u00e9fi de participer \u00e0 une s\u00e9ance de puzzle de 1000 pi\u00e8ces. Travaille en \u00e9quipe et d\u00e9couvre les mignonnes images de chouettes color\u00e9es.<\/span><\/p>\n<p><span style=\"font-weight: 400;\">Infuse le th\u00e9 le plus aromatique et pr\u00e9pare-toi \u00e0 de nombreuses heures de plaisir cr\u00e9atif. Il te faudra peut-\u00eatre plus de temps que pr\u00e9vu pour terminer le tableau, mais tu garderas des souvenirs m\u00e9morables de cette exp\u00e9rience.<\/span><\/p>\n<p><span style=\"font-weight: 400;\">De plus, tu pourras mettre en pratique tes comp\u00e9tences d&rsquo;assemblage de puzzles pour adultes et profiter ensemble de tous les avantages des jeux de puzzle.<\/span><\/p>\n<p><span style=\"font-weight: 400;\">Choisis le puzzle de 1000 pi\u00e8ces &#8211; Hiboux et rel\u00e8ve l&rsquo;incroyable d\u00e9fi d&rsquo;un puzzle plus difficile. Ce jeu de puzzle peut aussi \u00eatre un excellent cadeau pour les amateurs de puzzle 1000 pi\u00e8ces <\/span><\/p><\/p>\n","protected":false},"excerpt":{"rendered":"<p>Tu es passionn\u00e9(e) par les puzzles pour adultes et tu veux un d\u00e9fi incroyable pour passer ton temps de mani\u00e8re<\/p>\n","protected":false},"featured_media":51655,"template":"","meta":[],"product_brand":[],"product_cat":[2314,2315,2316],"product_tag":[],"class_list":{"0":"post-51654","1":"product","2":"type-product","3":"status-publish","4":"has-post-thumbnail","6":"product_cat-puzzles-fr","7":"product_cat-puzzles-pour-adultes","8":"product_cat-puzzles-de-1000-pieces","9":"pa_brand-d_toys-fr","10":"pa_country_of_manufacture-ro-fr","11":"pa_filter_age-14-fr","12":"pa_tip_ambalaj-boite","13":"pa_tip_puzzle-classique","15":"first","16":"instock","17":"taxable","18":"shipping-taxable","19":"product-type-simple"},"yoast_head":"<!-- This site is optimized with the Yoast SEO plugin v20.1 - https:\/\/yoast.com\/wordpress\/plugins\/seo\/ -->\n<title>Puzzle adulte de 1000 pi\u00e8ces - Motif Hiboux<\/title>\n<meta name=\"description\" content=\"Puzzle adulte de 1000 pi\u00e8ces - Motif Hiboux\" \/>\n<meta name=\"robots\" content=\"index, follow, max-snippet:-1, max-image-preview:large, max-video-preview:-1\" \/>\n<link rel=\"canonical\" href=\"https:\/\/business.roovi.com\/fr\/puzzle-adulte-de-1000-pieces-motif-hiboux\/p\/\" \/>\n<meta property=\"og:locale\" content=\"fr_FR\" \/>\n<meta property=\"og:type\" content=\"article\" \/>\n<meta property=\"og:title\" content=\"Puzzle adulte de 1000 pi\u00e8ces - Motif Hiboux\" \/>\n<meta property=\"og:description\" content=\"Puzzle adulte de 1000 pi\u00e8ces - Motif Hiboux\" \/>\n<meta property=\"og:url\" content=\"https:\/\/business.roovi.com\/fr\/puzzle-adulte-de-1000-pieces-motif-hiboux\/p\/\" \/>\n<meta property=\"og:site_name\" content=\"Roovi B2B\" \/>\n<meta property=\"article:publisher\" content=\"https:\/\/www.facebook.com\/wwwjucariero\" \/>\n<meta property=\"article:modified_time\" content=\"2022-07-13T10:13:18+00:00\" \/>\n<meta property=\"og:image\" content=\"https:\/\/business.roovi.com\/wp-content\/uploads\/2021\/03\/77530_ansamblu_dimensiuni_cutie_cm_orizontal_1200x1200.png\" \/>\n\t<meta property=\"og:image:width\" content=\"1200\" \/>\n\t<meta property=\"og:image:height\" content=\"1200\" \/>\n\t<meta property=\"og:image:type\" content=\"image\/png\" \/>\n<meta name=\"twitter:label1\" content=\"Dur\u00e9e de lecture estim\u00e9e\" \/>\n\t<meta name=\"twitter:data1\" content=\"3 minutes\" \/>\n<script type=\"application\/ld+json\" class=\"yoast-schema-graph\">{\"@context\":\"https:\/\/schema.org\",\"@graph\":[{\"@type\":\"WebPage\",\"@id\":\"https:\/\/business.roovi.com\/fr\/puzzle-adulte-de-1000-pieces-motif-hiboux\/p\/\",\"url\":\"https:\/\/business.roovi.com\/fr\/puzzle-adulte-de-1000-pieces-motif-hiboux\/p\/\",\"name\":\"Puzzle adulte de 1000 pi\u00e8ces - Motif Hiboux\",\"isPartOf\":{\"@id\":\"https:\/\/business.roovi.com\/fr\/#website\"},\"datePublished\":\"2021-03-05T09:37:21+00:00\",\"dateModified\":\"2022-07-13T10:13:18+00:00\",\"description\":\"Puzzle adulte de 1000 pi\u00e8ces - Motif Hiboux\",\"breadcrumb\":{\"@id\":\"https:\/\/business.roovi.com\/fr\/puzzle-adulte-de-1000-pieces-motif-hiboux\/p\/#breadcrumb\"},\"inLanguage\":\"fr-FR\",\"potentialAction\":[{\"@type\":\"ReadAction\",\"target\":[\"https:\/\/business.roovi.com\/fr\/puzzle-adulte-de-1000-pieces-motif-hiboux\/p\/\"]}]},{\"@type\":\"BreadcrumbList\",\"@id\":\"https:\/\/business.roovi.com\/fr\/puzzle-adulte-de-1000-pieces-motif-hiboux\/p\/#breadcrumb\",\"itemListElement\":[{\"@type\":\"ListItem\",\"position\":1,\"name\":\"Home\",\"item\":\"https:\/\/business.roovi.com\/fr\/\"},{\"@type\":\"ListItem\",\"position\":2,\"name\":\"Boutique\",\"item\":\"https:\/\/business.roovi.com\/fr\/boutique\/\"},{\"@type\":\"ListItem\",\"position\":3,\"name\":\"Puzzle adulte de 1000 pi\u00e8ces &#8211; Motif Hiboux\"}]},{\"@type\":\"WebSite\",\"@id\":\"https:\/\/business.roovi.com\/fr\/#website\",\"url\":\"https:\/\/business.roovi.com\/fr\/\",\"name\":\"Roovi B2B\",\"description\":\"Roovi Business Website\",\"potentialAction\":[{\"@type\":\"SearchAction\",\"target\":{\"@type\":\"EntryPoint\",\"urlTemplate\":\"https:\/\/business.roovi.com\/fr\/?s={search_term_string}\"},\"query-input\":\"required name=search_term_string\"}],\"inLanguage\":\"fr-FR\"}]}<\/script>\n<!-- \/ Yoast SEO plugin. -->","yoast_head_json":{"title":"Puzzle adulte de 1000 pi\u00e8ces - Motif Hiboux","description":"Puzzle adulte de 1000 pi\u00e8ces - Motif Hiboux","robots":{"index":"index","follow":"follow","max-snippet":"max-snippet:-1","max-image-preview":"max-image-preview:large","max-video-preview":"max-video-preview:-1"},"canonical":"https:\/\/business.roovi.com\/fr\/puzzle-adulte-de-1000-pieces-motif-hiboux\/p\/","og_locale":"fr_FR","og_type":"article","og_title":"Puzzle adulte de 1000 pi\u00e8ces - Motif Hiboux","og_description":"Puzzle adulte de 1000 pi\u00e8ces - Motif Hiboux","og_url":"https:\/\/business.roovi.com\/fr\/puzzle-adulte-de-1000-pieces-motif-hiboux\/p\/","og_site_name":"Roovi B2B","article_publisher":"https:\/\/www.facebook.com\/wwwjucariero","article_modified_time":"2022-07-13T10:13:18+00:00","og_image":[{"width":1200,"height":1200,"url":"https:\/\/business.roovi.com\/wp-content\/uploads\/2021\/03\/77530_ansamblu_dimensiuni_cutie_cm_orizontal_1200x1200.png","type":"image\/png"}],"twitter_misc":{"Dur\u00e9e de lecture estim\u00e9e":"3 minutes"},"schema":{"@context":"https:\/\/schema.org","@graph":[{"@type":"WebPage","@id":"https:\/\/business.roovi.com\/fr\/puzzle-adulte-de-1000-pieces-motif-hiboux\/p\/","url":"https:\/\/business.roovi.com\/fr\/puzzle-adulte-de-1000-pieces-motif-hiboux\/p\/","name":"Puzzle adulte de 1000 pi\u00e8ces - Motif Hiboux","isPartOf":{"@id":"https:\/\/business.roovi.com\/fr\/#website"},"datePublished":"2021-03-05T09:37:21+00:00","dateModified":"2022-07-13T10:13:18+00:00","description":"Puzzle adulte de 1000 pi\u00e8ces - Motif Hiboux","breadcrumb":{"@id":"https:\/\/business.roovi.com\/fr\/puzzle-adulte-de-1000-pieces-motif-hiboux\/p\/#breadcrumb"},"inLanguage":"fr-FR","potentialAction":[{"@type":"ReadAction","target":["https:\/\/business.roovi.com\/fr\/puzzle-adulte-de-1000-pieces-motif-hiboux\/p\/"]}]},{"@type":"BreadcrumbList","@id":"https:\/\/business.roovi.com\/fr\/puzzle-adulte-de-1000-pieces-motif-hiboux\/p\/#breadcrumb","itemListElement":[{"@type":"ListItem","position":1,"name":"Home","item":"https:\/\/business.roovi.com\/fr\/"},{"@type":"ListItem","position":2,"name":"Boutique","item":"https:\/\/business.roovi.com\/fr\/boutique\/"},{"@type":"ListItem","position":3,"name":"Puzzle adulte de 1000 pi\u00e8ces &#8211; Motif Hiboux"}]},{"@type":"WebSite","@id":"https:\/\/business.roovi.com\/fr\/#website","url":"https:\/\/business.roovi.com\/fr\/","name":"Roovi B2B","description":"Roovi Business Website","potentialAction":[{"@type":"SearchAction","target":{"@type":"EntryPoint","urlTemplate":"https:\/\/business.roovi.com\/fr\/?s={search_term_string}"},"query-input":"required name=search_term_string"}],"inLanguage":"fr-FR"}]}},"_links":{"self":[{"href":"https:\/\/business.roovi.com\/fr\/wp-json\/wp\/v2\/product\/51654","targetHints":{"allow":["GET"]}}],"collection":[{"href":"https:\/\/business.roovi.com\/fr\/wp-json\/wp\/v2\/product"}],"about":[{"href":"https:\/\/business.roovi.com\/fr\/wp-json\/wp\/v2\/types\/product"}],"version-history":[{"count":0,"href":"https:\/\/business.roovi.com\/fr\/wp-json\/wp\/v2\/product\/51654\/revisions"}],"wp:featuredmedia":[{"embeddable":true,"href":"https:\/\/business.roovi.com\/fr\/wp-json\/wp\/v2\/media\/51655"}],"wp:attachment":[{"href":"https:\/\/business.roovi.com\/fr\/wp-json\/wp\/v2\/media?parent=51654"}],"wp:term":[{"taxonomy":"product_brand","embeddable":true,"href":"https:\/\/business.roovi.com\/fr\/wp-json\/wp\/v2\/product_brand?post=51654"},{"taxonomy":"product_cat","embeddable":true,"href":"https:\/\/business.roovi.com\/fr\/wp-json\/wp\/v2\/product_cat?post=51654"},{"taxonomy":"product_tag","embeddable":true,"href":"https:\/\/business.roovi.com\/fr\/wp-json\/wp\/v2\/product_tag?post=51654"}],"curies":[{"name":"wp","href":"https:\/\/api.w.org\/{rel}","templated":true}]}}