{"id":51664,"date":"2021-03-05T09:34:28","date_gmt":"2021-03-05T09:34:28","guid":{"rendered":"https:\/\/business.roovi.com\/puzzle-adulti-1000-piese-pattern-elephants-elefanti\/p\/"},"modified":"2022-07-13T10:13:20","modified_gmt":"2022-07-13T10:13:20","slug":"puzzle-adulte-1000-pieces-motif-elephants-elephants","status":"publish","type":"product","link":"https:\/\/business.roovi.com\/fr\/puzzle-adulte-1000-pieces-motif-elephants-elephants\/p\/","title":{"rendered":"Puzzle adulte 1000 pi\u00e8ces Motif \u00c9l\u00e9phants \/ Elephants"},"content":{"rendered":"<p><span style=\"font-weight: 400;\">Tu aimes les puzzles ? D\u00e9couvre le puzzle 1000 pi\u00e8ces &#8211; \u00c9l\u00e9phants, une image complexe qui fera passer ta passion pour les puzzles au niveau sup\u00e9rieur.<\/span><\/p>\n<p><span style=\"font-weight: 400;\">Chaque amateur de puzzle 1000 pi\u00e8ces ressent \u00e0 un moment donn\u00e9 le besoin d&rsquo;un nouveau d\u00e9fi. Le puzzle pour adultes &#8211; Motifs d&rsquo;\u00e9l\u00e9phants a un degr\u00e9 de difficult\u00e9 plus \u00e9lev\u00e9 et est parfait si tu veux faire passer ton jeu de puzzle au niveau sup\u00e9rieur <\/span><\/p>\n<p><span style=\"font-weight: 400;\">Les experts disent que les puzzles difficiles stimulent une activit\u00e9 c\u00e9r\u00e9brale intense et aident les amateurs de puzzles \u00e0 garder un cerveau jeune et sain <\/span><\/p>\n<p><span style=\"font-weight: 400;\">Profite de cette opportunit\u00e9 de d\u00e9veloppement et rel\u00e8ve le d\u00e9fi de compl\u00e9ter un merveilleux tableau avec de nombreux \u00e9l\u00e9phants color\u00e9s. Tu auras de nombreuses heures de d\u00e9tente amusante, en plus de la possibilit\u00e9 de construire un tableau \u00e9tonnant pour d\u00e9corer ta maison.<\/span><\/p>\n<p><span style=\"font-weight: 400;\">Caract\u00e9ristiques Puzzle de 1000 pi\u00e8ces Motif \u00c9l\u00e9phants<\/span><\/p>\n<p><strong>Taille de l&rsquo;image reproduite : 50 x 70 cm. Une table basse standard peut \u00eatre utilis\u00e9e pour l&rsquo;assemblage.<\/strong><\/p>\n<p><strong>Mat\u00e9riau du puzzle <\/strong><\/p>\n<p><strong>carton bleu de haute qualit\u00e9<\/strong><\/p>\n<p><strong>des mat\u00e9riaux durables et recyclables<\/strong><\/p>\n<p><strong>finition semi-brillante, couleurs vives<\/strong><\/p>\n<p><strong>Nombre de pi\u00e8ces de puzzle : 1000<\/strong><\/p>\n<p><strong>\u00c2ge recommand\u00e9 : 14+<\/strong><\/p>\n<p><strong>Pourquoi choisir le puzzle 1000 pi\u00e8ces &#8211; Motifs d&rsquo;\u00e9l\u00e9phants<\/strong><\/p>\n<p><span style=\"font-weight: 400;\">C&rsquo;est un excellent exercice de patience.<\/span><\/p>\n<p><span style=\"font-weight: 400;\">Elle entra\u00eene ton attention sur les plus petits d\u00e9tails.<\/span><\/p>\n<p><span style=\"font-weight: 400;\">Cela t&rsquo;aide \u00e0 devenir pers\u00e9v\u00e9rant.<\/span><\/p>\n<p><span style=\"font-weight: 400;\">Tu apprends \u00e0 ne pas abandonner, m\u00eame lorsque tu penses ne pas pouvoir trouver de solution.<\/span><\/p>\n<p><span style=\"font-weight: 400;\">Cela permet d&rsquo;entra\u00eener ta m\u00e9moire.<\/span><\/p>\n<p><span style=\"font-weight: 400;\">C&rsquo;est l&rsquo;occasion parfaite de te d\u00e9tacher du quotidien.<\/span><\/p>\n<p><span style=\"font-weight: 400;\">Tu cr\u00e9es une belle image de tes propres mains.<\/span><\/p>\n<p><strong>Tu savais que&#8230; ?<\/strong><\/p>\n<p><span style=\"font-weight: 400;\">Les \u00e9l\u00e9phants sont tr\u00e8s intelligents et ont une excellente m\u00e9moire. Ce n&rsquo;est pas pour rien qu&rsquo;on l&rsquo;appelle \u00ab\u00a0m\u00e9moire d&rsquo;\u00e9l\u00e9phant\u00a0\u00bb ! Les chercheurs ont d\u00e9couvert qu&rsquo;ils n&rsquo;oublient jamais rien.<\/span><\/p>\n<p><span style=\"font-weight: 400;\">Ils dorment tr\u00e8s peu, environ 2-4 heures par jour. Ils dorment debout. Parfois, ils passent deux jours sans se reposer.<\/span><\/p>\n<p><span style=\"font-weight: 400;\">Dans la famille des \u00e9l\u00e9phants, ce sont les femmes qui m\u00e8nent la danse. Elle est charg\u00e9e de mener le troupeau vers des endroits o\u00f9 se trouvent de la nourriture et de l&rsquo;eau, mais aussi d&rsquo;apprendre aux jeunes \u00e9l\u00e9phants \u00e0 se socialiser.<\/span><\/p>\n<p><span style=\"font-weight: 400;\">Ils utilisent la boue comme \u00e9cran solaire.<\/span><\/p>\n<p><span style=\"font-weight: 400;\">La trompe de l&rsquo;\u00e9l\u00e9phant est un organe complexe compos\u00e9 d&rsquo;environ 40 000 muscles. Il peut contenir jusqu&rsquo;\u00e0 15 litres d&rsquo;eau.<\/span><\/p>\n<p><span style=\"font-weight: 400;\">Les \u00e9l\u00e9phants sont les mammif\u00e8res dont la p\u00e9riode de gestation est la plus longue : 22-24 mois.<\/span><\/p>\n<p><strong>Puzzle \u00e9l\u00e9phant de 1000 pi\u00e8ces &#8211; peinture d\u00e9corative et objet de chance<\/strong><\/p>\n<p><span style=\"font-weight: 400;\">L&rsquo;image de l&rsquo;\u00e9l\u00e9phant a divers symboles dans les cultures et les religions du monde. Dans l&rsquo;art feng shui, on consid\u00e8re qu&rsquo;elle apporte chance et bonheur, et dans le bouddhisme, elle repr\u00e9sente la force, la dignit\u00e9 et l&rsquo;humilit\u00e9. C&rsquo;est pourquoi dans de nombreux pays d&rsquo;Afrique et d&rsquo;Asie, ces animaux sont respect\u00e9s et v\u00e9n\u00e9r\u00e9s.<\/span><\/p>\n<p><span style=\"font-weight: 400;\">Si tu collectionnes des objets que tu consid\u00e8res comme des porte-bonheur ou si tu es passionn\u00e9 par les cultures asiatiques et africaines, alors ce puzzle image \u00e9l\u00e9phant de 1000 pi\u00e8ces est l&rsquo;occasion parfaite d&rsquo;ajouter un symbole unique \u00e0 ta collection <\/span><\/p>\n<p><span style=\"font-weight: 400;\">Fais infuser le th\u00e9 le plus aromatique que tu aies, rapproche ta table basse dans le salon, pose pi\u00e8ce par pi\u00e8ce et entre dans un \u00e9tat de calme et de relaxation incroyable. \u00c0 la fin, une peinture color\u00e9e ravira tes yeux, avec de nombreuses images vibrantes d&rsquo;\u00e9l\u00e9phants apportant chance et prosp\u00e9rit\u00e9.<\/span><\/p>\n<p><span style=\"font-weight: 400;\">Ach\u00e8te maintenant le puzzle 1000 pi\u00e8ces &#8211; Mod\u00e8les d&rsquo;\u00e9l\u00e9phants et entra\u00eene tes comp\u00e9tences pendant les apr\u00e8s-midi mornes o\u00f9 le mauvais temps te retient \u00e0 l&rsquo;int\u00e9rieur. Ou bien fais appel \u00e0 tes amis pour t&rsquo;aider et recr\u00e9er ensemble une merveilleuse image d&rsquo;\u00e9l\u00e9phants color\u00e9s dans ce puzzle pour adultes.<\/span><\/p>\n<p><span style=\"font-weight: 400;\">Tu veux tester la patience de tes proches ? Le puzzle de 1000 pi\u00e8ces &#8211; \u00c9l\u00e9phants est le cadeau id\u00e9al pour eux.<\/span><\/p><\/p>\n","protected":false},"excerpt":{"rendered":"<p>Tu aimes les puzzles ? D\u00e9couvre le puzzle 1000 pi\u00e8ces &#8211; \u00c9l\u00e9phants, une image complexe qui fera passer ta passion<\/p>\n","protected":false},"featured_media":51666,"template":"","meta":[],"product_brand":[],"product_cat":[2314,2315,2316],"product_tag":[],"class_list":{"0":"post-51664","1":"product","2":"type-product","3":"status-publish","4":"has-post-thumbnail","6":"product_cat-puzzles-fr","7":"product_cat-puzzles-pour-adultes","8":"product_cat-puzzles-de-1000-pieces","9":"pa_brand-d_toys-fr","10":"pa_country_of_manufacture-ro-fr","11":"pa_filter_age-14-fr","12":"pa_tip_ambalaj-boite","13":"pa_tip_puzzle-classique","15":"first","16":"instock","17":"taxable","18":"shipping-taxable","19":"product-type-simple"},"yoast_head":"<!-- This site is optimized with the Yoast SEO plugin v20.1 - https:\/\/yoast.com\/wordpress\/plugins\/seo\/ -->\n<title>Puzzle adulte 1000 pi\u00e8ces Motif \u00c9l\u00e9phants \/ Elephants<\/title>\n<meta name=\"description\" content=\"Puzzle adulte 1000 pi\u00e8ces Motif \u00c9l\u00e9phants \/ Elephants\" \/>\n<meta name=\"robots\" content=\"index, follow, max-snippet:-1, max-image-preview:large, max-video-preview:-1\" \/>\n<link rel=\"canonical\" href=\"https:\/\/business.roovi.com\/fr\/puzzle-adulte-1000-pieces-motif-elephants-elephants\/p\/\" \/>\n<meta property=\"og:locale\" content=\"fr_FR\" \/>\n<meta property=\"og:type\" content=\"article\" \/>\n<meta property=\"og:title\" content=\"Puzzle adulte 1000 pi\u00e8ces Motif \u00c9l\u00e9phants \/ Elephants\" \/>\n<meta property=\"og:description\" content=\"Puzzle adulte 1000 pi\u00e8ces Motif \u00c9l\u00e9phants \/ Elephants\" \/>\n<meta property=\"og:url\" content=\"https:\/\/business.roovi.com\/fr\/puzzle-adulte-1000-pieces-motif-elephants-elephants\/p\/\" \/>\n<meta property=\"og:site_name\" content=\"Roovi B2B\" \/>\n<meta property=\"article:publisher\" content=\"https:\/\/www.facebook.com\/wwwjucariero\" \/>\n<meta property=\"article:modified_time\" content=\"2022-07-13T10:13:20+00:00\" \/>\n<meta property=\"og:image\" content=\"https:\/\/business.roovi.com\/wp-content\/uploads\/2021\/03\/77516_ansamblu_dimensiuni_cutie_cm_orizontal_1200x1200.png\" \/>\n\t<meta property=\"og:image:width\" content=\"1200\" \/>\n\t<meta property=\"og:image:height\" content=\"1200\" \/>\n\t<meta property=\"og:image:type\" content=\"image\/png\" \/>\n<meta name=\"twitter:label1\" content=\"Dur\u00e9e de lecture estim\u00e9e\" \/>\n\t<meta name=\"twitter:data1\" content=\"3 minutes\" \/>\n<script type=\"application\/ld+json\" class=\"yoast-schema-graph\">{\"@context\":\"https:\/\/schema.org\",\"@graph\":[{\"@type\":\"WebPage\",\"@id\":\"https:\/\/business.roovi.com\/fr\/puzzle-adulte-1000-pieces-motif-elephants-elephants\/p\/\",\"url\":\"https:\/\/business.roovi.com\/fr\/puzzle-adulte-1000-pieces-motif-elephants-elephants\/p\/\",\"name\":\"Puzzle adulte 1000 pi\u00e8ces Motif \u00c9l\u00e9phants \/ Elephants\",\"isPartOf\":{\"@id\":\"https:\/\/business.roovi.com\/fr\/#website\"},\"datePublished\":\"2021-03-05T09:34:28+00:00\",\"dateModified\":\"2022-07-13T10:13:20+00:00\",\"description\":\"Puzzle adulte 1000 pi\u00e8ces Motif \u00c9l\u00e9phants \/ Elephants\",\"breadcrumb\":{\"@id\":\"https:\/\/business.roovi.com\/fr\/puzzle-adulte-1000-pieces-motif-elephants-elephants\/p\/#breadcrumb\"},\"inLanguage\":\"fr-FR\",\"potentialAction\":[{\"@type\":\"ReadAction\",\"target\":[\"https:\/\/business.roovi.com\/fr\/puzzle-adulte-1000-pieces-motif-elephants-elephants\/p\/\"]}]},{\"@type\":\"BreadcrumbList\",\"@id\":\"https:\/\/business.roovi.com\/fr\/puzzle-adulte-1000-pieces-motif-elephants-elephants\/p\/#breadcrumb\",\"itemListElement\":[{\"@type\":\"ListItem\",\"position\":1,\"name\":\"Home\",\"item\":\"https:\/\/business.roovi.com\/fr\/\"},{\"@type\":\"ListItem\",\"position\":2,\"name\":\"Boutique\",\"item\":\"https:\/\/business.roovi.com\/fr\/boutique\/\"},{\"@type\":\"ListItem\",\"position\":3,\"name\":\"Puzzle adulte 1000 pi\u00e8ces Motif \u00c9l\u00e9phants \/ Elephants\"}]},{\"@type\":\"WebSite\",\"@id\":\"https:\/\/business.roovi.com\/fr\/#website\",\"url\":\"https:\/\/business.roovi.com\/fr\/\",\"name\":\"Roovi B2B\",\"description\":\"Roovi Business Website\",\"potentialAction\":[{\"@type\":\"SearchAction\",\"target\":{\"@type\":\"EntryPoint\",\"urlTemplate\":\"https:\/\/business.roovi.com\/fr\/?s={search_term_string}\"},\"query-input\":\"required name=search_term_string\"}],\"inLanguage\":\"fr-FR\"}]}<\/script>\n<!-- \/ Yoast SEO plugin. -->","yoast_head_json":{"title":"Puzzle adulte 1000 pi\u00e8ces Motif \u00c9l\u00e9phants \/ Elephants","description":"Puzzle adulte 1000 pi\u00e8ces Motif \u00c9l\u00e9phants \/ Elephants","robots":{"index":"index","follow":"follow","max-snippet":"max-snippet:-1","max-image-preview":"max-image-preview:large","max-video-preview":"max-video-preview:-1"},"canonical":"https:\/\/business.roovi.com\/fr\/puzzle-adulte-1000-pieces-motif-elephants-elephants\/p\/","og_locale":"fr_FR","og_type":"article","og_title":"Puzzle adulte 1000 pi\u00e8ces Motif \u00c9l\u00e9phants \/ Elephants","og_description":"Puzzle adulte 1000 pi\u00e8ces Motif \u00c9l\u00e9phants \/ Elephants","og_url":"https:\/\/business.roovi.com\/fr\/puzzle-adulte-1000-pieces-motif-elephants-elephants\/p\/","og_site_name":"Roovi B2B","article_publisher":"https:\/\/www.facebook.com\/wwwjucariero","article_modified_time":"2022-07-13T10:13:20+00:00","og_image":[{"width":1200,"height":1200,"url":"https:\/\/business.roovi.com\/wp-content\/uploads\/2021\/03\/77516_ansamblu_dimensiuni_cutie_cm_orizontal_1200x1200.png","type":"image\/png"}],"twitter_misc":{"Dur\u00e9e de lecture estim\u00e9e":"3 minutes"},"schema":{"@context":"https:\/\/schema.org","@graph":[{"@type":"WebPage","@id":"https:\/\/business.roovi.com\/fr\/puzzle-adulte-1000-pieces-motif-elephants-elephants\/p\/","url":"https:\/\/business.roovi.com\/fr\/puzzle-adulte-1000-pieces-motif-elephants-elephants\/p\/","name":"Puzzle adulte 1000 pi\u00e8ces Motif \u00c9l\u00e9phants \/ Elephants","isPartOf":{"@id":"https:\/\/business.roovi.com\/fr\/#website"},"datePublished":"2021-03-05T09:34:28+00:00","dateModified":"2022-07-13T10:13:20+00:00","description":"Puzzle adulte 1000 pi\u00e8ces Motif \u00c9l\u00e9phants \/ Elephants","breadcrumb":{"@id":"https:\/\/business.roovi.com\/fr\/puzzle-adulte-1000-pieces-motif-elephants-elephants\/p\/#breadcrumb"},"inLanguage":"fr-FR","potentialAction":[{"@type":"ReadAction","target":["https:\/\/business.roovi.com\/fr\/puzzle-adulte-1000-pieces-motif-elephants-elephants\/p\/"]}]},{"@type":"BreadcrumbList","@id":"https:\/\/business.roovi.com\/fr\/puzzle-adulte-1000-pieces-motif-elephants-elephants\/p\/#breadcrumb","itemListElement":[{"@type":"ListItem","position":1,"name":"Home","item":"https:\/\/business.roovi.com\/fr\/"},{"@type":"ListItem","position":2,"name":"Boutique","item":"https:\/\/business.roovi.com\/fr\/boutique\/"},{"@type":"ListItem","position":3,"name":"Puzzle adulte 1000 pi\u00e8ces Motif \u00c9l\u00e9phants \/ Elephants"}]},{"@type":"WebSite","@id":"https:\/\/business.roovi.com\/fr\/#website","url":"https:\/\/business.roovi.com\/fr\/","name":"Roovi B2B","description":"Roovi Business Website","potentialAction":[{"@type":"SearchAction","target":{"@type":"EntryPoint","urlTemplate":"https:\/\/business.roovi.com\/fr\/?s={search_term_string}"},"query-input":"required name=search_term_string"}],"inLanguage":"fr-FR"}]}},"_links":{"self":[{"href":"https:\/\/business.roovi.com\/fr\/wp-json\/wp\/v2\/product\/51664","targetHints":{"allow":["GET"]}}],"collection":[{"href":"https:\/\/business.roovi.com\/fr\/wp-json\/wp\/v2\/product"}],"about":[{"href":"https:\/\/business.roovi.com\/fr\/wp-json\/wp\/v2\/types\/product"}],"version-history":[{"count":0,"href":"https:\/\/business.roovi.com\/fr\/wp-json\/wp\/v2\/product\/51664\/revisions"}],"wp:featuredmedia":[{"embeddable":true,"href":"https:\/\/business.roovi.com\/fr\/wp-json\/wp\/v2\/media\/51666"}],"wp:attachment":[{"href":"https:\/\/business.roovi.com\/fr\/wp-json\/wp\/v2\/media?parent=51664"}],"wp:term":[{"taxonomy":"product_brand","embeddable":true,"href":"https:\/\/business.roovi.com\/fr\/wp-json\/wp\/v2\/product_brand?post=51664"},{"taxonomy":"product_cat","embeddable":true,"href":"https:\/\/business.roovi.com\/fr\/wp-json\/wp\/v2\/product_cat?post=51664"},{"taxonomy":"product_tag","embeddable":true,"href":"https:\/\/business.roovi.com\/fr\/wp-json\/wp\/v2\/product_tag?post=51664"}],"curies":[{"name":"wp","href":"https:\/\/api.w.org\/{rel}","templated":true}]}}