{"id":51690,"date":"2021-03-05T09:20:50","date_gmt":"2021-03-05T09:20:50","guid":{"rendered":"https:\/\/business.roovi.com\/puzzle-adulti-1000-piese-marie-spartali-stillman-fiammetta-singing\/p\/"},"modified":"2022-07-13T10:13:29","modified_gmt":"2022-07-13T10:13:29","slug":"marie-spartali-stillman-fiammetta-singing-puzzle-adulte-1000-pieces","status":"publish","type":"product","link":"https:\/\/business.roovi.com\/fr\/marie-spartali-stillman-fiammetta-singing-puzzle-adulte-1000-pieces\/p\/","title":{"rendered":"Marie Spartali Stillman &#8211; Fiammetta Singing Puzzle adulte 1000 pi\u00e8ces"},"content":{"rendered":"<p><span style=\"font-weight: 400;\">Nous t&rsquo;invitons dans la plus grande galerie d&rsquo;art avec des puzzles de 1000 pi\u00e8ces repr\u00e9sentant des peintures c\u00e9l\u00e8bres. Choisis de superbes jeux de puzzle, reconstruis les images et admire les d\u00e9tails \u00e9tonnants des chefs-d&rsquo;\u0153uvre artistiques.<\/span><\/p>\n<p><span style=\"font-weight: 400;\">Le nom de Marie Spartali Stillman ne t&rsquo;est probablement pas familier. Cette artiste talentueuse a v\u00e9cu \u00e0 l&rsquo;\u00e9poque victorienne, une \u00e9poque o\u00f9 il \u00e9tait difficile pour les femmes de se d\u00e9marquer professionnellement. Cependant, elle a suscit\u00e9 l&rsquo;admiration et le respect de ses pairs pr\u00e9rapha\u00e9lites qui ont unanimement reconnu son talent artistique.<\/span><\/p>\n<p><span style=\"font-weight: 400;\">Marie Spartali Stillman &#8211; Fiammetta Singing est un puzzle de 1000 pi\u00e8ces qui reproduit l&rsquo;image du tableau \u00e9ponyme, qui se concentre sur le personnage de Fiammetta. Elle est l&rsquo;une des figures f\u00e9minines les plus c\u00e9l\u00e8bres des \u0153uvres de Boccace et a servi de mod\u00e8le artistique \u00e0 de nombreux peintres pr\u00e9rapha\u00e9lites au fil des ans <\/span><\/p>\n<p><span style=\"font-weight: 400;\">Tu veux d\u00e9couvrir les fins coups de pinceau et les d\u00e9tails \u00e9tonnants de cette superbe \u0153uvre d&rsquo;art ? Assemble le puzzle artistique Marie Spartali Stillman &#8211; Fiammetta Singing et obtiens une copie parfaite de la splendide peinture. Tu peux utiliser une table basse standard pour l&rsquo;assemblage. L&rsquo;image reconstitu\u00e9e mesure 50 x 70 cm.<\/span><\/p>\n<p><span style=\"font-weight: 400;\">Comprend un puzzle de 1000 pi\u00e8ces Marie Spartali Stillman &#8211; Fiammetta Singing :<\/span><\/p>\n<p><strong>Mat\u00e9riau du puzzle <\/strong><\/p>\n<p><strong>carton bleu de haute qualit\u00e9<\/strong><\/p>\n<p><strong>des mat\u00e9riaux durables et recyclables<\/strong><\/p>\n<p><strong>finition semi-brillante, couleurs vives<\/strong><\/p>\n<p><strong>Nombre de pi\u00e8ces de puzzle : 1000<\/strong><\/p>\n<p><strong>\u00c2ge recommand\u00e9 : 14+<\/strong><\/p>\n<p><strong>Pourquoi l&rsquo;art est si sp\u00e9cial puzzle Marie Spartali Stillman &#8211; Fiammetta Singing<\/strong><\/p>\n<ul>\n<li><span style=\"font-weight: 400;\">Tu obtiendras une peinture fascinante que tu pourras encadrer et exposer dans ta maison.<\/span><\/li>\n<li><span style=\"font-weight: 400;\">Tu vas te d\u00e9tendre et te d\u00e9tacher des probl\u00e8mes quotidiens.<\/span><\/li>\n<li><span style=\"font-weight: 400;\">Tu vas t&rsquo;exercer et perfectionner tes comp\u00e9tences d&rsquo;adulte en mati\u00e8re d&rsquo;assemblage de puzzles.<\/span><\/li>\n<li><span style=\"font-weight: 400;\">Tu d\u00e9velopperas ton sens du d\u00e9tail et ta capacit\u00e9 \u00e0 te concentrer.<\/span><\/li>\n<li><span style=\"font-weight: 400;\">Tu deviendras plus pers\u00e9v\u00e9rant dans d&rsquo;autres situations de ta vie car tu es entra\u00een\u00e9 \u00e0 le faire.<\/span><\/li>\n<\/ul>\n<p><strong>\u00c0 propos de<\/strong> <strong>Marie Spartali Stillman, tu connais ?<\/strong><\/p>\n<p><span style=\"font-weight: 400;\">Elle venait d&rsquo;une famille ais\u00e9e qui organisait des f\u00eates bourgeoises pour les jeunes artistes en herbe.<\/span><\/p>\n<p><span style=\"font-weight: 400;\">Elle a travaill\u00e9 comme mod\u00e8le pour tous les grands peintres du groupe pr\u00e9rapha\u00e9lite : Edward Burne-Jones, James Whistler, Dante Gabriel Rossetti et bien d&rsquo;autres <\/span><\/p>\n<p><span style=\"font-weight: 400;\">Elle a \u00e9pous\u00e9 William James Stillman, un peintre et \u00e9crivain am\u00e9ricain, contre la famille et lui a c\u00e9d\u00e9 son h\u00e9ritage <\/span><\/p>\n<p><span style=\"font-weight: 400;\">Elle n&rsquo;a jamais \u00e9t\u00e9 mannequin pour son mari.<\/span><\/p>\n<p><span style=\"font-weight: 400;\">On disait d&rsquo;elle qu&rsquo;elle \u00e9tait d&rsquo;une rare beaut\u00e9. Po\u00e8te <\/span><span style=\"font-weight: 400;\">Algernon Charles Swinburne a \u00e9crit d&rsquo;elle que <\/span><em><span style=\"font-weight: 400;\">\u00ab\u00a0Elle est si belle qu&rsquo;elle me fait m&rsquo;asseoir et pleurer\u00a0\u00bb.<\/span><\/em><\/p>\n<p><strong>Puzzle art &#8211; un exercice complet pour le cerveau<\/strong><\/p>\n<p><span style=\"font-weight: 400;\">Savais-tu que lorsque tu participes \u00e0 un jeu de r\u00e9flexion, tu entra\u00eenes les deux h\u00e9misph\u00e8res de ton cerveau ? Le c\u00f4t\u00e9 droit, qui est responsable de la pens\u00e9e cr\u00e9ative et intuitive, est dans un front commun avec le c\u00f4t\u00e9 gauche, qui est responsable de la pens\u00e9e logique.<\/span><\/p>\n<p><span style=\"font-weight: 400;\">Cet exercice cr\u00e9atif et relaxant, pratiqu\u00e9 tous les jours, maintient ton cerveau en bonne sant\u00e9 et aide \u00e0 pr\u00e9venir les maladies neurod\u00e9g\u00e9n\u00e9ratives telles que l&rsquo;Alzheimer ou la d\u00e9mence.<\/span><\/p>\n<p><span style=\"font-weight: 400;\">Ach\u00e8te le puzzle de 1000 pi\u00e8ces Marie Spartali Stillman &#8211; Fiammetta Singing de la collection de puzzles d&rsquo;art et vis l&rsquo;exp\u00e9rience unique de reconstituer un tableau c\u00e9l\u00e8bre. R\u00e9unis ta famille ou tes amis et recr\u00e9ez ensemble l&rsquo;image du puzzle de 1000 pi\u00e8ces.<\/span><\/p>\n<p><span style=\"font-weight: 400;\">Tu veux offrir un cadeau sp\u00e9cial \u00e0 un \u00eatre cher ? Marie Spartali Stillman &#8211; Fiammetta Singing art puzzle est le choix id\u00e9al pour une agr\u00e9able surprise.<\/span><\/p><\/p>\n","protected":false},"excerpt":{"rendered":"<p>Nous t&rsquo;invitons dans la plus grande galerie d&rsquo;art avec des puzzles de 1000 pi\u00e8ces repr\u00e9sentant des peintures c\u00e9l\u00e8bres. Choisis de<\/p>\n","protected":false},"featured_media":64278,"template":"","meta":[],"product_brand":[],"product_cat":[2314,2315,2316],"product_tag":[],"class_list":{"0":"post-51690","1":"product","2":"type-product","3":"status-publish","4":"has-post-thumbnail","6":"product_cat-puzzles-fr","7":"product_cat-puzzles-pour-adultes","8":"product_cat-puzzles-de-1000-pieces","9":"pa_brand-deico-fr","10":"pa_country_of_manufacture-ro-fr","11":"pa_filter_age-14-fr","12":"pa_tip_ambalaj-boite","13":"pa_tip_puzzle-classique","15":"first","16":"instock","17":"taxable","18":"shipping-taxable","19":"product-type-simple"},"yoast_head":"<!-- This site is optimized with the Yoast SEO plugin v20.1 - https:\/\/yoast.com\/wordpress\/plugins\/seo\/ -->\n<title>Marie Spartali Stillman - Fiammetta Singing Puzzle adulte 1000 pi\u00e8ces<\/title>\n<meta name=\"description\" content=\"Marie Spartali Stillman - Fiammetta Singing Puzzle adulte 1000 pi\u00e8ces\" \/>\n<meta name=\"robots\" content=\"index, follow, max-snippet:-1, max-image-preview:large, max-video-preview:-1\" \/>\n<link rel=\"canonical\" href=\"https:\/\/business.roovi.com\/fr\/marie-spartali-stillman-fiammetta-singing-puzzle-adulte-1000-pieces\/p\/\" \/>\n<meta property=\"og:locale\" content=\"fr_FR\" \/>\n<meta property=\"og:type\" content=\"article\" \/>\n<meta property=\"og:title\" content=\"Marie Spartali Stillman - Fiammetta Singing Puzzle adulte 1000 pi\u00e8ces\" \/>\n<meta property=\"og:description\" content=\"Marie Spartali Stillman - Fiammetta Singing Puzzle adulte 1000 pi\u00e8ces\" \/>\n<meta property=\"og:url\" content=\"https:\/\/business.roovi.com\/fr\/marie-spartali-stillman-fiammetta-singing-puzzle-adulte-1000-pieces\/p\/\" \/>\n<meta property=\"og:site_name\" content=\"Roovi B2B\" \/>\n<meta property=\"article:publisher\" content=\"https:\/\/www.facebook.com\/wwwjucariero\" \/>\n<meta property=\"article:modified_time\" content=\"2022-07-13T10:13:29+00:00\" \/>\n<meta property=\"og:image\" content=\"https:\/\/business.roovi.com\/wp-content\/uploads\/2021\/03\/puzzle_1000_deico_games_marie_spartali_stillman_fiammetta_singing-77462.jpg\" \/>\n\t<meta property=\"og:image:width\" content=\"1000\" \/>\n\t<meta property=\"og:image:height\" content=\"1000\" \/>\n\t<meta property=\"og:image:type\" content=\"image\/jpeg\" \/>\n<meta name=\"twitter:label1\" content=\"Dur\u00e9e de lecture estim\u00e9e\" \/>\n\t<meta name=\"twitter:data1\" content=\"3 minutes\" \/>\n<script type=\"application\/ld+json\" class=\"yoast-schema-graph\">{\"@context\":\"https:\/\/schema.org\",\"@graph\":[{\"@type\":\"WebPage\",\"@id\":\"https:\/\/business.roovi.com\/fr\/marie-spartali-stillman-fiammetta-singing-puzzle-adulte-1000-pieces\/p\/\",\"url\":\"https:\/\/business.roovi.com\/fr\/marie-spartali-stillman-fiammetta-singing-puzzle-adulte-1000-pieces\/p\/\",\"name\":\"Marie Spartali Stillman - Fiammetta Singing Puzzle adulte 1000 pi\u00e8ces\",\"isPartOf\":{\"@id\":\"https:\/\/business.roovi.com\/fr\/#website\"},\"datePublished\":\"2021-03-05T09:20:50+00:00\",\"dateModified\":\"2022-07-13T10:13:29+00:00\",\"description\":\"Marie Spartali Stillman - Fiammetta Singing Puzzle adulte 1000 pi\u00e8ces\",\"breadcrumb\":{\"@id\":\"https:\/\/business.roovi.com\/fr\/marie-spartali-stillman-fiammetta-singing-puzzle-adulte-1000-pieces\/p\/#breadcrumb\"},\"inLanguage\":\"fr-FR\",\"potentialAction\":[{\"@type\":\"ReadAction\",\"target\":[\"https:\/\/business.roovi.com\/fr\/marie-spartali-stillman-fiammetta-singing-puzzle-adulte-1000-pieces\/p\/\"]}]},{\"@type\":\"BreadcrumbList\",\"@id\":\"https:\/\/business.roovi.com\/fr\/marie-spartali-stillman-fiammetta-singing-puzzle-adulte-1000-pieces\/p\/#breadcrumb\",\"itemListElement\":[{\"@type\":\"ListItem\",\"position\":1,\"name\":\"Home\",\"item\":\"https:\/\/business.roovi.com\/fr\/\"},{\"@type\":\"ListItem\",\"position\":2,\"name\":\"Boutique\",\"item\":\"https:\/\/business.roovi.com\/fr\/boutique\/\"},{\"@type\":\"ListItem\",\"position\":3,\"name\":\"Marie Spartali Stillman &#8211; Fiammetta Singing Puzzle adulte 1000 pi\u00e8ces\"}]},{\"@type\":\"WebSite\",\"@id\":\"https:\/\/business.roovi.com\/fr\/#website\",\"url\":\"https:\/\/business.roovi.com\/fr\/\",\"name\":\"Roovi B2B\",\"description\":\"Roovi Business Website\",\"potentialAction\":[{\"@type\":\"SearchAction\",\"target\":{\"@type\":\"EntryPoint\",\"urlTemplate\":\"https:\/\/business.roovi.com\/fr\/?s={search_term_string}\"},\"query-input\":\"required name=search_term_string\"}],\"inLanguage\":\"fr-FR\"}]}<\/script>\n<!-- \/ Yoast SEO plugin. -->","yoast_head_json":{"title":"Marie Spartali Stillman - Fiammetta Singing Puzzle adulte 1000 pi\u00e8ces","description":"Marie Spartali Stillman - Fiammetta Singing Puzzle adulte 1000 pi\u00e8ces","robots":{"index":"index","follow":"follow","max-snippet":"max-snippet:-1","max-image-preview":"max-image-preview:large","max-video-preview":"max-video-preview:-1"},"canonical":"https:\/\/business.roovi.com\/fr\/marie-spartali-stillman-fiammetta-singing-puzzle-adulte-1000-pieces\/p\/","og_locale":"fr_FR","og_type":"article","og_title":"Marie Spartali Stillman - Fiammetta Singing Puzzle adulte 1000 pi\u00e8ces","og_description":"Marie Spartali Stillman - Fiammetta Singing Puzzle adulte 1000 pi\u00e8ces","og_url":"https:\/\/business.roovi.com\/fr\/marie-spartali-stillman-fiammetta-singing-puzzle-adulte-1000-pieces\/p\/","og_site_name":"Roovi B2B","article_publisher":"https:\/\/www.facebook.com\/wwwjucariero","article_modified_time":"2022-07-13T10:13:29+00:00","og_image":[{"width":1000,"height":1000,"url":"https:\/\/business.roovi.com\/wp-content\/uploads\/2021\/03\/puzzle_1000_deico_games_marie_spartali_stillman_fiammetta_singing-77462.jpg","type":"image\/jpeg"}],"twitter_misc":{"Dur\u00e9e de lecture estim\u00e9e":"3 minutes"},"schema":{"@context":"https:\/\/schema.org","@graph":[{"@type":"WebPage","@id":"https:\/\/business.roovi.com\/fr\/marie-spartali-stillman-fiammetta-singing-puzzle-adulte-1000-pieces\/p\/","url":"https:\/\/business.roovi.com\/fr\/marie-spartali-stillman-fiammetta-singing-puzzle-adulte-1000-pieces\/p\/","name":"Marie Spartali Stillman - Fiammetta Singing Puzzle adulte 1000 pi\u00e8ces","isPartOf":{"@id":"https:\/\/business.roovi.com\/fr\/#website"},"datePublished":"2021-03-05T09:20:50+00:00","dateModified":"2022-07-13T10:13:29+00:00","description":"Marie Spartali Stillman - Fiammetta Singing Puzzle adulte 1000 pi\u00e8ces","breadcrumb":{"@id":"https:\/\/business.roovi.com\/fr\/marie-spartali-stillman-fiammetta-singing-puzzle-adulte-1000-pieces\/p\/#breadcrumb"},"inLanguage":"fr-FR","potentialAction":[{"@type":"ReadAction","target":["https:\/\/business.roovi.com\/fr\/marie-spartali-stillman-fiammetta-singing-puzzle-adulte-1000-pieces\/p\/"]}]},{"@type":"BreadcrumbList","@id":"https:\/\/business.roovi.com\/fr\/marie-spartali-stillman-fiammetta-singing-puzzle-adulte-1000-pieces\/p\/#breadcrumb","itemListElement":[{"@type":"ListItem","position":1,"name":"Home","item":"https:\/\/business.roovi.com\/fr\/"},{"@type":"ListItem","position":2,"name":"Boutique","item":"https:\/\/business.roovi.com\/fr\/boutique\/"},{"@type":"ListItem","position":3,"name":"Marie Spartali Stillman &#8211; Fiammetta Singing Puzzle adulte 1000 pi\u00e8ces"}]},{"@type":"WebSite","@id":"https:\/\/business.roovi.com\/fr\/#website","url":"https:\/\/business.roovi.com\/fr\/","name":"Roovi B2B","description":"Roovi Business Website","potentialAction":[{"@type":"SearchAction","target":{"@type":"EntryPoint","urlTemplate":"https:\/\/business.roovi.com\/fr\/?s={search_term_string}"},"query-input":"required name=search_term_string"}],"inLanguage":"fr-FR"}]}},"_links":{"self":[{"href":"https:\/\/business.roovi.com\/fr\/wp-json\/wp\/v2\/product\/51690","targetHints":{"allow":["GET"]}}],"collection":[{"href":"https:\/\/business.roovi.com\/fr\/wp-json\/wp\/v2\/product"}],"about":[{"href":"https:\/\/business.roovi.com\/fr\/wp-json\/wp\/v2\/types\/product"}],"version-history":[{"count":0,"href":"https:\/\/business.roovi.com\/fr\/wp-json\/wp\/v2\/product\/51690\/revisions"}],"wp:featuredmedia":[{"embeddable":true,"href":"https:\/\/business.roovi.com\/fr\/wp-json\/wp\/v2\/media\/64278"}],"wp:attachment":[{"href":"https:\/\/business.roovi.com\/fr\/wp-json\/wp\/v2\/media?parent=51690"}],"wp:term":[{"taxonomy":"product_brand","embeddable":true,"href":"https:\/\/business.roovi.com\/fr\/wp-json\/wp\/v2\/product_brand?post=51690"},{"taxonomy":"product_cat","embeddable":true,"href":"https:\/\/business.roovi.com\/fr\/wp-json\/wp\/v2\/product_cat?post=51690"},{"taxonomy":"product_tag","embeddable":true,"href":"https:\/\/business.roovi.com\/fr\/wp-json\/wp\/v2\/product_tag?post=51690"}],"curies":[{"name":"wp","href":"https:\/\/api.w.org\/{rel}","templated":true}]}}