{"id":51699,"date":"2021-03-05T09:16:55","date_gmt":"2021-03-05T09:16:55","guid":{"rendered":"https:\/\/business.roovi.com\/puzzle-adulti-1000-piese-emile-vernon-the-flower-garden\/p\/"},"modified":"2022-07-13T10:13:33","modified_gmt":"2022-07-13T10:13:33","slug":"emile-vernon-le-jardin-des-fleurs-puzzle-adulte-1000-pieces","status":"publish","type":"product","link":"https:\/\/business.roovi.com\/fr\/emile-vernon-le-jardin-des-fleurs-puzzle-adulte-1000-pieces\/p\/","title":{"rendered":"\u00c9mile Vernon &#8211; Le Jardin des Fleurs puzzle adulte 1000 pi\u00e8ces"},"content":{"rendered":"<p><span style=\"font-weight: 400;\">Tu cherches une activit\u00e9 amusante pour les week-ends ennuyeux ? Ou peut-\u00eatre un cadeau unique pour une amie ? Choisis parmi des centaines de jeux de puzzle de la collection de puzzle d&rsquo;art et passe des moments inoubliables avec tes proches en assemblant des images de tableaux c\u00e9l\u00e8bres.<\/span><\/p>\n<p><span style=\"font-weight: 400;\">Pour valoriser ton temps libre, nous avons une superbe recommandation pour toi : le puzzle de 1000 pi\u00e8ces \u00c9mile Vernon &#8211; Le Jardin des Fleurs. L&rsquo;image repr\u00e9sente le portrait d&rsquo;une jeune femme v\u00eatue d&rsquo;une robe d&rsquo;\u00e9t\u00e9 fluide, portant un panier de fleurs <\/span><\/p>\n<p><span style=\"font-weight: 400;\">L&rsquo;art de Vernon rend hommage \u00e0 la beaut\u00e9 f\u00e9minine. Les femmes de ses tableaux sont d&rsquo;une beaut\u00e9 stup\u00e9fiante, radieuses et heureuses. Si toi aussi tu veux admirer un chef-d&rsquo;\u0153uvre qui c\u00e9l\u00e8bre la beaut\u00e9 et la romance f\u00e9minines, \u00c9mile Vernon &#8211; Le Jardin des Fleurs puzzle de 1000 pi\u00e8ces est le choix parfait.<\/span><\/p>\n<p><span style=\"font-weight: 400;\">Nous te recommandons d&rsquo;utiliser une table basse standard pour la reconstruction et le support des pi\u00e8ces. L&rsquo;image reconstruite mesure 70 x 50 cm. Tu trouveras d&rsquo;autres caract\u00e9ristiques du puzzle d&rsquo;art \u00c9mile Vernon &#8211; Le jardin des fleurs ci-dessous :<\/span><\/p>\n<p><strong>Mat\u00e9riau du puzzle <\/strong><\/p>\n<p><strong>carton bleu de haute qualit\u00e9<\/strong><\/p>\n<p><strong>des mat\u00e9riaux durables et recyclables<\/strong><\/p>\n<p><strong>finition semi-brillante, couleurs vives<\/strong><\/p>\n<p><strong>Nombre de pi\u00e8ces de puzzle : 1000<\/strong><\/p>\n<p><strong>\u00c2ge recommand\u00e9 : 14+<\/strong><\/p>\n<p><strong>Pourquoi le puzzle artistique \u00c9mile Vernon &#8211; Le jardin des fleurs est-il si sp\u00e9cial ?<\/strong><\/p>\n<p><span style=\"font-weight: 400;\">Tu obtiendras un tableau aux couleurs chaudes qui ravira tes yeux \u00e0 chaque fois que tu le regarderas.<\/span><\/p>\n<p><span style=\"font-weight: 400;\">Tu as l&rsquo;occasion de faire connaissance avec un artiste du XIXe si\u00e8cle \u00e0 travers un puzzle de 1000 pi\u00e8ces.<\/span><\/p>\n<p><span style=\"font-weight: 400;\">Tu vas entra\u00eener tes comp\u00e9tences en mati\u00e8re de puzzle.<\/span><\/p>\n<p><span style=\"font-weight: 400;\">Tu obtiens de nombreuses heures de d\u00e9tente et de d\u00e9tachement.<\/span><\/p>\n<p><span style=\"font-weight: 400;\">Tu d\u00e9veloppes ton imagination et ton sens artistique.<\/span><\/p>\n<p><span style=\"font-weight: 400;\">Tu apprends \u00e0 faire attention aux d\u00e9tails et \u00e0 appr\u00e9cier les petites choses qui font la diff\u00e9rence et donnent de la valeur \u00e0 l&rsquo;\u0153uvre d&rsquo;art.<\/span><\/p>\n<p><strong>Tu savais que&#8230; ?<\/strong><\/p>\n<p><span style=\"font-weight: 400;\">\u00c9mile Vernon \u00e9tait un peintre fran\u00e7ais qui s&rsquo;est fait remarquer pour ses \u0153uvres d&rsquo;art.<\/span><\/p>\n<p><span style=\"font-weight: 400;\">Il a \u00e9tudi\u00e9 la peinture \u00e0 l&rsquo;\u00c9cole des Beaux-Arts de Tours puis \u00e0 Paris et a expos\u00e9 de nombreux tableaux au Salon des Artistes Fran\u00e7ais jusqu&rsquo;en 1913.<\/span><\/p>\n<p><span style=\"font-weight: 400;\">Il a principalement peint des paysages et des portraits de femmes et d&rsquo;enfants, dans des d\u00e9cors ruraux et des couleurs chaudes, qui transmettent gaiet\u00e9 et joie de vivre.<\/span><\/p>\n<p><span style=\"font-weight: 400;\">Il a \u00e9galement peint plusieurs peintures murales, comme celles du th\u00e9\u00e2tre de Ch\u00e2tellerault en 1899.<\/span><\/p>\n<p><span style=\"font-weight: 400;\">Les critiques d&rsquo;art le louent pour son style acad\u00e9mique et le cr\u00e9ditent pour ses peintures diaphanes et charmantes.<\/span><\/p>\n<p><strong>Des puzzles d&rsquo;art pour l&rsquo;harmonie et le plaisir en famille<\/strong><\/p>\n<p><span style=\"font-weight: 400;\">Passer du temps avec ses proches et cr\u00e9er des souvenirs inoubliables est essentiel pour se sentir heureux et \u00e9panoui. Les jeux de r\u00e9flexion sont un moyen de se d\u00e9tendre et de s&rsquo;amuser ensemble, ce qui vous rapproche et vous donne l&rsquo;occasion de mieux vous conna\u00eetre.<\/span><\/p>\n<p><span style=\"font-weight: 400;\">Avec tes enfants, tes parents ou tes grands-parents, r\u00e9fl\u00e9chis \u00e0 des strat\u00e9gies et construis des images \u00e9tonnantes \u00e0 partir de puzzles. \u00c0 la fin, pour garder le souvenir des merveilleux moments pass\u00e9s dans l&rsquo;intimit\u00e9 de ta propre maison, tu peux encadrer les photos obtenues. Tu admireras un chef-d&rsquo;\u0153uvre r\u00e9alis\u00e9 de tes propres mains et tu auras un souvenir pr\u00e9cieux de votre temps pass\u00e9 ensemble.<\/span><\/p>\n<p><span style=\"font-weight: 400;\">Ach\u00e8te maintenant le puzzle de 1000 pi\u00e8ces \u00c9mile Vernon &#8211; Le Jardin des Fleurs et d\u00e9couvre le monde fascinant de la couleur \u00e0 travers un puzzle artistique. Choisis parmi notre gamme de puzzles d&rsquo;art et autres jeux de puzzle mettant en sc\u00e8ne des tableaux c\u00e9l\u00e8bres et cr\u00e9e ta propre collection de tableaux de puzzle de 1000 pi\u00e8ces.<\/span><\/p>\n<p><span style=\"font-weight: 400;\">Tu veux faire un cadeau sp\u00e9cial pour une amie proche ? Le puzzle artistique \u00c9mile Vernon &#8211; Le jardin des fleurs est le choix id\u00e9al.<\/span><\/p><\/p>\n","protected":false},"excerpt":{"rendered":"<p>Tu cherches une activit\u00e9 amusante pour les week-ends ennuyeux ? Ou peut-\u00eatre un cadeau unique pour une amie ? Choisis<\/p>\n","protected":false},"featured_media":64302,"template":"","meta":[],"product_brand":[],"product_cat":[2314,2315,2316],"product_tag":[],"class_list":{"0":"post-51699","1":"product","2":"type-product","3":"status-publish","4":"has-post-thumbnail","6":"product_cat-puzzles-fr","7":"product_cat-puzzles-pour-adultes","8":"product_cat-puzzles-de-1000-pieces","9":"pa_brand-deico-fr","10":"pa_country_of_manufacture-ro-fr","11":"pa_filter_age-14-fr","12":"pa_tip_ambalaj-boite","13":"pa_tip_puzzle-classique","15":"first","16":"instock","17":"taxable","18":"shipping-taxable","19":"product-type-simple"},"yoast_head":"<!-- This site is optimized with the Yoast SEO plugin v20.1 - https:\/\/yoast.com\/wordpress\/plugins\/seo\/ -->\n<title>\u00c9mile Vernon - Le Jardin des Fleurs puzzle adulte 1000 pi\u00e8ces<\/title>\n<meta name=\"description\" content=\"\u00c9mile Vernon - Le Jardin des Fleurs puzzle adulte 1000 pi\u00e8ces\" \/>\n<meta name=\"robots\" content=\"index, follow, max-snippet:-1, max-image-preview:large, max-video-preview:-1\" \/>\n<link rel=\"canonical\" href=\"https:\/\/business.roovi.com\/fr\/emile-vernon-le-jardin-des-fleurs-puzzle-adulte-1000-pieces\/p\/\" \/>\n<meta property=\"og:locale\" content=\"fr_FR\" \/>\n<meta property=\"og:type\" content=\"article\" \/>\n<meta property=\"og:title\" content=\"\u00c9mile Vernon - Le Jardin des Fleurs puzzle adulte 1000 pi\u00e8ces\" \/>\n<meta property=\"og:description\" content=\"\u00c9mile Vernon - Le Jardin des Fleurs puzzle adulte 1000 pi\u00e8ces\" \/>\n<meta property=\"og:url\" content=\"https:\/\/business.roovi.com\/fr\/emile-vernon-le-jardin-des-fleurs-puzzle-adulte-1000-pieces\/p\/\" \/>\n<meta property=\"og:site_name\" content=\"Roovi B2B\" \/>\n<meta property=\"article:publisher\" content=\"https:\/\/www.facebook.com\/wwwjucariero\" \/>\n<meta property=\"article:modified_time\" content=\"2022-07-13T10:13:33+00:00\" \/>\n<meta property=\"og:image\" content=\"https:\/\/business.roovi.com\/wp-content\/uploads\/2021\/03\/puzzle_1000_deico_games_mile_vernon_the_flower_garden-77608.jpg\" \/>\n\t<meta property=\"og:image:width\" content=\"1000\" \/>\n\t<meta property=\"og:image:height\" content=\"1000\" \/>\n\t<meta property=\"og:image:type\" content=\"image\/jpeg\" \/>\n<meta name=\"twitter:label1\" content=\"Dur\u00e9e de lecture estim\u00e9e\" \/>\n\t<meta name=\"twitter:data1\" content=\"3 minutes\" \/>\n<script type=\"application\/ld+json\" class=\"yoast-schema-graph\">{\"@context\":\"https:\/\/schema.org\",\"@graph\":[{\"@type\":\"WebPage\",\"@id\":\"https:\/\/business.roovi.com\/fr\/emile-vernon-le-jardin-des-fleurs-puzzle-adulte-1000-pieces\/p\/\",\"url\":\"https:\/\/business.roovi.com\/fr\/emile-vernon-le-jardin-des-fleurs-puzzle-adulte-1000-pieces\/p\/\",\"name\":\"\u00c9mile Vernon - Le Jardin des Fleurs puzzle adulte 1000 pi\u00e8ces\",\"isPartOf\":{\"@id\":\"https:\/\/business.roovi.com\/fr\/#website\"},\"datePublished\":\"2021-03-05T09:16:55+00:00\",\"dateModified\":\"2022-07-13T10:13:33+00:00\",\"description\":\"\u00c9mile Vernon - Le Jardin des Fleurs puzzle adulte 1000 pi\u00e8ces\",\"breadcrumb\":{\"@id\":\"https:\/\/business.roovi.com\/fr\/emile-vernon-le-jardin-des-fleurs-puzzle-adulte-1000-pieces\/p\/#breadcrumb\"},\"inLanguage\":\"fr-FR\",\"potentialAction\":[{\"@type\":\"ReadAction\",\"target\":[\"https:\/\/business.roovi.com\/fr\/emile-vernon-le-jardin-des-fleurs-puzzle-adulte-1000-pieces\/p\/\"]}]},{\"@type\":\"BreadcrumbList\",\"@id\":\"https:\/\/business.roovi.com\/fr\/emile-vernon-le-jardin-des-fleurs-puzzle-adulte-1000-pieces\/p\/#breadcrumb\",\"itemListElement\":[{\"@type\":\"ListItem\",\"position\":1,\"name\":\"Home\",\"item\":\"https:\/\/business.roovi.com\/fr\/\"},{\"@type\":\"ListItem\",\"position\":2,\"name\":\"Boutique\",\"item\":\"https:\/\/business.roovi.com\/fr\/boutique\/\"},{\"@type\":\"ListItem\",\"position\":3,\"name\":\"\u00c9mile Vernon &#8211; Le Jardin des Fleurs puzzle adulte 1000 pi\u00e8ces\"}]},{\"@type\":\"WebSite\",\"@id\":\"https:\/\/business.roovi.com\/fr\/#website\",\"url\":\"https:\/\/business.roovi.com\/fr\/\",\"name\":\"Roovi B2B\",\"description\":\"Roovi Business Website\",\"potentialAction\":[{\"@type\":\"SearchAction\",\"target\":{\"@type\":\"EntryPoint\",\"urlTemplate\":\"https:\/\/business.roovi.com\/fr\/?s={search_term_string}\"},\"query-input\":\"required name=search_term_string\"}],\"inLanguage\":\"fr-FR\"}]}<\/script>\n<!-- \/ Yoast SEO plugin. -->","yoast_head_json":{"title":"\u00c9mile Vernon - Le Jardin des Fleurs puzzle adulte 1000 pi\u00e8ces","description":"\u00c9mile Vernon - Le Jardin des Fleurs puzzle adulte 1000 pi\u00e8ces","robots":{"index":"index","follow":"follow","max-snippet":"max-snippet:-1","max-image-preview":"max-image-preview:large","max-video-preview":"max-video-preview:-1"},"canonical":"https:\/\/business.roovi.com\/fr\/emile-vernon-le-jardin-des-fleurs-puzzle-adulte-1000-pieces\/p\/","og_locale":"fr_FR","og_type":"article","og_title":"\u00c9mile Vernon - Le Jardin des Fleurs puzzle adulte 1000 pi\u00e8ces","og_description":"\u00c9mile Vernon - Le Jardin des Fleurs puzzle adulte 1000 pi\u00e8ces","og_url":"https:\/\/business.roovi.com\/fr\/emile-vernon-le-jardin-des-fleurs-puzzle-adulte-1000-pieces\/p\/","og_site_name":"Roovi B2B","article_publisher":"https:\/\/www.facebook.com\/wwwjucariero","article_modified_time":"2022-07-13T10:13:33+00:00","og_image":[{"width":1000,"height":1000,"url":"https:\/\/business.roovi.com\/wp-content\/uploads\/2021\/03\/puzzle_1000_deico_games_mile_vernon_the_flower_garden-77608.jpg","type":"image\/jpeg"}],"twitter_misc":{"Dur\u00e9e de lecture estim\u00e9e":"3 minutes"},"schema":{"@context":"https:\/\/schema.org","@graph":[{"@type":"WebPage","@id":"https:\/\/business.roovi.com\/fr\/emile-vernon-le-jardin-des-fleurs-puzzle-adulte-1000-pieces\/p\/","url":"https:\/\/business.roovi.com\/fr\/emile-vernon-le-jardin-des-fleurs-puzzle-adulte-1000-pieces\/p\/","name":"\u00c9mile Vernon - Le Jardin des Fleurs puzzle adulte 1000 pi\u00e8ces","isPartOf":{"@id":"https:\/\/business.roovi.com\/fr\/#website"},"datePublished":"2021-03-05T09:16:55+00:00","dateModified":"2022-07-13T10:13:33+00:00","description":"\u00c9mile Vernon - Le Jardin des Fleurs puzzle adulte 1000 pi\u00e8ces","breadcrumb":{"@id":"https:\/\/business.roovi.com\/fr\/emile-vernon-le-jardin-des-fleurs-puzzle-adulte-1000-pieces\/p\/#breadcrumb"},"inLanguage":"fr-FR","potentialAction":[{"@type":"ReadAction","target":["https:\/\/business.roovi.com\/fr\/emile-vernon-le-jardin-des-fleurs-puzzle-adulte-1000-pieces\/p\/"]}]},{"@type":"BreadcrumbList","@id":"https:\/\/business.roovi.com\/fr\/emile-vernon-le-jardin-des-fleurs-puzzle-adulte-1000-pieces\/p\/#breadcrumb","itemListElement":[{"@type":"ListItem","position":1,"name":"Home","item":"https:\/\/business.roovi.com\/fr\/"},{"@type":"ListItem","position":2,"name":"Boutique","item":"https:\/\/business.roovi.com\/fr\/boutique\/"},{"@type":"ListItem","position":3,"name":"\u00c9mile Vernon &#8211; Le Jardin des Fleurs puzzle adulte 1000 pi\u00e8ces"}]},{"@type":"WebSite","@id":"https:\/\/business.roovi.com\/fr\/#website","url":"https:\/\/business.roovi.com\/fr\/","name":"Roovi B2B","description":"Roovi Business Website","potentialAction":[{"@type":"SearchAction","target":{"@type":"EntryPoint","urlTemplate":"https:\/\/business.roovi.com\/fr\/?s={search_term_string}"},"query-input":"required name=search_term_string"}],"inLanguage":"fr-FR"}]}},"_links":{"self":[{"href":"https:\/\/business.roovi.com\/fr\/wp-json\/wp\/v2\/product\/51699","targetHints":{"allow":["GET"]}}],"collection":[{"href":"https:\/\/business.roovi.com\/fr\/wp-json\/wp\/v2\/product"}],"about":[{"href":"https:\/\/business.roovi.com\/fr\/wp-json\/wp\/v2\/types\/product"}],"version-history":[{"count":0,"href":"https:\/\/business.roovi.com\/fr\/wp-json\/wp\/v2\/product\/51699\/revisions"}],"wp:featuredmedia":[{"embeddable":true,"href":"https:\/\/business.roovi.com\/fr\/wp-json\/wp\/v2\/media\/64302"}],"wp:attachment":[{"href":"https:\/\/business.roovi.com\/fr\/wp-json\/wp\/v2\/media?parent=51699"}],"wp:term":[{"taxonomy":"product_brand","embeddable":true,"href":"https:\/\/business.roovi.com\/fr\/wp-json\/wp\/v2\/product_brand?post=51699"},{"taxonomy":"product_cat","embeddable":true,"href":"https:\/\/business.roovi.com\/fr\/wp-json\/wp\/v2\/product_cat?post=51699"},{"taxonomy":"product_tag","embeddable":true,"href":"https:\/\/business.roovi.com\/fr\/wp-json\/wp\/v2\/product_tag?post=51699"}],"curies":[{"name":"wp","href":"https:\/\/api.w.org\/{rel}","templated":true}]}}