{"id":51737,"date":"2021-02-04T09:47:46","date_gmt":"2021-02-04T09:47:46","guid":{"rendered":"https:\/\/business.roovi.com\/puzzle-240-groos-zselyke-fairy-princess-cinderella\/p\/"},"modified":"2023-03-01T12:28:28","modified_gmt":"2023-03-01T12:28:28","slug":"casse-tete-240-groos-zselyke-principe-de-la-fee-cendrillon","status":"publish","type":"product","link":"https:\/\/business.roovi.com\/fr\/casse-tete-240-groos-zselyke-principe-de-la-fee-cendrillon\/p\/","title":{"rendered":"Groos Zselyke Casse-t\u00eate de 240 pi\u00e8ces &#8211; Cendrillon"},"content":{"rendered":"<p><span style=\"font-weight: 400;\">Le designer Groos Zselyke a transform\u00e9 le texte de l&rsquo;histoire immortelle de Cendrillon en un jeu de puzzle original et color\u00e9. Le produit a un design unique et est fabriqu\u00e9 en carton de la plus haute qualit\u00e9 qui garantit sa durabilit\u00e9. Ta petite fille sera ravie de reconstruire l&rsquo;image de son h\u00e9ro\u00efne pr\u00e9f\u00e9r\u00e9e encore et encore, seule ou avec ses amis.<\/span><\/p>\n<p><span style=\"font-weight: 400;\">Aide ta petite fille \u00e0 entra\u00eener son esprit tous les jours ! Compl\u00e9ter ce merveilleux puzzle de Cendrillon n&rsquo;est pas seulement une activit\u00e9 amusante, mais aussi une activit\u00e9 \u00e9ducative. Le jeu de puzzle aide ta petite fille \u00e0 d\u00e9velopper sa concentration, son attention et sa m\u00e9moire. Elle apprendra aussi \u00e0 accepter les d\u00e9fis et \u00e0 mener \u00e0 bien un projet, m\u00eame si le chemin vers la fin semble parfois tr\u00e8s difficile.<\/span><\/p>\n<p><strong>Jeu de puzzle Cendrillon : une merveilleuse aventure<\/strong><\/p>\n<p><span style=\"font-weight: 400;\">Cendrillon est une h\u00e9ro\u00efne qui r\u00eave, surmonte les difficult\u00e9s et s&#8217;embarque dans un voyage magique ! Elle est un mod\u00e8le d&rsquo;inspiration pour des g\u00e9n\u00e9rations de petites filles. Elle les aide \u00e0 d\u00e9couvrir le courage, la force et la beaut\u00e9 en eux, leur apprend combien l&rsquo;amiti\u00e9 est importante et combien l&rsquo;aventure peut \u00eatre merveilleuse. En compl\u00e9tant ce merveilleux puzzle de 240 pi\u00e8ces, ta petite fille aura le go\u00fbt de l&rsquo;aventure !<\/span><\/p>\n<p><strong>Le puzzle de 240 pi\u00e8ces de la princesse Cendrillon est le cadeau parfait<\/strong><\/p>\n<p><span style=\"font-weight: 400;\">Tu veux surprendre ta petite fille pour son anniversaire ? Ou tu cherches un cadeau pour un \u00eatre cher ? Le puzzle de 240 pi\u00e8ces Princesse des f\u00e9es Cendrillon est un excellent cadeau pour toutes les occasions : anniversaires, f\u00eates ou No\u00ebl. Commande le produit maintenant !<\/span><\/p>\n","protected":false},"excerpt":{"rendered":"<p>Le designer Groos Zselyke a transform\u00e9 le texte de l&rsquo;histoire immortelle de Cendrillon en un jeu de puzzle original et<\/p>\n","protected":false},"featured_media":51739,"template":"","meta":[],"product_brand":[],"product_cat":[2341,2314,2340],"product_tag":[],"class_list":{"0":"post-51737","1":"product","2":"type-product","3":"status-publish","4":"has-post-thumbnail","6":"product_cat-plus-de-100-pieces-de-puzzle","7":"product_cat-puzzles-fr","8":"product_cat-puzzles-pour-enfants","9":"pa_brand-d_toys-fr","10":"pa_country_of_manufacture-ro-fr","11":"pa_filter_age-7_9-fr","12":"pa_filter_age-9_14-fr","13":"pa_tip_ambalaj-boite","14":"pa_tip_puzzle-classique","16":"first","17":"instock","18":"taxable","19":"shipping-taxable","20":"product-type-simple"},"yoast_head":"<!-- This site is optimized with the Yoast SEO plugin v20.1 - https:\/\/yoast.com\/wordpress\/plugins\/seo\/ -->\n<title>Casse-t\u00eate 240 Groos Zselyke-Principe de la f\u00e9e Cendrillon<\/title>\n<meta name=\"description\" content=\"Casse-t\u00eate 240 Groos Zselyke-Principe de la f\u00e9e Cendrillon\" \/>\n<meta name=\"robots\" content=\"index, follow, max-snippet:-1, max-image-preview:large, max-video-preview:-1\" \/>\n<link rel=\"canonical\" href=\"https:\/\/business.roovi.com\/fr\/casse-tete-240-groos-zselyke-principe-de-la-fee-cendrillon\/p\/\" \/>\n<meta property=\"og:locale\" content=\"fr_FR\" \/>\n<meta property=\"og:type\" content=\"article\" \/>\n<meta property=\"og:title\" content=\"Casse-t\u00eate 240 Groos Zselyke-Principe de la f\u00e9e Cendrillon\" \/>\n<meta property=\"og:description\" content=\"Casse-t\u00eate 240 Groos Zselyke-Principe de la f\u00e9e Cendrillon\" \/>\n<meta property=\"og:url\" content=\"https:\/\/business.roovi.com\/fr\/casse-tete-240-groos-zselyke-principe-de-la-fee-cendrillon\/p\/\" \/>\n<meta property=\"og:site_name\" content=\"Roovi B2B\" \/>\n<meta property=\"article:publisher\" content=\"https:\/\/www.facebook.com\/wwwjucariero\" \/>\n<meta property=\"article:modified_time\" content=\"2023-03-01T12:28:28+00:00\" \/>\n<meta property=\"og:image\" content=\"https:\/\/business.roovi.com\/wp-content\/uploads\/2021\/02\/puzzle_240_groos_zselyke-fairy_princess_cinderella-76533.jpg\" \/>\n\t<meta property=\"og:image:width\" content=\"1000\" \/>\n\t<meta property=\"og:image:height\" content=\"1000\" \/>\n\t<meta property=\"og:image:type\" content=\"image\/jpeg\" \/>\n<meta name=\"twitter:label1\" content=\"Dur\u00e9e de lecture estim\u00e9e\" \/>\n\t<meta name=\"twitter:data1\" content=\"2 minutes\" \/>\n<script type=\"application\/ld+json\" class=\"yoast-schema-graph\">{\"@context\":\"https:\/\/schema.org\",\"@graph\":[{\"@type\":\"WebPage\",\"@id\":\"https:\/\/business.roovi.com\/fr\/casse-tete-240-groos-zselyke-principe-de-la-fee-cendrillon\/p\/\",\"url\":\"https:\/\/business.roovi.com\/fr\/casse-tete-240-groos-zselyke-principe-de-la-fee-cendrillon\/p\/\",\"name\":\"Casse-t\u00eate 240 Groos Zselyke-Principe de la f\u00e9e Cendrillon\",\"isPartOf\":{\"@id\":\"https:\/\/business.roovi.com\/fr\/#website\"},\"datePublished\":\"2021-02-04T09:47:46+00:00\",\"dateModified\":\"2023-03-01T12:28:28+00:00\",\"description\":\"Casse-t\u00eate 240 Groos Zselyke-Principe de la f\u00e9e Cendrillon\",\"breadcrumb\":{\"@id\":\"https:\/\/business.roovi.com\/fr\/casse-tete-240-groos-zselyke-principe-de-la-fee-cendrillon\/p\/#breadcrumb\"},\"inLanguage\":\"fr-FR\",\"potentialAction\":[{\"@type\":\"ReadAction\",\"target\":[\"https:\/\/business.roovi.com\/fr\/casse-tete-240-groos-zselyke-principe-de-la-fee-cendrillon\/p\/\"]}]},{\"@type\":\"BreadcrumbList\",\"@id\":\"https:\/\/business.roovi.com\/fr\/casse-tete-240-groos-zselyke-principe-de-la-fee-cendrillon\/p\/#breadcrumb\",\"itemListElement\":[{\"@type\":\"ListItem\",\"position\":1,\"name\":\"Home\",\"item\":\"https:\/\/business.roovi.com\/fr\/\"},{\"@type\":\"ListItem\",\"position\":2,\"name\":\"Boutique\",\"item\":\"https:\/\/business.roovi.com\/fr\/boutique\/\"},{\"@type\":\"ListItem\",\"position\":3,\"name\":\"Groos Zselyke Casse-t\u00eate de 240 pi\u00e8ces &#8211; Cendrillon\"}]},{\"@type\":\"WebSite\",\"@id\":\"https:\/\/business.roovi.com\/fr\/#website\",\"url\":\"https:\/\/business.roovi.com\/fr\/\",\"name\":\"Roovi B2B\",\"description\":\"Roovi Business Website\",\"potentialAction\":[{\"@type\":\"SearchAction\",\"target\":{\"@type\":\"EntryPoint\",\"urlTemplate\":\"https:\/\/business.roovi.com\/fr\/?s={search_term_string}\"},\"query-input\":\"required name=search_term_string\"}],\"inLanguage\":\"fr-FR\"}]}<\/script>\n<!-- \/ Yoast SEO plugin. -->","yoast_head_json":{"title":"Casse-t\u00eate 240 Groos Zselyke-Principe de la f\u00e9e Cendrillon","description":"Casse-t\u00eate 240 Groos Zselyke-Principe de la f\u00e9e Cendrillon","robots":{"index":"index","follow":"follow","max-snippet":"max-snippet:-1","max-image-preview":"max-image-preview:large","max-video-preview":"max-video-preview:-1"},"canonical":"https:\/\/business.roovi.com\/fr\/casse-tete-240-groos-zselyke-principe-de-la-fee-cendrillon\/p\/","og_locale":"fr_FR","og_type":"article","og_title":"Casse-t\u00eate 240 Groos Zselyke-Principe de la f\u00e9e Cendrillon","og_description":"Casse-t\u00eate 240 Groos Zselyke-Principe de la f\u00e9e Cendrillon","og_url":"https:\/\/business.roovi.com\/fr\/casse-tete-240-groos-zselyke-principe-de-la-fee-cendrillon\/p\/","og_site_name":"Roovi B2B","article_publisher":"https:\/\/www.facebook.com\/wwwjucariero","article_modified_time":"2023-03-01T12:28:28+00:00","og_image":[{"width":1000,"height":1000,"url":"https:\/\/business.roovi.com\/wp-content\/uploads\/2021\/02\/puzzle_240_groos_zselyke-fairy_princess_cinderella-76533.jpg","type":"image\/jpeg"}],"twitter_misc":{"Dur\u00e9e de lecture estim\u00e9e":"2 minutes"},"schema":{"@context":"https:\/\/schema.org","@graph":[{"@type":"WebPage","@id":"https:\/\/business.roovi.com\/fr\/casse-tete-240-groos-zselyke-principe-de-la-fee-cendrillon\/p\/","url":"https:\/\/business.roovi.com\/fr\/casse-tete-240-groos-zselyke-principe-de-la-fee-cendrillon\/p\/","name":"Casse-t\u00eate 240 Groos Zselyke-Principe de la f\u00e9e Cendrillon","isPartOf":{"@id":"https:\/\/business.roovi.com\/fr\/#website"},"datePublished":"2021-02-04T09:47:46+00:00","dateModified":"2023-03-01T12:28:28+00:00","description":"Casse-t\u00eate 240 Groos Zselyke-Principe de la f\u00e9e Cendrillon","breadcrumb":{"@id":"https:\/\/business.roovi.com\/fr\/casse-tete-240-groos-zselyke-principe-de-la-fee-cendrillon\/p\/#breadcrumb"},"inLanguage":"fr-FR","potentialAction":[{"@type":"ReadAction","target":["https:\/\/business.roovi.com\/fr\/casse-tete-240-groos-zselyke-principe-de-la-fee-cendrillon\/p\/"]}]},{"@type":"BreadcrumbList","@id":"https:\/\/business.roovi.com\/fr\/casse-tete-240-groos-zselyke-principe-de-la-fee-cendrillon\/p\/#breadcrumb","itemListElement":[{"@type":"ListItem","position":1,"name":"Home","item":"https:\/\/business.roovi.com\/fr\/"},{"@type":"ListItem","position":2,"name":"Boutique","item":"https:\/\/business.roovi.com\/fr\/boutique\/"},{"@type":"ListItem","position":3,"name":"Groos Zselyke Casse-t\u00eate de 240 pi\u00e8ces &#8211; Cendrillon"}]},{"@type":"WebSite","@id":"https:\/\/business.roovi.com\/fr\/#website","url":"https:\/\/business.roovi.com\/fr\/","name":"Roovi B2B","description":"Roovi Business Website","potentialAction":[{"@type":"SearchAction","target":{"@type":"EntryPoint","urlTemplate":"https:\/\/business.roovi.com\/fr\/?s={search_term_string}"},"query-input":"required name=search_term_string"}],"inLanguage":"fr-FR"}]}},"_links":{"self":[{"href":"https:\/\/business.roovi.com\/fr\/wp-json\/wp\/v2\/product\/51737","targetHints":{"allow":["GET"]}}],"collection":[{"href":"https:\/\/business.roovi.com\/fr\/wp-json\/wp\/v2\/product"}],"about":[{"href":"https:\/\/business.roovi.com\/fr\/wp-json\/wp\/v2\/types\/product"}],"version-history":[{"count":0,"href":"https:\/\/business.roovi.com\/fr\/wp-json\/wp\/v2\/product\/51737\/revisions"}],"wp:featuredmedia":[{"embeddable":true,"href":"https:\/\/business.roovi.com\/fr\/wp-json\/wp\/v2\/media\/51739"}],"wp:attachment":[{"href":"https:\/\/business.roovi.com\/fr\/wp-json\/wp\/v2\/media?parent=51737"}],"wp:term":[{"taxonomy":"product_brand","embeddable":true,"href":"https:\/\/business.roovi.com\/fr\/wp-json\/wp\/v2\/product_brand?post=51737"},{"taxonomy":"product_cat","embeddable":true,"href":"https:\/\/business.roovi.com\/fr\/wp-json\/wp\/v2\/product_cat?post=51737"},{"taxonomy":"product_tag","embeddable":true,"href":"https:\/\/business.roovi.com\/fr\/wp-json\/wp\/v2\/product_tag?post=51737"}],"curies":[{"name":"wp","href":"https:\/\/api.w.org\/{rel}","templated":true}]}}