{"id":51757,"date":"2020-11-02T14:39:28","date_gmt":"2020-11-02T14:39:28","guid":{"rendered":"https:\/\/business.roovi.com\/capitalism-original\/p\/"},"modified":"2022-07-13T10:13:49","modified_gmt":"2022-07-13T10:13:49","slug":"original-capitalism-jeu-de-societe-2","status":"publish","type":"product","link":"https:\/\/business.roovi.com\/fr\/original-capitalism-jeu-de-societe-2\/p\/","title":{"rendered":"Original Capitalism &#8211; Jeu de soci\u00e9t\u00e9"},"content":{"rendered":"<p>Original Capitalism est un nouveau jeu de soci\u00e9t\u00e9 inspir\u00e9 du c\u00e9l\u00e8bre roman Animal Farm de George Orwell. Les joueurs feront la course pour placer leurs pions \u00e0 des postes de pouvoir, et pour ce faire, ils se pr\u00e9senteront aux \u00e9lections et collecteront des signatures en faisant la queue. Les cartes \u00e0 jouer les aideront ou les g\u00eaneront dans ces efforts. La bo\u00eete contient : 1 plateau de jeu, 66 cartes de jeu, 12 pions avec support, 60 jetons de jeu, 1 d\u00e9 sp\u00e9cial, r\u00e8gles du jeu. Nombre de joueurs : 2-4. L&rsquo;\u00e2ge minimum recommand\u00e9 est de 14 ans.<\/p>\n","protected":false},"excerpt":{"rendered":"<p>Original Capitalism est un nouveau jeu de soci\u00e9t\u00e9 inspir\u00e9 du c\u00e9l\u00e8bre roman Animal Farm de George Orwell. Les joueurs feront<\/p>\n","protected":false},"featured_media":51760,"template":"","meta":[],"product_brand":[],"product_cat":[2303,2334],"product_tag":[],"class_list":{"0":"post-51757","1":"product","2":"type-product","3":"status-publish","4":"has-post-thumbnail","6":"product_cat-jeux-de-societe","7":"product_cat-jeux-de-strategie","8":"pa_brand-deico-fr","9":"pa_country_of_manufacture-ro-fr","10":"pa_filter_age-14-fr","11":"pa_filter_age-18-fr","12":"pa_tip_ambalaj-boite","14":"first","15":"instock","16":"taxable","17":"shipping-taxable","18":"product-type-simple"},"yoast_head":"<!-- This site is optimized with the Yoast SEO plugin v20.1 - https:\/\/yoast.com\/wordpress\/plugins\/seo\/ -->\n<title>Original Capitalism - Jeu de soci\u00e9t\u00e9<\/title>\n<meta name=\"description\" content=\"Original Capitalism - Jeu de soci\u00e9t\u00e9\" \/>\n<meta name=\"robots\" content=\"index, follow, max-snippet:-1, max-image-preview:large, max-video-preview:-1\" \/>\n<link rel=\"canonical\" href=\"https:\/\/business.roovi.com\/fr\/original-capitalism-jeu-de-societe-2\/p\/\" \/>\n<meta property=\"og:locale\" content=\"fr_FR\" \/>\n<meta property=\"og:type\" content=\"article\" \/>\n<meta property=\"og:title\" content=\"Original Capitalism - Jeu de soci\u00e9t\u00e9\" \/>\n<meta property=\"og:description\" content=\"Original Capitalism - Jeu de soci\u00e9t\u00e9\" \/>\n<meta property=\"og:url\" content=\"https:\/\/business.roovi.com\/fr\/original-capitalism-jeu-de-societe-2\/p\/\" \/>\n<meta property=\"og:site_name\" content=\"Roovi B2B\" \/>\n<meta property=\"article:publisher\" content=\"https:\/\/www.facebook.com\/wwwjucariero\" \/>\n<meta property=\"article:modified_time\" content=\"2022-07-13T10:13:49+00:00\" \/>\n<meta property=\"og:image\" content=\"https:\/\/business.roovi.com\/wp-content\/uploads\/2020\/11\/capitalism_original-77318.jpg\" \/>\n\t<meta property=\"og:image:width\" content=\"1000\" \/>\n\t<meta property=\"og:image:height\" content=\"1000\" \/>\n\t<meta property=\"og:image:type\" content=\"image\/jpeg\" \/>\n<script type=\"application\/ld+json\" class=\"yoast-schema-graph\">{\"@context\":\"https:\/\/schema.org\",\"@graph\":[{\"@type\":\"WebPage\",\"@id\":\"https:\/\/business.roovi.com\/fr\/original-capitalism-jeu-de-societe-2\/p\/\",\"url\":\"https:\/\/business.roovi.com\/fr\/original-capitalism-jeu-de-societe-2\/p\/\",\"name\":\"Original Capitalism - Jeu de soci\u00e9t\u00e9\",\"isPartOf\":{\"@id\":\"https:\/\/business.roovi.com\/fr\/#website\"},\"datePublished\":\"2020-11-02T14:39:28+00:00\",\"dateModified\":\"2022-07-13T10:13:49+00:00\",\"description\":\"Original Capitalism - Jeu de soci\u00e9t\u00e9\",\"breadcrumb\":{\"@id\":\"https:\/\/business.roovi.com\/fr\/original-capitalism-jeu-de-societe-2\/p\/#breadcrumb\"},\"inLanguage\":\"fr-FR\",\"potentialAction\":[{\"@type\":\"ReadAction\",\"target\":[\"https:\/\/business.roovi.com\/fr\/original-capitalism-jeu-de-societe-2\/p\/\"]}]},{\"@type\":\"BreadcrumbList\",\"@id\":\"https:\/\/business.roovi.com\/fr\/original-capitalism-jeu-de-societe-2\/p\/#breadcrumb\",\"itemListElement\":[{\"@type\":\"ListItem\",\"position\":1,\"name\":\"Home\",\"item\":\"https:\/\/business.roovi.com\/fr\/\"},{\"@type\":\"ListItem\",\"position\":2,\"name\":\"Boutique\",\"item\":\"https:\/\/business.roovi.com\/fr\/boutique\/\"},{\"@type\":\"ListItem\",\"position\":3,\"name\":\"Original Capitalism &#8211; Jeu de soci\u00e9t\u00e9\"}]},{\"@type\":\"WebSite\",\"@id\":\"https:\/\/business.roovi.com\/fr\/#website\",\"url\":\"https:\/\/business.roovi.com\/fr\/\",\"name\":\"Roovi B2B\",\"description\":\"Roovi Business Website\",\"potentialAction\":[{\"@type\":\"SearchAction\",\"target\":{\"@type\":\"EntryPoint\",\"urlTemplate\":\"https:\/\/business.roovi.com\/fr\/?s={search_term_string}\"},\"query-input\":\"required name=search_term_string\"}],\"inLanguage\":\"fr-FR\"}]}<\/script>\n<!-- \/ Yoast SEO plugin. -->","yoast_head_json":{"title":"Original Capitalism - Jeu de soci\u00e9t\u00e9","description":"Original Capitalism - Jeu de soci\u00e9t\u00e9","robots":{"index":"index","follow":"follow","max-snippet":"max-snippet:-1","max-image-preview":"max-image-preview:large","max-video-preview":"max-video-preview:-1"},"canonical":"https:\/\/business.roovi.com\/fr\/original-capitalism-jeu-de-societe-2\/p\/","og_locale":"fr_FR","og_type":"article","og_title":"Original Capitalism - Jeu de soci\u00e9t\u00e9","og_description":"Original Capitalism - Jeu de soci\u00e9t\u00e9","og_url":"https:\/\/business.roovi.com\/fr\/original-capitalism-jeu-de-societe-2\/p\/","og_site_name":"Roovi B2B","article_publisher":"https:\/\/www.facebook.com\/wwwjucariero","article_modified_time":"2022-07-13T10:13:49+00:00","og_image":[{"width":1000,"height":1000,"url":"https:\/\/business.roovi.com\/wp-content\/uploads\/2020\/11\/capitalism_original-77318.jpg","type":"image\/jpeg"}],"schema":{"@context":"https:\/\/schema.org","@graph":[{"@type":"WebPage","@id":"https:\/\/business.roovi.com\/fr\/original-capitalism-jeu-de-societe-2\/p\/","url":"https:\/\/business.roovi.com\/fr\/original-capitalism-jeu-de-societe-2\/p\/","name":"Original Capitalism - Jeu de soci\u00e9t\u00e9","isPartOf":{"@id":"https:\/\/business.roovi.com\/fr\/#website"},"datePublished":"2020-11-02T14:39:28+00:00","dateModified":"2022-07-13T10:13:49+00:00","description":"Original Capitalism - Jeu de soci\u00e9t\u00e9","breadcrumb":{"@id":"https:\/\/business.roovi.com\/fr\/original-capitalism-jeu-de-societe-2\/p\/#breadcrumb"},"inLanguage":"fr-FR","potentialAction":[{"@type":"ReadAction","target":["https:\/\/business.roovi.com\/fr\/original-capitalism-jeu-de-societe-2\/p\/"]}]},{"@type":"BreadcrumbList","@id":"https:\/\/business.roovi.com\/fr\/original-capitalism-jeu-de-societe-2\/p\/#breadcrumb","itemListElement":[{"@type":"ListItem","position":1,"name":"Home","item":"https:\/\/business.roovi.com\/fr\/"},{"@type":"ListItem","position":2,"name":"Boutique","item":"https:\/\/business.roovi.com\/fr\/boutique\/"},{"@type":"ListItem","position":3,"name":"Original Capitalism &#8211; Jeu de soci\u00e9t\u00e9"}]},{"@type":"WebSite","@id":"https:\/\/business.roovi.com\/fr\/#website","url":"https:\/\/business.roovi.com\/fr\/","name":"Roovi B2B","description":"Roovi Business Website","potentialAction":[{"@type":"SearchAction","target":{"@type":"EntryPoint","urlTemplate":"https:\/\/business.roovi.com\/fr\/?s={search_term_string}"},"query-input":"required name=search_term_string"}],"inLanguage":"fr-FR"}]}},"_links":{"self":[{"href":"https:\/\/business.roovi.com\/fr\/wp-json\/wp\/v2\/product\/51757","targetHints":{"allow":["GET"]}}],"collection":[{"href":"https:\/\/business.roovi.com\/fr\/wp-json\/wp\/v2\/product"}],"about":[{"href":"https:\/\/business.roovi.com\/fr\/wp-json\/wp\/v2\/types\/product"}],"version-history":[{"count":0,"href":"https:\/\/business.roovi.com\/fr\/wp-json\/wp\/v2\/product\/51757\/revisions"}],"wp:featuredmedia":[{"embeddable":true,"href":"https:\/\/business.roovi.com\/fr\/wp-json\/wp\/v2\/media\/51760"}],"wp:attachment":[{"href":"https:\/\/business.roovi.com\/fr\/wp-json\/wp\/v2\/media?parent=51757"}],"wp:term":[{"taxonomy":"product_brand","embeddable":true,"href":"https:\/\/business.roovi.com\/fr\/wp-json\/wp\/v2\/product_brand?post=51757"},{"taxonomy":"product_cat","embeddable":true,"href":"https:\/\/business.roovi.com\/fr\/wp-json\/wp\/v2\/product_cat?post=51757"},{"taxonomy":"product_tag","embeddable":true,"href":"https:\/\/business.roovi.com\/fr\/wp-json\/wp\/v2\/product_tag?post=51757"}],"curies":[{"name":"wp","href":"https:\/\/api.w.org\/{rel}","templated":true}]}}