{"id":51765,"date":"2020-11-02T14:29:36","date_gmt":"2020-11-02T14:29:36","guid":{"rendered":"https:\/\/business.roovi.com\/crossle-2\/p\/"},"modified":"2023-02-27T07:13:38","modified_gmt":"2023-02-27T07:13:38","slug":"crossle-jeu-de-mots-croises","status":"publish","type":"product","link":"https:\/\/business.roovi.com\/fr\/crossle-jeu-de-mots-croises\/p\/","title":{"rendered":"Crossle &#8211; Jeu de mots crois\u00e9s"},"content":{"rendered":"<p><strong><em>Tu aimes les mots crois\u00e9s et tu es un ma\u00eetre de la formation de mots complexes ? Tu veux offrir \u00e0 ton enfant un jeu \u00e0 la fois amusant et \u00e9ducatif pour d\u00e9velopper son vocabulaire ?<\/em><\/strong><\/p>\n<p><span style=\"font-weight: 400;\">D\u00e9couvre CROSSLE &#8211; un jeu de mots crois\u00e9s passionnant avec une touche suppl\u00e9mentaire <\/span><\/p>\n<p><span style=\"font-weight: 400;\">CROSSLE propose une nouvelle approche du jeu de mots crois\u00e9s classique, ing\u00e9nieuse et beaucoup plus cr\u00e9ative. En m\u00eame temps, tu b\u00e9n\u00e9ficies de plus de fluidit\u00e9 pendant le jeu et de plus de possibilit\u00e9s passionnantes, gr\u00e2ce au plateau de jeu modulaire.<\/span><\/p>\n<p><span style=\"font-weight: 400;\">Forme les bons mots, construis-les sur le plateau, collecte autant de points que possible et gagne le jeu !<\/span><\/p>\n<h3><strong>Savais-tu que la CROSSLE<\/strong><\/h3>\n<ul>\n<li><span style=\"font-weight: 400;\">Est un jeu dynamique qui se r\u00e9invente \u00e0 chaque fois, gr\u00e2ce au plateau de jeu modulaire &#8211; deux parties ne seront jamais identiques.<\/span><\/li>\n<li><span style=\"font-weight: 400;\">C&rsquo;est un exercice parfait de concentration, de cr\u00e9ativit\u00e9 et de logique pour trouver les mots les plus appropri\u00e9s. <\/span><\/li>\n<li><span style=\"font-weight: 400;\">Pour les enfants, c&rsquo;est une fa\u00e7on amusante d&rsquo;enrichir leur vocabulaire <\/span><\/li>\n<li><span style=\"font-weight: 400;\">Il d\u00e9veloppe et entretient un esprit de comp\u00e9tition, en essayant d&rsquo;\u00eatre le premier \u00e0 former des mots avec tous les jetons.<\/span><\/li>\n<li><span style=\"font-weight: 400;\">C&rsquo;est un bon moyen d&rsquo;exercer la patience, d&rsquo;accepter la d\u00e9faite et de cultiver la pers\u00e9v\u00e9rance et la confiance en soi des enfants.<\/span><\/li>\n<\/ul>\n<h3><strong>Pourquoi choisir le jeu CROSSLE<\/strong><\/h3>\n<p><span style=\"font-weight: 400;\">Oublie l&rsquo;\u00e9poque o\u00f9 tu pouvais trouver le mot le plus cool, avec un score colossal, mais&#8230; il ne tenait pas sur le tableau.<\/span><\/p>\n<p><span style=\"font-weight: 400;\">Le plateau de jeu CROSSLE est modulaire, compos\u00e9 de 16 cartes, tu peux donc l&rsquo;agrandir et ajouter un espace de jeu suppl\u00e9mentaire exactement quand tu en as besoin, et les mots que tu construis ne seront jamais trop longs. Il est probablement trop bon, mais c&rsquo;est l\u00e0 que les autres joueurs vont intervenir.<\/span><\/p>\n<p><span style=\"font-weight: 400;\">Les cartes qui composent le plateau de jeu CROSSLE sont fabriqu\u00e9es dans un carton \u00e9pais, durable et ind\u00e9formable qui ne se d\u00e9forme pas avec le temps et offre de nombreuses heures de plaisir ininterrompu.<\/span><\/p>\n<p><span style=\"font-weight: 400;\">CROSSLE convient aux enfants comme aux adultes, peut \u00eatre jou\u00e9 en famille ou, pourquoi pas, peut \u00eatre un super jeu pour jouer avec des amis.<\/span><\/p>\n<p><strong>Choisis de t&rsquo;amuser intelligemment, garde le DEX pr\u00e8s de toi et trouve les mots les plus cool que tu peux construire dans le jeu pour gagner \u00e0 tous les coups ! <\/strong><\/p>\n<p><span style=\"font-weight: 400;\">\u00c2ge recommand\u00e9 : 8+<\/span><\/p>\n<p><span style=\"font-weight: 400;\">Joueurs : 2-4 joueurs<\/span><\/p>\n<p><span style=\"font-weight: 400;\">La bo\u00eete contient : 1 x plateau de jeu modulaire compos\u00e9 de 16 cartes, 112 jetons de jeu, 4 supports de jetons en bois, 1 sac \u00e0 jetons et les r\u00e8gles du jeu. <\/span><\/p>\n<p><span style=\"font-weight: 400;\">Non recommand\u00e9 pour les enfants de moins de 3 ans.<\/span><\/p>\n","protected":false},"excerpt":{"rendered":"<p>Tu aimes les mots crois\u00e9s et tu es un ma\u00eetre de la formation de mots complexes ? Tu veux offrir<\/p>\n","protected":false},"featured_media":64330,"template":"","meta":[],"product_brand":[],"product_cat":[2305,2303,2306],"product_tag":[],"class_list":{"0":"post-51765","1":"product","2":"type-product","3":"status-publish","4":"has-post-thumbnail","6":"product_cat-jeux-de-famille","7":"product_cat-jeux-de-societe","8":"product_cat-jeux-educatifs-et-jeux-de-quiz","9":"pa_brand-deico-fr","10":"pa_country_of_manufacture-ro-fr","11":"pa_filter_age-14-fr","12":"pa_filter_age-18-fr","13":"pa_filter_age-7_9-fr","14":"pa_filter_age-9_14-fr","15":"pa_tip_ambalaj-boite","17":"first","18":"outofstock","19":"taxable","20":"shipping-taxable","21":"product-type-simple"},"yoast_head":"<!-- This site is optimized with the Yoast SEO plugin v20.1 - https:\/\/yoast.com\/wordpress\/plugins\/seo\/ -->\n<title>Crossle - Jeu de mots crois\u00e9s<\/title>\n<meta name=\"description\" content=\"Crossle - Jeu de mots crois\u00e9s\" \/>\n<meta name=\"robots\" content=\"index, follow, max-snippet:-1, max-image-preview:large, max-video-preview:-1\" \/>\n<link rel=\"canonical\" href=\"https:\/\/business.roovi.com\/fr\/crossle-jeu-de-mots-croises\/p\/\" \/>\n<meta property=\"og:locale\" content=\"fr_FR\" \/>\n<meta property=\"og:type\" content=\"article\" \/>\n<meta property=\"og:title\" content=\"Crossle - Jeu de mots crois\u00e9s\" \/>\n<meta property=\"og:description\" content=\"Crossle - Jeu de mots crois\u00e9s\" \/>\n<meta property=\"og:url\" content=\"https:\/\/business.roovi.com\/fr\/crossle-jeu-de-mots-croises\/p\/\" \/>\n<meta property=\"og:site_name\" content=\"Roovi B2B\" \/>\n<meta property=\"article:publisher\" content=\"https:\/\/www.facebook.com\/wwwjucariero\" \/>\n<meta property=\"article:modified_time\" content=\"2023-02-27T07:13:38+00:00\" \/>\n<meta property=\"og:image\" content=\"https:\/\/business.roovi.com\/wp-content\/uploads\/2020\/11\/Crossle-2022_ENG_3D-1-1-scaled.jpg\" \/>\n\t<meta property=\"og:image:width\" content=\"2560\" \/>\n\t<meta property=\"og:image:height\" content=\"2560\" \/>\n\t<meta property=\"og:image:type\" content=\"image\/jpeg\" \/>\n<meta name=\"twitter:label1\" content=\"Dur\u00e9e de lecture estim\u00e9e\" \/>\n\t<meta name=\"twitter:data1\" content=\"3 minutes\" \/>\n<script type=\"application\/ld+json\" class=\"yoast-schema-graph\">{\"@context\":\"https:\/\/schema.org\",\"@graph\":[{\"@type\":\"WebPage\",\"@id\":\"https:\/\/business.roovi.com\/fr\/crossle-jeu-de-mots-croises\/p\/\",\"url\":\"https:\/\/business.roovi.com\/fr\/crossle-jeu-de-mots-croises\/p\/\",\"name\":\"Crossle - Jeu de mots crois\u00e9s\",\"isPartOf\":{\"@id\":\"https:\/\/business.roovi.com\/fr\/#website\"},\"datePublished\":\"2020-11-02T14:29:36+00:00\",\"dateModified\":\"2023-02-27T07:13:38+00:00\",\"description\":\"Crossle - Jeu de mots crois\u00e9s\",\"breadcrumb\":{\"@id\":\"https:\/\/business.roovi.com\/fr\/crossle-jeu-de-mots-croises\/p\/#breadcrumb\"},\"inLanguage\":\"fr-FR\",\"potentialAction\":[{\"@type\":\"ReadAction\",\"target\":[\"https:\/\/business.roovi.com\/fr\/crossle-jeu-de-mots-croises\/p\/\"]}]},{\"@type\":\"BreadcrumbList\",\"@id\":\"https:\/\/business.roovi.com\/fr\/crossle-jeu-de-mots-croises\/p\/#breadcrumb\",\"itemListElement\":[{\"@type\":\"ListItem\",\"position\":1,\"name\":\"Home\",\"item\":\"https:\/\/business.roovi.com\/fr\/\"},{\"@type\":\"ListItem\",\"position\":2,\"name\":\"Boutique\",\"item\":\"https:\/\/business.roovi.com\/fr\/boutique\/\"},{\"@type\":\"ListItem\",\"position\":3,\"name\":\"Crossle &#8211; Jeu de mots crois\u00e9s\"}]},{\"@type\":\"WebSite\",\"@id\":\"https:\/\/business.roovi.com\/fr\/#website\",\"url\":\"https:\/\/business.roovi.com\/fr\/\",\"name\":\"Roovi B2B\",\"description\":\"Roovi Business Website\",\"potentialAction\":[{\"@type\":\"SearchAction\",\"target\":{\"@type\":\"EntryPoint\",\"urlTemplate\":\"https:\/\/business.roovi.com\/fr\/?s={search_term_string}\"},\"query-input\":\"required name=search_term_string\"}],\"inLanguage\":\"fr-FR\"}]}<\/script>\n<!-- \/ Yoast SEO plugin. -->","yoast_head_json":{"title":"Crossle - Jeu de mots crois\u00e9s","description":"Crossle - Jeu de mots crois\u00e9s","robots":{"index":"index","follow":"follow","max-snippet":"max-snippet:-1","max-image-preview":"max-image-preview:large","max-video-preview":"max-video-preview:-1"},"canonical":"https:\/\/business.roovi.com\/fr\/crossle-jeu-de-mots-croises\/p\/","og_locale":"fr_FR","og_type":"article","og_title":"Crossle - Jeu de mots crois\u00e9s","og_description":"Crossle - Jeu de mots crois\u00e9s","og_url":"https:\/\/business.roovi.com\/fr\/crossle-jeu-de-mots-croises\/p\/","og_site_name":"Roovi B2B","article_publisher":"https:\/\/www.facebook.com\/wwwjucariero","article_modified_time":"2023-02-27T07:13:38+00:00","og_image":[{"width":2560,"height":2560,"url":"https:\/\/business.roovi.com\/wp-content\/uploads\/2020\/11\/Crossle-2022_ENG_3D-1-1-scaled.jpg","type":"image\/jpeg"}],"twitter_misc":{"Dur\u00e9e de lecture estim\u00e9e":"3 minutes"},"schema":{"@context":"https:\/\/schema.org","@graph":[{"@type":"WebPage","@id":"https:\/\/business.roovi.com\/fr\/crossle-jeu-de-mots-croises\/p\/","url":"https:\/\/business.roovi.com\/fr\/crossle-jeu-de-mots-croises\/p\/","name":"Crossle - Jeu de mots crois\u00e9s","isPartOf":{"@id":"https:\/\/business.roovi.com\/fr\/#website"},"datePublished":"2020-11-02T14:29:36+00:00","dateModified":"2023-02-27T07:13:38+00:00","description":"Crossle - Jeu de mots crois\u00e9s","breadcrumb":{"@id":"https:\/\/business.roovi.com\/fr\/crossle-jeu-de-mots-croises\/p\/#breadcrumb"},"inLanguage":"fr-FR","potentialAction":[{"@type":"ReadAction","target":["https:\/\/business.roovi.com\/fr\/crossle-jeu-de-mots-croises\/p\/"]}]},{"@type":"BreadcrumbList","@id":"https:\/\/business.roovi.com\/fr\/crossle-jeu-de-mots-croises\/p\/#breadcrumb","itemListElement":[{"@type":"ListItem","position":1,"name":"Home","item":"https:\/\/business.roovi.com\/fr\/"},{"@type":"ListItem","position":2,"name":"Boutique","item":"https:\/\/business.roovi.com\/fr\/boutique\/"},{"@type":"ListItem","position":3,"name":"Crossle &#8211; Jeu de mots crois\u00e9s"}]},{"@type":"WebSite","@id":"https:\/\/business.roovi.com\/fr\/#website","url":"https:\/\/business.roovi.com\/fr\/","name":"Roovi B2B","description":"Roovi Business Website","potentialAction":[{"@type":"SearchAction","target":{"@type":"EntryPoint","urlTemplate":"https:\/\/business.roovi.com\/fr\/?s={search_term_string}"},"query-input":"required name=search_term_string"}],"inLanguage":"fr-FR"}]}},"_links":{"self":[{"href":"https:\/\/business.roovi.com\/fr\/wp-json\/wp\/v2\/product\/51765","targetHints":{"allow":["GET"]}}],"collection":[{"href":"https:\/\/business.roovi.com\/fr\/wp-json\/wp\/v2\/product"}],"about":[{"href":"https:\/\/business.roovi.com\/fr\/wp-json\/wp\/v2\/types\/product"}],"version-history":[{"count":0,"href":"https:\/\/business.roovi.com\/fr\/wp-json\/wp\/v2\/product\/51765\/revisions"}],"wp:featuredmedia":[{"embeddable":true,"href":"https:\/\/business.roovi.com\/fr\/wp-json\/wp\/v2\/media\/64330"}],"wp:attachment":[{"href":"https:\/\/business.roovi.com\/fr\/wp-json\/wp\/v2\/media?parent=51765"}],"wp:term":[{"taxonomy":"product_brand","embeddable":true,"href":"https:\/\/business.roovi.com\/fr\/wp-json\/wp\/v2\/product_brand?post=51765"},{"taxonomy":"product_cat","embeddable":true,"href":"https:\/\/business.roovi.com\/fr\/wp-json\/wp\/v2\/product_cat?post=51765"},{"taxonomy":"product_tag","embeddable":true,"href":"https:\/\/business.roovi.com\/fr\/wp-json\/wp\/v2\/product_tag?post=51765"}],"curies":[{"name":"wp","href":"https:\/\/api.w.org\/{rel}","templated":true}]}}