{"id":51767,"date":"2020-11-02T11:01:40","date_gmt":"2020-11-02T11:01:40","guid":{"rendered":"https:\/\/business.roovi.com\/royal-game-of-ur-ur-jocul-regilor-ur-kiralyok-jateka\/p\/"},"modified":"2022-07-13T10:13:52","modified_gmt":"2022-07-13T10:13:52","slug":"jeu-royal-dur-ur-jocul-regilor-ur-kiralyok-jateka","status":"publish","type":"product","link":"https:\/\/business.roovi.com\/fr\/jeu-royal-dur-ur-jocul-regilor-ur-kiralyok-jateka\/p\/","title":{"rendered":"Jeu royal d&rsquo;Ur \/ Ur, jocul regilor \/ Ur, kir\u00e1lyok j\u00e1t\u00e9ka"},"content":{"rendered":"<p><p>FR : Ur, le jeu des rois est un jeu de strat\u00e9gie et de chance de l&rsquo;ancienne M\u00e9sopotamie pour deux joueurs. C&rsquo;est l&rsquo;un des plus anciens jeux de soci\u00e9t\u00e9 du monde et il est consid\u00e9r\u00e9 comme le pr\u00e9d\u00e9cesseur du backgammon. Contenu : 1 plateau de jeu, 7 disques noirs et 7 disques blancs, 4 d\u00e9s sp\u00e9ciaux, r\u00e8gles du jeu en roumain, anglais et hongrois. L&rsquo;\u00e2ge minimum recommand\u00e9 est de 8 ans.<\/p>\n<\/p>\n<p>FR : Le jeu royal d&rsquo;Ur est un jeu de course bas\u00e9 sur la strat\u00e9gie et la chance de l&rsquo;ancienne M\u00e9sopotamie pour deux joueurs. C&rsquo;est l&rsquo;un des plus anciens jeux de soci\u00e9t\u00e9 du monde et il est consid\u00e9r\u00e9 comme l&rsquo;anc\u00eatre direct du backgammon. Contenu : 1 plateau de jeu, 7 pi\u00e8ces de jeu noires, 7 pi\u00e8ces de jeu blanches, 4 d\u00e9s sp\u00e9ciaux, r\u00e8gles du jeu en anglais, roumain et hongrois. Recommand\u00e9 pour les enfants de plus de 8 ans.<\/p>\n<p>HU : La strat\u00e9gie d&rsquo;Ur kir\u00e1lyi j\u00e1t\u00e9ka \u00e9szerencs\u00e9re egyar\u00e1nt alapoz\u00f3 versenyj\u00e1t\u00e9k k\u00e9t j\u00e1t\u00e9kos r\u00e9sz\u00e9rek, mely az \u00f3kori Mezopot\u00e1mi\u00e1b\u00f3l sz\u00e1rmazik. Ez a vil\u00e1g egyik legr\u00e9gebbi t\u00e1rsasj\u00e1t\u00e9ka, melyet az ost\u00e1bla \u0151s\u00e9nek tartanak. A doboz tartalma : 1 j\u00e1t\u00e9kt\u00e1bla, 7 fekete korong, 7 feh\u00e9r korong, 4 k\u00fcl\u00f6nleges dob\u00f3kocka, j\u00e1t\u00e9kszab\u00e1ly magyar, rom\u00e1n \u00e9s angol nyelven. 8 \u00e9ven fel\u00fclieknek aj\u00e1nlott.<\/p>\n","protected":false},"excerpt":{"rendered":"<p>FR : Ur, le jeu des rois est un jeu de strat\u00e9gie et de chance de l&rsquo;ancienne M\u00e9sopotamie pour deux<\/p>\n","protected":false},"featured_media":51768,"template":"","meta":[],"product_brand":[],"product_cat":[2303,2334],"product_tag":[],"class_list":{"0":"post-51767","1":"product","2":"type-product","3":"status-publish","4":"has-post-thumbnail","6":"product_cat-jeux-de-societe","7":"product_cat-jeux-de-strategie","8":"pa_brand-d_toys-fr","9":"pa_country_of_manufacture-ro-fr","10":"pa_filter_age-14-fr","11":"pa_filter_age-18-fr","12":"pa_filter_age-7_9-fr","13":"pa_filter_age-9_14-fr","14":"pa_tip_ambalaj-boite","16":"first","17":"instock","18":"taxable","19":"shipping-taxable","20":"product-type-simple"},"yoast_head":"<!-- This site is optimized with the Yoast SEO plugin v20.1 - https:\/\/yoast.com\/wordpress\/plugins\/seo\/ -->\n<title>Jeu royal d&#039;Ur \/ Ur, jocul regilor \/ Ur, kir\u00e1lyok j\u00e1t\u00e9ka<\/title>\n<meta name=\"description\" content=\"Jeu royal d&#039;Ur \/ Ur, jocul regilor \/ Ur, kir\u00e1lyok j\u00e1t\u00e9ka\" \/>\n<meta name=\"robots\" content=\"index, follow, max-snippet:-1, max-image-preview:large, max-video-preview:-1\" \/>\n<link rel=\"canonical\" href=\"https:\/\/business.roovi.com\/fr\/jeu-royal-dur-ur-jocul-regilor-ur-kiralyok-jateka\/p\/\" \/>\n<meta property=\"og:locale\" content=\"fr_FR\" \/>\n<meta property=\"og:type\" content=\"article\" \/>\n<meta property=\"og:title\" content=\"Jeu royal d&#039;Ur \/ Ur, jocul regilor \/ Ur, kir\u00e1lyok j\u00e1t\u00e9ka\" \/>\n<meta property=\"og:description\" content=\"Jeu royal d&#039;Ur \/ Ur, jocul regilor \/ Ur, kir\u00e1lyok j\u00e1t\u00e9ka\" \/>\n<meta property=\"og:url\" content=\"https:\/\/business.roovi.com\/fr\/jeu-royal-dur-ur-jocul-regilor-ur-kiralyok-jateka\/p\/\" \/>\n<meta property=\"og:site_name\" content=\"Roovi B2B\" \/>\n<meta property=\"article:publisher\" content=\"https:\/\/www.facebook.com\/wwwjucariero\" \/>\n<meta property=\"article:modified_time\" content=\"2022-07-13T10:13:52+00:00\" \/>\n<meta property=\"og:image\" content=\"https:\/\/business.roovi.com\/wp-content\/uploads\/2020\/11\/royal_game_of_ur-77011.jpg\" \/>\n\t<meta property=\"og:image:width\" content=\"1000\" \/>\n\t<meta property=\"og:image:height\" content=\"1000\" \/>\n\t<meta property=\"og:image:type\" content=\"image\/jpeg\" \/>\n<meta name=\"twitter:label1\" content=\"Dur\u00e9e de lecture estim\u00e9e\" \/>\n\t<meta name=\"twitter:data1\" content=\"1 minute\" \/>\n<script type=\"application\/ld+json\" class=\"yoast-schema-graph\">{\"@context\":\"https:\/\/schema.org\",\"@graph\":[{\"@type\":\"WebPage\",\"@id\":\"https:\/\/business.roovi.com\/fr\/jeu-royal-dur-ur-jocul-regilor-ur-kiralyok-jateka\/p\/\",\"url\":\"https:\/\/business.roovi.com\/fr\/jeu-royal-dur-ur-jocul-regilor-ur-kiralyok-jateka\/p\/\",\"name\":\"Jeu royal d'Ur \/ Ur, jocul regilor \/ Ur, kir\u00e1lyok j\u00e1t\u00e9ka\",\"isPartOf\":{\"@id\":\"https:\/\/business.roovi.com\/fr\/#website\"},\"datePublished\":\"2020-11-02T11:01:40+00:00\",\"dateModified\":\"2022-07-13T10:13:52+00:00\",\"description\":\"Jeu royal d'Ur \/ Ur, jocul regilor \/ Ur, kir\u00e1lyok j\u00e1t\u00e9ka\",\"breadcrumb\":{\"@id\":\"https:\/\/business.roovi.com\/fr\/jeu-royal-dur-ur-jocul-regilor-ur-kiralyok-jateka\/p\/#breadcrumb\"},\"inLanguage\":\"fr-FR\",\"potentialAction\":[{\"@type\":\"ReadAction\",\"target\":[\"https:\/\/business.roovi.com\/fr\/jeu-royal-dur-ur-jocul-regilor-ur-kiralyok-jateka\/p\/\"]}]},{\"@type\":\"BreadcrumbList\",\"@id\":\"https:\/\/business.roovi.com\/fr\/jeu-royal-dur-ur-jocul-regilor-ur-kiralyok-jateka\/p\/#breadcrumb\",\"itemListElement\":[{\"@type\":\"ListItem\",\"position\":1,\"name\":\"Home\",\"item\":\"https:\/\/business.roovi.com\/fr\/\"},{\"@type\":\"ListItem\",\"position\":2,\"name\":\"Boutique\",\"item\":\"https:\/\/business.roovi.com\/fr\/boutique\/\"},{\"@type\":\"ListItem\",\"position\":3,\"name\":\"Jeu royal d&#8217;Ur \/ Ur, jocul regilor \/ Ur, kir\u00e1lyok j\u00e1t\u00e9ka\"}]},{\"@type\":\"WebSite\",\"@id\":\"https:\/\/business.roovi.com\/fr\/#website\",\"url\":\"https:\/\/business.roovi.com\/fr\/\",\"name\":\"Roovi B2B\",\"description\":\"Roovi Business Website\",\"potentialAction\":[{\"@type\":\"SearchAction\",\"target\":{\"@type\":\"EntryPoint\",\"urlTemplate\":\"https:\/\/business.roovi.com\/fr\/?s={search_term_string}\"},\"query-input\":\"required name=search_term_string\"}],\"inLanguage\":\"fr-FR\"}]}<\/script>\n<!-- \/ Yoast SEO plugin. -->","yoast_head_json":{"title":"Jeu royal d'Ur \/ Ur, jocul regilor \/ Ur, kir\u00e1lyok j\u00e1t\u00e9ka","description":"Jeu royal d'Ur \/ Ur, jocul regilor \/ Ur, kir\u00e1lyok j\u00e1t\u00e9ka","robots":{"index":"index","follow":"follow","max-snippet":"max-snippet:-1","max-image-preview":"max-image-preview:large","max-video-preview":"max-video-preview:-1"},"canonical":"https:\/\/business.roovi.com\/fr\/jeu-royal-dur-ur-jocul-regilor-ur-kiralyok-jateka\/p\/","og_locale":"fr_FR","og_type":"article","og_title":"Jeu royal d'Ur \/ Ur, jocul regilor \/ Ur, kir\u00e1lyok j\u00e1t\u00e9ka","og_description":"Jeu royal d'Ur \/ Ur, jocul regilor \/ Ur, kir\u00e1lyok j\u00e1t\u00e9ka","og_url":"https:\/\/business.roovi.com\/fr\/jeu-royal-dur-ur-jocul-regilor-ur-kiralyok-jateka\/p\/","og_site_name":"Roovi B2B","article_publisher":"https:\/\/www.facebook.com\/wwwjucariero","article_modified_time":"2022-07-13T10:13:52+00:00","og_image":[{"width":1000,"height":1000,"url":"https:\/\/business.roovi.com\/wp-content\/uploads\/2020\/11\/royal_game_of_ur-77011.jpg","type":"image\/jpeg"}],"twitter_misc":{"Dur\u00e9e de lecture estim\u00e9e":"1 minute"},"schema":{"@context":"https:\/\/schema.org","@graph":[{"@type":"WebPage","@id":"https:\/\/business.roovi.com\/fr\/jeu-royal-dur-ur-jocul-regilor-ur-kiralyok-jateka\/p\/","url":"https:\/\/business.roovi.com\/fr\/jeu-royal-dur-ur-jocul-regilor-ur-kiralyok-jateka\/p\/","name":"Jeu royal d'Ur \/ Ur, jocul regilor \/ Ur, kir\u00e1lyok j\u00e1t\u00e9ka","isPartOf":{"@id":"https:\/\/business.roovi.com\/fr\/#website"},"datePublished":"2020-11-02T11:01:40+00:00","dateModified":"2022-07-13T10:13:52+00:00","description":"Jeu royal d'Ur \/ Ur, jocul regilor \/ Ur, kir\u00e1lyok j\u00e1t\u00e9ka","breadcrumb":{"@id":"https:\/\/business.roovi.com\/fr\/jeu-royal-dur-ur-jocul-regilor-ur-kiralyok-jateka\/p\/#breadcrumb"},"inLanguage":"fr-FR","potentialAction":[{"@type":"ReadAction","target":["https:\/\/business.roovi.com\/fr\/jeu-royal-dur-ur-jocul-regilor-ur-kiralyok-jateka\/p\/"]}]},{"@type":"BreadcrumbList","@id":"https:\/\/business.roovi.com\/fr\/jeu-royal-dur-ur-jocul-regilor-ur-kiralyok-jateka\/p\/#breadcrumb","itemListElement":[{"@type":"ListItem","position":1,"name":"Home","item":"https:\/\/business.roovi.com\/fr\/"},{"@type":"ListItem","position":2,"name":"Boutique","item":"https:\/\/business.roovi.com\/fr\/boutique\/"},{"@type":"ListItem","position":3,"name":"Jeu royal d&#8217;Ur \/ Ur, jocul regilor \/ Ur, kir\u00e1lyok j\u00e1t\u00e9ka"}]},{"@type":"WebSite","@id":"https:\/\/business.roovi.com\/fr\/#website","url":"https:\/\/business.roovi.com\/fr\/","name":"Roovi B2B","description":"Roovi Business Website","potentialAction":[{"@type":"SearchAction","target":{"@type":"EntryPoint","urlTemplate":"https:\/\/business.roovi.com\/fr\/?s={search_term_string}"},"query-input":"required name=search_term_string"}],"inLanguage":"fr-FR"}]}},"_links":{"self":[{"href":"https:\/\/business.roovi.com\/fr\/wp-json\/wp\/v2\/product\/51767","targetHints":{"allow":["GET"]}}],"collection":[{"href":"https:\/\/business.roovi.com\/fr\/wp-json\/wp\/v2\/product"}],"about":[{"href":"https:\/\/business.roovi.com\/fr\/wp-json\/wp\/v2\/types\/product"}],"version-history":[{"count":0,"href":"https:\/\/business.roovi.com\/fr\/wp-json\/wp\/v2\/product\/51767\/revisions"}],"wp:featuredmedia":[{"embeddable":true,"href":"https:\/\/business.roovi.com\/fr\/wp-json\/wp\/v2\/media\/51768"}],"wp:attachment":[{"href":"https:\/\/business.roovi.com\/fr\/wp-json\/wp\/v2\/media?parent=51767"}],"wp:term":[{"taxonomy":"product_brand","embeddable":true,"href":"https:\/\/business.roovi.com\/fr\/wp-json\/wp\/v2\/product_brand?post=51767"},{"taxonomy":"product_cat","embeddable":true,"href":"https:\/\/business.roovi.com\/fr\/wp-json\/wp\/v2\/product_cat?post=51767"},{"taxonomy":"product_tag","embeddable":true,"href":"https:\/\/business.roovi.com\/fr\/wp-json\/wp\/v2\/product_tag?post=51767"}],"curies":[{"name":"wp","href":"https:\/\/api.w.org\/{rel}","templated":true}]}}