{"id":51783,"date":"2022-07-22T10:31:45","date_gmt":"2022-07-22T10:31:45","guid":{"rendered":"https:\/\/business.roovi.com\/puzzle-adulti-1000-piese-romania-cascada-bigar-2\/p\/"},"modified":"2022-08-23T07:46:10","modified_gmt":"2022-08-23T07:46:10","slug":"casse-tete-adulte-1000-pieces-roumanie-bigar-waterfall","status":"publish","type":"product","link":"https:\/\/business.roovi.com\/fr\/casse-tete-adulte-1000-pieces-roumanie-bigar-waterfall\/p\/","title":{"rendered":"Casse-t\u00eate adulte 1000 pi\u00e8ces Roumanie &#8211; Big\u0103r Waterfall"},"content":{"rendered":"<p><strong><em>Visiter les sites c\u00e9l\u00e8bres du pays est fascinant, mais que dirais-tu de profiter chaque jour d&rsquo;images spectaculaires provenant d&rsquo;endroits de r\u00eave ?<\/em><\/strong><\/p>\n<p><span style=\"font-weight: 400;\">Le puzzle adulte de 1000 pi\u00e8ces Big\u0103r Waterfall emm\u00e8ne ton esprit loin dans les gorges de Nerei-Beu\u0219nita, une r\u00e9gion o\u00f9 la nature conserve sa beaut\u00e9 sauvage et peint des paysages \u00e0 couper le souffle.<\/span><\/p>\n<p><span style=\"font-weight: 400;\">La cascade de Big\u0103r a une forme de cloche int\u00e9ressante recouverte de mousse verte sur laquelle l&rsquo;eau ruisselle et forme un rideau d&rsquo;eau fascinant. Ce qui est impressionnant dans cette cascade, ce n&rsquo;est pas sa hauteur (elle fait environ 7-8 m\u00e8tres de haut), mais la chute d&rsquo;eau qui est inhabituelle et qui cr\u00e9e la superbe image convoit\u00e9e par les objectifs de tous les photographes (professionnels ou amateurs) qui viennent dans la r\u00e9gion.<\/span><\/p>\n<p><span style=\"font-weight: 400;\">Lorsque tu cr\u00e9es une image parmi 1 000 pi\u00e8ces qui capture la majest\u00e9 de la nature, tu ressens un sentiment de d\u00e9tente et tu te laisses aller au moment unique de la cr\u00e9ation. Une fois la photo termin\u00e9e, tu admires le paysage pendant un long moment et toutes les pens\u00e9es n\u00e9gatives disparaissent comme par magie.<\/span><\/p>\n<p><span style=\"font-weight: 400;\">Le puzzle de 1000 pi\u00e8ces Bigar Waterfall est donc plus qu&rsquo;un simple jeu de puzzle. C&rsquo;est le moment de se d\u00e9tendre et de recharger ses batteries avec beaucoup d&rsquo;\u00e9nergie positive et d&rsquo;optimisme <\/span><\/p>\n<p><span style=\"font-weight: 400;\">Tu peux utiliser une table basse standard pour soutenir les pi\u00e8ces. L&rsquo;image reconstitu\u00e9e mesure 68 x 47 cm et peut constituer un centre de table d\u00e9coratif.<\/span><\/p>\n<p><strong>Caract\u00e9ristiques Puzzle adulte de 1000 pi\u00e8ces Cascade Bigar<\/strong><\/p>\n<p><strong>Mat\u00e9riau du puzzle <\/strong><\/p>\n<p><strong>carton bleu de haute qualit\u00e9<\/strong><\/p>\n<p><strong>des mat\u00e9riaux durables et recyclables<\/strong><\/p>\n<p><strong>finition semi-brillante, couleurs vives<\/strong><\/p>\n<p><strong>Nombre de pi\u00e8ces de puzzle : 1000<\/strong><\/p>\n<p><strong>\u00c2ge recommand\u00e9 : 14+<\/strong><\/p>\n<p><strong>5 comp\u00e9tences \u00e0 d\u00e9velopper avec les jeux de puzzle<\/strong><\/p>\n<ul>\n<li><span style=\"font-weight: 400;\">M\u00e9moire \u00e0 court terme<\/span><\/li>\n<li><span style=\"font-weight: 400;\">Pens\u00e9e logique<\/span><\/li>\n<li><span style=\"font-weight: 400;\">L&rsquo;attention au d\u00e9tail<\/span><\/li>\n<li><span style=\"font-weight: 400;\">Comp\u00e9tences en r\u00e9solution de probl\u00e8mes<\/span><\/li>\n<li><span style=\"font-weight: 400;\">Motricit\u00e9 fine et coordination main-\u0153il.<\/span><\/li>\n<\/ul>\n<p><strong>Savais-tu que..<\/strong><\/p>\n<p><span style=\"font-weight: 400;\">La cascade de Big\u0103r se trouve l\u00e0 o\u00f9 le 45e parall\u00e8le de latitude nord traverse notre pays. L&rsquo;endroit est marqu\u00e9 d&rsquo;un signe g\u00e9ographique.<\/span><\/p>\n<p><span style=\"font-weight: 400;\">L&rsquo;eau qui coule \u00e0 la cascade de Big\u0103r est tr\u00e8s riche en calcaire. Les \u00e9claboussures qui coulent sur le bord de la cascade ressemblent \u00e0 de petits diamants qui changent de couleur avec les rayons du soleil.<\/span><\/p>\n<p><span style=\"font-weight: 400;\">Selon la l\u00e9gende, les couples qui boivent \u00e0 la source qui alimente la cascade auront un amour \u00e9ternel.<\/span><\/p>\n<p><strong>Puzzle de 1000 pi\u00e8ces Bigar Waterfall : relaxation et entra\u00eenement mental<\/strong><\/p>\n<p><span style=\"font-weight: 400;\">Les jeux de puzzle entra\u00eenent les h\u00e9misph\u00e8res droit et gauche du cerveau en m\u00eame temps. Ainsi, lorsque tu assembles 1000 puzzles, tu fais appel \u00e0 ta logique et tu d\u00e9veloppes ta cr\u00e9ativit\u00e9. Les effets b\u00e9n\u00e9fiques sont les m\u00eames quel que soit l&rsquo;\u00e2ge, c&rsquo;est pourquoi les puzzles sont parfaits pour toute la famille, des plus jeunes aux plus \u00e2g\u00e9s.<\/span><\/p>\n<p><span style=\"font-weight: 400;\">De plus, c&rsquo;est un moyen incroyable de passer ton temps libre avec tes proches. Lorsque tu travailles ensemble pour compl\u00e9ter l&rsquo;image du puzzle 1000, tu pratiques aussi le travail d&rsquo;\u00e9quipe, la communication et la coop\u00e9ration, et le r\u00e9sultat est fabuleux : une image fascinante qui te rappellera toujours les moments que tu as pass\u00e9s ensemble.<\/span><\/p>\n<p><span style=\"font-weight: 400;\">Choisis le puzzle adulte Bigar Waterfall de 1000 pi\u00e8ces pour les moments o\u00f9 tu veux un d\u00e9fi cr\u00e9atif ou fais-en un cadeau sp\u00e9cial pour tes amis amateurs de puzzle.<\/span><\/p>\n","protected":false},"excerpt":{"rendered":"<p>Visiter les sites c\u00e9l\u00e8bres du pays est fascinant, mais que dirais-tu de profiter chaque jour d&rsquo;images spectaculaires provenant d&rsquo;endroits de<\/p>\n","protected":false},"featured_media":51784,"template":"","meta":[],"product_brand":[],"product_cat":[2314,2316,2315],"product_tag":[],"class_list":{"0":"post-51783","1":"product","2":"type-product","3":"status-publish","4":"has-post-thumbnail","6":"product_cat-puzzles-fr","7":"product_cat-puzzles-de-1000-pieces","8":"product_cat-puzzles-pour-adultes","9":"pa_brand-deico-fr","10":"pa_country_of_manufacture-ro-fr","11":"pa_filter_age-14-fr","12":"pa_tip_ambalaj-boite","13":"pa_tip_puzzle-classique","15":"first","16":"instock","17":"taxable","18":"shipping-taxable","19":"product-type-simple"},"yoast_head":"<!-- This site is optimized with the Yoast SEO plugin v20.1 - https:\/\/yoast.com\/wordpress\/plugins\/seo\/ -->\n<title>Casse-t\u00eate adulte 1000 pi\u00e8ces Roumanie - Big\u0103r Waterfall<\/title>\n<meta name=\"description\" content=\"Casse-t\u00eate adulte 1000 pi\u00e8ces Roumanie - Big\u0103r Waterfall\" \/>\n<meta name=\"robots\" content=\"index, follow, max-snippet:-1, max-image-preview:large, max-video-preview:-1\" \/>\n<link rel=\"canonical\" href=\"https:\/\/business.roovi.com\/fr\/casse-tete-adulte-1000-pieces-roumanie-bigar-waterfall\/p\/\" \/>\n<meta property=\"og:locale\" content=\"fr_FR\" \/>\n<meta property=\"og:type\" content=\"article\" \/>\n<meta property=\"og:title\" content=\"Casse-t\u00eate adulte 1000 pi\u00e8ces Roumanie - Big\u0103r Waterfall\" \/>\n<meta property=\"og:description\" content=\"Casse-t\u00eate adulte 1000 pi\u00e8ces Roumanie - Big\u0103r Waterfall\" \/>\n<meta property=\"og:url\" content=\"https:\/\/business.roovi.com\/fr\/casse-tete-adulte-1000-pieces-roumanie-bigar-waterfall\/p\/\" \/>\n<meta property=\"og:site_name\" content=\"Roovi B2B\" \/>\n<meta property=\"article:publisher\" content=\"https:\/\/www.facebook.com\/wwwjucariero\" \/>\n<meta property=\"article:modified_time\" content=\"2022-08-23T07:46:10+00:00\" \/>\n<meta property=\"og:image\" content=\"https:\/\/business.roovi.com\/wp-content\/uploads\/2020\/10\/puzzle_1000_romania_bigar_waterfall-77042.jpg\" \/>\n\t<meta property=\"og:image:width\" content=\"1000\" \/>\n\t<meta property=\"og:image:height\" content=\"1000\" \/>\n\t<meta property=\"og:image:type\" content=\"image\/jpeg\" \/>\n<meta name=\"twitter:label1\" content=\"Dur\u00e9e de lecture estim\u00e9e\" \/>\n\t<meta name=\"twitter:data1\" content=\"3 minutes\" \/>\n<script type=\"application\/ld+json\" class=\"yoast-schema-graph\">{\"@context\":\"https:\/\/schema.org\",\"@graph\":[{\"@type\":\"WebPage\",\"@id\":\"https:\/\/business.roovi.com\/fr\/casse-tete-adulte-1000-pieces-roumanie-bigar-waterfall\/p\/\",\"url\":\"https:\/\/business.roovi.com\/fr\/casse-tete-adulte-1000-pieces-roumanie-bigar-waterfall\/p\/\",\"name\":\"Casse-t\u00eate adulte 1000 pi\u00e8ces Roumanie - Big\u0103r Waterfall\",\"isPartOf\":{\"@id\":\"https:\/\/business.roovi.com\/fr\/#website\"},\"datePublished\":\"2022-07-22T10:31:45+00:00\",\"dateModified\":\"2022-08-23T07:46:10+00:00\",\"description\":\"Casse-t\u00eate adulte 1000 pi\u00e8ces Roumanie - Big\u0103r Waterfall\",\"breadcrumb\":{\"@id\":\"https:\/\/business.roovi.com\/fr\/casse-tete-adulte-1000-pieces-roumanie-bigar-waterfall\/p\/#breadcrumb\"},\"inLanguage\":\"fr-FR\",\"potentialAction\":[{\"@type\":\"ReadAction\",\"target\":[\"https:\/\/business.roovi.com\/fr\/casse-tete-adulte-1000-pieces-roumanie-bigar-waterfall\/p\/\"]}]},{\"@type\":\"BreadcrumbList\",\"@id\":\"https:\/\/business.roovi.com\/fr\/casse-tete-adulte-1000-pieces-roumanie-bigar-waterfall\/p\/#breadcrumb\",\"itemListElement\":[{\"@type\":\"ListItem\",\"position\":1,\"name\":\"Home\",\"item\":\"https:\/\/business.roovi.com\/fr\/\"},{\"@type\":\"ListItem\",\"position\":2,\"name\":\"Boutique\",\"item\":\"https:\/\/business.roovi.com\/fr\/boutique\/\"},{\"@type\":\"ListItem\",\"position\":3,\"name\":\"Casse-t\u00eate adulte 1000 pi\u00e8ces Roumanie &#8211; Big\u0103r Waterfall\"}]},{\"@type\":\"WebSite\",\"@id\":\"https:\/\/business.roovi.com\/fr\/#website\",\"url\":\"https:\/\/business.roovi.com\/fr\/\",\"name\":\"Roovi B2B\",\"description\":\"Roovi Business Website\",\"potentialAction\":[{\"@type\":\"SearchAction\",\"target\":{\"@type\":\"EntryPoint\",\"urlTemplate\":\"https:\/\/business.roovi.com\/fr\/?s={search_term_string}\"},\"query-input\":\"required name=search_term_string\"}],\"inLanguage\":\"fr-FR\"}]}<\/script>\n<!-- \/ Yoast SEO plugin. -->","yoast_head_json":{"title":"Casse-t\u00eate adulte 1000 pi\u00e8ces Roumanie - Big\u0103r Waterfall","description":"Casse-t\u00eate adulte 1000 pi\u00e8ces Roumanie - Big\u0103r Waterfall","robots":{"index":"index","follow":"follow","max-snippet":"max-snippet:-1","max-image-preview":"max-image-preview:large","max-video-preview":"max-video-preview:-1"},"canonical":"https:\/\/business.roovi.com\/fr\/casse-tete-adulte-1000-pieces-roumanie-bigar-waterfall\/p\/","og_locale":"fr_FR","og_type":"article","og_title":"Casse-t\u00eate adulte 1000 pi\u00e8ces Roumanie - Big\u0103r Waterfall","og_description":"Casse-t\u00eate adulte 1000 pi\u00e8ces Roumanie - Big\u0103r Waterfall","og_url":"https:\/\/business.roovi.com\/fr\/casse-tete-adulte-1000-pieces-roumanie-bigar-waterfall\/p\/","og_site_name":"Roovi B2B","article_publisher":"https:\/\/www.facebook.com\/wwwjucariero","article_modified_time":"2022-08-23T07:46:10+00:00","og_image":[{"width":1000,"height":1000,"url":"https:\/\/business.roovi.com\/wp-content\/uploads\/2020\/10\/puzzle_1000_romania_bigar_waterfall-77042.jpg","type":"image\/jpeg"}],"twitter_misc":{"Dur\u00e9e de lecture estim\u00e9e":"3 minutes"},"schema":{"@context":"https:\/\/schema.org","@graph":[{"@type":"WebPage","@id":"https:\/\/business.roovi.com\/fr\/casse-tete-adulte-1000-pieces-roumanie-bigar-waterfall\/p\/","url":"https:\/\/business.roovi.com\/fr\/casse-tete-adulte-1000-pieces-roumanie-bigar-waterfall\/p\/","name":"Casse-t\u00eate adulte 1000 pi\u00e8ces Roumanie - Big\u0103r Waterfall","isPartOf":{"@id":"https:\/\/business.roovi.com\/fr\/#website"},"datePublished":"2022-07-22T10:31:45+00:00","dateModified":"2022-08-23T07:46:10+00:00","description":"Casse-t\u00eate adulte 1000 pi\u00e8ces Roumanie - Big\u0103r Waterfall","breadcrumb":{"@id":"https:\/\/business.roovi.com\/fr\/casse-tete-adulte-1000-pieces-roumanie-bigar-waterfall\/p\/#breadcrumb"},"inLanguage":"fr-FR","potentialAction":[{"@type":"ReadAction","target":["https:\/\/business.roovi.com\/fr\/casse-tete-adulte-1000-pieces-roumanie-bigar-waterfall\/p\/"]}]},{"@type":"BreadcrumbList","@id":"https:\/\/business.roovi.com\/fr\/casse-tete-adulte-1000-pieces-roumanie-bigar-waterfall\/p\/#breadcrumb","itemListElement":[{"@type":"ListItem","position":1,"name":"Home","item":"https:\/\/business.roovi.com\/fr\/"},{"@type":"ListItem","position":2,"name":"Boutique","item":"https:\/\/business.roovi.com\/fr\/boutique\/"},{"@type":"ListItem","position":3,"name":"Casse-t\u00eate adulte 1000 pi\u00e8ces Roumanie &#8211; Big\u0103r Waterfall"}]},{"@type":"WebSite","@id":"https:\/\/business.roovi.com\/fr\/#website","url":"https:\/\/business.roovi.com\/fr\/","name":"Roovi B2B","description":"Roovi Business Website","potentialAction":[{"@type":"SearchAction","target":{"@type":"EntryPoint","urlTemplate":"https:\/\/business.roovi.com\/fr\/?s={search_term_string}"},"query-input":"required name=search_term_string"}],"inLanguage":"fr-FR"}]}},"_links":{"self":[{"href":"https:\/\/business.roovi.com\/fr\/wp-json\/wp\/v2\/product\/51783","targetHints":{"allow":["GET"]}}],"collection":[{"href":"https:\/\/business.roovi.com\/fr\/wp-json\/wp\/v2\/product"}],"about":[{"href":"https:\/\/business.roovi.com\/fr\/wp-json\/wp\/v2\/types\/product"}],"version-history":[{"count":0,"href":"https:\/\/business.roovi.com\/fr\/wp-json\/wp\/v2\/product\/51783\/revisions"}],"wp:featuredmedia":[{"embeddable":true,"href":"https:\/\/business.roovi.com\/fr\/wp-json\/wp\/v2\/media\/51784"}],"wp:attachment":[{"href":"https:\/\/business.roovi.com\/fr\/wp-json\/wp\/v2\/media?parent=51783"}],"wp:term":[{"taxonomy":"product_brand","embeddable":true,"href":"https:\/\/business.roovi.com\/fr\/wp-json\/wp\/v2\/product_brand?post=51783"},{"taxonomy":"product_cat","embeddable":true,"href":"https:\/\/business.roovi.com\/fr\/wp-json\/wp\/v2\/product_cat?post=51783"},{"taxonomy":"product_tag","embeddable":true,"href":"https:\/\/business.roovi.com\/fr\/wp-json\/wp\/v2\/product_tag?post=51783"}],"curies":[{"name":"wp","href":"https:\/\/api.w.org\/{rel}","templated":true}]}}