{"id":51846,"date":"2020-04-23T10:33:43","date_gmt":"2020-04-23T10:33:43","guid":{"rendered":"https:\/\/business.roovi.com\/puzzle-adulti-castelul-sturdza-romania-1000-piese\/p\/"},"modified":"2022-07-13T10:14:23","modified_gmt":"2022-07-13T10:14:23","slug":"puzzle-adulte-chateau-de-sturdza-roumanie-1000-pieces","status":"publish","type":"product","link":"https:\/\/business.roovi.com\/fr\/puzzle-adulte-chateau-de-sturdza-roumanie-1000-pieces\/p\/","title":{"rendered":"Puzzle adulte Ch\u00e2teau de Sturdza, Roumanie &#8211; 1000 pi\u00e8ces"},"content":{"rendered":"<p><span style=\"font-weight: 400;\">Avec la nouvelle gamme de puzzles de 1000 roumains, tu peux maintenant construire ta propre collection de photos de tes sites pr\u00e9f\u00e9r\u00e9s.  <\/span><\/p>\n<p><span style=\"font-weight: 400;\">Le puzzle pour adultes Ch\u00e2teau de Sturdza montre l&rsquo;image du ch\u00e2teau de <\/span><span style=\"font-weight: 400;\">Le ch\u00e2teau de Miclauseni qui a \u00e9t\u00e9 construit \u00e0 la fin du XIXe si\u00e8cle. D\u00e9couvre dans un puzzle de 1000 pi\u00e8ces un monument architectural sp\u00e9cial de style n\u00e9o-gothique avec des \u00e9l\u00e9ments baroques. L&rsquo;histoire n&rsquo;a pas \u00e9t\u00e9 tendre avec ce palais. Elle a travers\u00e9 des guerres, a \u00e9t\u00e9 incendi\u00e9e, a \u00e9t\u00e9 utilis\u00e9e \u00e0 diverses fins \u00e0 travers les \u00e2ges, a \u00e9t\u00e9 vandalis\u00e9e dans les p\u00e9riodes troubl\u00e9es et reconstruite aujourd&rsquo;hui. Pi\u00e8ce par pi\u00e8ce, reconstruis l&rsquo;image et profite d&rsquo;une peinture exceptionnelle.<\/span><\/p>\n<p><span style=\"font-weight: 400;\">Arme-toi de patience, rapproche la table basse de ton salon &#8211; c&rsquo;est tout ce dont tu as besoin pour reconstituer l&rsquo;image de 50 x 70 cm &#8211; et mets-toi au travail ! Il n&rsquo;y a rien de tel que le sentiment de satisfaction que tu ressens lorsque tu as assembl\u00e9 la 1000e pi\u00e8ce du puzzle.<\/span><\/p>\n<p><span style=\"font-weight: 400;\">Caract\u00e9ristiques du puzzle pour adultes <\/span><span style=\"font-weight: 400;\">Ch\u00e2teau de Sturdza, Roumanie :<\/span><\/p>\n<p><strong>Mat\u00e9riau du puzzle <\/strong><\/p>\n<p><strong>carton bleu de haute qualit\u00e9<\/strong><\/p>\n<p><strong>des mat\u00e9riaux durables et recyclables<\/strong><\/p>\n<p><strong>finition semi-brillante, couleurs vives<\/strong><\/p>\n<p><strong>Nombre de pi\u00e8ces de puzzle : 1000<\/strong><\/p>\n<p><strong>\u00c2ge recommand\u00e9 : 14+<\/strong><\/p>\n<p><strong>Les puzzles de 1000 pi\u00e8ces t&rsquo;aident \u00e0 \u00eatre plus optimiste<\/strong><\/p>\n<p><span style=\"font-weight: 400;\">Savais-tu que lorsque tu assembles un jeu de puzzle, ton cerveau lib\u00e8re plus de dopamine, connue comme l&rsquo;hormone du bonheur ? Consacre au moins 30 minutes par jour \u00e0 cette activit\u00e9 relaxante et tu sentiras ton humeur g\u00e9n\u00e9rale s&rsquo;am\u00e9liorer <\/span><\/p>\n<p><strong>5 autres avantages des jeux de casse-t\u00eate<\/strong><\/p>\n<p><span style=\"font-weight: 400;\">1. Te donne ta dose quotidienne de relaxation<\/span><\/p>\n<p><span style=\"font-weight: 400;\">2. Il te d\u00e9connecte du stress quotidien<\/span><\/p>\n<p><span style=\"font-weight: 400;\">3. Aide \u00e0 avoir une meilleure m\u00e9moire<\/span><\/p>\n<p><span style=\"font-weight: 400;\">4. Entra\u00eene ton cerveau et le garde en bonne sant\u00e9<\/span><\/p>\n<p><span style=\"font-weight: 400;\">5. Am\u00e9liore ta capacit\u00e9 \u00e0 te concentrer.<\/span><\/p>\n<p><strong>\u00c0 propos du ch\u00e2teau de Sturdza, savais-tu que&#8230;<\/strong><\/p>\n<p><span style=\"font-weight: 400;\">Il a \u00e9t\u00e9 tour \u00e0 tour : h\u00f4pital militaire, colonie monastique, d\u00e9p\u00f4t d&rsquo;explosifs militaires, centre de placement pour enfants gravement handicap\u00e9s mentaux. Aujourd&rsquo;hui, elle est g\u00e9r\u00e9e par le M\u00e9tropolitainat de Moldavie et de Bucovine et se trouve sur le circuit touristique.<\/span><\/p>\n<p><span style=\"font-weight: 400;\">Plusieurs sc\u00e8nes du film <\/span><span style=\"font-weight: 400;\">\u00ab\u00a0Orient Express\u00a0\u00bb r\u00e9alis\u00e9 par Sergiu Nicolaescu.<\/span><\/p>\n<p><span style=\"font-weight: 400;\">Le compositeur George Enescu a visit\u00e9 le ch\u00e2teau pendant la Premi\u00e8re Guerre mondiale, lorsqu&rsquo;il a \u00e9t\u00e9 utilis\u00e9 comme h\u00f4pital et a jou\u00e9 parmi les bless\u00e9s.<\/span><\/p>\n<p><span style=\"font-weight: 400;\">La biblioth\u00e8que du ch\u00e2teau abrite 3 des 5 premi\u00e8res traductions roumaines connues. \u00c0 l&rsquo;origine, la biblioth\u00e8que contenait environ 60 000 livres, dont certaines premi\u00e8res \u00e9ditions ou des exemplaires rares, mais beaucoup d&rsquo;entre eux ont \u00e9t\u00e9 d\u00e9truits pendant la guerre et la p\u00e9riode communiste.<\/span><\/p>\n<p><span style=\"font-weight: 400;\">Aujourd&rsquo;hui, le ch\u00e2teau de Sturdza abrite plusieurs collections, notamment des armes et des costumes m\u00e9di\u00e9vaux du 16e si\u00e8cle.<\/span><\/p>\n<p><strong>Assemble le puzzle de 1000 pi\u00e8ces et profite d&rsquo;un merveilleux \u00e9tat m\u00e9ditatif<\/strong><\/p>\n<p><span style=\"font-weight: 400;\">Tu aimerais \u00eatre simplement toi-m\u00eame avec tes pens\u00e9es, mais tu n&rsquo;arrives pas \u00e0 te concentrer ? L&rsquo;activit\u00e9 puzzle t&rsquo;aide \u00e0 lib\u00e9rer ton esprit des milliers de pens\u00e9es qui tournent autour de lui. L&rsquo;effet du puzzle de 1000 pi\u00e8ces est donc similaire \u00e0 une s\u00e9ance de m\u00e9ditation. Comme ton esprit se concentre sur un seul objectif &#8211; recr\u00e9er l&rsquo;image du jeu de puzzle &#8211; il est lib\u00e9r\u00e9 de tous les autres, et \u00e0 la fin, tu auras plus d&rsquo;\u00e9nergie et une vision plus positive de la vie.<\/span><\/p>\n<p><span style=\"font-weight: 400;\">Ach\u00e8te le puzzle <\/span><span style=\"font-weight: 400;\">adultes du ch\u00e2teau de Sturdza et cr\u00e9e ta propre collection unique de puzzles de 1000 pi\u00e8ces repr\u00e9sentant des curiosit\u00e9s roumaines ! Pimente les week-ends ennuyeux ou surprends agr\u00e9ablement un ami cher avec ce merveilleux puzzle Sturdza Castle de 1000 pi\u00e8ces !<\/span><span style=\"font-weight: 400;\"> <\/span><\/p><\/p>\n","protected":false},"excerpt":{"rendered":"<p>Avec la nouvelle gamme de puzzles de 1000 roumains, tu peux maintenant construire ta propre collection de photos de tes<\/p>\n","protected":false},"featured_media":51848,"template":"","meta":[],"product_brand":[],"product_cat":[2314,2316,2315],"product_tag":[],"class_list":{"0":"post-51846","1":"product","2":"type-product","3":"status-publish","4":"has-post-thumbnail","6":"product_cat-puzzles-fr","7":"product_cat-puzzles-de-1000-pieces","8":"product_cat-puzzles-pour-adultes","9":"pa_brand-deico-fr","10":"pa_country_of_manufacture-ro-fr","11":"pa_filter_age-14-fr","12":"pa_tip_ambalaj-boite","13":"pa_tip_puzzle-classique","15":"first","16":"instock","17":"taxable","18":"shipping-taxable","19":"product-type-simple"},"yoast_head":"<!-- This site is optimized with the Yoast SEO plugin v20.1 - https:\/\/yoast.com\/wordpress\/plugins\/seo\/ -->\n<title>Puzzle adulte Ch\u00e2teau de Sturdza, Roumanie - 1000 pi\u00e8ces<\/title>\n<meta name=\"description\" content=\"Puzzle adulte Ch\u00e2teau de Sturdza, Roumanie - 1000 pi\u00e8ces\" \/>\n<meta name=\"robots\" content=\"index, follow, max-snippet:-1, max-image-preview:large, max-video-preview:-1\" \/>\n<link rel=\"canonical\" href=\"https:\/\/business.roovi.com\/fr\/puzzle-adulte-chateau-de-sturdza-roumanie-1000-pieces\/p\/\" \/>\n<meta property=\"og:locale\" content=\"fr_FR\" \/>\n<meta property=\"og:type\" content=\"article\" \/>\n<meta property=\"og:title\" content=\"Puzzle adulte Ch\u00e2teau de Sturdza, Roumanie - 1000 pi\u00e8ces\" \/>\n<meta property=\"og:description\" content=\"Puzzle adulte Ch\u00e2teau de Sturdza, Roumanie - 1000 pi\u00e8ces\" \/>\n<meta property=\"og:url\" content=\"https:\/\/business.roovi.com\/fr\/puzzle-adulte-chateau-de-sturdza-roumanie-1000-pieces\/p\/\" \/>\n<meta property=\"og:site_name\" content=\"Roovi B2B\" \/>\n<meta property=\"article:publisher\" content=\"https:\/\/www.facebook.com\/wwwjucariero\" \/>\n<meta property=\"article:modified_time\" content=\"2022-07-13T10:14:23+00:00\" \/>\n<meta property=\"og:image\" content=\"https:\/\/business.roovi.com\/wp-content\/uploads\/2020\/04\/76052_ansamblu_dimensiuni_cutie_cm-800x800.png\" \/>\n\t<meta property=\"og:image:width\" content=\"800\" \/>\n\t<meta property=\"og:image:height\" content=\"800\" \/>\n\t<meta property=\"og:image:type\" content=\"image\/png\" \/>\n<meta name=\"twitter:label1\" content=\"Dur\u00e9e de lecture estim\u00e9e\" \/>\n\t<meta name=\"twitter:data1\" content=\"3 minutes\" \/>\n<script type=\"application\/ld+json\" class=\"yoast-schema-graph\">{\"@context\":\"https:\/\/schema.org\",\"@graph\":[{\"@type\":\"WebPage\",\"@id\":\"https:\/\/business.roovi.com\/fr\/puzzle-adulte-chateau-de-sturdza-roumanie-1000-pieces\/p\/\",\"url\":\"https:\/\/business.roovi.com\/fr\/puzzle-adulte-chateau-de-sturdza-roumanie-1000-pieces\/p\/\",\"name\":\"Puzzle adulte Ch\u00e2teau de Sturdza, Roumanie - 1000 pi\u00e8ces\",\"isPartOf\":{\"@id\":\"https:\/\/business.roovi.com\/fr\/#website\"},\"datePublished\":\"2020-04-23T10:33:43+00:00\",\"dateModified\":\"2022-07-13T10:14:23+00:00\",\"description\":\"Puzzle adulte Ch\u00e2teau de Sturdza, Roumanie - 1000 pi\u00e8ces\",\"breadcrumb\":{\"@id\":\"https:\/\/business.roovi.com\/fr\/puzzle-adulte-chateau-de-sturdza-roumanie-1000-pieces\/p\/#breadcrumb\"},\"inLanguage\":\"fr-FR\",\"potentialAction\":[{\"@type\":\"ReadAction\",\"target\":[\"https:\/\/business.roovi.com\/fr\/puzzle-adulte-chateau-de-sturdza-roumanie-1000-pieces\/p\/\"]}]},{\"@type\":\"BreadcrumbList\",\"@id\":\"https:\/\/business.roovi.com\/fr\/puzzle-adulte-chateau-de-sturdza-roumanie-1000-pieces\/p\/#breadcrumb\",\"itemListElement\":[{\"@type\":\"ListItem\",\"position\":1,\"name\":\"Home\",\"item\":\"https:\/\/business.roovi.com\/fr\/\"},{\"@type\":\"ListItem\",\"position\":2,\"name\":\"Boutique\",\"item\":\"https:\/\/business.roovi.com\/fr\/boutique\/\"},{\"@type\":\"ListItem\",\"position\":3,\"name\":\"Puzzle adulte Ch\u00e2teau de Sturdza, Roumanie &#8211; 1000 pi\u00e8ces\"}]},{\"@type\":\"WebSite\",\"@id\":\"https:\/\/business.roovi.com\/fr\/#website\",\"url\":\"https:\/\/business.roovi.com\/fr\/\",\"name\":\"Roovi B2B\",\"description\":\"Roovi Business Website\",\"potentialAction\":[{\"@type\":\"SearchAction\",\"target\":{\"@type\":\"EntryPoint\",\"urlTemplate\":\"https:\/\/business.roovi.com\/fr\/?s={search_term_string}\"},\"query-input\":\"required name=search_term_string\"}],\"inLanguage\":\"fr-FR\"}]}<\/script>\n<!-- \/ Yoast SEO plugin. -->","yoast_head_json":{"title":"Puzzle adulte Ch\u00e2teau de Sturdza, Roumanie - 1000 pi\u00e8ces","description":"Puzzle adulte Ch\u00e2teau de Sturdza, Roumanie - 1000 pi\u00e8ces","robots":{"index":"index","follow":"follow","max-snippet":"max-snippet:-1","max-image-preview":"max-image-preview:large","max-video-preview":"max-video-preview:-1"},"canonical":"https:\/\/business.roovi.com\/fr\/puzzle-adulte-chateau-de-sturdza-roumanie-1000-pieces\/p\/","og_locale":"fr_FR","og_type":"article","og_title":"Puzzle adulte Ch\u00e2teau de Sturdza, Roumanie - 1000 pi\u00e8ces","og_description":"Puzzle adulte Ch\u00e2teau de Sturdza, Roumanie - 1000 pi\u00e8ces","og_url":"https:\/\/business.roovi.com\/fr\/puzzle-adulte-chateau-de-sturdza-roumanie-1000-pieces\/p\/","og_site_name":"Roovi B2B","article_publisher":"https:\/\/www.facebook.com\/wwwjucariero","article_modified_time":"2022-07-13T10:14:23+00:00","og_image":[{"width":800,"height":800,"url":"https:\/\/business.roovi.com\/wp-content\/uploads\/2020\/04\/76052_ansamblu_dimensiuni_cutie_cm-800x800.png","type":"image\/png"}],"twitter_misc":{"Dur\u00e9e de lecture estim\u00e9e":"3 minutes"},"schema":{"@context":"https:\/\/schema.org","@graph":[{"@type":"WebPage","@id":"https:\/\/business.roovi.com\/fr\/puzzle-adulte-chateau-de-sturdza-roumanie-1000-pieces\/p\/","url":"https:\/\/business.roovi.com\/fr\/puzzle-adulte-chateau-de-sturdza-roumanie-1000-pieces\/p\/","name":"Puzzle adulte Ch\u00e2teau de Sturdza, Roumanie - 1000 pi\u00e8ces","isPartOf":{"@id":"https:\/\/business.roovi.com\/fr\/#website"},"datePublished":"2020-04-23T10:33:43+00:00","dateModified":"2022-07-13T10:14:23+00:00","description":"Puzzle adulte Ch\u00e2teau de Sturdza, Roumanie - 1000 pi\u00e8ces","breadcrumb":{"@id":"https:\/\/business.roovi.com\/fr\/puzzle-adulte-chateau-de-sturdza-roumanie-1000-pieces\/p\/#breadcrumb"},"inLanguage":"fr-FR","potentialAction":[{"@type":"ReadAction","target":["https:\/\/business.roovi.com\/fr\/puzzle-adulte-chateau-de-sturdza-roumanie-1000-pieces\/p\/"]}]},{"@type":"BreadcrumbList","@id":"https:\/\/business.roovi.com\/fr\/puzzle-adulte-chateau-de-sturdza-roumanie-1000-pieces\/p\/#breadcrumb","itemListElement":[{"@type":"ListItem","position":1,"name":"Home","item":"https:\/\/business.roovi.com\/fr\/"},{"@type":"ListItem","position":2,"name":"Boutique","item":"https:\/\/business.roovi.com\/fr\/boutique\/"},{"@type":"ListItem","position":3,"name":"Puzzle adulte Ch\u00e2teau de Sturdza, Roumanie &#8211; 1000 pi\u00e8ces"}]},{"@type":"WebSite","@id":"https:\/\/business.roovi.com\/fr\/#website","url":"https:\/\/business.roovi.com\/fr\/","name":"Roovi B2B","description":"Roovi Business Website","potentialAction":[{"@type":"SearchAction","target":{"@type":"EntryPoint","urlTemplate":"https:\/\/business.roovi.com\/fr\/?s={search_term_string}"},"query-input":"required name=search_term_string"}],"inLanguage":"fr-FR"}]}},"_links":{"self":[{"href":"https:\/\/business.roovi.com\/fr\/wp-json\/wp\/v2\/product\/51846","targetHints":{"allow":["GET"]}}],"collection":[{"href":"https:\/\/business.roovi.com\/fr\/wp-json\/wp\/v2\/product"}],"about":[{"href":"https:\/\/business.roovi.com\/fr\/wp-json\/wp\/v2\/types\/product"}],"version-history":[{"count":0,"href":"https:\/\/business.roovi.com\/fr\/wp-json\/wp\/v2\/product\/51846\/revisions"}],"wp:featuredmedia":[{"embeddable":true,"href":"https:\/\/business.roovi.com\/fr\/wp-json\/wp\/v2\/media\/51848"}],"wp:attachment":[{"href":"https:\/\/business.roovi.com\/fr\/wp-json\/wp\/v2\/media?parent=51846"}],"wp:term":[{"taxonomy":"product_brand","embeddable":true,"href":"https:\/\/business.roovi.com\/fr\/wp-json\/wp\/v2\/product_brand?post=51846"},{"taxonomy":"product_cat","embeddable":true,"href":"https:\/\/business.roovi.com\/fr\/wp-json\/wp\/v2\/product_cat?post=51846"},{"taxonomy":"product_tag","embeddable":true,"href":"https:\/\/business.roovi.com\/fr\/wp-json\/wp\/v2\/product_tag?post=51846"}],"curies":[{"name":"wp","href":"https:\/\/api.w.org\/{rel}","templated":true}]}}