{"id":51853,"date":"2020-04-23T08:34:32","date_gmt":"2020-04-23T08:34:32","guid":{"rendered":"https:\/\/business.roovi.com\/puzzle-adulti-1000-piese-cinque-terre\/p\/"},"modified":"2022-07-13T10:14:23","modified_gmt":"2022-07-13T10:14:23","slug":"puzzle-adulte-1000-pieces-cinque-terre","status":"publish","type":"product","link":"https:\/\/business.roovi.com\/fr\/puzzle-adulte-1000-pieces-cinque-terre\/p\/","title":{"rendered":"Puzzle adulte 1000 pi\u00e8ces Cinque Terre"},"content":{"rendered":"<p><strong><em>Fais une pause dans la vie virtuelle et passe ton temps de mani\u00e8re cr\u00e9ative et amusante avec un puzzle de 1000 pi\u00e8ces avec une superbe photo de la r\u00e9gion des Cinque Terre !<\/em><\/strong><\/p>\n<p><span style=\"font-weight: 400;\">Des cottages color\u00e9s perch\u00e9s sur des falaises qui semblent sortir de la mer, les c\u00e9l\u00e8bres <\/span><em><span style=\"font-weight: 400;\">La route de l&rsquo;amour<\/span><\/em><span style=\"font-weight: 400;\"> que tu peux longer, les paysages boh\u00e8mes ou le vin savoureux ne sont que quelques-unes des attractions qui font de la r\u00e9gion des Cinque Terre une destination irr\u00e9sistible.<\/span><\/p>\n<p><span style=\"font-weight: 400;\">Le puzzle de 1000 pi\u00e8ces Cinque Terre peint un tableau ensoleill\u00e9 et color\u00e9 qui t&#8217;emm\u00e8ne dans un lieu o\u00f9 le temps semble s&rsquo;arr\u00eater. Chacun des 5 villages est impr\u00e9gn\u00e9 d&rsquo;histoire et a sa propre histoire et personnalit\u00e9.<\/span><\/p>\n<p><span style=\"font-weight: 400;\">Avec le puzzle de 1000 pi\u00e8ces Cinque Terre, tu profites de quelques heures de d\u00e9tente et de d\u00e9connexion. Redessiner cette image ensoleill\u00e9e est une v\u00e9ritable th\u00e9rapie par les couleurs qui apporte sourires et bonne humeur. Pars donc \u00e0 l&rsquo;aventure de la cr\u00e9ation et de la connaissance avec ce merveilleux jeu de puzzle et passe du temps de qualit\u00e9 \u00e0 assembler un fascinant tableau de 1000 pi\u00e8ces.<\/span><\/p>\n<p><span style=\"font-weight: 400;\">Tu peux utiliser une table basse standard pour l&rsquo;assemblage. Les dimensions de l&rsquo;image reconstitu\u00e9e sont de 68 x 47 cm. Tu auras un tableau sp\u00e9cial qui peut \u00eatre une pi\u00e8ce d\u00e9corative qui fait ressortir la grisaille de n&rsquo;importe quel endroit de ta maison.<\/span><\/p>\n<p><strong>Caract\u00e9ristiques du puzzle 1000 pi\u00e8ces Cinque Terre<\/strong><\/p>\n<p><strong>Mat\u00e9riau du puzzle <\/strong><\/p>\n<p><strong>carton bleu de haute qualit\u00e9<\/strong><\/p>\n<p><strong>des mat\u00e9riaux durables et recyclables<\/strong><\/p>\n<p><strong>finition semi-brillante, couleurs vives<\/strong><\/p>\n<p><strong>Nombre de pi\u00e8ces de puzzle : 1000<\/strong><\/p>\n<p><strong>\u00c2ge recommand\u00e9 : 14+<\/strong><\/p>\n<p><span style=\"font-weight: 400;\">Les jeux de puzzle sont un excellent moyen de d\u00e9velopper des comp\u00e9tences telles que<\/span><strong>:<\/strong><\/p>\n<ul>\n<li><span style=\"font-weight: 400;\">Capacit\u00e9 \u00e0 coordonner et \u00e0 se concentrer sur une seule t\u00e2che.<\/span><\/li>\n<li><span style=\"font-weight: 400;\">Attention aux d\u00e9tails et patience.<\/span><\/li>\n<li><span style=\"font-weight: 400;\">La capacit\u00e9 \u00e0 r\u00e9soudre les probl\u00e8mes.<\/span><\/li>\n<li><span style=\"font-weight: 400;\">M\u00e9moire, pens\u00e9e logique et cr\u00e9ativit\u00e9.<\/span><\/li>\n<li><span style=\"font-weight: 400;\">Habilet\u00e9 et mobilit\u00e9 fine.<\/span><\/li>\n<\/ul>\n<p><strong>Savais-tu que..<\/strong><\/p>\n<p><span style=\"font-weight: 400;\">Cinque Terre est compos\u00e9 de 5 villages <\/span><span style=\"font-weight: 400;\">le long de la c\u00f4te dans la r\u00e9gion de la Ligurie : Riomaggiore, Manarola, Corniglia, Vernazza et Monterosso.<\/span><\/p>\n<p><span style=\"font-weight: 400;\">En tant que r\u00e9gion prot\u00e9g\u00e9e et site du patrimoine mondial de l&rsquo;UNESCO, elle a une l\u00e9gislation stricte en mati\u00e8re de construction et de r\u00e9novation. Aucune modification ne peut \u00eatre faite au hasard ou sans l&rsquo;approbation des autorit\u00e9s.<\/span><\/p>\n<p><span style=\"font-weight: 400;\">Bien qu&rsquo;il n&rsquo;y ait aucune voiture nulle part, la zone peut \u00eatre extr\u00eamement fr\u00e9quent\u00e9e. Attir\u00e9s par la beaut\u00e9 du paysage, les touristes du monde entier visitent les 5 villages, surtout en \u00e9t\u00e9 <\/span><\/p>\n<p><span style=\"font-weight: 400;\">La r\u00e9gion des Cinque Terre est \u00e9galement c\u00e9l\u00e8bre pour ses vins aromatiques et sa d\u00e9licieuse sauce pesto.<\/span><\/p>\n<p><strong>Cinque Terre puzzle adulte de 1000 pi\u00e8ces pour s&rsquo;amuser et se d\u00e9tendre en famille<\/strong><\/p>\n<p><span style=\"font-weight: 400;\">Il fait froid dehors et tu n&rsquo;as pas envie de quitter la maison ? Fais participer toute la famille \u00e0 un jeu de puzzle ensoleill\u00e9 et color\u00e9. Les heures se fondront dans un plaisir relaxant et vous ferez des souvenirs inoubliables ensemble. Travaille en \u00e9quipe et trouve les meilleures strat\u00e9gies pour reconstituer l&rsquo;image du puzzle de 1000 pi\u00e8ces.<\/span><\/p>\n<p><span style=\"font-weight: 400;\">\u00c0 la fin, c\u00e9l\u00e8bre ton dur labeur en encadrant la photo obtenue. Tu as un objet d\u00e9coratif \u00e0 admirer pendant longtemps et tu as v\u00e9cu une exp\u00e9rience incroyable qui t&rsquo;a permis de mieux te conna\u00eetre.  <\/span><span style=\"font-weight: 400;\">Le puzzle Cinque Terre de 1000 pi\u00e8ces peut \u00eatre gard\u00e9 \u00e0 la maison pour les moments o\u00f9 tu veux rompre la monotonie et t&rsquo;\u00e9loigner du quotidien, ou bien il peut \u00eatre un cadeau exceptionnel que tout amateur de jeux de puzzle appr\u00e9ciera.<\/span><\/p><\/p>\n","protected":false},"excerpt":{"rendered":"<p>Fais une pause dans la vie virtuelle et passe ton temps de mani\u00e8re cr\u00e9ative et amusante avec un puzzle de<\/p>\n","protected":false},"featured_media":51856,"template":"","meta":[],"product_brand":[],"product_cat":[2314,2316,2315],"product_tag":[],"class_list":{"0":"post-51853","1":"product","2":"type-product","3":"status-publish","4":"has-post-thumbnail","6":"product_cat-puzzles-fr","7":"product_cat-puzzles-de-1000-pieces","8":"product_cat-puzzles-pour-adultes","9":"pa_brand-deico-fr","10":"pa_country_of_manufacture-ro-fr","11":"pa_filter_age-14-fr","12":"pa_tip_ambalaj-boite","13":"pa_tip_puzzle-classique","15":"first","16":"instock","17":"taxable","18":"shipping-taxable","19":"product-type-simple"},"yoast_head":"<!-- This site is optimized with the Yoast SEO plugin v20.1 - https:\/\/yoast.com\/wordpress\/plugins\/seo\/ -->\n<title>Puzzle adulte 1000 pi\u00e8ces Cinque Terre<\/title>\n<meta name=\"description\" content=\"Puzzle adulte 1000 pi\u00e8ces Cinque Terre\" \/>\n<meta name=\"robots\" content=\"index, follow, max-snippet:-1, max-image-preview:large, max-video-preview:-1\" \/>\n<link rel=\"canonical\" href=\"https:\/\/business.roovi.com\/fr\/puzzle-adulte-1000-pieces-cinque-terre\/p\/\" \/>\n<meta property=\"og:locale\" content=\"fr_FR\" \/>\n<meta property=\"og:type\" content=\"article\" \/>\n<meta property=\"og:title\" content=\"Puzzle adulte 1000 pi\u00e8ces Cinque Terre\" \/>\n<meta property=\"og:description\" content=\"Puzzle adulte 1000 pi\u00e8ces Cinque Terre\" \/>\n<meta property=\"og:url\" content=\"https:\/\/business.roovi.com\/fr\/puzzle-adulte-1000-pieces-cinque-terre\/p\/\" \/>\n<meta property=\"og:site_name\" content=\"Roovi B2B\" \/>\n<meta property=\"article:publisher\" content=\"https:\/\/www.facebook.com\/wwwjucariero\" \/>\n<meta property=\"article:modified_time\" content=\"2022-07-13T10:14:23+00:00\" \/>\n<meta property=\"og:image\" content=\"https:\/\/business.roovi.com\/wp-content\/uploads\/2020\/04\/cinque_terre_italy_copy.jpg\" \/>\n\t<meta property=\"og:image:width\" content=\"1200\" \/>\n\t<meta property=\"og:image:height\" content=\"1200\" \/>\n\t<meta property=\"og:image:type\" content=\"image\/jpeg\" \/>\n<meta name=\"twitter:label1\" content=\"Dur\u00e9e de lecture estim\u00e9e\" \/>\n\t<meta name=\"twitter:data1\" content=\"3 minutes\" \/>\n<script type=\"application\/ld+json\" class=\"yoast-schema-graph\">{\"@context\":\"https:\/\/schema.org\",\"@graph\":[{\"@type\":\"WebPage\",\"@id\":\"https:\/\/business.roovi.com\/fr\/puzzle-adulte-1000-pieces-cinque-terre\/p\/\",\"url\":\"https:\/\/business.roovi.com\/fr\/puzzle-adulte-1000-pieces-cinque-terre\/p\/\",\"name\":\"Puzzle adulte 1000 pi\u00e8ces Cinque Terre\",\"isPartOf\":{\"@id\":\"https:\/\/business.roovi.com\/fr\/#website\"},\"datePublished\":\"2020-04-23T08:34:32+00:00\",\"dateModified\":\"2022-07-13T10:14:23+00:00\",\"description\":\"Puzzle adulte 1000 pi\u00e8ces Cinque Terre\",\"breadcrumb\":{\"@id\":\"https:\/\/business.roovi.com\/fr\/puzzle-adulte-1000-pieces-cinque-terre\/p\/#breadcrumb\"},\"inLanguage\":\"fr-FR\",\"potentialAction\":[{\"@type\":\"ReadAction\",\"target\":[\"https:\/\/business.roovi.com\/fr\/puzzle-adulte-1000-pieces-cinque-terre\/p\/\"]}]},{\"@type\":\"BreadcrumbList\",\"@id\":\"https:\/\/business.roovi.com\/fr\/puzzle-adulte-1000-pieces-cinque-terre\/p\/#breadcrumb\",\"itemListElement\":[{\"@type\":\"ListItem\",\"position\":1,\"name\":\"Home\",\"item\":\"https:\/\/business.roovi.com\/fr\/\"},{\"@type\":\"ListItem\",\"position\":2,\"name\":\"Boutique\",\"item\":\"https:\/\/business.roovi.com\/fr\/boutique\/\"},{\"@type\":\"ListItem\",\"position\":3,\"name\":\"Puzzle adulte 1000 pi\u00e8ces Cinque Terre\"}]},{\"@type\":\"WebSite\",\"@id\":\"https:\/\/business.roovi.com\/fr\/#website\",\"url\":\"https:\/\/business.roovi.com\/fr\/\",\"name\":\"Roovi B2B\",\"description\":\"Roovi Business Website\",\"potentialAction\":[{\"@type\":\"SearchAction\",\"target\":{\"@type\":\"EntryPoint\",\"urlTemplate\":\"https:\/\/business.roovi.com\/fr\/?s={search_term_string}\"},\"query-input\":\"required name=search_term_string\"}],\"inLanguage\":\"fr-FR\"}]}<\/script>\n<!-- \/ Yoast SEO plugin. -->","yoast_head_json":{"title":"Puzzle adulte 1000 pi\u00e8ces Cinque Terre","description":"Puzzle adulte 1000 pi\u00e8ces Cinque Terre","robots":{"index":"index","follow":"follow","max-snippet":"max-snippet:-1","max-image-preview":"max-image-preview:large","max-video-preview":"max-video-preview:-1"},"canonical":"https:\/\/business.roovi.com\/fr\/puzzle-adulte-1000-pieces-cinque-terre\/p\/","og_locale":"fr_FR","og_type":"article","og_title":"Puzzle adulte 1000 pi\u00e8ces Cinque Terre","og_description":"Puzzle adulte 1000 pi\u00e8ces Cinque Terre","og_url":"https:\/\/business.roovi.com\/fr\/puzzle-adulte-1000-pieces-cinque-terre\/p\/","og_site_name":"Roovi B2B","article_publisher":"https:\/\/www.facebook.com\/wwwjucariero","article_modified_time":"2022-07-13T10:14:23+00:00","og_image":[{"width":1200,"height":1200,"url":"https:\/\/business.roovi.com\/wp-content\/uploads\/2020\/04\/cinque_terre_italy_copy.jpg","type":"image\/jpeg"}],"twitter_misc":{"Dur\u00e9e de lecture estim\u00e9e":"3 minutes"},"schema":{"@context":"https:\/\/schema.org","@graph":[{"@type":"WebPage","@id":"https:\/\/business.roovi.com\/fr\/puzzle-adulte-1000-pieces-cinque-terre\/p\/","url":"https:\/\/business.roovi.com\/fr\/puzzle-adulte-1000-pieces-cinque-terre\/p\/","name":"Puzzle adulte 1000 pi\u00e8ces Cinque Terre","isPartOf":{"@id":"https:\/\/business.roovi.com\/fr\/#website"},"datePublished":"2020-04-23T08:34:32+00:00","dateModified":"2022-07-13T10:14:23+00:00","description":"Puzzle adulte 1000 pi\u00e8ces Cinque Terre","breadcrumb":{"@id":"https:\/\/business.roovi.com\/fr\/puzzle-adulte-1000-pieces-cinque-terre\/p\/#breadcrumb"},"inLanguage":"fr-FR","potentialAction":[{"@type":"ReadAction","target":["https:\/\/business.roovi.com\/fr\/puzzle-adulte-1000-pieces-cinque-terre\/p\/"]}]},{"@type":"BreadcrumbList","@id":"https:\/\/business.roovi.com\/fr\/puzzle-adulte-1000-pieces-cinque-terre\/p\/#breadcrumb","itemListElement":[{"@type":"ListItem","position":1,"name":"Home","item":"https:\/\/business.roovi.com\/fr\/"},{"@type":"ListItem","position":2,"name":"Boutique","item":"https:\/\/business.roovi.com\/fr\/boutique\/"},{"@type":"ListItem","position":3,"name":"Puzzle adulte 1000 pi\u00e8ces Cinque Terre"}]},{"@type":"WebSite","@id":"https:\/\/business.roovi.com\/fr\/#website","url":"https:\/\/business.roovi.com\/fr\/","name":"Roovi B2B","description":"Roovi Business Website","potentialAction":[{"@type":"SearchAction","target":{"@type":"EntryPoint","urlTemplate":"https:\/\/business.roovi.com\/fr\/?s={search_term_string}"},"query-input":"required name=search_term_string"}],"inLanguage":"fr-FR"}]}},"_links":{"self":[{"href":"https:\/\/business.roovi.com\/fr\/wp-json\/wp\/v2\/product\/51853","targetHints":{"allow":["GET"]}}],"collection":[{"href":"https:\/\/business.roovi.com\/fr\/wp-json\/wp\/v2\/product"}],"about":[{"href":"https:\/\/business.roovi.com\/fr\/wp-json\/wp\/v2\/types\/product"}],"version-history":[{"count":0,"href":"https:\/\/business.roovi.com\/fr\/wp-json\/wp\/v2\/product\/51853\/revisions"}],"wp:featuredmedia":[{"embeddable":true,"href":"https:\/\/business.roovi.com\/fr\/wp-json\/wp\/v2\/media\/51856"}],"wp:attachment":[{"href":"https:\/\/business.roovi.com\/fr\/wp-json\/wp\/v2\/media?parent=51853"}],"wp:term":[{"taxonomy":"product_brand","embeddable":true,"href":"https:\/\/business.roovi.com\/fr\/wp-json\/wp\/v2\/product_brand?post=51853"},{"taxonomy":"product_cat","embeddable":true,"href":"https:\/\/business.roovi.com\/fr\/wp-json\/wp\/v2\/product_cat?post=51853"},{"taxonomy":"product_tag","embeddable":true,"href":"https:\/\/business.roovi.com\/fr\/wp-json\/wp\/v2\/product_tag?post=51853"}],"curies":[{"name":"wp","href":"https:\/\/api.w.org\/{rel}","templated":true}]}}