{"id":51858,"date":"2020-04-22T14:55:42","date_gmt":"2020-04-22T14:55:42","guid":{"rendered":"https:\/\/business.roovi.com\/puzzle-adulti-1000-piese-animal-puzzle-koala\/p\/"},"modified":"2022-07-13T10:14:24","modified_gmt":"2022-07-13T10:14:24","slug":"puzzle-adulte-1000-pieces-puzzle-animal-koala","status":"publish","type":"product","link":"https:\/\/business.roovi.com\/fr\/puzzle-adulte-1000-pieces-puzzle-animal-koala\/p\/","title":{"rendered":"Puzzle adulte 1000 pi\u00e8ces &#8211; Puzzle animal &#8211; Koala"},"content":{"rendered":"<p><strong><em>Tu cherches une activit\u00e9 cr\u00e9ative pour passer ton temps libre ? Ou peut-\u00eatre cherches-tu un cadeau unique pour un ami ? Le puzzle Koala de 1000 pi\u00e8ces de la collection de puzzles animaux est exactement ce qu&rsquo;il te faut.<\/em><\/strong><\/p>\n<p><span style=\"font-weight: 400;\">L&rsquo;activit\u00e9 d&rsquo;assemblage est relaxante, entra\u00eene ton esprit et met au d\u00e9fi ton attention aux d\u00e9tails et ta patience. Et lorsque tu poses la derni\u00e8re pi\u00e8ce qui compl\u00e8te le tableau, tu \u00e9prouves un incroyable sentiment de satisfaction et tu as envie de r\u00e9p\u00e9ter l&rsquo;exp\u00e9rience encore et encore.<\/span><\/p>\n<p><span style=\"font-weight: 400;\">Le puzzle Koala de 1000 pi\u00e8ces montre une photo de l&rsquo;adorable animal marsupial, symbole de l&rsquo;Australie, dans son environnement naturel, tenant son b\u00e9b\u00e9. Tu peux assembler ce jeu de puzzle \u00e0 des moments o\u00f9 tu ressens le besoin de faire une pause dans le quotidien, ou tu peux faire participer les enfants \u00e0 l&rsquo;activit\u00e9. Ils feront la course pour trouver les bonnes pi\u00e8ces du puzzle et \u00e0 la fin, ils d\u00e9cideront ensemble si le tableau ornera leur chambre ou un autre endroit de ton choix.<\/span><\/p>\n<p><span style=\"font-weight: 400;\">Tu peux utiliser une table basse standard pour soutenir les pi\u00e8ces. L&rsquo;image reconstitu\u00e9e mesure <strong>68 x 47 cm<\/strong> et peut \u00eatre une pi\u00e8ce d\u00e9corative sp\u00e9ciale pour embellir ta maison.<\/span><\/p>\n<p><strong>Pourquoi choisir le puzzle de 1000 pi\u00e8ces de la collection de puzzles d&rsquo;animaux ?<\/strong><\/p>\n<p><span style=\"font-weight: 400;\">Recr\u00e9er la photo d&rsquo;un animal captur\u00e9 dans son cadre naturel est un moyen incroyable de se d\u00e9tendre et de se relaxer.<\/span><\/p>\n<p><span style=\"font-weight: 400;\">Tu obtiens une photo fascinante que tu peux afficher et admirer pendant longtemps.<\/span><\/p>\n<p><span style=\"font-weight: 400;\">Cela peut \u00eatre l&rsquo;occasion de cr\u00e9er des liens et de travailler ensemble avec tes enfants.<\/span><\/p>\n<p><span style=\"font-weight: 400;\">Il est fabriqu\u00e9 en carton de haute qualit\u00e9 qui lui conf\u00e8re une durabilit\u00e9 dans le temps, m\u00eame lorsqu&rsquo;il est assembl\u00e9 plusieurs fois.<\/span><\/p>\n<p><span style=\"font-weight: 400;\">Il a une finition semi-brillante et des couleurs vives qui font ressortir la beaut\u00e9 de l&rsquo;image.<\/span><\/p>\n<p><span style=\"font-weight: 400;\">Il est respectueux de la nature, fabriqu\u00e9 \u00e0 partir de mat\u00e9riaux durables et recyclables.<\/span><\/p>\n<p><span style=\"font-weight: 400;\">Il convient aux personnes de plus de 14 ans et pr\u00e9sente un degr\u00e9 de difficult\u00e9 moyen.<\/span><\/p>\n<p><span style=\"font-weight: 400;\">Les jeux de puzzle sont un excellent moyen de d\u00e9velopper des comp\u00e9tences telles que :<\/span><\/p>\n<ul>\n<li><span style=\"font-weight: 400;\">Fais attention aux d\u00e9tails.<\/span><\/li>\n<li><span style=\"font-weight: 400;\">M\u00e9moire et pens\u00e9e logique.<\/span><\/li>\n<li><span style=\"font-weight: 400;\">Pers\u00e9v\u00e9rance.<\/span><\/li>\n<li><span style=\"font-weight: 400;\">Comp\u00e9tences en mati\u00e8re de r\u00e9solution de probl\u00e8mes.<\/span><\/li>\n<li><span style=\"font-weight: 400;\">Cr\u00e9ativit\u00e9.<\/span><\/li>\n<li><span style=\"font-weight: 400;\">Dext\u00e9rit\u00e9 et motricit\u00e9 fine.<\/span><\/li>\n<\/ul>\n<p><strong>Savais-tu que..<\/strong><\/p>\n<p><span style=\"font-weight: 400;\">Le sympathique koala passe la plupart de sa vie \u00e0 grimper dans l&rsquo;eucalyptus. Ici, il mange, dort et se reproduit.<\/span><\/p>\n<p><span style=\"font-weight: 400;\">Le koala ne boit jamais d&rsquo;eau. Il tire son fluide des feuilles d&rsquo;eucalyptus.<\/span><\/p>\n<p><span style=\"font-weight: 400;\">Il a le plus petit cerveau de tous les mammif\u00e8res et une faible intelligence.<\/span><\/p>\n<p><span style=\"font-weight: 400;\">Le koala dort jusqu&rsquo;\u00e0 18 heures par jour. Il reste g\u00e9n\u00e9ralement \u00e9veill\u00e9 la nuit.<\/span><\/p>\n<p><span style=\"font-weight: 400;\">Malheureusement, le koala est une esp\u00e8ce en voie de disparition. De nombreux individus meurent dans des accidents de voiture, tu\u00e9s par des chiens ou parce que leur habitat est d\u00e9truit.<\/span><\/p>\n<p><strong>Le puzzle Koala de 1000 pi\u00e8ces te gardera loin des \u00e9crans pendant des heures<\/strong><\/p>\n<p><span style=\"font-weight: 400;\">Tu veux rester \u00e9loign\u00e9 des \u00e9crans plus longtemps, mais comment te souvenir que ton t\u00e9l\u00e9phone portable fait un pas dans le monde virtuel ? Le puzzle de 1000 pi\u00e8ces avec l&rsquo;image du sympathique Koala te relie \u00e0 toi-m\u00eame et t&rsquo;\u00e9loigne des tentations virtuelles. Une fois que tu as r\u00e9ussi \u00e0 terminer le tableau, tu \u00e9prouves un \u00e9tat d&rsquo;autosatisfaction in\u00e9gal\u00e9 et tu veux le revivre encore et encore.<\/span><\/p>\n<p><span style=\"font-weight: 400;\">Que tu pr\u00e9f\u00e8res recr\u00e9er l&rsquo;image seule ou en compagnie de ta famille ou de tes amis, <\/span><span style=\"font-weight: 400;\">le puzzle pour adultes de 1000 pi\u00e8ces de Koala est un jeu de puzzle que tu devrais toujours avoir \u00e0 port\u00e9e de main. Il met ton esprit au d\u00e9fi et te procure jusqu&rsquo;\u00e0 30 heures de plaisir et de d\u00e9tente.<\/span><\/p>\n<p><span style=\"font-weight: 400;\">Tu peux aussi choisir le puzzle Koala de 1000 pi\u00e8ces comme cadeau pour les f\u00eates ou les anniversaires de tes amis amateurs de puzzles.<\/span><\/p><\/p>\n","protected":false},"excerpt":{"rendered":"<p>Tu cherches une activit\u00e9 cr\u00e9ative pour passer ton temps libre ? Ou peut-\u00eatre cherches-tu un cadeau unique pour un ami<\/p>\n","protected":false},"featured_media":51860,"template":"","meta":[],"product_brand":[],"product_cat":[2314,2316,2315],"product_tag":[],"class_list":{"0":"post-51858","1":"product","2":"type-product","3":"status-publish","4":"has-post-thumbnail","6":"product_cat-puzzles-fr","7":"product_cat-puzzles-de-1000-pieces","8":"product_cat-puzzles-pour-adultes","9":"pa_brand-deico-fr","10":"pa_country_of_manufacture-ro-fr","11":"pa_filter_age-14-fr","12":"pa_tip_ambalaj-boite","13":"pa_tip_puzzle-classique","15":"first","16":"instock","17":"taxable","18":"shipping-taxable","19":"product-type-simple"},"yoast_head":"<!-- This site is optimized with the Yoast SEO plugin v20.1 - https:\/\/yoast.com\/wordpress\/plugins\/seo\/ -->\n<title>Puzzle adulte 1000 pi\u00e8ces - Puzzle animal - Koala<\/title>\n<meta name=\"description\" content=\"Puzzle adulte 1000 pi\u00e8ces - Puzzle animal - Koala\" \/>\n<meta name=\"robots\" content=\"index, follow, max-snippet:-1, max-image-preview:large, max-video-preview:-1\" \/>\n<link rel=\"canonical\" href=\"https:\/\/business.roovi.com\/fr\/puzzle-adulte-1000-pieces-puzzle-animal-koala\/p\/\" \/>\n<meta property=\"og:locale\" content=\"fr_FR\" \/>\n<meta property=\"og:type\" content=\"article\" \/>\n<meta property=\"og:title\" content=\"Puzzle adulte 1000 pi\u00e8ces - Puzzle animal - Koala\" \/>\n<meta property=\"og:description\" content=\"Puzzle adulte 1000 pi\u00e8ces - Puzzle animal - Koala\" \/>\n<meta property=\"og:url\" content=\"https:\/\/business.roovi.com\/fr\/puzzle-adulte-1000-pieces-puzzle-animal-koala\/p\/\" \/>\n<meta property=\"og:site_name\" content=\"Roovi B2B\" \/>\n<meta property=\"article:publisher\" content=\"https:\/\/www.facebook.com\/wwwjucariero\" \/>\n<meta property=\"article:modified_time\" content=\"2022-07-13T10:14:24+00:00\" \/>\n<meta property=\"og:image\" content=\"https:\/\/business.roovi.com\/wp-content\/uploads\/2020\/04\/p1000_animals_deico_games_koala_copy.jpg\" \/>\n\t<meta property=\"og:image:width\" content=\"1200\" \/>\n\t<meta property=\"og:image:height\" content=\"1200\" \/>\n\t<meta property=\"og:image:type\" content=\"image\/jpeg\" \/>\n<meta name=\"twitter:label1\" content=\"Dur\u00e9e de lecture estim\u00e9e\" \/>\n\t<meta name=\"twitter:data1\" content=\"3 minutes\" \/>\n<script type=\"application\/ld+json\" class=\"yoast-schema-graph\">{\"@context\":\"https:\/\/schema.org\",\"@graph\":[{\"@type\":\"WebPage\",\"@id\":\"https:\/\/business.roovi.com\/fr\/puzzle-adulte-1000-pieces-puzzle-animal-koala\/p\/\",\"url\":\"https:\/\/business.roovi.com\/fr\/puzzle-adulte-1000-pieces-puzzle-animal-koala\/p\/\",\"name\":\"Puzzle adulte 1000 pi\u00e8ces - Puzzle animal - Koala\",\"isPartOf\":{\"@id\":\"https:\/\/business.roovi.com\/fr\/#website\"},\"datePublished\":\"2020-04-22T14:55:42+00:00\",\"dateModified\":\"2022-07-13T10:14:24+00:00\",\"description\":\"Puzzle adulte 1000 pi\u00e8ces - Puzzle animal - Koala\",\"breadcrumb\":{\"@id\":\"https:\/\/business.roovi.com\/fr\/puzzle-adulte-1000-pieces-puzzle-animal-koala\/p\/#breadcrumb\"},\"inLanguage\":\"fr-FR\",\"potentialAction\":[{\"@type\":\"ReadAction\",\"target\":[\"https:\/\/business.roovi.com\/fr\/puzzle-adulte-1000-pieces-puzzle-animal-koala\/p\/\"]}]},{\"@type\":\"BreadcrumbList\",\"@id\":\"https:\/\/business.roovi.com\/fr\/puzzle-adulte-1000-pieces-puzzle-animal-koala\/p\/#breadcrumb\",\"itemListElement\":[{\"@type\":\"ListItem\",\"position\":1,\"name\":\"Home\",\"item\":\"https:\/\/business.roovi.com\/fr\/\"},{\"@type\":\"ListItem\",\"position\":2,\"name\":\"Boutique\",\"item\":\"https:\/\/business.roovi.com\/fr\/boutique\/\"},{\"@type\":\"ListItem\",\"position\":3,\"name\":\"Puzzle adulte 1000 pi\u00e8ces &#8211; Puzzle animal &#8211; Koala\"}]},{\"@type\":\"WebSite\",\"@id\":\"https:\/\/business.roovi.com\/fr\/#website\",\"url\":\"https:\/\/business.roovi.com\/fr\/\",\"name\":\"Roovi B2B\",\"description\":\"Roovi Business Website\",\"potentialAction\":[{\"@type\":\"SearchAction\",\"target\":{\"@type\":\"EntryPoint\",\"urlTemplate\":\"https:\/\/business.roovi.com\/fr\/?s={search_term_string}\"},\"query-input\":\"required name=search_term_string\"}],\"inLanguage\":\"fr-FR\"}]}<\/script>\n<!-- \/ Yoast SEO plugin. -->","yoast_head_json":{"title":"Puzzle adulte 1000 pi\u00e8ces - Puzzle animal - Koala","description":"Puzzle adulte 1000 pi\u00e8ces - Puzzle animal - Koala","robots":{"index":"index","follow":"follow","max-snippet":"max-snippet:-1","max-image-preview":"max-image-preview:large","max-video-preview":"max-video-preview:-1"},"canonical":"https:\/\/business.roovi.com\/fr\/puzzle-adulte-1000-pieces-puzzle-animal-koala\/p\/","og_locale":"fr_FR","og_type":"article","og_title":"Puzzle adulte 1000 pi\u00e8ces - Puzzle animal - Koala","og_description":"Puzzle adulte 1000 pi\u00e8ces - Puzzle animal - Koala","og_url":"https:\/\/business.roovi.com\/fr\/puzzle-adulte-1000-pieces-puzzle-animal-koala\/p\/","og_site_name":"Roovi B2B","article_publisher":"https:\/\/www.facebook.com\/wwwjucariero","article_modified_time":"2022-07-13T10:14:24+00:00","og_image":[{"width":1200,"height":1200,"url":"https:\/\/business.roovi.com\/wp-content\/uploads\/2020\/04\/p1000_animals_deico_games_koala_copy.jpg","type":"image\/jpeg"}],"twitter_misc":{"Dur\u00e9e de lecture estim\u00e9e":"3 minutes"},"schema":{"@context":"https:\/\/schema.org","@graph":[{"@type":"WebPage","@id":"https:\/\/business.roovi.com\/fr\/puzzle-adulte-1000-pieces-puzzle-animal-koala\/p\/","url":"https:\/\/business.roovi.com\/fr\/puzzle-adulte-1000-pieces-puzzle-animal-koala\/p\/","name":"Puzzle adulte 1000 pi\u00e8ces - Puzzle animal - Koala","isPartOf":{"@id":"https:\/\/business.roovi.com\/fr\/#website"},"datePublished":"2020-04-22T14:55:42+00:00","dateModified":"2022-07-13T10:14:24+00:00","description":"Puzzle adulte 1000 pi\u00e8ces - Puzzle animal - Koala","breadcrumb":{"@id":"https:\/\/business.roovi.com\/fr\/puzzle-adulte-1000-pieces-puzzle-animal-koala\/p\/#breadcrumb"},"inLanguage":"fr-FR","potentialAction":[{"@type":"ReadAction","target":["https:\/\/business.roovi.com\/fr\/puzzle-adulte-1000-pieces-puzzle-animal-koala\/p\/"]}]},{"@type":"BreadcrumbList","@id":"https:\/\/business.roovi.com\/fr\/puzzle-adulte-1000-pieces-puzzle-animal-koala\/p\/#breadcrumb","itemListElement":[{"@type":"ListItem","position":1,"name":"Home","item":"https:\/\/business.roovi.com\/fr\/"},{"@type":"ListItem","position":2,"name":"Boutique","item":"https:\/\/business.roovi.com\/fr\/boutique\/"},{"@type":"ListItem","position":3,"name":"Puzzle adulte 1000 pi\u00e8ces &#8211; Puzzle animal &#8211; Koala"}]},{"@type":"WebSite","@id":"https:\/\/business.roovi.com\/fr\/#website","url":"https:\/\/business.roovi.com\/fr\/","name":"Roovi B2B","description":"Roovi Business Website","potentialAction":[{"@type":"SearchAction","target":{"@type":"EntryPoint","urlTemplate":"https:\/\/business.roovi.com\/fr\/?s={search_term_string}"},"query-input":"required name=search_term_string"}],"inLanguage":"fr-FR"}]}},"_links":{"self":[{"href":"https:\/\/business.roovi.com\/fr\/wp-json\/wp\/v2\/product\/51858","targetHints":{"allow":["GET"]}}],"collection":[{"href":"https:\/\/business.roovi.com\/fr\/wp-json\/wp\/v2\/product"}],"about":[{"href":"https:\/\/business.roovi.com\/fr\/wp-json\/wp\/v2\/types\/product"}],"version-history":[{"count":0,"href":"https:\/\/business.roovi.com\/fr\/wp-json\/wp\/v2\/product\/51858\/revisions"}],"wp:featuredmedia":[{"embeddable":true,"href":"https:\/\/business.roovi.com\/fr\/wp-json\/wp\/v2\/media\/51860"}],"wp:attachment":[{"href":"https:\/\/business.roovi.com\/fr\/wp-json\/wp\/v2\/media?parent=51858"}],"wp:term":[{"taxonomy":"product_brand","embeddable":true,"href":"https:\/\/business.roovi.com\/fr\/wp-json\/wp\/v2\/product_brand?post=51858"},{"taxonomy":"product_cat","embeddable":true,"href":"https:\/\/business.roovi.com\/fr\/wp-json\/wp\/v2\/product_cat?post=51858"},{"taxonomy":"product_tag","embeddable":true,"href":"https:\/\/business.roovi.com\/fr\/wp-json\/wp\/v2\/product_tag?post=51858"}],"curies":[{"name":"wp","href":"https:\/\/api.w.org\/{rel}","templated":true}]}}