{"id":51878,"date":"2020-04-22T14:17:48","date_gmt":"2020-04-22T14:17:48","guid":{"rendered":"https:\/\/business.roovi.com\/puzzle-adulti-1000-piese-groos-zselyke-cleopatra-2\/p\/"},"modified":"2022-07-13T10:14:30","modified_gmt":"2022-07-13T10:14:30","slug":"groos-zselyke-puzzle-adulte-1000-pieces-cleopatre","status":"publish","type":"product","link":"https:\/\/business.roovi.com\/fr\/groos-zselyke-puzzle-adulte-1000-pieces-cleopatre\/p\/","title":{"rendered":"Groos Zselyke Puzzle adulte 1000 pi\u00e8ces &#8211; Cl\u00e9op\u00e2tre"},"content":{"rendered":"<p><span style=\"font-weight: 400;\">Le puzzle de 1000 pi\u00e8ces fait travailler ton esprit ! Choisis des mod\u00e8les uniques parmi la plus grande gamme de puzzles pour adultes fabuleusement con\u00e7us et entra\u00eene ton cerveau tous les jours.<\/span><\/p>\n<p><span style=\"font-weight: 400;\">Le puzzle de 1000 pi\u00e8ces Cl\u00e9op\u00e2tre met en sc\u00e8ne la c\u00e9l\u00e8bre reine d&rsquo;\u00c9gypte dans une fabuleuse illustration de l&rsquo;artiste Groos Zselyke. De nombreux d\u00e9tails typiques de l&rsquo;antiquit\u00e9 \u00e9gyptienne dans des couleurs vives mettront \u00e0 l&rsquo;\u00e9preuve ta pers\u00e9v\u00e9rance et ton sens du d\u00e9tail.<\/span><\/p>\n<p><span style=\"font-weight: 400;\">Pharaon et reine, Cl\u00e9op\u00e2tre a \u00e9t\u00e9 une source d&rsquo;inspiration pour les peintres, musiciens, \u00e9crivains et cin\u00e9astes au fil des si\u00e8cles. C\u00e9l\u00e8bre notamment pour sa beaut\u00e9 et ses amours avec Jules C\u00e9sar et Marc Antoine, Cl\u00e9op\u00e2tre \u00e9tait une politicienne accomplie et un leader influent de son \u00e9poque.<\/span><\/p>\n<p><span style=\"font-weight: 400;\">Tu peux reconstituer cet \u00e9tonnant puzzle avec ta fille adolescente. Tu lui offriras plus qu&rsquo;un simple jeu de r\u00e9flexion : l&rsquo;histoire fascinante d&rsquo;une femme puissante et d\u00e9termin\u00e9e dont le nom perdure aujourd&rsquo;hui.<\/span><\/p>\n<p><span style=\"font-weight: 400;\">Tu peux utiliser une table basse ordinaire pour recr\u00e9er l&rsquo;image. La peinture qui en r\u00e9sulte mesure 50 x 70 cm. Tu peux l&rsquo;encadrer et il sera superbe dans la chambre de ta fille.<\/span><\/p>\n<p><span style=\"font-weight: 400;\">Caract\u00e9ristiques Puzzle de 1000 pi\u00e8ces Cl\u00e9op\u00e2tre :<\/span><\/p>\n<p><strong>Mat\u00e9riau du puzzle <\/strong><\/p>\n<p><strong>carton bleu de haute qualit\u00e9<\/strong><\/p>\n<p><strong>des mat\u00e9riaux durables et recyclables<\/strong><\/p>\n<p><strong>finition semi-brillante, couleurs vives<\/strong><\/p>\n<p><strong>Nombre de pi\u00e8ces de puzzle : 1000<\/strong><\/p>\n<p><strong>\u00c2ge recommand\u00e9 : 14+<\/strong><\/p>\n<p><strong>5 raisons de choisir le puzzle 1000 pi\u00e8ces Cl\u00e9op\u00e2tre<\/strong><\/p>\n<p><span style=\"font-weight: 400;\">1. Passe du temps de qualit\u00e9 avec tes enfants et cr\u00e9e une photo sp\u00e9ciale ensemble.<\/span><\/p>\n<p><span style=\"font-weight: 400;\">2. Tu te d\u00e9tends et te d\u00e9connecte de ton t\u00e9l\u00e9phone portable.<\/span><\/p>\n<p><span style=\"font-weight: 400;\">3. Tu as l&rsquo;occasion de d\u00e9velopper tes comp\u00e9tences en mati\u00e8re de puzzle de re-cr\u00e9ation.<\/span><\/p>\n<p><span style=\"font-weight: 400;\">4. Tu d\u00e9veloppes ton sens de la couleur.<\/span><\/p>\n<p><span style=\"font-weight: 400;\">5. Tu entra\u00eenes ta m\u00e9moire et ton attention aux d\u00e9tails.<\/span><\/p>\n<p><strong>Quelques nouvelles informations sur Cl\u00e9op\u00e2tre<\/strong><\/p>\n<p><span style=\"font-weight: 400;\">Elle est n\u00e9e en \u00c9gypte, mais n&rsquo;\u00e9tait pas \u00e9gyptienne. Elle descendait de la dynastie ptol\u00e9ma\u00efque, une famille royale mac\u00e9donienne grecque.<\/span><\/p>\n<p><span style=\"font-weight: 400;\">Elle \u00e9tait une femme intelligente et a \u00e9tudi\u00e9 les math\u00e9matiques, la chimie et la philosophie. On dit qu&rsquo;elle parlait 7 langues, dont le grec, l&rsquo;arabe et l&rsquo;h\u00e9breu.<\/span><\/p>\n<p><span style=\"font-weight: 400;\">Bien que la beaut\u00e9 de Cl\u00e9op\u00e2tre soit id\u00e9alis\u00e9e dans les photos et les films, les historiens anciens affirment qu&rsquo;il n&rsquo;y a aucune preuve de cela.<\/span><\/p>\n<p><span style=\"font-weight: 400;\">Mais cela ne signifie pas qu&rsquo;elle se consid\u00e9rait comme une femme ordinaire, bien au contraire. Elle s&rsquo;est entour\u00e9e de luxe et d&rsquo;opulence et s&rsquo;est habill\u00e9e comme la d\u00e9esse Isis pour diverses c\u00e9r\u00e9monies <\/span><\/p>\n<p><span style=\"font-weight: 400;\">Sa mort est toujours entour\u00e9e de myst\u00e8re. Certains disent qu&rsquo;elle s&rsquo;est suicid\u00e9e en mordant une vip\u00e8re, d&rsquo;autres qu&rsquo;Octave a empoisonn\u00e9 l&rsquo;eau qu&rsquo;elle buvait ou l&rsquo;a tu\u00e9e avec une \u00e9p\u00e9e.<\/span><\/p>\n<p><strong>Les jeux de puzzle sont une exp\u00e9rience m\u00e9ditative<\/strong><\/p>\n<p><span style=\"font-weight: 400;\">L&rsquo;\u00e9tat de concentration intense que tu vis pendant un jeu de puzzle cr\u00e9e un \u00e9quilibre entre les deux h\u00e9misph\u00e8res du cerveau. Cette synergie t&rsquo;aide \u00e0 atteindre un niveau de conscience plus \u00e9lev\u00e9. Tu es capable de vivre intens\u00e9ment le moment pr\u00e9sent et de profiter de merveilleux moments de d\u00e9tente.<\/span><\/p>\n<p><span style=\"font-weight: 400;\">Cette exp\u00e9rience est similaire \u00e0 une m\u00e9ditation et les effets b\u00e9n\u00e9fiques seront visibles en peu de temps :<\/span><\/p>\n<ul>\n<li><span style=\"font-weight: 400;\">Tu te lib\u00e8res du stress.<\/span><\/li>\n<li><span style=\"font-weight: 400;\">Tu g\u00e8res ton anxi\u00e9t\u00e9 et tu pr\u00e9viens les crises de panique.<\/span><\/li>\n<li><span style=\"font-weight: 400;\">Tu am\u00e9liores ton humeur <\/span><\/li>\n<li><span style=\"font-weight: 400;\">Tu es plus optimiste et plus d\u00e9tendue.<\/span><\/li>\n<\/ul>\n<p><span style=\"font-weight: 400;\">Choisis le puzzle de 1000 pi\u00e8ces Cl\u00e9op\u00e2tre au design unique de l&rsquo;artiste Groos Zselyke et profite de tous les avantages qu&rsquo;un jeu de puzzle a \u00e0 offrir. Ach\u00e8te cet \u00e9tonnant puzzle pour adultes pour toi-m\u00eame ou offre-le en cadeau \u00e0 des amis pour les f\u00eates ou les anniversaires.<\/span><\/p><\/p>\n","protected":false},"excerpt":{"rendered":"<p>Le puzzle de 1000 pi\u00e8ces fait travailler ton esprit ! Choisis des mod\u00e8les uniques parmi la plus grande gamme de<\/p>\n","protected":false},"featured_media":51879,"template":"","meta":[],"product_brand":[],"product_cat":[2314,2316,2315],"product_tag":[],"class_list":{"0":"post-51878","1":"product","2":"type-product","3":"status-publish","4":"has-post-thumbnail","6":"product_cat-puzzles-fr","7":"product_cat-puzzles-de-1000-pieces","8":"product_cat-puzzles-pour-adultes","9":"pa_brand-deico-fr","10":"pa_country_of_manufacture-ro-fr","11":"pa_filter_age-14-fr","12":"pa_tip_ambalaj-boite","13":"pa_tip_puzzle-classique","15":"first","16":"instock","17":"taxable","18":"shipping-taxable","19":"product-type-simple"},"yoast_head":"<!-- This site is optimized with the Yoast SEO plugin v20.1 - https:\/\/yoast.com\/wordpress\/plugins\/seo\/ -->\n<title>Groos Zselyke Puzzle adulte 1000 pi\u00e8ces - Cl\u00e9op\u00e2tre<\/title>\n<meta name=\"description\" content=\"Groos Zselyke Puzzle adulte 1000 pi\u00e8ces - Cl\u00e9op\u00e2tre\" \/>\n<meta name=\"robots\" content=\"index, follow, max-snippet:-1, max-image-preview:large, max-video-preview:-1\" \/>\n<link rel=\"canonical\" href=\"https:\/\/business.roovi.com\/fr\/groos-zselyke-puzzle-adulte-1000-pieces-cleopatre\/p\/\" \/>\n<meta property=\"og:locale\" content=\"fr_FR\" \/>\n<meta property=\"og:type\" content=\"article\" \/>\n<meta property=\"og:title\" content=\"Groos Zselyke Puzzle adulte 1000 pi\u00e8ces - Cl\u00e9op\u00e2tre\" \/>\n<meta property=\"og:description\" content=\"Groos Zselyke Puzzle adulte 1000 pi\u00e8ces - Cl\u00e9op\u00e2tre\" \/>\n<meta property=\"og:url\" content=\"https:\/\/business.roovi.com\/fr\/groos-zselyke-puzzle-adulte-1000-pieces-cleopatre\/p\/\" \/>\n<meta property=\"og:site_name\" content=\"Roovi B2B\" \/>\n<meta property=\"article:publisher\" content=\"https:\/\/www.facebook.com\/wwwjucariero\" \/>\n<meta property=\"article:modified_time\" content=\"2022-07-13T10:14:30+00:00\" \/>\n<meta property=\"og:image\" content=\"https:\/\/business.roovi.com\/wp-content\/uploads\/2020\/04\/p1000_zelyke-kleopatra_copy.jpg\" \/>\n\t<meta property=\"og:image:width\" content=\"1200\" \/>\n\t<meta property=\"og:image:height\" content=\"1200\" \/>\n\t<meta property=\"og:image:type\" content=\"image\/jpeg\" \/>\n<meta name=\"twitter:label1\" content=\"Dur\u00e9e de lecture estim\u00e9e\" \/>\n\t<meta name=\"twitter:data1\" content=\"3 minutes\" \/>\n<script type=\"application\/ld+json\" class=\"yoast-schema-graph\">{\"@context\":\"https:\/\/schema.org\",\"@graph\":[{\"@type\":\"WebPage\",\"@id\":\"https:\/\/business.roovi.com\/fr\/groos-zselyke-puzzle-adulte-1000-pieces-cleopatre\/p\/\",\"url\":\"https:\/\/business.roovi.com\/fr\/groos-zselyke-puzzle-adulte-1000-pieces-cleopatre\/p\/\",\"name\":\"Groos Zselyke Puzzle adulte 1000 pi\u00e8ces - Cl\u00e9op\u00e2tre\",\"isPartOf\":{\"@id\":\"https:\/\/business.roovi.com\/fr\/#website\"},\"datePublished\":\"2020-04-22T14:17:48+00:00\",\"dateModified\":\"2022-07-13T10:14:30+00:00\",\"description\":\"Groos Zselyke Puzzle adulte 1000 pi\u00e8ces - Cl\u00e9op\u00e2tre\",\"breadcrumb\":{\"@id\":\"https:\/\/business.roovi.com\/fr\/groos-zselyke-puzzle-adulte-1000-pieces-cleopatre\/p\/#breadcrumb\"},\"inLanguage\":\"fr-FR\",\"potentialAction\":[{\"@type\":\"ReadAction\",\"target\":[\"https:\/\/business.roovi.com\/fr\/groos-zselyke-puzzle-adulte-1000-pieces-cleopatre\/p\/\"]}]},{\"@type\":\"BreadcrumbList\",\"@id\":\"https:\/\/business.roovi.com\/fr\/groos-zselyke-puzzle-adulte-1000-pieces-cleopatre\/p\/#breadcrumb\",\"itemListElement\":[{\"@type\":\"ListItem\",\"position\":1,\"name\":\"Home\",\"item\":\"https:\/\/business.roovi.com\/fr\/\"},{\"@type\":\"ListItem\",\"position\":2,\"name\":\"Boutique\",\"item\":\"https:\/\/business.roovi.com\/fr\/boutique\/\"},{\"@type\":\"ListItem\",\"position\":3,\"name\":\"Groos Zselyke Puzzle adulte 1000 pi\u00e8ces &#8211; Cl\u00e9op\u00e2tre\"}]},{\"@type\":\"WebSite\",\"@id\":\"https:\/\/business.roovi.com\/fr\/#website\",\"url\":\"https:\/\/business.roovi.com\/fr\/\",\"name\":\"Roovi B2B\",\"description\":\"Roovi Business Website\",\"potentialAction\":[{\"@type\":\"SearchAction\",\"target\":{\"@type\":\"EntryPoint\",\"urlTemplate\":\"https:\/\/business.roovi.com\/fr\/?s={search_term_string}\"},\"query-input\":\"required name=search_term_string\"}],\"inLanguage\":\"fr-FR\"}]}<\/script>\n<!-- \/ Yoast SEO plugin. -->","yoast_head_json":{"title":"Groos Zselyke Puzzle adulte 1000 pi\u00e8ces - Cl\u00e9op\u00e2tre","description":"Groos Zselyke Puzzle adulte 1000 pi\u00e8ces - Cl\u00e9op\u00e2tre","robots":{"index":"index","follow":"follow","max-snippet":"max-snippet:-1","max-image-preview":"max-image-preview:large","max-video-preview":"max-video-preview:-1"},"canonical":"https:\/\/business.roovi.com\/fr\/groos-zselyke-puzzle-adulte-1000-pieces-cleopatre\/p\/","og_locale":"fr_FR","og_type":"article","og_title":"Groos Zselyke Puzzle adulte 1000 pi\u00e8ces - Cl\u00e9op\u00e2tre","og_description":"Groos Zselyke Puzzle adulte 1000 pi\u00e8ces - Cl\u00e9op\u00e2tre","og_url":"https:\/\/business.roovi.com\/fr\/groos-zselyke-puzzle-adulte-1000-pieces-cleopatre\/p\/","og_site_name":"Roovi B2B","article_publisher":"https:\/\/www.facebook.com\/wwwjucariero","article_modified_time":"2022-07-13T10:14:30+00:00","og_image":[{"width":1200,"height":1200,"url":"https:\/\/business.roovi.com\/wp-content\/uploads\/2020\/04\/p1000_zelyke-kleopatra_copy.jpg","type":"image\/jpeg"}],"twitter_misc":{"Dur\u00e9e de lecture estim\u00e9e":"3 minutes"},"schema":{"@context":"https:\/\/schema.org","@graph":[{"@type":"WebPage","@id":"https:\/\/business.roovi.com\/fr\/groos-zselyke-puzzle-adulte-1000-pieces-cleopatre\/p\/","url":"https:\/\/business.roovi.com\/fr\/groos-zselyke-puzzle-adulte-1000-pieces-cleopatre\/p\/","name":"Groos Zselyke Puzzle adulte 1000 pi\u00e8ces - Cl\u00e9op\u00e2tre","isPartOf":{"@id":"https:\/\/business.roovi.com\/fr\/#website"},"datePublished":"2020-04-22T14:17:48+00:00","dateModified":"2022-07-13T10:14:30+00:00","description":"Groos Zselyke Puzzle adulte 1000 pi\u00e8ces - Cl\u00e9op\u00e2tre","breadcrumb":{"@id":"https:\/\/business.roovi.com\/fr\/groos-zselyke-puzzle-adulte-1000-pieces-cleopatre\/p\/#breadcrumb"},"inLanguage":"fr-FR","potentialAction":[{"@type":"ReadAction","target":["https:\/\/business.roovi.com\/fr\/groos-zselyke-puzzle-adulte-1000-pieces-cleopatre\/p\/"]}]},{"@type":"BreadcrumbList","@id":"https:\/\/business.roovi.com\/fr\/groos-zselyke-puzzle-adulte-1000-pieces-cleopatre\/p\/#breadcrumb","itemListElement":[{"@type":"ListItem","position":1,"name":"Home","item":"https:\/\/business.roovi.com\/fr\/"},{"@type":"ListItem","position":2,"name":"Boutique","item":"https:\/\/business.roovi.com\/fr\/boutique\/"},{"@type":"ListItem","position":3,"name":"Groos Zselyke Puzzle adulte 1000 pi\u00e8ces &#8211; Cl\u00e9op\u00e2tre"}]},{"@type":"WebSite","@id":"https:\/\/business.roovi.com\/fr\/#website","url":"https:\/\/business.roovi.com\/fr\/","name":"Roovi B2B","description":"Roovi Business Website","potentialAction":[{"@type":"SearchAction","target":{"@type":"EntryPoint","urlTemplate":"https:\/\/business.roovi.com\/fr\/?s={search_term_string}"},"query-input":"required name=search_term_string"}],"inLanguage":"fr-FR"}]}},"_links":{"self":[{"href":"https:\/\/business.roovi.com\/fr\/wp-json\/wp\/v2\/product\/51878","targetHints":{"allow":["GET"]}}],"collection":[{"href":"https:\/\/business.roovi.com\/fr\/wp-json\/wp\/v2\/product"}],"about":[{"href":"https:\/\/business.roovi.com\/fr\/wp-json\/wp\/v2\/types\/product"}],"version-history":[{"count":0,"href":"https:\/\/business.roovi.com\/fr\/wp-json\/wp\/v2\/product\/51878\/revisions"}],"wp:featuredmedia":[{"embeddable":true,"href":"https:\/\/business.roovi.com\/fr\/wp-json\/wp\/v2\/media\/51879"}],"wp:attachment":[{"href":"https:\/\/business.roovi.com\/fr\/wp-json\/wp\/v2\/media?parent=51878"}],"wp:term":[{"taxonomy":"product_brand","embeddable":true,"href":"https:\/\/business.roovi.com\/fr\/wp-json\/wp\/v2\/product_brand?post=51878"},{"taxonomy":"product_cat","embeddable":true,"href":"https:\/\/business.roovi.com\/fr\/wp-json\/wp\/v2\/product_cat?post=51878"},{"taxonomy":"product_tag","embeddable":true,"href":"https:\/\/business.roovi.com\/fr\/wp-json\/wp\/v2\/product_tag?post=51878"}],"curies":[{"name":"wp","href":"https:\/\/api.w.org\/{rel}","templated":true}]}}