{"id":51881,"date":"2020-04-22T14:08:07","date_gmt":"2020-04-22T14:08:07","guid":{"rendered":"https:\/\/business.roovi.com\/puzzle-adulti-1000-piese-wassily-kandinsky-murnau-burggrabenstrasse\/p\/"},"modified":"2022-07-13T10:14:31","modified_gmt":"2022-07-13T10:14:31","slug":"puzzle-adulte-1000-pieces-wassily-kandinsky-murnau-burggrabenstrasse","status":"publish","type":"product","link":"https:\/\/business.roovi.com\/fr\/puzzle-adulte-1000-pieces-wassily-kandinsky-murnau-burggrabenstrasse\/p\/","title":{"rendered":"Puzzle adulte 1000 pi\u00e8ces Wassily Kandinsky &#8211; Murnau Burggrabenstrasse"},"content":{"rendered":"<p><span style=\"font-weight: 400;\">Un puzzle de 1000 pi\u00e8ces avec des images de peintures c\u00e9l\u00e8bres rapproche l&rsquo;art de toi ! Assemble des puzzles artistiques \u00e9tonnants et sois l&rsquo;artiste qui cr\u00e9e des chefs-d&rsquo;\u0153uvre.<\/span><\/p>\n<p><span style=\"font-weight: 400;\">Si tu aimes les images aux couleurs vives, Wassily Kandinsky &#8211; Murnau Burggrabenstrasse puzzle de 1000 pi\u00e8ces<\/span> <span style=\"font-weight: 400;\">est parfait pour toi. La peinture repr\u00e9sente le village de Murau situ\u00e9 au pied des Alpes bavaroises. L&rsquo;artiste a v\u00e9cu ici de 1909 \u00e0 1914, une p\u00e9riode d\u00e9terminante dans son d\u00e9veloppement artistique.<\/span><\/p>\n<p><span style=\"font-weight: 400;\">Kandinsky imaginait l&rsquo;art comme l&rsquo;expression de l&rsquo;\u00e9volution spirituelle. Il construit cette peinture \u00e9tonnante et d\u00e9couvre la signification mystique de la sc\u00e8ne d\u00e9corative <\/span><\/p>\n<p><span style=\"font-weight: 400;\">Pour recr\u00e9er le tableau, tu as besoin d&rsquo;une table basse ordinaire pour supporter les 1000 pi\u00e8ces du puzzle, ainsi que de patience et de pers\u00e9v\u00e9rance. Tu obtiendras une photo de 50 x 70 cm qui sera fascinante encadr\u00e9e.<\/span><\/p>\n<p><strong>Pourquoi choisir le puzzle artistique Wassily Kandinsky &#8211; Murnau Burggrabenstrasse ?<\/strong><\/p>\n<ul>\n<li><span style=\"font-weight: 400;\">Il est fabriqu\u00e9 \u00e0 partir de mat\u00e9riaux de qualit\u00e9, notamment du carton bleu de premi\u00e8re qualit\u00e9.<\/span><\/li>\n<li><span style=\"font-weight: 400;\">L&#8217;emballage est recyclable. Nous aimons la nature et utilisons des mat\u00e9riaux durables et \u00e9cologiques.<\/span><\/li>\n<li><span style=\"font-weight: 400;\">C&rsquo;est un joli puzzle aux couleurs vives avec une finition semi-brillante.<\/span><\/li>\n<li><span style=\"font-weight: 400;\">Il compte 1000 pi\u00e8ces et l&rsquo;activit\u00e9 consistant \u00e0 l&rsquo;assembler te procure de nombreuses heures de plaisir et de d\u00e9tente.<\/span><\/li>\n<li><span style=\"font-weight: 400;\">Il peut \u00eatre mont\u00e9 par des personnes de plus de 14 ans, ce qui est une raison de plus pour faire participer les adolescents \u00e0 cette activit\u00e9 et leur faire d\u00e9couvrir le monde de l&rsquo;art <\/span><\/li>\n<\/ul>\n<p><strong>Savais-tu que&#8230;<\/strong><span style=\"font-weight: 400;\">.<\/span><\/p>\n<p><span style=\"font-weight: 400;\">Wassily Kandinsky est un peintre russe qui est consid\u00e9r\u00e9 comme le p\u00e8re de l&rsquo;art abstrait.<\/span><\/p>\n<p><span style=\"font-weight: 400;\">Il s&rsquo;est inspir\u00e9 de la musique et des couleurs dans son travail, et la premi\u00e8re d\u00e9cennie de sa carri\u00e8re artistique s&rsquo;est concentr\u00e9e sur l&rsquo;expression de celles-ci dans la peinture.<\/span><\/p>\n<p><span style=\"font-weight: 400;\">Plusieurs des titres de ses \u0153uvres font r\u00e9f\u00e9rence \u00e0 la musique, comme le cycle <\/span><em><span style=\"font-weight: 400;\">Compositions<\/span><\/em><span style=\"font-weight: 400;\"><\/span><\/p>\n<p><span style=\"font-weight: 400;\">Pour lui, la peinture \u00e9tait une forme de culte et d&rsquo;\u00e9volution spirituelle.<\/span><\/p>\n<p><span style=\"font-weight: 400;\">Les nazis ont confisqu\u00e9 et d\u00e9truit plusieurs de ses \u0153uvres expos\u00e9es dans l&rsquo;exposition \u00ab\u00a0Art d\u00e9g\u00e9n\u00e9r\u00e9\u00a0\u00bb de 1937.<\/span><\/p>\n<p><span style=\"font-weight: 400;\">Vers la fin de sa vie, ses \u0153uvres n&rsquo;\u00e9taient plus aussi recherch\u00e9es. Il est mort dans la solitude, dans un quartier retir\u00e9 de Paris <\/span><\/p>\n<p><strong>5 super avantages des jeux de puzzle<\/strong><\/p>\n<p><strong>Cela entra\u00eene ton cerveau <\/strong><span style=\"font-weight: 400;\">Faire des puzzles de 1000 pi\u00e8ces, c&rsquo;est comme un entra\u00eenement de gym pour ton cerveau.<\/span> <span style=\"font-weight: 400;\">Les deux h\u00e9misph\u00e8res c\u00e9r\u00e9braux sont impliqu\u00e9s dans cette activit\u00e9 relaxante, l&rsquo;entra\u00eenement est donc complet et complexe.<\/span><\/p>\n<p><strong>Il te reconnecte avec toi-m\u00eame.<\/strong><span style=\"font-weight: 400;\"> Tu veux des moments d&rsquo;introspection, pour te d\u00e9couvrir et comprendre tes sentiments int\u00e9rieurs ? Les jeux de puzzle t&rsquo;aident aussi \u00e0 le faire. Lorsque tu es assis devant une image de puzzle de 1000 pi\u00e8ces, ton esprit se d\u00e9connecte de tous tes soucis quotidiens. Tu es seul avec toi-m\u00eame, tu mets de l&rsquo;ordre dans tes pens\u00e9es et tu profites de l&rsquo;exp\u00e9rience pr\u00e9sente.<\/span><\/p>\n<p><strong>Tes comp\u00e9tences en mati\u00e8re de r\u00e9solution de probl\u00e8mes s&rsquo;am\u00e9liorent.<\/strong><span style=\"font-weight: 400;\"> La vie dans son ensemble est comme un puzzle, plein de d\u00e9fis et de situations inattendues. Les jeux de r\u00e9flexion sont un petit coup de pouce pour te pr\u00e9parer aux situations difficiles. C&rsquo;est une pratique constante qui am\u00e9liore ta capacit\u00e9 \u00e0 trouver les bonnes solutions, m\u00eame lorsque tu penses qu&rsquo;il n&rsquo;y a pas de solution.<\/span><\/p>\n<p><strong>Il t&rsquo;aide \u00e0 augmenter ta productivit\u00e9 <\/strong><span style=\"font-weight: 400;\">Les personnes d\u00e9tendues sont connues pour \u00eatre plus productives. Retravailler des puzzles de 1000 pi\u00e8ces est une activit\u00e9 r\u00e9cr\u00e9ative qui apporte des moments de d\u00e9tente. Cela t&rsquo;aide \u00e0 devenir optimiste et, bien s\u00fbr, \u00e0 \u00eatre productif.<\/span><\/p>\n<p><strong>Cela te rapproche de tes proches.<\/strong><span style=\"font-weight: 400;\"> Tu cherches une activit\u00e9 familiale relaxante ? Tu veux garder tes adolescents loin des \u00e9crans et avoir un lien plus \u00e9troit avec eux ? Le puzzle de 1000 pi\u00e8ces est un moyen de se rapprocher et de se connecter avec tes proches. Choisis ensemble les images que tu veux recr\u00e9er et construis de merveilleux souvenirs pendant les jours monotones de l&rsquo;ann\u00e9e.<\/span><\/p>\n<p><span style=\"font-weight: 400;\">Acheter Wassily Kandinsky &#8211; Murnau Burggrabenstrasse Puzzle 1000 pi\u00e8ces<\/span> <span style=\"font-weight: 400;\">de la collection de puzzles d&rsquo;art et recr\u00e9e une peinture abstraite color\u00e9e. D\u00e9couvre d&rsquo;autres puzzles avec des images des tableaux du c\u00e9l\u00e8bre artiste et constitue ta propre collection de puzzles d&rsquo;art \u00e9tonnants.<\/span><\/p>\n<p><span style=\"font-weight: 400;\">Puzzle 1000 pi\u00e8ces Wassily Kandinsky &#8211; Murnau Burggrabenstrasse<\/span> <span style=\"font-weight: 400;\">est un cadeau \u00e9l\u00e9gant que tes amis appr\u00e9cieront s\u00fbrement. Offre-le pour les f\u00eates ou les anniversaires et apporte de la joie aux adultes amateurs de puzzles que tu connais <\/span><\/p>\n<p><\/p>\n","protected":false},"excerpt":{"rendered":"<p>Un puzzle de 1000 pi\u00e8ces avec des images de peintures c\u00e9l\u00e8bres rapproche l&rsquo;art de toi ! Assemble des puzzles artistiques<\/p>\n","protected":false},"featured_media":51883,"template":"","meta":[],"product_brand":[],"product_cat":[2314,2316,2315],"product_tag":[],"class_list":{"0":"post-51881","1":"product","2":"type-product","3":"status-publish","4":"has-post-thumbnail","6":"product_cat-puzzles-fr","7":"product_cat-puzzles-de-1000-pieces","8":"product_cat-puzzles-pour-adultes","9":"pa_brand-deico-fr","10":"pa_country_of_manufacture-ro-fr","11":"pa_filter_age-14-fr","12":"pa_tip_ambalaj-boite","13":"pa_tip_puzzle-classique","15":"first","16":"instock","17":"taxable","18":"shipping-taxable","19":"product-type-simple"},"yoast_head":"<!-- This site is optimized with the Yoast SEO plugin v20.1 - https:\/\/yoast.com\/wordpress\/plugins\/seo\/ -->\n<title>Puzzle adulte 1000 pi\u00e8ces Wassily Kandinsky - Murnau Burggrabenstrasse<\/title>\n<meta name=\"description\" content=\"Puzzle adulte 1000 pi\u00e8ces Wassily Kandinsky - Murnau Burggrabenstrasse\" \/>\n<meta name=\"robots\" content=\"index, follow, max-snippet:-1, max-image-preview:large, max-video-preview:-1\" \/>\n<link rel=\"canonical\" href=\"https:\/\/business.roovi.com\/fr\/puzzle-adulte-1000-pieces-wassily-kandinsky-murnau-burggrabenstrasse\/p\/\" \/>\n<meta property=\"og:locale\" content=\"fr_FR\" \/>\n<meta property=\"og:type\" content=\"article\" \/>\n<meta property=\"og:title\" content=\"Puzzle adulte 1000 pi\u00e8ces Wassily Kandinsky - Murnau Burggrabenstrasse\" \/>\n<meta property=\"og:description\" content=\"Puzzle adulte 1000 pi\u00e8ces Wassily Kandinsky - Murnau Burggrabenstrasse\" \/>\n<meta property=\"og:url\" content=\"https:\/\/business.roovi.com\/fr\/puzzle-adulte-1000-pieces-wassily-kandinsky-murnau-burggrabenstrasse\/p\/\" \/>\n<meta property=\"og:site_name\" content=\"Roovi B2B\" \/>\n<meta property=\"article:publisher\" content=\"https:\/\/www.facebook.com\/wwwjucariero\" \/>\n<meta property=\"article:modified_time\" content=\"2022-07-13T10:14:31+00:00\" \/>\n<meta property=\"og:image\" content=\"https:\/\/business.roovi.com\/wp-content\/uploads\/2020\/04\/wassily_kandinsky-murnau_burggrabenstrasse_copy.jpg\" \/>\n\t<meta property=\"og:image:width\" content=\"1200\" \/>\n\t<meta property=\"og:image:height\" content=\"1200\" \/>\n\t<meta property=\"og:image:type\" content=\"image\/jpeg\" \/>\n<meta name=\"twitter:label1\" content=\"Dur\u00e9e de lecture estim\u00e9e\" \/>\n\t<meta name=\"twitter:data1\" content=\"4 minutes\" \/>\n<script type=\"application\/ld+json\" class=\"yoast-schema-graph\">{\"@context\":\"https:\/\/schema.org\",\"@graph\":[{\"@type\":\"WebPage\",\"@id\":\"https:\/\/business.roovi.com\/fr\/puzzle-adulte-1000-pieces-wassily-kandinsky-murnau-burggrabenstrasse\/p\/\",\"url\":\"https:\/\/business.roovi.com\/fr\/puzzle-adulte-1000-pieces-wassily-kandinsky-murnau-burggrabenstrasse\/p\/\",\"name\":\"Puzzle adulte 1000 pi\u00e8ces Wassily Kandinsky - Murnau Burggrabenstrasse\",\"isPartOf\":{\"@id\":\"https:\/\/business.roovi.com\/fr\/#website\"},\"datePublished\":\"2020-04-22T14:08:07+00:00\",\"dateModified\":\"2022-07-13T10:14:31+00:00\",\"description\":\"Puzzle adulte 1000 pi\u00e8ces Wassily Kandinsky - Murnau Burggrabenstrasse\",\"breadcrumb\":{\"@id\":\"https:\/\/business.roovi.com\/fr\/puzzle-adulte-1000-pieces-wassily-kandinsky-murnau-burggrabenstrasse\/p\/#breadcrumb\"},\"inLanguage\":\"fr-FR\",\"potentialAction\":[{\"@type\":\"ReadAction\",\"target\":[\"https:\/\/business.roovi.com\/fr\/puzzle-adulte-1000-pieces-wassily-kandinsky-murnau-burggrabenstrasse\/p\/\"]}]},{\"@type\":\"BreadcrumbList\",\"@id\":\"https:\/\/business.roovi.com\/fr\/puzzle-adulte-1000-pieces-wassily-kandinsky-murnau-burggrabenstrasse\/p\/#breadcrumb\",\"itemListElement\":[{\"@type\":\"ListItem\",\"position\":1,\"name\":\"Home\",\"item\":\"https:\/\/business.roovi.com\/fr\/\"},{\"@type\":\"ListItem\",\"position\":2,\"name\":\"Boutique\",\"item\":\"https:\/\/business.roovi.com\/fr\/boutique\/\"},{\"@type\":\"ListItem\",\"position\":3,\"name\":\"Puzzle adulte 1000 pi\u00e8ces Wassily Kandinsky &#8211; Murnau Burggrabenstrasse\"}]},{\"@type\":\"WebSite\",\"@id\":\"https:\/\/business.roovi.com\/fr\/#website\",\"url\":\"https:\/\/business.roovi.com\/fr\/\",\"name\":\"Roovi B2B\",\"description\":\"Roovi Business Website\",\"potentialAction\":[{\"@type\":\"SearchAction\",\"target\":{\"@type\":\"EntryPoint\",\"urlTemplate\":\"https:\/\/business.roovi.com\/fr\/?s={search_term_string}\"},\"query-input\":\"required name=search_term_string\"}],\"inLanguage\":\"fr-FR\"}]}<\/script>\n<!-- \/ Yoast SEO plugin. -->","yoast_head_json":{"title":"Puzzle adulte 1000 pi\u00e8ces Wassily Kandinsky - Murnau Burggrabenstrasse","description":"Puzzle adulte 1000 pi\u00e8ces Wassily Kandinsky - Murnau Burggrabenstrasse","robots":{"index":"index","follow":"follow","max-snippet":"max-snippet:-1","max-image-preview":"max-image-preview:large","max-video-preview":"max-video-preview:-1"},"canonical":"https:\/\/business.roovi.com\/fr\/puzzle-adulte-1000-pieces-wassily-kandinsky-murnau-burggrabenstrasse\/p\/","og_locale":"fr_FR","og_type":"article","og_title":"Puzzle adulte 1000 pi\u00e8ces Wassily Kandinsky - Murnau Burggrabenstrasse","og_description":"Puzzle adulte 1000 pi\u00e8ces Wassily Kandinsky - Murnau Burggrabenstrasse","og_url":"https:\/\/business.roovi.com\/fr\/puzzle-adulte-1000-pieces-wassily-kandinsky-murnau-burggrabenstrasse\/p\/","og_site_name":"Roovi B2B","article_publisher":"https:\/\/www.facebook.com\/wwwjucariero","article_modified_time":"2022-07-13T10:14:31+00:00","og_image":[{"width":1200,"height":1200,"url":"https:\/\/business.roovi.com\/wp-content\/uploads\/2020\/04\/wassily_kandinsky-murnau_burggrabenstrasse_copy.jpg","type":"image\/jpeg"}],"twitter_misc":{"Dur\u00e9e de lecture estim\u00e9e":"4 minutes"},"schema":{"@context":"https:\/\/schema.org","@graph":[{"@type":"WebPage","@id":"https:\/\/business.roovi.com\/fr\/puzzle-adulte-1000-pieces-wassily-kandinsky-murnau-burggrabenstrasse\/p\/","url":"https:\/\/business.roovi.com\/fr\/puzzle-adulte-1000-pieces-wassily-kandinsky-murnau-burggrabenstrasse\/p\/","name":"Puzzle adulte 1000 pi\u00e8ces Wassily Kandinsky - Murnau Burggrabenstrasse","isPartOf":{"@id":"https:\/\/business.roovi.com\/fr\/#website"},"datePublished":"2020-04-22T14:08:07+00:00","dateModified":"2022-07-13T10:14:31+00:00","description":"Puzzle adulte 1000 pi\u00e8ces Wassily Kandinsky - Murnau Burggrabenstrasse","breadcrumb":{"@id":"https:\/\/business.roovi.com\/fr\/puzzle-adulte-1000-pieces-wassily-kandinsky-murnau-burggrabenstrasse\/p\/#breadcrumb"},"inLanguage":"fr-FR","potentialAction":[{"@type":"ReadAction","target":["https:\/\/business.roovi.com\/fr\/puzzle-adulte-1000-pieces-wassily-kandinsky-murnau-burggrabenstrasse\/p\/"]}]},{"@type":"BreadcrumbList","@id":"https:\/\/business.roovi.com\/fr\/puzzle-adulte-1000-pieces-wassily-kandinsky-murnau-burggrabenstrasse\/p\/#breadcrumb","itemListElement":[{"@type":"ListItem","position":1,"name":"Home","item":"https:\/\/business.roovi.com\/fr\/"},{"@type":"ListItem","position":2,"name":"Boutique","item":"https:\/\/business.roovi.com\/fr\/boutique\/"},{"@type":"ListItem","position":3,"name":"Puzzle adulte 1000 pi\u00e8ces Wassily Kandinsky &#8211; Murnau Burggrabenstrasse"}]},{"@type":"WebSite","@id":"https:\/\/business.roovi.com\/fr\/#website","url":"https:\/\/business.roovi.com\/fr\/","name":"Roovi B2B","description":"Roovi Business Website","potentialAction":[{"@type":"SearchAction","target":{"@type":"EntryPoint","urlTemplate":"https:\/\/business.roovi.com\/fr\/?s={search_term_string}"},"query-input":"required name=search_term_string"}],"inLanguage":"fr-FR"}]}},"_links":{"self":[{"href":"https:\/\/business.roovi.com\/fr\/wp-json\/wp\/v2\/product\/51881","targetHints":{"allow":["GET"]}}],"collection":[{"href":"https:\/\/business.roovi.com\/fr\/wp-json\/wp\/v2\/product"}],"about":[{"href":"https:\/\/business.roovi.com\/fr\/wp-json\/wp\/v2\/types\/product"}],"version-history":[{"count":0,"href":"https:\/\/business.roovi.com\/fr\/wp-json\/wp\/v2\/product\/51881\/revisions"}],"wp:featuredmedia":[{"embeddable":true,"href":"https:\/\/business.roovi.com\/fr\/wp-json\/wp\/v2\/media\/51883"}],"wp:attachment":[{"href":"https:\/\/business.roovi.com\/fr\/wp-json\/wp\/v2\/media?parent=51881"}],"wp:term":[{"taxonomy":"product_brand","embeddable":true,"href":"https:\/\/business.roovi.com\/fr\/wp-json\/wp\/v2\/product_brand?post=51881"},{"taxonomy":"product_cat","embeddable":true,"href":"https:\/\/business.roovi.com\/fr\/wp-json\/wp\/v2\/product_cat?post=51881"},{"taxonomy":"product_tag","embeddable":true,"href":"https:\/\/business.roovi.com\/fr\/wp-json\/wp\/v2\/product_tag?post=51881"}],"curies":[{"name":"wp","href":"https:\/\/api.w.org\/{rel}","templated":true}]}}