{"id":51884,"date":"2020-04-22T14:05:39","date_gmt":"2020-04-22T14:05:39","guid":{"rendered":"https:\/\/business.roovi.com\/puzzle-adulti-1000-piese-egon-schiele-house-wall-on-the-river\/p\/"},"modified":"2022-07-13T10:14:32","modified_gmt":"2022-07-13T10:14:32","slug":"puzzle-adulte-1000-pieces-egon-schiele-mur-de-la-maison-sur-la-riviere","status":"publish","type":"product","link":"https:\/\/business.roovi.com\/fr\/puzzle-adulte-1000-pieces-egon-schiele-mur-de-la-maison-sur-la-riviere\/p\/","title":{"rendered":"Puzzle adulte 1000 pi\u00e8ces Egon Schiele &#8211; Mur de la maison sur la rivi\u00e8re"},"content":{"rendered":"<p><span style=\"font-weight: 400;\">Regarder les tableaux les plus c\u00e9l\u00e8bres du monde dans les galeries d&rsquo;art est merveilleux, mais que se passerait-il si tu pouvais admirer de pr\u00e8s les plus petites touches des tableaux ? Avec la plus grande gamme de puzzles d&rsquo;art, tu as cette opportunit\u00e9 unique. Assemble le puzzle de 1000 pi\u00e8ces et r\u00e9jouis tes yeux et ton \u00e2me avec des images d&rsquo;art exquises.<\/span><\/p>\n<p><span style=\"font-weight: 400;\">Le puzzle de 1000 pi\u00e8ces d&rsquo;Egon Schiele &#8211; Mur de la maison sur la rivi\u00e8re est l&rsquo;occasion parfaite de faire de la place pour l&rsquo;art dans ta maison. L&rsquo;image repr\u00e9sente un paysage urbain d\u00e9taill\u00e9 : le mur d&rsquo;un immeuble r\u00e9sidentiel se refl\u00e8te dans l&rsquo;eau d&rsquo;une rivi\u00e8re <\/span><\/p>\n<p><span style=\"font-weight: 400;\">Dans le puzzle artistique Egon Schiele &#8211; Mur de la maison sur la rivi\u00e8re, tu d\u00e9couvriras une image complexe qui rend parfaitement le tableau dans des tons de brun et de rouge, avec un d\u00e9tail de couleur vibrante : la ligne de linge qui s\u00e8che.<\/span><\/p>\n<p><span style=\"font-weight: 400;\">Assieds-toi confortablement devant la table basse du salon et commence \u00e0 cr\u00e9er une peinture impressionniste envo\u00fbtante. Au final, tu auras un tableau de 50 x 70 cm qui sera splendide dans le cadre.<\/span><\/p>\n<p><span style=\"font-weight: 400;\">Lis plus sur le puzzle de 1000 pi\u00e8ces d&rsquo;Egon Schiele &#8211; Mur de la maison sur la rivi\u00e8re ci-dessous <\/span><\/p>\n<p><strong>Puzzle mat\u00e9riel <\/strong><\/p>\n<p><strong>carton bleu de haute qualit\u00e9<\/strong><\/p>\n<p><strong>des mat\u00e9riaux durables et recyclables<\/strong><\/p>\n<p><strong>finition semi-brillante, couleurs vives<\/strong><\/p>\n<p><strong>Nombre de pi\u00e8ces de puzzle : 1000<\/strong><\/p>\n<p><strong>\u00c2ge recommand\u00e9 : 14+<\/strong><\/p>\n<p><strong>Jeux de r\u00e9flexion : 5 grands avantages<\/strong><\/p>\n<p>1. Aide \u00e0 avoir une patience de fer<span style=\"font-weight: 400;\"> &#8211; Avec de la patience, tu arrives \u00e0 construire l&rsquo;image dans le puzzle de 1000 pi\u00e8ces. Et avec de la patience, tu obtiens chaque exp\u00e9rience r\u00e9ussie.<\/span><\/p>\n<p>2. Il t&rsquo;apprend \u00e0 \u00eatre pers\u00e9v\u00e9rant <span style=\"font-weight: 400;\">, m\u00eame dans des situations o\u00f9 il semble qu&rsquo;il n&rsquo;y ait pas de solution<\/span>.<\/p>\n<p>3. Il d\u00e9veloppe ta pens\u00e9e logique <span style=\"font-weight: 400;\">&#8211; en associant des pi\u00e8ces de puzzle similaires de 1000 pi\u00e8ces.<\/span><\/p>\n<p>4. Ils te d\u00e9connectent de tes \u00e9crans<span style=\"font-weight: 400;\"> &#8211; et te font profiter de nombreuses heures de v\u00e9ritable d\u00e9tente<\/span>.<\/p>\n<p>5. D\u00e9veloppe ton imagination<span style=\"font-weight: 400;\"> &#8211; tu te sens comme un vrai d\u00e9tective qui relie les indices trouv\u00e9s et r\u00e9sout le myst\u00e8re d&rsquo;un jeu de puzzle exceptionnel<\/span>.<\/p>\n<p><strong>Savais-tu qu&rsquo;Egon Schiele&#8230; ?<\/strong><\/p>\n<p><span style=\"font-weight: 400;\">Il \u00e9tait le prot\u00e9g\u00e9 de Gustav Klimt et comme Klimt, il est l&rsquo;un des peintres impressionnistes autrichiens les plus c\u00e9l\u00e8bres.<\/span><\/p>\n<p><span style=\"font-weight: 400;\">Bien que sa carri\u00e8re artistique n&rsquo;ait dur\u00e9 que 10 ans, il a connu une ascension fulgurante pour devenir l&rsquo;un des artistes viennois les plus appr\u00e9ci\u00e9s de son \u00e9poque.<\/span><\/p>\n<p><span style=\"font-weight: 400;\">Avec Gustav Klimt et le mod\u00e8le Wally Neuzil, il a v\u00e9cu un&#8230; triangle amoureux <\/span><\/p>\n<p><span style=\"font-weight: 400;\">Il a pass\u00e9 24 jours en prison pour avoir corrompu des mineurs. Les flics ont class\u00e9 plusieurs des dessins trouv\u00e9s chez lui comme \u00e9tant pornographiques.<\/span><\/p>\n<p><span style=\"font-weight: 400;\">Il a pris beaucoup d&rsquo;autoportraits, dont beaucoup de nus.<\/span><\/p>\n<p><span style=\"font-weight: 400;\">Il est mort en 1918 pendant l&rsquo;\u00e9pid\u00e9mie de grippe espagnole. Il n&rsquo;avait que 28 ans.<\/span><\/p>\n<p><strong>Pourquoi choisir le puzzle d&rsquo;art Egon Schiele &#8211; Mur de la maison sur la rivi\u00e8re ?<\/strong><\/p>\n<ul>\n<li><span style=\"font-weight: 400;\">Tu cr\u00e9eras une peinture artistique de ton choix pour d\u00e9corer ta maison.<\/span><\/li>\n<li><span style=\"font-weight: 400;\">Tu d\u00e9couvriras un artiste \u00e9tabli et une peinture \u00e9tonnante qui transmettra \u00e9motion et sophistication.<\/span><\/li>\n<li><span style=\"font-weight: 400;\">Tu auras l&rsquo;occasion de d\u00e9couvrir les plus fines touches d&rsquo;un tableau renomm\u00e9.<\/span><\/li>\n<li><span style=\"font-weight: 400;\">Tu profiteras de nombreuses heures de paix et de d\u00e9tente devant une image d&rsquo;art.<\/span><\/li>\n<li><span style=\"font-weight: 400;\">Tu d\u00e9velopperas ton sens de la couleur.<\/span><\/li>\n<\/ul>\n<p><span style=\"font-weight: 400;\">Ach\u00e8te le puzzle d&rsquo;art Egon Schiele &#8211; Mur de la maison sur la rivi\u00e8re et assemble l&rsquo;image de cet \u00e9tonnant puzzle de 1000 pi\u00e8ces en compagnie d&rsquo;amis. Ce merveilleux jeu de puzzle cr\u00e9e une atmosph\u00e8re d\u00e9tendue et t&rsquo;aide \u00e0 cr\u00e9er des souvenirs inoubliables avec tes proches.<\/span><\/p>\n<p><span style=\"font-weight: 400;\">Tu veux faire une surprise inoubliable \u00e0 tes amis adultes amateurs de puzzles ? Offre-leur le puzzle Egon Schiele &#8211; Mur de la maison sur la rivi\u00e8re de 1000 pi\u00e8ces comme cadeau de vacances.<\/span><\/p><\/p>\n","protected":false},"excerpt":{"rendered":"<p>Regarder les tableaux les plus c\u00e9l\u00e8bres du monde dans les galeries d&rsquo;art est merveilleux, mais que se passerait-il si tu<\/p>\n","protected":false},"featured_media":64171,"template":"","meta":[],"product_brand":[],"product_cat":[2314,2316,2315],"product_tag":[],"class_list":{"0":"post-51884","1":"product","2":"type-product","3":"status-publish","4":"has-post-thumbnail","6":"product_cat-puzzles-fr","7":"product_cat-puzzles-de-1000-pieces","8":"product_cat-puzzles-pour-adultes","9":"pa_brand-deico-fr","10":"pa_country_of_manufacture-ro-fr","11":"pa_filter_age-14-fr","12":"pa_tip_ambalaj-boite","13":"pa_tip_puzzle-classique","15":"first","16":"instock","17":"taxable","18":"shipping-taxable","19":"product-type-simple"},"yoast_head":"<!-- This site is optimized with the Yoast SEO plugin v20.1 - https:\/\/yoast.com\/wordpress\/plugins\/seo\/ -->\n<title>Puzzle adulte 1000 pi\u00e8ces Egon Schiele - Mur de la maison sur la rivi\u00e8re<\/title>\n<meta name=\"description\" content=\"Puzzle adulte 1000 pi\u00e8ces Egon Schiele - Mur de la maison sur la rivi\u00e8re\" \/>\n<meta name=\"robots\" content=\"index, follow, max-snippet:-1, max-image-preview:large, max-video-preview:-1\" \/>\n<link rel=\"canonical\" href=\"https:\/\/business.roovi.com\/fr\/puzzle-adulte-1000-pieces-egon-schiele-mur-de-la-maison-sur-la-riviere\/p\/\" \/>\n<meta property=\"og:locale\" content=\"fr_FR\" \/>\n<meta property=\"og:type\" content=\"article\" \/>\n<meta property=\"og:title\" content=\"Puzzle adulte 1000 pi\u00e8ces Egon Schiele - Mur de la maison sur la rivi\u00e8re\" \/>\n<meta property=\"og:description\" content=\"Puzzle adulte 1000 pi\u00e8ces Egon Schiele - Mur de la maison sur la rivi\u00e8re\" \/>\n<meta property=\"og:url\" content=\"https:\/\/business.roovi.com\/fr\/puzzle-adulte-1000-pieces-egon-schiele-mur-de-la-maison-sur-la-riviere\/p\/\" \/>\n<meta property=\"og:site_name\" content=\"Roovi B2B\" \/>\n<meta property=\"article:publisher\" content=\"https:\/\/www.facebook.com\/wwwjucariero\" \/>\n<meta property=\"article:modified_time\" content=\"2022-07-13T10:14:32+00:00\" \/>\n<meta property=\"og:image\" content=\"https:\/\/business.roovi.com\/wp-content\/uploads\/2020\/04\/egon_schiele_-_house_wall_on_the_river_copy.jpg\" \/>\n\t<meta property=\"og:image:width\" content=\"1200\" \/>\n\t<meta property=\"og:image:height\" content=\"1200\" \/>\n\t<meta property=\"og:image:type\" content=\"image\/jpeg\" \/>\n<meta name=\"twitter:label1\" content=\"Dur\u00e9e de lecture estim\u00e9e\" \/>\n\t<meta name=\"twitter:data1\" content=\"3 minutes\" \/>\n<script type=\"application\/ld+json\" class=\"yoast-schema-graph\">{\"@context\":\"https:\/\/schema.org\",\"@graph\":[{\"@type\":\"WebPage\",\"@id\":\"https:\/\/business.roovi.com\/fr\/puzzle-adulte-1000-pieces-egon-schiele-mur-de-la-maison-sur-la-riviere\/p\/\",\"url\":\"https:\/\/business.roovi.com\/fr\/puzzle-adulte-1000-pieces-egon-schiele-mur-de-la-maison-sur-la-riviere\/p\/\",\"name\":\"Puzzle adulte 1000 pi\u00e8ces Egon Schiele - Mur de la maison sur la rivi\u00e8re\",\"isPartOf\":{\"@id\":\"https:\/\/business.roovi.com\/fr\/#website\"},\"datePublished\":\"2020-04-22T14:05:39+00:00\",\"dateModified\":\"2022-07-13T10:14:32+00:00\",\"description\":\"Puzzle adulte 1000 pi\u00e8ces Egon Schiele - Mur de la maison sur la rivi\u00e8re\",\"breadcrumb\":{\"@id\":\"https:\/\/business.roovi.com\/fr\/puzzle-adulte-1000-pieces-egon-schiele-mur-de-la-maison-sur-la-riviere\/p\/#breadcrumb\"},\"inLanguage\":\"fr-FR\",\"potentialAction\":[{\"@type\":\"ReadAction\",\"target\":[\"https:\/\/business.roovi.com\/fr\/puzzle-adulte-1000-pieces-egon-schiele-mur-de-la-maison-sur-la-riviere\/p\/\"]}]},{\"@type\":\"BreadcrumbList\",\"@id\":\"https:\/\/business.roovi.com\/fr\/puzzle-adulte-1000-pieces-egon-schiele-mur-de-la-maison-sur-la-riviere\/p\/#breadcrumb\",\"itemListElement\":[{\"@type\":\"ListItem\",\"position\":1,\"name\":\"Home\",\"item\":\"https:\/\/business.roovi.com\/fr\/\"},{\"@type\":\"ListItem\",\"position\":2,\"name\":\"Boutique\",\"item\":\"https:\/\/business.roovi.com\/fr\/boutique\/\"},{\"@type\":\"ListItem\",\"position\":3,\"name\":\"Puzzle adulte 1000 pi\u00e8ces Egon Schiele &#8211; Mur de la maison sur la rivi\u00e8re\"}]},{\"@type\":\"WebSite\",\"@id\":\"https:\/\/business.roovi.com\/fr\/#website\",\"url\":\"https:\/\/business.roovi.com\/fr\/\",\"name\":\"Roovi B2B\",\"description\":\"Roovi Business Website\",\"potentialAction\":[{\"@type\":\"SearchAction\",\"target\":{\"@type\":\"EntryPoint\",\"urlTemplate\":\"https:\/\/business.roovi.com\/fr\/?s={search_term_string}\"},\"query-input\":\"required name=search_term_string\"}],\"inLanguage\":\"fr-FR\"}]}<\/script>\n<!-- \/ Yoast SEO plugin. -->","yoast_head_json":{"title":"Puzzle adulte 1000 pi\u00e8ces Egon Schiele - Mur de la maison sur la rivi\u00e8re","description":"Puzzle adulte 1000 pi\u00e8ces Egon Schiele - Mur de la maison sur la rivi\u00e8re","robots":{"index":"index","follow":"follow","max-snippet":"max-snippet:-1","max-image-preview":"max-image-preview:large","max-video-preview":"max-video-preview:-1"},"canonical":"https:\/\/business.roovi.com\/fr\/puzzle-adulte-1000-pieces-egon-schiele-mur-de-la-maison-sur-la-riviere\/p\/","og_locale":"fr_FR","og_type":"article","og_title":"Puzzle adulte 1000 pi\u00e8ces Egon Schiele - Mur de la maison sur la rivi\u00e8re","og_description":"Puzzle adulte 1000 pi\u00e8ces Egon Schiele - Mur de la maison sur la rivi\u00e8re","og_url":"https:\/\/business.roovi.com\/fr\/puzzle-adulte-1000-pieces-egon-schiele-mur-de-la-maison-sur-la-riviere\/p\/","og_site_name":"Roovi B2B","article_publisher":"https:\/\/www.facebook.com\/wwwjucariero","article_modified_time":"2022-07-13T10:14:32+00:00","og_image":[{"width":1200,"height":1200,"url":"https:\/\/business.roovi.com\/wp-content\/uploads\/2020\/04\/egon_schiele_-_house_wall_on_the_river_copy.jpg","type":"image\/jpeg"}],"twitter_misc":{"Dur\u00e9e de lecture estim\u00e9e":"3 minutes"},"schema":{"@context":"https:\/\/schema.org","@graph":[{"@type":"WebPage","@id":"https:\/\/business.roovi.com\/fr\/puzzle-adulte-1000-pieces-egon-schiele-mur-de-la-maison-sur-la-riviere\/p\/","url":"https:\/\/business.roovi.com\/fr\/puzzle-adulte-1000-pieces-egon-schiele-mur-de-la-maison-sur-la-riviere\/p\/","name":"Puzzle adulte 1000 pi\u00e8ces Egon Schiele - Mur de la maison sur la rivi\u00e8re","isPartOf":{"@id":"https:\/\/business.roovi.com\/fr\/#website"},"datePublished":"2020-04-22T14:05:39+00:00","dateModified":"2022-07-13T10:14:32+00:00","description":"Puzzle adulte 1000 pi\u00e8ces Egon Schiele - Mur de la maison sur la rivi\u00e8re","breadcrumb":{"@id":"https:\/\/business.roovi.com\/fr\/puzzle-adulte-1000-pieces-egon-schiele-mur-de-la-maison-sur-la-riviere\/p\/#breadcrumb"},"inLanguage":"fr-FR","potentialAction":[{"@type":"ReadAction","target":["https:\/\/business.roovi.com\/fr\/puzzle-adulte-1000-pieces-egon-schiele-mur-de-la-maison-sur-la-riviere\/p\/"]}]},{"@type":"BreadcrumbList","@id":"https:\/\/business.roovi.com\/fr\/puzzle-adulte-1000-pieces-egon-schiele-mur-de-la-maison-sur-la-riviere\/p\/#breadcrumb","itemListElement":[{"@type":"ListItem","position":1,"name":"Home","item":"https:\/\/business.roovi.com\/fr\/"},{"@type":"ListItem","position":2,"name":"Boutique","item":"https:\/\/business.roovi.com\/fr\/boutique\/"},{"@type":"ListItem","position":3,"name":"Puzzle adulte 1000 pi\u00e8ces Egon Schiele &#8211; Mur de la maison sur la rivi\u00e8re"}]},{"@type":"WebSite","@id":"https:\/\/business.roovi.com\/fr\/#website","url":"https:\/\/business.roovi.com\/fr\/","name":"Roovi B2B","description":"Roovi Business Website","potentialAction":[{"@type":"SearchAction","target":{"@type":"EntryPoint","urlTemplate":"https:\/\/business.roovi.com\/fr\/?s={search_term_string}"},"query-input":"required name=search_term_string"}],"inLanguage":"fr-FR"}]}},"_links":{"self":[{"href":"https:\/\/business.roovi.com\/fr\/wp-json\/wp\/v2\/product\/51884","targetHints":{"allow":["GET"]}}],"collection":[{"href":"https:\/\/business.roovi.com\/fr\/wp-json\/wp\/v2\/product"}],"about":[{"href":"https:\/\/business.roovi.com\/fr\/wp-json\/wp\/v2\/types\/product"}],"version-history":[{"count":0,"href":"https:\/\/business.roovi.com\/fr\/wp-json\/wp\/v2\/product\/51884\/revisions"}],"wp:featuredmedia":[{"embeddable":true,"href":"https:\/\/business.roovi.com\/fr\/wp-json\/wp\/v2\/media\/64171"}],"wp:attachment":[{"href":"https:\/\/business.roovi.com\/fr\/wp-json\/wp\/v2\/media?parent=51884"}],"wp:term":[{"taxonomy":"product_brand","embeddable":true,"href":"https:\/\/business.roovi.com\/fr\/wp-json\/wp\/v2\/product_brand?post=51884"},{"taxonomy":"product_cat","embeddable":true,"href":"https:\/\/business.roovi.com\/fr\/wp-json\/wp\/v2\/product_cat?post=51884"},{"taxonomy":"product_tag","embeddable":true,"href":"https:\/\/business.roovi.com\/fr\/wp-json\/wp\/v2\/product_tag?post=51884"}],"curies":[{"name":"wp","href":"https:\/\/api.w.org\/{rel}","templated":true}]}}