{"id":51887,"date":"2020-04-22T14:02:53","date_gmt":"2020-04-22T14:02:53","guid":{"rendered":"https:\/\/business.roovi.com\/puzzle-adulti-1000-piese-frederick-george-cotman-one-of-the-family\/p\/"},"modified":"2023-02-28T07:20:47","modified_gmt":"2023-02-28T07:20:47","slug":"puzzle-1000-pieces-pour-adultes-frederick-george-cotman-un-membre-de-la-famille","status":"publish","type":"product","link":"https:\/\/business.roovi.com\/fr\/puzzle-1000-pieces-pour-adultes-frederick-george-cotman-un-membre-de-la-famille\/p\/","title":{"rendered":"Puzzle 1000 pi\u00e8ces pour adultes Frederick George Cotman &#8211; Un membre de la famille"},"content":{"rendered":"<p><span style=\"font-weight: 400;\">Tu veux rester loin des \u00e9crans ? Assemble des puzzles d&rsquo;art et passe ton temps libre de fa\u00e7on cr\u00e9ative ! D\u00e9tends-toi et cr\u00e9e des tableaux uniques \u00e0 partir du puzzle de 1000 pi\u00e8ces.<\/span><\/p>\n<p><span style=\"font-weight: 400;\">Que tu connaisses ou non les tableaux c\u00e9l\u00e8bres, lorsque tu te trouves devant un chef-d&rsquo;\u0153uvre artistique, tu ressens l&rsquo;excitation et l&rsquo;ambiance positive qu&rsquo;il v\u00e9hicule. Et quand tu es toi-m\u00eame le cr\u00e9ateur de la peinture d&rsquo;art en puzzle de 1000 pi\u00e8ces, la satisfaction est inestimable.<\/span><\/p>\n<p><span style=\"font-weight: 400;\">Le puzzle de 1000 pi\u00e8ces Frederick George Cotman &#8211; Un membre de la famille repr\u00e9sente une sc\u00e8ne rustique d&rsquo;un cheval qui tend la t\u00eate par la fen\u00eatre pour \u00eatre nourri pendant qu&rsquo;une famille est assise \u00e0 table. Cette peinture est la premi\u00e8re \u0153uvre importante de la carri\u00e8re de Cotman <\/span><\/p>\n<p><span style=\"font-weight: 400;\">Reconstruis l&rsquo;image du puzzle de 1000 pi\u00e8ces et profite de la lueur chaleureuse d&rsquo;une peinture romantique qui exprime l&rsquo;excitation et le bonheur de la vie \u00e0 la campagne dans chaque trait. Utilise une table basse standard pour soutenir les pi\u00e8ces. Les dimensions de la peinture finale sont de 50 x 70 cm.<\/span><\/p>\n<p><span style=\"font-weight: 400;\">Comprend le puzzle artistique de Frederick George Cotman &#8211; Un membre de la famille :<\/span><\/p>\n<p><strong>Mat\u00e9riau du puzzle <\/strong><\/p>\n<p><strong>carton bleu de haute qualit\u00e9<\/strong><\/p>\n<p><strong>des mat\u00e9riaux durables et recyclables<\/strong><\/p>\n<p><strong>finition semi-brillante, couleurs vives<\/strong><\/p>\n<p><strong>Nombre de pi\u00e8ces de puzzle : 1000<\/strong><\/p>\n<p><strong>\u00c2ge recommand\u00e9 : 14+<\/strong><\/p>\n<p><strong>Les jeux de puzzle apportent des sourires et la satisfaction de la cr\u00e9ation personnelle<\/strong><\/p>\n<p><span style=\"font-weight: 400;\">Tu veux des moments de bonheur avec tes proches ? Organise des soir\u00e9es casse-t\u00eate avec ta famille ou ton groupe d&rsquo;amis et passe du temps de qualit\u00e9 ensemble. Con\u00e7ois des strat\u00e9gies innovantes, travaille en \u00e9quipe et partage les t\u00e2ches pour compl\u00e9ter l&rsquo;image du puzzle de 1000 pi\u00e8ces dans le temps le plus court possible. C&rsquo;est un excellent moyen d&rsquo;apprendre \u00e0 mieux se conna\u00eetre et de tisser des liens plus \u00e9troits. De plus, tu \u00e9prouveras un incroyable sentiment de satisfaction parce que tu as r\u00e9ussi \u00e0 cr\u00e9er une superbe \u0153uvre d&rsquo;art ensemble.<\/span><\/p>\n<p><span style=\"font-weight: 400;\">En plus de socialiser, les jeux de r\u00e9flexion t&rsquo;aident \u00e0 :<\/span><\/p>\n<ul>\n<li><span style=\"font-weight: 400;\">Sois plus attentif aux d\u00e9tails et concentre-toi mieux lorsque tu dois r\u00e9soudre des t\u00e2ches difficiles.<\/span><\/li>\n<li><span style=\"font-weight: 400;\">D\u00e9tends-toi et soulage le stress.<\/span><\/li>\n<li><span style=\"font-weight: 400;\">Aie une meilleure m\u00e9moire.<\/span><\/li>\n<li><span style=\"font-weight: 400;\">G\u00e8re mieux l&rsquo;anxi\u00e9t\u00e9.<\/span><\/li>\n<li><span style=\"font-weight: 400;\">Aie un sommeil plus profond et plus r\u00e9parateur.<\/span><\/li>\n<\/ul>\n<p><strong>Le savais-tu ?<\/strong><\/p>\n<p><span style=\"font-weight: 400;\">Frederick George Cotman \u00e9tait un peintre anglais du 19\u00e8me si\u00e8cle, n\u00e9 dans une famille artistique.<\/span><\/p>\n<p><span style=\"font-weight: 400;\">Sa peinture &#8211; <\/span><em><span style=\"font-weight: 400;\">Un membre de la famille <\/span><\/em><span style=\"font-weight: 400;\">&#8211; a \u00e9t\u00e9 sa premi\u00e8re \u0153uvre majeure. Il a \u00e9t\u00e9 acquis par la Walker Art Gallery de Liverpool en 1880 et a \u00e9t\u00e9 tr\u00e8s bien accueilli par le public et les critiques d&rsquo;art.<\/span><\/p>\n<p><span style=\"font-weight: 400;\">L&rsquo;image du foyer rustique est encore particuli\u00e8rement populaire aupr\u00e8s du public britannique.<\/span><\/p>\n<p><span style=\"font-weight: 400;\">Cotman a produit plusieurs reproductions joyeuses de la vie domestique dans lesquelles les personnages \u00e9taient de vraies personnes qu&rsquo;il avait \u00e9tudi\u00e9es de pr\u00e8s.<\/span><\/p>\n<p><span style=\"font-weight: 400;\">En g\u00e9n\u00e9ral, ses \u0153uvres sont un m\u00e9lange d&rsquo;humour doux et d&rsquo;harmonie, c&rsquo;est peut-\u00eatre pour cela qu&rsquo;elles ont conserv\u00e9 leur charme et sont appr\u00e9ci\u00e9es jusqu&rsquo;\u00e0 aujourd&rsquo;hui.<\/span><\/p>\n<p><span style=\"font-weight: 400;\">Prends le puzzle d&rsquo;art Frederick George Cotman &#8211; One of the Family et go\u00fbte \u00e0 l&rsquo;humour subtil d&rsquo;un chef-d&rsquo;\u0153uvre artistique du XIXe si\u00e8cle. Assemble l&rsquo;image, trouve le bon cadre et expose le tableau sur l&rsquo;un des murs de ta maison.<\/span><\/p>\n<p><span style=\"font-weight: 400;\">Ach\u00e8te le puzzle de 1000 pi\u00e8ces Frederick George Cotman &#8211; Un membre de la famille de la collection de puzzles d&rsquo;art pour toi ou offre-le en cadeau \u00e0 tes amis amateurs de puzzles.<\/span><\/p>\n","protected":false},"excerpt":{"rendered":"<p>Tu veux rester loin des \u00e9crans ? Assemble des puzzles d&rsquo;art et passe ton temps libre de fa\u00e7on cr\u00e9ative !<\/p>\n","protected":false},"featured_media":64182,"template":"","meta":[],"product_brand":[],"product_cat":[2314,2316,2315],"product_tag":[],"class_list":{"0":"post-51887","1":"product","2":"type-product","3":"status-publish","4":"has-post-thumbnail","6":"product_cat-puzzles-fr","7":"product_cat-puzzles-de-1000-pieces","8":"product_cat-puzzles-pour-adultes","9":"pa_brand-deico-fr","10":"pa_country_of_manufacture-ro-fr","11":"pa_filter_age-14-fr","12":"pa_tip_ambalaj-boite","13":"pa_tip_puzzle-classique","15":"first","16":"instock","17":"taxable","18":"shipping-taxable","19":"product-type-simple"},"yoast_head":"<!-- This site is optimized with the Yoast SEO plugin v20.1 - https:\/\/yoast.com\/wordpress\/plugins\/seo\/ -->\n<title>Puzzle 1000 pi\u00e8ces pour adultes Frederick George Cotman - Un membre de la famille<\/title>\n<meta name=\"description\" content=\"Puzzle 1000 pi\u00e8ces pour adultes Frederick George Cotman - Un membre de la famille\" \/>\n<meta name=\"robots\" content=\"index, follow, max-snippet:-1, max-image-preview:large, max-video-preview:-1\" \/>\n<link rel=\"canonical\" href=\"https:\/\/business.roovi.com\/fr\/puzzle-1000-pieces-pour-adultes-frederick-george-cotman-un-membre-de-la-famille\/p\/\" \/>\n<meta property=\"og:locale\" content=\"fr_FR\" \/>\n<meta property=\"og:type\" content=\"article\" \/>\n<meta property=\"og:title\" content=\"Puzzle 1000 pi\u00e8ces pour adultes Frederick George Cotman - Un membre de la famille\" \/>\n<meta property=\"og:description\" content=\"Puzzle 1000 pi\u00e8ces pour adultes Frederick George Cotman - Un membre de la famille\" \/>\n<meta property=\"og:url\" content=\"https:\/\/business.roovi.com\/fr\/puzzle-1000-pieces-pour-adultes-frederick-george-cotman-un-membre-de-la-famille\/p\/\" \/>\n<meta property=\"og:site_name\" content=\"Roovi B2B\" \/>\n<meta property=\"article:publisher\" content=\"https:\/\/www.facebook.com\/wwwjucariero\" \/>\n<meta property=\"article:modified_time\" content=\"2023-02-28T07:20:47+00:00\" \/>\n<meta property=\"og:image\" content=\"https:\/\/business.roovi.com\/wp-content\/uploads\/2020\/04\/76731-WEB.jpg\" \/>\n\t<meta property=\"og:image:width\" content=\"1200\" \/>\n\t<meta property=\"og:image:height\" content=\"1200\" \/>\n\t<meta property=\"og:image:type\" content=\"image\/jpeg\" \/>\n<meta name=\"twitter:label1\" content=\"Dur\u00e9e de lecture estim\u00e9e\" \/>\n\t<meta name=\"twitter:data1\" content=\"4 minutes\" \/>\n<script type=\"application\/ld+json\" class=\"yoast-schema-graph\">{\"@context\":\"https:\/\/schema.org\",\"@graph\":[{\"@type\":\"WebPage\",\"@id\":\"https:\/\/business.roovi.com\/fr\/puzzle-1000-pieces-pour-adultes-frederick-george-cotman-un-membre-de-la-famille\/p\/\",\"url\":\"https:\/\/business.roovi.com\/fr\/puzzle-1000-pieces-pour-adultes-frederick-george-cotman-un-membre-de-la-famille\/p\/\",\"name\":\"Puzzle 1000 pi\u00e8ces pour adultes Frederick George Cotman - Un membre de la famille\",\"isPartOf\":{\"@id\":\"https:\/\/business.roovi.com\/fr\/#website\"},\"datePublished\":\"2020-04-22T14:02:53+00:00\",\"dateModified\":\"2023-02-28T07:20:47+00:00\",\"description\":\"Puzzle 1000 pi\u00e8ces pour adultes Frederick George Cotman - Un membre de la famille\",\"breadcrumb\":{\"@id\":\"https:\/\/business.roovi.com\/fr\/puzzle-1000-pieces-pour-adultes-frederick-george-cotman-un-membre-de-la-famille\/p\/#breadcrumb\"},\"inLanguage\":\"fr-FR\",\"potentialAction\":[{\"@type\":\"ReadAction\",\"target\":[\"https:\/\/business.roovi.com\/fr\/puzzle-1000-pieces-pour-adultes-frederick-george-cotman-un-membre-de-la-famille\/p\/\"]}]},{\"@type\":\"BreadcrumbList\",\"@id\":\"https:\/\/business.roovi.com\/fr\/puzzle-1000-pieces-pour-adultes-frederick-george-cotman-un-membre-de-la-famille\/p\/#breadcrumb\",\"itemListElement\":[{\"@type\":\"ListItem\",\"position\":1,\"name\":\"Home\",\"item\":\"https:\/\/business.roovi.com\/fr\/\"},{\"@type\":\"ListItem\",\"position\":2,\"name\":\"Boutique\",\"item\":\"https:\/\/business.roovi.com\/fr\/boutique\/\"},{\"@type\":\"ListItem\",\"position\":3,\"name\":\"Puzzle 1000 pi\u00e8ces pour adultes Frederick George Cotman &#8211; Un membre de la famille\"}]},{\"@type\":\"WebSite\",\"@id\":\"https:\/\/business.roovi.com\/fr\/#website\",\"url\":\"https:\/\/business.roovi.com\/fr\/\",\"name\":\"Roovi B2B\",\"description\":\"Roovi Business Website\",\"potentialAction\":[{\"@type\":\"SearchAction\",\"target\":{\"@type\":\"EntryPoint\",\"urlTemplate\":\"https:\/\/business.roovi.com\/fr\/?s={search_term_string}\"},\"query-input\":\"required name=search_term_string\"}],\"inLanguage\":\"fr-FR\"}]}<\/script>\n<!-- \/ Yoast SEO plugin. -->","yoast_head_json":{"title":"Puzzle 1000 pi\u00e8ces pour adultes Frederick George Cotman - Un membre de la famille","description":"Puzzle 1000 pi\u00e8ces pour adultes Frederick George Cotman - Un membre de la famille","robots":{"index":"index","follow":"follow","max-snippet":"max-snippet:-1","max-image-preview":"max-image-preview:large","max-video-preview":"max-video-preview:-1"},"canonical":"https:\/\/business.roovi.com\/fr\/puzzle-1000-pieces-pour-adultes-frederick-george-cotman-un-membre-de-la-famille\/p\/","og_locale":"fr_FR","og_type":"article","og_title":"Puzzle 1000 pi\u00e8ces pour adultes Frederick George Cotman - Un membre de la famille","og_description":"Puzzle 1000 pi\u00e8ces pour adultes Frederick George Cotman - Un membre de la famille","og_url":"https:\/\/business.roovi.com\/fr\/puzzle-1000-pieces-pour-adultes-frederick-george-cotman-un-membre-de-la-famille\/p\/","og_site_name":"Roovi B2B","article_publisher":"https:\/\/www.facebook.com\/wwwjucariero","article_modified_time":"2023-02-28T07:20:47+00:00","og_image":[{"width":1200,"height":1200,"url":"https:\/\/business.roovi.com\/wp-content\/uploads\/2020\/04\/76731-WEB.jpg","type":"image\/jpeg"}],"twitter_misc":{"Dur\u00e9e de lecture estim\u00e9e":"4 minutes"},"schema":{"@context":"https:\/\/schema.org","@graph":[{"@type":"WebPage","@id":"https:\/\/business.roovi.com\/fr\/puzzle-1000-pieces-pour-adultes-frederick-george-cotman-un-membre-de-la-famille\/p\/","url":"https:\/\/business.roovi.com\/fr\/puzzle-1000-pieces-pour-adultes-frederick-george-cotman-un-membre-de-la-famille\/p\/","name":"Puzzle 1000 pi\u00e8ces pour adultes Frederick George Cotman - Un membre de la famille","isPartOf":{"@id":"https:\/\/business.roovi.com\/fr\/#website"},"datePublished":"2020-04-22T14:02:53+00:00","dateModified":"2023-02-28T07:20:47+00:00","description":"Puzzle 1000 pi\u00e8ces pour adultes Frederick George Cotman - Un membre de la famille","breadcrumb":{"@id":"https:\/\/business.roovi.com\/fr\/puzzle-1000-pieces-pour-adultes-frederick-george-cotman-un-membre-de-la-famille\/p\/#breadcrumb"},"inLanguage":"fr-FR","potentialAction":[{"@type":"ReadAction","target":["https:\/\/business.roovi.com\/fr\/puzzle-1000-pieces-pour-adultes-frederick-george-cotman-un-membre-de-la-famille\/p\/"]}]},{"@type":"BreadcrumbList","@id":"https:\/\/business.roovi.com\/fr\/puzzle-1000-pieces-pour-adultes-frederick-george-cotman-un-membre-de-la-famille\/p\/#breadcrumb","itemListElement":[{"@type":"ListItem","position":1,"name":"Home","item":"https:\/\/business.roovi.com\/fr\/"},{"@type":"ListItem","position":2,"name":"Boutique","item":"https:\/\/business.roovi.com\/fr\/boutique\/"},{"@type":"ListItem","position":3,"name":"Puzzle 1000 pi\u00e8ces pour adultes Frederick George Cotman &#8211; Un membre de la famille"}]},{"@type":"WebSite","@id":"https:\/\/business.roovi.com\/fr\/#website","url":"https:\/\/business.roovi.com\/fr\/","name":"Roovi B2B","description":"Roovi Business Website","potentialAction":[{"@type":"SearchAction","target":{"@type":"EntryPoint","urlTemplate":"https:\/\/business.roovi.com\/fr\/?s={search_term_string}"},"query-input":"required name=search_term_string"}],"inLanguage":"fr-FR"}]}},"_links":{"self":[{"href":"https:\/\/business.roovi.com\/fr\/wp-json\/wp\/v2\/product\/51887","targetHints":{"allow":["GET"]}}],"collection":[{"href":"https:\/\/business.roovi.com\/fr\/wp-json\/wp\/v2\/product"}],"about":[{"href":"https:\/\/business.roovi.com\/fr\/wp-json\/wp\/v2\/types\/product"}],"version-history":[{"count":0,"href":"https:\/\/business.roovi.com\/fr\/wp-json\/wp\/v2\/product\/51887\/revisions"}],"wp:featuredmedia":[{"embeddable":true,"href":"https:\/\/business.roovi.com\/fr\/wp-json\/wp\/v2\/media\/64182"}],"wp:attachment":[{"href":"https:\/\/business.roovi.com\/fr\/wp-json\/wp\/v2\/media?parent=51887"}],"wp:term":[{"taxonomy":"product_brand","embeddable":true,"href":"https:\/\/business.roovi.com\/fr\/wp-json\/wp\/v2\/product_brand?post=51887"},{"taxonomy":"product_cat","embeddable":true,"href":"https:\/\/business.roovi.com\/fr\/wp-json\/wp\/v2\/product_cat?post=51887"},{"taxonomy":"product_tag","embeddable":true,"href":"https:\/\/business.roovi.com\/fr\/wp-json\/wp\/v2\/product_tag?post=51887"}],"curies":[{"name":"wp","href":"https:\/\/api.w.org\/{rel}","templated":true}]}}