{"id":51890,"date":"2020-04-22T13:20:44","date_gmt":"2020-04-22T13:20:44","guid":{"rendered":"https:\/\/business.roovi.com\/puzzle-adulti-1000-piese-frederick-sandys-vivien\/p\/"},"modified":"2023-02-28T06:54:31","modified_gmt":"2023-02-28T06:54:31","slug":"puzzle-adulte-1000-pieces-frederick-sandys-vivien","status":"publish","type":"product","link":"https:\/\/business.roovi.com\/fr\/puzzle-adulte-1000-pieces-frederick-sandys-vivien\/p\/","title":{"rendered":"Puzzle adulte 1000 pi\u00e8ces Frederick Sandys &#8211; Vivien"},"content":{"rendered":"<p><span style=\"font-weight: 400;\">Fascin\u00e9 par le puzzle de 1000 pi\u00e8ces ? D\u00e9couvre la plus grande gamme de puzzles d&rsquo;art et aff\u00fbte tes comp\u00e9tences d&rsquo;assemblage de puzzles ! De plus, tu seras la propri\u00e9taire de tableaux d&rsquo;art fascinants qui embelliront ta maison.<\/span><\/p>\n<p><span style=\"font-weight: 400;\">Frederick Sandys &#8211; Le puzzle de 1000 pi\u00e8ces Vivien t&#8217;emm\u00e8ne dans le monde l\u00e9gendaire du roi Arthur, plein de myst\u00e8re et de symboles fascinants. Vivien incarne la Dame du Lac des po\u00e8mes d&rsquo;Alfred Lord Tennyson. C&rsquo;est elle qui donne au roi Arthur l&rsquo;\u00e9p\u00e9e Excalibur et qui est la tentatrice qui s\u00e9duit Merlin. La pomme dans l&rsquo;image peut \u00eatre un symbole de la tentation, un th\u00e8me repris d&rsquo;Adam et Eve.<\/span><\/p>\n<p><span style=\"font-weight: 400;\">Si tu es captiv\u00e9 par les po\u00e8mes mythiques, tu appr\u00e9cieras d&rsquo;autant plus ce puzzle de 1000 pi\u00e8ces. Portrait <\/span><em><span style=\"font-weight: 400;\">Vivien <\/span><\/em><span style=\"font-weight: 400;\">est l&rsquo;incarnation de la belle, confiante, soi-disant.. <\/span><em><span style=\"font-weight: 400;\">\u00ab\u00a0la femme fatale\u00a0\u00bb<\/span><\/em><span style=\"font-weight: 400;\">un symbole de s\u00e9duction, mais aussi de destruction.<\/span><\/p>\n<p><span style=\"font-weight: 400;\">Le tableau puzzle d&rsquo;art Frederick Sandys &#8211; Vivien te donne l&rsquo;occasion de d\u00e9corer ta maison avec une \u0153uvre d&rsquo;art \u00e9l\u00e9gante et raffin\u00e9e. Tu peux utiliser une table basse standard pour assembler les pi\u00e8ces du puzzle 1000. L&rsquo;image reconstitu\u00e9e du puzzle d&rsquo;art Frederick Sandys &#8211; Vivien mesure 50 x 70 cm.<\/span><\/p>\n<p><span style=\"font-weight: 400;\">Caract\u00e9ristiques du puzzle Frederick Sandys &#8211; Vivien art :<\/span><\/p>\n<p><strong>Mat\u00e9riau du puzzle <\/strong><\/p>\n<p><strong>carton bleu de haute qualit\u00e9<\/strong><\/p>\n<p><strong>des mat\u00e9riaux durables et recyclables<\/strong><\/p>\n<p><strong>finition semi-brillante, couleurs vives<\/strong><\/p>\n<p><strong>Nombre de pi\u00e8ces de puzzle : 1000<\/strong><\/p>\n<p><strong>\u00c2ge recommand\u00e9 : 14+<\/strong><\/p>\n<p><strong>Pourquoi le puzzle artistique Frederick Sandys &#8211; Vivien est-il si sp\u00e9cial ?<\/strong><\/p>\n<p><span style=\"font-weight: 400;\">Ach\u00e8te le puzzle Frederick Sandys &#8211; Vivien art et profite de tous les avantages qu&rsquo;un jeu de puzzle a \u00e0 offrir :<\/span><\/p>\n<ul>\n<li><span style=\"font-weight: 400;\">Tu obtiens une peinture d&rsquo;art sp\u00e9ciale que tu peux encadrer et afficher sur l&rsquo;un des murs de ta maison.<\/span><\/li>\n<li><span style=\"font-weight: 400;\">D\u00e9tends-toi en compagnie d&rsquo;un jeu de r\u00e9flexion qui t&#8217;emm\u00e8ne dans le monde de l&rsquo;art.<\/span><\/li>\n<li><span style=\"font-weight: 400;\">Tu d\u00e9veloppes ton sens de l&rsquo;esth\u00e9tique.<\/span><\/li>\n<li><span style=\"font-weight: 400;\">Tu te d\u00e9taches des probl\u00e8mes quotidiens et soulages le stress.<\/span><\/li>\n<li><span style=\"font-weight: 400;\">Tu t&rsquo;ouvres l&rsquo;app\u00e9tit pour les \u0153uvres d&rsquo;art et les peintres \u00e9tablis.<\/span><\/li>\n<li><span style=\"font-weight: 400;\">Tu d\u00e9veloppes ton imagination et ton esprit critique.<\/span><\/li>\n<\/ul>\n<p><strong>Savais-tu que&#8230;<\/strong><\/p>\n<p><span style=\"font-weight: 400;\">La muse de Frederick Sandys pour la peinture de Vivien \u00e9tait le mod\u00e8le <\/span><span style=\"font-weight: 400;\"> Keomi Gray, sa petite amie rom.<\/span><\/p>\n<p><span style=\"font-weight: 400;\">L&rsquo;arri\u00e8re-plan rayonnant du tableau, compos\u00e9 de plumes de paon, signifie l&rsquo;opulence ainsi que la confiance et le charme f\u00e9minins.<\/span><\/p>\n<p><span style=\"font-weight: 400;\">L&rsquo;artiste a \u00e9t\u00e9 attir\u00e9e par les histoires de femmes fatales qui pi\u00e8gent les hommes en amour puis les d\u00e9truisent, comme H\u00e9l\u00e8ne de Troie ou M\u00e9d\u00e9e.<\/span><\/p>\n<p><span style=\"font-weight: 400;\">Au d\u00e9but de sa carri\u00e8re, Sandys a travaill\u00e9 comme graveur.<\/span><\/p>\n<p><span style=\"font-weight: 400;\">Il \u00e9tait tr\u00e8s ami avec le peintre Dante Gabriel Rossetti, et son travail a \u00e9t\u00e9 profond\u00e9ment influenc\u00e9 par cet artiste.<\/span><\/p>\n<p><strong>Cr\u00e9e des \u0153uvres d&rsquo;art \u00e0 partir de puzzles de 1000 pi\u00e8ces avec tes proches<\/strong><\/p>\n<p><span style=\"font-weight: 400;\">Les jeux de r\u00e9flexion peuvent \u00eatre l&rsquo;excuse parfaite pour des soir\u00e9es amusantes en famille ou entre amis. Que tu veuilles construire une relation \u00e9troite avec tes enfants ou passer du temps de qualit\u00e9 avec ton groupe d&rsquo;amis, les puzzles artistiques sont ton alli\u00e9 de confiance pour cela.<\/span><\/p>\n<p><span style=\"font-weight: 400;\">R\u00e9unis tes proches et recr\u00e9ez ensemble des \u0153uvres d&rsquo;art fascinantes. C\u00e9l\u00e9bre ton dur labeur en encadrant tes peintures de puzzle de 1000 pi\u00e8ces.<\/span><\/p>\n<p><span style=\"font-weight: 400;\">Choisis le puzzle de 1000 pi\u00e8ces Frederick Sandys &#8211; Vivien de la collection de puzzles d&rsquo;art pour des moments uniques d&rsquo;amusement et de d\u00e9tente. De plus, ce puzzle artistique peut \u00eatre le cadeau de vacances ou d&rsquo;anniversaire parfait.<\/span><\/p>\n","protected":false},"excerpt":{"rendered":"<p>Fascin\u00e9 par le puzzle de 1000 pi\u00e8ces ? D\u00e9couvre la plus grande gamme de puzzles d&rsquo;art et aff\u00fbte tes comp\u00e9tences<\/p>\n","protected":false},"featured_media":64177,"template":"","meta":[],"product_brand":[],"product_cat":[2314,2316,2315],"product_tag":[],"class_list":{"0":"post-51890","1":"product","2":"type-product","3":"status-publish","4":"has-post-thumbnail","6":"product_cat-puzzles-fr","7":"product_cat-puzzles-de-1000-pieces","8":"product_cat-puzzles-pour-adultes","9":"pa_brand-deico-fr","10":"pa_country_of_manufacture-ro-fr","11":"pa_filter_age-14-fr","12":"pa_tip_ambalaj-boite","13":"pa_tip_puzzle-classique","15":"first","16":"instock","17":"taxable","18":"shipping-taxable","19":"product-type-simple"},"yoast_head":"<!-- This site is optimized with the Yoast SEO plugin v20.1 - https:\/\/yoast.com\/wordpress\/plugins\/seo\/ -->\n<title>Puzzle adulte 1000 pi\u00e8ces Frederick Sandys - Vivien<\/title>\n<meta name=\"description\" content=\"Puzzle adulte 1000 pi\u00e8ces Frederick Sandys - Vivien\" \/>\n<meta name=\"robots\" content=\"index, follow, max-snippet:-1, max-image-preview:large, max-video-preview:-1\" \/>\n<link rel=\"canonical\" href=\"https:\/\/business.roovi.com\/fr\/puzzle-adulte-1000-pieces-frederick-sandys-vivien\/p\/\" \/>\n<meta property=\"og:locale\" content=\"fr_FR\" \/>\n<meta property=\"og:type\" content=\"article\" \/>\n<meta property=\"og:title\" content=\"Puzzle adulte 1000 pi\u00e8ces Frederick Sandys - Vivien\" \/>\n<meta property=\"og:description\" content=\"Puzzle adulte 1000 pi\u00e8ces Frederick Sandys - Vivien\" \/>\n<meta property=\"og:url\" content=\"https:\/\/business.roovi.com\/fr\/puzzle-adulte-1000-pieces-frederick-sandys-vivien\/p\/\" \/>\n<meta property=\"og:site_name\" content=\"Roovi B2B\" \/>\n<meta property=\"article:publisher\" content=\"https:\/\/www.facebook.com\/wwwjucariero\" \/>\n<meta property=\"article:modified_time\" content=\"2023-02-28T06:54:31+00:00\" \/>\n<meta property=\"og:image\" content=\"https:\/\/business.roovi.com\/wp-content\/uploads\/2020\/04\/76724-WEB.jpg\" \/>\n\t<meta property=\"og:image:width\" content=\"1200\" \/>\n\t<meta property=\"og:image:height\" content=\"1200\" \/>\n\t<meta property=\"og:image:type\" content=\"image\/jpeg\" \/>\n<meta name=\"twitter:label1\" content=\"Dur\u00e9e de lecture estim\u00e9e\" \/>\n\t<meta name=\"twitter:data1\" content=\"3 minutes\" \/>\n<script type=\"application\/ld+json\" class=\"yoast-schema-graph\">{\"@context\":\"https:\/\/schema.org\",\"@graph\":[{\"@type\":\"WebPage\",\"@id\":\"https:\/\/business.roovi.com\/fr\/puzzle-adulte-1000-pieces-frederick-sandys-vivien\/p\/\",\"url\":\"https:\/\/business.roovi.com\/fr\/puzzle-adulte-1000-pieces-frederick-sandys-vivien\/p\/\",\"name\":\"Puzzle adulte 1000 pi\u00e8ces Frederick Sandys - Vivien\",\"isPartOf\":{\"@id\":\"https:\/\/business.roovi.com\/fr\/#website\"},\"datePublished\":\"2020-04-22T13:20:44+00:00\",\"dateModified\":\"2023-02-28T06:54:31+00:00\",\"description\":\"Puzzle adulte 1000 pi\u00e8ces Frederick Sandys - Vivien\",\"breadcrumb\":{\"@id\":\"https:\/\/business.roovi.com\/fr\/puzzle-adulte-1000-pieces-frederick-sandys-vivien\/p\/#breadcrumb\"},\"inLanguage\":\"fr-FR\",\"potentialAction\":[{\"@type\":\"ReadAction\",\"target\":[\"https:\/\/business.roovi.com\/fr\/puzzle-adulte-1000-pieces-frederick-sandys-vivien\/p\/\"]}]},{\"@type\":\"BreadcrumbList\",\"@id\":\"https:\/\/business.roovi.com\/fr\/puzzle-adulte-1000-pieces-frederick-sandys-vivien\/p\/#breadcrumb\",\"itemListElement\":[{\"@type\":\"ListItem\",\"position\":1,\"name\":\"Home\",\"item\":\"https:\/\/business.roovi.com\/fr\/\"},{\"@type\":\"ListItem\",\"position\":2,\"name\":\"Boutique\",\"item\":\"https:\/\/business.roovi.com\/fr\/boutique\/\"},{\"@type\":\"ListItem\",\"position\":3,\"name\":\"Puzzle adulte 1000 pi\u00e8ces Frederick Sandys &#8211; Vivien\"}]},{\"@type\":\"WebSite\",\"@id\":\"https:\/\/business.roovi.com\/fr\/#website\",\"url\":\"https:\/\/business.roovi.com\/fr\/\",\"name\":\"Roovi B2B\",\"description\":\"Roovi Business Website\",\"potentialAction\":[{\"@type\":\"SearchAction\",\"target\":{\"@type\":\"EntryPoint\",\"urlTemplate\":\"https:\/\/business.roovi.com\/fr\/?s={search_term_string}\"},\"query-input\":\"required name=search_term_string\"}],\"inLanguage\":\"fr-FR\"}]}<\/script>\n<!-- \/ Yoast SEO plugin. -->","yoast_head_json":{"title":"Puzzle adulte 1000 pi\u00e8ces Frederick Sandys - Vivien","description":"Puzzle adulte 1000 pi\u00e8ces Frederick Sandys - Vivien","robots":{"index":"index","follow":"follow","max-snippet":"max-snippet:-1","max-image-preview":"max-image-preview:large","max-video-preview":"max-video-preview:-1"},"canonical":"https:\/\/business.roovi.com\/fr\/puzzle-adulte-1000-pieces-frederick-sandys-vivien\/p\/","og_locale":"fr_FR","og_type":"article","og_title":"Puzzle adulte 1000 pi\u00e8ces Frederick Sandys - Vivien","og_description":"Puzzle adulte 1000 pi\u00e8ces Frederick Sandys - Vivien","og_url":"https:\/\/business.roovi.com\/fr\/puzzle-adulte-1000-pieces-frederick-sandys-vivien\/p\/","og_site_name":"Roovi B2B","article_publisher":"https:\/\/www.facebook.com\/wwwjucariero","article_modified_time":"2023-02-28T06:54:31+00:00","og_image":[{"width":1200,"height":1200,"url":"https:\/\/business.roovi.com\/wp-content\/uploads\/2020\/04\/76724-WEB.jpg","type":"image\/jpeg"}],"twitter_misc":{"Dur\u00e9e de lecture estim\u00e9e":"3 minutes"},"schema":{"@context":"https:\/\/schema.org","@graph":[{"@type":"WebPage","@id":"https:\/\/business.roovi.com\/fr\/puzzle-adulte-1000-pieces-frederick-sandys-vivien\/p\/","url":"https:\/\/business.roovi.com\/fr\/puzzle-adulte-1000-pieces-frederick-sandys-vivien\/p\/","name":"Puzzle adulte 1000 pi\u00e8ces Frederick Sandys - Vivien","isPartOf":{"@id":"https:\/\/business.roovi.com\/fr\/#website"},"datePublished":"2020-04-22T13:20:44+00:00","dateModified":"2023-02-28T06:54:31+00:00","description":"Puzzle adulte 1000 pi\u00e8ces Frederick Sandys - Vivien","breadcrumb":{"@id":"https:\/\/business.roovi.com\/fr\/puzzle-adulte-1000-pieces-frederick-sandys-vivien\/p\/#breadcrumb"},"inLanguage":"fr-FR","potentialAction":[{"@type":"ReadAction","target":["https:\/\/business.roovi.com\/fr\/puzzle-adulte-1000-pieces-frederick-sandys-vivien\/p\/"]}]},{"@type":"BreadcrumbList","@id":"https:\/\/business.roovi.com\/fr\/puzzle-adulte-1000-pieces-frederick-sandys-vivien\/p\/#breadcrumb","itemListElement":[{"@type":"ListItem","position":1,"name":"Home","item":"https:\/\/business.roovi.com\/fr\/"},{"@type":"ListItem","position":2,"name":"Boutique","item":"https:\/\/business.roovi.com\/fr\/boutique\/"},{"@type":"ListItem","position":3,"name":"Puzzle adulte 1000 pi\u00e8ces Frederick Sandys &#8211; Vivien"}]},{"@type":"WebSite","@id":"https:\/\/business.roovi.com\/fr\/#website","url":"https:\/\/business.roovi.com\/fr\/","name":"Roovi B2B","description":"Roovi Business Website","potentialAction":[{"@type":"SearchAction","target":{"@type":"EntryPoint","urlTemplate":"https:\/\/business.roovi.com\/fr\/?s={search_term_string}"},"query-input":"required name=search_term_string"}],"inLanguage":"fr-FR"}]}},"_links":{"self":[{"href":"https:\/\/business.roovi.com\/fr\/wp-json\/wp\/v2\/product\/51890","targetHints":{"allow":["GET"]}}],"collection":[{"href":"https:\/\/business.roovi.com\/fr\/wp-json\/wp\/v2\/product"}],"about":[{"href":"https:\/\/business.roovi.com\/fr\/wp-json\/wp\/v2\/types\/product"}],"version-history":[{"count":0,"href":"https:\/\/business.roovi.com\/fr\/wp-json\/wp\/v2\/product\/51890\/revisions"}],"wp:featuredmedia":[{"embeddable":true,"href":"https:\/\/business.roovi.com\/fr\/wp-json\/wp\/v2\/media\/64177"}],"wp:attachment":[{"href":"https:\/\/business.roovi.com\/fr\/wp-json\/wp\/v2\/media?parent=51890"}],"wp:term":[{"taxonomy":"product_brand","embeddable":true,"href":"https:\/\/business.roovi.com\/fr\/wp-json\/wp\/v2\/product_brand?post=51890"},{"taxonomy":"product_cat","embeddable":true,"href":"https:\/\/business.roovi.com\/fr\/wp-json\/wp\/v2\/product_cat?post=51890"},{"taxonomy":"product_tag","embeddable":true,"href":"https:\/\/business.roovi.com\/fr\/wp-json\/wp\/v2\/product_tag?post=51890"}],"curies":[{"name":"wp","href":"https:\/\/api.w.org\/{rel}","templated":true}]}}