{"id":51893,"date":"2020-04-22T13:05:53","date_gmt":"2020-04-22T13:05:53","guid":{"rendered":"https:\/\/business.roovi.com\/puzzle-adulti-1000-piese-dante-gabriel-rossetti-a-vision-of-fiammetta\/p\/"},"modified":"2022-07-13T10:14:35","modified_gmt":"2022-07-13T10:14:35","slug":"dante-gabriel-rossetti-puzzle-adulte-de-1000-pieces-une-vision-de-fiammetta","status":"publish","type":"product","link":"https:\/\/business.roovi.com\/fr\/dante-gabriel-rossetti-puzzle-adulte-de-1000-pieces-une-vision-de-fiammetta\/p\/","title":{"rendered":"Dante Gabriel Rossetti puzzle adulte de 1000 pi\u00e8ces &#8211; Une vision de Fiammetta"},"content":{"rendered":"<p><span style=\"font-weight: 400;\">Fascin\u00e9 par le puzzle de 1000 pi\u00e8ces ? Nous te mettons au d\u00e9fi de tester tes comp\u00e9tences d&rsquo;assemblage et de recr\u00e9er des images de tableaux c\u00e9l\u00e8bres repr\u00e9sent\u00e9s dans des puzzles d&rsquo;art <\/span><\/p>\n<p><span style=\"font-weight: 400;\">Le puzzle de 1000 pi\u00e8ces de Dante Gabriel Rossetti &#8211; Une vision de Fiammetta est notre recommandation pour toi si tu aimes les images color\u00e9es et les d\u00e9tails artistiques \u00e9tonnants. L&rsquo;image repr\u00e9sente une peinture \u00e0 l&rsquo;huile r\u00e9alis\u00e9e dans le style pr\u00e9rapha\u00e9lite caract\u00e9ristique de Rossetti. L&rsquo;\u0153uvre repr\u00e9sente Fiammetta, la muse de Boccace, et accompagne son volume de ballades et sonnets de 1881.<\/span><\/p>\n<p><span style=\"font-weight: 400;\">Rossetti a combin\u00e9 de fa\u00e7on unique la po\u00e9sie et la peinture. Ses \u0153uvres sont interconnect\u00e9es, chaque image a son pendant en vers. Tu obtiendras donc du puzzle de 1000 pi\u00e8ces une histoire en couleur qui transmet des \u00e9motions et des vibrations positives.<\/span><\/p>\n<p><span style=\"font-weight: 400;\">Tu peux recr\u00e9er l&rsquo;image en utilisant une table basse standard pour soutenir les pi\u00e8ces. Les dimensions de l&rsquo;image r\u00e9sultante sont de 50 x 70 cm <\/span><\/p>\n<p><span style=\"font-weight: 400;\">Lis plus sur l&rsquo;\u00e9nigme artistique de Dante Gabriel Rossetti &#8211; Une vision de Fiammetta ici :<\/span><\/p>\n<p><strong>Puzzle mat\u00e9riel <\/strong><\/p>\n<p><strong>carton bleu de haute qualit\u00e9<\/strong><\/p>\n<p><strong>des mat\u00e9riaux durables et recyclables<\/strong><\/p>\n<p><strong>finition semi-brillante, couleurs vives<\/strong><\/p>\n<p><strong>Nombre de pi\u00e8ces de puzzle : 1000<\/strong><\/p>\n<p><strong>\u00c2ge recommand\u00e9 : 14+<\/strong><\/p>\n<p><strong>Tu ne peux pas te concentrer ? Aide pour les jeux de puzzle<\/strong><\/p>\n<p><span style=\"font-weight: 400;\">Chaque fois que tu essaies de te concentrer sur une seule t\u00e2che, ton esprit est envahi de pens\u00e9es et tu n&rsquo;y arrives pas ? Les jeux de puzzle entra\u00eenent ton attention et ta concentration. En assemblant l&rsquo;image du puzzle de 1000 pi\u00e8ces, tu es involontairement concentr\u00e9 sur un seul objectif : assembler l&rsquo;image souhait\u00e9e. Cela entra\u00eene ton esprit, et cette capacit\u00e9 s&rsquo;appliquera \u00e0 d&rsquo;autres activit\u00e9s que tu fais <\/span><\/p>\n<p><span style=\"font-weight: 400;\">Choisis les puzzles de 1000 pi\u00e8ces et profite des autres avantages qu&rsquo;ils offrent :<\/span><\/p>\n<p><span style=\"font-weight: 400;\">Am\u00e9lioration des comp\u00e9tences en mati\u00e8re de r\u00e9solution de probl\u00e8mes.<\/span><\/p>\n<p><span style=\"font-weight: 400;\">D\u00e9veloppe la pens\u00e9e logique.<\/span><\/p>\n<p><span style=\"font-weight: 400;\">Entra\u00eenement de la m\u00e9moire.<\/span><\/p>\n<p><span style=\"font-weight: 400;\">D\u00e9veloppe la pers\u00e9v\u00e9rance et le sens de l&rsquo;observation des d\u00e9tails.<\/span><\/p>\n<p><span style=\"font-weight: 400;\">Augmente la productivit\u00e9.<\/span><\/p>\n<p><strong>5 choses que tu ne savais pas sur Dante Gabriel Rossetti<\/strong><\/p>\n<p><span style=\"font-weight: 400;\">Il a enterr\u00e9 son unique exemplaire contenant tous ses po\u00e8mes au chevet de sa bien-aim\u00e9e Elizabeth Siddal, morte d&rsquo;une overdose de laudanum.<\/span><\/p>\n<p><span style=\"font-weight: 400;\">Il aimait beaucoup les oiseaux et les animaux exotiques. Il avait une collection impressionnante de lamas, de toucans et de vombits.<\/span><\/p>\n<p><span style=\"font-weight: 400;\">Sa meilleure amie \u00e9tait Christina Rossetti, sa jeune s\u0153ur.<\/span><\/p>\n<p><span style=\"font-weight: 400;\">Il a \u00e9galement eu une relation amoureuse avec Jane Morris, la femme de William Morris, qui appr\u00e9ciait et achetait son travail <\/span><\/p>\n<p><span style=\"font-weight: 400;\">Apr\u00e8s la mort de Siddal, l&rsquo;artiste a commenc\u00e9 \u00e0 prendre des somnif\u00e8res pour traiter son insomnie. Ce traitement l&rsquo;a rendu profond\u00e9ment d\u00e9pressif.<\/span><\/p>\n<p><strong>Le puzzle de 1000 pi\u00e8ces de Dante Gabriel Rossetti &#8211; Une vision de Fiammetta t&rsquo;apprend \u00e0 appr\u00e9cier l&rsquo;art<\/strong><\/p>\n<p><span style=\"font-weight: 400;\">Explorer le monde de l&rsquo;art est une forme profonde de connaissance. Chaque tableau permet au spectateur de d\u00e9couvrir le style et la technique de l&rsquo;artiste, ainsi que diverses informations sur la p\u00e9riode artistique \u00e0 laquelle l&rsquo;\u0153uvre appartient. L&rsquo;art est aussi une forme de communication qui suit certaines conventions et poss\u00e8de des symboles sp\u00e9cifiques <\/span><\/p>\n<p><span style=\"font-weight: 400;\">Assembler un puzzle d&rsquo;art te montre des d\u00e9tails du tableau que tu ne vois pas autrement. Lorsque le tableau est termin\u00e9, tu appr\u00e9cieras l&rsquo;\u0153uvre d&rsquo;art et la comprendras plus profond\u00e9ment parce que tu l&rsquo;as c\u00f4toy\u00e9e et assembl\u00e9e pi\u00e8ce par pi\u00e8ce. Un puzzle artistique te fait donc vivre une exp\u00e9rience intellectuelle et \u00e9motionnelle.<\/span><\/p>\n<p><span style=\"font-weight: 400;\">Ach\u00e8te le puzzle de 1000 pi\u00e8ces Dante Gabriel Rossetti &#8211; A Vision of Fiammetta de notre collection de puzzles d&rsquo;art, construit le tableau et d\u00e9core ta maison avec une copie fid\u00e8le du c\u00e9l\u00e8bre tableau.<\/span><\/p>\n<p><span style=\"font-weight: 400;\">Ce merveilleux puzzle artistique peut \u00eatre offert en cadeau \u00e0 diverses occasions \u00e0 ceux qui aiment les jeux de puzzle ou les chefs-d&rsquo;\u0153uvre artistiques.<\/span><\/p><\/p>\n","protected":false},"excerpt":{"rendered":"<p>Fascin\u00e9 par le puzzle de 1000 pi\u00e8ces ? Nous te mettons au d\u00e9fi de tester tes comp\u00e9tences d&rsquo;assemblage et de<\/p>\n","protected":false},"featured_media":51895,"template":"","meta":[],"product_brand":[],"product_cat":[2314,2316,2315],"product_tag":[],"class_list":{"0":"post-51893","1":"product","2":"type-product","3":"status-publish","4":"has-post-thumbnail","6":"product_cat-puzzles-fr","7":"product_cat-puzzles-de-1000-pieces","8":"product_cat-puzzles-pour-adultes","9":"pa_brand-deico-fr","10":"pa_country_of_manufacture-ro-fr","11":"pa_filter_age-14-fr","12":"pa_tip_ambalaj-boite","13":"pa_tip_puzzle-classique","15":"first","16":"instock","17":"taxable","18":"shipping-taxable","19":"product-type-simple"},"yoast_head":"<!-- This site is optimized with the Yoast SEO plugin v20.1 - https:\/\/yoast.com\/wordpress\/plugins\/seo\/ -->\n<title>Dante Gabriel Rossetti puzzle adulte de 1000 pi\u00e8ces - Une vision de Fiammetta<\/title>\n<meta name=\"description\" content=\"Dante Gabriel Rossetti puzzle adulte de 1000 pi\u00e8ces - Une vision de Fiammetta\" \/>\n<meta name=\"robots\" content=\"index, follow, max-snippet:-1, max-image-preview:large, max-video-preview:-1\" \/>\n<link rel=\"canonical\" href=\"https:\/\/business.roovi.com\/fr\/dante-gabriel-rossetti-puzzle-adulte-de-1000-pieces-une-vision-de-fiammetta\/p\/\" \/>\n<meta property=\"og:locale\" content=\"fr_FR\" \/>\n<meta property=\"og:type\" content=\"article\" \/>\n<meta property=\"og:title\" content=\"Dante Gabriel Rossetti puzzle adulte de 1000 pi\u00e8ces - Une vision de Fiammetta\" \/>\n<meta property=\"og:description\" content=\"Dante Gabriel Rossetti puzzle adulte de 1000 pi\u00e8ces - Une vision de Fiammetta\" \/>\n<meta property=\"og:url\" content=\"https:\/\/business.roovi.com\/fr\/dante-gabriel-rossetti-puzzle-adulte-de-1000-pieces-une-vision-de-fiammetta\/p\/\" \/>\n<meta property=\"og:site_name\" content=\"Roovi B2B\" \/>\n<meta property=\"article:publisher\" content=\"https:\/\/www.facebook.com\/wwwjucariero\" \/>\n<meta property=\"article:modified_time\" content=\"2022-07-13T10:14:35+00:00\" \/>\n<meta property=\"og:image\" content=\"https:\/\/business.roovi.com\/wp-content\/uploads\/2020\/04\/dante_gabriel_rossetti-a_vision_of_fiammetta_copy.jpg\" \/>\n\t<meta property=\"og:image:width\" content=\"1200\" \/>\n\t<meta property=\"og:image:height\" content=\"1200\" \/>\n\t<meta property=\"og:image:type\" content=\"image\/jpeg\" \/>\n<meta name=\"twitter:label1\" content=\"Dur\u00e9e de lecture estim\u00e9e\" \/>\n\t<meta name=\"twitter:data1\" content=\"3 minutes\" \/>\n<script type=\"application\/ld+json\" class=\"yoast-schema-graph\">{\"@context\":\"https:\/\/schema.org\",\"@graph\":[{\"@type\":\"WebPage\",\"@id\":\"https:\/\/business.roovi.com\/fr\/dante-gabriel-rossetti-puzzle-adulte-de-1000-pieces-une-vision-de-fiammetta\/p\/\",\"url\":\"https:\/\/business.roovi.com\/fr\/dante-gabriel-rossetti-puzzle-adulte-de-1000-pieces-une-vision-de-fiammetta\/p\/\",\"name\":\"Dante Gabriel Rossetti puzzle adulte de 1000 pi\u00e8ces - Une vision de Fiammetta\",\"isPartOf\":{\"@id\":\"https:\/\/business.roovi.com\/fr\/#website\"},\"datePublished\":\"2020-04-22T13:05:53+00:00\",\"dateModified\":\"2022-07-13T10:14:35+00:00\",\"description\":\"Dante Gabriel Rossetti puzzle adulte de 1000 pi\u00e8ces - Une vision de Fiammetta\",\"breadcrumb\":{\"@id\":\"https:\/\/business.roovi.com\/fr\/dante-gabriel-rossetti-puzzle-adulte-de-1000-pieces-une-vision-de-fiammetta\/p\/#breadcrumb\"},\"inLanguage\":\"fr-FR\",\"potentialAction\":[{\"@type\":\"ReadAction\",\"target\":[\"https:\/\/business.roovi.com\/fr\/dante-gabriel-rossetti-puzzle-adulte-de-1000-pieces-une-vision-de-fiammetta\/p\/\"]}]},{\"@type\":\"BreadcrumbList\",\"@id\":\"https:\/\/business.roovi.com\/fr\/dante-gabriel-rossetti-puzzle-adulte-de-1000-pieces-une-vision-de-fiammetta\/p\/#breadcrumb\",\"itemListElement\":[{\"@type\":\"ListItem\",\"position\":1,\"name\":\"Home\",\"item\":\"https:\/\/business.roovi.com\/fr\/\"},{\"@type\":\"ListItem\",\"position\":2,\"name\":\"Boutique\",\"item\":\"https:\/\/business.roovi.com\/fr\/boutique\/\"},{\"@type\":\"ListItem\",\"position\":3,\"name\":\"Dante Gabriel Rossetti puzzle adulte de 1000 pi\u00e8ces &#8211; Une vision de Fiammetta\"}]},{\"@type\":\"WebSite\",\"@id\":\"https:\/\/business.roovi.com\/fr\/#website\",\"url\":\"https:\/\/business.roovi.com\/fr\/\",\"name\":\"Roovi B2B\",\"description\":\"Roovi Business Website\",\"potentialAction\":[{\"@type\":\"SearchAction\",\"target\":{\"@type\":\"EntryPoint\",\"urlTemplate\":\"https:\/\/business.roovi.com\/fr\/?s={search_term_string}\"},\"query-input\":\"required name=search_term_string\"}],\"inLanguage\":\"fr-FR\"}]}<\/script>\n<!-- \/ Yoast SEO plugin. -->","yoast_head_json":{"title":"Dante Gabriel Rossetti puzzle adulte de 1000 pi\u00e8ces - Une vision de Fiammetta","description":"Dante Gabriel Rossetti puzzle adulte de 1000 pi\u00e8ces - Une vision de Fiammetta","robots":{"index":"index","follow":"follow","max-snippet":"max-snippet:-1","max-image-preview":"max-image-preview:large","max-video-preview":"max-video-preview:-1"},"canonical":"https:\/\/business.roovi.com\/fr\/dante-gabriel-rossetti-puzzle-adulte-de-1000-pieces-une-vision-de-fiammetta\/p\/","og_locale":"fr_FR","og_type":"article","og_title":"Dante Gabriel Rossetti puzzle adulte de 1000 pi\u00e8ces - Une vision de Fiammetta","og_description":"Dante Gabriel Rossetti puzzle adulte de 1000 pi\u00e8ces - Une vision de Fiammetta","og_url":"https:\/\/business.roovi.com\/fr\/dante-gabriel-rossetti-puzzle-adulte-de-1000-pieces-une-vision-de-fiammetta\/p\/","og_site_name":"Roovi B2B","article_publisher":"https:\/\/www.facebook.com\/wwwjucariero","article_modified_time":"2022-07-13T10:14:35+00:00","og_image":[{"width":1200,"height":1200,"url":"https:\/\/business.roovi.com\/wp-content\/uploads\/2020\/04\/dante_gabriel_rossetti-a_vision_of_fiammetta_copy.jpg","type":"image\/jpeg"}],"twitter_misc":{"Dur\u00e9e de lecture estim\u00e9e":"3 minutes"},"schema":{"@context":"https:\/\/schema.org","@graph":[{"@type":"WebPage","@id":"https:\/\/business.roovi.com\/fr\/dante-gabriel-rossetti-puzzle-adulte-de-1000-pieces-une-vision-de-fiammetta\/p\/","url":"https:\/\/business.roovi.com\/fr\/dante-gabriel-rossetti-puzzle-adulte-de-1000-pieces-une-vision-de-fiammetta\/p\/","name":"Dante Gabriel Rossetti puzzle adulte de 1000 pi\u00e8ces - Une vision de Fiammetta","isPartOf":{"@id":"https:\/\/business.roovi.com\/fr\/#website"},"datePublished":"2020-04-22T13:05:53+00:00","dateModified":"2022-07-13T10:14:35+00:00","description":"Dante Gabriel Rossetti puzzle adulte de 1000 pi\u00e8ces - Une vision de Fiammetta","breadcrumb":{"@id":"https:\/\/business.roovi.com\/fr\/dante-gabriel-rossetti-puzzle-adulte-de-1000-pieces-une-vision-de-fiammetta\/p\/#breadcrumb"},"inLanguage":"fr-FR","potentialAction":[{"@type":"ReadAction","target":["https:\/\/business.roovi.com\/fr\/dante-gabriel-rossetti-puzzle-adulte-de-1000-pieces-une-vision-de-fiammetta\/p\/"]}]},{"@type":"BreadcrumbList","@id":"https:\/\/business.roovi.com\/fr\/dante-gabriel-rossetti-puzzle-adulte-de-1000-pieces-une-vision-de-fiammetta\/p\/#breadcrumb","itemListElement":[{"@type":"ListItem","position":1,"name":"Home","item":"https:\/\/business.roovi.com\/fr\/"},{"@type":"ListItem","position":2,"name":"Boutique","item":"https:\/\/business.roovi.com\/fr\/boutique\/"},{"@type":"ListItem","position":3,"name":"Dante Gabriel Rossetti puzzle adulte de 1000 pi\u00e8ces &#8211; Une vision de Fiammetta"}]},{"@type":"WebSite","@id":"https:\/\/business.roovi.com\/fr\/#website","url":"https:\/\/business.roovi.com\/fr\/","name":"Roovi B2B","description":"Roovi Business Website","potentialAction":[{"@type":"SearchAction","target":{"@type":"EntryPoint","urlTemplate":"https:\/\/business.roovi.com\/fr\/?s={search_term_string}"},"query-input":"required name=search_term_string"}],"inLanguage":"fr-FR"}]}},"_links":{"self":[{"href":"https:\/\/business.roovi.com\/fr\/wp-json\/wp\/v2\/product\/51893","targetHints":{"allow":["GET"]}}],"collection":[{"href":"https:\/\/business.roovi.com\/fr\/wp-json\/wp\/v2\/product"}],"about":[{"href":"https:\/\/business.roovi.com\/fr\/wp-json\/wp\/v2\/types\/product"}],"version-history":[{"count":0,"href":"https:\/\/business.roovi.com\/fr\/wp-json\/wp\/v2\/product\/51893\/revisions"}],"wp:featuredmedia":[{"embeddable":true,"href":"https:\/\/business.roovi.com\/fr\/wp-json\/wp\/v2\/media\/51895"}],"wp:attachment":[{"href":"https:\/\/business.roovi.com\/fr\/wp-json\/wp\/v2\/media?parent=51893"}],"wp:term":[{"taxonomy":"product_brand","embeddable":true,"href":"https:\/\/business.roovi.com\/fr\/wp-json\/wp\/v2\/product_brand?post=51893"},{"taxonomy":"product_cat","embeddable":true,"href":"https:\/\/business.roovi.com\/fr\/wp-json\/wp\/v2\/product_cat?post=51893"},{"taxonomy":"product_tag","embeddable":true,"href":"https:\/\/business.roovi.com\/fr\/wp-json\/wp\/v2\/product_tag?post=51893"}],"curies":[{"name":"wp","href":"https:\/\/api.w.org\/{rel}","templated":true}]}}