{"id":51896,"date":"2020-04-22T12:57:34","date_gmt":"2020-04-22T12:57:34","guid":{"rendered":"https:\/\/business.roovi.com\/puzzle-adulti-1000-piese-dante-gabriel-rossetti-proserpine\/p\/"},"modified":"2022-07-13T10:14:36","modified_gmt":"2022-07-13T10:14:36","slug":"puzzle-adulte-1000-pieces-dante-gabriel-rossetti-proserpine","status":"publish","type":"product","link":"https:\/\/business.roovi.com\/fr\/puzzle-adulte-1000-pieces-dante-gabriel-rossetti-proserpine\/p\/","title":{"rendered":"Puzzle adulte 1000 pi\u00e8ces Dante Gabriel Rossetti &#8211; Proserpine"},"content":{"rendered":"<p><span style=\"font-weight: 400;\">Tu t&rsquo;es d\u00e9j\u00e0 demand\u00e9 comment les grandes peintures du monde ont vu le jour ? Les puzzles d&rsquo;art avec des photos des \u0153uvres d&rsquo;art les plus c\u00e9l\u00e8bres te font d\u00e9couvrir le monde des artistes c\u00e9l\u00e8bres. Assemble des images de puzzle de 1000 pi\u00e8ces et d\u00e9couvre des d\u00e9tails \u00e9tonnants des peintures les plus c\u00e9l\u00e8bres du monde <\/span><\/p>\n<p><span style=\"font-weight: 400;\">Le puzzle de 1000 pi\u00e8ces de Dante Gabriel Rossetti &#8211; Proserpine illustre la peinture fascinante de la d\u00e9esse grecque qui vivait sous terre pendant l&rsquo;hiver. La Proserpine de Rossetti est d&rsquo;une beaut\u00e9 exquise, comme le mod\u00e8le pour lequel l&rsquo;artiste avait un amour obsessionnel : Jane Morris, sa femme<\/span><span style=\"font-weight: 400;\"> William Morris.<\/span><\/p>\n<p><span style=\"font-weight: 400;\">Si tu es un amateur d&rsquo;art ou si tu aimes les puzzles de 1000 pi\u00e8ces qui mettent au d\u00e9fi tes comp\u00e9tences d&rsquo;assemblage, ce puzzle d&rsquo;art te s\u00e9duira par la simplicit\u00e9 et la sophistication avec lesquelles l&rsquo;artiste a ex\u00e9cut\u00e9 son \u0153uvre. Alors rapproche ta table basse du salon et commence \u00e0 reconstituer l&rsquo;\u0153uvre d&rsquo;art du puzzle de 1000 pi\u00e8ces <\/span><span style=\"font-weight: 400;\">Dante Gabriel Rossetti &#8211; Proserpine.<\/span><\/p>\n<p><span style=\"font-weight: 400;\">Lis plus sur ce puzzle artistique ci-dessous<\/span><\/p>\n<p><strong>Mat\u00e9riau du puzzle <\/strong><\/p>\n<p><strong>carton bleu de haute qualit\u00e9<\/strong><\/p>\n<p><strong>des mat\u00e9riaux durables et recyclables<\/strong><\/p>\n<p><strong>finition semi-brillante, couleurs vives<\/strong><\/p>\n<p><strong>Nombre de pi\u00e8ces de puzzle : 1000<\/strong><\/p>\n<p><strong>\u00c2ge recommand\u00e9 : 14+<\/strong><\/p>\n<p><strong>Puzzle de 1000 pi\u00e8ces : quels sont les avantages ?<\/strong><\/p>\n<p><span style=\"font-weight: 400;\">Tu es passionn\u00e9e par les jeux de r\u00e9flexion et tu veux savoir quels avantages cette activit\u00e9 relaxante t&rsquo;apporte ? Voici 7 avantages incroyables :<\/span><\/p>\n<p><span style=\"font-weight: 400;\">Il t&rsquo;aide \u00e0 te d\u00e9tendre des soucis quotidiens.<\/span><\/p>\n<p><span style=\"font-weight: 400;\">Ils maintiennent ton cerveau en pleine forme.<\/span><\/p>\n<p><span style=\"font-weight: 400;\">Ils te dynamisent et te donnent beaucoup d&rsquo;optimisme et d&rsquo;\u00e9nergie.<\/span><\/p>\n<p><span style=\"font-weight: 400;\">Ils te relient \u00e0 tes proches.<\/span><\/p>\n<p><span style=\"font-weight: 400;\">Ils sont bons pour ta m\u00e9moire, garde-la entra\u00een\u00e9e.<\/span><\/p>\n<p><span style=\"font-weight: 400;\">Ils t&rsquo;aident \u00e0 te concentrer sur tes objectifs.<\/span><\/p>\n<p><span style=\"font-weight: 400;\">Ils t&rsquo;obligent \u00e0 faire attention aux d\u00e9tails.<\/span><\/p>\n<p><strong> \u00c0 propos de <\/strong><strong>Dante Gabriel Rossetti savais-tu que&#8230;<\/strong><\/p>\n<p><span style=\"font-weight: 400;\">Il \u00e9tait un peintre et po\u00e8te anglais, fondateur du mouvement pr\u00e9rapha\u00e9lite <\/span><\/p>\n<p><span style=\"font-weight: 400;\">Il venait d&rsquo;une famille d&rsquo;artistes : il \u00e9tait le fr\u00e8re de la po\u00e9tesse Christina Rossetti, du critique William Michael Rossetti et de l&rsquo;\u00e9crivain Maria Francesca Rossetti.<\/span><\/p>\n<p><span style=\"font-weight: 400;\">Le nom de Dante ne lui appartient pas. Il a sign\u00e9 ses \u0153uvres de ce nom en l&rsquo;honneur de Dante Alighieri qui l&rsquo;a inspir\u00e9 dans ses peintures et ses po\u00e8mes.<\/span><\/p>\n<p><span style=\"font-weight: 400;\">Il a \u00e9t\u00e9 influenc\u00e9 dans sa vie personnelle et artistique par ses muses Elizabeth Siddal (qu&rsquo;il a \u00e9pous\u00e9e), Fanny Cornforth et Jane Morris.<\/span><\/p>\n<p><span style=\"font-weight: 400;\">Ses peintures sont tr\u00e8s pris\u00e9es aujourd&rsquo;hui et tr\u00e8s ch\u00e8res. 2013, <\/span><em><span style=\"font-weight: 400;\">Proserpina <\/span><\/em><span style=\"font-weight: 400;\">s&rsquo;est vendu aux ench\u00e8res pour la somme impressionnante de 3 274 500 \u00a3.<\/span><\/p>\n<p><strong>Le puzzle artistique de Dante Gabriel Rossetti &#8211; Proserpine te donne la chance unique de r\u00e9aliser ta propre peinture artistique<\/strong><\/p>\n<p><span style=\"font-weight: 400;\">Cr\u00e9er un chef-d&rsquo;\u0153uvre artistique de ses propres mains est une source de grande satisfaction int\u00e9rieure. Avec le puzzle de 1000 pi\u00e8ces de Dante Gabriel Rossetti &#8211; Proserpine, tu as maintenant cette possibilit\u00e9. Lorsque la peinture est termin\u00e9e, tu peux admirer chaque trait du tableau pendant des heures et, qui plus est, tu peux exposer ton \u0153uvre sur l&rsquo;un des murs de ta maison.<\/span><\/p>\n<p><span style=\"font-weight: 400;\">Ach\u00e8te maintenant le puzzle d&rsquo;art Dante Gabriel Rossetti &#8211; Proserpine et commence \u00e0 construire un objet d\u00e9coratif exceptionnel. Choisis le jeu de puzzle pour toi ou pour un ami qui aime les puzzles d&rsquo;art. Le puzzle de 1000 pi\u00e8ces est le cadeau id\u00e9al pour diverses occasions festives.<\/span><\/p><\/p>\n","protected":false},"excerpt":{"rendered":"<p>Tu t&rsquo;es d\u00e9j\u00e0 demand\u00e9 comment les grandes peintures du monde ont vu le jour ? Les puzzles d&rsquo;art avec des<\/p>\n","protected":false},"featured_media":51897,"template":"","meta":[],"product_brand":[],"product_cat":[2314,2316,2315],"product_tag":[],"class_list":{"0":"post-51896","1":"product","2":"type-product","3":"status-publish","4":"has-post-thumbnail","6":"product_cat-puzzles-fr","7":"product_cat-puzzles-de-1000-pieces","8":"product_cat-puzzles-pour-adultes","9":"pa_brand-deico-fr","10":"pa_country_of_manufacture-ro-fr","11":"pa_filter_age-14-fr","12":"pa_tip_ambalaj-boite","13":"pa_tip_puzzle-classique","15":"first","16":"instock","17":"taxable","18":"shipping-taxable","19":"product-type-simple"},"yoast_head":"<!-- This site is optimized with the Yoast SEO plugin v20.1 - https:\/\/yoast.com\/wordpress\/plugins\/seo\/ -->\n<title>Puzzle adulte 1000 pi\u00e8ces Dante Gabriel Rossetti - Proserpine<\/title>\n<meta name=\"description\" content=\"Puzzle adulte 1000 pi\u00e8ces Dante Gabriel Rossetti - Proserpine\" \/>\n<meta name=\"robots\" content=\"index, follow, max-snippet:-1, max-image-preview:large, max-video-preview:-1\" \/>\n<link rel=\"canonical\" href=\"https:\/\/business.roovi.com\/fr\/puzzle-adulte-1000-pieces-dante-gabriel-rossetti-proserpine\/p\/\" \/>\n<meta property=\"og:locale\" content=\"fr_FR\" \/>\n<meta property=\"og:type\" content=\"article\" \/>\n<meta property=\"og:title\" content=\"Puzzle adulte 1000 pi\u00e8ces Dante Gabriel Rossetti - Proserpine\" \/>\n<meta property=\"og:description\" content=\"Puzzle adulte 1000 pi\u00e8ces Dante Gabriel Rossetti - Proserpine\" \/>\n<meta property=\"og:url\" content=\"https:\/\/business.roovi.com\/fr\/puzzle-adulte-1000-pieces-dante-gabriel-rossetti-proserpine\/p\/\" \/>\n<meta property=\"og:site_name\" content=\"Roovi B2B\" \/>\n<meta property=\"article:publisher\" content=\"https:\/\/www.facebook.com\/wwwjucariero\" \/>\n<meta property=\"article:modified_time\" content=\"2022-07-13T10:14:36+00:00\" \/>\n<meta property=\"og:image\" content=\"https:\/\/business.roovi.com\/wp-content\/uploads\/2020\/04\/dante_gabriel_rossetti-proserpine_copy.jpg\" \/>\n\t<meta property=\"og:image:width\" content=\"1200\" \/>\n\t<meta property=\"og:image:height\" content=\"1200\" \/>\n\t<meta property=\"og:image:type\" content=\"image\/jpeg\" \/>\n<meta name=\"twitter:label1\" content=\"Dur\u00e9e de lecture estim\u00e9e\" \/>\n\t<meta name=\"twitter:data1\" content=\"3 minutes\" \/>\n<script type=\"application\/ld+json\" class=\"yoast-schema-graph\">{\"@context\":\"https:\/\/schema.org\",\"@graph\":[{\"@type\":\"WebPage\",\"@id\":\"https:\/\/business.roovi.com\/fr\/puzzle-adulte-1000-pieces-dante-gabriel-rossetti-proserpine\/p\/\",\"url\":\"https:\/\/business.roovi.com\/fr\/puzzle-adulte-1000-pieces-dante-gabriel-rossetti-proserpine\/p\/\",\"name\":\"Puzzle adulte 1000 pi\u00e8ces Dante Gabriel Rossetti - Proserpine\",\"isPartOf\":{\"@id\":\"https:\/\/business.roovi.com\/fr\/#website\"},\"datePublished\":\"2020-04-22T12:57:34+00:00\",\"dateModified\":\"2022-07-13T10:14:36+00:00\",\"description\":\"Puzzle adulte 1000 pi\u00e8ces Dante Gabriel Rossetti - Proserpine\",\"breadcrumb\":{\"@id\":\"https:\/\/business.roovi.com\/fr\/puzzle-adulte-1000-pieces-dante-gabriel-rossetti-proserpine\/p\/#breadcrumb\"},\"inLanguage\":\"fr-FR\",\"potentialAction\":[{\"@type\":\"ReadAction\",\"target\":[\"https:\/\/business.roovi.com\/fr\/puzzle-adulte-1000-pieces-dante-gabriel-rossetti-proserpine\/p\/\"]}]},{\"@type\":\"BreadcrumbList\",\"@id\":\"https:\/\/business.roovi.com\/fr\/puzzle-adulte-1000-pieces-dante-gabriel-rossetti-proserpine\/p\/#breadcrumb\",\"itemListElement\":[{\"@type\":\"ListItem\",\"position\":1,\"name\":\"Home\",\"item\":\"https:\/\/business.roovi.com\/fr\/\"},{\"@type\":\"ListItem\",\"position\":2,\"name\":\"Boutique\",\"item\":\"https:\/\/business.roovi.com\/fr\/boutique\/\"},{\"@type\":\"ListItem\",\"position\":3,\"name\":\"Puzzle adulte 1000 pi\u00e8ces Dante Gabriel Rossetti &#8211; Proserpine\"}]},{\"@type\":\"WebSite\",\"@id\":\"https:\/\/business.roovi.com\/fr\/#website\",\"url\":\"https:\/\/business.roovi.com\/fr\/\",\"name\":\"Roovi B2B\",\"description\":\"Roovi Business Website\",\"potentialAction\":[{\"@type\":\"SearchAction\",\"target\":{\"@type\":\"EntryPoint\",\"urlTemplate\":\"https:\/\/business.roovi.com\/fr\/?s={search_term_string}\"},\"query-input\":\"required name=search_term_string\"}],\"inLanguage\":\"fr-FR\"}]}<\/script>\n<!-- \/ Yoast SEO plugin. -->","yoast_head_json":{"title":"Puzzle adulte 1000 pi\u00e8ces Dante Gabriel Rossetti - Proserpine","description":"Puzzle adulte 1000 pi\u00e8ces Dante Gabriel Rossetti - Proserpine","robots":{"index":"index","follow":"follow","max-snippet":"max-snippet:-1","max-image-preview":"max-image-preview:large","max-video-preview":"max-video-preview:-1"},"canonical":"https:\/\/business.roovi.com\/fr\/puzzle-adulte-1000-pieces-dante-gabriel-rossetti-proserpine\/p\/","og_locale":"fr_FR","og_type":"article","og_title":"Puzzle adulte 1000 pi\u00e8ces Dante Gabriel Rossetti - Proserpine","og_description":"Puzzle adulte 1000 pi\u00e8ces Dante Gabriel Rossetti - Proserpine","og_url":"https:\/\/business.roovi.com\/fr\/puzzle-adulte-1000-pieces-dante-gabriel-rossetti-proserpine\/p\/","og_site_name":"Roovi B2B","article_publisher":"https:\/\/www.facebook.com\/wwwjucariero","article_modified_time":"2022-07-13T10:14:36+00:00","og_image":[{"width":1200,"height":1200,"url":"https:\/\/business.roovi.com\/wp-content\/uploads\/2020\/04\/dante_gabriel_rossetti-proserpine_copy.jpg","type":"image\/jpeg"}],"twitter_misc":{"Dur\u00e9e de lecture estim\u00e9e":"3 minutes"},"schema":{"@context":"https:\/\/schema.org","@graph":[{"@type":"WebPage","@id":"https:\/\/business.roovi.com\/fr\/puzzle-adulte-1000-pieces-dante-gabriel-rossetti-proserpine\/p\/","url":"https:\/\/business.roovi.com\/fr\/puzzle-adulte-1000-pieces-dante-gabriel-rossetti-proserpine\/p\/","name":"Puzzle adulte 1000 pi\u00e8ces Dante Gabriel Rossetti - Proserpine","isPartOf":{"@id":"https:\/\/business.roovi.com\/fr\/#website"},"datePublished":"2020-04-22T12:57:34+00:00","dateModified":"2022-07-13T10:14:36+00:00","description":"Puzzle adulte 1000 pi\u00e8ces Dante Gabriel Rossetti - Proserpine","breadcrumb":{"@id":"https:\/\/business.roovi.com\/fr\/puzzle-adulte-1000-pieces-dante-gabriel-rossetti-proserpine\/p\/#breadcrumb"},"inLanguage":"fr-FR","potentialAction":[{"@type":"ReadAction","target":["https:\/\/business.roovi.com\/fr\/puzzle-adulte-1000-pieces-dante-gabriel-rossetti-proserpine\/p\/"]}]},{"@type":"BreadcrumbList","@id":"https:\/\/business.roovi.com\/fr\/puzzle-adulte-1000-pieces-dante-gabriel-rossetti-proserpine\/p\/#breadcrumb","itemListElement":[{"@type":"ListItem","position":1,"name":"Home","item":"https:\/\/business.roovi.com\/fr\/"},{"@type":"ListItem","position":2,"name":"Boutique","item":"https:\/\/business.roovi.com\/fr\/boutique\/"},{"@type":"ListItem","position":3,"name":"Puzzle adulte 1000 pi\u00e8ces Dante Gabriel Rossetti &#8211; Proserpine"}]},{"@type":"WebSite","@id":"https:\/\/business.roovi.com\/fr\/#website","url":"https:\/\/business.roovi.com\/fr\/","name":"Roovi B2B","description":"Roovi Business Website","potentialAction":[{"@type":"SearchAction","target":{"@type":"EntryPoint","urlTemplate":"https:\/\/business.roovi.com\/fr\/?s={search_term_string}"},"query-input":"required name=search_term_string"}],"inLanguage":"fr-FR"}]}},"_links":{"self":[{"href":"https:\/\/business.roovi.com\/fr\/wp-json\/wp\/v2\/product\/51896","targetHints":{"allow":["GET"]}}],"collection":[{"href":"https:\/\/business.roovi.com\/fr\/wp-json\/wp\/v2\/product"}],"about":[{"href":"https:\/\/business.roovi.com\/fr\/wp-json\/wp\/v2\/types\/product"}],"version-history":[{"count":0,"href":"https:\/\/business.roovi.com\/fr\/wp-json\/wp\/v2\/product\/51896\/revisions"}],"wp:featuredmedia":[{"embeddable":true,"href":"https:\/\/business.roovi.com\/fr\/wp-json\/wp\/v2\/media\/51897"}],"wp:attachment":[{"href":"https:\/\/business.roovi.com\/fr\/wp-json\/wp\/v2\/media?parent=51896"}],"wp:term":[{"taxonomy":"product_brand","embeddable":true,"href":"https:\/\/business.roovi.com\/fr\/wp-json\/wp\/v2\/product_brand?post=51896"},{"taxonomy":"product_cat","embeddable":true,"href":"https:\/\/business.roovi.com\/fr\/wp-json\/wp\/v2\/product_cat?post=51896"},{"taxonomy":"product_tag","embeddable":true,"href":"https:\/\/business.roovi.com\/fr\/wp-json\/wp\/v2\/product_tag?post=51896"}],"curies":[{"name":"wp","href":"https:\/\/api.w.org\/{rel}","templated":true}]}}