{"id":51899,"date":"2020-04-22T12:54:08","date_gmt":"2020-04-22T12:54:08","guid":{"rendered":"https:\/\/business.roovi.com\/puzzle-adulti-1000-piese-jasper-francis-cropsey-starrucca-viaduct-pennsylvania\/p\/"},"modified":"2022-07-13T10:14:37","modified_gmt":"2022-07-13T10:14:37","slug":"jasper-francis-cropsey-puzzle-adulte-de-1000-pieces-viaduc-de-starrucca-pennsylvanie","status":"publish","type":"product","link":"https:\/\/business.roovi.com\/fr\/jasper-francis-cropsey-puzzle-adulte-de-1000-pieces-viaduc-de-starrucca-pennsylvanie\/p\/","title":{"rendered":"Jasper Francis Cropsey Puzzle adulte de 1000 pi\u00e8ces &#8211; Viaduc de Starrucca, Pennsylvanie"},"content":{"rendered":"<p><span style=\"font-weight: 400;\">Tu te sens inspir\u00e9 et pr\u00eat \u00e0 relever un nouveau d\u00e9fi ? Nous avons cr\u00e9\u00e9 la plus grande gamme de puzzles d&rsquo;art avec des images des tableaux les plus c\u00e9l\u00e8bres du monde. Assemble les images et c\u00e9l\u00e8bre ton dur labeur en encadrant chaque tableau recr\u00e9\u00e9.<\/span><\/p>\n<p><span style=\"font-weight: 400;\">Certains artistes ont captur\u00e9 dans leurs toiles des visions id\u00e9alistes de la relation de l&rsquo;homme avec la nature. Francis Cropsey est l&rsquo;un d&rsquo;entre eux. Le puzzle de 1000 pi\u00e8ces Starrucca Viaduct, Pennsylvanie rend l&rsquo;image du tableau \u00e9ponyme qui c\u00e9l\u00e8bre la beaut\u00e9 naturelle de l&rsquo;Am\u00e9rique <\/span><\/p>\n<p><span style=\"font-weight: 400;\">Dans le puzzle artistique de Jasper Francis Cropsey &#8211; Starrucca Viaduct, Pennsylvanie, un train et deux personnes se fondent parfaitement dans le paysage naturel. L&rsquo;artiste semble sugg\u00e9rer l&rsquo;id\u00e9e que le progr\u00e8s humain ne perturbe pas l&rsquo;harmonie de la nature <\/span><\/p>\n<p><span style=\"font-weight: 400;\">Si tu veux d\u00e9couvrir d&rsquo;autres symboles dans cette superbe \u0153uvre, choisis de passer ton temps \u00e0 assembler de mani\u00e8re constructive le puzzle de 1000 pi\u00e8ces de Jasper Francis Cropsey &#8211; Viaduc de Starrucca, Pennsylvanie. Tout ce dont tu as besoin est une table basse standard pour supporter les pi\u00e8ces et un peu de paix et de tranquillit\u00e9.<\/span><\/p>\n<p><span style=\"font-weight: 400;\">Lis plus d&rsquo;informations sur le puzzle artistique Jasper Francis Cropsey &#8211; Starrucca Viaduct, Pennsylvanie ci-dessous :<\/span><\/p>\n<p><strong>Puzzle mat\u00e9riel <\/strong><\/p>\n<p><strong>carton bleu de haute qualit\u00e9<\/strong><\/p>\n<p><strong>des mat\u00e9riaux durables et recyclables<\/strong><\/p>\n<p><strong>finition semi-brillante, couleurs vives<\/strong><\/p>\n<p><strong>Nombre de pi\u00e8ces de puzzle : 1000<\/strong><\/p>\n<p><strong>\u00c2ge recommand\u00e9 : 14+<\/strong><\/p>\n<p><span style=\"font-weight: 400;\">Les puzzles artistiques te procurent des avantages incroyables :<\/span><\/p>\n<p><span style=\"font-weight: 400;\">Aide \u00e0 te d\u00e9tendre.<\/span><\/p>\n<p><span style=\"font-weight: 400;\">Il entra\u00eene ta m\u00e9moire et ton attention aux d\u00e9tails.<\/span><\/p>\n<p><span style=\"font-weight: 400;\">D\u00e9veloppe ton sens de la couleur.<\/span><\/p>\n<p><span style=\"font-weight: 400;\">Ils te donnent l&rsquo;impression d&rsquo;\u00eatre un vrai d\u00e9tective qui trouve les bonnes pi\u00e8ces du puzzle et reconstruit l&rsquo;image de l&rsquo;art par ses propres moyens.<\/span><\/p>\n<p><span style=\"font-weight: 400;\">Ils te donnent la satisfaction de cr\u00e9er une \u0153uvre d&rsquo;art sp\u00e9ciale de tes propres mains.<\/span><\/p>\n<p><span style=\"font-weight: 400;\">Ils sont l&rsquo;occasion de passer du temps de qualit\u00e9 avec tes proches.<\/span><\/p>\n<p><strong>Sais-tu ce qu&rsquo;est Jasper Francis Cropsey ?&#8230;<\/strong><\/p>\n<p><span style=\"font-weight: 400;\">Il \u00e9tait un peintre paysagiste am\u00e9ricain qui a v\u00e9cu au 19\u00e8me si\u00e8cle.<\/span><\/p>\n<p><span style=\"font-weight: 400;\">Dans ses peintures, il a mis l&rsquo;accent sur le calme de la nature et les couleurs enchanteresses de l&rsquo;automne.<\/span><\/p>\n<p><span style=\"font-weight: 400;\">Il a \u00e9tudi\u00e9 l&rsquo;architecture, et sa passion pour ce domaine est \u00e9vidente dans ses peintures gr\u00e2ce \u00e0 l&rsquo;arrangement et au contour pr\u00e9cis des formes <\/span><\/p>\n<p><span style=\"font-weight: 400;\">La conviction de cet artiste \u00e9tait que les paysages sont la plus haute forme d&rsquo;art car ils repr\u00e9sentent la nature &#8211; la manifestation directe de la divinit\u00e9.<\/span><\/p>\n<p><span style=\"font-weight: 400;\">Il pensait que ses peintures d\u00e9peignaient \u00e9galement les qualit\u00e9s naturelles pures de l&rsquo;Am\u00e9rique.<\/span><\/p>\n<p><span style=\"font-weight: 400;\">Il est mort dans l&rsquo;anonymat, et ses peintures n&rsquo;ont \u00e9t\u00e9 red\u00e9couvertes par les amateurs d&rsquo;art qu&rsquo;apr\u00e8s 1960.<\/span><\/p>\n<p><span style=\"font-weight: 400;\">Plusieurs de ses \u0153uvres sont conserv\u00e9es \u00e0 la Maison Blanche <\/span><\/p>\n<p><strong>Un puzzle de 1000 pi\u00e8ces t&rsquo;aide \u00e0 te d\u00e9barrasser de l&rsquo;insomnie<\/strong><\/p>\n<p><span style=\"font-weight: 400;\">D\u00e9barrasse-toi du stress avant de te coucher en assemblant les images color\u00e9es et les ondes positives du puzzle de 1000 pi\u00e8ces. Une fois que tu entres dans l&rsquo;histoire de l&rsquo;image qui s&rsquo;ouvre devant toi, les soucis et les pens\u00e9es n\u00e9gatives disparaissent comme par magie <\/span><\/p>\n<p><span style=\"font-weight: 400;\">Ton esprit et ton corps se d\u00e9tendent et tu pourras t&rsquo;endormir facilement. Ton sommeil sera beaucoup plus profond et plus r\u00e9parateur si tu introduis dans ta routine quotidienne l&rsquo;activit\u00e9 consistant \u00e0 assembler des jeux de puzzle pendant au moins une demi-heure.<\/span><\/p>\n<p><span style=\"font-weight: 400;\">Ach\u00e8te maintenant le puzzle d&rsquo;art de Jasper Francis Cropsey &#8211; Viaduc de Starrucca, Pennsylvanie et recr\u00e9e l&rsquo;image dans de chaudes couleurs d&rsquo;automne avec ta famille ou tes amis. Passe des moments inoubliables avec tes proches en compagnie d&rsquo;un puzzle artistique exceptionnel.<\/span><\/p>\n<p><span style=\"font-weight: 400;\">Le puzzle de 1000 pi\u00e8ces de Jasper Francis Cropsey &#8211; Viaduc de Starrucca, Pennsylvanie de la collection de puzzles d&rsquo;art est le cadeau id\u00e9al pour les amateurs de jeux de puzzle ou de peintures c\u00e9l\u00e8bres.<\/span><\/p><\/p>\n","protected":false},"excerpt":{"rendered":"<p>Tu te sens inspir\u00e9 et pr\u00eat \u00e0 relever un nouveau d\u00e9fi ? Nous avons cr\u00e9\u00e9 la plus grande gamme de<\/p>\n","protected":false},"featured_media":64165,"template":"","meta":[],"product_brand":[],"product_cat":[2314,2316,2315],"product_tag":[],"class_list":{"0":"post-51899","1":"product","2":"type-product","3":"status-publish","4":"has-post-thumbnail","6":"product_cat-puzzles-fr","7":"product_cat-puzzles-de-1000-pieces","8":"product_cat-puzzles-pour-adultes","9":"pa_brand-deico-fr","10":"pa_country_of_manufacture-ro-fr","11":"pa_filter_age-14-fr","12":"pa_tip_ambalaj-boite","13":"pa_tip_puzzle-classique","15":"first","16":"instock","17":"taxable","18":"shipping-taxable","19":"product-type-simple"},"yoast_head":"<!-- This site is optimized with the Yoast SEO plugin v20.1 - https:\/\/yoast.com\/wordpress\/plugins\/seo\/ -->\n<title>Jasper Francis Cropsey Puzzle adulte de 1000 pi\u00e8ces - Viaduc de Starrucca, Pennsylvanie<\/title>\n<meta name=\"description\" content=\"Jasper Francis Cropsey Puzzle adulte de 1000 pi\u00e8ces - Viaduc de Starrucca, Pennsylvanie\" \/>\n<meta name=\"robots\" content=\"index, follow, max-snippet:-1, max-image-preview:large, max-video-preview:-1\" \/>\n<link rel=\"canonical\" href=\"https:\/\/business.roovi.com\/fr\/jasper-francis-cropsey-puzzle-adulte-de-1000-pieces-viaduc-de-starrucca-pennsylvanie\/p\/\" \/>\n<meta property=\"og:locale\" content=\"fr_FR\" \/>\n<meta property=\"og:type\" content=\"article\" \/>\n<meta property=\"og:title\" content=\"Jasper Francis Cropsey Puzzle adulte de 1000 pi\u00e8ces - Viaduc de Starrucca, Pennsylvanie\" \/>\n<meta property=\"og:description\" content=\"Jasper Francis Cropsey Puzzle adulte de 1000 pi\u00e8ces - Viaduc de Starrucca, Pennsylvanie\" \/>\n<meta property=\"og:url\" content=\"https:\/\/business.roovi.com\/fr\/jasper-francis-cropsey-puzzle-adulte-de-1000-pieces-viaduc-de-starrucca-pennsylvanie\/p\/\" \/>\n<meta property=\"og:site_name\" content=\"Roovi B2B\" \/>\n<meta property=\"article:publisher\" content=\"https:\/\/www.facebook.com\/wwwjucariero\" \/>\n<meta property=\"article:modified_time\" content=\"2022-07-13T10:14:37+00:00\" \/>\n<meta property=\"og:image\" content=\"https:\/\/business.roovi.com\/wp-content\/uploads\/2020\/04\/jasper_francis_cropsey-starrucca_viaduct_pennsylvania_copy.jpg\" \/>\n\t<meta property=\"og:image:width\" content=\"1200\" \/>\n\t<meta property=\"og:image:height\" content=\"1200\" \/>\n\t<meta property=\"og:image:type\" content=\"image\/jpeg\" \/>\n<meta name=\"twitter:label1\" content=\"Dur\u00e9e de lecture estim\u00e9e\" \/>\n\t<meta name=\"twitter:data1\" content=\"3 minutes\" \/>\n<script type=\"application\/ld+json\" class=\"yoast-schema-graph\">{\"@context\":\"https:\/\/schema.org\",\"@graph\":[{\"@type\":\"WebPage\",\"@id\":\"https:\/\/business.roovi.com\/fr\/jasper-francis-cropsey-puzzle-adulte-de-1000-pieces-viaduc-de-starrucca-pennsylvanie\/p\/\",\"url\":\"https:\/\/business.roovi.com\/fr\/jasper-francis-cropsey-puzzle-adulte-de-1000-pieces-viaduc-de-starrucca-pennsylvanie\/p\/\",\"name\":\"Jasper Francis Cropsey Puzzle adulte de 1000 pi\u00e8ces - Viaduc de Starrucca, Pennsylvanie\",\"isPartOf\":{\"@id\":\"https:\/\/business.roovi.com\/fr\/#website\"},\"datePublished\":\"2020-04-22T12:54:08+00:00\",\"dateModified\":\"2022-07-13T10:14:37+00:00\",\"description\":\"Jasper Francis Cropsey Puzzle adulte de 1000 pi\u00e8ces - Viaduc de Starrucca, Pennsylvanie\",\"breadcrumb\":{\"@id\":\"https:\/\/business.roovi.com\/fr\/jasper-francis-cropsey-puzzle-adulte-de-1000-pieces-viaduc-de-starrucca-pennsylvanie\/p\/#breadcrumb\"},\"inLanguage\":\"fr-FR\",\"potentialAction\":[{\"@type\":\"ReadAction\",\"target\":[\"https:\/\/business.roovi.com\/fr\/jasper-francis-cropsey-puzzle-adulte-de-1000-pieces-viaduc-de-starrucca-pennsylvanie\/p\/\"]}]},{\"@type\":\"BreadcrumbList\",\"@id\":\"https:\/\/business.roovi.com\/fr\/jasper-francis-cropsey-puzzle-adulte-de-1000-pieces-viaduc-de-starrucca-pennsylvanie\/p\/#breadcrumb\",\"itemListElement\":[{\"@type\":\"ListItem\",\"position\":1,\"name\":\"Home\",\"item\":\"https:\/\/business.roovi.com\/fr\/\"},{\"@type\":\"ListItem\",\"position\":2,\"name\":\"Boutique\",\"item\":\"https:\/\/business.roovi.com\/fr\/boutique\/\"},{\"@type\":\"ListItem\",\"position\":3,\"name\":\"Jasper Francis Cropsey Puzzle adulte de 1000 pi\u00e8ces &#8211; Viaduc de Starrucca, Pennsylvanie\"}]},{\"@type\":\"WebSite\",\"@id\":\"https:\/\/business.roovi.com\/fr\/#website\",\"url\":\"https:\/\/business.roovi.com\/fr\/\",\"name\":\"Roovi B2B\",\"description\":\"Roovi Business Website\",\"potentialAction\":[{\"@type\":\"SearchAction\",\"target\":{\"@type\":\"EntryPoint\",\"urlTemplate\":\"https:\/\/business.roovi.com\/fr\/?s={search_term_string}\"},\"query-input\":\"required name=search_term_string\"}],\"inLanguage\":\"fr-FR\"}]}<\/script>\n<!-- \/ Yoast SEO plugin. -->","yoast_head_json":{"title":"Jasper Francis Cropsey Puzzle adulte de 1000 pi\u00e8ces - Viaduc de Starrucca, Pennsylvanie","description":"Jasper Francis Cropsey Puzzle adulte de 1000 pi\u00e8ces - Viaduc de Starrucca, Pennsylvanie","robots":{"index":"index","follow":"follow","max-snippet":"max-snippet:-1","max-image-preview":"max-image-preview:large","max-video-preview":"max-video-preview:-1"},"canonical":"https:\/\/business.roovi.com\/fr\/jasper-francis-cropsey-puzzle-adulte-de-1000-pieces-viaduc-de-starrucca-pennsylvanie\/p\/","og_locale":"fr_FR","og_type":"article","og_title":"Jasper Francis Cropsey Puzzle adulte de 1000 pi\u00e8ces - Viaduc de Starrucca, Pennsylvanie","og_description":"Jasper Francis Cropsey Puzzle adulte de 1000 pi\u00e8ces - Viaduc de Starrucca, Pennsylvanie","og_url":"https:\/\/business.roovi.com\/fr\/jasper-francis-cropsey-puzzle-adulte-de-1000-pieces-viaduc-de-starrucca-pennsylvanie\/p\/","og_site_name":"Roovi B2B","article_publisher":"https:\/\/www.facebook.com\/wwwjucariero","article_modified_time":"2022-07-13T10:14:37+00:00","og_image":[{"width":1200,"height":1200,"url":"https:\/\/business.roovi.com\/wp-content\/uploads\/2020\/04\/jasper_francis_cropsey-starrucca_viaduct_pennsylvania_copy.jpg","type":"image\/jpeg"}],"twitter_misc":{"Dur\u00e9e de lecture estim\u00e9e":"3 minutes"},"schema":{"@context":"https:\/\/schema.org","@graph":[{"@type":"WebPage","@id":"https:\/\/business.roovi.com\/fr\/jasper-francis-cropsey-puzzle-adulte-de-1000-pieces-viaduc-de-starrucca-pennsylvanie\/p\/","url":"https:\/\/business.roovi.com\/fr\/jasper-francis-cropsey-puzzle-adulte-de-1000-pieces-viaduc-de-starrucca-pennsylvanie\/p\/","name":"Jasper Francis Cropsey Puzzle adulte de 1000 pi\u00e8ces - Viaduc de Starrucca, Pennsylvanie","isPartOf":{"@id":"https:\/\/business.roovi.com\/fr\/#website"},"datePublished":"2020-04-22T12:54:08+00:00","dateModified":"2022-07-13T10:14:37+00:00","description":"Jasper Francis Cropsey Puzzle adulte de 1000 pi\u00e8ces - Viaduc de Starrucca, Pennsylvanie","breadcrumb":{"@id":"https:\/\/business.roovi.com\/fr\/jasper-francis-cropsey-puzzle-adulte-de-1000-pieces-viaduc-de-starrucca-pennsylvanie\/p\/#breadcrumb"},"inLanguage":"fr-FR","potentialAction":[{"@type":"ReadAction","target":["https:\/\/business.roovi.com\/fr\/jasper-francis-cropsey-puzzle-adulte-de-1000-pieces-viaduc-de-starrucca-pennsylvanie\/p\/"]}]},{"@type":"BreadcrumbList","@id":"https:\/\/business.roovi.com\/fr\/jasper-francis-cropsey-puzzle-adulte-de-1000-pieces-viaduc-de-starrucca-pennsylvanie\/p\/#breadcrumb","itemListElement":[{"@type":"ListItem","position":1,"name":"Home","item":"https:\/\/business.roovi.com\/fr\/"},{"@type":"ListItem","position":2,"name":"Boutique","item":"https:\/\/business.roovi.com\/fr\/boutique\/"},{"@type":"ListItem","position":3,"name":"Jasper Francis Cropsey Puzzle adulte de 1000 pi\u00e8ces &#8211; Viaduc de Starrucca, Pennsylvanie"}]},{"@type":"WebSite","@id":"https:\/\/business.roovi.com\/fr\/#website","url":"https:\/\/business.roovi.com\/fr\/","name":"Roovi B2B","description":"Roovi Business Website","potentialAction":[{"@type":"SearchAction","target":{"@type":"EntryPoint","urlTemplate":"https:\/\/business.roovi.com\/fr\/?s={search_term_string}"},"query-input":"required name=search_term_string"}],"inLanguage":"fr-FR"}]}},"_links":{"self":[{"href":"https:\/\/business.roovi.com\/fr\/wp-json\/wp\/v2\/product\/51899","targetHints":{"allow":["GET"]}}],"collection":[{"href":"https:\/\/business.roovi.com\/fr\/wp-json\/wp\/v2\/product"}],"about":[{"href":"https:\/\/business.roovi.com\/fr\/wp-json\/wp\/v2\/types\/product"}],"version-history":[{"count":0,"href":"https:\/\/business.roovi.com\/fr\/wp-json\/wp\/v2\/product\/51899\/revisions"}],"wp:featuredmedia":[{"embeddable":true,"href":"https:\/\/business.roovi.com\/fr\/wp-json\/wp\/v2\/media\/64165"}],"wp:attachment":[{"href":"https:\/\/business.roovi.com\/fr\/wp-json\/wp\/v2\/media?parent=51899"}],"wp:term":[{"taxonomy":"product_brand","embeddable":true,"href":"https:\/\/business.roovi.com\/fr\/wp-json\/wp\/v2\/product_brand?post=51899"},{"taxonomy":"product_cat","embeddable":true,"href":"https:\/\/business.roovi.com\/fr\/wp-json\/wp\/v2\/product_cat?post=51899"},{"taxonomy":"product_tag","embeddable":true,"href":"https:\/\/business.roovi.com\/fr\/wp-json\/wp\/v2\/product_tag?post=51899"}],"curies":[{"name":"wp","href":"https:\/\/api.w.org\/{rel}","templated":true}]}}