{"id":51921,"date":"2020-04-22T11:44:28","date_gmt":"2020-04-22T11:44:28","guid":{"rendered":"https:\/\/business.roovi.com\/puzzle-adulti-1000-piese-pieter-bruegel-cel-batran-the-numbering-at-bethlehem\/p\/"},"modified":"2022-07-13T10:14:43","modified_gmt":"2022-07-13T10:14:43","slug":"pieter-bruegel-lancien-la-numerotation-a-bethleem-puzzle-adulte-de-1000-pieces","status":"publish","type":"product","link":"https:\/\/business.roovi.com\/fr\/pieter-bruegel-lancien-la-numerotation-a-bethleem-puzzle-adulte-de-1000-pieces\/p\/","title":{"rendered":"Pieter Bruegel l&rsquo;Ancien &#8211; La num\u00e9rotation \u00e0 Bethl\u00e9em Puzzle adulte de 1000 pi\u00e8ces"},"content":{"rendered":"<p><span style=\"font-weight: 400; font-size: 14px;\">Es-tu pr\u00eate pour le grand rassemblement ? Ach\u00e8te des puzzles de 1000 pi\u00e8ces de notre gamme de puzzles d&rsquo;art et cr\u00e9e ta propre collection d&rsquo;art !<\/span><\/p>\n<p><span style=\"font-weight: 400; font-size: 14px;\">Qu&rsquo;est-ce que cela ferait de recr\u00e9er une image de l&rsquo;hiver le plus rude qu&rsquo;ait connu l&rsquo;Europe depuis 1565 dans un puzzle de 1000 pi\u00e8ces ? Avec le puzzle Pieter Bruegel l&rsquo;Ancien &#8211; La num\u00e9rotation \u00e0 Bethl\u00e9em de 1000 pi\u00e8ces, tu as cette possibilit\u00e9 <\/span><\/p>\n<p><span style=\"font-weight: 400; font-size: 14px;\">Le peintre flamand a \u00e9t\u00e9 le premier \u00e0 penser \u00e0 immortaliser un paysage d&rsquo;hiver sur une toile. Nous avons pens\u00e9 qu&rsquo;un puzzle avec cette image ravirait les amateurs de jeux de r\u00e9flexion et de peintures d&rsquo;art. Nous te mettons au d\u00e9fi d&rsquo;obtenir ton premier tableau d&rsquo;art avec cette magnifique peinture du 16e si\u00e8cle. Tu peux utiliser une table basse standard pour soutenir les pi\u00e8ces. L&rsquo;image reconstitu\u00e9e mesure 50 x 70 cm.<\/span><\/p>\n<p><span style=\"font-weight: 400; font-size: 14px;\">Autres caract\u00e9ristiques du puzzle artistique Pieter Bruegel l&rsquo;Ancien &#8211; La num\u00e9rotation \u00e0 Bethl\u00e9em :<\/span><\/p>\n<p><span style=\"font-size: 14px;\"><strong>Mat\u00e9riau du puzzle <\/strong><\/span><\/p>\n<p><span style=\"font-size: 14px;\"><strong>carton bleu de haute qualit\u00e9<\/strong><\/span><\/p>\n<p><span style=\"font-size: 14px;\"><strong>des mat\u00e9riaux durables et recyclables<\/strong><\/span><\/p>\n<p><span style=\"font-size: 14px;\"><strong>finition semi-brillante, couleurs vives<\/strong><\/span><\/p>\n<p><span style=\"font-size: 14px;\"><strong>Nombre de pi\u00e8ces de puzzle : 1000<\/strong><\/span><\/p>\n<p><span style=\"font-size: 14px;\"><strong>\u00c2ge recommand\u00e9 : 14+<\/strong><\/span><\/p>\n<p><span style=\"font-size: 14px;\"><strong>Tu trouves qu&rsquo;il est impossible de rester loin des \u00e9crans ? Avec le puzzle de 1000 pi\u00e8ces, l&rsquo;impossible devient possible !<\/strong><\/span><\/p>\n<p><span style=\"font-weight: 400; font-size: 14px;\">Se d\u00e9connecter des \u00e9crans des appareils intelligents est une t\u00e2che n\u00e9cessaire pour ta sant\u00e9 physique et mentale. Les jeux de r\u00e9flexion t&rsquo;attrapent dans leurs griffes et une fois que tu les as d\u00e9couverts, tu ne pourras plus t&rsquo;en d\u00e9tacher. Pour les moments ennuyeux ou les jours de week-end o\u00f9 le mauvais temps te retient \u00e0 l&rsquo;int\u00e9rieur, les jeux de r\u00e9flexion sont ton meilleur alli\u00e9 pour passer le temps de mani\u00e8re constructive.<\/span><\/p>\n<p><span style=\"font-weight: 400; font-size: 14px;\">Les puzzles de 1000 pi\u00e8ces ont de nombreux avantages surprenants. En voici quelques-unes :<\/span><\/p>\n<ul>\n<li><span style=\"font-weight: 400; font-size: 14px;\">Am\u00e9lioration de la m\u00e9moire \u00e0 court terme.<\/span><\/li>\n<li><span style=\"font-weight: 400; font-size: 14px;\">Capacit\u00e9 accrue \u00e0 se concentrer <\/span><\/li>\n<li><span style=\"font-weight: 400; font-size: 14px;\">Am\u00e9liore l&rsquo;attention port\u00e9e aux d\u00e9tails.<\/span><\/li>\n<li><span style=\"font-weight: 400; font-size: 14px;\">Stimule l&rsquo;imagination.<\/span><\/li>\n<li><span style=\"font-weight: 400; font-size: 14px;\">G\u00e9rer efficacement les situations stressantes et l&rsquo;anxi\u00e9t\u00e9.<\/span><\/li>\n<\/ul>\n<p><span style=\"font-size: 14px;\"><strong>\u00c0 propos de la peinture <\/strong><strong><em>La num\u00e9rotation \u00e0 Bethl\u00e9em <\/em><\/strong><strong>le savais-tu ?<\/strong><\/span><\/p>\n<p><span style=\"font-weight: 400; font-size: 14px;\">Elle est consid\u00e9r\u00e9e comme la premi\u00e8re peinture au monde d&rsquo;un paysage enneig\u00e9.<\/span><\/p>\n<p><span style=\"font-weight: 400; font-size: 14px;\">Le peintre traite un sujet biblique comme un \u00e9v\u00e9nement contemporain. L&rsquo;image montre la Vierge Marie enceinte mont\u00e9e sur un \u00e2ne, accompagn\u00e9e de Joseph.<\/span><\/p>\n<p><span style=\"font-weight: 400; font-size: 14px;\">Chaque d\u00e9tail et groupe repr\u00e9sent\u00e9 dans le tableau pourrait \u00eatre une \u0153uvre d&rsquo;art distincte. Les mouvements des personnages du tableau sont ex\u00e9cut\u00e9s avec une pr\u00e9cision fantastique.<\/span><\/p>\n<p><span style=\"font-weight: 400; font-size: 14px;\">Pieter Brueghel le Jeune a fait de nombreuses copies de cette peinture. L&rsquo;un d&rsquo;entre eux a \u00e9t\u00e9 vendu en 2013 pour 10 millions de dollars.<\/span><\/p>\n<p><span style=\"font-weight: 400; font-size: 14px;\">Assemble des puzzles artistiques jour apr\u00e8s jour et tu te sentiras :<\/span><\/p>\n<ul>\n<li><span style=\"font-size: 14px;\"><strong>Plus d\u00e9tendu<\/strong><\/span><\/li>\n<li><span style=\"font-size: 14px;\"><strong>Moins stress\u00e9e<\/strong><\/span><\/li>\n<li><span style=\"font-size: 14px;\"><strong>Plus connect\u00e9e \u00e0 toi-m\u00eame.<\/strong><\/span><\/li>\n<\/ul>\n<p><span style=\"font-size: 14px;\"><span style=\"font-weight: 400;\">Tu veux admirer une peinture pleine d&rsquo;harmonie et d&rsquo;\u00e9quilibre des couleurs ?<\/span> <span style=\"font-weight: 400;\">Acheter maintenant Puzzle 1000 pi\u00e8ces<\/span><span style=\"font-weight: 400;\"> Pieter Bruegel l&rsquo;Ancien &#8211; La num\u00e9rotation \u00e0 Bethl\u00e9em<\/span><span style=\"font-weight: 400;\">reconstruis l&rsquo;image et profite de la merveilleuse photo dans ce jeu de puzzle <\/span><\/span><\/p>\n<p><span style=\"font-size: 14px;\"><span style=\"font-weight: 400;\">Casse-t\u00eate d&rsquo;art <\/span><span style=\"font-weight: 400;\">Pieter Bruegel l&rsquo;Ancien &#8211; La num\u00e9rotation \u00e0 Bethl\u00e9em<\/span><span style=\"font-weight: 400;\">  peut \u00eatre un excellent cadeau si tu penses surprendre agr\u00e9ablement un \u00eatre cher lors d&rsquo;un anniversaire.<\/span><\/span><\/p><\/p>\n","protected":false},"excerpt":{"rendered":"<p>Es-tu pr\u00eate pour le grand rassemblement ? Ach\u00e8te des puzzles de 1000 pi\u00e8ces de notre gamme de puzzles d&rsquo;art et<\/p>\n","protected":false},"featured_media":63683,"template":"","meta":[],"product_brand":[],"product_cat":[2314,2315,2316],"product_tag":[],"class_list":{"0":"post-51921","1":"product","2":"type-product","3":"status-publish","4":"has-post-thumbnail","6":"product_cat-puzzles-fr","7":"product_cat-puzzles-pour-adultes","8":"product_cat-puzzles-de-1000-pieces","9":"pa_brand-deico-fr","10":"pa_country_of_manufacture-ro-fr","11":"pa_filter_age-14-fr","12":"pa_painter-pieterbreugeltheelder-fr","13":"pa_tip_ambalaj-boite","14":"pa_tip_puzzle-classique","16":"first","17":"instock","18":"taxable","19":"shipping-taxable","20":"product-type-simple"},"yoast_head":"<!-- This site is optimized with the Yoast SEO plugin v20.1 - https:\/\/yoast.com\/wordpress\/plugins\/seo\/ -->\n<title>Pieter Bruegel l&#039;Ancien - La num\u00e9rotation \u00e0 Bethl\u00e9em Puzzle adulte de 1000 pi\u00e8ces<\/title>\n<meta name=\"description\" content=\"Pieter Bruegel l&#039;Ancien - La num\u00e9rotation \u00e0 Bethl\u00e9em Puzzle adulte de 1000 pi\u00e8ces\" \/>\n<meta name=\"robots\" content=\"index, follow, max-snippet:-1, max-image-preview:large, max-video-preview:-1\" \/>\n<link rel=\"canonical\" href=\"https:\/\/business.roovi.com\/fr\/pieter-bruegel-lancien-la-numerotation-a-bethleem-puzzle-adulte-de-1000-pieces\/p\/\" \/>\n<meta property=\"og:locale\" content=\"fr_FR\" \/>\n<meta property=\"og:type\" content=\"article\" \/>\n<meta property=\"og:title\" content=\"Pieter Bruegel l&#039;Ancien - La num\u00e9rotation \u00e0 Bethl\u00e9em Puzzle adulte de 1000 pi\u00e8ces\" \/>\n<meta property=\"og:description\" content=\"Pieter Bruegel l&#039;Ancien - La num\u00e9rotation \u00e0 Bethl\u00e9em Puzzle adulte de 1000 pi\u00e8ces\" \/>\n<meta property=\"og:url\" content=\"https:\/\/business.roovi.com\/fr\/pieter-bruegel-lancien-la-numerotation-a-bethleem-puzzle-adulte-de-1000-pieces\/p\/\" \/>\n<meta property=\"og:site_name\" content=\"Roovi B2B\" \/>\n<meta property=\"article:publisher\" content=\"https:\/\/www.facebook.com\/wwwjucariero\" \/>\n<meta property=\"article:modified_time\" content=\"2022-07-13T10:14:43+00:00\" \/>\n<meta property=\"og:image\" content=\"https:\/\/business.roovi.com\/wp-content\/uploads\/2020\/04\/breughel_the_elder-the_numbering_at_bethlehem_copy.jpg\" \/>\n\t<meta property=\"og:image:width\" content=\"1200\" \/>\n\t<meta property=\"og:image:height\" content=\"1200\" \/>\n\t<meta property=\"og:image:type\" content=\"image\/jpeg\" \/>\n<meta name=\"twitter:label1\" content=\"Dur\u00e9e de lecture estim\u00e9e\" \/>\n\t<meta name=\"twitter:data1\" content=\"3 minutes\" \/>\n<script type=\"application\/ld+json\" class=\"yoast-schema-graph\">{\"@context\":\"https:\/\/schema.org\",\"@graph\":[{\"@type\":\"WebPage\",\"@id\":\"https:\/\/business.roovi.com\/fr\/pieter-bruegel-lancien-la-numerotation-a-bethleem-puzzle-adulte-de-1000-pieces\/p\/\",\"url\":\"https:\/\/business.roovi.com\/fr\/pieter-bruegel-lancien-la-numerotation-a-bethleem-puzzle-adulte-de-1000-pieces\/p\/\",\"name\":\"Pieter Bruegel l'Ancien - La num\u00e9rotation \u00e0 Bethl\u00e9em Puzzle adulte de 1000 pi\u00e8ces\",\"isPartOf\":{\"@id\":\"https:\/\/business.roovi.com\/fr\/#website\"},\"datePublished\":\"2020-04-22T11:44:28+00:00\",\"dateModified\":\"2022-07-13T10:14:43+00:00\",\"description\":\"Pieter Bruegel l'Ancien - La num\u00e9rotation \u00e0 Bethl\u00e9em Puzzle adulte de 1000 pi\u00e8ces\",\"breadcrumb\":{\"@id\":\"https:\/\/business.roovi.com\/fr\/pieter-bruegel-lancien-la-numerotation-a-bethleem-puzzle-adulte-de-1000-pieces\/p\/#breadcrumb\"},\"inLanguage\":\"fr-FR\",\"potentialAction\":[{\"@type\":\"ReadAction\",\"target\":[\"https:\/\/business.roovi.com\/fr\/pieter-bruegel-lancien-la-numerotation-a-bethleem-puzzle-adulte-de-1000-pieces\/p\/\"]}]},{\"@type\":\"BreadcrumbList\",\"@id\":\"https:\/\/business.roovi.com\/fr\/pieter-bruegel-lancien-la-numerotation-a-bethleem-puzzle-adulte-de-1000-pieces\/p\/#breadcrumb\",\"itemListElement\":[{\"@type\":\"ListItem\",\"position\":1,\"name\":\"Home\",\"item\":\"https:\/\/business.roovi.com\/fr\/\"},{\"@type\":\"ListItem\",\"position\":2,\"name\":\"Boutique\",\"item\":\"https:\/\/business.roovi.com\/fr\/boutique\/\"},{\"@type\":\"ListItem\",\"position\":3,\"name\":\"Pieter Bruegel l&#8217;Ancien &#8211; La num\u00e9rotation \u00e0 Bethl\u00e9em Puzzle adulte de 1000 pi\u00e8ces\"}]},{\"@type\":\"WebSite\",\"@id\":\"https:\/\/business.roovi.com\/fr\/#website\",\"url\":\"https:\/\/business.roovi.com\/fr\/\",\"name\":\"Roovi B2B\",\"description\":\"Roovi Business Website\",\"potentialAction\":[{\"@type\":\"SearchAction\",\"target\":{\"@type\":\"EntryPoint\",\"urlTemplate\":\"https:\/\/business.roovi.com\/fr\/?s={search_term_string}\"},\"query-input\":\"required name=search_term_string\"}],\"inLanguage\":\"fr-FR\"}]}<\/script>\n<!-- \/ Yoast SEO plugin. -->","yoast_head_json":{"title":"Pieter Bruegel l'Ancien - La num\u00e9rotation \u00e0 Bethl\u00e9em Puzzle adulte de 1000 pi\u00e8ces","description":"Pieter Bruegel l'Ancien - La num\u00e9rotation \u00e0 Bethl\u00e9em Puzzle adulte de 1000 pi\u00e8ces","robots":{"index":"index","follow":"follow","max-snippet":"max-snippet:-1","max-image-preview":"max-image-preview:large","max-video-preview":"max-video-preview:-1"},"canonical":"https:\/\/business.roovi.com\/fr\/pieter-bruegel-lancien-la-numerotation-a-bethleem-puzzle-adulte-de-1000-pieces\/p\/","og_locale":"fr_FR","og_type":"article","og_title":"Pieter Bruegel l'Ancien - La num\u00e9rotation \u00e0 Bethl\u00e9em Puzzle adulte de 1000 pi\u00e8ces","og_description":"Pieter Bruegel l'Ancien - La num\u00e9rotation \u00e0 Bethl\u00e9em Puzzle adulte de 1000 pi\u00e8ces","og_url":"https:\/\/business.roovi.com\/fr\/pieter-bruegel-lancien-la-numerotation-a-bethleem-puzzle-adulte-de-1000-pieces\/p\/","og_site_name":"Roovi B2B","article_publisher":"https:\/\/www.facebook.com\/wwwjucariero","article_modified_time":"2022-07-13T10:14:43+00:00","og_image":[{"width":1200,"height":1200,"url":"https:\/\/business.roovi.com\/wp-content\/uploads\/2020\/04\/breughel_the_elder-the_numbering_at_bethlehem_copy.jpg","type":"image\/jpeg"}],"twitter_misc":{"Dur\u00e9e de lecture estim\u00e9e":"3 minutes"},"schema":{"@context":"https:\/\/schema.org","@graph":[{"@type":"WebPage","@id":"https:\/\/business.roovi.com\/fr\/pieter-bruegel-lancien-la-numerotation-a-bethleem-puzzle-adulte-de-1000-pieces\/p\/","url":"https:\/\/business.roovi.com\/fr\/pieter-bruegel-lancien-la-numerotation-a-bethleem-puzzle-adulte-de-1000-pieces\/p\/","name":"Pieter Bruegel l'Ancien - La num\u00e9rotation \u00e0 Bethl\u00e9em Puzzle adulte de 1000 pi\u00e8ces","isPartOf":{"@id":"https:\/\/business.roovi.com\/fr\/#website"},"datePublished":"2020-04-22T11:44:28+00:00","dateModified":"2022-07-13T10:14:43+00:00","description":"Pieter Bruegel l'Ancien - La num\u00e9rotation \u00e0 Bethl\u00e9em Puzzle adulte de 1000 pi\u00e8ces","breadcrumb":{"@id":"https:\/\/business.roovi.com\/fr\/pieter-bruegel-lancien-la-numerotation-a-bethleem-puzzle-adulte-de-1000-pieces\/p\/#breadcrumb"},"inLanguage":"fr-FR","potentialAction":[{"@type":"ReadAction","target":["https:\/\/business.roovi.com\/fr\/pieter-bruegel-lancien-la-numerotation-a-bethleem-puzzle-adulte-de-1000-pieces\/p\/"]}]},{"@type":"BreadcrumbList","@id":"https:\/\/business.roovi.com\/fr\/pieter-bruegel-lancien-la-numerotation-a-bethleem-puzzle-adulte-de-1000-pieces\/p\/#breadcrumb","itemListElement":[{"@type":"ListItem","position":1,"name":"Home","item":"https:\/\/business.roovi.com\/fr\/"},{"@type":"ListItem","position":2,"name":"Boutique","item":"https:\/\/business.roovi.com\/fr\/boutique\/"},{"@type":"ListItem","position":3,"name":"Pieter Bruegel l&#8217;Ancien &#8211; La num\u00e9rotation \u00e0 Bethl\u00e9em Puzzle adulte de 1000 pi\u00e8ces"}]},{"@type":"WebSite","@id":"https:\/\/business.roovi.com\/fr\/#website","url":"https:\/\/business.roovi.com\/fr\/","name":"Roovi B2B","description":"Roovi Business Website","potentialAction":[{"@type":"SearchAction","target":{"@type":"EntryPoint","urlTemplate":"https:\/\/business.roovi.com\/fr\/?s={search_term_string}"},"query-input":"required name=search_term_string"}],"inLanguage":"fr-FR"}]}},"_links":{"self":[{"href":"https:\/\/business.roovi.com\/fr\/wp-json\/wp\/v2\/product\/51921","targetHints":{"allow":["GET"]}}],"collection":[{"href":"https:\/\/business.roovi.com\/fr\/wp-json\/wp\/v2\/product"}],"about":[{"href":"https:\/\/business.roovi.com\/fr\/wp-json\/wp\/v2\/types\/product"}],"version-history":[{"count":0,"href":"https:\/\/business.roovi.com\/fr\/wp-json\/wp\/v2\/product\/51921\/revisions"}],"wp:featuredmedia":[{"embeddable":true,"href":"https:\/\/business.roovi.com\/fr\/wp-json\/wp\/v2\/media\/63683"}],"wp:attachment":[{"href":"https:\/\/business.roovi.com\/fr\/wp-json\/wp\/v2\/media?parent=51921"}],"wp:term":[{"taxonomy":"product_brand","embeddable":true,"href":"https:\/\/business.roovi.com\/fr\/wp-json\/wp\/v2\/product_brand?post=51921"},{"taxonomy":"product_cat","embeddable":true,"href":"https:\/\/business.roovi.com\/fr\/wp-json\/wp\/v2\/product_cat?post=51921"},{"taxonomy":"product_tag","embeddable":true,"href":"https:\/\/business.roovi.com\/fr\/wp-json\/wp\/v2\/product_tag?post=51921"}],"curies":[{"name":"wp","href":"https:\/\/api.w.org\/{rel}","templated":true}]}}