{"id":51998,"date":"2019-10-31T09:40:00","date_gmt":"2019-10-31T09:40:00","guid":{"rendered":"https:\/\/business.roovi.com\/puzzle-adulti-1000-piese-david-katai-eszter-nature-tropical\/p\/"},"modified":"2022-07-13T10:15:02","modified_gmt":"2022-07-13T10:15:02","slug":"puzzle-adulte-1000-pieces-david-katai-eszter-nature-tropical","status":"publish","type":"product","link":"https:\/\/business.roovi.com\/fr\/puzzle-adulte-1000-pieces-david-katai-eszter-nature-tropical\/p\/","title":{"rendered":"Puzzle adulte 1000 pi\u00e8ces D\u00e1vid-K\u00e1tai Eszter &#8211; Nature Tropical"},"content":{"rendered":"<p><span style=\"font-weight: 400;\">Tu aimes les jeux de r\u00e9flexion et tu penses \u00eatre dou\u00e9e pour \u00e7a ? Nous te mettons au d\u00e9fi de r\u00e9soudre le puzzle de 1000 pi\u00e8ces avec une image anim\u00e9e de la nature tropicale, imagin\u00e9e par l&rsquo;artiste <\/span><span style=\"font-weight: 400;\">D\u00e1vid-K\u00e1tai Eszter. Ce jeu de puzzle activera toutes les comp\u00e9tences que tu as aiguis\u00e9es au fil des ans en assemblant diff\u00e9rents mod\u00e8les de puzzle.<\/span><\/p>\n<p><span style=\"font-weight: 400;\">Le puzzle Nature Tropical de 1000 pi\u00e8ces est une image avec beaucoup de d\u00e9tails color\u00e9s : des p\u00e9tales, des feuilles, des fleurs et de minuscules oiseaux aux couleurs vives. La pl\u00e9thore d&rsquo;\u00e9l\u00e9ments de ce puzzle pour adultes pourrait te tenir en haleine pendant des heures, m\u00eame si tu es un aficionado des jeux de r\u00e9flexion.<\/span><\/p>\n<p><span style=\"font-weight: 400;\">Mais tu peux appeler tes enfants \u00e0 l&rsquo;aide ou d\u00e9fier tes meilleurs amis pour une soir\u00e9e de plaisir cr\u00e9atif. Avec un peu d&rsquo;aide, le temps qu&rsquo;il faut pour le reconstituer sera moins long.<\/span><\/p>\n<p><span style=\"font-weight: 400;\">Une table basse ordinaire est id\u00e9ale pour soutenir les pi\u00e8ces. La peinture finale mesure 50 x 70 cm. Les autres caract\u00e9ristiques du puzzle Nature Tropical de 1000 pi\u00e8ces sont indiqu\u00e9es ci-dessous :<\/span><\/p>\n<p><strong>Mat\u00e9riau du puzzle <\/strong><\/p>\n<p><strong>carton bleu de haute qualit\u00e9<\/strong><\/p>\n<p><strong>des mat\u00e9riaux durables et recyclables<\/strong><\/p>\n<p><strong>finition semi-brillante, couleurs vives<\/strong><\/p>\n<p><strong>Nombre de pi\u00e8ces de puzzle : 1000<\/strong><\/p>\n<p><strong>\u00c2ge recommand\u00e9 : 14+<\/strong><\/p>\n<p><strong>Les jeux de puzzle offrent des avantages qui se refl\u00e8tent \u00e0 plusieurs niveaux dans ta vie :<\/strong><\/p>\n<p><span style=\"font-weight: 400;\">Ils t&rsquo;aident \u00e0 te d\u00e9tendre et \u00e0 t&rsquo;\u00e9loigner des pens\u00e9es et des soucis.<\/span><\/p>\n<p><span style=\"font-weight: 400;\">Am\u00e9liore l&rsquo;attention port\u00e9e aux d\u00e9tails.<\/span><\/p>\n<p><span style=\"font-weight: 400;\">Stimule la pens\u00e9e critique.<\/span><\/p>\n<p><span style=\"font-weight: 400;\">Entra\u00eene tes comp\u00e9tences.<\/span><\/p>\n<p><span style=\"font-weight: 400;\">Cela peut \u00eatre l&rsquo;occasion de passer du temps avec la famille.<\/span><\/p>\n<p><strong>Tu savais que&#8230; ?<\/strong><\/p>\n<p><span style=\"font-weight: 400;\">Les jeux de puzzle stimulent la s\u00e9cr\u00e9tion de dopamine, la substance responsable du bonheur et du bien-\u00eatre.<\/span><\/p>\n<p><span style=\"font-weight: 400;\">Les puzzles pour adultes sont un excellent stimulant pour la m\u00e9moire et la concentration.<\/span><\/p>\n<p><span style=\"font-weight: 400;\">L&rsquo;effet que les puzzles pour adultes ont sur l&rsquo;esprit humain est similaire \u00e0 celui de la m\u00e9ditation.<\/span><\/p>\n<p><span style=\"font-weight: 400;\">L&rsquo;activit\u00e9 d&rsquo;assemblage est \u00e9galement b\u00e9n\u00e9fique pour les personnes \u00e2g\u00e9es, car elle aide \u00e0 maintenir la sant\u00e9 du cerveau.<\/span><\/p>\n<p><span style=\"font-weight: 400;\">On a d\u00e9couvert que les personnes qui passent au moins 30 minutes \u00e0 jouer \u00e0 des jeux de r\u00e9flexion ont un risque plus faible de d\u00e9velopper la maladie d&rsquo;Alzheimer ou une d\u00e9mence.<\/span><\/p>\n<p><strong>Pourquoi choisir le puzzle 1000 pi\u00e8ces D\u00e1vid-K\u00e1tai Eszter ? <\/strong><strong>&#8211; Nature tropicale ?<\/strong><\/p>\n<p><span style=\"font-weight: 400;\">Tu as la possibilit\u00e9 de cr\u00e9er de tes propres mains une v\u00e9ritable peinture artistique \u00e0 partir d&rsquo;un puzzle de 1000 pi\u00e8ces.<\/span><\/p>\n<p><span style=\"font-weight: 400;\">Tu entra\u00eenes ton imagination et ton sens esth\u00e9tique.<\/span><\/p>\n<p><span style=\"font-weight: 400;\">C&rsquo;est l&rsquo;occasion parfaite de s&rsquo;amuser de mani\u00e8re cr\u00e9ative avec tes proches.<\/span><\/p>\n<p><span style=\"font-weight: 400;\">Tu entra\u00eenes ta pers\u00e9v\u00e9rance et apprends \u00e0 ne pas abandonner, m\u00eame si une t\u00e2che semble difficile.<\/span><\/p>\n<p><span style=\"font-weight: 400;\">Tu vis dans le pr\u00e9sent et tu savoures chaque moment de r\u00e9ussite lorsque tu as coll\u00e9 les bonnes pi\u00e8ces ensemble.<\/span><\/p>\n<p><span style=\"font-weight: 400;\">Ach\u00e8te le puzzle Nature Tropical de 1000 pi\u00e8ces et fais l&rsquo;exp\u00e9rience d&rsquo;un niveau sup\u00e9rieur de l&rsquo;activit\u00e9 consistant \u00e0 reconstituer un jeu de puzzle. D\u00e9couvre d&rsquo;autres mod\u00e8les de la s\u00e9rie de puzzles Tropical et cr\u00e9e ta propre collection d&rsquo;images \u00e9tonnantes.<\/span><\/p>\n<p><span style=\"font-weight: 400;\">Le puzzle Nature Tropical 1000 pi\u00e8ces peut \u00eatre gard\u00e9 \u00e0 la maison et recr\u00e9\u00e9 chaque fois que tu ressens le besoin d&rsquo;un d\u00e9fi intense, ou peut \u00eatre offert \u00e0 des amis qui aiment les jeux de puzzle ou qui veulent essayer une nouvelle activit\u00e9.<\/span><\/p><\/p>\n","protected":false},"excerpt":{"rendered":"<p>Tu aimes les jeux de r\u00e9flexion et tu penses \u00eatre dou\u00e9e pour \u00e7a ? Nous te mettons au d\u00e9fi de<\/p>\n","protected":false},"featured_media":51999,"template":"","meta":[],"product_brand":[],"product_cat":[2314,2316,2315],"product_tag":[],"class_list":{"0":"post-51998","1":"product","2":"type-product","3":"status-publish","4":"has-post-thumbnail","6":"product_cat-puzzles-fr","7":"product_cat-puzzles-de-1000-pieces","8":"product_cat-puzzles-pour-adultes","9":"pa_brand-deico-fr","10":"pa_country_of_manufacture-ro-fr","11":"pa_filter_age-14-fr","12":"pa_tip_ambalaj-boite","13":"pa_tip_puzzle-classique","15":"first","16":"instock","17":"taxable","18":"shipping-taxable","19":"product-type-simple"},"yoast_head":"<!-- This site is optimized with the Yoast SEO plugin v20.1 - https:\/\/yoast.com\/wordpress\/plugins\/seo\/ -->\n<title>Puzzle adulte 1000 pi\u00e8ces D\u00e1vid-K\u00e1tai Eszter - Nature Tropical<\/title>\n<meta name=\"description\" content=\"Puzzle adulte 1000 pi\u00e8ces D\u00e1vid-K\u00e1tai Eszter - Nature Tropical\" \/>\n<meta name=\"robots\" content=\"index, follow, max-snippet:-1, max-image-preview:large, max-video-preview:-1\" \/>\n<link rel=\"canonical\" href=\"https:\/\/business.roovi.com\/fr\/puzzle-adulte-1000-pieces-david-katai-eszter-nature-tropical\/p\/\" \/>\n<meta property=\"og:locale\" content=\"fr_FR\" \/>\n<meta property=\"og:type\" content=\"article\" \/>\n<meta property=\"og:title\" content=\"Puzzle adulte 1000 pi\u00e8ces D\u00e1vid-K\u00e1tai Eszter - Nature Tropical\" \/>\n<meta property=\"og:description\" content=\"Puzzle adulte 1000 pi\u00e8ces D\u00e1vid-K\u00e1tai Eszter - Nature Tropical\" \/>\n<meta property=\"og:url\" content=\"https:\/\/business.roovi.com\/fr\/puzzle-adulte-1000-pieces-david-katai-eszter-nature-tropical\/p\/\" \/>\n<meta property=\"og:site_name\" content=\"Roovi B2B\" \/>\n<meta property=\"article:publisher\" content=\"https:\/\/www.facebook.com\/wwwjucariero\" \/>\n<meta property=\"article:modified_time\" content=\"2022-07-13T10:15:02+00:00\" \/>\n<meta property=\"og:image\" content=\"https:\/\/business.roovi.com\/wp-content\/uploads\/2019\/10\/puzzle_1000_nature_tropical-76427_250kb.jpg\" \/>\n\t<meta property=\"og:image:width\" content=\"1181\" \/>\n\t<meta property=\"og:image:height\" content=\"1181\" \/>\n\t<meta property=\"og:image:type\" content=\"image\/jpeg\" \/>\n<meta name=\"twitter:label1\" content=\"Dur\u00e9e de lecture estim\u00e9e\" \/>\n\t<meta name=\"twitter:data1\" content=\"3 minutes\" \/>\n<script type=\"application\/ld+json\" class=\"yoast-schema-graph\">{\"@context\":\"https:\/\/schema.org\",\"@graph\":[{\"@type\":\"WebPage\",\"@id\":\"https:\/\/business.roovi.com\/fr\/puzzle-adulte-1000-pieces-david-katai-eszter-nature-tropical\/p\/\",\"url\":\"https:\/\/business.roovi.com\/fr\/puzzle-adulte-1000-pieces-david-katai-eszter-nature-tropical\/p\/\",\"name\":\"Puzzle adulte 1000 pi\u00e8ces D\u00e1vid-K\u00e1tai Eszter - Nature Tropical\",\"isPartOf\":{\"@id\":\"https:\/\/business.roovi.com\/fr\/#website\"},\"datePublished\":\"2019-10-31T09:40:00+00:00\",\"dateModified\":\"2022-07-13T10:15:02+00:00\",\"description\":\"Puzzle adulte 1000 pi\u00e8ces D\u00e1vid-K\u00e1tai Eszter - Nature Tropical\",\"breadcrumb\":{\"@id\":\"https:\/\/business.roovi.com\/fr\/puzzle-adulte-1000-pieces-david-katai-eszter-nature-tropical\/p\/#breadcrumb\"},\"inLanguage\":\"fr-FR\",\"potentialAction\":[{\"@type\":\"ReadAction\",\"target\":[\"https:\/\/business.roovi.com\/fr\/puzzle-adulte-1000-pieces-david-katai-eszter-nature-tropical\/p\/\"]}]},{\"@type\":\"BreadcrumbList\",\"@id\":\"https:\/\/business.roovi.com\/fr\/puzzle-adulte-1000-pieces-david-katai-eszter-nature-tropical\/p\/#breadcrumb\",\"itemListElement\":[{\"@type\":\"ListItem\",\"position\":1,\"name\":\"Home\",\"item\":\"https:\/\/business.roovi.com\/fr\/\"},{\"@type\":\"ListItem\",\"position\":2,\"name\":\"Boutique\",\"item\":\"https:\/\/business.roovi.com\/fr\/boutique\/\"},{\"@type\":\"ListItem\",\"position\":3,\"name\":\"Puzzle adulte 1000 pi\u00e8ces D\u00e1vid-K\u00e1tai Eszter &#8211; Nature Tropical\"}]},{\"@type\":\"WebSite\",\"@id\":\"https:\/\/business.roovi.com\/fr\/#website\",\"url\":\"https:\/\/business.roovi.com\/fr\/\",\"name\":\"Roovi B2B\",\"description\":\"Roovi Business Website\",\"potentialAction\":[{\"@type\":\"SearchAction\",\"target\":{\"@type\":\"EntryPoint\",\"urlTemplate\":\"https:\/\/business.roovi.com\/fr\/?s={search_term_string}\"},\"query-input\":\"required name=search_term_string\"}],\"inLanguage\":\"fr-FR\"}]}<\/script>\n<!-- \/ Yoast SEO plugin. -->","yoast_head_json":{"title":"Puzzle adulte 1000 pi\u00e8ces D\u00e1vid-K\u00e1tai Eszter - Nature Tropical","description":"Puzzle adulte 1000 pi\u00e8ces D\u00e1vid-K\u00e1tai Eszter - Nature Tropical","robots":{"index":"index","follow":"follow","max-snippet":"max-snippet:-1","max-image-preview":"max-image-preview:large","max-video-preview":"max-video-preview:-1"},"canonical":"https:\/\/business.roovi.com\/fr\/puzzle-adulte-1000-pieces-david-katai-eszter-nature-tropical\/p\/","og_locale":"fr_FR","og_type":"article","og_title":"Puzzle adulte 1000 pi\u00e8ces D\u00e1vid-K\u00e1tai Eszter - Nature Tropical","og_description":"Puzzle adulte 1000 pi\u00e8ces D\u00e1vid-K\u00e1tai Eszter - Nature Tropical","og_url":"https:\/\/business.roovi.com\/fr\/puzzle-adulte-1000-pieces-david-katai-eszter-nature-tropical\/p\/","og_site_name":"Roovi B2B","article_publisher":"https:\/\/www.facebook.com\/wwwjucariero","article_modified_time":"2022-07-13T10:15:02+00:00","og_image":[{"width":1181,"height":1181,"url":"https:\/\/business.roovi.com\/wp-content\/uploads\/2019\/10\/puzzle_1000_nature_tropical-76427_250kb.jpg","type":"image\/jpeg"}],"twitter_misc":{"Dur\u00e9e de lecture estim\u00e9e":"3 minutes"},"schema":{"@context":"https:\/\/schema.org","@graph":[{"@type":"WebPage","@id":"https:\/\/business.roovi.com\/fr\/puzzle-adulte-1000-pieces-david-katai-eszter-nature-tropical\/p\/","url":"https:\/\/business.roovi.com\/fr\/puzzle-adulte-1000-pieces-david-katai-eszter-nature-tropical\/p\/","name":"Puzzle adulte 1000 pi\u00e8ces D\u00e1vid-K\u00e1tai Eszter - Nature Tropical","isPartOf":{"@id":"https:\/\/business.roovi.com\/fr\/#website"},"datePublished":"2019-10-31T09:40:00+00:00","dateModified":"2022-07-13T10:15:02+00:00","description":"Puzzle adulte 1000 pi\u00e8ces D\u00e1vid-K\u00e1tai Eszter - Nature Tropical","breadcrumb":{"@id":"https:\/\/business.roovi.com\/fr\/puzzle-adulte-1000-pieces-david-katai-eszter-nature-tropical\/p\/#breadcrumb"},"inLanguage":"fr-FR","potentialAction":[{"@type":"ReadAction","target":["https:\/\/business.roovi.com\/fr\/puzzle-adulte-1000-pieces-david-katai-eszter-nature-tropical\/p\/"]}]},{"@type":"BreadcrumbList","@id":"https:\/\/business.roovi.com\/fr\/puzzle-adulte-1000-pieces-david-katai-eszter-nature-tropical\/p\/#breadcrumb","itemListElement":[{"@type":"ListItem","position":1,"name":"Home","item":"https:\/\/business.roovi.com\/fr\/"},{"@type":"ListItem","position":2,"name":"Boutique","item":"https:\/\/business.roovi.com\/fr\/boutique\/"},{"@type":"ListItem","position":3,"name":"Puzzle adulte 1000 pi\u00e8ces D\u00e1vid-K\u00e1tai Eszter &#8211; Nature Tropical"}]},{"@type":"WebSite","@id":"https:\/\/business.roovi.com\/fr\/#website","url":"https:\/\/business.roovi.com\/fr\/","name":"Roovi B2B","description":"Roovi Business Website","potentialAction":[{"@type":"SearchAction","target":{"@type":"EntryPoint","urlTemplate":"https:\/\/business.roovi.com\/fr\/?s={search_term_string}"},"query-input":"required name=search_term_string"}],"inLanguage":"fr-FR"}]}},"_links":{"self":[{"href":"https:\/\/business.roovi.com\/fr\/wp-json\/wp\/v2\/product\/51998","targetHints":{"allow":["GET"]}}],"collection":[{"href":"https:\/\/business.roovi.com\/fr\/wp-json\/wp\/v2\/product"}],"about":[{"href":"https:\/\/business.roovi.com\/fr\/wp-json\/wp\/v2\/types\/product"}],"version-history":[{"count":0,"href":"https:\/\/business.roovi.com\/fr\/wp-json\/wp\/v2\/product\/51998\/revisions"}],"wp:featuredmedia":[{"embeddable":true,"href":"https:\/\/business.roovi.com\/fr\/wp-json\/wp\/v2\/media\/51999"}],"wp:attachment":[{"href":"https:\/\/business.roovi.com\/fr\/wp-json\/wp\/v2\/media?parent=51998"}],"wp:term":[{"taxonomy":"product_brand","embeddable":true,"href":"https:\/\/business.roovi.com\/fr\/wp-json\/wp\/v2\/product_brand?post=51998"},{"taxonomy":"product_cat","embeddable":true,"href":"https:\/\/business.roovi.com\/fr\/wp-json\/wp\/v2\/product_cat?post=51998"},{"taxonomy":"product_tag","embeddable":true,"href":"https:\/\/business.roovi.com\/fr\/wp-json\/wp\/v2\/product_tag?post=51998"}],"curies":[{"name":"wp","href":"https:\/\/api.w.org\/{rel}","templated":true}]}}