{"id":52002,"date":"2019-10-31T09:38:26","date_gmt":"2019-10-31T09:38:26","guid":{"rendered":"https:\/\/business.roovi.com\/puzzle-adulti-1000-piese-nature-summer-and-wintervara-si-iarna-2\/p\/"},"modified":"2022-07-13T10:15:07","modified_gmt":"2022-07-13T10:15:07","slug":"puzzle-adulte-nature-1000-pieces-ete-et-hiver-2","status":"publish","type":"product","link":"https:\/\/business.roovi.com\/fr\/puzzle-adulte-nature-1000-pieces-ete-et-hiver-2\/p\/","title":{"rendered":"Puzzle Adulte Nature 1000 pi\u00e8ces &#8211; \u00c9t\u00e9 et hiver"},"content":{"rendered":"<p><strong><em>Tu cherches une activit\u00e9 cr\u00e9ative pour passer ton temps libre ? Le puzzle pour adultes \u00c9t\u00e9 et Hiver est l&rsquo;occasion parfaite de se d\u00e9connecter du quotidien et de cr\u00e9er un puzzle unique de 1000 pi\u00e8ces de tes propres mains.<\/em><\/strong><\/p>\n<p><span style=\"font-weight: 400;\">L&rsquo;illustration du puzzle \u00c9t\u00e9 et Hiver de 1000 pi\u00e8ces m\u00eale la beaut\u00e9 des deux saisons oppos\u00e9es dans un design original de l&rsquo;artiste D\u00e1vid-K\u00e1tai Eszter. Le tableau transmet un sentiment d&rsquo;\u00e9quilibre en repr\u00e9sentant simultan\u00e9ment la froideur de l&rsquo;hiver et ses couleurs froides, et la splendeur et les couleurs chaudes de l&rsquo;\u00e9t\u00e9.<\/span><\/p>\n<p><span style=\"font-weight: 400;\">Si pour toi le jeu de puzzle est une occasion de se reconnecter et de se d\u00e9tacher de tous les soucis de la vie quotidienne, le puzzle de 1000 pi\u00e8ces \u00c9t\u00e9 et Hiver t&rsquo;aidera certainement \u00e0 retrouver ton \u00e9quilibre int\u00e9rieur.<\/span><\/p>\n<p><span style=\"font-weight: 400;\">De plus, tu obtiendras une \u0153uvre d&rsquo;art contemporaine au design original qui donnera de la personnalit\u00e9 \u00e0 tout endroit terne de ta maison o\u00f9 tu l&rsquo;exposes. Pour l&rsquo;assemblage, tu peux utiliser une table basse standard. L&rsquo;image reconstruite est <\/span><strong>68 x 47 cm<\/strong><span style=\"font-weight: 400;\"> et tu peux facilement le transformer en un centre de table d\u00e9coratif.<\/span><\/p>\n<p><strong>Pourquoi choisir le puzzle \u00c9t\u00e9 et Hiver de 1000 pi\u00e8ces ?<\/strong><\/p>\n<p><span style=\"font-weight: 400;\">Un puzzle de 1000 pi\u00e8ces avec une illustration originale inspire et d\u00e9veloppe ta cr\u00e9ativit\u00e9.<\/span><\/p>\n<p><span style=\"font-weight: 400;\">C&rsquo;est l&rsquo;occasion de sortir de la monotonie quotidienne.<\/span><\/p>\n<p><span style=\"font-weight: 400;\">Tu entra\u00eenes tes comp\u00e9tences et cultives ta patience.<\/span><\/p>\n<p><span style=\"font-weight: 400;\">Il est fabriqu\u00e9 en carton de haute qualit\u00e9 qui lui conf\u00e8re une durabilit\u00e9 dans le temps, m\u00eame lorsqu&rsquo;il est assembl\u00e9 plusieurs fois.<\/span><\/p>\n<p><span style=\"font-weight: 400;\">La finition est semi-brillante et les couleurs vives font ressortir la beaut\u00e9 de l&rsquo;image.<\/span><\/p>\n<p><span style=\"font-weight: 400;\">Il est respectueux de la nature, fabriqu\u00e9 \u00e0 partir de mat\u00e9riaux durables et recyclables.<\/span><\/p>\n<p><span style=\"font-weight: 400;\">Il convient aux personnes de plus de 14 ans &#8211; une excellente occasion de passer ton temps libre avec tes adolescents.<\/span><\/p>\n<p><strong>Tu savais que&#8230; ?<\/strong><\/p>\n<p><span style=\"font-weight: 400;\">Les jeux de puzzle sont un excellent stimulant pour le cerveau. Ils mobilisent les h\u00e9misph\u00e8res droit et gauche du cerveau et tu penses donc de fa\u00e7on analytique et cr\u00e9ative en m\u00eame temps.<\/span><\/p>\n<p><span style=\"font-weight: 400;\">Il est scientifiquement prouv\u00e9 que les personnes qui passent au moins 30 minutes par jour \u00e0 jouer \u00e0 des jeux de r\u00e9flexion ont un faible risque de d\u00e9velopper des maladies neurod\u00e9g\u00e9n\u00e9ratives comme Alzheimer ou la d\u00e9mence.<\/span><\/p>\n<p><span style=\"font-weight: 400;\">Les jeux de puzzle stimulent la s\u00e9cr\u00e9tion de dopamine, un neurotransmetteur responsable du bien-\u00eatre, du bonheur et de l&rsquo;optimisme.<\/span><\/p>\n<p><span style=\"font-weight: 400;\">L&rsquo;effet des jeux de puzzle est similaire \u00e0 celui des s\u00e9ances de m\u00e9ditation. Ainsi, le puzzle de 1000 pi\u00e8ces est aussi une activit\u00e9 m\u00e9ditative, avec un effet de relaxation profonde.<\/span><\/p>\n<p><strong>Puzzle \u00e9t\u00e9 et hiver de 1000 pi\u00e8ces, une occasion de se d\u00e9tendre avec des amis<\/strong><\/p>\n<p><span style=\"font-weight: 400;\">Pour les jours o\u00f9 le mauvais temps te retient \u00e0 l&rsquo;int\u00e9rieur et que tu ne peux pas profiter de longues promenades ou d&rsquo;autres activit\u00e9s r\u00e9cr\u00e9atives dans la nature, le puzzle \u00c9t\u00e9 et Hiver de 1000 pi\u00e8ces est un excellent moyen de passer de nombreuses heures \u00e0 se d\u00e9tendre et \u00e0 s&rsquo;amuser avec des amis.<\/span><\/p>\n<p><span style=\"font-weight: 400;\">Sois inventif et applique des strat\u00e9gies in\u00e9dites pour compl\u00e9ter le tableau, divise les t\u00e2ches en \u00e9quipes pour que tout le monde participe et profite d&rsquo;une exp\u00e9rience cr\u00e9ative incroyable. \u00c0 la fin, c\u00e9l\u00e8bre ton travail d&rsquo;\u00e9quipe en encadrant ta merveilleuse peinture.<\/span><\/p>\n<p><span style=\"font-weight: 400;\">Le puzzle pour adultes \u00c9t\u00e9 et Hiver de 1000 pi\u00e8ces est id\u00e9al pour \u00eatre conserv\u00e9 chez toi et retravaill\u00e9 chaque fois que tu ressens le besoin d&rsquo;un d\u00e9fi cr\u00e9atif ou transform\u00e9 en une \u0153uvre d&rsquo;art qui embellit ta maison. Aussi. Ce merveilleux jeu de puzzle de la collection de puzzle Nature est un excellent cadeau de vacances ou d&rsquo;anniversaire.<\/span><\/p><\/p>\n","protected":false},"excerpt":{"rendered":"<p>Tu cherches une activit\u00e9 cr\u00e9ative pour passer ton temps libre ? Le puzzle pour adultes \u00c9t\u00e9 et Hiver est l&rsquo;occasion<\/p>\n","protected":false},"featured_media":52003,"template":"","meta":[],"product_brand":[],"product_cat":[2314,2316,2315],"product_tag":[],"class_list":{"0":"post-52002","1":"product","2":"type-product","3":"status-publish","4":"has-post-thumbnail","6":"product_cat-puzzles-fr","7":"product_cat-puzzles-de-1000-pieces","8":"product_cat-puzzles-pour-adultes","9":"pa_brand-deico-fr","10":"pa_country_of_manufacture-ro-fr","11":"pa_filter_age-14-fr","12":"pa_tip_ambalaj-boite","13":"pa_tip_puzzle-classique","15":"first","16":"instock","17":"taxable","18":"shipping-taxable","19":"product-type-simple"},"yoast_head":"<!-- This site is optimized with the Yoast SEO plugin v20.1 - https:\/\/yoast.com\/wordpress\/plugins\/seo\/ -->\n<title>Puzzle Adulte Nature 1000 pi\u00e8ces - \u00c9t\u00e9 et hiver<\/title>\n<meta name=\"description\" content=\"Puzzle Adulte Nature 1000 pi\u00e8ces - \u00c9t\u00e9 et hiver\" \/>\n<meta name=\"robots\" content=\"index, follow, max-snippet:-1, max-image-preview:large, max-video-preview:-1\" \/>\n<link rel=\"canonical\" href=\"https:\/\/business.roovi.com\/fr\/puzzle-adulte-nature-1000-pieces-ete-et-hiver-2\/p\/\" \/>\n<meta property=\"og:locale\" content=\"fr_FR\" \/>\n<meta property=\"og:type\" content=\"article\" \/>\n<meta property=\"og:title\" content=\"Puzzle Adulte Nature 1000 pi\u00e8ces - \u00c9t\u00e9 et hiver\" \/>\n<meta property=\"og:description\" content=\"Puzzle Adulte Nature 1000 pi\u00e8ces - \u00c9t\u00e9 et hiver\" \/>\n<meta property=\"og:url\" content=\"https:\/\/business.roovi.com\/fr\/puzzle-adulte-nature-1000-pieces-ete-et-hiver-2\/p\/\" \/>\n<meta property=\"og:site_name\" content=\"Roovi B2B\" \/>\n<meta property=\"article:publisher\" content=\"https:\/\/www.facebook.com\/wwwjucariero\" \/>\n<meta property=\"article:modified_time\" content=\"2022-07-13T10:15:07+00:00\" \/>\n<meta property=\"og:image\" content=\"https:\/\/business.roovi.com\/wp-content\/uploads\/2019\/10\/puzzle_1000_nature_summer_and_winter-76410_250kb.jpg\" \/>\n\t<meta property=\"og:image:width\" content=\"1181\" \/>\n\t<meta property=\"og:image:height\" content=\"1181\" \/>\n\t<meta property=\"og:image:type\" content=\"image\/jpeg\" \/>\n<meta name=\"twitter:label1\" content=\"Dur\u00e9e de lecture estim\u00e9e\" \/>\n\t<meta name=\"twitter:data1\" content=\"3 minutes\" \/>\n<script type=\"application\/ld+json\" class=\"yoast-schema-graph\">{\"@context\":\"https:\/\/schema.org\",\"@graph\":[{\"@type\":\"WebPage\",\"@id\":\"https:\/\/business.roovi.com\/fr\/puzzle-adulte-nature-1000-pieces-ete-et-hiver-2\/p\/\",\"url\":\"https:\/\/business.roovi.com\/fr\/puzzle-adulte-nature-1000-pieces-ete-et-hiver-2\/p\/\",\"name\":\"Puzzle Adulte Nature 1000 pi\u00e8ces - \u00c9t\u00e9 et hiver\",\"isPartOf\":{\"@id\":\"https:\/\/business.roovi.com\/fr\/#website\"},\"datePublished\":\"2019-10-31T09:38:26+00:00\",\"dateModified\":\"2022-07-13T10:15:07+00:00\",\"description\":\"Puzzle Adulte Nature 1000 pi\u00e8ces - \u00c9t\u00e9 et hiver\",\"breadcrumb\":{\"@id\":\"https:\/\/business.roovi.com\/fr\/puzzle-adulte-nature-1000-pieces-ete-et-hiver-2\/p\/#breadcrumb\"},\"inLanguage\":\"fr-FR\",\"potentialAction\":[{\"@type\":\"ReadAction\",\"target\":[\"https:\/\/business.roovi.com\/fr\/puzzle-adulte-nature-1000-pieces-ete-et-hiver-2\/p\/\"]}]},{\"@type\":\"BreadcrumbList\",\"@id\":\"https:\/\/business.roovi.com\/fr\/puzzle-adulte-nature-1000-pieces-ete-et-hiver-2\/p\/#breadcrumb\",\"itemListElement\":[{\"@type\":\"ListItem\",\"position\":1,\"name\":\"Home\",\"item\":\"https:\/\/business.roovi.com\/fr\/\"},{\"@type\":\"ListItem\",\"position\":2,\"name\":\"Boutique\",\"item\":\"https:\/\/business.roovi.com\/fr\/boutique\/\"},{\"@type\":\"ListItem\",\"position\":3,\"name\":\"Puzzle Adulte Nature 1000 pi\u00e8ces &#8211; \u00c9t\u00e9 et hiver\"}]},{\"@type\":\"WebSite\",\"@id\":\"https:\/\/business.roovi.com\/fr\/#website\",\"url\":\"https:\/\/business.roovi.com\/fr\/\",\"name\":\"Roovi B2B\",\"description\":\"Roovi Business Website\",\"potentialAction\":[{\"@type\":\"SearchAction\",\"target\":{\"@type\":\"EntryPoint\",\"urlTemplate\":\"https:\/\/business.roovi.com\/fr\/?s={search_term_string}\"},\"query-input\":\"required name=search_term_string\"}],\"inLanguage\":\"fr-FR\"}]}<\/script>\n<!-- \/ Yoast SEO plugin. -->","yoast_head_json":{"title":"Puzzle Adulte Nature 1000 pi\u00e8ces - \u00c9t\u00e9 et hiver","description":"Puzzle Adulte Nature 1000 pi\u00e8ces - \u00c9t\u00e9 et hiver","robots":{"index":"index","follow":"follow","max-snippet":"max-snippet:-1","max-image-preview":"max-image-preview:large","max-video-preview":"max-video-preview:-1"},"canonical":"https:\/\/business.roovi.com\/fr\/puzzle-adulte-nature-1000-pieces-ete-et-hiver-2\/p\/","og_locale":"fr_FR","og_type":"article","og_title":"Puzzle Adulte Nature 1000 pi\u00e8ces - \u00c9t\u00e9 et hiver","og_description":"Puzzle Adulte Nature 1000 pi\u00e8ces - \u00c9t\u00e9 et hiver","og_url":"https:\/\/business.roovi.com\/fr\/puzzle-adulte-nature-1000-pieces-ete-et-hiver-2\/p\/","og_site_name":"Roovi B2B","article_publisher":"https:\/\/www.facebook.com\/wwwjucariero","article_modified_time":"2022-07-13T10:15:07+00:00","og_image":[{"width":1181,"height":1181,"url":"https:\/\/business.roovi.com\/wp-content\/uploads\/2019\/10\/puzzle_1000_nature_summer_and_winter-76410_250kb.jpg","type":"image\/jpeg"}],"twitter_misc":{"Dur\u00e9e de lecture estim\u00e9e":"3 minutes"},"schema":{"@context":"https:\/\/schema.org","@graph":[{"@type":"WebPage","@id":"https:\/\/business.roovi.com\/fr\/puzzle-adulte-nature-1000-pieces-ete-et-hiver-2\/p\/","url":"https:\/\/business.roovi.com\/fr\/puzzle-adulte-nature-1000-pieces-ete-et-hiver-2\/p\/","name":"Puzzle Adulte Nature 1000 pi\u00e8ces - \u00c9t\u00e9 et hiver","isPartOf":{"@id":"https:\/\/business.roovi.com\/fr\/#website"},"datePublished":"2019-10-31T09:38:26+00:00","dateModified":"2022-07-13T10:15:07+00:00","description":"Puzzle Adulte Nature 1000 pi\u00e8ces - \u00c9t\u00e9 et hiver","breadcrumb":{"@id":"https:\/\/business.roovi.com\/fr\/puzzle-adulte-nature-1000-pieces-ete-et-hiver-2\/p\/#breadcrumb"},"inLanguage":"fr-FR","potentialAction":[{"@type":"ReadAction","target":["https:\/\/business.roovi.com\/fr\/puzzle-adulte-nature-1000-pieces-ete-et-hiver-2\/p\/"]}]},{"@type":"BreadcrumbList","@id":"https:\/\/business.roovi.com\/fr\/puzzle-adulte-nature-1000-pieces-ete-et-hiver-2\/p\/#breadcrumb","itemListElement":[{"@type":"ListItem","position":1,"name":"Home","item":"https:\/\/business.roovi.com\/fr\/"},{"@type":"ListItem","position":2,"name":"Boutique","item":"https:\/\/business.roovi.com\/fr\/boutique\/"},{"@type":"ListItem","position":3,"name":"Puzzle Adulte Nature 1000 pi\u00e8ces &#8211; \u00c9t\u00e9 et hiver"}]},{"@type":"WebSite","@id":"https:\/\/business.roovi.com\/fr\/#website","url":"https:\/\/business.roovi.com\/fr\/","name":"Roovi B2B","description":"Roovi Business Website","potentialAction":[{"@type":"SearchAction","target":{"@type":"EntryPoint","urlTemplate":"https:\/\/business.roovi.com\/fr\/?s={search_term_string}"},"query-input":"required name=search_term_string"}],"inLanguage":"fr-FR"}]}},"_links":{"self":[{"href":"https:\/\/business.roovi.com\/fr\/wp-json\/wp\/v2\/product\/52002","targetHints":{"allow":["GET"]}}],"collection":[{"href":"https:\/\/business.roovi.com\/fr\/wp-json\/wp\/v2\/product"}],"about":[{"href":"https:\/\/business.roovi.com\/fr\/wp-json\/wp\/v2\/types\/product"}],"version-history":[{"count":0,"href":"https:\/\/business.roovi.com\/fr\/wp-json\/wp\/v2\/product\/52002\/revisions"}],"wp:featuredmedia":[{"embeddable":true,"href":"https:\/\/business.roovi.com\/fr\/wp-json\/wp\/v2\/media\/52003"}],"wp:attachment":[{"href":"https:\/\/business.roovi.com\/fr\/wp-json\/wp\/v2\/media?parent=52002"}],"wp:term":[{"taxonomy":"product_brand","embeddable":true,"href":"https:\/\/business.roovi.com\/fr\/wp-json\/wp\/v2\/product_brand?post=52002"},{"taxonomy":"product_cat","embeddable":true,"href":"https:\/\/business.roovi.com\/fr\/wp-json\/wp\/v2\/product_cat?post=52002"},{"taxonomy":"product_tag","embeddable":true,"href":"https:\/\/business.roovi.com\/fr\/wp-json\/wp\/v2\/product_tag?post=52002"}],"curies":[{"name":"wp","href":"https:\/\/api.w.org\/{rel}","templated":true}]}}