{"id":52005,"date":"2019-10-31T09:34:59","date_gmt":"2019-10-31T09:34:59","guid":{"rendered":"https:\/\/business.roovi.com\/puzzle-adulti-1000-piese-nature-day-and-nightzi-si-noapte\/p\/"},"modified":"2022-10-20T10:20:01","modified_gmt":"2022-10-20T10:20:01","slug":"puzzle-adulte-1000-pieces-nature-jour-et-nuit","status":"publish","type":"product","link":"https:\/\/business.roovi.com\/fr\/puzzle-adulte-1000-pieces-nature-jour-et-nuit\/p\/","title":{"rendered":"Puzzle adulte 1000 pi\u00e8ces Nature &#8211; Jour et nuit"},"content":{"rendered":"<p><strong><em>Les jeux de puzzle sont-ils le moyen de r\u00e9tablir ton \u00e9quilibre et de te d\u00e9tendre profond\u00e9ment ? Le puzzle Jour et Nuit de 1000 pi\u00e8ces te d\u00e9connecte du quotidien et recharge tes batteries avec beaucoup d&rsquo;\u00e9nergie positive.<\/em><\/strong><\/p>\n<p><span style=\"font-weight: 400;\">Si tu cherches un jeu de r\u00e9flexion avec une superbe illustration qui entra\u00eenera tes comp\u00e9tences d&rsquo;assemblage et te procurera de nombreuses heures de d\u00e9tente, tu es au bon endroit <\/span><\/p>\n<p><span style=\"font-weight: 400;\">L&rsquo;artiste D\u00e1vid-K\u00e1tai Eszter a imagin\u00e9 les deux moments de la journ\u00e9e en parfaite harmonie et a cr\u00e9\u00e9 une illustration originale aux d\u00e9tails fascinants. Avec ce jeu de puzzle, tu construis plus qu&rsquo;un simple tableau : un monde dynamique o\u00f9 la vie s&rsquo;\u00e9coule en douceur, o\u00f9 les cr\u00e9atures vivantes coexistent pacifiquement et sont en parfait \u00e9quilibre avec la nature qui les accueille.<\/span><\/p>\n<p><span style=\"font-weight: 400;\">Le puzzle final de 1000 pi\u00e8ces est une v\u00e9ritable \u0153uvre d&rsquo;art que tu peux appr\u00e9cier chaque fois que tu ressens le besoin de te d\u00e9connecter des soucis de la vie quotidienne <\/span><\/p>\n<p><span style=\"font-weight: 400;\">Le puzzle Jour et Nuit de 1000 pi\u00e8ces de la collection de puzzles Nature t&rsquo;invite donc \u00e0 vivre une exp\u00e9rience relaxante et cr\u00e9ative.<\/span><\/p>\n<p><strong>Pourquoi choisir le puzzle Jour et Nuit de 1000 pi\u00e8ces ?<\/strong><\/p>\n<p><span style=\"font-weight: 400;\">Un puzzle de 1000 pi\u00e8ces avec une illustration originale inspire et d\u00e9veloppe ta cr\u00e9ativit\u00e9.<\/span><\/p>\n<p><span style=\"font-weight: 400;\">Tu obtiens une peinture d\u00e9corative de 68 x 47 cm.<\/span><\/p>\n<p><span style=\"font-weight: 400;\">C&rsquo;est l&rsquo;occasion de sortir de la monotonie quotidienne.<\/span><\/p>\n<p><span style=\"font-weight: 400;\">Tu entra\u00eenes tes comp\u00e9tences et cultives ta patience.<\/span><\/p>\n<p><span style=\"font-weight: 400;\">Les 1000 pi\u00e8ces du puzzle sont en carton de haute qualit\u00e9, sont d\u00e9coup\u00e9es avec pr\u00e9cision et s&#8217;embo\u00eetent parfaitement, de sorte que le tableau est parfait m\u00eame si tu l&rsquo;assembles plusieurs fois.<\/span><\/p>\n<p><span style=\"font-weight: 400;\">La finition est semi-brillante et les couleurs vives font ressortir la beaut\u00e9 de l&rsquo;image.<\/span><\/p>\n<p><span style=\"font-weight: 400;\">Il est respectueux de la nature, fabriqu\u00e9 \u00e0 partir de mat\u00e9riaux durables et recyclables.<\/span><\/p>\n<p><span style=\"font-weight: 400;\">Il convient aux personnes de plus de 14 ans &#8211; une excellente occasion de passer ton temps libre avec tes adolescents.<\/span><\/p>\n<p><strong>Savais-tu que..<\/strong><\/p>\n<p><span style=\"font-weight: 400;\">Les jeux de puzzle sont un excellent entra\u00eenement pour le cerveau. Il engage les deux h\u00e9misph\u00e8res du cerveau et te fait r\u00e9fl\u00e9chir de mani\u00e8re analytique et cr\u00e9ative en m\u00eame temps.<\/span><\/p>\n<p><span style=\"font-weight: 400;\">30 minutes par jour de jeu de puzzle font des merveilles ! On a d\u00e9couvert que les personnes qui assemblent des puzzles tous les jours ont un risque plus faible de maladie d&rsquo;Alzheimer.<\/span><\/p>\n<p><span style=\"font-weight: 400;\">Tu peux devenir plus productif gr\u00e2ce au jeu de puzzle. L&rsquo;activit\u00e9 consistant \u00e0 assembler des puzzles stimule l&rsquo;attention et la concentration. Tu apprends donc \u00e0 travailler efficacement non seulement pendant le recadrage, mais aussi dans la vie quotidienne.<\/span><\/p>\n<p><strong>Le puzzle Jour et Nuit de 1000 pi\u00e8ces te relie \u00e0 tes proches<\/strong><\/p>\n<p><span style=\"font-weight: 400;\">Le temps pass\u00e9 avec des \u00eatres chers n&rsquo;a pas de prix. Si tu cherches une activit\u00e9 qui te relie et apporte beaucoup de sourires et de bonne humeur, le puzzle pour adultes de 1000 pi\u00e8ces Jour et Nuit est l&rsquo;occasion id\u00e9ale.<\/span><\/p>\n<p><span style=\"font-weight: 400;\">Pr\u00e9parez les biscuits les plus savoureux et le th\u00e9 le plus aromatique du garde-manger et mettez le montage&#8230; en route. Travaillez en \u00e9quipe, demandez aux enfants de trouver toutes les pi\u00e8ces qui composent les animaux de l&rsquo;image, ou trouvez ensemble d&rsquo;autres strat\u00e9gies innovantes pour compl\u00e9ter l&rsquo;image le plus rapidement possible. \u00c0 la fin, profite de ton travail en mettant la photo termin\u00e9e dans le cadre <\/span><\/p>\n<p><span style=\"font-weight: 400;\">Tu peux aussi choisir le puzzle pour adultes de 1000 pi\u00e8ces Day and Night\/Zi and Night de la collection pour le garder chez toi et le refaire chaque fois que tu ressens le besoin d&rsquo;un d\u00e9fi cr\u00e9atif. Si tu veux surprendre agr\u00e9ablement un ami cher, ce jeu de puzzle au design exquis pourrait \u00eatre la bonne option.<\/span><\/p>\n","protected":false},"excerpt":{"rendered":"<p>Les jeux de puzzle sont-ils le moyen de r\u00e9tablir ton \u00e9quilibre et de te d\u00e9tendre profond\u00e9ment ? Le puzzle Jour<\/p>\n","protected":false},"featured_media":58916,"template":"","meta":[],"product_brand":[],"product_cat":[2314,2316,2315],"product_tag":[],"class_list":{"0":"post-52005","1":"product","2":"type-product","3":"status-publish","4":"has-post-thumbnail","6":"product_cat-puzzles-fr","7":"product_cat-puzzles-de-1000-pieces","8":"product_cat-puzzles-pour-adultes","9":"pa_brand-deico-fr","10":"pa_country_of_manufacture-ro-fr","11":"pa_filter_age-14-fr","12":"pa_tip_ambalaj-boite","13":"pa_tip_puzzle-classique","15":"first","16":"instock","17":"taxable","18":"shipping-taxable","19":"product-type-simple"},"yoast_head":"<!-- This site is optimized with the Yoast SEO plugin v20.1 - https:\/\/yoast.com\/wordpress\/plugins\/seo\/ -->\n<title>Puzzle adulte 1000 pi\u00e8ces Nature - Jour et nuit<\/title>\n<meta name=\"description\" content=\"Puzzle adulte 1000 pi\u00e8ces Nature - Jour et nuit\" \/>\n<meta name=\"robots\" content=\"index, follow, max-snippet:-1, max-image-preview:large, max-video-preview:-1\" \/>\n<link rel=\"canonical\" href=\"https:\/\/business.roovi.com\/fr\/puzzle-adulte-1000-pieces-nature-jour-et-nuit\/p\/\" \/>\n<meta property=\"og:locale\" content=\"fr_FR\" \/>\n<meta property=\"og:type\" content=\"article\" \/>\n<meta property=\"og:title\" content=\"Puzzle adulte 1000 pi\u00e8ces Nature - Jour et nuit\" \/>\n<meta property=\"og:description\" content=\"Puzzle adulte 1000 pi\u00e8ces Nature - Jour et nuit\" \/>\n<meta property=\"og:url\" content=\"https:\/\/business.roovi.com\/fr\/puzzle-adulte-1000-pieces-nature-jour-et-nuit\/p\/\" \/>\n<meta property=\"og:site_name\" content=\"Roovi B2B\" \/>\n<meta property=\"article:publisher\" content=\"https:\/\/www.facebook.com\/wwwjucariero\" \/>\n<meta property=\"article:modified_time\" content=\"2022-10-20T10:20:01+00:00\" \/>\n<meta property=\"og:image\" content=\"https:\/\/business.roovi.com\/wp-content\/uploads\/2019\/10\/76403-01-Ansamblu_dimensiuni-cutie-cm_orizontal.png\" \/>\n\t<meta property=\"og:image:width\" content=\"1200\" \/>\n\t<meta property=\"og:image:height\" content=\"1200\" \/>\n\t<meta property=\"og:image:type\" content=\"image\/png\" \/>\n<meta name=\"twitter:label1\" content=\"Dur\u00e9e de lecture estim\u00e9e\" \/>\n\t<meta name=\"twitter:data1\" content=\"4 minutes\" \/>\n<script type=\"application\/ld+json\" class=\"yoast-schema-graph\">{\"@context\":\"https:\/\/schema.org\",\"@graph\":[{\"@type\":\"WebPage\",\"@id\":\"https:\/\/business.roovi.com\/fr\/puzzle-adulte-1000-pieces-nature-jour-et-nuit\/p\/\",\"url\":\"https:\/\/business.roovi.com\/fr\/puzzle-adulte-1000-pieces-nature-jour-et-nuit\/p\/\",\"name\":\"Puzzle adulte 1000 pi\u00e8ces Nature - Jour et nuit\",\"isPartOf\":{\"@id\":\"https:\/\/business.roovi.com\/fr\/#website\"},\"datePublished\":\"2019-10-31T09:34:59+00:00\",\"dateModified\":\"2022-10-20T10:20:01+00:00\",\"description\":\"Puzzle adulte 1000 pi\u00e8ces Nature - Jour et nuit\",\"breadcrumb\":{\"@id\":\"https:\/\/business.roovi.com\/fr\/puzzle-adulte-1000-pieces-nature-jour-et-nuit\/p\/#breadcrumb\"},\"inLanguage\":\"fr-FR\",\"potentialAction\":[{\"@type\":\"ReadAction\",\"target\":[\"https:\/\/business.roovi.com\/fr\/puzzle-adulte-1000-pieces-nature-jour-et-nuit\/p\/\"]}]},{\"@type\":\"BreadcrumbList\",\"@id\":\"https:\/\/business.roovi.com\/fr\/puzzle-adulte-1000-pieces-nature-jour-et-nuit\/p\/#breadcrumb\",\"itemListElement\":[{\"@type\":\"ListItem\",\"position\":1,\"name\":\"Home\",\"item\":\"https:\/\/business.roovi.com\/fr\/\"},{\"@type\":\"ListItem\",\"position\":2,\"name\":\"Boutique\",\"item\":\"https:\/\/business.roovi.com\/fr\/boutique\/\"},{\"@type\":\"ListItem\",\"position\":3,\"name\":\"Puzzle adulte 1000 pi\u00e8ces Nature &#8211; Jour et nuit\"}]},{\"@type\":\"WebSite\",\"@id\":\"https:\/\/business.roovi.com\/fr\/#website\",\"url\":\"https:\/\/business.roovi.com\/fr\/\",\"name\":\"Roovi B2B\",\"description\":\"Roovi Business Website\",\"potentialAction\":[{\"@type\":\"SearchAction\",\"target\":{\"@type\":\"EntryPoint\",\"urlTemplate\":\"https:\/\/business.roovi.com\/fr\/?s={search_term_string}\"},\"query-input\":\"required name=search_term_string\"}],\"inLanguage\":\"fr-FR\"}]}<\/script>\n<!-- \/ Yoast SEO plugin. -->","yoast_head_json":{"title":"Puzzle adulte 1000 pi\u00e8ces Nature - Jour et nuit","description":"Puzzle adulte 1000 pi\u00e8ces Nature - Jour et nuit","robots":{"index":"index","follow":"follow","max-snippet":"max-snippet:-1","max-image-preview":"max-image-preview:large","max-video-preview":"max-video-preview:-1"},"canonical":"https:\/\/business.roovi.com\/fr\/puzzle-adulte-1000-pieces-nature-jour-et-nuit\/p\/","og_locale":"fr_FR","og_type":"article","og_title":"Puzzle adulte 1000 pi\u00e8ces Nature - Jour et nuit","og_description":"Puzzle adulte 1000 pi\u00e8ces Nature - Jour et nuit","og_url":"https:\/\/business.roovi.com\/fr\/puzzle-adulte-1000-pieces-nature-jour-et-nuit\/p\/","og_site_name":"Roovi B2B","article_publisher":"https:\/\/www.facebook.com\/wwwjucariero","article_modified_time":"2022-10-20T10:20:01+00:00","og_image":[{"width":1200,"height":1200,"url":"https:\/\/business.roovi.com\/wp-content\/uploads\/2019\/10\/76403-01-Ansamblu_dimensiuni-cutie-cm_orizontal.png","type":"image\/png"}],"twitter_misc":{"Dur\u00e9e de lecture estim\u00e9e":"4 minutes"},"schema":{"@context":"https:\/\/schema.org","@graph":[{"@type":"WebPage","@id":"https:\/\/business.roovi.com\/fr\/puzzle-adulte-1000-pieces-nature-jour-et-nuit\/p\/","url":"https:\/\/business.roovi.com\/fr\/puzzle-adulte-1000-pieces-nature-jour-et-nuit\/p\/","name":"Puzzle adulte 1000 pi\u00e8ces Nature - Jour et nuit","isPartOf":{"@id":"https:\/\/business.roovi.com\/fr\/#website"},"datePublished":"2019-10-31T09:34:59+00:00","dateModified":"2022-10-20T10:20:01+00:00","description":"Puzzle adulte 1000 pi\u00e8ces Nature - Jour et nuit","breadcrumb":{"@id":"https:\/\/business.roovi.com\/fr\/puzzle-adulte-1000-pieces-nature-jour-et-nuit\/p\/#breadcrumb"},"inLanguage":"fr-FR","potentialAction":[{"@type":"ReadAction","target":["https:\/\/business.roovi.com\/fr\/puzzle-adulte-1000-pieces-nature-jour-et-nuit\/p\/"]}]},{"@type":"BreadcrumbList","@id":"https:\/\/business.roovi.com\/fr\/puzzle-adulte-1000-pieces-nature-jour-et-nuit\/p\/#breadcrumb","itemListElement":[{"@type":"ListItem","position":1,"name":"Home","item":"https:\/\/business.roovi.com\/fr\/"},{"@type":"ListItem","position":2,"name":"Boutique","item":"https:\/\/business.roovi.com\/fr\/boutique\/"},{"@type":"ListItem","position":3,"name":"Puzzle adulte 1000 pi\u00e8ces Nature &#8211; Jour et nuit"}]},{"@type":"WebSite","@id":"https:\/\/business.roovi.com\/fr\/#website","url":"https:\/\/business.roovi.com\/fr\/","name":"Roovi B2B","description":"Roovi Business Website","potentialAction":[{"@type":"SearchAction","target":{"@type":"EntryPoint","urlTemplate":"https:\/\/business.roovi.com\/fr\/?s={search_term_string}"},"query-input":"required name=search_term_string"}],"inLanguage":"fr-FR"}]}},"_links":{"self":[{"href":"https:\/\/business.roovi.com\/fr\/wp-json\/wp\/v2\/product\/52005","targetHints":{"allow":["GET"]}}],"collection":[{"href":"https:\/\/business.roovi.com\/fr\/wp-json\/wp\/v2\/product"}],"about":[{"href":"https:\/\/business.roovi.com\/fr\/wp-json\/wp\/v2\/types\/product"}],"version-history":[{"count":0,"href":"https:\/\/business.roovi.com\/fr\/wp-json\/wp\/v2\/product\/52005\/revisions"}],"wp:featuredmedia":[{"embeddable":true,"href":"https:\/\/business.roovi.com\/fr\/wp-json\/wp\/v2\/media\/58916"}],"wp:attachment":[{"href":"https:\/\/business.roovi.com\/fr\/wp-json\/wp\/v2\/media?parent=52005"}],"wp:term":[{"taxonomy":"product_brand","embeddable":true,"href":"https:\/\/business.roovi.com\/fr\/wp-json\/wp\/v2\/product_brand?post=52005"},{"taxonomy":"product_cat","embeddable":true,"href":"https:\/\/business.roovi.com\/fr\/wp-json\/wp\/v2\/product_cat?post=52005"},{"taxonomy":"product_tag","embeddable":true,"href":"https:\/\/business.roovi.com\/fr\/wp-json\/wp\/v2\/product_tag?post=52005"}],"curies":[{"name":"wp","href":"https:\/\/api.w.org\/{rel}","templated":true}]}}