{"id":52008,"date":"2019-10-31T09:31:06","date_gmt":"2019-10-31T09:31:06","guid":{"rendered":"https:\/\/business.roovi.com\/puzzle-1000-pattern-bookshelf\/p\/"},"modified":"2023-02-28T07:56:20","modified_gmt":"2023-02-28T07:56:20","slug":"etagere-a-motifs-puzzle-1000","status":"publish","type":"product","link":"https:\/\/business.roovi.com\/fr\/etagere-a-motifs-puzzle-1000\/p\/","title":{"rendered":"\u00c9tag\u00e8re \u00e0 motifs Puzzle 1000"},"content":{"rendered":"<p>La bo\u00eete contient un puzzle de 1000 pi\u00e8ces \u00e0 partir duquel on peut assembler une belle image. Ce puzzle fait partie de la s\u00e9rie des Puzzles \u00e0 motifs avec une illustration de l&rsquo;artiste D\u00e1vid-K\u00e1tai Eszter. L&rsquo;\u00e2ge minimum recommand\u00e9 est de 14 ans.<\/p>\n","protected":false},"excerpt":{"rendered":"<p>La bo\u00eete contient un puzzle de 1000 pi\u00e8ces \u00e0 partir duquel on peut assembler une belle image. Ce puzzle fait<\/p>\n","protected":false},"featured_media":59370,"template":"","meta":[],"product_brand":[],"product_cat":[2314,2315,2316],"product_tag":[],"class_list":{"0":"post-52008","1":"product","2":"type-product","3":"status-publish","4":"has-post-thumbnail","6":"product_cat-puzzles-fr","7":"product_cat-puzzles-pour-adultes","8":"product_cat-puzzles-de-1000-pieces","9":"pa_brand-deico-fr","10":"pa_country_of_manufacture-ro-fr","11":"pa_filter_age-14-fr","12":"pa_tip_ambalaj-boite","13":"pa_tip_puzzle-classique","15":"first","16":"instock","17":"taxable","18":"shipping-taxable","19":"product-type-simple"},"yoast_head":"<!-- This site is optimized with the Yoast SEO plugin v20.1 - https:\/\/yoast.com\/wordpress\/plugins\/seo\/ -->\n<title>\u00c9tag\u00e8re \u00e0 motifs Puzzle 1000<\/title>\n<meta name=\"description\" content=\"\u00c9tag\u00e8re \u00e0 motifs Puzzle 1000\" \/>\n<meta name=\"robots\" content=\"index, follow, max-snippet:-1, max-image-preview:large, max-video-preview:-1\" \/>\n<link rel=\"canonical\" href=\"https:\/\/business.roovi.com\/fr\/etagere-a-motifs-puzzle-1000\/p\/\" \/>\n<meta property=\"og:locale\" content=\"fr_FR\" \/>\n<meta property=\"og:type\" content=\"article\" \/>\n<meta property=\"og:title\" content=\"\u00c9tag\u00e8re \u00e0 motifs Puzzle 1000\" \/>\n<meta property=\"og:description\" content=\"\u00c9tag\u00e8re \u00e0 motifs Puzzle 1000\" \/>\n<meta property=\"og:url\" content=\"https:\/\/business.roovi.com\/fr\/etagere-a-motifs-puzzle-1000\/p\/\" \/>\n<meta property=\"og:site_name\" content=\"Roovi B2B\" \/>\n<meta property=\"article:publisher\" content=\"https:\/\/www.facebook.com\/wwwjucariero\" \/>\n<meta property=\"article:modified_time\" content=\"2023-02-28T07:56:20+00:00\" \/>\n<meta property=\"og:image\" content=\"https:\/\/business.roovi.com\/wp-content\/uploads\/2019\/10\/76434-Ansamblu_dimensiuni-cutie-cm_orizontal.png\" \/>\n\t<meta property=\"og:image:width\" content=\"1200\" \/>\n\t<meta property=\"og:image:height\" content=\"1200\" \/>\n\t<meta property=\"og:image:type\" content=\"image\/png\" \/>\n<meta name=\"twitter:label1\" content=\"Dur\u00e9e de lecture estim\u00e9e\" \/>\n\t<meta name=\"twitter:data1\" content=\"1 minute\" \/>\n<script type=\"application\/ld+json\" class=\"yoast-schema-graph\">{\"@context\":\"https:\/\/schema.org\",\"@graph\":[{\"@type\":\"WebPage\",\"@id\":\"https:\/\/business.roovi.com\/fr\/etagere-a-motifs-puzzle-1000\/p\/\",\"url\":\"https:\/\/business.roovi.com\/fr\/etagere-a-motifs-puzzle-1000\/p\/\",\"name\":\"\u00c9tag\u00e8re \u00e0 motifs Puzzle 1000\",\"isPartOf\":{\"@id\":\"https:\/\/business.roovi.com\/fr\/#website\"},\"datePublished\":\"2019-10-31T09:31:06+00:00\",\"dateModified\":\"2023-02-28T07:56:20+00:00\",\"description\":\"\u00c9tag\u00e8re \u00e0 motifs Puzzle 1000\",\"breadcrumb\":{\"@id\":\"https:\/\/business.roovi.com\/fr\/etagere-a-motifs-puzzle-1000\/p\/#breadcrumb\"},\"inLanguage\":\"fr-FR\",\"potentialAction\":[{\"@type\":\"ReadAction\",\"target\":[\"https:\/\/business.roovi.com\/fr\/etagere-a-motifs-puzzle-1000\/p\/\"]}]},{\"@type\":\"BreadcrumbList\",\"@id\":\"https:\/\/business.roovi.com\/fr\/etagere-a-motifs-puzzle-1000\/p\/#breadcrumb\",\"itemListElement\":[{\"@type\":\"ListItem\",\"position\":1,\"name\":\"Home\",\"item\":\"https:\/\/business.roovi.com\/fr\/\"},{\"@type\":\"ListItem\",\"position\":2,\"name\":\"Boutique\",\"item\":\"https:\/\/business.roovi.com\/fr\/boutique\/\"},{\"@type\":\"ListItem\",\"position\":3,\"name\":\"\u00c9tag\u00e8re \u00e0 motifs Puzzle 1000\"}]},{\"@type\":\"WebSite\",\"@id\":\"https:\/\/business.roovi.com\/fr\/#website\",\"url\":\"https:\/\/business.roovi.com\/fr\/\",\"name\":\"Roovi B2B\",\"description\":\"Roovi Business Website\",\"potentialAction\":[{\"@type\":\"SearchAction\",\"target\":{\"@type\":\"EntryPoint\",\"urlTemplate\":\"https:\/\/business.roovi.com\/fr\/?s={search_term_string}\"},\"query-input\":\"required name=search_term_string\"}],\"inLanguage\":\"fr-FR\"}]}<\/script>\n<!-- \/ Yoast SEO plugin. -->","yoast_head_json":{"title":"\u00c9tag\u00e8re \u00e0 motifs Puzzle 1000","description":"\u00c9tag\u00e8re \u00e0 motifs Puzzle 1000","robots":{"index":"index","follow":"follow","max-snippet":"max-snippet:-1","max-image-preview":"max-image-preview:large","max-video-preview":"max-video-preview:-1"},"canonical":"https:\/\/business.roovi.com\/fr\/etagere-a-motifs-puzzle-1000\/p\/","og_locale":"fr_FR","og_type":"article","og_title":"\u00c9tag\u00e8re \u00e0 motifs Puzzle 1000","og_description":"\u00c9tag\u00e8re \u00e0 motifs Puzzle 1000","og_url":"https:\/\/business.roovi.com\/fr\/etagere-a-motifs-puzzle-1000\/p\/","og_site_name":"Roovi B2B","article_publisher":"https:\/\/www.facebook.com\/wwwjucariero","article_modified_time":"2023-02-28T07:56:20+00:00","og_image":[{"width":1200,"height":1200,"url":"https:\/\/business.roovi.com\/wp-content\/uploads\/2019\/10\/76434-Ansamblu_dimensiuni-cutie-cm_orizontal.png","type":"image\/png"}],"twitter_misc":{"Dur\u00e9e de lecture estim\u00e9e":"1 minute"},"schema":{"@context":"https:\/\/schema.org","@graph":[{"@type":"WebPage","@id":"https:\/\/business.roovi.com\/fr\/etagere-a-motifs-puzzle-1000\/p\/","url":"https:\/\/business.roovi.com\/fr\/etagere-a-motifs-puzzle-1000\/p\/","name":"\u00c9tag\u00e8re \u00e0 motifs Puzzle 1000","isPartOf":{"@id":"https:\/\/business.roovi.com\/fr\/#website"},"datePublished":"2019-10-31T09:31:06+00:00","dateModified":"2023-02-28T07:56:20+00:00","description":"\u00c9tag\u00e8re \u00e0 motifs Puzzle 1000","breadcrumb":{"@id":"https:\/\/business.roovi.com\/fr\/etagere-a-motifs-puzzle-1000\/p\/#breadcrumb"},"inLanguage":"fr-FR","potentialAction":[{"@type":"ReadAction","target":["https:\/\/business.roovi.com\/fr\/etagere-a-motifs-puzzle-1000\/p\/"]}]},{"@type":"BreadcrumbList","@id":"https:\/\/business.roovi.com\/fr\/etagere-a-motifs-puzzle-1000\/p\/#breadcrumb","itemListElement":[{"@type":"ListItem","position":1,"name":"Home","item":"https:\/\/business.roovi.com\/fr\/"},{"@type":"ListItem","position":2,"name":"Boutique","item":"https:\/\/business.roovi.com\/fr\/boutique\/"},{"@type":"ListItem","position":3,"name":"\u00c9tag\u00e8re \u00e0 motifs Puzzle 1000"}]},{"@type":"WebSite","@id":"https:\/\/business.roovi.com\/fr\/#website","url":"https:\/\/business.roovi.com\/fr\/","name":"Roovi B2B","description":"Roovi Business Website","potentialAction":[{"@type":"SearchAction","target":{"@type":"EntryPoint","urlTemplate":"https:\/\/business.roovi.com\/fr\/?s={search_term_string}"},"query-input":"required name=search_term_string"}],"inLanguage":"fr-FR"}]}},"_links":{"self":[{"href":"https:\/\/business.roovi.com\/fr\/wp-json\/wp\/v2\/product\/52008","targetHints":{"allow":["GET"]}}],"collection":[{"href":"https:\/\/business.roovi.com\/fr\/wp-json\/wp\/v2\/product"}],"about":[{"href":"https:\/\/business.roovi.com\/fr\/wp-json\/wp\/v2\/types\/product"}],"version-history":[{"count":0,"href":"https:\/\/business.roovi.com\/fr\/wp-json\/wp\/v2\/product\/52008\/revisions"}],"wp:featuredmedia":[{"embeddable":true,"href":"https:\/\/business.roovi.com\/fr\/wp-json\/wp\/v2\/media\/59370"}],"wp:attachment":[{"href":"https:\/\/business.roovi.com\/fr\/wp-json\/wp\/v2\/media?parent=52008"}],"wp:term":[{"taxonomy":"product_brand","embeddable":true,"href":"https:\/\/business.roovi.com\/fr\/wp-json\/wp\/v2\/product_brand?post=52008"},{"taxonomy":"product_cat","embeddable":true,"href":"https:\/\/business.roovi.com\/fr\/wp-json\/wp\/v2\/product_cat?post=52008"},{"taxonomy":"product_tag","embeddable":true,"href":"https:\/\/business.roovi.com\/fr\/wp-json\/wp\/v2\/product_tag?post=52008"}],"curies":[{"name":"wp","href":"https:\/\/api.w.org\/{rel}","templated":true}]}}