{"id":52017,"date":"2019-10-25T09:54:36","date_gmt":"2019-10-25T09:54:36","guid":{"rendered":"https:\/\/business.roovi.com\/the-original-dracula-game\/p\/"},"modified":"2022-07-13T10:15:12","modified_gmt":"2022-07-13T10:15:12","slug":"le-jeu-original-de-dracula","status":"publish","type":"product","link":"https:\/\/business.roovi.com\/fr\/le-jeu-original-de-dracula\/p\/","title":{"rendered":"Le jeu original de Dracula"},"content":{"rendered":"<p>Jeu de strat\u00e9gie pour 2-4 joueurs. Collecte les jetons n\u00e9cessaires et vaincs le comte Dracula, mais sois vigilant, les pi\u00e8ces sont bien gard\u00e9es par des diables avides ! Contenu : 1 plateau de jeu, 120 jetons de jeu, 4 cartes, 4 pions, r\u00e8gles du jeu. Recommand\u00e9 pour les enfants de plus de 10 ans.<\/p>\n","protected":false},"excerpt":{"rendered":"<p>Jeu de strat\u00e9gie pour 2-4 joueurs. Collecte les jetons n\u00e9cessaires et vaincs le comte Dracula, mais sois vigilant, les pi\u00e8ces<\/p>\n","protected":false},"featured_media":52020,"template":"","meta":[],"product_brand":[],"product_cat":[2303],"product_tag":[],"class_list":{"0":"post-52017","1":"product","2":"type-product","3":"status-publish","4":"has-post-thumbnail","6":"product_cat-jeux-de-societe","7":"pa_bax-10-fr","8":"pa_brand-d_toys-fr","9":"pa_country_of_manufacture-ro-fr","10":"pa_filter_age-9_14-fr","11":"pa_tip_ambalaj-boite","13":"first","14":"instock","15":"taxable","16":"shipping-taxable","17":"product-type-simple"},"yoast_head":"<!-- This site is optimized with the Yoast SEO plugin v20.1 - https:\/\/yoast.com\/wordpress\/plugins\/seo\/ -->\n<title>Le jeu original de Dracula<\/title>\n<meta name=\"description\" content=\"Le jeu original de Dracula\" \/>\n<meta name=\"robots\" content=\"index, follow, max-snippet:-1, max-image-preview:large, max-video-preview:-1\" \/>\n<link rel=\"canonical\" href=\"https:\/\/business.roovi.com\/fr\/le-jeu-original-de-dracula\/p\/\" \/>\n<meta property=\"og:locale\" content=\"fr_FR\" \/>\n<meta property=\"og:type\" content=\"article\" \/>\n<meta property=\"og:title\" content=\"Le jeu original de Dracula\" \/>\n<meta property=\"og:description\" content=\"Le jeu original de Dracula\" \/>\n<meta property=\"og:url\" content=\"https:\/\/business.roovi.com\/fr\/le-jeu-original-de-dracula\/p\/\" \/>\n<meta property=\"og:site_name\" content=\"Roovi B2B\" \/>\n<meta property=\"article:publisher\" content=\"https:\/\/www.facebook.com\/wwwjucariero\" \/>\n<meta property=\"article:modified_time\" content=\"2022-07-13T10:15:12+00:00\" \/>\n<meta property=\"og:image\" content=\"https:\/\/business.roovi.com\/wp-content\/uploads\/2019\/10\/the_original_dracula_game-76359_250kb.jpg\" \/>\n\t<meta property=\"og:image:width\" content=\"1000\" \/>\n\t<meta property=\"og:image:height\" content=\"1000\" \/>\n\t<meta property=\"og:image:type\" content=\"image\/jpeg\" \/>\n<script type=\"application\/ld+json\" class=\"yoast-schema-graph\">{\"@context\":\"https:\/\/schema.org\",\"@graph\":[{\"@type\":\"WebPage\",\"@id\":\"https:\/\/business.roovi.com\/fr\/le-jeu-original-de-dracula\/p\/\",\"url\":\"https:\/\/business.roovi.com\/fr\/le-jeu-original-de-dracula\/p\/\",\"name\":\"Le jeu original de Dracula\",\"isPartOf\":{\"@id\":\"https:\/\/business.roovi.com\/fr\/#website\"},\"datePublished\":\"2019-10-25T09:54:36+00:00\",\"dateModified\":\"2022-07-13T10:15:12+00:00\",\"description\":\"Le jeu original de Dracula\",\"breadcrumb\":{\"@id\":\"https:\/\/business.roovi.com\/fr\/le-jeu-original-de-dracula\/p\/#breadcrumb\"},\"inLanguage\":\"fr-FR\",\"potentialAction\":[{\"@type\":\"ReadAction\",\"target\":[\"https:\/\/business.roovi.com\/fr\/le-jeu-original-de-dracula\/p\/\"]}]},{\"@type\":\"BreadcrumbList\",\"@id\":\"https:\/\/business.roovi.com\/fr\/le-jeu-original-de-dracula\/p\/#breadcrumb\",\"itemListElement\":[{\"@type\":\"ListItem\",\"position\":1,\"name\":\"Home\",\"item\":\"https:\/\/business.roovi.com\/fr\/\"},{\"@type\":\"ListItem\",\"position\":2,\"name\":\"Boutique\",\"item\":\"https:\/\/business.roovi.com\/fr\/boutique\/\"},{\"@type\":\"ListItem\",\"position\":3,\"name\":\"Le jeu original de Dracula\"}]},{\"@type\":\"WebSite\",\"@id\":\"https:\/\/business.roovi.com\/fr\/#website\",\"url\":\"https:\/\/business.roovi.com\/fr\/\",\"name\":\"Roovi B2B\",\"description\":\"Roovi Business Website\",\"potentialAction\":[{\"@type\":\"SearchAction\",\"target\":{\"@type\":\"EntryPoint\",\"urlTemplate\":\"https:\/\/business.roovi.com\/fr\/?s={search_term_string}\"},\"query-input\":\"required name=search_term_string\"}],\"inLanguage\":\"fr-FR\"}]}<\/script>\n<!-- \/ Yoast SEO plugin. -->","yoast_head_json":{"title":"Le jeu original de Dracula","description":"Le jeu original de Dracula","robots":{"index":"index","follow":"follow","max-snippet":"max-snippet:-1","max-image-preview":"max-image-preview:large","max-video-preview":"max-video-preview:-1"},"canonical":"https:\/\/business.roovi.com\/fr\/le-jeu-original-de-dracula\/p\/","og_locale":"fr_FR","og_type":"article","og_title":"Le jeu original de Dracula","og_description":"Le jeu original de Dracula","og_url":"https:\/\/business.roovi.com\/fr\/le-jeu-original-de-dracula\/p\/","og_site_name":"Roovi B2B","article_publisher":"https:\/\/www.facebook.com\/wwwjucariero","article_modified_time":"2022-07-13T10:15:12+00:00","og_image":[{"width":1000,"height":1000,"url":"https:\/\/business.roovi.com\/wp-content\/uploads\/2019\/10\/the_original_dracula_game-76359_250kb.jpg","type":"image\/jpeg"}],"schema":{"@context":"https:\/\/schema.org","@graph":[{"@type":"WebPage","@id":"https:\/\/business.roovi.com\/fr\/le-jeu-original-de-dracula\/p\/","url":"https:\/\/business.roovi.com\/fr\/le-jeu-original-de-dracula\/p\/","name":"Le jeu original de Dracula","isPartOf":{"@id":"https:\/\/business.roovi.com\/fr\/#website"},"datePublished":"2019-10-25T09:54:36+00:00","dateModified":"2022-07-13T10:15:12+00:00","description":"Le jeu original de Dracula","breadcrumb":{"@id":"https:\/\/business.roovi.com\/fr\/le-jeu-original-de-dracula\/p\/#breadcrumb"},"inLanguage":"fr-FR","potentialAction":[{"@type":"ReadAction","target":["https:\/\/business.roovi.com\/fr\/le-jeu-original-de-dracula\/p\/"]}]},{"@type":"BreadcrumbList","@id":"https:\/\/business.roovi.com\/fr\/le-jeu-original-de-dracula\/p\/#breadcrumb","itemListElement":[{"@type":"ListItem","position":1,"name":"Home","item":"https:\/\/business.roovi.com\/fr\/"},{"@type":"ListItem","position":2,"name":"Boutique","item":"https:\/\/business.roovi.com\/fr\/boutique\/"},{"@type":"ListItem","position":3,"name":"Le jeu original de Dracula"}]},{"@type":"WebSite","@id":"https:\/\/business.roovi.com\/fr\/#website","url":"https:\/\/business.roovi.com\/fr\/","name":"Roovi B2B","description":"Roovi Business Website","potentialAction":[{"@type":"SearchAction","target":{"@type":"EntryPoint","urlTemplate":"https:\/\/business.roovi.com\/fr\/?s={search_term_string}"},"query-input":"required name=search_term_string"}],"inLanguage":"fr-FR"}]}},"_links":{"self":[{"href":"https:\/\/business.roovi.com\/fr\/wp-json\/wp\/v2\/product\/52017","targetHints":{"allow":["GET"]}}],"collection":[{"href":"https:\/\/business.roovi.com\/fr\/wp-json\/wp\/v2\/product"}],"about":[{"href":"https:\/\/business.roovi.com\/fr\/wp-json\/wp\/v2\/types\/product"}],"version-history":[{"count":0,"href":"https:\/\/business.roovi.com\/fr\/wp-json\/wp\/v2\/product\/52017\/revisions"}],"wp:featuredmedia":[{"embeddable":true,"href":"https:\/\/business.roovi.com\/fr\/wp-json\/wp\/v2\/media\/52020"}],"wp:attachment":[{"href":"https:\/\/business.roovi.com\/fr\/wp-json\/wp\/v2\/media?parent=52017"}],"wp:term":[{"taxonomy":"product_brand","embeddable":true,"href":"https:\/\/business.roovi.com\/fr\/wp-json\/wp\/v2\/product_brand?post=52017"},{"taxonomy":"product_cat","embeddable":true,"href":"https:\/\/business.roovi.com\/fr\/wp-json\/wp\/v2\/product_cat?post=52017"},{"taxonomy":"product_tag","embeddable":true,"href":"https:\/\/business.roovi.com\/fr\/wp-json\/wp\/v2\/product_tag?post=52017"}],"curies":[{"name":"wp","href":"https:\/\/api.w.org\/{rel}","templated":true}]}}