{"id":52028,"date":"2019-10-25T08:29:36","date_gmt":"2019-10-25T08:29:36","guid":{"rendered":"https:\/\/business.roovi.com\/joc-dublu-sau-nimic\/p\/"},"modified":"2022-07-13T10:15:15","modified_gmt":"2022-07-13T10:15:15","slug":"double-ou-rien-jeu-de-societe-pour-les-enfants-4","status":"publish","type":"product","link":"https:\/\/business.roovi.com\/fr\/double-ou-rien-jeu-de-societe-pour-les-enfants-4\/p\/","title":{"rendered":"Double ou rien &#8211; Jeu de soci\u00e9t\u00e9 pour les enfants 4+"},"content":{"rendered":"<p>Un jeu de soci\u00e9t\u00e9 amusant avec des illustrations super mignonnes. Affronte les d\u00e9fis, traverse le tableau avec de nombreuses aventures et collecte les 5 premiers animaux de la m\u00eame cat\u00e9gorie (carnivores, herbivores, animaux de ferme, animaux domestiques) ! Contenu : 1 plateau de jeu avec 2 c\u00f4t\u00e9s, 32 cartes \u00e0 jouer, 4 pions, 1 d\u00e9, r\u00e8gles du jeu. Recommand\u00e9 pour les enfants de plus de 4 ans.<\/p>\n","protected":false},"excerpt":{"rendered":"<p>Un jeu de soci\u00e9t\u00e9 amusant avec des illustrations super mignonnes. Affronte les d\u00e9fis, traverse le tableau avec de nombreuses aventures<\/p>\n","protected":false},"featured_media":52029,"template":"","meta":[],"product_brand":[],"product_cat":[2303],"product_tag":[],"class_list":{"0":"post-52028","1":"product","2":"type-product","3":"status-publish","4":"has-post-thumbnail","6":"product_cat-jeux-de-societe","7":"pa_bax-10-fr","8":"pa_brand-d_toys-fr","9":"pa_country_of_manufacture-ro-fr","10":"pa_filter_age-3_5-fr","11":"pa_filter_age-5_7-fr","12":"pa_tip_ambalaj-boite","14":"first","15":"instock","16":"taxable","17":"shipping-taxable","18":"product-type-simple"},"yoast_head":"<!-- This site is optimized with the Yoast SEO plugin v20.1 - https:\/\/yoast.com\/wordpress\/plugins\/seo\/ -->\n<title>Double ou rien - Jeu de soci\u00e9t\u00e9 pour les enfants 4+<\/title>\n<meta name=\"description\" content=\"Double ou rien - Jeu de soci\u00e9t\u00e9 pour les enfants 4+\" \/>\n<meta name=\"robots\" content=\"index, follow, max-snippet:-1, max-image-preview:large, max-video-preview:-1\" \/>\n<link rel=\"canonical\" href=\"https:\/\/business.roovi.com\/fr\/double-ou-rien-jeu-de-societe-pour-les-enfants-4\/p\/\" \/>\n<meta property=\"og:locale\" content=\"fr_FR\" \/>\n<meta property=\"og:type\" content=\"article\" \/>\n<meta property=\"og:title\" content=\"Double ou rien - Jeu de soci\u00e9t\u00e9 pour les enfants 4+\" \/>\n<meta property=\"og:description\" content=\"Double ou rien - Jeu de soci\u00e9t\u00e9 pour les enfants 4+\" \/>\n<meta property=\"og:url\" content=\"https:\/\/business.roovi.com\/fr\/double-ou-rien-jeu-de-societe-pour-les-enfants-4\/p\/\" \/>\n<meta property=\"og:site_name\" content=\"Roovi B2B\" \/>\n<meta property=\"article:publisher\" content=\"https:\/\/www.facebook.com\/wwwjucariero\" \/>\n<meta property=\"article:modified_time\" content=\"2022-07-13T10:15:15+00:00\" \/>\n<meta property=\"og:image\" content=\"https:\/\/business.roovi.com\/wp-content\/uploads\/2019\/10\/dublu_sau_nimic-76250.jpg\" \/>\n\t<meta property=\"og:image:width\" content=\"1000\" \/>\n\t<meta property=\"og:image:height\" content=\"1000\" \/>\n\t<meta property=\"og:image:type\" content=\"image\/jpeg\" \/>\n<script type=\"application\/ld+json\" class=\"yoast-schema-graph\">{\"@context\":\"https:\/\/schema.org\",\"@graph\":[{\"@type\":\"WebPage\",\"@id\":\"https:\/\/business.roovi.com\/fr\/double-ou-rien-jeu-de-societe-pour-les-enfants-4\/p\/\",\"url\":\"https:\/\/business.roovi.com\/fr\/double-ou-rien-jeu-de-societe-pour-les-enfants-4\/p\/\",\"name\":\"Double ou rien - Jeu de soci\u00e9t\u00e9 pour les enfants 4+\",\"isPartOf\":{\"@id\":\"https:\/\/business.roovi.com\/fr\/#website\"},\"datePublished\":\"2019-10-25T08:29:36+00:00\",\"dateModified\":\"2022-07-13T10:15:15+00:00\",\"description\":\"Double ou rien - Jeu de soci\u00e9t\u00e9 pour les enfants 4+\",\"breadcrumb\":{\"@id\":\"https:\/\/business.roovi.com\/fr\/double-ou-rien-jeu-de-societe-pour-les-enfants-4\/p\/#breadcrumb\"},\"inLanguage\":\"fr-FR\",\"potentialAction\":[{\"@type\":\"ReadAction\",\"target\":[\"https:\/\/business.roovi.com\/fr\/double-ou-rien-jeu-de-societe-pour-les-enfants-4\/p\/\"]}]},{\"@type\":\"BreadcrumbList\",\"@id\":\"https:\/\/business.roovi.com\/fr\/double-ou-rien-jeu-de-societe-pour-les-enfants-4\/p\/#breadcrumb\",\"itemListElement\":[{\"@type\":\"ListItem\",\"position\":1,\"name\":\"Home\",\"item\":\"https:\/\/business.roovi.com\/fr\/\"},{\"@type\":\"ListItem\",\"position\":2,\"name\":\"Boutique\",\"item\":\"https:\/\/business.roovi.com\/fr\/boutique\/\"},{\"@type\":\"ListItem\",\"position\":3,\"name\":\"Double ou rien &#8211; Jeu de soci\u00e9t\u00e9 pour les enfants 4+\"}]},{\"@type\":\"WebSite\",\"@id\":\"https:\/\/business.roovi.com\/fr\/#website\",\"url\":\"https:\/\/business.roovi.com\/fr\/\",\"name\":\"Roovi B2B\",\"description\":\"Roovi Business Website\",\"potentialAction\":[{\"@type\":\"SearchAction\",\"target\":{\"@type\":\"EntryPoint\",\"urlTemplate\":\"https:\/\/business.roovi.com\/fr\/?s={search_term_string}\"},\"query-input\":\"required name=search_term_string\"}],\"inLanguage\":\"fr-FR\"}]}<\/script>\n<!-- \/ Yoast SEO plugin. -->","yoast_head_json":{"title":"Double ou rien - Jeu de soci\u00e9t\u00e9 pour les enfants 4+","description":"Double ou rien - Jeu de soci\u00e9t\u00e9 pour les enfants 4+","robots":{"index":"index","follow":"follow","max-snippet":"max-snippet:-1","max-image-preview":"max-image-preview:large","max-video-preview":"max-video-preview:-1"},"canonical":"https:\/\/business.roovi.com\/fr\/double-ou-rien-jeu-de-societe-pour-les-enfants-4\/p\/","og_locale":"fr_FR","og_type":"article","og_title":"Double ou rien - Jeu de soci\u00e9t\u00e9 pour les enfants 4+","og_description":"Double ou rien - Jeu de soci\u00e9t\u00e9 pour les enfants 4+","og_url":"https:\/\/business.roovi.com\/fr\/double-ou-rien-jeu-de-societe-pour-les-enfants-4\/p\/","og_site_name":"Roovi B2B","article_publisher":"https:\/\/www.facebook.com\/wwwjucariero","article_modified_time":"2022-07-13T10:15:15+00:00","og_image":[{"width":1000,"height":1000,"url":"https:\/\/business.roovi.com\/wp-content\/uploads\/2019\/10\/dublu_sau_nimic-76250.jpg","type":"image\/jpeg"}],"schema":{"@context":"https:\/\/schema.org","@graph":[{"@type":"WebPage","@id":"https:\/\/business.roovi.com\/fr\/double-ou-rien-jeu-de-societe-pour-les-enfants-4\/p\/","url":"https:\/\/business.roovi.com\/fr\/double-ou-rien-jeu-de-societe-pour-les-enfants-4\/p\/","name":"Double ou rien - Jeu de soci\u00e9t\u00e9 pour les enfants 4+","isPartOf":{"@id":"https:\/\/business.roovi.com\/fr\/#website"},"datePublished":"2019-10-25T08:29:36+00:00","dateModified":"2022-07-13T10:15:15+00:00","description":"Double ou rien - Jeu de soci\u00e9t\u00e9 pour les enfants 4+","breadcrumb":{"@id":"https:\/\/business.roovi.com\/fr\/double-ou-rien-jeu-de-societe-pour-les-enfants-4\/p\/#breadcrumb"},"inLanguage":"fr-FR","potentialAction":[{"@type":"ReadAction","target":["https:\/\/business.roovi.com\/fr\/double-ou-rien-jeu-de-societe-pour-les-enfants-4\/p\/"]}]},{"@type":"BreadcrumbList","@id":"https:\/\/business.roovi.com\/fr\/double-ou-rien-jeu-de-societe-pour-les-enfants-4\/p\/#breadcrumb","itemListElement":[{"@type":"ListItem","position":1,"name":"Home","item":"https:\/\/business.roovi.com\/fr\/"},{"@type":"ListItem","position":2,"name":"Boutique","item":"https:\/\/business.roovi.com\/fr\/boutique\/"},{"@type":"ListItem","position":3,"name":"Double ou rien &#8211; Jeu de soci\u00e9t\u00e9 pour les enfants 4+"}]},{"@type":"WebSite","@id":"https:\/\/business.roovi.com\/fr\/#website","url":"https:\/\/business.roovi.com\/fr\/","name":"Roovi B2B","description":"Roovi Business Website","potentialAction":[{"@type":"SearchAction","target":{"@type":"EntryPoint","urlTemplate":"https:\/\/business.roovi.com\/fr\/?s={search_term_string}"},"query-input":"required name=search_term_string"}],"inLanguage":"fr-FR"}]}},"_links":{"self":[{"href":"https:\/\/business.roovi.com\/fr\/wp-json\/wp\/v2\/product\/52028","targetHints":{"allow":["GET"]}}],"collection":[{"href":"https:\/\/business.roovi.com\/fr\/wp-json\/wp\/v2\/product"}],"about":[{"href":"https:\/\/business.roovi.com\/fr\/wp-json\/wp\/v2\/types\/product"}],"version-history":[{"count":0,"href":"https:\/\/business.roovi.com\/fr\/wp-json\/wp\/v2\/product\/52028\/revisions"}],"wp:featuredmedia":[{"embeddable":true,"href":"https:\/\/business.roovi.com\/fr\/wp-json\/wp\/v2\/media\/52029"}],"wp:attachment":[{"href":"https:\/\/business.roovi.com\/fr\/wp-json\/wp\/v2\/media?parent=52028"}],"wp:term":[{"taxonomy":"product_brand","embeddable":true,"href":"https:\/\/business.roovi.com\/fr\/wp-json\/wp\/v2\/product_brand?post=52028"},{"taxonomy":"product_cat","embeddable":true,"href":"https:\/\/business.roovi.com\/fr\/wp-json\/wp\/v2\/product_cat?post=52028"},{"taxonomy":"product_tag","embeddable":true,"href":"https:\/\/business.roovi.com\/fr\/wp-json\/wp\/v2\/product_tag?post=52028"}],"curies":[{"name":"wp","href":"https:\/\/api.w.org\/{rel}","templated":true}]}}